{"id":8465,"date":"2022-09-27T20:13:08","date_gmt":"2022-09-27T20:13:08","guid":{"rendered":"https:\/\/boutique-one-piece.com\/uncategorized\/avis-de-recherche-one-piece-kaido-wanted\/"},"modified":"2024-09-16T11:19:26","modified_gmt":"2024-09-16T11:19:26","slug":"onsket-varsel-one-piece-kaido-onsket","status":"publish","type":"product","link":"https:\/\/boutique-one-piece.com\/da\/one-piece-dekorationer\/onsket-varsel-one-piece-kaido-onsket\/","title":{"rendered":"Kaido \u00f8nskede besked"},"content":{"rendered":"<h2>Hvis du kan lide pirater med uhyrlig styrke, s\u00e5 pr\u00f8v denne Kaido Wanted-plakat.<\/h2>\n<p>Kaido er en <strong>kejser<\/strong> af den Nye Verden, hvilket g\u00f8r ham til en af de st\u00e6rkeste og mest frygtede pirater i verden. Han er kendt som <strong>det mest magtfulde b\u00e6st<\/strong> i denne verden.<\/p>\n<p>Kaido s\u00f8ger efter en m\u00e5de at d\u00f8 p\u00e5; det er v\u00e6rd at bem\u00e6rke, at han er blevet d\u00f8mt til henrettelse adskillige gange uden nogensinde at d\u00f8. F\u00f8rste gang vi ser ham, kaster han sig fra en himmel\u00f8 (10 km over Jorden), fordi Whitebeard r\u00e5dede ham til at pr\u00f8ve dette som et middel til selvmord. Han lander ved Eustass Kid&#039;s hovedkvarter og besejrer ham hurtigt, hvorefter han tager ham og hans bes\u00e6tning til fange.<\/p>\n<h3>Lad dig ikke skr\u00e6mme af den enorme dus\u00f8r p\u00e5 Kaidos efterlysningsplakat.<\/h3>\n<p>Kaido k\u00e6mper med en spids k\u00f8lle, en <strong>Kanabo<\/strong> Gigantisk. Han er den, der hersker over Wano-landet sammen med Orochi, og han vil v\u00e6re den vigtigste antagonist i Wano-landets historie. Han spiste dj\u00e6vlefrugten fra... <strong>Uo Uo, nej, jeg<\/strong> som er en urgammel zoan, der giver ham mulighed for at forvandle sig til en drage. Dus\u00f8ren p\u00e5 Kaidos hoved er 4.611.100.000 b\u00e6r.<\/p>\n<p>Hvis du br\u00e6nder for store pengesummer, s\u00e5 er dette <a href=\"https:\/\/boutique-one-piece.com\/da\/one-piece-plakat-efterlyst-charlotte-linlin\/\" target=\"_blank\" title=\"Charlotte Linlin \u00f8nskede\" rel=\"noopener noreferrer\">Charlotte Linlins efterlysning<\/a> G\u00e5 og fork\u00e6l dig selv.<\/p>\n<h2>Information om One Piece Wanted: Kaido of the Hundred Beasts-plakaten<\/h2>\n<ul>\n<li><span><b><u>One Piece Wanted-plakat<\/u><\/b>\u00a0En \u00e6gte One Piece-efterlysningsplakat til \u00e6gte pirater<\/span><\/li>\n<\/ul>\n<ul>\n<li>\n<b><u>Kaidos dus\u00f8r<\/u><\/b>\u00a04.611.100.000 b\u00e6r<\/li>\n<\/ul>\n<ul>\n<li><span><strong>Udskrivning i h\u00f8j kvalitet<\/strong>\u00a0pr\u00e6cise farver<\/span><\/li>\n<\/ul>\n<ul>\n<li>\n<strong>Dimension<\/strong>\u00a0: 30 cm x 21 cm og 42 cm x 30 cm<\/li>\n<\/ul>\n<ul>\n<li><span><strong>GRATIS LEVERING<\/strong><\/span><\/li>\n<\/ul>\n<div id=\"gtx-trans\" style=\"position: absolute; left: 673px; top: 49px;\">\n<div class=\"gtx-trans-icon\"><\/div>\n<\/div>","protected":false},"excerpt":{"rendered":"<p>Si tu aimes les pirates \u00e0 la force monstrueuse, laisse-toi tenter par cet Avis de Recherche Kaido Wanted. Kaido est un empereur du Nouveau Monde, ce qui en fait un des pirates les plus forts du monde et les plus craints. Il est connu comme la b\u00eate la plus puissante en ce monde. Kaido est [&hellip;]<\/p>","protected":false},"featured_media":8467,"comment_status":"open","ping_status":"open","template":"","meta":[],"product_brand":[],"product_cat":[171,150],"product_tag":[],"class_list":{"0":"post-8465","1":"product","2":"type-product","3":"status-publish","4":"has-post-thumbnail","6":"product_cat-avis-de-recherche-one-piece","7":"product_cat-decorations-one-piece","9":"first","10":"instock","11":"purchasable","12":"product-type-variable","13":"has-default-attributes"},"yoast_head":"<!-- This site is optimized with the Yoast SEO plugin v27.5 - https:\/\/yoast.com\/product\/yoast-seo-wordpress\/ -->\n<title>Avis de Recherche One Piece Kaido Wanted | D\u00e9coration One Piece \u2013 Boutique One Piece<\/title>\n<meta name=\"description\" content=\"Si tu aimes les pirates \u00e0 la force monstrueuse, laisse-toi tenter par cet Avis de Recherche Kaido Wanted. Kaido est un empereur du Nouveau Monde, ce qui en fait un des pirates les plus forts du monde et les plus craints. Il est connu comme la b\u00eate la plus puissante en ce monde. Kaido est \u00e0 la recherche d&#039;une mani\u00e8re de\" \/>\n<meta name=\"robots\" content=\"index, follow, max-snippet:-1, max-image-preview:large, max-video-preview:-1\" \/>\n<link rel=\"canonical\" href=\"https:\/\/boutique-one-piece.com\/da\/one-piece-efterlysningsplakat\/onsket-varsel-one-piece-kaido-onsket\/\" \/>\n<meta property=\"og:locale\" content=\"da_DK\" \/>\n<meta property=\"og:type\" content=\"article\" \/>\n<meta property=\"og:title\" content=\"Avis de Recherche One Piece Kaido Wanted | D\u00e9coration One Piece \u2013 Boutique One Piece\" \/>\n<meta property=\"og:description\" content=\"Si tu aimes les pirates \u00e0 la force monstrueuse, laisse-toi tenter par cet Avis de Recherche Kaido Wanted. Kaido est un empereur du Nouveau Monde, ce qui en fait un des pirates les plus forts du monde et les plus craints. Il est connu comme la b\u00eate la plus puissante en ce monde. Kaido est \u00e0 la recherche d&#039;une mani\u00e8re de\" \/>\n<meta property=\"og:url\" content=\"https:\/\/boutique-one-piece.com\/da\/one-piece-efterlysningsplakat\/onsket-varsel-one-piece-kaido-onsket\/\" \/>\n<meta property=\"og:site_name\" content=\"Boutique One Piece\" \/>\n<meta property=\"article:modified_time\" content=\"2024-09-16T11:19:26+00:00\" \/>\n<meta property=\"og:image\" content=\"https:\/\/boutique-one-piece.com\/wp-content\/uploads\/2022\/09\/Avis-de-Recherche-Kaido-Wanted.jpg\" \/>\n\t<meta property=\"og:image:width\" content=\"800\" \/>\n\t<meta property=\"og:image:height\" content=\"800\" \/>\n\t<meta property=\"og:image:type\" content=\"image\/jpeg\" \/>\n<meta name=\"twitter:card\" content=\"summary_large_image\" \/>\n<meta name=\"twitter:label1\" content=\"Estimeret l\u00e6setid\" \/>\n\t<meta name=\"twitter:data1\" content=\"1 minut\" \/>\n<script type=\"application\/ld+json\" class=\"yoast-schema-graph\">{\"@context\":\"https:\\\/\\\/schema.org\",\"@graph\":[{\"@type\":\"WebPage\",\"@id\":\"https:\\\/\\\/boutique-one-piece.com\\\/avis-de-recherche-one-piece\\\/avis-de-recherche-one-piece-kaido-wanted\\\/\",\"url\":\"https:\\\/\\\/boutique-one-piece.com\\\/avis-de-recherche-one-piece\\\/avis-de-recherche-one-piece-kaido-wanted\\\/\",\"name\":\"Avis de Recherche One Piece Kaido Wanted | D\u00e9coration One Piece \u2013 Boutique One Piece\",\"isPartOf\":{\"@id\":\"https:\\\/\\\/boutique-one-piece.com\\\/#website\"},\"primaryImageOfPage\":{\"@id\":\"https:\\\/\\\/boutique-one-piece.com\\\/avis-de-recherche-one-piece\\\/avis-de-recherche-one-piece-kaido-wanted\\\/#primaryimage\"},\"image\":{\"@id\":\"https:\\\/\\\/boutique-one-piece.com\\\/avis-de-recherche-one-piece\\\/avis-de-recherche-one-piece-kaido-wanted\\\/#primaryimage\"},\"thumbnailUrl\":\"https:\\\/\\\/boutique-one-piece.com\\\/wp-content\\\/uploads\\\/2022\\\/09\\\/Avis-de-Recherche-Kaido-Wanted.jpg\",\"datePublished\":\"2022-09-27T20:13:08+00:00\",\"dateModified\":\"2024-09-16T11:19:26+00:00\",\"description\":\"Si tu aimes les pirates \u00e0 la force monstrueuse, laisse-toi tenter par cet Avis de Recherche Kaido Wanted. Kaido est un empereur du Nouveau Monde, ce qui en fait un des pirates les plus forts du monde et les plus craints. Il est connu comme la b\u00eate la plus puissante en ce monde. Kaido est \u00e0 la recherche d'une mani\u00e8re de\",\"breadcrumb\":{\"@id\":\"https:\\\/\\\/boutique-one-piece.com\\\/avis-de-recherche-one-piece\\\/avis-de-recherche-one-piece-kaido-wanted\\\/#breadcrumb\"},\"inLanguage\":\"da-DK\",\"potentialAction\":[{\"@type\":\"ReadAction\",\"target\":[\"https:\\\/\\\/boutique-one-piece.com\\\/avis-de-recherche-one-piece\\\/avis-de-recherche-one-piece-kaido-wanted\\\/\"]}]},{\"@type\":\"ImageObject\",\"inLanguage\":\"da-DK\",\"@id\":\"https:\\\/\\\/boutique-one-piece.com\\\/avis-de-recherche-one-piece\\\/avis-de-recherche-one-piece-kaido-wanted\\\/#primaryimage\",\"url\":\"https:\\\/\\\/boutique-one-piece.com\\\/wp-content\\\/uploads\\\/2022\\\/09\\\/Avis-de-Recherche-Kaido-Wanted.jpg\",\"contentUrl\":\"https:\\\/\\\/boutique-one-piece.com\\\/wp-content\\\/uploads\\\/2022\\\/09\\\/Avis-de-Recherche-Kaido-Wanted.jpg\",\"width\":800,\"height\":800,\"caption\":\"Avis de Recherche Kaido Wanted 42 x 30 cm\"},{\"@type\":\"BreadcrumbList\",\"@id\":\"https:\\\/\\\/boutique-one-piece.com\\\/avis-de-recherche-one-piece\\\/avis-de-recherche-one-piece-kaido-wanted\\\/#breadcrumb\",\"itemListElement\":[{\"@type\":\"ListItem\",\"position\":1,\"name\":\"Home\",\"item\":\"https:\\\/\\\/boutique-one-piece.com\\\/\"},{\"@type\":\"ListItem\",\"position\":2,\"name\":\"Shop\",\"item\":\"https:\\\/\\\/boutique-one-piece.com\\\/shop\\\/\"},{\"@type\":\"ListItem\",\"position\":3,\"name\":\"Avis de Recherche Kaido Wanted\"}]},{\"@type\":\"WebSite\",\"@id\":\"https:\\\/\\\/boutique-one-piece.com\\\/#website\",\"url\":\"https:\\\/\\\/boutique-one-piece.com\\\/\",\"name\":\"Boutique One Piece\",\"description\":\"Magasin Sp\u00e9cialis\u00e9 du Manga et l&#039;Anime One Piece\",\"publisher\":{\"@id\":\"https:\\\/\\\/boutique-one-piece.com\\\/#organization\"},\"potentialAction\":[{\"@type\":\"SearchAction\",\"target\":{\"@type\":\"EntryPoint\",\"urlTemplate\":\"https:\\\/\\\/boutique-one-piece.com\\\/?s={search_term_string}\"},\"query-input\":{\"@type\":\"PropertyValueSpecification\",\"valueRequired\":true,\"valueName\":\"search_term_string\"}}],\"inLanguage\":\"da-DK\"},{\"@type\":\"Organization\",\"@id\":\"https:\\\/\\\/boutique-one-piece.com\\\/#organization\",\"name\":\"Boutique One Piece\",\"url\":\"https:\\\/\\\/boutique-one-piece.com\\\/\",\"logo\":{\"@type\":\"ImageObject\",\"inLanguage\":\"da-DK\",\"@id\":\"https:\\\/\\\/boutique-one-piece.com\\\/#\\\/schema\\\/logo\\\/image\\\/\",\"url\":\"https:\\\/\\\/boutique-one-piece.com\\\/wp-content\\\/uploads\\\/2022\\\/09\\\/Logo-01.png\",\"contentUrl\":\"https:\\\/\\\/boutique-one-piece.com\\\/wp-content\\\/uploads\\\/2022\\\/09\\\/Logo-01.png\",\"width\":2318,\"height\":957,\"caption\":\"Boutique One Piece\"},\"image\":{\"@id\":\"https:\\\/\\\/boutique-one-piece.com\\\/#\\\/schema\\\/logo\\\/image\\\/\"}}]}<\/script>\n<!-- \/ Yoast SEO plugin. -->","yoast_head_json":{"title":"One Piece Wanted-plakat: Kaido Wanted | One Piece-dekorationer \u2013 One Piece Shop","description":"Hvis du elsker pirater med uhyrlig styrke, s\u00e5 er denne Kaido Wanted-plakat noget for dig. Kaido er en kejser af den Nye Verden, hvilket g\u00f8r ham til en af de st\u00e6rkeste og mest frygtede pirater i verden. Han er kendt som det mest magtfulde b\u00e6st i denne verden. Kaido leder efter en m\u00e5de at ...","robots":{"index":"index","follow":"follow","max-snippet":"max-snippet:-1","max-image-preview":"max-image-preview:large","max-video-preview":"max-video-preview:-1"},"canonical":"https:\/\/boutique-one-piece.com\/da\/one-piece-efterlysningsplakat\/onsket-varsel-one-piece-kaido-onsket\/","og_locale":"da_DK","og_type":"article","og_title":"Avis de Recherche One Piece Kaido Wanted | D\u00e9coration One Piece \u2013 Boutique One Piece","og_description":"Si tu aimes les pirates \u00e0 la force monstrueuse, laisse-toi tenter par cet Avis de Recherche Kaido Wanted. Kaido est un empereur du Nouveau Monde, ce qui en fait un des pirates les plus forts du monde et les plus craints. Il est connu comme la b\u00eate la plus puissante en ce monde. Kaido est \u00e0 la recherche d'une mani\u00e8re de","og_url":"https:\/\/boutique-one-piece.com\/da\/one-piece-efterlysningsplakat\/onsket-varsel-one-piece-kaido-onsket\/","og_site_name":"Boutique One Piece","article_modified_time":"2024-09-16T11:19:26+00:00","og_image":[{"width":800,"height":800,"url":"https:\/\/boutique-one-piece.com\/wp-content\/uploads\/2022\/09\/Avis-de-Recherche-Kaido-Wanted.jpg","type":"image\/jpeg"}],"twitter_card":"summary_large_image","twitter_misc":{"Estimeret l\u00e6setid":"1 minut"},"schema":{"@context":"https:\/\/schema.org","@graph":[{"@type":"WebPage","@id":"https:\/\/boutique-one-piece.com\/avis-de-recherche-one-piece\/avis-de-recherche-one-piece-kaido-wanted\/","url":"https:\/\/boutique-one-piece.com\/avis-de-recherche-one-piece\/avis-de-recherche-one-piece-kaido-wanted\/","name":"One Piece Wanted-plakat: Kaido Wanted | One Piece-dekorationer \u2013 One Piece Shop","isPartOf":{"@id":"https:\/\/boutique-one-piece.com\/#website"},"primaryImageOfPage":{"@id":"https:\/\/boutique-one-piece.com\/avis-de-recherche-one-piece\/avis-de-recherche-one-piece-kaido-wanted\/#primaryimage"},"image":{"@id":"https:\/\/boutique-one-piece.com\/avis-de-recherche-one-piece\/avis-de-recherche-one-piece-kaido-wanted\/#primaryimage"},"thumbnailUrl":"https:\/\/boutique-one-piece.com\/wp-content\/uploads\/2022\/09\/Avis-de-Recherche-Kaido-Wanted.jpg","datePublished":"2022-09-27T20:13:08+00:00","dateModified":"2024-09-16T11:19:26+00:00","description":"Hvis du elsker pirater med uhyrlig styrke, s\u00e5 er denne Kaido Wanted-plakat noget for dig. Kaido er en kejser af den Nye Verden, hvilket g\u00f8r ham til en af de st\u00e6rkeste og mest frygtede pirater i verden. Han er kendt som det mest magtfulde b\u00e6st i denne verden. Kaido leder efter en m\u00e5de at ...","breadcrumb":{"@id":"https:\/\/boutique-one-piece.com\/avis-de-recherche-one-piece\/avis-de-recherche-one-piece-kaido-wanted\/#breadcrumb"},"inLanguage":"da-DK","potentialAction":[{"@type":"ReadAction","target":["https:\/\/boutique-one-piece.com\/avis-de-recherche-one-piece\/avis-de-recherche-one-piece-kaido-wanted\/"]}]},{"@type":"ImageObject","inLanguage":"da-DK","@id":"https:\/\/boutique-one-piece.com\/avis-de-recherche-one-piece\/avis-de-recherche-one-piece-kaido-wanted\/#primaryimage","url":"https:\/\/boutique-one-piece.com\/wp-content\/uploads\/2022\/09\/Avis-de-Recherche-Kaido-Wanted.jpg","contentUrl":"https:\/\/boutique-one-piece.com\/wp-content\/uploads\/2022\/09\/Avis-de-Recherche-Kaido-Wanted.jpg","width":800,"height":800,"caption":"Avis de Recherche Kaido Wanted 42 x 30 cm"},{"@type":"BreadcrumbList","@id":"https:\/\/boutique-one-piece.com\/avis-de-recherche-one-piece\/avis-de-recherche-one-piece-kaido-wanted\/#breadcrumb","itemListElement":[{"@type":"ListItem","position":1,"name":"Home","item":"https:\/\/boutique-one-piece.com\/"},{"@type":"ListItem","position":2,"name":"Shop","item":"https:\/\/boutique-one-piece.com\/shop\/"},{"@type":"ListItem","position":3,"name":"Avis de Recherche Kaido Wanted"}]},{"@type":"WebSite","@id":"https:\/\/boutique-one-piece.com\/#website","url":"https:\/\/boutique-one-piece.com\/","name":"One Piece Shop","description":"Specialbutik for One Piece Manga og Anime","publisher":{"@id":"https:\/\/boutique-one-piece.com\/#organization"},"potentialAction":[{"@type":"SearchAction","target":{"@type":"EntryPoint","urlTemplate":"https:\/\/boutique-one-piece.com\/?s={search_term_string}"},"query-input":{"@type":"PropertyValueSpecification","valueRequired":true,"valueName":"search_term_string"}}],"inLanguage":"da-DK"},{"@type":"Organization","@id":"https:\/\/boutique-one-piece.com\/#organization","name":"One Piece Shop","url":"https:\/\/boutique-one-piece.com\/","logo":{"@type":"ImageObject","inLanguage":"da-DK","@id":"https:\/\/boutique-one-piece.com\/#\/schema\/logo\/image\/","url":"https:\/\/boutique-one-piece.com\/wp-content\/uploads\/2022\/09\/Logo-01.png","contentUrl":"https:\/\/boutique-one-piece.com\/wp-content\/uploads\/2022\/09\/Logo-01.png","width":2318,"height":957,"caption":"Boutique One Piece"},"image":{"@id":"https:\/\/boutique-one-piece.com\/#\/schema\/logo\/image\/"}}]}},"_links":{"self":[{"href":"https:\/\/boutique-one-piece.com\/da\/wp-json\/wp\/v2\/product\/8465","targetHints":{"allow":["GET"]}}],"collection":[{"href":"https:\/\/boutique-one-piece.com\/da\/wp-json\/wp\/v2\/product"}],"about":[{"href":"https:\/\/boutique-one-piece.com\/da\/wp-json\/wp\/v2\/types\/product"}],"replies":[{"embeddable":true,"href":"https:\/\/boutique-one-piece.com\/da\/wp-json\/wp\/v2\/comments?post=8465"}],"wp:featuredmedia":[{"embeddable":true,"href":"https:\/\/boutique-one-piece.com\/da\/wp-json\/wp\/v2\/media\/8467"}],"wp:attachment":[{"href":"https:\/\/boutique-one-piece.com\/da\/wp-json\/wp\/v2\/media?parent=8465"}],"wp:term":[{"taxonomy":"product_brand","embeddable":true,"href":"https:\/\/boutique-one-piece.com\/da\/wp-json\/wp\/v2\/product_brand?post=8465"},{"taxonomy":"product_cat","embeddable":true,"href":"https:\/\/boutique-one-piece.com\/da\/wp-json\/wp\/v2\/product_cat?post=8465"},{"taxonomy":"product_tag","embeddable":true,"href":"https:\/\/boutique-one-piece.com\/da\/wp-json\/wp\/v2\/product_tag?post=8465"}],"curies":[{"name":"wp","href":"https:\/\/api.w.org\/{rel}","templated":true}]}}