{"id":8548,"date":"2022-09-27T20:13:30","date_gmt":"2022-09-27T20:13:30","guid":{"rendered":"https:\/\/boutique-one-piece.com\/uncategorized\/puzzle-1000-pieeces-one-piece-barbe-blanche-en-famille\/"},"modified":"2025-01-02T10:15:37","modified_gmt":"2025-01-02T10:15:37","slug":"1000-brikkers-one-piece-whitebeard-puslespil-til-familien","status":"publish","type":"product","link":"https:\/\/boutique-one-piece.com\/da\/one-piece-puslespil\/1000-brikkers-one-piece-whitebeard-puslespil-til-familien\/","title":{"rendered":"One Piece Whitebeard 1000-brikkers familiepuslespil"},"content":{"rendered":"<h2><b>Trykt puslespil med 1000 brikker forestillet Hvidsk\u00e6g, der drikker sake med sin familie.,\u00a0<\/b>Et superspil for en pirat som dig!<\/h2>\n<p>Hvis du er en\u00a0<strong>rigtig pirat<\/strong>,\u00a0<strong>lidt<\/strong>\u00a0Eller\u00a0<strong>stor<\/strong>,Du vil s\u00e6tte pris p\u00e5\u00a0<strong>kvalitet<\/strong>\u00a0af\u00a0<strong>tr\u00e6stykker<\/strong>, af\u00a0<strong>maling<\/strong>\u00a0Og\u00a0<strong>3D-printning<\/strong>\u00a0af dette\u00a0<strong>One Piece 1000 Brikker Puslespil<\/strong>\u00a0Men vigtigst af alt, med dette puslespil, vil du v\u00e6re en del af\u00a0<strong>fanholdet<\/strong>\u00a0af\u00a0<strong>piratmanga<\/strong>\u00a0og du vil f\u00e5:<\/p>\n<ul>\n<li>\u00a0<strong>Beundring<\/strong>\u00a0af alle fans af\u00a0<strong>mugiwara<\/strong>\u00a0som du vil invitere til at spille i dit hus<\/li>\n<\/ul>\n<ul>\n<li>En \u00e6gte\u00a0<strong>trykt puslespil<\/strong>\u00a0med hvilket du kan<strong>\u00a0have det sjovt<\/strong>\u00a0at samle alle brikkerne til<strong>\u00a0afsl\u00f8re<\/strong>\u00a0<strong>Hvidsk\u00e6g<\/strong><\/li>\n<\/ul>\n<p>S\u00e5, klar til\u00a0<strong>spil<\/strong>\u00a0med et spil\u00a0<strong>\u00c9t stykke<\/strong>\u00a0?<\/p>\n<h2>Er du fan af One Piece manga eller anime? Vis det med dette One Piece 1000-brikke puslespil!<\/h2>\n<p>Hvis du\u00a0<strong>l\u00e6se<\/strong>\u00a0eller hvor end du kigger hen\u00a0<strong>animeen\u00a0<\/strong><strong>Japansk<\/strong>, Der er en god chance for, at du er blevet\u00a0<strong>vild med One Piece<\/strong>\u00a0Med dette!\u00a0<strong>1000-brikkers puslespil med Whitebeard-familien<\/strong>, slutte sig til\u2019<strong>en gruppe fans af franchisen<\/strong><\/p>\n<h2><strong>Oplysninger om puslespil:<\/strong><\/h2>\n<ul>\n<li><strong>Trykt puslespil i h\u00f8j kvalitet\u00a0<\/strong>Stykkerne er lavet af tr\u00e6.<\/li>\n<\/ul>\n<ul>\n<li><strong>Ultra Design Puslespil<\/strong>\u00a0Dette puslespil med 1000 brikker er helt fantastisk, n\u00e5r det er f\u00e6rdigt.\u00a0<strong>f\u00e6rdig<\/strong>\u00a0du kan bruge den som\u00a0<strong>maleri<\/strong>, Fans kan ikke lade v\u00e6re med at elske det<\/li>\n<\/ul>\n<ul>\n<li><strong>Farve og trykning\u00a0<\/strong>One Piece-puslespil med print\u00a0<strong>L\u00e6rred<\/strong>\u00a0benchmarken inden for trykning<\/li>\n<\/ul>\n<ul>\n<li><strong>Mellem sv\u00e6rhedsgrad<\/strong>\u00a0: perfekt egnet til b\u00f8rn fra\u00a0<strong>6 \u00e5r<\/strong>. F\u00f8r den alder,\u00a0<strong>overv\u00e5gning<\/strong>\u00a0af en\u00a0<strong>voksen<\/strong>\u00a0\u00d8st\u00a0<strong>anbefalet<\/strong><\/li>\n<\/ul>\n<ul>\n<li><strong>For b\u00f8rn og voksne<\/strong>\u00a0Dette er en god mulighed for at g\u00f8re en\u00a0<strong>sjov aktivitet<\/strong>\u00a0Og\u00a0<strong>sp\u00e6ndende<\/strong>\u00a0med din\u00a0<strong>barn<\/strong>\u00a0eller med din\u00a0<strong>for\u00e6ldre<\/strong><\/li>\n<\/ul>\n<ul>\n<li><strong>Dimension\u00a0<\/strong>h\u00f8jde\u00a0<strong>50 cm<\/strong>, bredde\u00a0<strong>70 cm<\/strong>, tykkelse\u00a0<strong>2 mm<\/strong><\/li>\n<\/ul>\n<ul>\n<li><strong>Gratis levering\u00a0<\/strong>for ethvert k\u00f8b<\/li>\n<\/ul>\n<h2><b><img fetchpriority=\"high\" decoding=\"async\" src=\"https:\/\/cdn.shopify.com\/s\/files\/1\/0087\/7556\/5348\/files\/puzzle_one_piece_1000_pieces_en_bois_large.jpg?v=1561382263\" alt=\"One Piece tr\u00e6spil\" width=\"287\" height=\"283\" \/><\/b><\/h2>","protected":false},"excerpt":{"rendered":"<p>One Piece 1000-brikkers puslespil med Hvidsk\u00e6g, der drikker sake med sin familie \u2013 et fantastisk spil for en pirat som dig! Hvis du er en sand pirat, ung eller gammel, vil du s\u00e6tte pris p\u00e5 kvaliteten af tr\u00e6brikkerne, malingen og 3D-printningen af dette One Piece-puslespil med 1000 brikker! Men vigtigst af alt, med dette puslespil bliver du en del af fanskaren af piratmangaen, og du vil opn\u00e5: Beundring fra [\u2026]<\/p>","protected":false},"featured_media":8550,"comment_status":"open","ping_status":"open","template":"","meta":[],"product_brand":[],"product_cat":[197],"product_tag":[176,199,210,203],"class_list":{"0":"post-8548","1":"product","2":"type-product","3":"status-publish","4":"has-post-thumbnail","6":"product_cat-puzzles-one-piece","7":"product_tag-ace","8":"product_tag-barbe-blanche","9":"product_tag-marco","10":"product_tag-puzzle-1000-pieces","12":"first","13":"instock","14":"purchasable","15":"product-type-simple"},"yoast_head":"<!-- This site is optimized with the Yoast SEO plugin v27.5 - https:\/\/yoast.com\/product\/yoast-seo-wordpress\/ -->\n<title>Puzzle 1000 Pi\u00e8eces One Piece Barbe Blanche En Famille \u2013 Boutique One Piece<\/title>\n<meta name=\"description\" content=\"Puzzle Imprim\u00e9 1000 Pi\u00e8ces One Piece avec Barbe Blanche Qui Boit du Sak\u00e9 avec sa Famille Jeux Puzzle Imrpim\u00e9 Sur Bois de Tr\u00e8s Haute Qualit\u00e9 pour Petit et Grand\" \/>\n<meta name=\"robots\" content=\"index, follow, max-snippet:-1, max-image-preview:large, max-video-preview:-1\" \/>\n<link rel=\"canonical\" href=\"https:\/\/boutique-one-piece.com\/da\/one-piece-puslespil\/1000-brikkers-one-piece-whitebeard-puslespil-til-familien\/\" \/>\n<meta property=\"og:locale\" content=\"da_DK\" \/>\n<meta property=\"og:type\" content=\"article\" \/>\n<meta property=\"og:title\" content=\"Puzzle 1000 Pi\u00e8eces One Piece Barbe Blanche En Famille \u2013 Boutique One Piece\" \/>\n<meta property=\"og:description\" content=\"Puzzle Imprim\u00e9 1000 Pi\u00e8ces One Piece avec Barbe Blanche Qui Boit du Sak\u00e9 avec sa Famille Jeux Puzzle Imrpim\u00e9 Sur Bois de Tr\u00e8s Haute Qualit\u00e9 pour Petit et Grand\" \/>\n<meta property=\"og:url\" content=\"https:\/\/boutique-one-piece.com\/da\/one-piece-puslespil\/1000-brikkers-one-piece-whitebeard-puslespil-til-familien\/\" \/>\n<meta property=\"og:site_name\" content=\"Boutique One Piece\" \/>\n<meta property=\"article:modified_time\" content=\"2025-01-02T10:15:37+00:00\" \/>\n<meta property=\"og:image\" content=\"https:\/\/boutique-one-piece.com\/wp-content\/uploads\/2022\/09\/Puzzle-1000-Pieeces-One-Piece-Barbe-Blanche-En-Famille-1.jpg\" \/>\n\t<meta property=\"og:image:width\" content=\"599\" \/>\n\t<meta property=\"og:image:height\" content=\"399\" \/>\n\t<meta property=\"og:image:type\" content=\"image\/jpeg\" \/>\n<meta name=\"twitter:card\" content=\"summary_large_image\" \/>\n<meta name=\"twitter:label1\" content=\"Estimeret l\u00e6setid\" \/>\n\t<meta name=\"twitter:data1\" content=\"2 minutter\" \/>\n<script type=\"application\/ld+json\" class=\"yoast-schema-graph\">{\"@context\":\"https:\\\/\\\/schema.org\",\"@graph\":[{\"@type\":\"WebPage\",\"@id\":\"https:\\\/\\\/boutique-one-piece.com\\\/puzzles-one-piece\\\/puzzle-1000-pieeces-one-piece-barbe-blanche-en-famille\\\/\",\"url\":\"https:\\\/\\\/boutique-one-piece.com\\\/puzzles-one-piece\\\/puzzle-1000-pieeces-one-piece-barbe-blanche-en-famille\\\/\",\"name\":\"Puzzle 1000 Pi\u00e8eces One Piece Barbe Blanche En Famille \u2013 Boutique One Piece\",\"isPartOf\":{\"@id\":\"https:\\\/\\\/boutique-one-piece.com\\\/#website\"},\"primaryImageOfPage\":{\"@id\":\"https:\\\/\\\/boutique-one-piece.com\\\/puzzles-one-piece\\\/puzzle-1000-pieeces-one-piece-barbe-blanche-en-famille\\\/#primaryimage\"},\"image\":{\"@id\":\"https:\\\/\\\/boutique-one-piece.com\\\/puzzles-one-piece\\\/puzzle-1000-pieeces-one-piece-barbe-blanche-en-famille\\\/#primaryimage\"},\"thumbnailUrl\":\"https:\\\/\\\/boutique-one-piece.com\\\/wp-content\\\/uploads\\\/2022\\\/09\\\/Puzzle-1000-Pieeces-One-Piece-Barbe-Blanche-En-Famille-1.jpg\",\"datePublished\":\"2022-09-27T20:13:30+00:00\",\"dateModified\":\"2025-01-02T10:15:37+00:00\",\"description\":\"Puzzle Imprim\u00e9 1000 Pi\u00e8ces One Piece avec Barbe Blanche Qui Boit du Sak\u00e9 avec sa Famille Jeux Puzzle Imrpim\u00e9 Sur Bois de Tr\u00e8s Haute Qualit\u00e9 pour Petit et Grand\",\"breadcrumb\":{\"@id\":\"https:\\\/\\\/boutique-one-piece.com\\\/puzzles-one-piece\\\/puzzle-1000-pieeces-one-piece-barbe-blanche-en-famille\\\/#breadcrumb\"},\"inLanguage\":\"da-DK\",\"potentialAction\":[{\"@type\":\"ReadAction\",\"target\":[\"https:\\\/\\\/boutique-one-piece.com\\\/puzzles-one-piece\\\/puzzle-1000-pieeces-one-piece-barbe-blanche-en-famille\\\/\"]}]},{\"@type\":\"ImageObject\",\"inLanguage\":\"da-DK\",\"@id\":\"https:\\\/\\\/boutique-one-piece.com\\\/puzzles-one-piece\\\/puzzle-1000-pieeces-one-piece-barbe-blanche-en-famille\\\/#primaryimage\",\"url\":\"https:\\\/\\\/boutique-one-piece.com\\\/wp-content\\\/uploads\\\/2022\\\/09\\\/Puzzle-1000-Pieeces-One-Piece-Barbe-Blanche-En-Famille-1.jpg\",\"contentUrl\":\"https:\\\/\\\/boutique-one-piece.com\\\/wp-content\\\/uploads\\\/2022\\\/09\\\/Puzzle-1000-Pieeces-One-Piece-Barbe-Blanche-En-Famille-1.jpg\",\"width\":599,\"height\":399},{\"@type\":\"BreadcrumbList\",\"@id\":\"https:\\\/\\\/boutique-one-piece.com\\\/puzzles-one-piece\\\/puzzle-1000-pieeces-one-piece-barbe-blanche-en-famille\\\/#breadcrumb\",\"itemListElement\":[{\"@type\":\"ListItem\",\"position\":1,\"name\":\"Home\",\"item\":\"https:\\\/\\\/boutique-one-piece.com\\\/\"},{\"@type\":\"ListItem\",\"position\":2,\"name\":\"Shop\",\"item\":\"https:\\\/\\\/boutique-one-piece.com\\\/shop\\\/\"},{\"@type\":\"ListItem\",\"position\":3,\"name\":\"Puzzle 1000 Pi\u00e8eces One Piece Barbe Blanche En Famille\"}]},{\"@type\":\"WebSite\",\"@id\":\"https:\\\/\\\/boutique-one-piece.com\\\/#website\",\"url\":\"https:\\\/\\\/boutique-one-piece.com\\\/\",\"name\":\"Boutique One Piece\",\"description\":\"Magasin Sp\u00e9cialis\u00e9 du Manga et l&#039;Anime One Piece\",\"publisher\":{\"@id\":\"https:\\\/\\\/boutique-one-piece.com\\\/#organization\"},\"potentialAction\":[{\"@type\":\"SearchAction\",\"target\":{\"@type\":\"EntryPoint\",\"urlTemplate\":\"https:\\\/\\\/boutique-one-piece.com\\\/?s={search_term_string}\"},\"query-input\":{\"@type\":\"PropertyValueSpecification\",\"valueRequired\":true,\"valueName\":\"search_term_string\"}}],\"inLanguage\":\"da-DK\"},{\"@type\":\"Organization\",\"@id\":\"https:\\\/\\\/boutique-one-piece.com\\\/#organization\",\"name\":\"Boutique One Piece\",\"url\":\"https:\\\/\\\/boutique-one-piece.com\\\/\",\"logo\":{\"@type\":\"ImageObject\",\"inLanguage\":\"da-DK\",\"@id\":\"https:\\\/\\\/boutique-one-piece.com\\\/#\\\/schema\\\/logo\\\/image\\\/\",\"url\":\"https:\\\/\\\/boutique-one-piece.com\\\/wp-content\\\/uploads\\\/2022\\\/09\\\/Logo-01.png\",\"contentUrl\":\"https:\\\/\\\/boutique-one-piece.com\\\/wp-content\\\/uploads\\\/2022\\\/09\\\/Logo-01.png\",\"width\":2318,\"height\":957,\"caption\":\"Boutique One Piece\"},\"image\":{\"@id\":\"https:\\\/\\\/boutique-one-piece.com\\\/#\\\/schema\\\/logo\\\/image\\\/\"}}]}<\/script>\n<!-- \/ Yoast SEO plugin. -->","yoast_head_json":{"title":"One Piece 1000 Brikker Puslespil Whitebeard Familieudgave \u2013 One Piece Shop","description":"One Piece 1000-brikkers puslespil med Hvidsk\u00e6g, der drikker sake med sin familie. Tr\u00e6puslespil af h\u00f8j kvalitet til b\u00f8rn og voksne.","robots":{"index":"index","follow":"follow","max-snippet":"max-snippet:-1","max-image-preview":"max-image-preview:large","max-video-preview":"max-video-preview:-1"},"canonical":"https:\/\/boutique-one-piece.com\/da\/one-piece-puslespil\/1000-brikkers-one-piece-whitebeard-puslespil-til-familien\/","og_locale":"da_DK","og_type":"article","og_title":"Puzzle 1000 Pi\u00e8eces One Piece Barbe Blanche En Famille \u2013 Boutique One Piece","og_description":"Puzzle Imprim\u00e9 1000 Pi\u00e8ces One Piece avec Barbe Blanche Qui Boit du Sak\u00e9 avec sa Famille Jeux Puzzle Imrpim\u00e9 Sur Bois de Tr\u00e8s Haute Qualit\u00e9 pour Petit et Grand","og_url":"https:\/\/boutique-one-piece.com\/da\/one-piece-puslespil\/1000-brikkers-one-piece-whitebeard-puslespil-til-familien\/","og_site_name":"Boutique One Piece","article_modified_time":"2025-01-02T10:15:37+00:00","og_image":[{"width":599,"height":399,"url":"https:\/\/boutique-one-piece.com\/wp-content\/uploads\/2022\/09\/Puzzle-1000-Pieeces-One-Piece-Barbe-Blanche-En-Famille-1.jpg","type":"image\/jpeg"}],"twitter_card":"summary_large_image","twitter_misc":{"Estimeret l\u00e6setid":"2 minutter"},"schema":{"@context":"https:\/\/schema.org","@graph":[{"@type":"WebPage","@id":"https:\/\/boutique-one-piece.com\/puzzles-one-piece\/puzzle-1000-pieeces-one-piece-barbe-blanche-en-famille\/","url":"https:\/\/boutique-one-piece.com\/puzzles-one-piece\/puzzle-1000-pieeces-one-piece-barbe-blanche-en-famille\/","name":"One Piece 1000 Brikker Puslespil Whitebeard Familieudgave \u2013 One Piece Shop","isPartOf":{"@id":"https:\/\/boutique-one-piece.com\/#website"},"primaryImageOfPage":{"@id":"https:\/\/boutique-one-piece.com\/puzzles-one-piece\/puzzle-1000-pieeces-one-piece-barbe-blanche-en-famille\/#primaryimage"},"image":{"@id":"https:\/\/boutique-one-piece.com\/puzzles-one-piece\/puzzle-1000-pieeces-one-piece-barbe-blanche-en-famille\/#primaryimage"},"thumbnailUrl":"https:\/\/boutique-one-piece.com\/wp-content\/uploads\/2022\/09\/Puzzle-1000-Pieeces-One-Piece-Barbe-Blanche-En-Famille-1.jpg","datePublished":"2022-09-27T20:13:30+00:00","dateModified":"2025-01-02T10:15:37+00:00","description":"One Piece 1000-brikkers puslespil med Hvidsk\u00e6g, der drikker sake med sin familie. Tr\u00e6puslespil af h\u00f8j kvalitet til b\u00f8rn og voksne.","breadcrumb":{"@id":"https:\/\/boutique-one-piece.com\/puzzles-one-piece\/puzzle-1000-pieeces-one-piece-barbe-blanche-en-famille\/#breadcrumb"},"inLanguage":"da-DK","potentialAction":[{"@type":"ReadAction","target":["https:\/\/boutique-one-piece.com\/puzzles-one-piece\/puzzle-1000-pieeces-one-piece-barbe-blanche-en-famille\/"]}]},{"@type":"ImageObject","inLanguage":"da-DK","@id":"https:\/\/boutique-one-piece.com\/puzzles-one-piece\/puzzle-1000-pieeces-one-piece-barbe-blanche-en-famille\/#primaryimage","url":"https:\/\/boutique-one-piece.com\/wp-content\/uploads\/2022\/09\/Puzzle-1000-Pieeces-One-Piece-Barbe-Blanche-En-Famille-1.jpg","contentUrl":"https:\/\/boutique-one-piece.com\/wp-content\/uploads\/2022\/09\/Puzzle-1000-Pieeces-One-Piece-Barbe-Blanche-En-Famille-1.jpg","width":599,"height":399},{"@type":"BreadcrumbList","@id":"https:\/\/boutique-one-piece.com\/puzzles-one-piece\/puzzle-1000-pieeces-one-piece-barbe-blanche-en-famille\/#breadcrumb","itemListElement":[{"@type":"ListItem","position":1,"name":"Home","item":"https:\/\/boutique-one-piece.com\/"},{"@type":"ListItem","position":2,"name":"Shop","item":"https:\/\/boutique-one-piece.com\/shop\/"},{"@type":"ListItem","position":3,"name":"Puzzle 1000 Pi\u00e8eces One Piece Barbe Blanche En Famille"}]},{"@type":"WebSite","@id":"https:\/\/boutique-one-piece.com\/#website","url":"https:\/\/boutique-one-piece.com\/","name":"One Piece Shop","description":"Specialbutik for One Piece Manga og Anime","publisher":{"@id":"https:\/\/boutique-one-piece.com\/#organization"},"potentialAction":[{"@type":"SearchAction","target":{"@type":"EntryPoint","urlTemplate":"https:\/\/boutique-one-piece.com\/?s={search_term_string}"},"query-input":{"@type":"PropertyValueSpecification","valueRequired":true,"valueName":"search_term_string"}}],"inLanguage":"da-DK"},{"@type":"Organization","@id":"https:\/\/boutique-one-piece.com\/#organization","name":"One Piece Shop","url":"https:\/\/boutique-one-piece.com\/","logo":{"@type":"ImageObject","inLanguage":"da-DK","@id":"https:\/\/boutique-one-piece.com\/#\/schema\/logo\/image\/","url":"https:\/\/boutique-one-piece.com\/wp-content\/uploads\/2022\/09\/Logo-01.png","contentUrl":"https:\/\/boutique-one-piece.com\/wp-content\/uploads\/2022\/09\/Logo-01.png","width":2318,"height":957,"caption":"Boutique One Piece"},"image":{"@id":"https:\/\/boutique-one-piece.com\/#\/schema\/logo\/image\/"}}]}},"_links":{"self":[{"href":"https:\/\/boutique-one-piece.com\/da\/wp-json\/wp\/v2\/product\/8548","targetHints":{"allow":["GET"]}}],"collection":[{"href":"https:\/\/boutique-one-piece.com\/da\/wp-json\/wp\/v2\/product"}],"about":[{"href":"https:\/\/boutique-one-piece.com\/da\/wp-json\/wp\/v2\/types\/product"}],"replies":[{"embeddable":true,"href":"https:\/\/boutique-one-piece.com\/da\/wp-json\/wp\/v2\/comments?post=8548"}],"wp:featuredmedia":[{"embeddable":true,"href":"https:\/\/boutique-one-piece.com\/da\/wp-json\/wp\/v2\/media\/8550"}],"wp:attachment":[{"href":"https:\/\/boutique-one-piece.com\/da\/wp-json\/wp\/v2\/media?parent=8548"}],"wp:term":[{"taxonomy":"product_brand","embeddable":true,"href":"https:\/\/boutique-one-piece.com\/da\/wp-json\/wp\/v2\/product_brand?post=8548"},{"taxonomy":"product_cat","embeddable":true,"href":"https:\/\/boutique-one-piece.com\/da\/wp-json\/wp\/v2\/product_cat?post=8548"},{"taxonomy":"product_tag","embeddable":true,"href":"https:\/\/boutique-one-piece.com\/da\/wp-json\/wp\/v2\/product_tag?post=8548"}],"curies":[{"name":"wp","href":"https:\/\/api.w.org\/{rel}","templated":true}]}}