{"id":8879,"date":"2022-09-27T20:16:06","date_gmt":"2022-09-27T20:16:06","guid":{"rendered":"https:\/\/boutique-one-piece.com\/uncategorized\/figurine-one-piece-dead-or-alive-nami-sur-son-socle\/"},"modified":"2024-09-16T11:29:18","modified_gmt":"2024-09-16T11:29:18","slug":"one-piece-dead-or-alive-nami-figur-pa-basen","status":"publish","type":"product","link":"https:\/\/boutique-one-piece.com\/da\/one-piece-godter\/nami-one-piece-godter\/one-piece-dead-or-alive-nami-figur-pa-basen\/","title":{"rendered":"One Piece Dead or Alive Nami-figur p\u00e5 base"},"content":{"rendered":"<h2>Unge pirat, tiden er kommet til at du f\u00e5r denne One Piece Dead or Alive Nami-figur p\u00e5 basen.<\/h2>\n<p>Her er hvad du beh\u00f8ver at vide om ham; ; <strong>Nami<\/strong>, ogs\u00e5 kendt som &quot;Den Tyvagtige Kat&quot;, er navigat\u00f8ren af <strong>Str\u00e5hat-holdet<\/strong>. Hun er den anden person, der slutter sig til bes\u00e6tningen efter Zoro. Hun &quot;forr\u00e5dte&quot; kortvarigt Straw Hat-bes\u00e6tningen under Baratie-buen og sluttede sig officielt til dem ved slutningen af Arlong-buen, efter hendes fortid og intentioner blev afsl\u00f8ret.<\/p>\n<p>Hans dr\u00f8m er at <strong>tegn et kort<\/strong> verden komplet. Endelig er dens nuv\u00e6rende dus\u00f8r 66.000.000 b\u00e6r. Hvis du forresten vil udvide din figursamling, er <a title=\"ONE PIECE DEAD OR ALIVE MUGIWARA IKKE LUFFY OG HANS ARC-FIGUR\" href=\"https:\/\/boutique-one-piece.com\/da\/one-piece-dead-or-alive-figur-mugiwara-ingen-luffy-og-hans-ar\/\" target=\"_blank\" rel=\"noopener\">Luffy-figur &quot;d\u00f8d eller levende&quot;\u00ab<\/a> er inden for din r\u00e6kkevidde.<\/p>\n<h3>S\u00e5 er du fascineret af Nami-dus\u00f8rfiguren? Hvis ja, s\u00e5 g\u00e5 ombord p\u00e5 Thousand Sunny sammen med hende; mange eventyr venter dig der.<\/h3>\n<p>Uanset om du er en inkarneret fan eller en erfaren samler, er disse ikoniske genstande helt sikkert noget for dig. Perfekte til at give som gave, dekorere eller blot som et supplement til din samling, vil disse genstande forbedre din samling. <strong>dit One Piece-univers<\/strong>. Grib denne mulighed for at opleve mange eventyr i dit liv <strong>yndlingsanime<\/strong>.<\/p>\n<h2>Information om Dead or Alive Nami-figuren p\u00e5 dens base\u00a0<\/h2>\n<ul>\n<li><span><b><u>One Piece-figur<\/u><\/b>\u00a0Premium One Piece-figur til \u00e6gte pirater<\/span><\/li>\n<\/ul>\n<ul>\n<li>\n<b>Materie<\/b><span>\u00a0<\/span>PVC<\/li>\n<\/ul>\n<ul>\n<li><span><strong>Dimension<\/strong>\u00a011 cm<\/span><\/li>\n<\/ul>\n<ul>\n<li><span><strong>GRATIS LEVERING<\/strong><\/span><\/li>\n<\/ul>","protected":false},"excerpt":{"rendered":"<p>Jeune pirate, le moment est venu pour toi de te procurer cette Figurine One Piece Dead or Alive Nami Sur Son Socle. Voici ce que tu dois savoir \u00e0 son sujet ; Nami, alias \u00ab\u00a0La Chatte Voleuse\u00a0\u00bb, est la navigatrice de L&rsquo;\u00c9quipage du Chapeau de Paille. Elle est la deuxi\u00e8me personne \u00e0 se joindre \u00e0 [&hellip;]<\/p>","protected":false},"featured_media":8881,"comment_status":"open","ping_status":"open","template":"","meta":[],"product_brand":[],"product_cat":[152,76,153],"product_tag":[154],"class_list":{"0":"post-8879","1":"product","2":"type-product","3":"status-publish","4":"has-post-thumbnail","6":"product_cat-figurines-nami","7":"product_cat-figurines-one-piece","8":"product_cat-goodies-nami-one-piece","9":"product_tag-nami","11":"first","12":"outofstock","13":"purchasable","14":"product-type-simple"},"yoast_head":"<!-- This site is optimized with the Yoast SEO plugin v27.5 - https:\/\/yoast.com\/product\/yoast-seo-wordpress\/ -->\n<title>Figurine One Piece Dead or Alive Nami Sur Son Socle | Figurine One Piece \u2013 Boutique One Piece<\/title>\n<meta name=\"description\" content=\"Jeune pirate, le moment est venu pour toi de te procurer cette Figurine One Piece Dead or Alive Nami Sur Son Socle. Voici ce que tu dois savoir \u00e0 son sujet ; Nami, alias &quot;La Chatte Voleuse&quot;, est la navigatrice de L&#039;\u00c9quipage du Chapeau de Paille. Elle est la deuxi\u00e8me personne \u00e0 se joindre \u00e0 l&#039;\u00e9quipage apr\u00e8s Zoro. Elle a\" \/>\n<meta name=\"robots\" content=\"index, follow, max-snippet:-1, max-image-preview:large, max-video-preview:-1\" \/>\n<link rel=\"canonical\" href=\"https:\/\/boutique-one-piece.com\/da\/one-piece-godter\/nami-one-piece-godter\/one-piece-dead-or-alive-nami-figur-pa-basen\/\" \/>\n<meta property=\"og:locale\" content=\"da_DK\" \/>\n<meta property=\"og:type\" content=\"article\" \/>\n<meta property=\"og:title\" content=\"Figurine One Piece Dead or Alive Nami Sur Son Socle | Figurine One Piece \u2013 Boutique One Piece\" \/>\n<meta property=\"og:description\" content=\"Jeune pirate, le moment est venu pour toi de te procurer cette Figurine One Piece Dead or Alive Nami Sur Son Socle. Voici ce que tu dois savoir \u00e0 son sujet ; Nami, alias &quot;La Chatte Voleuse&quot;, est la navigatrice de L&#039;\u00c9quipage du Chapeau de Paille. Elle est la deuxi\u00e8me personne \u00e0 se joindre \u00e0 l&#039;\u00e9quipage apr\u00e8s Zoro. Elle a\" \/>\n<meta property=\"og:url\" content=\"https:\/\/boutique-one-piece.com\/da\/one-piece-godter\/nami-one-piece-godter\/one-piece-dead-or-alive-nami-figur-pa-basen\/\" \/>\n<meta property=\"og:site_name\" content=\"Boutique One Piece\" \/>\n<meta property=\"article:modified_time\" content=\"2024-09-16T11:29:18+00:00\" \/>\n<meta property=\"og:image\" content=\"https:\/\/boutique-one-piece.com\/wp-content\/uploads\/2022\/09\/Figurine-One-Piece-Dead-or-Alive-Nami-Sur-Son-Socle.jpg\" \/>\n\t<meta property=\"og:image:width\" content=\"640\" \/>\n\t<meta property=\"og:image:height\" content=\"640\" \/>\n\t<meta property=\"og:image:type\" content=\"image\/jpeg\" \/>\n<meta name=\"twitter:card\" content=\"summary_large_image\" \/>\n<meta name=\"twitter:label1\" content=\"Estimeret l\u00e6setid\" \/>\n\t<meta name=\"twitter:data1\" content=\"2 minutter\" \/>\n<script type=\"application\/ld+json\" class=\"yoast-schema-graph\">{\"@context\":\"https:\\\/\\\/schema.org\",\"@graph\":[{\"@type\":\"WebPage\",\"@id\":\"https:\\\/\\\/boutique-one-piece.com\\\/goodies-one-piece\\\/goodies-nami-one-piece\\\/figurine-one-piece-dead-or-alive-nami-sur-son-socle\\\/\",\"url\":\"https:\\\/\\\/boutique-one-piece.com\\\/goodies-one-piece\\\/goodies-nami-one-piece\\\/figurine-one-piece-dead-or-alive-nami-sur-son-socle\\\/\",\"name\":\"Figurine One Piece Dead or Alive Nami Sur Son Socle | Figurine One Piece \u2013 Boutique One Piece\",\"isPartOf\":{\"@id\":\"https:\\\/\\\/boutique-one-piece.com\\\/#website\"},\"primaryImageOfPage\":{\"@id\":\"https:\\\/\\\/boutique-one-piece.com\\\/goodies-one-piece\\\/goodies-nami-one-piece\\\/figurine-one-piece-dead-or-alive-nami-sur-son-socle\\\/#primaryimage\"},\"image\":{\"@id\":\"https:\\\/\\\/boutique-one-piece.com\\\/goodies-one-piece\\\/goodies-nami-one-piece\\\/figurine-one-piece-dead-or-alive-nami-sur-son-socle\\\/#primaryimage\"},\"thumbnailUrl\":\"https:\\\/\\\/boutique-one-piece.com\\\/wp-content\\\/uploads\\\/2022\\\/09\\\/Figurine-One-Piece-Dead-or-Alive-Nami-Sur-Son-Socle.jpg\",\"datePublished\":\"2022-09-27T20:16:06+00:00\",\"dateModified\":\"2024-09-16T11:29:18+00:00\",\"description\":\"Jeune pirate, le moment est venu pour toi de te procurer cette Figurine One Piece Dead or Alive Nami Sur Son Socle. Voici ce que tu dois savoir \u00e0 son sujet ; Nami, alias \\\"La Chatte Voleuse\\\", est la navigatrice de L'\u00c9quipage du Chapeau de Paille. Elle est la deuxi\u00e8me personne \u00e0 se joindre \u00e0 l'\u00e9quipage apr\u00e8s Zoro. Elle a\",\"breadcrumb\":{\"@id\":\"https:\\\/\\\/boutique-one-piece.com\\\/goodies-one-piece\\\/goodies-nami-one-piece\\\/figurine-one-piece-dead-or-alive-nami-sur-son-socle\\\/#breadcrumb\"},\"inLanguage\":\"da-DK\",\"potentialAction\":[{\"@type\":\"ReadAction\",\"target\":[\"https:\\\/\\\/boutique-one-piece.com\\\/goodies-one-piece\\\/goodies-nami-one-piece\\\/figurine-one-piece-dead-or-alive-nami-sur-son-socle\\\/\"]}]},{\"@type\":\"ImageObject\",\"inLanguage\":\"da-DK\",\"@id\":\"https:\\\/\\\/boutique-one-piece.com\\\/goodies-one-piece\\\/goodies-nami-one-piece\\\/figurine-one-piece-dead-or-alive-nami-sur-son-socle\\\/#primaryimage\",\"url\":\"https:\\\/\\\/boutique-one-piece.com\\\/wp-content\\\/uploads\\\/2022\\\/09\\\/Figurine-One-Piece-Dead-or-Alive-Nami-Sur-Son-Socle.jpg\",\"contentUrl\":\"https:\\\/\\\/boutique-one-piece.com\\\/wp-content\\\/uploads\\\/2022\\\/09\\\/Figurine-One-Piece-Dead-or-Alive-Nami-Sur-Son-Socle.jpg\",\"width\":640,\"height\":640,\"caption\":\"Figurine One Piece Dead or Alive Nami Sur Son Socle Default Title\"},{\"@type\":\"BreadcrumbList\",\"@id\":\"https:\\\/\\\/boutique-one-piece.com\\\/goodies-one-piece\\\/goodies-nami-one-piece\\\/figurine-one-piece-dead-or-alive-nami-sur-son-socle\\\/#breadcrumb\",\"itemListElement\":[{\"@type\":\"ListItem\",\"position\":1,\"name\":\"Home\",\"item\":\"https:\\\/\\\/boutique-one-piece.com\\\/\"},{\"@type\":\"ListItem\",\"position\":2,\"name\":\"Shop\",\"item\":\"https:\\\/\\\/boutique-one-piece.com\\\/shop\\\/\"},{\"@type\":\"ListItem\",\"position\":3,\"name\":\"Figurine One Piece Dead or Alive Nami Sur Son Socle\"}]},{\"@type\":\"WebSite\",\"@id\":\"https:\\\/\\\/boutique-one-piece.com\\\/#website\",\"url\":\"https:\\\/\\\/boutique-one-piece.com\\\/\",\"name\":\"Boutique One Piece\",\"description\":\"Magasin Sp\u00e9cialis\u00e9 du Manga et l&#039;Anime One Piece\",\"publisher\":{\"@id\":\"https:\\\/\\\/boutique-one-piece.com\\\/#organization\"},\"potentialAction\":[{\"@type\":\"SearchAction\",\"target\":{\"@type\":\"EntryPoint\",\"urlTemplate\":\"https:\\\/\\\/boutique-one-piece.com\\\/?s={search_term_string}\"},\"query-input\":{\"@type\":\"PropertyValueSpecification\",\"valueRequired\":true,\"valueName\":\"search_term_string\"}}],\"inLanguage\":\"da-DK\"},{\"@type\":\"Organization\",\"@id\":\"https:\\\/\\\/boutique-one-piece.com\\\/#organization\",\"name\":\"Boutique One Piece\",\"url\":\"https:\\\/\\\/boutique-one-piece.com\\\/\",\"logo\":{\"@type\":\"ImageObject\",\"inLanguage\":\"da-DK\",\"@id\":\"https:\\\/\\\/boutique-one-piece.com\\\/#\\\/schema\\\/logo\\\/image\\\/\",\"url\":\"https:\\\/\\\/boutique-one-piece.com\\\/wp-content\\\/uploads\\\/2022\\\/09\\\/Logo-01.png\",\"contentUrl\":\"https:\\\/\\\/boutique-one-piece.com\\\/wp-content\\\/uploads\\\/2022\\\/09\\\/Logo-01.png\",\"width\":2318,\"height\":957,\"caption\":\"Boutique One Piece\"},\"image\":{\"@id\":\"https:\\\/\\\/boutique-one-piece.com\\\/#\\\/schema\\\/logo\\\/image\\\/\"}}]}<\/script>\n<!-- \/ Yoast SEO plugin. -->","yoast_head_json":{"title":"One Piece Dead or Alive Nami-figur p\u00e5 base | One Piece-figur \u2013 One Piece Shop","description":"Unge pirat, tiden er kommet til at f\u00e5 fingrene i denne One Piece Dead or Alive Nami-figur p\u00e5 hendes base. Her er hvad du beh\u00f8ver at vide om hende: Nami, ogs\u00e5 kendt som &quot;The Cat Burglar&quot;, er navigat\u00f8ren i Straw Hat-bes\u00e6tningen. Hun var den anden person, der sluttede sig til bes\u00e6tningen efter Zoro. Hun har...","robots":{"index":"index","follow":"follow","max-snippet":"max-snippet:-1","max-image-preview":"max-image-preview:large","max-video-preview":"max-video-preview:-1"},"canonical":"https:\/\/boutique-one-piece.com\/da\/one-piece-godter\/nami-one-piece-godter\/one-piece-dead-or-alive-nami-figur-pa-basen\/","og_locale":"da_DK","og_type":"article","og_title":"Figurine One Piece Dead or Alive Nami Sur Son Socle | Figurine One Piece \u2013 Boutique One Piece","og_description":"Jeune pirate, le moment est venu pour toi de te procurer cette Figurine One Piece Dead or Alive Nami Sur Son Socle. Voici ce que tu dois savoir \u00e0 son sujet ; Nami, alias \"La Chatte Voleuse\", est la navigatrice de L'\u00c9quipage du Chapeau de Paille. Elle est la deuxi\u00e8me personne \u00e0 se joindre \u00e0 l'\u00e9quipage apr\u00e8s Zoro. Elle a","og_url":"https:\/\/boutique-one-piece.com\/da\/one-piece-godter\/nami-one-piece-godter\/one-piece-dead-or-alive-nami-figur-pa-basen\/","og_site_name":"Boutique One Piece","article_modified_time":"2024-09-16T11:29:18+00:00","og_image":[{"width":640,"height":640,"url":"https:\/\/boutique-one-piece.com\/wp-content\/uploads\/2022\/09\/Figurine-One-Piece-Dead-or-Alive-Nami-Sur-Son-Socle.jpg","type":"image\/jpeg"}],"twitter_card":"summary_large_image","twitter_misc":{"Estimeret l\u00e6setid":"2 minutter"},"schema":{"@context":"https:\/\/schema.org","@graph":[{"@type":"WebPage","@id":"https:\/\/boutique-one-piece.com\/goodies-one-piece\/goodies-nami-one-piece\/figurine-one-piece-dead-or-alive-nami-sur-son-socle\/","url":"https:\/\/boutique-one-piece.com\/goodies-one-piece\/goodies-nami-one-piece\/figurine-one-piece-dead-or-alive-nami-sur-son-socle\/","name":"One Piece Dead or Alive Nami-figur p\u00e5 base | One Piece-figur \u2013 One Piece Shop","isPartOf":{"@id":"https:\/\/boutique-one-piece.com\/#website"},"primaryImageOfPage":{"@id":"https:\/\/boutique-one-piece.com\/goodies-one-piece\/goodies-nami-one-piece\/figurine-one-piece-dead-or-alive-nami-sur-son-socle\/#primaryimage"},"image":{"@id":"https:\/\/boutique-one-piece.com\/goodies-one-piece\/goodies-nami-one-piece\/figurine-one-piece-dead-or-alive-nami-sur-son-socle\/#primaryimage"},"thumbnailUrl":"https:\/\/boutique-one-piece.com\/wp-content\/uploads\/2022\/09\/Figurine-One-Piece-Dead-or-Alive-Nami-Sur-Son-Socle.jpg","datePublished":"2022-09-27T20:16:06+00:00","dateModified":"2024-09-16T11:29:18+00:00","description":"Unge pirat, tiden er kommet til at f\u00e5 fingrene i denne One Piece Dead or Alive Nami-figur p\u00e5 hendes base. Her er hvad du beh\u00f8ver at vide om hende: Nami, ogs\u00e5 kendt som &quot;The Cat Burglar&quot;, er navigat\u00f8ren i Straw Hat-bes\u00e6tningen. Hun var den anden person, der sluttede sig til bes\u00e6tningen efter Zoro. Hun har...","breadcrumb":{"@id":"https:\/\/boutique-one-piece.com\/goodies-one-piece\/goodies-nami-one-piece\/figurine-one-piece-dead-or-alive-nami-sur-son-socle\/#breadcrumb"},"inLanguage":"da-DK","potentialAction":[{"@type":"ReadAction","target":["https:\/\/boutique-one-piece.com\/goodies-one-piece\/goodies-nami-one-piece\/figurine-one-piece-dead-or-alive-nami-sur-son-socle\/"]}]},{"@type":"ImageObject","inLanguage":"da-DK","@id":"https:\/\/boutique-one-piece.com\/goodies-one-piece\/goodies-nami-one-piece\/figurine-one-piece-dead-or-alive-nami-sur-son-socle\/#primaryimage","url":"https:\/\/boutique-one-piece.com\/wp-content\/uploads\/2022\/09\/Figurine-One-Piece-Dead-or-Alive-Nami-Sur-Son-Socle.jpg","contentUrl":"https:\/\/boutique-one-piece.com\/wp-content\/uploads\/2022\/09\/Figurine-One-Piece-Dead-or-Alive-Nami-Sur-Son-Socle.jpg","width":640,"height":640,"caption":"Figurine One Piece Dead or Alive Nami Sur Son Socle Default Title"},{"@type":"BreadcrumbList","@id":"https:\/\/boutique-one-piece.com\/goodies-one-piece\/goodies-nami-one-piece\/figurine-one-piece-dead-or-alive-nami-sur-son-socle\/#breadcrumb","itemListElement":[{"@type":"ListItem","position":1,"name":"Home","item":"https:\/\/boutique-one-piece.com\/"},{"@type":"ListItem","position":2,"name":"Shop","item":"https:\/\/boutique-one-piece.com\/shop\/"},{"@type":"ListItem","position":3,"name":"Figurine One Piece Dead or Alive Nami Sur Son Socle"}]},{"@type":"WebSite","@id":"https:\/\/boutique-one-piece.com\/#website","url":"https:\/\/boutique-one-piece.com\/","name":"One Piece Shop","description":"Specialbutik for One Piece Manga og Anime","publisher":{"@id":"https:\/\/boutique-one-piece.com\/#organization"},"potentialAction":[{"@type":"SearchAction","target":{"@type":"EntryPoint","urlTemplate":"https:\/\/boutique-one-piece.com\/?s={search_term_string}"},"query-input":{"@type":"PropertyValueSpecification","valueRequired":true,"valueName":"search_term_string"}}],"inLanguage":"da-DK"},{"@type":"Organization","@id":"https:\/\/boutique-one-piece.com\/#organization","name":"One Piece Shop","url":"https:\/\/boutique-one-piece.com\/","logo":{"@type":"ImageObject","inLanguage":"da-DK","@id":"https:\/\/boutique-one-piece.com\/#\/schema\/logo\/image\/","url":"https:\/\/boutique-one-piece.com\/wp-content\/uploads\/2022\/09\/Logo-01.png","contentUrl":"https:\/\/boutique-one-piece.com\/wp-content\/uploads\/2022\/09\/Logo-01.png","width":2318,"height":957,"caption":"Boutique One Piece"},"image":{"@id":"https:\/\/boutique-one-piece.com\/#\/schema\/logo\/image\/"}}]}},"_links":{"self":[{"href":"https:\/\/boutique-one-piece.com\/da\/wp-json\/wp\/v2\/product\/8879","targetHints":{"allow":["GET"]}}],"collection":[{"href":"https:\/\/boutique-one-piece.com\/da\/wp-json\/wp\/v2\/product"}],"about":[{"href":"https:\/\/boutique-one-piece.com\/da\/wp-json\/wp\/v2\/types\/product"}],"replies":[{"embeddable":true,"href":"https:\/\/boutique-one-piece.com\/da\/wp-json\/wp\/v2\/comments?post=8879"}],"wp:featuredmedia":[{"embeddable":true,"href":"https:\/\/boutique-one-piece.com\/da\/wp-json\/wp\/v2\/media\/8881"}],"wp:attachment":[{"href":"https:\/\/boutique-one-piece.com\/da\/wp-json\/wp\/v2\/media?parent=8879"}],"wp:term":[{"taxonomy":"product_brand","embeddable":true,"href":"https:\/\/boutique-one-piece.com\/da\/wp-json\/wp\/v2\/product_brand?post=8879"},{"taxonomy":"product_cat","embeddable":true,"href":"https:\/\/boutique-one-piece.com\/da\/wp-json\/wp\/v2\/product_cat?post=8879"},{"taxonomy":"product_tag","embeddable":true,"href":"https:\/\/boutique-one-piece.com\/da\/wp-json\/wp\/v2\/product_tag?post=8879"}],"curies":[{"name":"wp","href":"https:\/\/api.w.org\/{rel}","templated":true}]}}