{"id":9005,"date":"2022-09-27T20:16:51","date_gmt":"2022-09-27T20:16:51","guid":{"rendered":"https:\/\/boutique-one-piece.com\/uncategorized\/figurine-one-piece-sabo-et-son-drapeau\/"},"modified":"2024-09-16T11:32:02","modified_gmt":"2024-09-16T11:32:02","slug":"one-piece-sabo-figur-og-hans-flag","status":"publish","type":"product","link":"https:\/\/boutique-one-piece.com\/da\/one-piece-figurer-2\/sabo-figurer\/one-piece-sabo-figur-og-hans-flag\/","title":{"rendered":"One Piece Sabo-figur og hans flag"},"content":{"rendered":"<h2>Unge pirat, tiden er kommet til at du f\u00e5r fat i denne One Piece Sabo-figur og hans flag.<\/h2>\n<p>Her er en kort introduktion til <strong>Sabo<\/strong>, (Bare en hurtig p\u00e5mindelse!) Sabo blev f\u00f8dt ind i en adelig familie, men besluttede sig for at stikke af og bos\u00e6tte sig i den Gr\u00e5 Terminal. Han blev <strong>Ace og Luffys bror<\/strong> De sk\u00e5lede og udvekslede deres sake-kopper, ogs\u00e5 kendt som &quot;broderskabskopper&quot;. Han blev formodet d\u00f8d efter at v\u00e6re blevet skudt af en himmelsk drage. Sabo dukkede op igen i Dressrosa, nu som Dragens n\u00e6stkommanderende, lederen af Revolution\u00e6rerne.<\/p>\n<p>Han vinder turneringen p\u00e5 Corrida Coliseum, hvilket giver ham lov til at spise <strong>Mera Mera no Mi<\/strong>, efter engang at v\u00e6re blevet spist af sin adoptivbror, Portgas D. Ace. Ang\u00e5ende det flag, han vifter med, b\u00f8r du vide, at ASL er en forkortelse af &quot;\u00ab\u00a0<strong>Ace Sabo Luffy<\/strong>\u00a0\u00bb&quot;; det er ogs\u00e5 navnet p\u00e5 piratbes\u00e6tningen, som de tre br\u00f8dre opfandt, da de var sm\u00e5. Hvis du forresten gerne vil udvide din figursamling, er <a title=\"S\u00c6T MED 3 ONE PIECE FIRE BROTHERS FIGURER\" href=\"https:\/\/boutique-one-piece.com\/da\/saet-med-3-one-piece-figurer-fire-brothers\/\" target=\"_blank\" rel=\"noopener\">figurer af de 3 br\u00f8dre<\/a> er inden for din r\u00e6kkevidde.<\/p>\n<h3>Lad dig betage af Sabo-figuren og hans &quot;ASL&quot;-flag. Slut dig til Sabo i r\u00e6kkerne af den revolution\u00e6re h\u00e6r og udf\u00f8r store missioner sammen med ham.<\/h3>\n<p>Uanset om du er en inkarneret fan eller en seri\u00f8s samler, er disse <strong>mytiske genstande<\/strong> Du vil helt sikkert elske dem. Brug dem til at dekorere dit hjem, samle p\u00e5 dem eller endda give dem som gaver. \u00c9n ting er sikkert: din sk\u00e6bne ligger i dine h\u00e6nder, unge pirat. <strong>One Piece-skatten<\/strong>, venter p\u00e5 dig. <\/p>\n<h2>Information om Sabo-figuren og dens flag\u00a0<\/h2>\n<ul data-mce-fragment=\"1\">\n<li data-mce-fragment=\"1\"><span data-mce-fragment=\"1\"><b data-mce-fragment=\"1\"><u data-mce-fragment=\"1\">One Piece-figur<\/u><\/b>\u00a0Premium One Piece-figur til \u00e6gte pirater<\/span><\/li>\n<\/ul>\n<ul data-mce-fragment=\"1\">\n<li data-mce-fragment=\"1\">\n<b data-mce-fragment=\"1\">Materie<\/b><span data-mce-fragment=\"1\">\u00a0<\/span>PVC<\/li>\n<\/ul>\n<ul data-mce-fragment=\"1\">\n<li data-mce-fragment=\"1\"><span data-mce-fragment=\"1\"><strong data-mce-fragment=\"1\">Dimension<\/strong>\u00a0: 20 cm<\/span><\/li>\n<\/ul>\n<ul data-mce-fragment=\"1\">\n<li data-mce-fragment=\"1\"><span data-mce-fragment=\"1\"><strong data-mce-fragment=\"1\">GRATIS LEVERING<\/strong><\/span><\/li>\n<\/ul>","protected":false},"excerpt":{"rendered":"<p>Jeune pirate, le moment est venu pour toi de te procurer cette Figurine One Piece Sabo et son Drapeau. Voici une br\u00e8ve pr\u00e9sentation de Sabo, (uniquement faite pour te rafraichir la m\u00e9moire) ! Sabo est n\u00e9 dans une famille de Noble, mais d\u00e9cida de s&rsquo;enfuir et de s&rsquo;installer dans le Grey Terminal. Il est devenu [&hellip;]<\/p>","protected":false},"featured_media":9007,"comment_status":"open","ping_status":"open","template":"","meta":[],"product_brand":[],"product_cat":[76,178],"product_tag":[180],"class_list":{"0":"post-9005","1":"product","2":"type-product","3":"status-publish","4":"has-post-thumbnail","6":"product_cat-figurines-one-piece","7":"product_cat-figurines-sabo","8":"product_tag-sabo","10":"first","11":"instock","12":"purchasable","13":"product-type-simple"},"yoast_head":"<!-- This site is optimized with the Yoast SEO plugin v27.5 - https:\/\/yoast.com\/product\/yoast-seo-wordpress\/ -->\n<title>Figurine One Piece Sabo et son Drapeau | Figurine One Piece \u2013 Boutique One Piece<\/title>\n<meta name=\"description\" content=\"Jeune pirate, le moment est venu pour toi de te procurer cette Figurine One Piece Sabo et son Drapeau. Voici une br\u00e8ve pr\u00e9sentation de Sabo, (uniquement faite pour te rafraichir la m\u00e9moire) ! Sabo est n\u00e9 dans une famille de Noble, mais d\u00e9cida de s&#039;enfuir et de s&#039;installer dans le Grey Terminal. Il est devenu le fr\u00e8re d\" \/>\n<meta name=\"robots\" content=\"index, follow, max-snippet:-1, max-image-preview:large, max-video-preview:-1\" \/>\n<link rel=\"canonical\" href=\"https:\/\/boutique-one-piece.com\/da\/one-piece-figurer-2\/sabo-figurer\/one-piece-sabo-figur-og-hans-flag\/\" \/>\n<meta property=\"og:locale\" content=\"da_DK\" \/>\n<meta property=\"og:type\" content=\"article\" \/>\n<meta property=\"og:title\" content=\"Figurine One Piece Sabo et son Drapeau | Figurine One Piece \u2013 Boutique One Piece\" \/>\n<meta property=\"og:description\" content=\"Jeune pirate, le moment est venu pour toi de te procurer cette Figurine One Piece Sabo et son Drapeau. Voici une br\u00e8ve pr\u00e9sentation de Sabo, (uniquement faite pour te rafraichir la m\u00e9moire) ! Sabo est n\u00e9 dans une famille de Noble, mais d\u00e9cida de s&#039;enfuir et de s&#039;installer dans le Grey Terminal. Il est devenu le fr\u00e8re d\" \/>\n<meta property=\"og:url\" content=\"https:\/\/boutique-one-piece.com\/da\/one-piece-figurer-2\/sabo-figurer\/one-piece-sabo-figur-og-hans-flag\/\" \/>\n<meta property=\"og:site_name\" content=\"Boutique One Piece\" \/>\n<meta property=\"article:modified_time\" content=\"2024-09-16T11:32:02+00:00\" \/>\n<meta property=\"og:image\" content=\"https:\/\/boutique-one-piece.com\/wp-content\/uploads\/2022\/09\/Figurine-One-Piece-Sabo-et-son-Drapeau.jpg\" \/>\n\t<meta property=\"og:image:width\" content=\"640\" \/>\n\t<meta property=\"og:image:height\" content=\"640\" \/>\n\t<meta property=\"og:image:type\" content=\"image\/jpeg\" \/>\n<meta name=\"twitter:card\" content=\"summary_large_image\" \/>\n<meta name=\"twitter:label1\" content=\"Estimeret l\u00e6setid\" \/>\n\t<meta name=\"twitter:data1\" content=\"2 minutter\" \/>\n<script type=\"application\/ld+json\" class=\"yoast-schema-graph\">{\"@context\":\"https:\\\/\\\/schema.org\",\"@graph\":[{\"@type\":\"WebPage\",\"@id\":\"https:\\\/\\\/boutique-one-piece.com\\\/figurines-one-piece\\\/figurines-sabo\\\/figurine-one-piece-sabo-et-son-drapeau\\\/\",\"url\":\"https:\\\/\\\/boutique-one-piece.com\\\/figurines-one-piece\\\/figurines-sabo\\\/figurine-one-piece-sabo-et-son-drapeau\\\/\",\"name\":\"Figurine One Piece Sabo et son Drapeau | Figurine One Piece \u2013 Boutique One Piece\",\"isPartOf\":{\"@id\":\"https:\\\/\\\/boutique-one-piece.com\\\/#website\"},\"primaryImageOfPage\":{\"@id\":\"https:\\\/\\\/boutique-one-piece.com\\\/figurines-one-piece\\\/figurines-sabo\\\/figurine-one-piece-sabo-et-son-drapeau\\\/#primaryimage\"},\"image\":{\"@id\":\"https:\\\/\\\/boutique-one-piece.com\\\/figurines-one-piece\\\/figurines-sabo\\\/figurine-one-piece-sabo-et-son-drapeau\\\/#primaryimage\"},\"thumbnailUrl\":\"https:\\\/\\\/boutique-one-piece.com\\\/wp-content\\\/uploads\\\/2022\\\/09\\\/Figurine-One-Piece-Sabo-et-son-Drapeau.jpg\",\"datePublished\":\"2022-09-27T20:16:51+00:00\",\"dateModified\":\"2024-09-16T11:32:02+00:00\",\"description\":\"Jeune pirate, le moment est venu pour toi de te procurer cette Figurine One Piece Sabo et son Drapeau. Voici une br\u00e8ve pr\u00e9sentation de Sabo, (uniquement faite pour te rafraichir la m\u00e9moire) ! Sabo est n\u00e9 dans une famille de Noble, mais d\u00e9cida de s'enfuir et de s'installer dans le Grey Terminal. Il est devenu le fr\u00e8re d\",\"breadcrumb\":{\"@id\":\"https:\\\/\\\/boutique-one-piece.com\\\/figurines-one-piece\\\/figurines-sabo\\\/figurine-one-piece-sabo-et-son-drapeau\\\/#breadcrumb\"},\"inLanguage\":\"da-DK\",\"potentialAction\":[{\"@type\":\"ReadAction\",\"target\":[\"https:\\\/\\\/boutique-one-piece.com\\\/figurines-one-piece\\\/figurines-sabo\\\/figurine-one-piece-sabo-et-son-drapeau\\\/\"]}]},{\"@type\":\"ImageObject\",\"inLanguage\":\"da-DK\",\"@id\":\"https:\\\/\\\/boutique-one-piece.com\\\/figurines-one-piece\\\/figurines-sabo\\\/figurine-one-piece-sabo-et-son-drapeau\\\/#primaryimage\",\"url\":\"https:\\\/\\\/boutique-one-piece.com\\\/wp-content\\\/uploads\\\/2022\\\/09\\\/Figurine-One-Piece-Sabo-et-son-Drapeau.jpg\",\"contentUrl\":\"https:\\\/\\\/boutique-one-piece.com\\\/wp-content\\\/uploads\\\/2022\\\/09\\\/Figurine-One-Piece-Sabo-et-son-Drapeau.jpg\",\"width\":640,\"height\":640,\"caption\":\"Figurine One Piece Sabo et son Drapeau Default Title\"},{\"@type\":\"BreadcrumbList\",\"@id\":\"https:\\\/\\\/boutique-one-piece.com\\\/figurines-one-piece\\\/figurines-sabo\\\/figurine-one-piece-sabo-et-son-drapeau\\\/#breadcrumb\",\"itemListElement\":[{\"@type\":\"ListItem\",\"position\":1,\"name\":\"Home\",\"item\":\"https:\\\/\\\/boutique-one-piece.com\\\/\"},{\"@type\":\"ListItem\",\"position\":2,\"name\":\"Shop\",\"item\":\"https:\\\/\\\/boutique-one-piece.com\\\/shop\\\/\"},{\"@type\":\"ListItem\",\"position\":3,\"name\":\"Figurine One Piece Sabo et son Drapeau\"}]},{\"@type\":\"WebSite\",\"@id\":\"https:\\\/\\\/boutique-one-piece.com\\\/#website\",\"url\":\"https:\\\/\\\/boutique-one-piece.com\\\/\",\"name\":\"Boutique One Piece\",\"description\":\"Magasin Sp\u00e9cialis\u00e9 du Manga et l&#039;Anime One Piece\",\"publisher\":{\"@id\":\"https:\\\/\\\/boutique-one-piece.com\\\/#organization\"},\"potentialAction\":[{\"@type\":\"SearchAction\",\"target\":{\"@type\":\"EntryPoint\",\"urlTemplate\":\"https:\\\/\\\/boutique-one-piece.com\\\/?s={search_term_string}\"},\"query-input\":{\"@type\":\"PropertyValueSpecification\",\"valueRequired\":true,\"valueName\":\"search_term_string\"}}],\"inLanguage\":\"da-DK\"},{\"@type\":\"Organization\",\"@id\":\"https:\\\/\\\/boutique-one-piece.com\\\/#organization\",\"name\":\"Boutique One Piece\",\"url\":\"https:\\\/\\\/boutique-one-piece.com\\\/\",\"logo\":{\"@type\":\"ImageObject\",\"inLanguage\":\"da-DK\",\"@id\":\"https:\\\/\\\/boutique-one-piece.com\\\/#\\\/schema\\\/logo\\\/image\\\/\",\"url\":\"https:\\\/\\\/boutique-one-piece.com\\\/wp-content\\\/uploads\\\/2022\\\/09\\\/Logo-01.png\",\"contentUrl\":\"https:\\\/\\\/boutique-one-piece.com\\\/wp-content\\\/uploads\\\/2022\\\/09\\\/Logo-01.png\",\"width\":2318,\"height\":957,\"caption\":\"Boutique One Piece\"},\"image\":{\"@id\":\"https:\\\/\\\/boutique-one-piece.com\\\/#\\\/schema\\\/logo\\\/image\\\/\"}}]}<\/script>\n<!-- \/ Yoast SEO plugin. -->","yoast_head_json":{"title":"One Piece Sabo-figur og hans flag | One Piece-figur \u2013 One Piece Shop","description":"Unge pirat, tiden er kommet til at f\u00e5 fingrene i denne One Piece Sabo-figur og hans flag. Her er en kort introduktion til Sabo (bare for at genopfriske din hukommelse)! Sabo blev f\u00f8dt ind i en adelig familie, men besluttede sig for at stikke af og bos\u00e6tte sig i den Gr\u00e5 Terminal. Han blev bror til","robots":{"index":"index","follow":"follow","max-snippet":"max-snippet:-1","max-image-preview":"max-image-preview:large","max-video-preview":"max-video-preview:-1"},"canonical":"https:\/\/boutique-one-piece.com\/da\/one-piece-figurer-2\/sabo-figurer\/one-piece-sabo-figur-og-hans-flag\/","og_locale":"da_DK","og_type":"article","og_title":"Figurine One Piece Sabo et son Drapeau | Figurine One Piece \u2013 Boutique One Piece","og_description":"Jeune pirate, le moment est venu pour toi de te procurer cette Figurine One Piece Sabo et son Drapeau. Voici une br\u00e8ve pr\u00e9sentation de Sabo, (uniquement faite pour te rafraichir la m\u00e9moire) ! Sabo est n\u00e9 dans une famille de Noble, mais d\u00e9cida de s'enfuir et de s'installer dans le Grey Terminal. Il est devenu le fr\u00e8re d","og_url":"https:\/\/boutique-one-piece.com\/da\/one-piece-figurer-2\/sabo-figurer\/one-piece-sabo-figur-og-hans-flag\/","og_site_name":"Boutique One Piece","article_modified_time":"2024-09-16T11:32:02+00:00","og_image":[{"width":640,"height":640,"url":"https:\/\/boutique-one-piece.com\/wp-content\/uploads\/2022\/09\/Figurine-One-Piece-Sabo-et-son-Drapeau.jpg","type":"image\/jpeg"}],"twitter_card":"summary_large_image","twitter_misc":{"Estimeret l\u00e6setid":"2 minutter"},"schema":{"@context":"https:\/\/schema.org","@graph":[{"@type":"WebPage","@id":"https:\/\/boutique-one-piece.com\/figurines-one-piece\/figurines-sabo\/figurine-one-piece-sabo-et-son-drapeau\/","url":"https:\/\/boutique-one-piece.com\/figurines-one-piece\/figurines-sabo\/figurine-one-piece-sabo-et-son-drapeau\/","name":"One Piece Sabo-figur og hans flag | One Piece-figur \u2013 One Piece Shop","isPartOf":{"@id":"https:\/\/boutique-one-piece.com\/#website"},"primaryImageOfPage":{"@id":"https:\/\/boutique-one-piece.com\/figurines-one-piece\/figurines-sabo\/figurine-one-piece-sabo-et-son-drapeau\/#primaryimage"},"image":{"@id":"https:\/\/boutique-one-piece.com\/figurines-one-piece\/figurines-sabo\/figurine-one-piece-sabo-et-son-drapeau\/#primaryimage"},"thumbnailUrl":"https:\/\/boutique-one-piece.com\/wp-content\/uploads\/2022\/09\/Figurine-One-Piece-Sabo-et-son-Drapeau.jpg","datePublished":"2022-09-27T20:16:51+00:00","dateModified":"2024-09-16T11:32:02+00:00","description":"Unge pirat, tiden er kommet til at f\u00e5 fingrene i denne One Piece Sabo-figur og hans flag. Her er en kort introduktion til Sabo (bare for at genopfriske din hukommelse)! Sabo blev f\u00f8dt ind i en adelig familie, men besluttede sig for at stikke af og bos\u00e6tte sig i den Gr\u00e5 Terminal. Han blev bror til","breadcrumb":{"@id":"https:\/\/boutique-one-piece.com\/figurines-one-piece\/figurines-sabo\/figurine-one-piece-sabo-et-son-drapeau\/#breadcrumb"},"inLanguage":"da-DK","potentialAction":[{"@type":"ReadAction","target":["https:\/\/boutique-one-piece.com\/figurines-one-piece\/figurines-sabo\/figurine-one-piece-sabo-et-son-drapeau\/"]}]},{"@type":"ImageObject","inLanguage":"da-DK","@id":"https:\/\/boutique-one-piece.com\/figurines-one-piece\/figurines-sabo\/figurine-one-piece-sabo-et-son-drapeau\/#primaryimage","url":"https:\/\/boutique-one-piece.com\/wp-content\/uploads\/2022\/09\/Figurine-One-Piece-Sabo-et-son-Drapeau.jpg","contentUrl":"https:\/\/boutique-one-piece.com\/wp-content\/uploads\/2022\/09\/Figurine-One-Piece-Sabo-et-son-Drapeau.jpg","width":640,"height":640,"caption":"Figurine One Piece Sabo et son Drapeau Default Title"},{"@type":"BreadcrumbList","@id":"https:\/\/boutique-one-piece.com\/figurines-one-piece\/figurines-sabo\/figurine-one-piece-sabo-et-son-drapeau\/#breadcrumb","itemListElement":[{"@type":"ListItem","position":1,"name":"Home","item":"https:\/\/boutique-one-piece.com\/"},{"@type":"ListItem","position":2,"name":"Shop","item":"https:\/\/boutique-one-piece.com\/shop\/"},{"@type":"ListItem","position":3,"name":"Figurine One Piece Sabo et son Drapeau"}]},{"@type":"WebSite","@id":"https:\/\/boutique-one-piece.com\/#website","url":"https:\/\/boutique-one-piece.com\/","name":"One Piece Shop","description":"Specialbutik for One Piece Manga og Anime","publisher":{"@id":"https:\/\/boutique-one-piece.com\/#organization"},"potentialAction":[{"@type":"SearchAction","target":{"@type":"EntryPoint","urlTemplate":"https:\/\/boutique-one-piece.com\/?s={search_term_string}"},"query-input":{"@type":"PropertyValueSpecification","valueRequired":true,"valueName":"search_term_string"}}],"inLanguage":"da-DK"},{"@type":"Organization","@id":"https:\/\/boutique-one-piece.com\/#organization","name":"One Piece Shop","url":"https:\/\/boutique-one-piece.com\/","logo":{"@type":"ImageObject","inLanguage":"da-DK","@id":"https:\/\/boutique-one-piece.com\/#\/schema\/logo\/image\/","url":"https:\/\/boutique-one-piece.com\/wp-content\/uploads\/2022\/09\/Logo-01.png","contentUrl":"https:\/\/boutique-one-piece.com\/wp-content\/uploads\/2022\/09\/Logo-01.png","width":2318,"height":957,"caption":"Boutique One Piece"},"image":{"@id":"https:\/\/boutique-one-piece.com\/#\/schema\/logo\/image\/"}}]}},"_links":{"self":[{"href":"https:\/\/boutique-one-piece.com\/da\/wp-json\/wp\/v2\/product\/9005","targetHints":{"allow":["GET"]}}],"collection":[{"href":"https:\/\/boutique-one-piece.com\/da\/wp-json\/wp\/v2\/product"}],"about":[{"href":"https:\/\/boutique-one-piece.com\/da\/wp-json\/wp\/v2\/types\/product"}],"replies":[{"embeddable":true,"href":"https:\/\/boutique-one-piece.com\/da\/wp-json\/wp\/v2\/comments?post=9005"}],"wp:featuredmedia":[{"embeddable":true,"href":"https:\/\/boutique-one-piece.com\/da\/wp-json\/wp\/v2\/media\/9007"}],"wp:attachment":[{"href":"https:\/\/boutique-one-piece.com\/da\/wp-json\/wp\/v2\/media?parent=9005"}],"wp:term":[{"taxonomy":"product_brand","embeddable":true,"href":"https:\/\/boutique-one-piece.com\/da\/wp-json\/wp\/v2\/product_brand?post=9005"},{"taxonomy":"product_cat","embeddable":true,"href":"https:\/\/boutique-one-piece.com\/da\/wp-json\/wp\/v2\/product_cat?post=9005"},{"taxonomy":"product_tag","embeddable":true,"href":"https:\/\/boutique-one-piece.com\/da\/wp-json\/wp\/v2\/product_tag?post=9005"}],"curies":[{"name":"wp","href":"https:\/\/api.w.org\/{rel}","templated":true}]}}