{"id":9186,"date":"2022-09-27T20:18:06","date_gmt":"2022-09-27T20:18:06","guid":{"rendered":"https:\/\/boutique-one-piece.com\/uncategorized\/figurine-one-piece-dracule-mihawk-le-shishibukai\/"},"modified":"2024-09-16T11:37:15","modified_gmt":"2024-09-16T11:37:15","slug":"one-piece-figur-dracule-mihawk-og-shishibukai","status":"publish","type":"product","link":"https:\/\/boutique-one-piece.com\/da\/one-piece-figurer-2\/one-piece-figur-dracule-mihawk-og-shishibukai\/","title":{"rendered":"One Piece-figur Dracule Mihawk: Shishibukai"},"content":{"rendered":"<h2>Unge pirat, tiden er kommet til at du f\u00e5r fat i denne One Piece Dracule Mihawk The Shichibukai-figur.<\/h2>\n<p>Du er uden tvivl klar over det <strong>Dracule Mihawk<\/strong> kendt under \u00f8genavnet Hawkeye er den f\u00f8rste <strong>Corsair Kaptajn<\/strong> at dukke op. Han forblev en Krigsherre over Havet indtil gruppens opl\u00f8sning. Du b\u00f8r ogs\u00e5 vide, at de Syv Krigsherrer over Havet eller de Syv Krigsherrer over Havet (p\u00e5 japansk &quot;Shichibukai&quot;) var en gruppe p\u00e5 syv magtfulde og ber\u00f8mte pirater, hvoraf nogle ledte bes\u00e6tninger og andre ikke, som havde indg\u00e5et en pagt med Verdensregeringen.<\/p>\n<p>De var en del af verdens tre stormagter, sammen med marinehovedkvarteret og de fire kejsere. Til sidst, tilbage til Dracule Mihawk, han har titlen &quot;Verdens st\u00f8rste sv\u00e6rdk\u00e6mper&quot;, for ikke at n\u00e6vne at han var Zoro Roronoas tr\u00e6ner i l\u00f8bet af det to\u00e5rige tidsspring. Desuden... <a title=\"ONE PIECE ZORO FIGUR HVIDT OUTFIT\" href=\"https:\/\/boutique-one-piece.com\/da\/one-piece-zoro-figur-i-hvidt-outfit\/\" target=\"_blank\" rel=\"noopener\">Zoro Roronoa figur<\/a>, [Navn], kl\u00e6dt i hvidt, er inden for din r\u00e6kkevidde.<\/p>\n<h3>S\u00e5 er du fascineret af piratkaptajnfiguren? Hvis ja, s\u00e5 t\u00f8v ikke l\u00e6ngere og oplev mange eventyr sammen med Dracule Mihawk.<\/h3>\n<p>Unge pirat, tiden er inde til at tage din sk\u00e6bne i egne h\u00e6nder. Dyk ned, eller dyk ned igen, <strong>One Piece-universet<\/strong>. For at g\u00f8re dette, skal du anskaffe dig disse mytiske genstande nu. De vil aldrig forlade din side og vil ledsage dig p\u00e5 alle dine eventyr. <strong>One Piece-skat<\/strong> Venter p\u00e5 dig!<\/p>\n<h2>Information om Dracule Mihawk Shichibukai-figuren<\/h2>\n<ul data-mce-fragment=\"1\">\n<li data-mce-fragment=\"1\"><span data-mce-fragment=\"1\"><b data-mce-fragment=\"1\"><u data-mce-fragment=\"1\">One Piece-figur<\/u><\/b>\u00a0Premium One Piece-figur til \u00e6gte pirater<\/span><\/li>\n<\/ul>\n<ul data-mce-fragment=\"1\">\n<li data-mce-fragment=\"1\">\n<b data-mce-fragment=\"1\">Materie<\/b><span data-mce-fragment=\"1\">\u00a0<\/span>PVC<\/li>\n<\/ul>\n<ul data-mce-fragment=\"1\">\n<li data-mce-fragment=\"1\"><span data-mce-fragment=\"1\"><strong data-mce-fragment=\"1\">Dimension<\/strong>\u00a0: 34 cm<\/span><\/li>\n<\/ul>\n<ul data-mce-fragment=\"1\">\n<li data-mce-fragment=\"1\"><span data-mce-fragment=\"1\"><strong data-mce-fragment=\"1\">GRATIS LEVERING<\/strong><\/span><\/li>\n<\/ul>","protected":false},"excerpt":{"rendered":"<p>Unge pirat, tiden er kommet til at f\u00e5 fingrene i denne One Piece Dracule Mihawk Shichibukai-figur. Du er sikkert klar over, at Dracule Mihawk, ogs\u00e5 kendt som Hawkeye, var den f\u00f8rste krigsherre over havet. Han forblev krigsherre indtil gruppens opl\u00f8sning. Du b\u00f8r ogs\u00e5 [\u2026]<\/p>","protected":false},"featured_media":9188,"comment_status":"open","ping_status":"open","template":"","meta":[],"product_brand":[],"product_cat":[76],"product_tag":[272],"class_list":{"0":"post-9186","1":"product","2":"type-product","3":"status-publish","4":"has-post-thumbnail","6":"product_cat-figurines-one-piece","7":"product_tag-mihawk","9":"first","10":"instock","11":"purchasable","12":"product-type-simple"},"yoast_head":"<!-- This site is optimized with the Yoast SEO plugin v27.5 - https:\/\/yoast.com\/product\/yoast-seo-wordpress\/ -->\n<title>Figurine One Piece Dracule Mihawk Le Shishibukai | Figurine One Piece \u2013 Boutique One Piece<\/title>\n<meta name=\"description\" content=\"Jeune pirate, le moment est venu pour toi de te procurer cette Figurine One Piece Dracule Mihawk Le Shichibukai. Tu n&#039;es pas sans savoir que Dracule Mihawk connu sous le surnom d\u2019\u0153il de Faucon est le premier Capitaine Corsaire \u00e0 appara\u00eetre. Il est rest\u00e9 Capitaine Corsaire jusqu&#039;\u00e0 la dissolution de ce groupe. Tu dois \u00e9g\" \/>\n<meta name=\"robots\" content=\"index, follow, max-snippet:-1, max-image-preview:large, max-video-preview:-1\" \/>\n<link rel=\"canonical\" href=\"https:\/\/boutique-one-piece.com\/da\/one-piece-figurer-2\/one-piece-figur-dracule-mihawk-og-shishibukai\/\" \/>\n<meta property=\"og:locale\" content=\"da_DK\" \/>\n<meta property=\"og:type\" content=\"article\" \/>\n<meta property=\"og:title\" content=\"Figurine One Piece Dracule Mihawk Le Shishibukai | Figurine One Piece \u2013 Boutique One Piece\" \/>\n<meta property=\"og:description\" content=\"Jeune pirate, le moment est venu pour toi de te procurer cette Figurine One Piece Dracule Mihawk Le Shichibukai. Tu n&#039;es pas sans savoir que Dracule Mihawk connu sous le surnom d\u2019\u0153il de Faucon est le premier Capitaine Corsaire \u00e0 appara\u00eetre. Il est rest\u00e9 Capitaine Corsaire jusqu&#039;\u00e0 la dissolution de ce groupe. Tu dois \u00e9g\" \/>\n<meta property=\"og:url\" content=\"https:\/\/boutique-one-piece.com\/da\/one-piece-figurer-2\/one-piece-figur-dracule-mihawk-og-shishibukai\/\" \/>\n<meta property=\"og:site_name\" content=\"Boutique One Piece\" \/>\n<meta property=\"article:modified_time\" content=\"2024-09-16T11:37:15+00:00\" \/>\n<meta property=\"og:image\" content=\"https:\/\/boutique-one-piece.com\/wp-content\/uploads\/2022\/09\/Figurine-One-Piece-Dracule-Mihawk-Le-Shishibukai-1.jpg\" \/>\n\t<meta property=\"og:image:width\" content=\"800\" \/>\n\t<meta property=\"og:image:height\" content=\"800\" \/>\n\t<meta property=\"og:image:type\" content=\"image\/jpeg\" \/>\n<meta name=\"twitter:card\" content=\"summary_large_image\" \/>\n<meta name=\"twitter:label1\" content=\"Estimeret l\u00e6setid\" \/>\n\t<meta name=\"twitter:data1\" content=\"1 minut\" \/>\n<script type=\"application\/ld+json\" class=\"yoast-schema-graph\">{\"@context\":\"https:\\\/\\\/schema.org\",\"@graph\":[{\"@type\":\"WebPage\",\"@id\":\"https:\\\/\\\/boutique-one-piece.com\\\/figurines-one-piece\\\/figurine-one-piece-dracule-mihawk-le-shishibukai\\\/\",\"url\":\"https:\\\/\\\/boutique-one-piece.com\\\/figurines-one-piece\\\/figurine-one-piece-dracule-mihawk-le-shishibukai\\\/\",\"name\":\"Figurine One Piece Dracule Mihawk Le Shishibukai | Figurine One Piece \u2013 Boutique One Piece\",\"isPartOf\":{\"@id\":\"https:\\\/\\\/boutique-one-piece.com\\\/#website\"},\"primaryImageOfPage\":{\"@id\":\"https:\\\/\\\/boutique-one-piece.com\\\/figurines-one-piece\\\/figurine-one-piece-dracule-mihawk-le-shishibukai\\\/#primaryimage\"},\"image\":{\"@id\":\"https:\\\/\\\/boutique-one-piece.com\\\/figurines-one-piece\\\/figurine-one-piece-dracule-mihawk-le-shishibukai\\\/#primaryimage\"},\"thumbnailUrl\":\"https:\\\/\\\/boutique-one-piece.com\\\/wp-content\\\/uploads\\\/2022\\\/09\\\/Figurine-One-Piece-Dracule-Mihawk-Le-Shishibukai-1.jpg\",\"datePublished\":\"2022-09-27T20:18:06+00:00\",\"dateModified\":\"2024-09-16T11:37:15+00:00\",\"description\":\"Jeune pirate, le moment est venu pour toi de te procurer cette Figurine One Piece Dracule Mihawk Le Shichibukai. Tu n'es pas sans savoir que Dracule Mihawk connu sous le surnom d\u2019\u0153il de Faucon est le premier Capitaine Corsaire \u00e0 appara\u00eetre. Il est rest\u00e9 Capitaine Corsaire jusqu'\u00e0 la dissolution de ce groupe. Tu dois \u00e9g\",\"breadcrumb\":{\"@id\":\"https:\\\/\\\/boutique-one-piece.com\\\/figurines-one-piece\\\/figurine-one-piece-dracule-mihawk-le-shishibukai\\\/#breadcrumb\"},\"inLanguage\":\"da-DK\",\"potentialAction\":[{\"@type\":\"ReadAction\",\"target\":[\"https:\\\/\\\/boutique-one-piece.com\\\/figurines-one-piece\\\/figurine-one-piece-dracule-mihawk-le-shishibukai\\\/\"]}]},{\"@type\":\"ImageObject\",\"inLanguage\":\"da-DK\",\"@id\":\"https:\\\/\\\/boutique-one-piece.com\\\/figurines-one-piece\\\/figurine-one-piece-dracule-mihawk-le-shishibukai\\\/#primaryimage\",\"url\":\"https:\\\/\\\/boutique-one-piece.com\\\/wp-content\\\/uploads\\\/2022\\\/09\\\/Figurine-One-Piece-Dracule-Mihawk-Le-Shishibukai-1.jpg\",\"contentUrl\":\"https:\\\/\\\/boutique-one-piece.com\\\/wp-content\\\/uploads\\\/2022\\\/09\\\/Figurine-One-Piece-Dracule-Mihawk-Le-Shishibukai-1.jpg\",\"width\":800,\"height\":800},{\"@type\":\"BreadcrumbList\",\"@id\":\"https:\\\/\\\/boutique-one-piece.com\\\/figurines-one-piece\\\/figurine-one-piece-dracule-mihawk-le-shishibukai\\\/#breadcrumb\",\"itemListElement\":[{\"@type\":\"ListItem\",\"position\":1,\"name\":\"Home\",\"item\":\"https:\\\/\\\/boutique-one-piece.com\\\/\"},{\"@type\":\"ListItem\",\"position\":2,\"name\":\"Shop\",\"item\":\"https:\\\/\\\/boutique-one-piece.com\\\/shop\\\/\"},{\"@type\":\"ListItem\",\"position\":3,\"name\":\"Figurine One Piece Dracule Mihawk Le Shishibukai\"}]},{\"@type\":\"WebSite\",\"@id\":\"https:\\\/\\\/boutique-one-piece.com\\\/#website\",\"url\":\"https:\\\/\\\/boutique-one-piece.com\\\/\",\"name\":\"Boutique One Piece\",\"description\":\"Magasin Sp\u00e9cialis\u00e9 du Manga et l&#039;Anime One Piece\",\"publisher\":{\"@id\":\"https:\\\/\\\/boutique-one-piece.com\\\/#organization\"},\"potentialAction\":[{\"@type\":\"SearchAction\",\"target\":{\"@type\":\"EntryPoint\",\"urlTemplate\":\"https:\\\/\\\/boutique-one-piece.com\\\/?s={search_term_string}\"},\"query-input\":{\"@type\":\"PropertyValueSpecification\",\"valueRequired\":true,\"valueName\":\"search_term_string\"}}],\"inLanguage\":\"da-DK\"},{\"@type\":\"Organization\",\"@id\":\"https:\\\/\\\/boutique-one-piece.com\\\/#organization\",\"name\":\"Boutique One Piece\",\"url\":\"https:\\\/\\\/boutique-one-piece.com\\\/\",\"logo\":{\"@type\":\"ImageObject\",\"inLanguage\":\"da-DK\",\"@id\":\"https:\\\/\\\/boutique-one-piece.com\\\/#\\\/schema\\\/logo\\\/image\\\/\",\"url\":\"https:\\\/\\\/boutique-one-piece.com\\\/wp-content\\\/uploads\\\/2022\\\/09\\\/Logo-01.png\",\"contentUrl\":\"https:\\\/\\\/boutique-one-piece.com\\\/wp-content\\\/uploads\\\/2022\\\/09\\\/Logo-01.png\",\"width\":2318,\"height\":957,\"caption\":\"Boutique One Piece\"},\"image\":{\"@id\":\"https:\\\/\\\/boutique-one-piece.com\\\/#\\\/schema\\\/logo\\\/image\\\/\"}}]}<\/script>\n<!-- \/ Yoast SEO plugin. -->","yoast_head_json":{"title":"One Piece Figur Dracule Mihawk The Shishibukai | One Piece Figur \u2013 One Piece Shop","description":"Unge pirat, tiden er kommet til at f\u00e5 fingrene i denne One Piece Dracule Mihawk Shichibukai-figur. Du er sikkert klar over, at Dracule Mihawk, kendt som Hawkeye, var den f\u00f8rste krigsherre over havet. Han forblev krigsherre indtil gruppens opl\u00f8sning. Du skal ogs\u00e5...","robots":{"index":"index","follow":"follow","max-snippet":"max-snippet:-1","max-image-preview":"max-image-preview:large","max-video-preview":"max-video-preview:-1"},"canonical":"https:\/\/boutique-one-piece.com\/da\/one-piece-figurer-2\/one-piece-figur-dracule-mihawk-og-shishibukai\/","og_locale":"da_DK","og_type":"article","og_title":"Figurine One Piece Dracule Mihawk Le Shishibukai | Figurine One Piece \u2013 Boutique One Piece","og_description":"Jeune pirate, le moment est venu pour toi de te procurer cette Figurine One Piece Dracule Mihawk Le Shichibukai. Tu n'es pas sans savoir que Dracule Mihawk connu sous le surnom d\u2019\u0153il de Faucon est le premier Capitaine Corsaire \u00e0 appara\u00eetre. Il est rest\u00e9 Capitaine Corsaire jusqu'\u00e0 la dissolution de ce groupe. Tu dois \u00e9g","og_url":"https:\/\/boutique-one-piece.com\/da\/one-piece-figurer-2\/one-piece-figur-dracule-mihawk-og-shishibukai\/","og_site_name":"Boutique One Piece","article_modified_time":"2024-09-16T11:37:15+00:00","og_image":[{"width":800,"height":800,"url":"https:\/\/boutique-one-piece.com\/wp-content\/uploads\/2022\/09\/Figurine-One-Piece-Dracule-Mihawk-Le-Shishibukai-1.jpg","type":"image\/jpeg"}],"twitter_card":"summary_large_image","twitter_misc":{"Estimeret l\u00e6setid":"1 minut"},"schema":{"@context":"https:\/\/schema.org","@graph":[{"@type":"WebPage","@id":"https:\/\/boutique-one-piece.com\/figurines-one-piece\/figurine-one-piece-dracule-mihawk-le-shishibukai\/","url":"https:\/\/boutique-one-piece.com\/figurines-one-piece\/figurine-one-piece-dracule-mihawk-le-shishibukai\/","name":"One Piece Figur Dracule Mihawk The Shishibukai | One Piece Figur \u2013 One Piece Shop","isPartOf":{"@id":"https:\/\/boutique-one-piece.com\/#website"},"primaryImageOfPage":{"@id":"https:\/\/boutique-one-piece.com\/figurines-one-piece\/figurine-one-piece-dracule-mihawk-le-shishibukai\/#primaryimage"},"image":{"@id":"https:\/\/boutique-one-piece.com\/figurines-one-piece\/figurine-one-piece-dracule-mihawk-le-shishibukai\/#primaryimage"},"thumbnailUrl":"https:\/\/boutique-one-piece.com\/wp-content\/uploads\/2022\/09\/Figurine-One-Piece-Dracule-Mihawk-Le-Shishibukai-1.jpg","datePublished":"2022-09-27T20:18:06+00:00","dateModified":"2024-09-16T11:37:15+00:00","description":"Unge pirat, tiden er kommet til at f\u00e5 fingrene i denne One Piece Dracule Mihawk Shichibukai-figur. Du er sikkert klar over, at Dracule Mihawk, kendt som Hawkeye, var den f\u00f8rste krigsherre over havet. Han forblev krigsherre indtil gruppens opl\u00f8sning. Du skal ogs\u00e5...","breadcrumb":{"@id":"https:\/\/boutique-one-piece.com\/figurines-one-piece\/figurine-one-piece-dracule-mihawk-le-shishibukai\/#breadcrumb"},"inLanguage":"da-DK","potentialAction":[{"@type":"ReadAction","target":["https:\/\/boutique-one-piece.com\/figurines-one-piece\/figurine-one-piece-dracule-mihawk-le-shishibukai\/"]}]},{"@type":"ImageObject","inLanguage":"da-DK","@id":"https:\/\/boutique-one-piece.com\/figurines-one-piece\/figurine-one-piece-dracule-mihawk-le-shishibukai\/#primaryimage","url":"https:\/\/boutique-one-piece.com\/wp-content\/uploads\/2022\/09\/Figurine-One-Piece-Dracule-Mihawk-Le-Shishibukai-1.jpg","contentUrl":"https:\/\/boutique-one-piece.com\/wp-content\/uploads\/2022\/09\/Figurine-One-Piece-Dracule-Mihawk-Le-Shishibukai-1.jpg","width":800,"height":800},{"@type":"BreadcrumbList","@id":"https:\/\/boutique-one-piece.com\/figurines-one-piece\/figurine-one-piece-dracule-mihawk-le-shishibukai\/#breadcrumb","itemListElement":[{"@type":"ListItem","position":1,"name":"Home","item":"https:\/\/boutique-one-piece.com\/"},{"@type":"ListItem","position":2,"name":"Shop","item":"https:\/\/boutique-one-piece.com\/shop\/"},{"@type":"ListItem","position":3,"name":"Figurine One Piece Dracule Mihawk Le Shishibukai"}]},{"@type":"WebSite","@id":"https:\/\/boutique-one-piece.com\/#website","url":"https:\/\/boutique-one-piece.com\/","name":"One Piece Shop","description":"Specialbutik for One Piece Manga og Anime","publisher":{"@id":"https:\/\/boutique-one-piece.com\/#organization"},"potentialAction":[{"@type":"SearchAction","target":{"@type":"EntryPoint","urlTemplate":"https:\/\/boutique-one-piece.com\/?s={search_term_string}"},"query-input":{"@type":"PropertyValueSpecification","valueRequired":true,"valueName":"search_term_string"}}],"inLanguage":"da-DK"},{"@type":"Organization","@id":"https:\/\/boutique-one-piece.com\/#organization","name":"One Piece Shop","url":"https:\/\/boutique-one-piece.com\/","logo":{"@type":"ImageObject","inLanguage":"da-DK","@id":"https:\/\/boutique-one-piece.com\/#\/schema\/logo\/image\/","url":"https:\/\/boutique-one-piece.com\/wp-content\/uploads\/2022\/09\/Logo-01.png","contentUrl":"https:\/\/boutique-one-piece.com\/wp-content\/uploads\/2022\/09\/Logo-01.png","width":2318,"height":957,"caption":"Boutique One Piece"},"image":{"@id":"https:\/\/boutique-one-piece.com\/#\/schema\/logo\/image\/"}}]}},"_links":{"self":[{"href":"https:\/\/boutique-one-piece.com\/da\/wp-json\/wp\/v2\/product\/9186","targetHints":{"allow":["GET"]}}],"collection":[{"href":"https:\/\/boutique-one-piece.com\/da\/wp-json\/wp\/v2\/product"}],"about":[{"href":"https:\/\/boutique-one-piece.com\/da\/wp-json\/wp\/v2\/types\/product"}],"replies":[{"embeddable":true,"href":"https:\/\/boutique-one-piece.com\/da\/wp-json\/wp\/v2\/comments?post=9186"}],"wp:featuredmedia":[{"embeddable":true,"href":"https:\/\/boutique-one-piece.com\/da\/wp-json\/wp\/v2\/media\/9188"}],"wp:attachment":[{"href":"https:\/\/boutique-one-piece.com\/da\/wp-json\/wp\/v2\/media?parent=9186"}],"wp:term":[{"taxonomy":"product_brand","embeddable":true,"href":"https:\/\/boutique-one-piece.com\/da\/wp-json\/wp\/v2\/product_brand?post=9186"},{"taxonomy":"product_cat","embeddable":true,"href":"https:\/\/boutique-one-piece.com\/da\/wp-json\/wp\/v2\/product_cat?post=9186"},{"taxonomy":"product_tag","embeddable":true,"href":"https:\/\/boutique-one-piece.com\/da\/wp-json\/wp\/v2\/product_tag?post=9186"}],"curies":[{"name":"wp","href":"https:\/\/api.w.org\/{rel}","templated":true}]}}