{"id":9230,"date":"2022-09-27T20:18:23","date_gmt":"2022-09-27T20:18:23","guid":{"rendered":"https:\/\/boutique-one-piece.com\/uncategorized\/casquette-one-piece-trafalgar-law\/"},"modified":"2026-02-15T14:21:01","modified_gmt":"2026-02-15T14:21:01","slug":"trafalgar-law-kasket-i-et-stykke","status":"publish","type":"product","link":"https:\/\/boutique-one-piece.com\/da\/one-piece-toj\/one-piece-kasketter-og-hatte\/trafalgar-law-kasket-i-et-stykke\/","title":{"rendered":"One Piece Trafalgar Law-kasket"},"content":{"rendered":"<h2>Bl\u00e5 og gul One Piece-kasket med Trafalgar Laws Jolly Roger-kasket<span>\u00a0<\/span>Kvalitet for en pirat som dig!<\/h2>\n<p>Hvis du er en\u00a0<strong>rigtig pirat<\/strong>, Du vil s\u00e6tte pris p\u00e5\u00a0<strong>kvalitet<\/strong>\u00a0af visiret og af\u00a0<strong>3D-l\u00e6rredsprint<span>\u00a0<\/span><\/strong>og den<span>\u00a0<\/span><strong>broderet design<\/strong>\u00a0af dette\u00a0<strong>One Piece-kasket<\/strong>\u00a0Men vigtigst af alt, vil du v\u00e6re en del af\u00a0<strong>fanholdet<\/strong>\u00a0af\u00a0<strong>piratmanga<\/strong>\u00a0og du vil f\u00e5:<\/p>\n<ul>\n<li>\u00a0<strong>Beundring<\/strong>\u00a0af alle fans af\u00a0<strong>universet<\/strong>\u00a0af\u00a0<strong>licens<\/strong>\u00a0af\u00a0<strong>manga<\/strong>\u00a0som du vil m\u00f8de<\/li>\n<\/ul>\n<ul>\n<li>En \u00e6gte\u00a0<strong>Kasket<\/strong>\u00a0med hvilket du kan\u00a0<strong>dele<\/strong>\u00a0dine\u00a0<strong>passion<\/strong>\u00a0For<span>\u00a0<\/span><strong>universet<\/strong>\u00a0<strong>\u00c9t stykke<\/strong>\n<\/li>\n<\/ul>\n<p>S\u00e5, klar til at b\u00e6re\u00a0<strong>farver\u00a0<\/strong>af<strong>\u00a0<\/strong>dine<strong>\u00a0yndlingsmanga<\/strong>\u00a0?<\/p>\n<h2>Er du fan af One Piece manga eller anime? Vis det frem med denne One Piece kasket!<\/h2>\n<p>Hvis du\u00a0<strong>l\u00e6se<\/strong>\u00a0eller hvor end du kigger hen\u00a0\u00a0<strong>Japansk anime<\/strong>, Der er en god chance for, at du er blevet\u00a0<strong>vild med One Piece<\/strong>\u00a0Med dette\u00a0<strong>One Piece Trafalgar Law-kasket<span>\u00a0<\/span><\/strong>, slutte sig til\u2019<strong>en gruppe fans af franchisen<\/strong><\/p>\n<p>Denne<span>\u00a0<\/span><strong>broderet kasket<\/strong><span>\u00a0<\/span>vil v\u00e6re egnet til alle kategorier af pirater,\u00a0<strong>mand<\/strong>\u00a0Eller\u00a0<strong>kvinder<\/strong>, selvom du ikke har\u00a0<strong>sv\u00e6rd<\/strong>\u00a0eller\u00a0<strong>dj\u00e6velfrugt<\/strong>\u00a0Du kan stadig b\u00e6re den med stolthed.<\/p>\n<h2>Information om kasketten:\u00a0<\/h2>\n<ul>\n<li>\u00a0<b>Stilkasket<span>\u00a0<\/span>Klassisk\u00a0<\/b>: konstitueret<span>\u00a0<\/span>af 6\u00a0<strong>paneler<\/strong>\u00a0i\u00a0<strong>polyester<\/strong>\n<\/li>\n<\/ul>\n<ul>\n<li>\n<strong>Polyester<\/strong>\u00a0med sin\u00a0<strong>sammens\u00e6tning\u00a0<\/strong>i<strong>\u00a0polyester<\/strong>, Denne kasket tilbyder en perfekt\u00a0<strong>beskyttelse<\/strong>\u00a0mod\u00a0<strong>sol\u00a0<\/strong>Og<strong>\u00a0vand<\/strong>.\u00a0<\/li>\n<\/ul>\n<ul>\n<li>\n<strong>Meget behagelig\u00a0<\/strong>hun er meget<span>\u00a0<\/span><strong>behagelig<\/strong><span>\u00a0<\/span>\u00e0<span>\u00a0<\/span><strong>at b\u00e6re<\/strong>\n<\/li>\n<\/ul>\n<ul>\n<li>\n<strong>3D digital print<\/strong>\u00a0hjelm<strong>\u00a0trykt<\/strong>\u00a0med et originalt design,\u00a0<strong>L\u00e6rredstryk<\/strong>\n<\/li>\n<\/ul>\n<ul>\n<li>\n<strong>Fladt visir\u00a0<\/strong>der\u00a0<strong>visir<\/strong>\u00a0\u00d8st<b>\u00a0H\u00d8JRE<\/b>\n<\/li>\n<\/ul>\n<ul>\n<li>\n<strong>Gratis levering\u00a0<\/strong>for ethvert k\u00f8b<\/li>\n<\/ul>","protected":false},"excerpt":{"rendered":"<p>Bl\u00e5 og gul One Piece-kasket med Trafalgar Laws Jolly Roger, en kvalitetskasket til en pirat som dig! Hvis du er en sand pirat, vil du s\u00e6tte pris p\u00e5 kvaliteten af visiret, 3D-l\u00e6rredstrykket og det broderede design p\u00e5 denne One Piece-kasket! Men vigtigst af alt, vil du v\u00e6re en del af fanskaren af piratmangaen, og du vil opn\u00e5: Beundring fra alle fans [\u2026]<\/p>","protected":false},"featured_media":20817,"comment_status":"open","ping_status":"open","template":"","meta":[],"product_brand":[],"product_cat":[190],"product_tag":[202,182],"class_list":{"0":"post-9230","1":"product","2":"type-product","3":"status-publish","4":"has-post-thumbnail","6":"product_cat-casquettes-et-chapeaux-one-piece","7":"product_tag-law","8":"product_tag-logo","10":"first","11":"instock","12":"purchasable","13":"product-type-simple"},"yoast_head":"<!-- This site is optimized with the Yoast SEO plugin v27.5 - https:\/\/yoast.com\/product\/yoast-seo-wordpress\/ -->\n<title>Casquette Jaune Embl\u00e8me Trafalgar Law | Boutique One Piece<\/title>\n<meta name=\"description\" content=\"Casquette Bleue et Jaune One Piece avec le Logo de Law de Haute Qualit\u00e9 avec une visi\u00e8re Plate, Partage ta Passion pour L&#039;univers des Pirates avec Style !\" \/>\n<meta name=\"robots\" content=\"index, follow, max-snippet:-1, max-image-preview:large, max-video-preview:-1\" \/>\n<link rel=\"canonical\" href=\"https:\/\/boutique-one-piece.com\/da\/one-piece-toj\/one-piece-kasketter-og-hatte\/trafalgar-law-kasket-i-et-stykke\/\" \/>\n<meta property=\"og:locale\" content=\"da_DK\" \/>\n<meta property=\"og:type\" content=\"article\" \/>\n<meta property=\"og:title\" content=\"Casquette Jaune Embl\u00e8me Trafalgar Law | Boutique One Piece\" \/>\n<meta property=\"og:description\" content=\"Casquette Bleue et Jaune One Piece avec le Logo de Law de Haute Qualit\u00e9 avec une visi\u00e8re Plate, Partage ta Passion pour L&#039;univers des Pirates avec Style !\" \/>\n<meta property=\"og:url\" content=\"https:\/\/boutique-one-piece.com\/da\/one-piece-toj\/one-piece-kasketter-og-hatte\/trafalgar-law-kasket-i-et-stykke\/\" \/>\n<meta property=\"og:site_name\" content=\"Boutique One Piece\" \/>\n<meta property=\"article:modified_time\" content=\"2026-02-15T14:21:01+00:00\" \/>\n<meta property=\"og:image\" content=\"https:\/\/boutique-one-piece.com\/wp-content\/uploads\/2022\/09\/imgi_1_S64f087329240405ea062f5fe3fa153cas.jpg\" \/>\n\t<meta property=\"og:image:width\" content=\"800\" \/>\n\t<meta property=\"og:image:height\" content=\"800\" \/>\n\t<meta property=\"og:image:type\" content=\"image\/jpeg\" \/>\n<meta name=\"twitter:card\" content=\"summary_large_image\" \/>\n<meta name=\"twitter:label1\" content=\"Estimeret l\u00e6setid\" \/>\n\t<meta name=\"twitter:data1\" content=\"2 minutter\" \/>\n<script type=\"application\/ld+json\" class=\"yoast-schema-graph\">{\"@context\":\"https:\\\/\\\/schema.org\",\"@graph\":[{\"@type\":\"WebPage\",\"@id\":\"https:\\\/\\\/boutique-one-piece.com\\\/vetements-one-piece\\\/casquettes-et-chapeaux-one-piece\\\/casquette-one-piece-trafalgar-law\\\/\",\"url\":\"https:\\\/\\\/boutique-one-piece.com\\\/vetements-one-piece\\\/casquettes-et-chapeaux-one-piece\\\/casquette-one-piece-trafalgar-law\\\/\",\"name\":\"Casquette Jaune Embl\u00e8me Trafalgar Law | Boutique One Piece\",\"isPartOf\":{\"@id\":\"https:\\\/\\\/boutique-one-piece.com\\\/#website\"},\"primaryImageOfPage\":{\"@id\":\"https:\\\/\\\/boutique-one-piece.com\\\/vetements-one-piece\\\/casquettes-et-chapeaux-one-piece\\\/casquette-one-piece-trafalgar-law\\\/#primaryimage\"},\"image\":{\"@id\":\"https:\\\/\\\/boutique-one-piece.com\\\/vetements-one-piece\\\/casquettes-et-chapeaux-one-piece\\\/casquette-one-piece-trafalgar-law\\\/#primaryimage\"},\"thumbnailUrl\":\"https:\\\/\\\/boutique-one-piece.com\\\/wp-content\\\/uploads\\\/2022\\\/09\\\/imgi_1_S64f087329240405ea062f5fe3fa153cas.jpg\",\"datePublished\":\"2022-09-27T20:18:23+00:00\",\"dateModified\":\"2026-02-15T14:21:01+00:00\",\"description\":\"Casquette Bleue et Jaune One Piece avec le Logo de Law de Haute Qualit\u00e9 avec une visi\u00e8re Plate, Partage ta Passion pour L'univers des Pirates avec Style !\",\"breadcrumb\":{\"@id\":\"https:\\\/\\\/boutique-one-piece.com\\\/vetements-one-piece\\\/casquettes-et-chapeaux-one-piece\\\/casquette-one-piece-trafalgar-law\\\/#breadcrumb\"},\"inLanguage\":\"da-DK\",\"potentialAction\":[{\"@type\":\"ReadAction\",\"target\":[\"https:\\\/\\\/boutique-one-piece.com\\\/vetements-one-piece\\\/casquettes-et-chapeaux-one-piece\\\/casquette-one-piece-trafalgar-law\\\/\"]}]},{\"@type\":\"ImageObject\",\"inLanguage\":\"da-DK\",\"@id\":\"https:\\\/\\\/boutique-one-piece.com\\\/vetements-one-piece\\\/casquettes-et-chapeaux-one-piece\\\/casquette-one-piece-trafalgar-law\\\/#primaryimage\",\"url\":\"https:\\\/\\\/boutique-one-piece.com\\\/wp-content\\\/uploads\\\/2022\\\/09\\\/imgi_1_S64f087329240405ea062f5fe3fa153cas.jpg\",\"contentUrl\":\"https:\\\/\\\/boutique-one-piece.com\\\/wp-content\\\/uploads\\\/2022\\\/09\\\/imgi_1_S64f087329240405ea062f5fe3fa153cas.jpg\",\"width\":800,\"height\":800},{\"@type\":\"BreadcrumbList\",\"@id\":\"https:\\\/\\\/boutique-one-piece.com\\\/vetements-one-piece\\\/casquettes-et-chapeaux-one-piece\\\/casquette-one-piece-trafalgar-law\\\/#breadcrumb\",\"itemListElement\":[{\"@type\":\"ListItem\",\"position\":1,\"name\":\"Home\",\"item\":\"https:\\\/\\\/boutique-one-piece.com\\\/\"},{\"@type\":\"ListItem\",\"position\":2,\"name\":\"Shop\",\"item\":\"https:\\\/\\\/boutique-one-piece.com\\\/shop\\\/\"},{\"@type\":\"ListItem\",\"position\":3,\"name\":\"Casquette One Piece Trafalgar Law\"}]},{\"@type\":\"WebSite\",\"@id\":\"https:\\\/\\\/boutique-one-piece.com\\\/#website\",\"url\":\"https:\\\/\\\/boutique-one-piece.com\\\/\",\"name\":\"Boutique One Piece\",\"description\":\"Magasin Sp\u00e9cialis\u00e9 du Manga et l&#039;Anime One Piece\",\"publisher\":{\"@id\":\"https:\\\/\\\/boutique-one-piece.com\\\/#organization\"},\"potentialAction\":[{\"@type\":\"SearchAction\",\"target\":{\"@type\":\"EntryPoint\",\"urlTemplate\":\"https:\\\/\\\/boutique-one-piece.com\\\/?s={search_term_string}\"},\"query-input\":{\"@type\":\"PropertyValueSpecification\",\"valueRequired\":true,\"valueName\":\"search_term_string\"}}],\"inLanguage\":\"da-DK\"},{\"@type\":\"Organization\",\"@id\":\"https:\\\/\\\/boutique-one-piece.com\\\/#organization\",\"name\":\"Boutique One Piece\",\"url\":\"https:\\\/\\\/boutique-one-piece.com\\\/\",\"logo\":{\"@type\":\"ImageObject\",\"inLanguage\":\"da-DK\",\"@id\":\"https:\\\/\\\/boutique-one-piece.com\\\/#\\\/schema\\\/logo\\\/image\\\/\",\"url\":\"https:\\\/\\\/boutique-one-piece.com\\\/wp-content\\\/uploads\\\/2022\\\/09\\\/Logo-01.png\",\"contentUrl\":\"https:\\\/\\\/boutique-one-piece.com\\\/wp-content\\\/uploads\\\/2022\\\/09\\\/Logo-01.png\",\"width\":2318,\"height\":957,\"caption\":\"Boutique One Piece\"},\"image\":{\"@id\":\"https:\\\/\\\/boutique-one-piece.com\\\/#\\\/schema\\\/logo\\\/image\\\/\"}}]}<\/script>\n<!-- \/ Yoast SEO plugin. -->","yoast_head_json":{"title":"Trafalgar Law Emblem Gul Kasket | One Piece Shop","description":"Bl\u00e5 og gul One Piece-kasket i h\u00f8j kvalitet med Laws logo og flad skygge. Del din passion for piraternes verden med stil!","robots":{"index":"index","follow":"follow","max-snippet":"max-snippet:-1","max-image-preview":"max-image-preview:large","max-video-preview":"max-video-preview:-1"},"canonical":"https:\/\/boutique-one-piece.com\/da\/one-piece-toj\/one-piece-kasketter-og-hatte\/trafalgar-law-kasket-i-et-stykke\/","og_locale":"da_DK","og_type":"article","og_title":"Casquette Jaune Embl\u00e8me Trafalgar Law | Boutique One Piece","og_description":"Casquette Bleue et Jaune One Piece avec le Logo de Law de Haute Qualit\u00e9 avec une visi\u00e8re Plate, Partage ta Passion pour L'univers des Pirates avec Style !","og_url":"https:\/\/boutique-one-piece.com\/da\/one-piece-toj\/one-piece-kasketter-og-hatte\/trafalgar-law-kasket-i-et-stykke\/","og_site_name":"Boutique One Piece","article_modified_time":"2026-02-15T14:21:01+00:00","og_image":[{"width":800,"height":800,"url":"https:\/\/boutique-one-piece.com\/wp-content\/uploads\/2022\/09\/imgi_1_S64f087329240405ea062f5fe3fa153cas.jpg","type":"image\/jpeg"}],"twitter_card":"summary_large_image","twitter_misc":{"Estimeret l\u00e6setid":"2 minutter"},"schema":{"@context":"https:\/\/schema.org","@graph":[{"@type":"WebPage","@id":"https:\/\/boutique-one-piece.com\/vetements-one-piece\/casquettes-et-chapeaux-one-piece\/casquette-one-piece-trafalgar-law\/","url":"https:\/\/boutique-one-piece.com\/vetements-one-piece\/casquettes-et-chapeaux-one-piece\/casquette-one-piece-trafalgar-law\/","name":"Trafalgar Law Emblem Gul Kasket | One Piece Shop","isPartOf":{"@id":"https:\/\/boutique-one-piece.com\/#website"},"primaryImageOfPage":{"@id":"https:\/\/boutique-one-piece.com\/vetements-one-piece\/casquettes-et-chapeaux-one-piece\/casquette-one-piece-trafalgar-law\/#primaryimage"},"image":{"@id":"https:\/\/boutique-one-piece.com\/vetements-one-piece\/casquettes-et-chapeaux-one-piece\/casquette-one-piece-trafalgar-law\/#primaryimage"},"thumbnailUrl":"https:\/\/boutique-one-piece.com\/wp-content\/uploads\/2022\/09\/imgi_1_S64f087329240405ea062f5fe3fa153cas.jpg","datePublished":"2022-09-27T20:18:23+00:00","dateModified":"2026-02-15T14:21:01+00:00","description":"Bl\u00e5 og gul One Piece-kasket i h\u00f8j kvalitet med Laws logo og flad skygge. Del din passion for piraternes verden med stil!","breadcrumb":{"@id":"https:\/\/boutique-one-piece.com\/vetements-one-piece\/casquettes-et-chapeaux-one-piece\/casquette-one-piece-trafalgar-law\/#breadcrumb"},"inLanguage":"da-DK","potentialAction":[{"@type":"ReadAction","target":["https:\/\/boutique-one-piece.com\/vetements-one-piece\/casquettes-et-chapeaux-one-piece\/casquette-one-piece-trafalgar-law\/"]}]},{"@type":"ImageObject","inLanguage":"da-DK","@id":"https:\/\/boutique-one-piece.com\/vetements-one-piece\/casquettes-et-chapeaux-one-piece\/casquette-one-piece-trafalgar-law\/#primaryimage","url":"https:\/\/boutique-one-piece.com\/wp-content\/uploads\/2022\/09\/imgi_1_S64f087329240405ea062f5fe3fa153cas.jpg","contentUrl":"https:\/\/boutique-one-piece.com\/wp-content\/uploads\/2022\/09\/imgi_1_S64f087329240405ea062f5fe3fa153cas.jpg","width":800,"height":800},{"@type":"BreadcrumbList","@id":"https:\/\/boutique-one-piece.com\/vetements-one-piece\/casquettes-et-chapeaux-one-piece\/casquette-one-piece-trafalgar-law\/#breadcrumb","itemListElement":[{"@type":"ListItem","position":1,"name":"Home","item":"https:\/\/boutique-one-piece.com\/"},{"@type":"ListItem","position":2,"name":"Shop","item":"https:\/\/boutique-one-piece.com\/shop\/"},{"@type":"ListItem","position":3,"name":"Casquette One Piece Trafalgar Law"}]},{"@type":"WebSite","@id":"https:\/\/boutique-one-piece.com\/#website","url":"https:\/\/boutique-one-piece.com\/","name":"One Piece Shop","description":"Specialbutik for One Piece Manga og Anime","publisher":{"@id":"https:\/\/boutique-one-piece.com\/#organization"},"potentialAction":[{"@type":"SearchAction","target":{"@type":"EntryPoint","urlTemplate":"https:\/\/boutique-one-piece.com\/?s={search_term_string}"},"query-input":{"@type":"PropertyValueSpecification","valueRequired":true,"valueName":"search_term_string"}}],"inLanguage":"da-DK"},{"@type":"Organization","@id":"https:\/\/boutique-one-piece.com\/#organization","name":"One Piece Shop","url":"https:\/\/boutique-one-piece.com\/","logo":{"@type":"ImageObject","inLanguage":"da-DK","@id":"https:\/\/boutique-one-piece.com\/#\/schema\/logo\/image\/","url":"https:\/\/boutique-one-piece.com\/wp-content\/uploads\/2022\/09\/Logo-01.png","contentUrl":"https:\/\/boutique-one-piece.com\/wp-content\/uploads\/2022\/09\/Logo-01.png","width":2318,"height":957,"caption":"Boutique One Piece"},"image":{"@id":"https:\/\/boutique-one-piece.com\/#\/schema\/logo\/image\/"}}]}},"_links":{"self":[{"href":"https:\/\/boutique-one-piece.com\/da\/wp-json\/wp\/v2\/product\/9230","targetHints":{"allow":["GET"]}}],"collection":[{"href":"https:\/\/boutique-one-piece.com\/da\/wp-json\/wp\/v2\/product"}],"about":[{"href":"https:\/\/boutique-one-piece.com\/da\/wp-json\/wp\/v2\/types\/product"}],"replies":[{"embeddable":true,"href":"https:\/\/boutique-one-piece.com\/da\/wp-json\/wp\/v2\/comments?post=9230"}],"wp:featuredmedia":[{"embeddable":true,"href":"https:\/\/boutique-one-piece.com\/da\/wp-json\/wp\/v2\/media\/20817"}],"wp:attachment":[{"href":"https:\/\/boutique-one-piece.com\/da\/wp-json\/wp\/v2\/media?parent=9230"}],"wp:term":[{"taxonomy":"product_brand","embeddable":true,"href":"https:\/\/boutique-one-piece.com\/da\/wp-json\/wp\/v2\/product_brand?post=9230"},{"taxonomy":"product_cat","embeddable":true,"href":"https:\/\/boutique-one-piece.com\/da\/wp-json\/wp\/v2\/product_cat?post=9230"},{"taxonomy":"product_tag","embeddable":true,"href":"https:\/\/boutique-one-piece.com\/da\/wp-json\/wp\/v2\/product_tag?post=9230"}],"curies":[{"name":"wp","href":"https:\/\/api.w.org\/{rel}","templated":true}]}}