{"id":9282,"date":"2022-09-27T20:18:42","date_gmt":"2022-09-27T20:18:42","guid":{"rendered":"https:\/\/boutique-one-piece.com\/uncategorized\/figurine-one-piece-dead-or-alive-franky-nouveau-monde\/"},"modified":"2024-09-16T11:39:21","modified_gmt":"2024-09-16T11:39:21","slug":"one-piece-dead-or-alive-franky-new-world-figur","status":"publish","type":"product","link":"https:\/\/boutique-one-piece.com\/da\/one-piece-figurer-2\/franky-figurer\/one-piece-dead-or-alive-franky-new-world-figur\/","title":{"rendered":"One Piece Dead or Alive Franky New World-figur"},"content":{"rendered":"<h2>Unge pirat, tiden er kommet til at du f\u00e5r fat i denne One Piece Dead or Alive Franky New World-figur.<\/h2>\n<p>Som en p\u00e5mindelse, Franky, hvis rigtige navn er <strong>Cutty Flam<\/strong>, er t\u00f8mreren i Straw Hat-holdet. <strong>Franky<\/strong> er en cyborg rekrutteret fra Water Seven og blev introduceret i historien som lederen af Franky-familien, en gruppe skibsophuggere. Han er ogs\u00e5 <strong>den f\u00f8rste cyborg<\/strong> medvirkende i serien.<\/p>\n<p>Efter anmodning fra Franky-familien vil Franky slutte sig til Straw Hat-holdet for at opfylde sin dr\u00f8m. Hans dus\u00f8r var 44.000.000 b\u00e6r f\u00f8r tidsspringet; den er nu n\u00e5et 94.000.000 efter begivenhederne i Dressrosa. Hvis du ogs\u00e5 gerne vil udvide din figursamling, kan du... <a title=\"ONE PIECE DEAD OR ALIVE NAMI-FIGUUR P\u00c5 BASE\" href=\"https:\/\/boutique-one-piece.com\/da\/one-piece-figurer-2\/produkter\/one-piece-dead-or-alive-nami-figur-pa-basen\/\" target=\"_blank\" rel=\"noopener\">Nami Wanted-figur<\/a> er inden for din r\u00e6kkevidde.<\/p>\n<h3>S\u00e5 er du blevet overbevist af Franky-figuren &quot;Dead or Alive&quot;? Hvis ja, s\u00e5 t\u00f8v ikke l\u00e6ngere og grib chancen for at blive et fuldgyldigt medlem af Straw Hat-holdet.<\/h3>\n<p>Uanset om du er en inkarneret fan eller en erfaren samler, er disse genstande helt sikkert noget for dig. Perfekte til at give som gave, dekorere eller samle p\u00e5, vil disse genstande forbedre din samling. <strong>dit One Piece-univers<\/strong>. Unge pirat, tag din sk\u00e6bne i egne h\u00e6nder og oplev mange eventyr ombord p\u00e5 <strong>Tusind solrige<\/strong>.<\/p>\n<h2>Information om figuren Franky fra New World: Dead or Alive\u00a0<\/h2>\n<ul>\n<li><span><b><u>One Piece-figur<\/u><\/b>\u00a0Premium One Piece-figur til \u00e6gte pirater<\/span><\/li>\n<\/ul>\n<ul>\n<li>\n<b>Materie<\/b><span>\u00a0<\/span>PVC<\/li>\n<\/ul>\n<ul>\n<li><span><strong>Dimension<\/strong>\u00a0: 16 cm<\/span><\/li>\n<\/ul>\n<ul>\n<li><span><strong>GRATIS LEVERING<\/strong><\/span><\/li>\n<\/ul>","protected":false},"excerpt":{"rendered":"<p>Unge pirat, tiden er kommet til at f\u00e5 fingrene i denne One Piece Dead or Alive Franky New World-figur. Som en p\u00e5mindelse er Franky, hvis rigtige navn er Cutty Flam, skibsbyggeren for Straw Hat Crew. Franky er en cyborg rekrutteret i Water Seven og blev introduceret i historien som [\u2026]<\/p>","protected":false},"featured_media":9284,"comment_status":"open","ping_status":"open","template":"","meta":[],"product_brand":[],"product_cat":[281,76],"product_tag":[129],"class_list":{"0":"post-9282","1":"product","2":"type-product","3":"status-publish","4":"has-post-thumbnail","6":"product_cat-figurines-franky","7":"product_cat-figurines-one-piece","8":"product_tag-franky","10":"first","11":"instock","12":"purchasable","13":"product-type-simple"},"yoast_head":"<!-- This site is optimized with the Yoast SEO plugin v27.5 - https:\/\/yoast.com\/product\/yoast-seo-wordpress\/ -->\n<title>Figurine One Piece Dead or Alive Franky Nouveau Monde | Figurine One Piece \u2013 Boutique One Piece<\/title>\n<meta name=\"description\" content=\"Jeune pirate, le moment est venu pour toi de te procurer cette Figurine One Piece Dead or Alive Franky Nouveau Monde. Pour rappel, Franky, de son vrai nom Cutty Flam, est le charpentier de L&#039;\u00c9quipage du Chapeau de Paille. Franky est un cyborg recrut\u00e9 \u00e0 Water Seven et fut introduit dans l&#039;histoire comme \u00e9tant le chef de\" \/>\n<meta name=\"robots\" content=\"index, follow, max-snippet:-1, max-image-preview:large, max-video-preview:-1\" \/>\n<link rel=\"canonical\" href=\"https:\/\/boutique-one-piece.com\/da\/one-piece-figurer-2\/franky-figurer\/one-piece-dead-or-alive-franky-new-world-figur\/\" \/>\n<meta property=\"og:locale\" content=\"da_DK\" \/>\n<meta property=\"og:type\" content=\"article\" \/>\n<meta property=\"og:title\" content=\"Figurine One Piece Dead or Alive Franky Nouveau Monde | Figurine One Piece \u2013 Boutique One Piece\" \/>\n<meta property=\"og:description\" content=\"Jeune pirate, le moment est venu pour toi de te procurer cette Figurine One Piece Dead or Alive Franky Nouveau Monde. Pour rappel, Franky, de son vrai nom Cutty Flam, est le charpentier de L&#039;\u00c9quipage du Chapeau de Paille. Franky est un cyborg recrut\u00e9 \u00e0 Water Seven et fut introduit dans l&#039;histoire comme \u00e9tant le chef de\" \/>\n<meta property=\"og:url\" content=\"https:\/\/boutique-one-piece.com\/da\/one-piece-figurer-2\/franky-figurer\/one-piece-dead-or-alive-franky-new-world-figur\/\" \/>\n<meta property=\"og:site_name\" content=\"Boutique One Piece\" \/>\n<meta property=\"article:modified_time\" content=\"2024-09-16T11:39:21+00:00\" \/>\n<meta property=\"og:image\" content=\"https:\/\/boutique-one-piece.com\/wp-content\/uploads\/2022\/09\/Figurine-One-Piece-Dead-or-Alive-Franky-Nouveau-Monde.jpg\" \/>\n\t<meta property=\"og:image:width\" content=\"640\" \/>\n\t<meta property=\"og:image:height\" content=\"640\" \/>\n\t<meta property=\"og:image:type\" content=\"image\/jpeg\" \/>\n<meta name=\"twitter:card\" content=\"summary_large_image\" \/>\n<meta name=\"twitter:label1\" content=\"Estimeret l\u00e6setid\" \/>\n\t<meta name=\"twitter:data1\" content=\"2 minutter\" \/>\n<script type=\"application\/ld+json\" class=\"yoast-schema-graph\">{\"@context\":\"https:\\\/\\\/schema.org\",\"@graph\":[{\"@type\":\"WebPage\",\"@id\":\"https:\\\/\\\/boutique-one-piece.com\\\/figurines-one-piece\\\/figurines-franky\\\/figurine-one-piece-dead-or-alive-franky-nouveau-monde\\\/\",\"url\":\"https:\\\/\\\/boutique-one-piece.com\\\/figurines-one-piece\\\/figurines-franky\\\/figurine-one-piece-dead-or-alive-franky-nouveau-monde\\\/\",\"name\":\"Figurine One Piece Dead or Alive Franky Nouveau Monde | Figurine One Piece \u2013 Boutique One Piece\",\"isPartOf\":{\"@id\":\"https:\\\/\\\/boutique-one-piece.com\\\/#website\"},\"primaryImageOfPage\":{\"@id\":\"https:\\\/\\\/boutique-one-piece.com\\\/figurines-one-piece\\\/figurines-franky\\\/figurine-one-piece-dead-or-alive-franky-nouveau-monde\\\/#primaryimage\"},\"image\":{\"@id\":\"https:\\\/\\\/boutique-one-piece.com\\\/figurines-one-piece\\\/figurines-franky\\\/figurine-one-piece-dead-or-alive-franky-nouveau-monde\\\/#primaryimage\"},\"thumbnailUrl\":\"https:\\\/\\\/boutique-one-piece.com\\\/wp-content\\\/uploads\\\/2022\\\/09\\\/Figurine-One-Piece-Dead-or-Alive-Franky-Nouveau-Monde.jpg\",\"datePublished\":\"2022-09-27T20:18:42+00:00\",\"dateModified\":\"2024-09-16T11:39:21+00:00\",\"description\":\"Jeune pirate, le moment est venu pour toi de te procurer cette Figurine One Piece Dead or Alive Franky Nouveau Monde. Pour rappel, Franky, de son vrai nom Cutty Flam, est le charpentier de L'\u00c9quipage du Chapeau de Paille. Franky est un cyborg recrut\u00e9 \u00e0 Water Seven et fut introduit dans l'histoire comme \u00e9tant le chef de\",\"breadcrumb\":{\"@id\":\"https:\\\/\\\/boutique-one-piece.com\\\/figurines-one-piece\\\/figurines-franky\\\/figurine-one-piece-dead-or-alive-franky-nouveau-monde\\\/#breadcrumb\"},\"inLanguage\":\"da-DK\",\"potentialAction\":[{\"@type\":\"ReadAction\",\"target\":[\"https:\\\/\\\/boutique-one-piece.com\\\/figurines-one-piece\\\/figurines-franky\\\/figurine-one-piece-dead-or-alive-franky-nouveau-monde\\\/\"]}]},{\"@type\":\"ImageObject\",\"inLanguage\":\"da-DK\",\"@id\":\"https:\\\/\\\/boutique-one-piece.com\\\/figurines-one-piece\\\/figurines-franky\\\/figurine-one-piece-dead-or-alive-franky-nouveau-monde\\\/#primaryimage\",\"url\":\"https:\\\/\\\/boutique-one-piece.com\\\/wp-content\\\/uploads\\\/2022\\\/09\\\/Figurine-One-Piece-Dead-or-Alive-Franky-Nouveau-Monde.jpg\",\"contentUrl\":\"https:\\\/\\\/boutique-one-piece.com\\\/wp-content\\\/uploads\\\/2022\\\/09\\\/Figurine-One-Piece-Dead-or-Alive-Franky-Nouveau-Monde.jpg\",\"width\":640,\"height\":640,\"caption\":\"Figurine One Piece Dead or Alive Franky Nouveau Monde Default Title\"},{\"@type\":\"BreadcrumbList\",\"@id\":\"https:\\\/\\\/boutique-one-piece.com\\\/figurines-one-piece\\\/figurines-franky\\\/figurine-one-piece-dead-or-alive-franky-nouveau-monde\\\/#breadcrumb\",\"itemListElement\":[{\"@type\":\"ListItem\",\"position\":1,\"name\":\"Home\",\"item\":\"https:\\\/\\\/boutique-one-piece.com\\\/\"},{\"@type\":\"ListItem\",\"position\":2,\"name\":\"Shop\",\"item\":\"https:\\\/\\\/boutique-one-piece.com\\\/shop\\\/\"},{\"@type\":\"ListItem\",\"position\":3,\"name\":\"Figurine One Piece Dead or Alive Franky Nouveau Monde\"}]},{\"@type\":\"WebSite\",\"@id\":\"https:\\\/\\\/boutique-one-piece.com\\\/#website\",\"url\":\"https:\\\/\\\/boutique-one-piece.com\\\/\",\"name\":\"Boutique One Piece\",\"description\":\"Magasin Sp\u00e9cialis\u00e9 du Manga et l&#039;Anime One Piece\",\"publisher\":{\"@id\":\"https:\\\/\\\/boutique-one-piece.com\\\/#organization\"},\"potentialAction\":[{\"@type\":\"SearchAction\",\"target\":{\"@type\":\"EntryPoint\",\"urlTemplate\":\"https:\\\/\\\/boutique-one-piece.com\\\/?s={search_term_string}\"},\"query-input\":{\"@type\":\"PropertyValueSpecification\",\"valueRequired\":true,\"valueName\":\"search_term_string\"}}],\"inLanguage\":\"da-DK\"},{\"@type\":\"Organization\",\"@id\":\"https:\\\/\\\/boutique-one-piece.com\\\/#organization\",\"name\":\"Boutique One Piece\",\"url\":\"https:\\\/\\\/boutique-one-piece.com\\\/\",\"logo\":{\"@type\":\"ImageObject\",\"inLanguage\":\"da-DK\",\"@id\":\"https:\\\/\\\/boutique-one-piece.com\\\/#\\\/schema\\\/logo\\\/image\\\/\",\"url\":\"https:\\\/\\\/boutique-one-piece.com\\\/wp-content\\\/uploads\\\/2022\\\/09\\\/Logo-01.png\",\"contentUrl\":\"https:\\\/\\\/boutique-one-piece.com\\\/wp-content\\\/uploads\\\/2022\\\/09\\\/Logo-01.png\",\"width\":2318,\"height\":957,\"caption\":\"Boutique One Piece\"},\"image\":{\"@id\":\"https:\\\/\\\/boutique-one-piece.com\\\/#\\\/schema\\\/logo\\\/image\\\/\"}}]}<\/script>\n<!-- \/ Yoast SEO plugin. -->","yoast_head_json":{"title":"One Piece Dead or Alive Franky New World Figur | One Piece Figur \u2013 One Piece Shop","description":"Unge pirat, tiden er kommet til at f\u00e5 fingrene i denne One Piece Dead or Alive Franky New World-figur. Som en p\u00e5mindelse er Franky, hvis rigtige navn er Cutty Flam, skibsbyggeren for Straw Hat Crew. Franky er en cyborg rekrutteret i Water Seven og blev introduceret i historien som lederen af","robots":{"index":"index","follow":"follow","max-snippet":"max-snippet:-1","max-image-preview":"max-image-preview:large","max-video-preview":"max-video-preview:-1"},"canonical":"https:\/\/boutique-one-piece.com\/da\/one-piece-figurer-2\/franky-figurer\/one-piece-dead-or-alive-franky-new-world-figur\/","og_locale":"da_DK","og_type":"article","og_title":"Figurine One Piece Dead or Alive Franky Nouveau Monde | Figurine One Piece \u2013 Boutique One Piece","og_description":"Jeune pirate, le moment est venu pour toi de te procurer cette Figurine One Piece Dead or Alive Franky Nouveau Monde. Pour rappel, Franky, de son vrai nom Cutty Flam, est le charpentier de L'\u00c9quipage du Chapeau de Paille. Franky est un cyborg recrut\u00e9 \u00e0 Water Seven et fut introduit dans l'histoire comme \u00e9tant le chef de","og_url":"https:\/\/boutique-one-piece.com\/da\/one-piece-figurer-2\/franky-figurer\/one-piece-dead-or-alive-franky-new-world-figur\/","og_site_name":"Boutique One Piece","article_modified_time":"2024-09-16T11:39:21+00:00","og_image":[{"width":640,"height":640,"url":"https:\/\/boutique-one-piece.com\/wp-content\/uploads\/2022\/09\/Figurine-One-Piece-Dead-or-Alive-Franky-Nouveau-Monde.jpg","type":"image\/jpeg"}],"twitter_card":"summary_large_image","twitter_misc":{"Estimeret l\u00e6setid":"2 minutter"},"schema":{"@context":"https:\/\/schema.org","@graph":[{"@type":"WebPage","@id":"https:\/\/boutique-one-piece.com\/figurines-one-piece\/figurines-franky\/figurine-one-piece-dead-or-alive-franky-nouveau-monde\/","url":"https:\/\/boutique-one-piece.com\/figurines-one-piece\/figurines-franky\/figurine-one-piece-dead-or-alive-franky-nouveau-monde\/","name":"One Piece Dead or Alive Franky New World Figur | One Piece Figur \u2013 One Piece Shop","isPartOf":{"@id":"https:\/\/boutique-one-piece.com\/#website"},"primaryImageOfPage":{"@id":"https:\/\/boutique-one-piece.com\/figurines-one-piece\/figurines-franky\/figurine-one-piece-dead-or-alive-franky-nouveau-monde\/#primaryimage"},"image":{"@id":"https:\/\/boutique-one-piece.com\/figurines-one-piece\/figurines-franky\/figurine-one-piece-dead-or-alive-franky-nouveau-monde\/#primaryimage"},"thumbnailUrl":"https:\/\/boutique-one-piece.com\/wp-content\/uploads\/2022\/09\/Figurine-One-Piece-Dead-or-Alive-Franky-Nouveau-Monde.jpg","datePublished":"2022-09-27T20:18:42+00:00","dateModified":"2024-09-16T11:39:21+00:00","description":"Unge pirat, tiden er kommet til at f\u00e5 fingrene i denne One Piece Dead or Alive Franky New World-figur. Som en p\u00e5mindelse er Franky, hvis rigtige navn er Cutty Flam, skibsbyggeren for Straw Hat Crew. Franky er en cyborg rekrutteret i Water Seven og blev introduceret i historien som lederen af","breadcrumb":{"@id":"https:\/\/boutique-one-piece.com\/figurines-one-piece\/figurines-franky\/figurine-one-piece-dead-or-alive-franky-nouveau-monde\/#breadcrumb"},"inLanguage":"da-DK","potentialAction":[{"@type":"ReadAction","target":["https:\/\/boutique-one-piece.com\/figurines-one-piece\/figurines-franky\/figurine-one-piece-dead-or-alive-franky-nouveau-monde\/"]}]},{"@type":"ImageObject","inLanguage":"da-DK","@id":"https:\/\/boutique-one-piece.com\/figurines-one-piece\/figurines-franky\/figurine-one-piece-dead-or-alive-franky-nouveau-monde\/#primaryimage","url":"https:\/\/boutique-one-piece.com\/wp-content\/uploads\/2022\/09\/Figurine-One-Piece-Dead-or-Alive-Franky-Nouveau-Monde.jpg","contentUrl":"https:\/\/boutique-one-piece.com\/wp-content\/uploads\/2022\/09\/Figurine-One-Piece-Dead-or-Alive-Franky-Nouveau-Monde.jpg","width":640,"height":640,"caption":"Figurine One Piece Dead or Alive Franky Nouveau Monde Default Title"},{"@type":"BreadcrumbList","@id":"https:\/\/boutique-one-piece.com\/figurines-one-piece\/figurines-franky\/figurine-one-piece-dead-or-alive-franky-nouveau-monde\/#breadcrumb","itemListElement":[{"@type":"ListItem","position":1,"name":"Home","item":"https:\/\/boutique-one-piece.com\/"},{"@type":"ListItem","position":2,"name":"Shop","item":"https:\/\/boutique-one-piece.com\/shop\/"},{"@type":"ListItem","position":3,"name":"Figurine One Piece Dead or Alive Franky Nouveau Monde"}]},{"@type":"WebSite","@id":"https:\/\/boutique-one-piece.com\/#website","url":"https:\/\/boutique-one-piece.com\/","name":"One Piece Shop","description":"Specialbutik for One Piece Manga og Anime","publisher":{"@id":"https:\/\/boutique-one-piece.com\/#organization"},"potentialAction":[{"@type":"SearchAction","target":{"@type":"EntryPoint","urlTemplate":"https:\/\/boutique-one-piece.com\/?s={search_term_string}"},"query-input":{"@type":"PropertyValueSpecification","valueRequired":true,"valueName":"search_term_string"}}],"inLanguage":"da-DK"},{"@type":"Organization","@id":"https:\/\/boutique-one-piece.com\/#organization","name":"One Piece Shop","url":"https:\/\/boutique-one-piece.com\/","logo":{"@type":"ImageObject","inLanguage":"da-DK","@id":"https:\/\/boutique-one-piece.com\/#\/schema\/logo\/image\/","url":"https:\/\/boutique-one-piece.com\/wp-content\/uploads\/2022\/09\/Logo-01.png","contentUrl":"https:\/\/boutique-one-piece.com\/wp-content\/uploads\/2022\/09\/Logo-01.png","width":2318,"height":957,"caption":"Boutique One Piece"},"image":{"@id":"https:\/\/boutique-one-piece.com\/#\/schema\/logo\/image\/"}}]}},"_links":{"self":[{"href":"https:\/\/boutique-one-piece.com\/da\/wp-json\/wp\/v2\/product\/9282","targetHints":{"allow":["GET"]}}],"collection":[{"href":"https:\/\/boutique-one-piece.com\/da\/wp-json\/wp\/v2\/product"}],"about":[{"href":"https:\/\/boutique-one-piece.com\/da\/wp-json\/wp\/v2\/types\/product"}],"replies":[{"embeddable":true,"href":"https:\/\/boutique-one-piece.com\/da\/wp-json\/wp\/v2\/comments?post=9282"}],"wp:featuredmedia":[{"embeddable":true,"href":"https:\/\/boutique-one-piece.com\/da\/wp-json\/wp\/v2\/media\/9284"}],"wp:attachment":[{"href":"https:\/\/boutique-one-piece.com\/da\/wp-json\/wp\/v2\/media?parent=9282"}],"wp:term":[{"taxonomy":"product_brand","embeddable":true,"href":"https:\/\/boutique-one-piece.com\/da\/wp-json\/wp\/v2\/product_brand?post=9282"},{"taxonomy":"product_cat","embeddable":true,"href":"https:\/\/boutique-one-piece.com\/da\/wp-json\/wp\/v2\/product_cat?post=9282"},{"taxonomy":"product_tag","embeddable":true,"href":"https:\/\/boutique-one-piece.com\/da\/wp-json\/wp\/v2\/product_tag?post=9282"}],"curies":[{"name":"wp","href":"https:\/\/api.w.org\/{rel}","templated":true}]}}