{"id":9306,"date":"2022-09-27T20:18:53","date_gmt":"2022-09-27T20:18:53","guid":{"rendered":"https:\/\/boutique-one-piece.com\/uncategorized\/avis-de-recherche-one-piece-charlotte-linlin-wanted\/"},"modified":"2024-09-16T11:40:05","modified_gmt":"2024-09-16T11:40:05","slug":"one-piece-plakat-efterlyst-charlotte-linlin","status":"publish","type":"product","link":"https:\/\/boutique-one-piece.com\/da\/one-piece-efterlysningsplakat\/one-piece-plakat-efterlyst-charlotte-linlin\/","title":{"rendered":"Charlotte Linlin efterlyses"},"content":{"rendered":"<h2>Kunne du lide Totto Land-historien i One Piece? Hvis ja, s\u00e5 vil denne Charlotte Linlin Wanted-plakat v\u00e6re lige noget for dig.<\/h2>\n<p>Charlotte Linlin, ogs\u00e5 kendt som Big Mom, er en <strong>Kejser<\/strong> der grundlagde sit eget land, Totto Land, hovedsageligt ved hj\u00e6lp af sin Dj\u00e6vlefrugt. Selvom Dj\u00e6vlefrugter ofte diskuteres som havende stor fysisk styrke, er kraften i hans frugt, som er den <strong>Soru Soru, nej, jeg<\/strong>, hvilket g\u00f8r det muligt for den at stj\u00e6le sj\u00e6len fra den, der frygter den, eller en del af deres forventede levetid.<\/p>\n<p>Ved hj\u00e6lp af sin egen livskraft kan hun skabe levende v\u00e6sener og puste liv i dem. S\u00e5dan byggede hun sit eget land og besluttede, at hendes underordnede skulle v\u00e6re hendes s\u00f8nner og d\u00f8tre, som alle b\u00e6rer navnet Charlotte.<\/p>\n<h3>Saml plakaterne med de st\u00f8rste dus\u00f8rer takket v\u00e6re denne Charlotte Linlin Wanted-plakat.<\/h3>\n<p>Charlotte Linlins m\u00e5l er at blive Piratkongen, hvilket betyder, at hun er en direkte fjende, hvad ang\u00e5r viljestyrke. Luffy vil tage til Totto Land for at hente Sanji, fordi Vinsmoke-familien vil tvinge ham til at gifte sig. <strong>Charlotte-budding<\/strong> at skabe en alliance med Big Moms fl\u00e5de. Hans dus\u00f8r for hans tilfangetagelse eller d\u00f8d er 4 milliarder 388 millioner b\u00e6r.<\/p>\n<p>Hvis du er passioneret omkring bonusser, s\u00e5 er dette <a href=\"https:\/\/boutique-one-piece.com\/da\/onskede-meddelelse-energi-onskede\/\" target=\"_blank\" title=\"Enel \u00f8nskede besked\" rel=\"noopener noreferrer\">Enel \u00f8nskede besked<\/a> Du burde kunne lide det.<\/p>\n<p>\u00a0<\/p>\n<h2>Information om One Piece Wanted Big Mom-plakaten<\/h2>\n<ul>\n<li><span><b><u>One Piece Wanted-plakat<\/u><\/b>\u00a0En \u00e6gte One Piece-efterlysningsplakat til \u00e6gte pirater<\/span><\/li>\n<\/ul>\n<ul>\n<li>\n<b><u>Charlotte Linlins bonus<\/u><\/b>\u00a04.388.000.000 b\u00e6r<\/li>\n<\/ul>\n<ul>\n<li><span><strong>Udskrivning i h\u00f8j kvalitet<\/strong>\u00a0pr\u00e6cise farver<\/span><\/li>\n<\/ul>\n<ul>\n<li>\n<strong>Dimension<\/strong>\u00a0: 30 cm x 21 cm og 42 cm x 30 cm<\/li>\n<\/ul>\n<ul>\n<li><span><strong>GRATIS LEVERING<\/strong><\/span><\/li>\n<\/ul>","protected":false},"excerpt":{"rendered":"<p>As-tu appr\u00e9ci\u00e9 l&rsquo;arc Totto land de One Piece ? Si c&rsquo;est le cas, cet Avis de Recherche Charlotte Linlin Wanted va te convenir. Charlotte Linlin, aussi appel\u00e9e Big Mom, est un Empereur qui a fond\u00e9 son propre pays, Totto Land en grande partie avec l&rsquo;aide son fruit du d\u00e9mon. Si l&rsquo;on parle souvent des fruits [&hellip;]<\/p>","protected":false},"featured_media":9308,"comment_status":"open","ping_status":"open","template":"","meta":[],"product_brand":[],"product_cat":[171],"product_tag":[],"class_list":{"0":"post-9306","1":"product","2":"type-product","3":"status-publish","4":"has-post-thumbnail","6":"product_cat-avis-de-recherche-one-piece","8":"first","9":"instock","10":"purchasable","11":"product-type-variable","12":"has-default-attributes"},"yoast_head":"<!-- This site is optimized with the Yoast SEO plugin v27.5 - https:\/\/yoast.com\/product\/yoast-seo-wordpress\/ -->\n<title>Avis de Recherche One Piece Charlotte Linlin Wanted | D\u00e9coration One Piece \u2013 Boutique One Piece<\/title>\n<meta name=\"description\" content=\"As-tu appr\u00e9ci\u00e9 l&#039;arc Totto land de One Piece ? Si c&#039;est le cas, cet Avis de Recherche Charlotte Linlin Wanted va te convenir. Charlotte Linlin, aussi appel\u00e9e Big Mom, est un Empereur qui a fond\u00e9 son propre pays, Totto Land en grande partie avec l&#039;aide son fruit du d\u00e9mon. Si l&#039;on parle souvent des fruits du d\u00e9mon qui co\" \/>\n<meta name=\"robots\" content=\"index, follow, max-snippet:-1, max-image-preview:large, max-video-preview:-1\" \/>\n<link rel=\"canonical\" href=\"https:\/\/boutique-one-piece.com\/da\/one-piece-efterlysningsplakat\/one-piece-plakat-efterlyst-charlotte-linlin\/\" \/>\n<meta property=\"og:locale\" content=\"da_DK\" \/>\n<meta property=\"og:type\" content=\"article\" \/>\n<meta property=\"og:title\" content=\"Avis de Recherche One Piece Charlotte Linlin Wanted | D\u00e9coration One Piece \u2013 Boutique One Piece\" \/>\n<meta property=\"og:description\" content=\"As-tu appr\u00e9ci\u00e9 l&#039;arc Totto land de One Piece ? Si c&#039;est le cas, cet Avis de Recherche Charlotte Linlin Wanted va te convenir. Charlotte Linlin, aussi appel\u00e9e Big Mom, est un Empereur qui a fond\u00e9 son propre pays, Totto Land en grande partie avec l&#039;aide son fruit du d\u00e9mon. Si l&#039;on parle souvent des fruits du d\u00e9mon qui co\" \/>\n<meta property=\"og:url\" content=\"https:\/\/boutique-one-piece.com\/da\/one-piece-efterlysningsplakat\/one-piece-plakat-efterlyst-charlotte-linlin\/\" \/>\n<meta property=\"og:site_name\" content=\"Boutique One Piece\" \/>\n<meta property=\"article:modified_time\" content=\"2024-09-16T11:40:05+00:00\" \/>\n<meta property=\"og:image\" content=\"https:\/\/boutique-one-piece.com\/wp-content\/uploads\/2022\/09\/Avis-de-Recherche-Charlotte-Linlin-Wanted.jpg\" \/>\n\t<meta property=\"og:image:width\" content=\"800\" \/>\n\t<meta property=\"og:image:height\" content=\"800\" \/>\n\t<meta property=\"og:image:type\" content=\"image\/jpeg\" \/>\n<meta name=\"twitter:card\" content=\"summary_large_image\" \/>\n<meta name=\"twitter:label1\" content=\"Estimeret l\u00e6setid\" \/>\n\t<meta name=\"twitter:data1\" content=\"2 minutter\" \/>\n<script type=\"application\/ld+json\" class=\"yoast-schema-graph\">{\"@context\":\"https:\\\/\\\/schema.org\",\"@graph\":[{\"@type\":\"WebPage\",\"@id\":\"https:\\\/\\\/boutique-one-piece.com\\\/avis-de-recherche-one-piece\\\/avis-de-recherche-one-piece-charlotte-linlin-wanted\\\/\",\"url\":\"https:\\\/\\\/boutique-one-piece.com\\\/avis-de-recherche-one-piece\\\/avis-de-recherche-one-piece-charlotte-linlin-wanted\\\/\",\"name\":\"Avis de Recherche One Piece Charlotte Linlin Wanted | D\u00e9coration One Piece \u2013 Boutique One Piece\",\"isPartOf\":{\"@id\":\"https:\\\/\\\/boutique-one-piece.com\\\/#website\"},\"primaryImageOfPage\":{\"@id\":\"https:\\\/\\\/boutique-one-piece.com\\\/avis-de-recherche-one-piece\\\/avis-de-recherche-one-piece-charlotte-linlin-wanted\\\/#primaryimage\"},\"image\":{\"@id\":\"https:\\\/\\\/boutique-one-piece.com\\\/avis-de-recherche-one-piece\\\/avis-de-recherche-one-piece-charlotte-linlin-wanted\\\/#primaryimage\"},\"thumbnailUrl\":\"https:\\\/\\\/boutique-one-piece.com\\\/wp-content\\\/uploads\\\/2022\\\/09\\\/Avis-de-Recherche-Charlotte-Linlin-Wanted.jpg\",\"datePublished\":\"2022-09-27T20:18:53+00:00\",\"dateModified\":\"2024-09-16T11:40:05+00:00\",\"description\":\"As-tu appr\u00e9ci\u00e9 l'arc Totto land de One Piece ? Si c'est le cas, cet Avis de Recherche Charlotte Linlin Wanted va te convenir. Charlotte Linlin, aussi appel\u00e9e Big Mom, est un Empereur qui a fond\u00e9 son propre pays, Totto Land en grande partie avec l'aide son fruit du d\u00e9mon. Si l'on parle souvent des fruits du d\u00e9mon qui co\",\"breadcrumb\":{\"@id\":\"https:\\\/\\\/boutique-one-piece.com\\\/avis-de-recherche-one-piece\\\/avis-de-recherche-one-piece-charlotte-linlin-wanted\\\/#breadcrumb\"},\"inLanguage\":\"da-DK\",\"potentialAction\":[{\"@type\":\"ReadAction\",\"target\":[\"https:\\\/\\\/boutique-one-piece.com\\\/avis-de-recherche-one-piece\\\/avis-de-recherche-one-piece-charlotte-linlin-wanted\\\/\"]}]},{\"@type\":\"ImageObject\",\"inLanguage\":\"da-DK\",\"@id\":\"https:\\\/\\\/boutique-one-piece.com\\\/avis-de-recherche-one-piece\\\/avis-de-recherche-one-piece-charlotte-linlin-wanted\\\/#primaryimage\",\"url\":\"https:\\\/\\\/boutique-one-piece.com\\\/wp-content\\\/uploads\\\/2022\\\/09\\\/Avis-de-Recherche-Charlotte-Linlin-Wanted.jpg\",\"contentUrl\":\"https:\\\/\\\/boutique-one-piece.com\\\/wp-content\\\/uploads\\\/2022\\\/09\\\/Avis-de-Recherche-Charlotte-Linlin-Wanted.jpg\",\"width\":800,\"height\":800,\"caption\":\"Avis de Recherche Charlotte Linlin Wanted 42 X 30 cm\"},{\"@type\":\"BreadcrumbList\",\"@id\":\"https:\\\/\\\/boutique-one-piece.com\\\/avis-de-recherche-one-piece\\\/avis-de-recherche-one-piece-charlotte-linlin-wanted\\\/#breadcrumb\",\"itemListElement\":[{\"@type\":\"ListItem\",\"position\":1,\"name\":\"Home\",\"item\":\"https:\\\/\\\/boutique-one-piece.com\\\/\"},{\"@type\":\"ListItem\",\"position\":2,\"name\":\"Shop\",\"item\":\"https:\\\/\\\/boutique-one-piece.com\\\/shop\\\/\"},{\"@type\":\"ListItem\",\"position\":3,\"name\":\"Avis de Recherche Charlotte Linlin Wanted\"}]},{\"@type\":\"WebSite\",\"@id\":\"https:\\\/\\\/boutique-one-piece.com\\\/#website\",\"url\":\"https:\\\/\\\/boutique-one-piece.com\\\/\",\"name\":\"Boutique One Piece\",\"description\":\"Magasin Sp\u00e9cialis\u00e9 du Manga et l&#039;Anime One Piece\",\"publisher\":{\"@id\":\"https:\\\/\\\/boutique-one-piece.com\\\/#organization\"},\"potentialAction\":[{\"@type\":\"SearchAction\",\"target\":{\"@type\":\"EntryPoint\",\"urlTemplate\":\"https:\\\/\\\/boutique-one-piece.com\\\/?s={search_term_string}\"},\"query-input\":{\"@type\":\"PropertyValueSpecification\",\"valueRequired\":true,\"valueName\":\"search_term_string\"}}],\"inLanguage\":\"da-DK\"},{\"@type\":\"Organization\",\"@id\":\"https:\\\/\\\/boutique-one-piece.com\\\/#organization\",\"name\":\"Boutique One Piece\",\"url\":\"https:\\\/\\\/boutique-one-piece.com\\\/\",\"logo\":{\"@type\":\"ImageObject\",\"inLanguage\":\"da-DK\",\"@id\":\"https:\\\/\\\/boutique-one-piece.com\\\/#\\\/schema\\\/logo\\\/image\\\/\",\"url\":\"https:\\\/\\\/boutique-one-piece.com\\\/wp-content\\\/uploads\\\/2022\\\/09\\\/Logo-01.png\",\"contentUrl\":\"https:\\\/\\\/boutique-one-piece.com\\\/wp-content\\\/uploads\\\/2022\\\/09\\\/Logo-01.png\",\"width\":2318,\"height\":957,\"caption\":\"Boutique One Piece\"},\"image\":{\"@id\":\"https:\\\/\\\/boutique-one-piece.com\\\/#\\\/schema\\\/logo\\\/image\\\/\"}}]}<\/script>\n<!-- \/ Yoast SEO plugin. -->","yoast_head_json":{"title":"One Piece-efterlysning: Charlotte Linlin | One Piece-dekorationer \u2013 One Piece Shop","description":"Kunne du lide Totto Land-historien i One Piece? Hvis ja, s\u00e5 er denne Charlotte Linlin Wanted-plakat noget for dig. Charlotte Linlin, ogs\u00e5 kendt som Big Mom, er en kejser, der grundlagde sit eget land, Totto Land, i h\u00f8j grad ved hj\u00e6lp af sin dj\u00e6vlefrugt. Selvom vi ofte taler om dj\u00e6vlefrugt, der...","robots":{"index":"index","follow":"follow","max-snippet":"max-snippet:-1","max-image-preview":"max-image-preview:large","max-video-preview":"max-video-preview:-1"},"canonical":"https:\/\/boutique-one-piece.com\/da\/one-piece-efterlysningsplakat\/one-piece-plakat-efterlyst-charlotte-linlin\/","og_locale":"da_DK","og_type":"article","og_title":"Avis de Recherche One Piece Charlotte Linlin Wanted | D\u00e9coration One Piece \u2013 Boutique One Piece","og_description":"As-tu appr\u00e9ci\u00e9 l'arc Totto land de One Piece ? Si c'est le cas, cet Avis de Recherche Charlotte Linlin Wanted va te convenir. Charlotte Linlin, aussi appel\u00e9e Big Mom, est un Empereur qui a fond\u00e9 son propre pays, Totto Land en grande partie avec l'aide son fruit du d\u00e9mon. Si l'on parle souvent des fruits du d\u00e9mon qui co","og_url":"https:\/\/boutique-one-piece.com\/da\/one-piece-efterlysningsplakat\/one-piece-plakat-efterlyst-charlotte-linlin\/","og_site_name":"Boutique One Piece","article_modified_time":"2024-09-16T11:40:05+00:00","og_image":[{"width":800,"height":800,"url":"https:\/\/boutique-one-piece.com\/wp-content\/uploads\/2022\/09\/Avis-de-Recherche-Charlotte-Linlin-Wanted.jpg","type":"image\/jpeg"}],"twitter_card":"summary_large_image","twitter_misc":{"Estimeret l\u00e6setid":"2 minutter"},"schema":{"@context":"https:\/\/schema.org","@graph":[{"@type":"WebPage","@id":"https:\/\/boutique-one-piece.com\/avis-de-recherche-one-piece\/avis-de-recherche-one-piece-charlotte-linlin-wanted\/","url":"https:\/\/boutique-one-piece.com\/avis-de-recherche-one-piece\/avis-de-recherche-one-piece-charlotte-linlin-wanted\/","name":"One Piece-efterlysning: Charlotte Linlin | One Piece-dekorationer \u2013 One Piece Shop","isPartOf":{"@id":"https:\/\/boutique-one-piece.com\/#website"},"primaryImageOfPage":{"@id":"https:\/\/boutique-one-piece.com\/avis-de-recherche-one-piece\/avis-de-recherche-one-piece-charlotte-linlin-wanted\/#primaryimage"},"image":{"@id":"https:\/\/boutique-one-piece.com\/avis-de-recherche-one-piece\/avis-de-recherche-one-piece-charlotte-linlin-wanted\/#primaryimage"},"thumbnailUrl":"https:\/\/boutique-one-piece.com\/wp-content\/uploads\/2022\/09\/Avis-de-Recherche-Charlotte-Linlin-Wanted.jpg","datePublished":"2022-09-27T20:18:53+00:00","dateModified":"2024-09-16T11:40:05+00:00","description":"Kunne du lide Totto Land-historien i One Piece? Hvis ja, s\u00e5 er denne Charlotte Linlin Wanted-plakat noget for dig. Charlotte Linlin, ogs\u00e5 kendt som Big Mom, er en kejser, der grundlagde sit eget land, Totto Land, i h\u00f8j grad ved hj\u00e6lp af sin dj\u00e6vlefrugt. Selvom vi ofte taler om dj\u00e6vlefrugt, der...","breadcrumb":{"@id":"https:\/\/boutique-one-piece.com\/avis-de-recherche-one-piece\/avis-de-recherche-one-piece-charlotte-linlin-wanted\/#breadcrumb"},"inLanguage":"da-DK","potentialAction":[{"@type":"ReadAction","target":["https:\/\/boutique-one-piece.com\/avis-de-recherche-one-piece\/avis-de-recherche-one-piece-charlotte-linlin-wanted\/"]}]},{"@type":"ImageObject","inLanguage":"da-DK","@id":"https:\/\/boutique-one-piece.com\/avis-de-recherche-one-piece\/avis-de-recherche-one-piece-charlotte-linlin-wanted\/#primaryimage","url":"https:\/\/boutique-one-piece.com\/wp-content\/uploads\/2022\/09\/Avis-de-Recherche-Charlotte-Linlin-Wanted.jpg","contentUrl":"https:\/\/boutique-one-piece.com\/wp-content\/uploads\/2022\/09\/Avis-de-Recherche-Charlotte-Linlin-Wanted.jpg","width":800,"height":800,"caption":"Avis de Recherche Charlotte Linlin Wanted 42 X 30 cm"},{"@type":"BreadcrumbList","@id":"https:\/\/boutique-one-piece.com\/avis-de-recherche-one-piece\/avis-de-recherche-one-piece-charlotte-linlin-wanted\/#breadcrumb","itemListElement":[{"@type":"ListItem","position":1,"name":"Home","item":"https:\/\/boutique-one-piece.com\/"},{"@type":"ListItem","position":2,"name":"Shop","item":"https:\/\/boutique-one-piece.com\/shop\/"},{"@type":"ListItem","position":3,"name":"Avis de Recherche Charlotte Linlin Wanted"}]},{"@type":"WebSite","@id":"https:\/\/boutique-one-piece.com\/#website","url":"https:\/\/boutique-one-piece.com\/","name":"One Piece Shop","description":"Specialbutik for One Piece Manga og Anime","publisher":{"@id":"https:\/\/boutique-one-piece.com\/#organization"},"potentialAction":[{"@type":"SearchAction","target":{"@type":"EntryPoint","urlTemplate":"https:\/\/boutique-one-piece.com\/?s={search_term_string}"},"query-input":{"@type":"PropertyValueSpecification","valueRequired":true,"valueName":"search_term_string"}}],"inLanguage":"da-DK"},{"@type":"Organization","@id":"https:\/\/boutique-one-piece.com\/#organization","name":"One Piece Shop","url":"https:\/\/boutique-one-piece.com\/","logo":{"@type":"ImageObject","inLanguage":"da-DK","@id":"https:\/\/boutique-one-piece.com\/#\/schema\/logo\/image\/","url":"https:\/\/boutique-one-piece.com\/wp-content\/uploads\/2022\/09\/Logo-01.png","contentUrl":"https:\/\/boutique-one-piece.com\/wp-content\/uploads\/2022\/09\/Logo-01.png","width":2318,"height":957,"caption":"Boutique One Piece"},"image":{"@id":"https:\/\/boutique-one-piece.com\/#\/schema\/logo\/image\/"}}]}},"_links":{"self":[{"href":"https:\/\/boutique-one-piece.com\/da\/wp-json\/wp\/v2\/product\/9306","targetHints":{"allow":["GET"]}}],"collection":[{"href":"https:\/\/boutique-one-piece.com\/da\/wp-json\/wp\/v2\/product"}],"about":[{"href":"https:\/\/boutique-one-piece.com\/da\/wp-json\/wp\/v2\/types\/product"}],"replies":[{"embeddable":true,"href":"https:\/\/boutique-one-piece.com\/da\/wp-json\/wp\/v2\/comments?post=9306"}],"wp:featuredmedia":[{"embeddable":true,"href":"https:\/\/boutique-one-piece.com\/da\/wp-json\/wp\/v2\/media\/9308"}],"wp:attachment":[{"href":"https:\/\/boutique-one-piece.com\/da\/wp-json\/wp\/v2\/media?parent=9306"}],"wp:term":[{"taxonomy":"product_brand","embeddable":true,"href":"https:\/\/boutique-one-piece.com\/da\/wp-json\/wp\/v2\/product_brand?post=9306"},{"taxonomy":"product_cat","embeddable":true,"href":"https:\/\/boutique-one-piece.com\/da\/wp-json\/wp\/v2\/product_cat?post=9306"},{"taxonomy":"product_tag","embeddable":true,"href":"https:\/\/boutique-one-piece.com\/da\/wp-json\/wp\/v2\/product_tag?post=9306"}],"curies":[{"name":"wp","href":"https:\/\/api.w.org\/{rel}","templated":true}]}}