{"id":9424,"date":"2022-09-27T20:19:49","date_gmt":"2022-09-27T20:19:49","guid":{"rendered":"https:\/\/boutique-one-piece.com\/uncategorized\/tableau-one-piece-gomu-gonu-no-mi\/"},"modified":"2024-09-18T01:44:33","modified_gmt":"2024-09-18T01:44:33","slug":"et-stykke-maleri-gomu-gonu-no-mi","status":"publish","type":"product","link":"https:\/\/boutique-one-piece.com\/da\/one-piece-dekorationer\/one-piece-malerier\/et-stykke-maleri-gomu-gonu-no-mi\/","title":{"rendered":"One Piece-maleri Gomu Gonu No Mi"},"content":{"rendered":"<h2>One Piece l\u00e6rredstryk med 5 paneler og et billede af Mugiwara No Luffy i kampposition - Et l\u00e6rredstryk af h\u00f8j kvalitet til en pirat som dig!<\/h2>\n<p>Hvis du er en&nbsp;<strong>rigtig pirat<\/strong>, Du vil s\u00e6tte pris p\u00e5&nbsp;<strong>kvalitet<\/strong>&nbsp;l\u00e6rred, maling og en ramme til deres&nbsp;<strong>design&nbsp;<\/strong>Og&nbsp;<strong>3D-l\u00e6rredsprint<\/strong>&nbsp;af dette&nbsp;<strong>One Piece 5-panel maleri<\/strong>&nbsp;Men vigtigst af alt, med dette diagram vil du v\u00e6re en del af&nbsp;<strong>fanholdet<\/strong>&nbsp;af&nbsp;<strong>piratmanga<\/strong>&nbsp;og du vil f\u00e5:<\/p>\n<ul>\n<li>&nbsp;<strong>Beundring<\/strong>&nbsp;af alle fans af&nbsp;<strong>mugiwara<\/strong>&nbsp;som du vil invitere hjem til dig<\/li>\n<\/ul>\n<ul>\n<li>En \u00e6gte&nbsp;<strong>5-delt trykt diagram<\/strong>&nbsp;med hvilket du kan<strong>&nbsp;at forestille sig&nbsp;<\/strong>at k\u00e6mpe med<b>&nbsp;Abe D. Luffy<\/b><\/li>\n<\/ul>\n<p>S\u00e5, klar til at vise frem&nbsp;<strong>farver <\/strong>af <strong>Straw Hat-holdet<\/strong>&nbsp;?<\/p>\n<h2>Er du fan af One Piece manga eller anime? Vis det frem med dette 5-delte One Piece l\u00e6rredstryk!<\/h2>\n<p>Hvis du&nbsp;<strong>l\u00e6se<\/strong>&nbsp;eller hvor end du kigger hen&nbsp;<strong>animeen&nbsp;<\/strong><strong>Japansk<\/strong>, Der er en god chance for, at du er blevet&nbsp;<strong>vild med One Piece<\/strong>&nbsp;Med dette!&nbsp;<strong>5 panel maleri Gomu Gomu No Mi<\/strong>, slutte sig til\u2019<strong>en gruppe fans af franchisen<\/strong><\/p>\n<p>Denne&nbsp;<strong>maleri<\/strong>&nbsp;er tilg\u00e6ngelig med en&nbsp;<strong>tr\u00e6ramme<\/strong>&nbsp;varianten &quot;\u00ab\u00a0<strong>Med ramme<\/strong>\u00ab&quot;Det er ogs\u00e5 muligt kun at have&nbsp;<strong>kl\u00e6de<\/strong>&nbsp;med varianten &quot;\u00ab\u00a0<strong>Rammel\u00f8s<\/strong>\u00ab&quot;Du finder bordet i st\u00f8rrelserne&nbsp;<strong>Lidt<\/strong>,<strong>&nbsp;GENNEMSNIT<\/strong>,<strong>&nbsp;Stor<\/strong>,<strong>&nbsp;XL<\/strong>, Det passer til alle typer pirater, selvom du ikke har&nbsp;<strong>sv\u00e6rd<\/strong>&nbsp;eller&nbsp;<strong>dj\u00e6velfrugt<\/strong>&nbsp;du kan stadig stolt h\u00e6nge den op derhjemme<\/p>\n<p><strong>Str\u00e5hat Luffy<\/strong> spiste <strong>Gomu Gomu No Mi<\/strong> som gav ham magten til at v\u00e6re en <strong>elastisk mand<\/strong>, hende <strong>legeme<\/strong> er blevet af <strong>gummi<\/strong>.<\/p>\n<h2>Information om maleriet:<\/h2>\n<ul>\n<li>\n<strong>Trykt l\u00e6rred i h\u00f8j kvalitet&nbsp;<\/strong>v\u00e6gl\u00e6rred lavet af <strong>bomuld<\/strong> og <strong>linned<\/strong>, for at opn\u00e5 en <strong>kl\u00e6de<\/strong> v\u00e6rdig til navnet<\/li>\n<\/ul>\n<ul>\n<li>\n<strong>Ultra Design Maleri<\/strong>&nbsp;Den femdelte tabel giver meget <strong>stil<\/strong> til en <strong>stykke<\/strong>, Fans kan ikke lade v\u00e6re med at elske det<\/li>\n<\/ul>\n<ul style=\"font-weight: 400\">\n<li>\n<strong>Farve og trykning&nbsp;<\/strong>One Piece-maleri med et tryk <strong>Canva<\/strong> standarden inden for l\u00e6rredstryk<\/li>\n<\/ul>\n<ul style=\"font-weight: 400\">\n<li>\n<strong>Letv\u00e6gts v\u00e6gkunst<\/strong>&nbsp;Fantastisk beliggenhed <strong>lys,<\/strong> alt det kr\u00e6ver er \u00e9n <strong>s\u00f8m<\/strong> eller af <strong>fast ben<\/strong> for den <strong>opretholde<\/strong> P\u00e5 <strong>v\u00e6g<\/strong><\/li>\n<\/ul>\n<ul style=\"font-weight: 400\">\n<li>\n<strong>Tr\u00e6ramme<\/strong>&nbsp;: varianten &quot;\u00ab\u00a0<strong>Med ramme<\/strong>\u00a0\u00bb er ledsaget af en <strong>tr\u00e6ramme<\/strong> og versionen&quot;\u00ab\u00a0<strong>Rammel\u00f8s<\/strong>\u00a0\u00bb er leveret <strong>uden tr\u00e6rammen<\/strong><\/li>\n<\/ul>\n<ul style=\"font-weight: 400\">\n<li>\n<strong>Gratis levering&nbsp;<\/strong>for ethvert k\u00f8b<strong>&nbsp;<\/strong><\/li>\n<\/ul>\n<h3>Glem ikke at tage et kig p\u00e5 st\u00f8rrelsesguiden nedenfor.<\/h3>\n<h2>\n<strong style=\"font-size: 15px\">One Piece 5-delt maleri<\/strong><span style=\"font-size: 15px\">,<\/span><strong style=\"font-size: 15px\"> <\/strong><span style=\"font-size: 15px\">St\u00f8rrelse<\/span><strong style=\"font-size: 15px\"> <\/strong><span style=\"font-size: 15px\">: <\/span><strong style=\"font-size: 15px\">Lidt<\/strong><\/h2>\n<p>&nbsp;<img decoding=\"async\" src=\"https:\/\/cdn.shopify.com\/s\/files\/1\/0087\/7556\/5348\/files\/guide_taille_tableau_one_piece_petit_boutique_one_piece_large.jpg?v=1560247451\" alt=\"St\u00f8rrelsesguide til 5-delt t\u00f8j (lille)\"><\/p>\n<p><strong>One Piece 5-delt maleri<\/strong>, St\u00f8rrelse<strong> <\/strong>:<strong> GENNEMSNIT<\/strong><\/p>\n<p>&nbsp;<img decoding=\"async\" src=\"https:\/\/cdn.shopify.com\/s\/files\/1\/0087\/7556\/5348\/files\/guide_taille_tableau_one_piece_moyen_boutique_one_piece_large.jpg?v=1560247519\" alt=\"St\u00f8rrelsesguide \u00e9t stykke 5 stykker Medium\"><\/p>\n<p><strong>One Piece 5-delt maleri<\/strong>, St\u00f8rrelse<strong> <\/strong>: <strong>Stor<\/strong><\/p>\n<p>&nbsp;<img decoding=\"async\" src=\"https:\/\/cdn.shopify.com\/s\/files\/1\/0087\/7556\/5348\/files\/guide_taille_tableau_one_piece_grand_boutique_one_piece_large.jpg?v=1560247582\" alt=\"St\u00f8rrelsesguide til 5-delt One Piece (stor)\"><\/p>\n<p><strong>One Piece 5-delt maleri<\/strong>, St\u00f8rrelse: <strong>XL<\/strong><\/p>\n<p><img decoding=\"async\" src=\"https:\/\/cdn.shopify.com\/s\/files\/1\/0087\/7556\/5348\/files\/guide_taille_tableau_one_piece_xl_boutique_one_piece_large.jpg?v=1560247610\" alt=\"One Piece 5-delt XL st\u00f8rrelsesguide\"><\/p>","protected":false},"excerpt":{"rendered":"<p>One Piece 5-panel l\u00e6rredstryk med str\u00e5hat Luffy i kampstilling \u2013 et stykke af h\u00f8j kvalitet til en pirat som dig! Hvis du er en sand pirat, vil du s\u00e6tte pris p\u00e5 kvaliteten af l\u00e6rredet, malingen og rammen, samt 3D-l\u00e6rredstrykket p\u00e5 dette 5-panel One Piece l\u00e6rredstryk! Men vigtigst af alt, med dette l\u00e6rredstryk bliver du en del af fanskaren af mangaen...<\/p>","protected":false},"featured_media":9426,"comment_status":"open","ping_status":"open","template":"","meta":[],"product_brand":[],"product_cat":[141],"product_tag":[92,142,143],"class_list":{"0":"post-9424","1":"product","2":"type-product","3":"status-publish","4":"has-post-thumbnail","6":"product_cat-tableaux-one-piece","7":"product_tag-luffy","8":"product_tag-tableau-5-pieces","9":"product_tag-toile","11":"first","12":"instock","13":"purchasable","14":"product-type-variable"},"yoast_head":"<!-- This site is optimized with the Yoast SEO plugin v27.5 - https:\/\/yoast.com\/product\/yoast-seo-wordpress\/ -->\n<title>Tableau One Piece Gomu Gonu No Mi | Boutique One Piece<\/title>\n<meta name=\"description\" content=\"Tableau 5 Pi\u00e8ces One Piece avec Roronoa Luffy qui Utilise le Gear \u00e0 Enies Lobby Haute Qualit\u00e9 Fan du Manga de Pirates ce Tableau 5 Panneaux est Fait Pour Vous!\" \/>\n<meta name=\"robots\" content=\"index, follow, max-snippet:-1, max-image-preview:large, max-video-preview:-1\" \/>\n<link rel=\"canonical\" href=\"https:\/\/boutique-one-piece.com\/da\/one-piece-dekorationer\/one-piece-malerier\/et-stykke-maleri-gomu-gonu-no-mi\/\" \/>\n<meta property=\"og:locale\" content=\"da_DK\" \/>\n<meta property=\"og:type\" content=\"article\" \/>\n<meta property=\"og:title\" content=\"Tableau One Piece Gomu Gonu No Mi | Boutique One Piece\" \/>\n<meta property=\"og:description\" content=\"Tableau 5 Pi\u00e8ces One Piece avec Roronoa Luffy qui Utilise le Gear \u00e0 Enies Lobby Haute Qualit\u00e9 Fan du Manga de Pirates ce Tableau 5 Panneaux est Fait Pour Vous!\" \/>\n<meta property=\"og:url\" content=\"https:\/\/boutique-one-piece.com\/da\/one-piece-dekorationer\/one-piece-malerier\/et-stykke-maleri-gomu-gonu-no-mi\/\" \/>\n<meta property=\"og:site_name\" content=\"Boutique One Piece\" \/>\n<meta property=\"article:modified_time\" content=\"2024-09-18T01:44:33+00:00\" \/>\n<meta property=\"og:image\" content=\"https:\/\/boutique-one-piece.com\/wp-content\/uploads\/2022\/09\/Tableau-One-Piece-Gomu-Gonu-No-Mi.jpg\" \/>\n\t<meta property=\"og:image:width\" content=\"600\" \/>\n\t<meta property=\"og:image:height\" content=\"600\" \/>\n\t<meta property=\"og:image:type\" content=\"image\/jpeg\" \/>\n<meta name=\"twitter:card\" content=\"summary_large_image\" \/>\n<meta name=\"twitter:label1\" content=\"Estimeret l\u00e6setid\" \/>\n\t<meta name=\"twitter:data1\" content=\"3 minutter\" \/>\n<script type=\"application\/ld+json\" class=\"yoast-schema-graph\">{\"@context\":\"https:\\\/\\\/schema.org\",\"@graph\":[{\"@type\":\"WebPage\",\"@id\":\"https:\\\/\\\/boutique-one-piece.com\\\/decorations-one-piece\\\/tableaux-one-piece\\\/tableau-one-piece-gomu-gonu-no-mi\\\/\",\"url\":\"https:\\\/\\\/boutique-one-piece.com\\\/decorations-one-piece\\\/tableaux-one-piece\\\/tableau-one-piece-gomu-gonu-no-mi\\\/\",\"name\":\"Tableau One Piece Gomu Gonu No Mi | Boutique One Piece\",\"isPartOf\":{\"@id\":\"https:\\\/\\\/boutique-one-piece.com\\\/#website\"},\"primaryImageOfPage\":{\"@id\":\"https:\\\/\\\/boutique-one-piece.com\\\/decorations-one-piece\\\/tableaux-one-piece\\\/tableau-one-piece-gomu-gonu-no-mi\\\/#primaryimage\"},\"image\":{\"@id\":\"https:\\\/\\\/boutique-one-piece.com\\\/decorations-one-piece\\\/tableaux-one-piece\\\/tableau-one-piece-gomu-gonu-no-mi\\\/#primaryimage\"},\"thumbnailUrl\":\"https:\\\/\\\/boutique-one-piece.com\\\/wp-content\\\/uploads\\\/2022\\\/09\\\/Tableau-One-Piece-Gomu-Gonu-No-Mi.jpg\",\"datePublished\":\"2022-09-27T20:19:49+00:00\",\"dateModified\":\"2024-09-18T01:44:33+00:00\",\"description\":\"Tableau 5 Pi\u00e8ces One Piece avec Roronoa Luffy qui Utilise le Gear \u00e0 Enies Lobby Haute Qualit\u00e9 Fan du Manga de Pirates ce Tableau 5 Panneaux est Fait Pour Vous!\",\"breadcrumb\":{\"@id\":\"https:\\\/\\\/boutique-one-piece.com\\\/decorations-one-piece\\\/tableaux-one-piece\\\/tableau-one-piece-gomu-gonu-no-mi\\\/#breadcrumb\"},\"inLanguage\":\"da-DK\",\"potentialAction\":[{\"@type\":\"ReadAction\",\"target\":[\"https:\\\/\\\/boutique-one-piece.com\\\/decorations-one-piece\\\/tableaux-one-piece\\\/tableau-one-piece-gomu-gonu-no-mi\\\/\"]}]},{\"@type\":\"ImageObject\",\"inLanguage\":\"da-DK\",\"@id\":\"https:\\\/\\\/boutique-one-piece.com\\\/decorations-one-piece\\\/tableaux-one-piece\\\/tableau-one-piece-gomu-gonu-no-mi\\\/#primaryimage\",\"url\":\"https:\\\/\\\/boutique-one-piece.com\\\/wp-content\\\/uploads\\\/2022\\\/09\\\/Tableau-One-Piece-Gomu-Gonu-No-Mi.jpg\",\"contentUrl\":\"https:\\\/\\\/boutique-one-piece.com\\\/wp-content\\\/uploads\\\/2022\\\/09\\\/Tableau-One-Piece-Gomu-Gonu-No-Mi.jpg\",\"width\":600,\"height\":600,\"caption\":\"Tableau One Piece Gomu Gonu No Mi XL Avec Cadre\"},{\"@type\":\"BreadcrumbList\",\"@id\":\"https:\\\/\\\/boutique-one-piece.com\\\/decorations-one-piece\\\/tableaux-one-piece\\\/tableau-one-piece-gomu-gonu-no-mi\\\/#breadcrumb\",\"itemListElement\":[{\"@type\":\"ListItem\",\"position\":1,\"name\":\"Home\",\"item\":\"https:\\\/\\\/boutique-one-piece.com\\\/\"},{\"@type\":\"ListItem\",\"position\":2,\"name\":\"Shop\",\"item\":\"https:\\\/\\\/boutique-one-piece.com\\\/shop\\\/\"},{\"@type\":\"ListItem\",\"position\":3,\"name\":\"Tableau One Piece Gomu Gonu No Mi\"}]},{\"@type\":\"WebSite\",\"@id\":\"https:\\\/\\\/boutique-one-piece.com\\\/#website\",\"url\":\"https:\\\/\\\/boutique-one-piece.com\\\/\",\"name\":\"Boutique One Piece\",\"description\":\"Magasin Sp\u00e9cialis\u00e9 du Manga et l&#039;Anime One Piece\",\"publisher\":{\"@id\":\"https:\\\/\\\/boutique-one-piece.com\\\/#organization\"},\"potentialAction\":[{\"@type\":\"SearchAction\",\"target\":{\"@type\":\"EntryPoint\",\"urlTemplate\":\"https:\\\/\\\/boutique-one-piece.com\\\/?s={search_term_string}\"},\"query-input\":{\"@type\":\"PropertyValueSpecification\",\"valueRequired\":true,\"valueName\":\"search_term_string\"}}],\"inLanguage\":\"da-DK\"},{\"@type\":\"Organization\",\"@id\":\"https:\\\/\\\/boutique-one-piece.com\\\/#organization\",\"name\":\"Boutique One Piece\",\"url\":\"https:\\\/\\\/boutique-one-piece.com\\\/\",\"logo\":{\"@type\":\"ImageObject\",\"inLanguage\":\"da-DK\",\"@id\":\"https:\\\/\\\/boutique-one-piece.com\\\/#\\\/schema\\\/logo\\\/image\\\/\",\"url\":\"https:\\\/\\\/boutique-one-piece.com\\\/wp-content\\\/uploads\\\/2022\\\/09\\\/Logo-01.png\",\"contentUrl\":\"https:\\\/\\\/boutique-one-piece.com\\\/wp-content\\\/uploads\\\/2022\\\/09\\\/Logo-01.png\",\"width\":2318,\"height\":957,\"caption\":\"Boutique One Piece\"},\"image\":{\"@id\":\"https:\\\/\\\/boutique-one-piece.com\\\/#\\\/schema\\\/logo\\\/image\\\/\"}}]}<\/script>\n<!-- \/ Yoast SEO plugin. -->","yoast_head_json":{"title":"One Piece Maleri Gomu Gonu No Mi | One Piece Shop","description":"5-delt l\u00e6rredstryk i \u00e9t stykke med afbildning af Roronoa Luffy, der bruger udstyret i Enies lobby. H\u00f8j kvalitet. Fans af piratmanga, dette 5-panels l\u00e6rredstryk er skabt til dig!","robots":{"index":"index","follow":"follow","max-snippet":"max-snippet:-1","max-image-preview":"max-image-preview:large","max-video-preview":"max-video-preview:-1"},"canonical":"https:\/\/boutique-one-piece.com\/da\/one-piece-dekorationer\/one-piece-malerier\/et-stykke-maleri-gomu-gonu-no-mi\/","og_locale":"da_DK","og_type":"article","og_title":"Tableau One Piece Gomu Gonu No Mi | Boutique One Piece","og_description":"Tableau 5 Pi\u00e8ces One Piece avec Roronoa Luffy qui Utilise le Gear \u00e0 Enies Lobby Haute Qualit\u00e9 Fan du Manga de Pirates ce Tableau 5 Panneaux est Fait Pour Vous!","og_url":"https:\/\/boutique-one-piece.com\/da\/one-piece-dekorationer\/one-piece-malerier\/et-stykke-maleri-gomu-gonu-no-mi\/","og_site_name":"Boutique One Piece","article_modified_time":"2024-09-18T01:44:33+00:00","og_image":[{"width":600,"height":600,"url":"https:\/\/boutique-one-piece.com\/wp-content\/uploads\/2022\/09\/Tableau-One-Piece-Gomu-Gonu-No-Mi.jpg","type":"image\/jpeg"}],"twitter_card":"summary_large_image","twitter_misc":{"Estimeret l\u00e6setid":"3 minutter"},"schema":{"@context":"https:\/\/schema.org","@graph":[{"@type":"WebPage","@id":"https:\/\/boutique-one-piece.com\/decorations-one-piece\/tableaux-one-piece\/tableau-one-piece-gomu-gonu-no-mi\/","url":"https:\/\/boutique-one-piece.com\/decorations-one-piece\/tableaux-one-piece\/tableau-one-piece-gomu-gonu-no-mi\/","name":"One Piece Maleri Gomu Gonu No Mi | One Piece Shop","isPartOf":{"@id":"https:\/\/boutique-one-piece.com\/#website"},"primaryImageOfPage":{"@id":"https:\/\/boutique-one-piece.com\/decorations-one-piece\/tableaux-one-piece\/tableau-one-piece-gomu-gonu-no-mi\/#primaryimage"},"image":{"@id":"https:\/\/boutique-one-piece.com\/decorations-one-piece\/tableaux-one-piece\/tableau-one-piece-gomu-gonu-no-mi\/#primaryimage"},"thumbnailUrl":"https:\/\/boutique-one-piece.com\/wp-content\/uploads\/2022\/09\/Tableau-One-Piece-Gomu-Gonu-No-Mi.jpg","datePublished":"2022-09-27T20:19:49+00:00","dateModified":"2024-09-18T01:44:33+00:00","description":"5-delt l\u00e6rredstryk i \u00e9t stykke med afbildning af Roronoa Luffy, der bruger udstyret i Enies lobby. H\u00f8j kvalitet. Fans af piratmanga, dette 5-panels l\u00e6rredstryk er skabt til dig!","breadcrumb":{"@id":"https:\/\/boutique-one-piece.com\/decorations-one-piece\/tableaux-one-piece\/tableau-one-piece-gomu-gonu-no-mi\/#breadcrumb"},"inLanguage":"da-DK","potentialAction":[{"@type":"ReadAction","target":["https:\/\/boutique-one-piece.com\/decorations-one-piece\/tableaux-one-piece\/tableau-one-piece-gomu-gonu-no-mi\/"]}]},{"@type":"ImageObject","inLanguage":"da-DK","@id":"https:\/\/boutique-one-piece.com\/decorations-one-piece\/tableaux-one-piece\/tableau-one-piece-gomu-gonu-no-mi\/#primaryimage","url":"https:\/\/boutique-one-piece.com\/wp-content\/uploads\/2022\/09\/Tableau-One-Piece-Gomu-Gonu-No-Mi.jpg","contentUrl":"https:\/\/boutique-one-piece.com\/wp-content\/uploads\/2022\/09\/Tableau-One-Piece-Gomu-Gonu-No-Mi.jpg","width":600,"height":600,"caption":"Tableau One Piece Gomu Gonu No Mi XL Avec Cadre"},{"@type":"BreadcrumbList","@id":"https:\/\/boutique-one-piece.com\/decorations-one-piece\/tableaux-one-piece\/tableau-one-piece-gomu-gonu-no-mi\/#breadcrumb","itemListElement":[{"@type":"ListItem","position":1,"name":"Home","item":"https:\/\/boutique-one-piece.com\/"},{"@type":"ListItem","position":2,"name":"Shop","item":"https:\/\/boutique-one-piece.com\/shop\/"},{"@type":"ListItem","position":3,"name":"Tableau One Piece Gomu Gonu No Mi"}]},{"@type":"WebSite","@id":"https:\/\/boutique-one-piece.com\/#website","url":"https:\/\/boutique-one-piece.com\/","name":"One Piece Shop","description":"Specialbutik for One Piece Manga og Anime","publisher":{"@id":"https:\/\/boutique-one-piece.com\/#organization"},"potentialAction":[{"@type":"SearchAction","target":{"@type":"EntryPoint","urlTemplate":"https:\/\/boutique-one-piece.com\/?s={search_term_string}"},"query-input":{"@type":"PropertyValueSpecification","valueRequired":true,"valueName":"search_term_string"}}],"inLanguage":"da-DK"},{"@type":"Organization","@id":"https:\/\/boutique-one-piece.com\/#organization","name":"One Piece Shop","url":"https:\/\/boutique-one-piece.com\/","logo":{"@type":"ImageObject","inLanguage":"da-DK","@id":"https:\/\/boutique-one-piece.com\/#\/schema\/logo\/image\/","url":"https:\/\/boutique-one-piece.com\/wp-content\/uploads\/2022\/09\/Logo-01.png","contentUrl":"https:\/\/boutique-one-piece.com\/wp-content\/uploads\/2022\/09\/Logo-01.png","width":2318,"height":957,"caption":"Boutique One Piece"},"image":{"@id":"https:\/\/boutique-one-piece.com\/#\/schema\/logo\/image\/"}}]}},"_links":{"self":[{"href":"https:\/\/boutique-one-piece.com\/da\/wp-json\/wp\/v2\/product\/9424","targetHints":{"allow":["GET"]}}],"collection":[{"href":"https:\/\/boutique-one-piece.com\/da\/wp-json\/wp\/v2\/product"}],"about":[{"href":"https:\/\/boutique-one-piece.com\/da\/wp-json\/wp\/v2\/types\/product"}],"replies":[{"embeddable":true,"href":"https:\/\/boutique-one-piece.com\/da\/wp-json\/wp\/v2\/comments?post=9424"}],"wp:featuredmedia":[{"embeddable":true,"href":"https:\/\/boutique-one-piece.com\/da\/wp-json\/wp\/v2\/media\/9426"}],"wp:attachment":[{"href":"https:\/\/boutique-one-piece.com\/da\/wp-json\/wp\/v2\/media?parent=9424"}],"wp:term":[{"taxonomy":"product_brand","embeddable":true,"href":"https:\/\/boutique-one-piece.com\/da\/wp-json\/wp\/v2\/product_brand?post=9424"},{"taxonomy":"product_cat","embeddable":true,"href":"https:\/\/boutique-one-piece.com\/da\/wp-json\/wp\/v2\/product_cat?post=9424"},{"taxonomy":"product_tag","embeddable":true,"href":"https:\/\/boutique-one-piece.com\/da\/wp-json\/wp\/v2\/product_tag?post=9424"}],"curies":[{"name":"wp","href":"https:\/\/api.w.org\/{rel}","templated":true}]}}