{"id":9443,"date":"2022-09-27T20:19:49","date_gmt":"2022-09-27T20:19:49","guid":{"rendered":"https:\/\/boutique-one-piece.com\/uncategorized\/avis-de-recherche-one-piece-vinsmoke-sanji-wanted\/"},"modified":"2025-09-09T05:34:37","modified_gmt":"2025-09-09T05:34:37","slug":"one-piece-plakat-efterspurgt-vinsmoke-sanji","status":"publish","type":"product","link":"https:\/\/boutique-one-piece.com\/da\/one-piece-dekorationer\/one-piece-plakat-efterspurgt-vinsmoke-sanji\/","title":{"rendered":"Vinsmoke Sanji efterlyses"},"content":{"rendered":"<h2>Unge Nakama, tiden er kommet til at du f\u00e5r fingrene i denne Vinsmoke Sanji Wanted-plakat.<\/h2>\n<p>Du er uden tvivl klar over, at Sanji, f\u00f8dt Vinsmoke Sanji f\u00f8r han opgav sit efternavn, har \u00f8genavnet <strong>Sanji det sorte ben<\/strong>. Han er kokken for Straw Hat-holdet. Sanji l\u00e6rte madlavning p\u00e5 <strong>Baratie<\/strong>, en flydende restaurant ejet af Red-Leg Zeff, en tidligere pirat. Sanji er meget ridderlig over for kvinder, i en s\u00e5dan grad at han kan fornemme, n\u00e5r en kvinde er i fare, selv fra en afstand, der er for stor til at h\u00f8re.<\/p>\n<p>Derfor s\u00e6tter han sig selv meget ofte i livsfare, n\u00e5r hans modstander er en kvinde, da han n\u00e6gter at sl\u00e5 dem. Alt, hvad han kan g\u00f8re, er at fors\u00f8ge at afv\u00e6rge deres slag. Endelig, som du kan se, <strong>hans bonus<\/strong> bel\u00f8ber sig til 330.000.000 b\u00e6r. Derudover, hvis du \u00f8nsker at udvide din &quot;\u00f8nskede&quot; samling,\u00ab<a title=\"EFTERLYSNING: NAMI EFTERLYSNING\" href=\"https:\/\/boutique-one-piece.com\/da\/one-piece-plakat-nami-efterlyses\/\" target=\"_blank\" rel=\"noopener\">Nami \u00f8nskede plakat<\/a> er inden for din r\u00e6kkevidde.<\/p>\n<h3>F\u00e5 fat i Sanji Black Legs efterlysningsplakat med det samme. Du kan h\u00e6nge den op p\u00e5 din v\u00e6g.<\/h3>\n<p><strong>\u00c9t stykke<\/strong> er den bedst s\u00e6lgende manga i verden. V\u00e6r stolt af at v\u00e6re en del af dette fantastiske univers, hvor pirateri hersker. T\u00f8v heller ikke med at f\u00e5 fingrene i disse mytiske genstande, der vil kaste dig tilbage til din yndlingsanimeverden. Det er op til dig at leve dit eventyr!<strong> ung pirat<\/strong> Som du finder det passende. Kun \u00e9n regel: der er ingen regler.<\/p>\n<h2>Information om One Piece Wanted Sanji-plakaten<\/h2>\n<ul>\n<li><span><b><u>One Piece Wanted-plakat<\/u><\/b>\u00a0En \u00e6gte One Piece-efterlysningsplakat til \u00e6gte pirater<\/span><\/li>\n<\/ul>\n<ul>\n<li>\n<b><u>Vinsmoke Sanjis dus\u00f8r<\/u><\/b>\u00a0330.000.000 b\u00e6r<\/li>\n<\/ul>\n<ul>\n<li><span><strong>Udskrivning i h\u00f8j kvalitet<\/strong>\u00a0pr\u00e6cise farver<\/span><\/li>\n<\/ul>\n<ul>\n<li>\n<strong>Dimension<\/strong>\u00a0: 51 cm x 36 cm<\/li>\n<\/ul>\n<ul>\n<li><span><strong>GRATIS LEVERING<\/strong><\/span><\/li>\n<\/ul>","protected":false},"excerpt":{"rendered":"<p>Jeune Nakama, le moment est venu pour toi de te procurer cet Avis de Recherche Vinsmoke Sanji Wanted. Tu n&rsquo;es pas sans savoir que Sanji, n\u00e9 Vinsmoke Sanji avant de renoncer \u00e0 son nom de famille, est surnomm\u00e9 Sanji la Jambe Noire. C&rsquo;est le cuisinier de l&rsquo;\u00c9quipage du Chapeau de Paille. Sanji a appris l&rsquo;art [&hellip;]<\/p>","protected":false},"featured_media":9445,"comment_status":"open","ping_status":"open","template":"","meta":[],"product_brand":[],"product_cat":[171,150],"product_tag":[],"class_list":{"0":"post-9443","1":"product","2":"type-product","3":"status-publish","4":"has-post-thumbnail","6":"product_cat-avis-de-recherche-one-piece","7":"product_cat-decorations-one-piece","9":"first","10":"instock","11":"purchasable","12":"product-type-simple"},"yoast_head":"<!-- This site is optimized with the Yoast SEO plugin v27.5 - https:\/\/yoast.com\/product\/yoast-seo-wordpress\/ -->\n<title>Avis de Recherche One Piece Vinsmoke Sanji Wanted | D\u00e9coration One Piece \u2013 Boutique One Piece<\/title>\n<meta name=\"description\" content=\"Jeune Nakama, le moment est venu pour toi de te procurer cet Avis de Recherche Vinsmoke Sanji Wanted. Tu n&#039;es pas sans savoir que Sanji, n\u00e9 Vinsmoke Sanji avant de renoncer \u00e0 son nom de famille, est surnomm\u00e9 Sanji la Jambe Noire. C&#039;est le cuisinier de l&#039;\u00c9quipage du Chapeau de Paille. Sanji a appris l&#039;art culinaire sur\" \/>\n<meta name=\"robots\" content=\"index, follow, max-snippet:-1, max-image-preview:large, max-video-preview:-1\" \/>\n<link rel=\"canonical\" href=\"https:\/\/boutique-one-piece.com\/da\/one-piece-efterlysningsplakat\/one-piece-plakat-efterspurgt-vinsmoke-sanji\/\" \/>\n<meta property=\"og:locale\" content=\"da_DK\" \/>\n<meta property=\"og:type\" content=\"article\" \/>\n<meta property=\"og:title\" content=\"Avis de Recherche One Piece Vinsmoke Sanji Wanted | D\u00e9coration One Piece \u2013 Boutique One Piece\" \/>\n<meta property=\"og:description\" content=\"Jeune Nakama, le moment est venu pour toi de te procurer cet Avis de Recherche Vinsmoke Sanji Wanted. Tu n&#039;es pas sans savoir que Sanji, n\u00e9 Vinsmoke Sanji avant de renoncer \u00e0 son nom de famille, est surnomm\u00e9 Sanji la Jambe Noire. C&#039;est le cuisinier de l&#039;\u00c9quipage du Chapeau de Paille. Sanji a appris l&#039;art culinaire sur\" \/>\n<meta property=\"og:url\" content=\"https:\/\/boutique-one-piece.com\/da\/one-piece-efterlysningsplakat\/one-piece-plakat-efterspurgt-vinsmoke-sanji\/\" \/>\n<meta property=\"og:site_name\" content=\"Boutique One Piece\" \/>\n<meta property=\"article:modified_time\" content=\"2025-09-09T05:34:37+00:00\" \/>\n<meta property=\"og:image\" content=\"https:\/\/boutique-one-piece.com\/wp-content\/uploads\/2022\/09\/Avis-de-Recherche-Vinsmoke-Sanji-Wanted-1.jpg\" \/>\n\t<meta property=\"og:image:width\" content=\"799\" \/>\n\t<meta property=\"og:image:height\" content=\"797\" \/>\n\t<meta property=\"og:image:type\" content=\"image\/jpeg\" \/>\n<meta name=\"twitter:card\" content=\"summary_large_image\" \/>\n<meta name=\"twitter:label1\" content=\"Estimeret l\u00e6setid\" \/>\n\t<meta name=\"twitter:data1\" content=\"2 minutter\" \/>\n<script type=\"application\/ld+json\" class=\"yoast-schema-graph\">{\"@context\":\"https:\\\/\\\/schema.org\",\"@graph\":[{\"@type\":\"WebPage\",\"@id\":\"https:\\\/\\\/boutique-one-piece.com\\\/avis-de-recherche-one-piece\\\/avis-de-recherche-one-piece-vinsmoke-sanji-wanted\\\/\",\"url\":\"https:\\\/\\\/boutique-one-piece.com\\\/avis-de-recherche-one-piece\\\/avis-de-recherche-one-piece-vinsmoke-sanji-wanted\\\/\",\"name\":\"Avis de Recherche One Piece Vinsmoke Sanji Wanted | D\u00e9coration One Piece \u2013 Boutique One Piece\",\"isPartOf\":{\"@id\":\"https:\\\/\\\/boutique-one-piece.com\\\/#website\"},\"primaryImageOfPage\":{\"@id\":\"https:\\\/\\\/boutique-one-piece.com\\\/avis-de-recherche-one-piece\\\/avis-de-recherche-one-piece-vinsmoke-sanji-wanted\\\/#primaryimage\"},\"image\":{\"@id\":\"https:\\\/\\\/boutique-one-piece.com\\\/avis-de-recherche-one-piece\\\/avis-de-recherche-one-piece-vinsmoke-sanji-wanted\\\/#primaryimage\"},\"thumbnailUrl\":\"https:\\\/\\\/boutique-one-piece.com\\\/wp-content\\\/uploads\\\/2022\\\/09\\\/Avis-de-Recherche-Vinsmoke-Sanji-Wanted-1.jpg\",\"datePublished\":\"2022-09-27T20:19:49+00:00\",\"dateModified\":\"2025-09-09T05:34:37+00:00\",\"description\":\"Jeune Nakama, le moment est venu pour toi de te procurer cet Avis de Recherche Vinsmoke Sanji Wanted. Tu n'es pas sans savoir que Sanji, n\u00e9 Vinsmoke Sanji avant de renoncer \u00e0 son nom de famille, est surnomm\u00e9 Sanji la Jambe Noire. C'est le cuisinier de l'\u00c9quipage du Chapeau de Paille. Sanji a appris l'art culinaire sur\",\"breadcrumb\":{\"@id\":\"https:\\\/\\\/boutique-one-piece.com\\\/avis-de-recherche-one-piece\\\/avis-de-recherche-one-piece-vinsmoke-sanji-wanted\\\/#breadcrumb\"},\"inLanguage\":\"da-DK\",\"potentialAction\":[{\"@type\":\"ReadAction\",\"target\":[\"https:\\\/\\\/boutique-one-piece.com\\\/avis-de-recherche-one-piece\\\/avis-de-recherche-one-piece-vinsmoke-sanji-wanted\\\/\"]}]},{\"@type\":\"ImageObject\",\"inLanguage\":\"da-DK\",\"@id\":\"https:\\\/\\\/boutique-one-piece.com\\\/avis-de-recherche-one-piece\\\/avis-de-recherche-one-piece-vinsmoke-sanji-wanted\\\/#primaryimage\",\"url\":\"https:\\\/\\\/boutique-one-piece.com\\\/wp-content\\\/uploads\\\/2022\\\/09\\\/Avis-de-Recherche-Vinsmoke-Sanji-Wanted-1.jpg\",\"contentUrl\":\"https:\\\/\\\/boutique-one-piece.com\\\/wp-content\\\/uploads\\\/2022\\\/09\\\/Avis-de-Recherche-Vinsmoke-Sanji-Wanted-1.jpg\",\"width\":799,\"height\":797},{\"@type\":\"BreadcrumbList\",\"@id\":\"https:\\\/\\\/boutique-one-piece.com\\\/avis-de-recherche-one-piece\\\/avis-de-recherche-one-piece-vinsmoke-sanji-wanted\\\/#breadcrumb\",\"itemListElement\":[{\"@type\":\"ListItem\",\"position\":1,\"name\":\"Home\",\"item\":\"https:\\\/\\\/boutique-one-piece.com\\\/\"},{\"@type\":\"ListItem\",\"position\":2,\"name\":\"Shop\",\"item\":\"https:\\\/\\\/boutique-one-piece.com\\\/shop\\\/\"},{\"@type\":\"ListItem\",\"position\":3,\"name\":\"Avis de Recherche Vinsmoke Sanji Wanted\"}]},{\"@type\":\"WebSite\",\"@id\":\"https:\\\/\\\/boutique-one-piece.com\\\/#website\",\"url\":\"https:\\\/\\\/boutique-one-piece.com\\\/\",\"name\":\"Boutique One Piece\",\"description\":\"Magasin Sp\u00e9cialis\u00e9 du Manga et l&#039;Anime One Piece\",\"publisher\":{\"@id\":\"https:\\\/\\\/boutique-one-piece.com\\\/#organization\"},\"potentialAction\":[{\"@type\":\"SearchAction\",\"target\":{\"@type\":\"EntryPoint\",\"urlTemplate\":\"https:\\\/\\\/boutique-one-piece.com\\\/?s={search_term_string}\"},\"query-input\":{\"@type\":\"PropertyValueSpecification\",\"valueRequired\":true,\"valueName\":\"search_term_string\"}}],\"inLanguage\":\"da-DK\"},{\"@type\":\"Organization\",\"@id\":\"https:\\\/\\\/boutique-one-piece.com\\\/#organization\",\"name\":\"Boutique One Piece\",\"url\":\"https:\\\/\\\/boutique-one-piece.com\\\/\",\"logo\":{\"@type\":\"ImageObject\",\"inLanguage\":\"da-DK\",\"@id\":\"https:\\\/\\\/boutique-one-piece.com\\\/#\\\/schema\\\/logo\\\/image\\\/\",\"url\":\"https:\\\/\\\/boutique-one-piece.com\\\/wp-content\\\/uploads\\\/2022\\\/09\\\/Logo-01.png\",\"contentUrl\":\"https:\\\/\\\/boutique-one-piece.com\\\/wp-content\\\/uploads\\\/2022\\\/09\\\/Logo-01.png\",\"width\":2318,\"height\":957,\"caption\":\"Boutique One Piece\"},\"image\":{\"@id\":\"https:\\\/\\\/boutique-one-piece.com\\\/#\\\/schema\\\/logo\\\/image\\\/\"}}]}<\/script>\n<!-- \/ Yoast SEO plugin. -->","yoast_head_json":{"title":"One Piece Wanted-plakat: Vinsmoke Sanji | One Piece-dekorationer \u2013 One Piece Shop","description":"Unge Nakama, tiden er kommet til at du f\u00e5r fingrene i denne Vinsmoke Sanji-efterlysningsplakat. Du er sikkert klar over, at Sanji, f\u00f8dt Vinsmoke Sanji f\u00f8r han droppede sit efternavn, har k\u00e6lenavnet Black Leg Sanji. Han er kokken i Straw Hat-holdet. Sanji l\u00e6rte madlavning p\u00e5","robots":{"index":"index","follow":"follow","max-snippet":"max-snippet:-1","max-image-preview":"max-image-preview:large","max-video-preview":"max-video-preview:-1"},"canonical":"https:\/\/boutique-one-piece.com\/da\/one-piece-efterlysningsplakat\/one-piece-plakat-efterspurgt-vinsmoke-sanji\/","og_locale":"da_DK","og_type":"article","og_title":"Avis de Recherche One Piece Vinsmoke Sanji Wanted | D\u00e9coration One Piece \u2013 Boutique One Piece","og_description":"Jeune Nakama, le moment est venu pour toi de te procurer cet Avis de Recherche Vinsmoke Sanji Wanted. Tu n'es pas sans savoir que Sanji, n\u00e9 Vinsmoke Sanji avant de renoncer \u00e0 son nom de famille, est surnomm\u00e9 Sanji la Jambe Noire. C'est le cuisinier de l'\u00c9quipage du Chapeau de Paille. Sanji a appris l'art culinaire sur","og_url":"https:\/\/boutique-one-piece.com\/da\/one-piece-efterlysningsplakat\/one-piece-plakat-efterspurgt-vinsmoke-sanji\/","og_site_name":"Boutique One Piece","article_modified_time":"2025-09-09T05:34:37+00:00","og_image":[{"width":799,"height":797,"url":"https:\/\/boutique-one-piece.com\/wp-content\/uploads\/2022\/09\/Avis-de-Recherche-Vinsmoke-Sanji-Wanted-1.jpg","type":"image\/jpeg"}],"twitter_card":"summary_large_image","twitter_misc":{"Estimeret l\u00e6setid":"2 minutter"},"schema":{"@context":"https:\/\/schema.org","@graph":[{"@type":"WebPage","@id":"https:\/\/boutique-one-piece.com\/avis-de-recherche-one-piece\/avis-de-recherche-one-piece-vinsmoke-sanji-wanted\/","url":"https:\/\/boutique-one-piece.com\/avis-de-recherche-one-piece\/avis-de-recherche-one-piece-vinsmoke-sanji-wanted\/","name":"One Piece Wanted-plakat: Vinsmoke Sanji | One Piece-dekorationer \u2013 One Piece Shop","isPartOf":{"@id":"https:\/\/boutique-one-piece.com\/#website"},"primaryImageOfPage":{"@id":"https:\/\/boutique-one-piece.com\/avis-de-recherche-one-piece\/avis-de-recherche-one-piece-vinsmoke-sanji-wanted\/#primaryimage"},"image":{"@id":"https:\/\/boutique-one-piece.com\/avis-de-recherche-one-piece\/avis-de-recherche-one-piece-vinsmoke-sanji-wanted\/#primaryimage"},"thumbnailUrl":"https:\/\/boutique-one-piece.com\/wp-content\/uploads\/2022\/09\/Avis-de-Recherche-Vinsmoke-Sanji-Wanted-1.jpg","datePublished":"2022-09-27T20:19:49+00:00","dateModified":"2025-09-09T05:34:37+00:00","description":"Unge Nakama, tiden er kommet til at du f\u00e5r fingrene i denne Vinsmoke Sanji-efterlysningsplakat. Du er sikkert klar over, at Sanji, f\u00f8dt Vinsmoke Sanji f\u00f8r han droppede sit efternavn, har k\u00e6lenavnet Black Leg Sanji. Han er kokken i Straw Hat-holdet. Sanji l\u00e6rte madlavning p\u00e5","breadcrumb":{"@id":"https:\/\/boutique-one-piece.com\/avis-de-recherche-one-piece\/avis-de-recherche-one-piece-vinsmoke-sanji-wanted\/#breadcrumb"},"inLanguage":"da-DK","potentialAction":[{"@type":"ReadAction","target":["https:\/\/boutique-one-piece.com\/avis-de-recherche-one-piece\/avis-de-recherche-one-piece-vinsmoke-sanji-wanted\/"]}]},{"@type":"ImageObject","inLanguage":"da-DK","@id":"https:\/\/boutique-one-piece.com\/avis-de-recherche-one-piece\/avis-de-recherche-one-piece-vinsmoke-sanji-wanted\/#primaryimage","url":"https:\/\/boutique-one-piece.com\/wp-content\/uploads\/2022\/09\/Avis-de-Recherche-Vinsmoke-Sanji-Wanted-1.jpg","contentUrl":"https:\/\/boutique-one-piece.com\/wp-content\/uploads\/2022\/09\/Avis-de-Recherche-Vinsmoke-Sanji-Wanted-1.jpg","width":799,"height":797},{"@type":"BreadcrumbList","@id":"https:\/\/boutique-one-piece.com\/avis-de-recherche-one-piece\/avis-de-recherche-one-piece-vinsmoke-sanji-wanted\/#breadcrumb","itemListElement":[{"@type":"ListItem","position":1,"name":"Home","item":"https:\/\/boutique-one-piece.com\/"},{"@type":"ListItem","position":2,"name":"Shop","item":"https:\/\/boutique-one-piece.com\/shop\/"},{"@type":"ListItem","position":3,"name":"Avis de Recherche Vinsmoke Sanji Wanted"}]},{"@type":"WebSite","@id":"https:\/\/boutique-one-piece.com\/#website","url":"https:\/\/boutique-one-piece.com\/","name":"One Piece Shop","description":"Specialbutik for One Piece Manga og Anime","publisher":{"@id":"https:\/\/boutique-one-piece.com\/#organization"},"potentialAction":[{"@type":"SearchAction","target":{"@type":"EntryPoint","urlTemplate":"https:\/\/boutique-one-piece.com\/?s={search_term_string}"},"query-input":{"@type":"PropertyValueSpecification","valueRequired":true,"valueName":"search_term_string"}}],"inLanguage":"da-DK"},{"@type":"Organization","@id":"https:\/\/boutique-one-piece.com\/#organization","name":"One Piece Shop","url":"https:\/\/boutique-one-piece.com\/","logo":{"@type":"ImageObject","inLanguage":"da-DK","@id":"https:\/\/boutique-one-piece.com\/#\/schema\/logo\/image\/","url":"https:\/\/boutique-one-piece.com\/wp-content\/uploads\/2022\/09\/Logo-01.png","contentUrl":"https:\/\/boutique-one-piece.com\/wp-content\/uploads\/2022\/09\/Logo-01.png","width":2318,"height":957,"caption":"Boutique One Piece"},"image":{"@id":"https:\/\/boutique-one-piece.com\/#\/schema\/logo\/image\/"}}]}},"_links":{"self":[{"href":"https:\/\/boutique-one-piece.com\/da\/wp-json\/wp\/v2\/product\/9443","targetHints":{"allow":["GET"]}}],"collection":[{"href":"https:\/\/boutique-one-piece.com\/da\/wp-json\/wp\/v2\/product"}],"about":[{"href":"https:\/\/boutique-one-piece.com\/da\/wp-json\/wp\/v2\/types\/product"}],"replies":[{"embeddable":true,"href":"https:\/\/boutique-one-piece.com\/da\/wp-json\/wp\/v2\/comments?post=9443"}],"wp:featuredmedia":[{"embeddable":true,"href":"https:\/\/boutique-one-piece.com\/da\/wp-json\/wp\/v2\/media\/9445"}],"wp:attachment":[{"href":"https:\/\/boutique-one-piece.com\/da\/wp-json\/wp\/v2\/media?parent=9443"}],"wp:term":[{"taxonomy":"product_brand","embeddable":true,"href":"https:\/\/boutique-one-piece.com\/da\/wp-json\/wp\/v2\/product_brand?post=9443"},{"taxonomy":"product_cat","embeddable":true,"href":"https:\/\/boutique-one-piece.com\/da\/wp-json\/wp\/v2\/product_cat?post=9443"},{"taxonomy":"product_tag","embeddable":true,"href":"https:\/\/boutique-one-piece.com\/da\/wp-json\/wp\/v2\/product_tag?post=9443"}],"curies":[{"name":"wp","href":"https:\/\/api.w.org\/{rel}","templated":true}]}}