{"id":9613,"date":"2022-09-27T20:21:20","date_gmt":"2022-09-27T20:21:20","guid":{"rendered":"https:\/\/boutique-one-piece.com\/uncategorized\/figurine-one-piece-luffy-jet-pistolet\/"},"modified":"2024-09-16T11:47:27","modified_gmt":"2024-09-16T11:47:27","slug":"one-piece-luffy-jetpistol-figur","status":"publish","type":"product","link":"https:\/\/boutique-one-piece.com\/da\/one-piece-godter\/godbidder-monkey-d-luffy-one-piece\/one-piece-luffy-jetpistol-figur\/","title":{"rendered":"One Piece Luffy Jet Gun Figur"},"content":{"rendered":"<h2>Unge pirat, tiden er kommet til at du f\u00e5r denne One Piece Luffy Jet Pistol-figur.<\/h2>\n<p>Det burde du vide <strong>Andet gear<\/strong> er en form, der f\u00f8rst optr\u00e6der i Luffys kamp mod Blueno i afsnit 272. Den best\u00e5r i at \u00f8ge hans blodtryk ved at pumpe blod med benene for at fremskynde tilf\u00f8rslen af n\u00e6ringsstoffer og ilt til hans muskler, hvilket g\u00f8r ham st\u00e6rkere og hurtigere. <strong>Gomu Gomu ingen jetpistol<\/strong> er et angreb, der tillader Luffy at sende en &quot;Gomu Gomu no Pistol&quot; s\u00e5 hurtigt, at bev\u00e6gelsen af hans knytn\u00e6ve er usynlig.<\/p>\n<p>Det kan virke som om, han skyder sin modstander, bortset fra at anslaget ikke er fra en pistol, men snarere fra en lille, b\u00e6rbar kanon, der er kraftig nok til at sende den stakkels fyr afsted flere meter. Hastigheden g\u00f8r dette skud mere kraftfuldt, men ogs\u00e5 sv\u00e6rere at undvige. Det blev f\u00f8rst brugt mod Blueno. Desuden er <a title=\"ONE PIECE LUFFY SNAKE MAN FIGUR\" href=\"https:\/\/boutique-one-piece.com\/da\/one-piece-luffy-snake-man-figur\/\" target=\"_blank\" rel=\"noopener\">Luffy Slangemanden figur<\/a> er inden for din r\u00e6kkevidde.<\/p>\n<h3>S\u00e5 er du fascineret af Luffy-figuren og hans &quot;Gomu Gomu no Jet Pistol&quot;-angreb? Hvis ja, s\u00e5 l\u00e6r af den bedste, og slut dig til ham i hans kampe.<\/h3>\n<p>Uanset om du er en inkarneret fan eller en erfaren samler, er disse genstande helt sikkert noget for dig. Perfekte til at give som gave, dekorere eller som et supplement til din samling, vil disse ikoniske genstande forbedre din samling. <strong>dit One Piece-univers<\/strong>. Begiv dig ud p\u00e5 Thousand Sunny og tag afsted for at erobre <strong>One Piece Treasure<\/strong>. Din sk\u00e6bne som ung pirat ligger nu i dine h\u00e6nder.<\/p>\n<h2>Information om Luffy Jet Pistol Figur\u00a0<\/h2>\n<ul data-mce-fragment=\"1\">\n<li data-mce-fragment=\"1\"><span data-mce-fragment=\"1\"><b data-mce-fragment=\"1\"><u data-mce-fragment=\"1\">One Piece-figur<\/u><\/b>\u00a0Premium One Piece-figur til \u00e6gte pirater<\/span><\/li>\n<\/ul>\n<ul data-mce-fragment=\"1\">\n<li data-mce-fragment=\"1\">\n<b data-mce-fragment=\"1\">Materie<\/b><span data-mce-fragment=\"1\">\u00a0<\/span>PVC<\/li>\n<\/ul>\n<ul data-mce-fragment=\"1\">\n<li data-mce-fragment=\"1\"><span data-mce-fragment=\"1\"><strong data-mce-fragment=\"1\">Dimension<\/strong>\u00a0: 15 cm<\/span><\/li>\n<\/ul>\n<ul data-mce-fragment=\"1\">\n<li data-mce-fragment=\"1\"><span data-mce-fragment=\"1\"><strong data-mce-fragment=\"1\">GRATIS LEVERING<\/strong><\/span><\/li>\n<\/ul>","protected":false},"excerpt":{"rendered":"<p>Unge pirat, tiden er kommet til at f\u00e5 fingrene i denne One Piece Luffy Jet Pistol Figur. Du b\u00f8r vide, at Gear Second er en form, der f\u00f8rst optr\u00e6der i Luffys kamp mod Blueno i afsnit 272. Den best\u00e5r i at \u00f8ge hans blodtryk ved at pumpe blod gennem [\u2026]<\/p>","protected":false},"featured_media":9615,"comment_status":"open","ping_status":"open","template":"","meta":[],"product_brand":[],"product_cat":[181,76,80],"product_tag":[92],"class_list":{"0":"post-9613","1":"product","2":"type-product","3":"status-publish","4":"has-post-thumbnail","6":"product_cat-figurines-monkey-d-luffy","7":"product_cat-figurines-one-piece","8":"product_cat-goodies-monkey-d-luffy-one-piece","9":"product_tag-luffy","11":"first","12":"instock","13":"purchasable","14":"product-type-simple"},"yoast_head":"<!-- This site is optimized with the Yoast SEO plugin v27.5 - https:\/\/yoast.com\/product\/yoast-seo-wordpress\/ -->\n<title>Figurine One Piece Luffy Jet Pistolet | Figurine One Piece \u2013 Boutique One Piece<\/title>\n<meta name=\"description\" content=\"Jeune pirate, le moment est venu pour toi de te procurer cette Figurine One Piece Luffy Jet Pistolet. Tu dois savoir que Gear Second est une forme qui appara\u00eet pour la premi\u00e8re fois dans le combat de Luffy contre Blueno dans l&#039;\u00e9pisode 272. Elle consiste \u00e0 augmenter sa pression sanguine en pompant le sang gr\u00e2ce \u00e0 ses ja\" \/>\n<meta name=\"robots\" content=\"index, follow, max-snippet:-1, max-image-preview:large, max-video-preview:-1\" \/>\n<link rel=\"canonical\" href=\"https:\/\/boutique-one-piece.com\/da\/one-piece-figurer-2\/monkey-d-luffy-figurer\/one-piece-luffy-jetpistol-figur\/\" \/>\n<meta property=\"og:locale\" content=\"da_DK\" \/>\n<meta property=\"og:type\" content=\"article\" \/>\n<meta property=\"og:title\" content=\"Figurine One Piece Luffy Jet Pistolet | Figurine One Piece \u2013 Boutique One Piece\" \/>\n<meta property=\"og:description\" content=\"Jeune pirate, le moment est venu pour toi de te procurer cette Figurine One Piece Luffy Jet Pistolet. Tu dois savoir que Gear Second est une forme qui appara\u00eet pour la premi\u00e8re fois dans le combat de Luffy contre Blueno dans l&#039;\u00e9pisode 272. Elle consiste \u00e0 augmenter sa pression sanguine en pompant le sang gr\u00e2ce \u00e0 ses ja\" \/>\n<meta property=\"og:url\" content=\"https:\/\/boutique-one-piece.com\/da\/one-piece-figurer-2\/monkey-d-luffy-figurer\/one-piece-luffy-jetpistol-figur\/\" \/>\n<meta property=\"og:site_name\" content=\"Boutique One Piece\" \/>\n<meta property=\"article:modified_time\" content=\"2024-09-16T11:47:27+00:00\" \/>\n<meta property=\"og:image\" content=\"https:\/\/boutique-one-piece.com\/wp-content\/uploads\/2022\/09\/Figurine-One-Piece-Luffy-Jet-Pistolet-1.jpg\" \/>\n\t<meta property=\"og:image:width\" content=\"640\" \/>\n\t<meta property=\"og:image:height\" content=\"640\" \/>\n\t<meta property=\"og:image:type\" content=\"image\/jpeg\" \/>\n<meta name=\"twitter:card\" content=\"summary_large_image\" \/>\n<meta name=\"twitter:label1\" content=\"Estimeret l\u00e6setid\" \/>\n\t<meta name=\"twitter:data1\" content=\"2 minutter\" \/>\n<script type=\"application\/ld+json\" class=\"yoast-schema-graph\">{\"@context\":\"https:\\\/\\\/schema.org\",\"@graph\":[{\"@type\":\"WebPage\",\"@id\":\"https:\\\/\\\/boutique-one-piece.com\\\/figurines-one-piece\\\/figurines-monkey-d-luffy\\\/figurine-one-piece-luffy-jet-pistolet\\\/\",\"url\":\"https:\\\/\\\/boutique-one-piece.com\\\/figurines-one-piece\\\/figurines-monkey-d-luffy\\\/figurine-one-piece-luffy-jet-pistolet\\\/\",\"name\":\"Figurine One Piece Luffy Jet Pistolet | Figurine One Piece \u2013 Boutique One Piece\",\"isPartOf\":{\"@id\":\"https:\\\/\\\/boutique-one-piece.com\\\/#website\"},\"primaryImageOfPage\":{\"@id\":\"https:\\\/\\\/boutique-one-piece.com\\\/figurines-one-piece\\\/figurines-monkey-d-luffy\\\/figurine-one-piece-luffy-jet-pistolet\\\/#primaryimage\"},\"image\":{\"@id\":\"https:\\\/\\\/boutique-one-piece.com\\\/figurines-one-piece\\\/figurines-monkey-d-luffy\\\/figurine-one-piece-luffy-jet-pistolet\\\/#primaryimage\"},\"thumbnailUrl\":\"https:\\\/\\\/boutique-one-piece.com\\\/wp-content\\\/uploads\\\/2022\\\/09\\\/Figurine-One-Piece-Luffy-Jet-Pistolet-1.jpg\",\"datePublished\":\"2022-09-27T20:21:20+00:00\",\"dateModified\":\"2024-09-16T11:47:27+00:00\",\"description\":\"Jeune pirate, le moment est venu pour toi de te procurer cette Figurine One Piece Luffy Jet Pistolet. Tu dois savoir que Gear Second est une forme qui appara\u00eet pour la premi\u00e8re fois dans le combat de Luffy contre Blueno dans l'\u00e9pisode 272. Elle consiste \u00e0 augmenter sa pression sanguine en pompant le sang gr\u00e2ce \u00e0 ses ja\",\"breadcrumb\":{\"@id\":\"https:\\\/\\\/boutique-one-piece.com\\\/figurines-one-piece\\\/figurines-monkey-d-luffy\\\/figurine-one-piece-luffy-jet-pistolet\\\/#breadcrumb\"},\"inLanguage\":\"da-DK\",\"potentialAction\":[{\"@type\":\"ReadAction\",\"target\":[\"https:\\\/\\\/boutique-one-piece.com\\\/figurines-one-piece\\\/figurines-monkey-d-luffy\\\/figurine-one-piece-luffy-jet-pistolet\\\/\"]}]},{\"@type\":\"ImageObject\",\"inLanguage\":\"da-DK\",\"@id\":\"https:\\\/\\\/boutique-one-piece.com\\\/figurines-one-piece\\\/figurines-monkey-d-luffy\\\/figurine-one-piece-luffy-jet-pistolet\\\/#primaryimage\",\"url\":\"https:\\\/\\\/boutique-one-piece.com\\\/wp-content\\\/uploads\\\/2022\\\/09\\\/Figurine-One-Piece-Luffy-Jet-Pistolet-1.jpg\",\"contentUrl\":\"https:\\\/\\\/boutique-one-piece.com\\\/wp-content\\\/uploads\\\/2022\\\/09\\\/Figurine-One-Piece-Luffy-Jet-Pistolet-1.jpg\",\"width\":640,\"height\":640},{\"@type\":\"BreadcrumbList\",\"@id\":\"https:\\\/\\\/boutique-one-piece.com\\\/figurines-one-piece\\\/figurines-monkey-d-luffy\\\/figurine-one-piece-luffy-jet-pistolet\\\/#breadcrumb\",\"itemListElement\":[{\"@type\":\"ListItem\",\"position\":1,\"name\":\"Home\",\"item\":\"https:\\\/\\\/boutique-one-piece.com\\\/\"},{\"@type\":\"ListItem\",\"position\":2,\"name\":\"Shop\",\"item\":\"https:\\\/\\\/boutique-one-piece.com\\\/shop\\\/\"},{\"@type\":\"ListItem\",\"position\":3,\"name\":\"Figurine One Piece Luffy Jet Pistolet\"}]},{\"@type\":\"WebSite\",\"@id\":\"https:\\\/\\\/boutique-one-piece.com\\\/#website\",\"url\":\"https:\\\/\\\/boutique-one-piece.com\\\/\",\"name\":\"Boutique One Piece\",\"description\":\"Magasin Sp\u00e9cialis\u00e9 du Manga et l&#039;Anime One Piece\",\"publisher\":{\"@id\":\"https:\\\/\\\/boutique-one-piece.com\\\/#organization\"},\"potentialAction\":[{\"@type\":\"SearchAction\",\"target\":{\"@type\":\"EntryPoint\",\"urlTemplate\":\"https:\\\/\\\/boutique-one-piece.com\\\/?s={search_term_string}\"},\"query-input\":{\"@type\":\"PropertyValueSpecification\",\"valueRequired\":true,\"valueName\":\"search_term_string\"}}],\"inLanguage\":\"da-DK\"},{\"@type\":\"Organization\",\"@id\":\"https:\\\/\\\/boutique-one-piece.com\\\/#organization\",\"name\":\"Boutique One Piece\",\"url\":\"https:\\\/\\\/boutique-one-piece.com\\\/\",\"logo\":{\"@type\":\"ImageObject\",\"inLanguage\":\"da-DK\",\"@id\":\"https:\\\/\\\/boutique-one-piece.com\\\/#\\\/schema\\\/logo\\\/image\\\/\",\"url\":\"https:\\\/\\\/boutique-one-piece.com\\\/wp-content\\\/uploads\\\/2022\\\/09\\\/Logo-01.png\",\"contentUrl\":\"https:\\\/\\\/boutique-one-piece.com\\\/wp-content\\\/uploads\\\/2022\\\/09\\\/Logo-01.png\",\"width\":2318,\"height\":957,\"caption\":\"Boutique One Piece\"},\"image\":{\"@id\":\"https:\\\/\\\/boutique-one-piece.com\\\/#\\\/schema\\\/logo\\\/image\\\/\"}}]}<\/script>\n<!-- \/ Yoast SEO plugin. -->","yoast_head_json":{"title":"One Piece Luffy Jet Pistol Figur | One Piece Figur \u2013 One Piece Shop","description":"Unge pirat, tiden er kommet til at f\u00e5 fingrene i denne One Piece Luffy Jet Pistol Figur. Du b\u00f8r vide, at Gear Second er en form, der f\u00f8rst optr\u00e6der i Luffys kamp mod Blueno i afsnit 272. Den g\u00e5r ud p\u00e5 at \u00f8ge hans blodtryk ved at pumpe blod med hans jetfly.","robots":{"index":"index","follow":"follow","max-snippet":"max-snippet:-1","max-image-preview":"max-image-preview:large","max-video-preview":"max-video-preview:-1"},"canonical":"https:\/\/boutique-one-piece.com\/da\/one-piece-figurer-2\/monkey-d-luffy-figurer\/one-piece-luffy-jetpistol-figur\/","og_locale":"da_DK","og_type":"article","og_title":"Figurine One Piece Luffy Jet Pistolet | Figurine One Piece \u2013 Boutique One Piece","og_description":"Jeune pirate, le moment est venu pour toi de te procurer cette Figurine One Piece Luffy Jet Pistolet. Tu dois savoir que Gear Second est une forme qui appara\u00eet pour la premi\u00e8re fois dans le combat de Luffy contre Blueno dans l'\u00e9pisode 272. Elle consiste \u00e0 augmenter sa pression sanguine en pompant le sang gr\u00e2ce \u00e0 ses ja","og_url":"https:\/\/boutique-one-piece.com\/da\/one-piece-figurer-2\/monkey-d-luffy-figurer\/one-piece-luffy-jetpistol-figur\/","og_site_name":"Boutique One Piece","article_modified_time":"2024-09-16T11:47:27+00:00","og_image":[{"width":640,"height":640,"url":"https:\/\/boutique-one-piece.com\/wp-content\/uploads\/2022\/09\/Figurine-One-Piece-Luffy-Jet-Pistolet-1.jpg","type":"image\/jpeg"}],"twitter_card":"summary_large_image","twitter_misc":{"Estimeret l\u00e6setid":"2 minutter"},"schema":{"@context":"https:\/\/schema.org","@graph":[{"@type":"WebPage","@id":"https:\/\/boutique-one-piece.com\/figurines-one-piece\/figurines-monkey-d-luffy\/figurine-one-piece-luffy-jet-pistolet\/","url":"https:\/\/boutique-one-piece.com\/figurines-one-piece\/figurines-monkey-d-luffy\/figurine-one-piece-luffy-jet-pistolet\/","name":"One Piece Luffy Jet Pistol Figur | One Piece Figur \u2013 One Piece Shop","isPartOf":{"@id":"https:\/\/boutique-one-piece.com\/#website"},"primaryImageOfPage":{"@id":"https:\/\/boutique-one-piece.com\/figurines-one-piece\/figurines-monkey-d-luffy\/figurine-one-piece-luffy-jet-pistolet\/#primaryimage"},"image":{"@id":"https:\/\/boutique-one-piece.com\/figurines-one-piece\/figurines-monkey-d-luffy\/figurine-one-piece-luffy-jet-pistolet\/#primaryimage"},"thumbnailUrl":"https:\/\/boutique-one-piece.com\/wp-content\/uploads\/2022\/09\/Figurine-One-Piece-Luffy-Jet-Pistolet-1.jpg","datePublished":"2022-09-27T20:21:20+00:00","dateModified":"2024-09-16T11:47:27+00:00","description":"Unge pirat, tiden er kommet til at f\u00e5 fingrene i denne One Piece Luffy Jet Pistol Figur. Du b\u00f8r vide, at Gear Second er en form, der f\u00f8rst optr\u00e6der i Luffys kamp mod Blueno i afsnit 272. Den g\u00e5r ud p\u00e5 at \u00f8ge hans blodtryk ved at pumpe blod med hans jetfly.","breadcrumb":{"@id":"https:\/\/boutique-one-piece.com\/figurines-one-piece\/figurines-monkey-d-luffy\/figurine-one-piece-luffy-jet-pistolet\/#breadcrumb"},"inLanguage":"da-DK","potentialAction":[{"@type":"ReadAction","target":["https:\/\/boutique-one-piece.com\/figurines-one-piece\/figurines-monkey-d-luffy\/figurine-one-piece-luffy-jet-pistolet\/"]}]},{"@type":"ImageObject","inLanguage":"da-DK","@id":"https:\/\/boutique-one-piece.com\/figurines-one-piece\/figurines-monkey-d-luffy\/figurine-one-piece-luffy-jet-pistolet\/#primaryimage","url":"https:\/\/boutique-one-piece.com\/wp-content\/uploads\/2022\/09\/Figurine-One-Piece-Luffy-Jet-Pistolet-1.jpg","contentUrl":"https:\/\/boutique-one-piece.com\/wp-content\/uploads\/2022\/09\/Figurine-One-Piece-Luffy-Jet-Pistolet-1.jpg","width":640,"height":640},{"@type":"BreadcrumbList","@id":"https:\/\/boutique-one-piece.com\/figurines-one-piece\/figurines-monkey-d-luffy\/figurine-one-piece-luffy-jet-pistolet\/#breadcrumb","itemListElement":[{"@type":"ListItem","position":1,"name":"Home","item":"https:\/\/boutique-one-piece.com\/"},{"@type":"ListItem","position":2,"name":"Shop","item":"https:\/\/boutique-one-piece.com\/shop\/"},{"@type":"ListItem","position":3,"name":"Figurine One Piece Luffy Jet Pistolet"}]},{"@type":"WebSite","@id":"https:\/\/boutique-one-piece.com\/#website","url":"https:\/\/boutique-one-piece.com\/","name":"One Piece Shop","description":"Specialbutik for One Piece Manga og Anime","publisher":{"@id":"https:\/\/boutique-one-piece.com\/#organization"},"potentialAction":[{"@type":"SearchAction","target":{"@type":"EntryPoint","urlTemplate":"https:\/\/boutique-one-piece.com\/?s={search_term_string}"},"query-input":{"@type":"PropertyValueSpecification","valueRequired":true,"valueName":"search_term_string"}}],"inLanguage":"da-DK"},{"@type":"Organization","@id":"https:\/\/boutique-one-piece.com\/#organization","name":"One Piece Shop","url":"https:\/\/boutique-one-piece.com\/","logo":{"@type":"ImageObject","inLanguage":"da-DK","@id":"https:\/\/boutique-one-piece.com\/#\/schema\/logo\/image\/","url":"https:\/\/boutique-one-piece.com\/wp-content\/uploads\/2022\/09\/Logo-01.png","contentUrl":"https:\/\/boutique-one-piece.com\/wp-content\/uploads\/2022\/09\/Logo-01.png","width":2318,"height":957,"caption":"Boutique One Piece"},"image":{"@id":"https:\/\/boutique-one-piece.com\/#\/schema\/logo\/image\/"}}]}},"_links":{"self":[{"href":"https:\/\/boutique-one-piece.com\/da\/wp-json\/wp\/v2\/product\/9613","targetHints":{"allow":["GET"]}}],"collection":[{"href":"https:\/\/boutique-one-piece.com\/da\/wp-json\/wp\/v2\/product"}],"about":[{"href":"https:\/\/boutique-one-piece.com\/da\/wp-json\/wp\/v2\/types\/product"}],"replies":[{"embeddable":true,"href":"https:\/\/boutique-one-piece.com\/da\/wp-json\/wp\/v2\/comments?post=9613"}],"wp:featuredmedia":[{"embeddable":true,"href":"https:\/\/boutique-one-piece.com\/da\/wp-json\/wp\/v2\/media\/9615"}],"wp:attachment":[{"href":"https:\/\/boutique-one-piece.com\/da\/wp-json\/wp\/v2\/media?parent=9613"}],"wp:term":[{"taxonomy":"product_brand","embeddable":true,"href":"https:\/\/boutique-one-piece.com\/da\/wp-json\/wp\/v2\/product_brand?post=9613"},{"taxonomy":"product_cat","embeddable":true,"href":"https:\/\/boutique-one-piece.com\/da\/wp-json\/wp\/v2\/product_cat?post=9613"},{"taxonomy":"product_tag","embeddable":true,"href":"https:\/\/boutique-one-piece.com\/da\/wp-json\/wp\/v2\/product_tag?post=9613"}],"curies":[{"name":"wp","href":"https:\/\/api.w.org\/{rel}","templated":true}]}}