{"id":9676,"date":"2022-09-27T20:21:42","date_gmt":"2022-09-27T20:21:42","guid":{"rendered":"https:\/\/boutique-one-piece.com\/uncategorized\/figurine-one-piece-monkey-d-luffy-et-trafalgar-d-water-law\/"},"modified":"2024-09-16T11:48:44","modified_gmt":"2024-09-16T11:48:44","slug":"one-piece-figur-monkey-d-luffy-og-trafalgar-d-water-law","status":"publish","type":"product","link":"https:\/\/boutique-one-piece.com\/da\/one-piece-figurer-2\/one-piece-figur-monkey-d-luffy-og-trafalgar-d-water-law\/","title":{"rendered":"One Piece Monkey D. Luffy og Trafalgar D. Water Law-figur"},"content":{"rendered":"<h2>Unge pirat, tiden er kommet til at du f\u00e5r fat i denne One Piece Monkey D. Luffy og Trafalgar D. Water Law-figur.<\/h2>\n<p>For at give lidt kontekst, er her hvad du beh\u00f8ver at vide om Monkey D. Luffy og Trafalgar D. Water Law; I kapitel 667, <strong>Law<\/strong> kommer til hj\u00e6lp for <strong>Luffy<\/strong> For at besejre Yeti Cool Brothers foresl\u00e5r han, at sidstn\u00e6vnte bliver hans allierede, idet han h\u00e6vder at have en plan om at nedk\u00e6mpe en af de fire kejsere i den nye verden. Yeti Cool Brothers er to snigmordere hyret af <strong>C\u00e6sarklovn<\/strong>.<\/p>\n<p>De har endda \u00f8genavnet &quot;Snebjergenes Dr\u00e6bere&quot;. De tilh\u00f8rer en bestemt race af k\u00e6mper. Tilbage til de to hovedpersoner, s\u00e5 v\u00e6r opm\u00e6rksom p\u00e5, at Luffy i kapitel 668 accepterer Laws alliance, til stor fortrydelse for hans bes\u00e6tning. Law accepterer at hj\u00e6lpe Luffy med at finde en kur til de b\u00f8rn, der holdes fanget af C\u00e6sar Klovn, men til geng\u00e6ld beder han dem om at fange ham. Hvis du er s\u00e6rlig glad for Law, er... <a title=\"ONE PIECE LAW POP! FIGUR\" href=\"https:\/\/boutique-one-piece.com\/da\/one-piece-law-pop-figur\/\" target=\"_blank\" rel=\"noopener\">Trafalgar Law Pop! Vinylfigur<\/a> er inden for din r\u00e6kkevidde.<\/p>\n<h3>S\u00e5 er du fascineret af denne piratduofigur? Hvis ja, s\u00e5 t\u00f8v ikke l\u00e6ngere og tag med dem p\u00e5 deres eventyr!<\/h3>\n<p><strong>\u00c9t stykke<\/strong> er den bedst s\u00e6lgende manga i verden. Uanset om du er en inkarneret fan eller en seri\u00f8s samler, er disse genstande helt sikkert noget for dig. Kom og udvid dit univers! <strong>\u00c9t stykke<\/strong> med disse mytiske genstande. Tag din sk\u00e6bne i dine egne h\u00e6nder, unge tr\u00e6ner, og bliv en del af bes\u00e6tningen p\u00e5 <strong>Str\u00e5hat<\/strong>.<\/p>\n<h2>Information om Monkey D. Luffy og Trafalgar D. Water Law-figurer&nbsp;<\/h2>\n<ul data-mce-fragment=\"1\">\n<li data-mce-fragment=\"1\"><span data-mce-fragment=\"1\"><b data-mce-fragment=\"1\"><u data-mce-fragment=\"1\">One Piece-figur<\/u><\/b>&nbsp;Premium One Piece-figur til \u00e6gte pirater<\/span><\/li>\n<\/ul>\n<ul data-mce-fragment=\"1\">\n<li data-mce-fragment=\"1\">\n<b data-mce-fragment=\"1\">Materie<\/b><span data-mce-fragment=\"1\">&nbsp;<\/span>PVC<\/li>\n<\/ul>\n<ul data-mce-fragment=\"1\">\n<li data-mce-fragment=\"1\"><span data-mce-fragment=\"1\"><strong data-mce-fragment=\"1\">Dimension<\/strong>&nbsp;: 16 cm<\/span><\/li>\n<\/ul>\n<ul data-mce-fragment=\"1\">\n<li data-mce-fragment=\"1\"><span data-mce-fragment=\"1\"><strong data-mce-fragment=\"1\">GRATIS LEVERING<\/strong><\/span><\/li>\n<\/ul>","protected":false},"excerpt":{"rendered":"<p>Jeune pirate, le moment est venu pour toi de te procurer cette Figurine One Piece Monkey D Luffy et Trafalgar D Water Law. Pour resituer le contexte, voici ce que tu dois savoir au sujet de Monkey D Luffy et de Trafalgar D Water Law ; Dans le chapitre 667, Law vient en aide \u00e0 [&hellip;]<\/p>","protected":false},"featured_media":9678,"comment_status":"open","ping_status":"open","template":"","meta":[],"product_brand":[],"product_cat":[181,76],"product_tag":[92],"class_list":{"0":"post-9676","1":"product","2":"type-product","3":"status-publish","4":"has-post-thumbnail","6":"product_cat-figurines-monkey-d-luffy","7":"product_cat-figurines-one-piece","8":"product_tag-luffy","10":"first","11":"outofstock","12":"purchasable","13":"product-type-simple"},"yoast_head":"<!-- This site is optimized with the Yoast SEO plugin v27.5 - https:\/\/yoast.com\/product\/yoast-seo-wordpress\/ -->\n<title>Figurine One Piece Monkey D Luffy et Trafalgar D Water Law | Figurine One Piece \u2013 Boutique One Piece<\/title>\n<meta name=\"description\" content=\"Jeune pirate, le moment est venu pour toi de te procurer cette Figurine One Piece Monkey D Luffy et Trafalgar D Water Law. Pour resituer le contexte, voici ce que tu dois savoir au sujet de Monkey D Luffy et de Trafalgar D Water Law ; Dans le chapitre 667, Law vient en aide \u00e0 Luffy pour venir \u00e0 bout des Yeti Cool Broth\" \/>\n<meta name=\"robots\" content=\"index, follow, max-snippet:-1, max-image-preview:large, max-video-preview:-1\" \/>\n<link rel=\"canonical\" href=\"https:\/\/boutique-one-piece.com\/da\/one-piece-figurer-2\/one-piece-figur-monkey-d-luffy-og-trafalgar-d-water-law\/\" \/>\n<meta property=\"og:locale\" content=\"da_DK\" \/>\n<meta property=\"og:type\" content=\"article\" \/>\n<meta property=\"og:title\" content=\"Figurine One Piece Monkey D Luffy et Trafalgar D Water Law | Figurine One Piece \u2013 Boutique One Piece\" \/>\n<meta property=\"og:description\" content=\"Jeune pirate, le moment est venu pour toi de te procurer cette Figurine One Piece Monkey D Luffy et Trafalgar D Water Law. Pour resituer le contexte, voici ce que tu dois savoir au sujet de Monkey D Luffy et de Trafalgar D Water Law ; Dans le chapitre 667, Law vient en aide \u00e0 Luffy pour venir \u00e0 bout des Yeti Cool Broth\" \/>\n<meta property=\"og:url\" content=\"https:\/\/boutique-one-piece.com\/da\/one-piece-figurer-2\/one-piece-figur-monkey-d-luffy-og-trafalgar-d-water-law\/\" \/>\n<meta property=\"og:site_name\" content=\"Boutique One Piece\" \/>\n<meta property=\"article:modified_time\" content=\"2024-09-16T11:48:44+00:00\" \/>\n<meta property=\"og:image\" content=\"https:\/\/boutique-one-piece.com\/wp-content\/uploads\/2022\/09\/Figurine-One-Piece-Monkey-D-Luffy-et-Trafalgar-D-Water-Law.jpg\" \/>\n\t<meta property=\"og:image:width\" content=\"450\" \/>\n\t<meta property=\"og:image:height\" content=\"450\" \/>\n\t<meta property=\"og:image:type\" content=\"image\/jpeg\" \/>\n<meta name=\"twitter:card\" content=\"summary_large_image\" \/>\n<meta name=\"twitter:label1\" content=\"Estimeret l\u00e6setid\" \/>\n\t<meta name=\"twitter:data1\" content=\"2 minutter\" \/>\n<script type=\"application\/ld+json\" class=\"yoast-schema-graph\">{\"@context\":\"https:\\\/\\\/schema.org\",\"@graph\":[{\"@type\":\"WebPage\",\"@id\":\"https:\\\/\\\/boutique-one-piece.com\\\/figurines-one-piece\\\/figurine-one-piece-monkey-d-luffy-et-trafalgar-d-water-law\\\/\",\"url\":\"https:\\\/\\\/boutique-one-piece.com\\\/figurines-one-piece\\\/figurine-one-piece-monkey-d-luffy-et-trafalgar-d-water-law\\\/\",\"name\":\"Figurine One Piece Monkey D Luffy et Trafalgar D Water Law | Figurine One Piece \u2013 Boutique One Piece\",\"isPartOf\":{\"@id\":\"https:\\\/\\\/boutique-one-piece.com\\\/#website\"},\"primaryImageOfPage\":{\"@id\":\"https:\\\/\\\/boutique-one-piece.com\\\/figurines-one-piece\\\/figurine-one-piece-monkey-d-luffy-et-trafalgar-d-water-law\\\/#primaryimage\"},\"image\":{\"@id\":\"https:\\\/\\\/boutique-one-piece.com\\\/figurines-one-piece\\\/figurine-one-piece-monkey-d-luffy-et-trafalgar-d-water-law\\\/#primaryimage\"},\"thumbnailUrl\":\"https:\\\/\\\/boutique-one-piece.com\\\/wp-content\\\/uploads\\\/2022\\\/09\\\/Figurine-One-Piece-Monkey-D-Luffy-et-Trafalgar-D-Water-Law.jpg\",\"datePublished\":\"2022-09-27T20:21:42+00:00\",\"dateModified\":\"2024-09-16T11:48:44+00:00\",\"description\":\"Jeune pirate, le moment est venu pour toi de te procurer cette Figurine One Piece Monkey D Luffy et Trafalgar D Water Law. Pour resituer le contexte, voici ce que tu dois savoir au sujet de Monkey D Luffy et de Trafalgar D Water Law ; Dans le chapitre 667, Law vient en aide \u00e0 Luffy pour venir \u00e0 bout des Yeti Cool Broth\",\"breadcrumb\":{\"@id\":\"https:\\\/\\\/boutique-one-piece.com\\\/figurines-one-piece\\\/figurine-one-piece-monkey-d-luffy-et-trafalgar-d-water-law\\\/#breadcrumb\"},\"inLanguage\":\"da-DK\",\"potentialAction\":[{\"@type\":\"ReadAction\",\"target\":[\"https:\\\/\\\/boutique-one-piece.com\\\/figurines-one-piece\\\/figurine-one-piece-monkey-d-luffy-et-trafalgar-d-water-law\\\/\"]}]},{\"@type\":\"ImageObject\",\"inLanguage\":\"da-DK\",\"@id\":\"https:\\\/\\\/boutique-one-piece.com\\\/figurines-one-piece\\\/figurine-one-piece-monkey-d-luffy-et-trafalgar-d-water-law\\\/#primaryimage\",\"url\":\"https:\\\/\\\/boutique-one-piece.com\\\/wp-content\\\/uploads\\\/2022\\\/09\\\/Figurine-One-Piece-Monkey-D-Luffy-et-Trafalgar-D-Water-Law.jpg\",\"contentUrl\":\"https:\\\/\\\/boutique-one-piece.com\\\/wp-content\\\/uploads\\\/2022\\\/09\\\/Figurine-One-Piece-Monkey-D-Luffy-et-Trafalgar-D-Water-Law.jpg\",\"width\":450,\"height\":450,\"caption\":\"Figurine One Piece Monkey D Luffy et Trafalgar D Water Law Default Title\"},{\"@type\":\"BreadcrumbList\",\"@id\":\"https:\\\/\\\/boutique-one-piece.com\\\/figurines-one-piece\\\/figurine-one-piece-monkey-d-luffy-et-trafalgar-d-water-law\\\/#breadcrumb\",\"itemListElement\":[{\"@type\":\"ListItem\",\"position\":1,\"name\":\"Home\",\"item\":\"https:\\\/\\\/boutique-one-piece.com\\\/\"},{\"@type\":\"ListItem\",\"position\":2,\"name\":\"Shop\",\"item\":\"https:\\\/\\\/boutique-one-piece.com\\\/shop\\\/\"},{\"@type\":\"ListItem\",\"position\":3,\"name\":\"Figurine One Piece Monkey D Luffy et Trafalgar D Water Law\"}]},{\"@type\":\"WebSite\",\"@id\":\"https:\\\/\\\/boutique-one-piece.com\\\/#website\",\"url\":\"https:\\\/\\\/boutique-one-piece.com\\\/\",\"name\":\"Boutique One Piece\",\"description\":\"Magasin Sp\u00e9cialis\u00e9 du Manga et l&#039;Anime One Piece\",\"publisher\":{\"@id\":\"https:\\\/\\\/boutique-one-piece.com\\\/#organization\"},\"potentialAction\":[{\"@type\":\"SearchAction\",\"target\":{\"@type\":\"EntryPoint\",\"urlTemplate\":\"https:\\\/\\\/boutique-one-piece.com\\\/?s={search_term_string}\"},\"query-input\":{\"@type\":\"PropertyValueSpecification\",\"valueRequired\":true,\"valueName\":\"search_term_string\"}}],\"inLanguage\":\"da-DK\"},{\"@type\":\"Organization\",\"@id\":\"https:\\\/\\\/boutique-one-piece.com\\\/#organization\",\"name\":\"Boutique One Piece\",\"url\":\"https:\\\/\\\/boutique-one-piece.com\\\/\",\"logo\":{\"@type\":\"ImageObject\",\"inLanguage\":\"da-DK\",\"@id\":\"https:\\\/\\\/boutique-one-piece.com\\\/#\\\/schema\\\/logo\\\/image\\\/\",\"url\":\"https:\\\/\\\/boutique-one-piece.com\\\/wp-content\\\/uploads\\\/2022\\\/09\\\/Logo-01.png\",\"contentUrl\":\"https:\\\/\\\/boutique-one-piece.com\\\/wp-content\\\/uploads\\\/2022\\\/09\\\/Logo-01.png\",\"width\":2318,\"height\":957,\"caption\":\"Boutique One Piece\"},\"image\":{\"@id\":\"https:\\\/\\\/boutique-one-piece.com\\\/#\\\/schema\\\/logo\\\/image\\\/\"}}]}<\/script>\n<!-- \/ Yoast SEO plugin. -->","yoast_head_json":{"title":"One Piece Monkey D. Luffy og Trafalgar D. Water Law Figur | One Piece Figur \u2013 One Piece Shop","description":"Unge pirat, tiden er kommet til at f\u00e5 fingrene i denne One Piece-figur af Monkey D. Luffy og Trafalgar D. Water Law. For at give dig lidt baggrund, er her hvad du beh\u00f8ver at vide om Monkey D. Luffy og Trafalgar D. Water Law: I kapitel 667 kommer Law Luffy til unds\u00e6tning for at besejre Yeti Cool Broth.","robots":{"index":"index","follow":"follow","max-snippet":"max-snippet:-1","max-image-preview":"max-image-preview:large","max-video-preview":"max-video-preview:-1"},"canonical":"https:\/\/boutique-one-piece.com\/da\/one-piece-figurer-2\/one-piece-figur-monkey-d-luffy-og-trafalgar-d-water-law\/","og_locale":"da_DK","og_type":"article","og_title":"Figurine One Piece Monkey D Luffy et Trafalgar D Water Law | Figurine One Piece \u2013 Boutique One Piece","og_description":"Jeune pirate, le moment est venu pour toi de te procurer cette Figurine One Piece Monkey D Luffy et Trafalgar D Water Law. Pour resituer le contexte, voici ce que tu dois savoir au sujet de Monkey D Luffy et de Trafalgar D Water Law ; Dans le chapitre 667, Law vient en aide \u00e0 Luffy pour venir \u00e0 bout des Yeti Cool Broth","og_url":"https:\/\/boutique-one-piece.com\/da\/one-piece-figurer-2\/one-piece-figur-monkey-d-luffy-og-trafalgar-d-water-law\/","og_site_name":"Boutique One Piece","article_modified_time":"2024-09-16T11:48:44+00:00","og_image":[{"width":450,"height":450,"url":"https:\/\/boutique-one-piece.com\/wp-content\/uploads\/2022\/09\/Figurine-One-Piece-Monkey-D-Luffy-et-Trafalgar-D-Water-Law.jpg","type":"image\/jpeg"}],"twitter_card":"summary_large_image","twitter_misc":{"Estimeret l\u00e6setid":"2 minutter"},"schema":{"@context":"https:\/\/schema.org","@graph":[{"@type":"WebPage","@id":"https:\/\/boutique-one-piece.com\/figurines-one-piece\/figurine-one-piece-monkey-d-luffy-et-trafalgar-d-water-law\/","url":"https:\/\/boutique-one-piece.com\/figurines-one-piece\/figurine-one-piece-monkey-d-luffy-et-trafalgar-d-water-law\/","name":"One Piece Monkey D. Luffy og Trafalgar D. Water Law Figur | One Piece Figur \u2013 One Piece Shop","isPartOf":{"@id":"https:\/\/boutique-one-piece.com\/#website"},"primaryImageOfPage":{"@id":"https:\/\/boutique-one-piece.com\/figurines-one-piece\/figurine-one-piece-monkey-d-luffy-et-trafalgar-d-water-law\/#primaryimage"},"image":{"@id":"https:\/\/boutique-one-piece.com\/figurines-one-piece\/figurine-one-piece-monkey-d-luffy-et-trafalgar-d-water-law\/#primaryimage"},"thumbnailUrl":"https:\/\/boutique-one-piece.com\/wp-content\/uploads\/2022\/09\/Figurine-One-Piece-Monkey-D-Luffy-et-Trafalgar-D-Water-Law.jpg","datePublished":"2022-09-27T20:21:42+00:00","dateModified":"2024-09-16T11:48:44+00:00","description":"Unge pirat, tiden er kommet til at f\u00e5 fingrene i denne One Piece-figur af Monkey D. Luffy og Trafalgar D. Water Law. For at give dig lidt baggrund, er her hvad du beh\u00f8ver at vide om Monkey D. Luffy og Trafalgar D. Water Law: I kapitel 667 kommer Law Luffy til unds\u00e6tning for at besejre Yeti Cool Broth.","breadcrumb":{"@id":"https:\/\/boutique-one-piece.com\/figurines-one-piece\/figurine-one-piece-monkey-d-luffy-et-trafalgar-d-water-law\/#breadcrumb"},"inLanguage":"da-DK","potentialAction":[{"@type":"ReadAction","target":["https:\/\/boutique-one-piece.com\/figurines-one-piece\/figurine-one-piece-monkey-d-luffy-et-trafalgar-d-water-law\/"]}]},{"@type":"ImageObject","inLanguage":"da-DK","@id":"https:\/\/boutique-one-piece.com\/figurines-one-piece\/figurine-one-piece-monkey-d-luffy-et-trafalgar-d-water-law\/#primaryimage","url":"https:\/\/boutique-one-piece.com\/wp-content\/uploads\/2022\/09\/Figurine-One-Piece-Monkey-D-Luffy-et-Trafalgar-D-Water-Law.jpg","contentUrl":"https:\/\/boutique-one-piece.com\/wp-content\/uploads\/2022\/09\/Figurine-One-Piece-Monkey-D-Luffy-et-Trafalgar-D-Water-Law.jpg","width":450,"height":450,"caption":"Figurine One Piece Monkey D Luffy et Trafalgar D Water Law Default Title"},{"@type":"BreadcrumbList","@id":"https:\/\/boutique-one-piece.com\/figurines-one-piece\/figurine-one-piece-monkey-d-luffy-et-trafalgar-d-water-law\/#breadcrumb","itemListElement":[{"@type":"ListItem","position":1,"name":"Home","item":"https:\/\/boutique-one-piece.com\/"},{"@type":"ListItem","position":2,"name":"Shop","item":"https:\/\/boutique-one-piece.com\/shop\/"},{"@type":"ListItem","position":3,"name":"Figurine One Piece Monkey D Luffy et Trafalgar D Water Law"}]},{"@type":"WebSite","@id":"https:\/\/boutique-one-piece.com\/#website","url":"https:\/\/boutique-one-piece.com\/","name":"One Piece Shop","description":"Specialbutik for One Piece Manga og Anime","publisher":{"@id":"https:\/\/boutique-one-piece.com\/#organization"},"potentialAction":[{"@type":"SearchAction","target":{"@type":"EntryPoint","urlTemplate":"https:\/\/boutique-one-piece.com\/?s={search_term_string}"},"query-input":{"@type":"PropertyValueSpecification","valueRequired":true,"valueName":"search_term_string"}}],"inLanguage":"da-DK"},{"@type":"Organization","@id":"https:\/\/boutique-one-piece.com\/#organization","name":"One Piece Shop","url":"https:\/\/boutique-one-piece.com\/","logo":{"@type":"ImageObject","inLanguage":"da-DK","@id":"https:\/\/boutique-one-piece.com\/#\/schema\/logo\/image\/","url":"https:\/\/boutique-one-piece.com\/wp-content\/uploads\/2022\/09\/Logo-01.png","contentUrl":"https:\/\/boutique-one-piece.com\/wp-content\/uploads\/2022\/09\/Logo-01.png","width":2318,"height":957,"caption":"Boutique One Piece"},"image":{"@id":"https:\/\/boutique-one-piece.com\/#\/schema\/logo\/image\/"}}]}},"_links":{"self":[{"href":"https:\/\/boutique-one-piece.com\/da\/wp-json\/wp\/v2\/product\/9676","targetHints":{"allow":["GET"]}}],"collection":[{"href":"https:\/\/boutique-one-piece.com\/da\/wp-json\/wp\/v2\/product"}],"about":[{"href":"https:\/\/boutique-one-piece.com\/da\/wp-json\/wp\/v2\/types\/product"}],"replies":[{"embeddable":true,"href":"https:\/\/boutique-one-piece.com\/da\/wp-json\/wp\/v2\/comments?post=9676"}],"wp:featuredmedia":[{"embeddable":true,"href":"https:\/\/boutique-one-piece.com\/da\/wp-json\/wp\/v2\/media\/9678"}],"wp:attachment":[{"href":"https:\/\/boutique-one-piece.com\/da\/wp-json\/wp\/v2\/media?parent=9676"}],"wp:term":[{"taxonomy":"product_brand","embeddable":true,"href":"https:\/\/boutique-one-piece.com\/da\/wp-json\/wp\/v2\/product_brand?post=9676"},{"taxonomy":"product_cat","embeddable":true,"href":"https:\/\/boutique-one-piece.com\/da\/wp-json\/wp\/v2\/product_cat?post=9676"},{"taxonomy":"product_tag","embeddable":true,"href":"https:\/\/boutique-one-piece.com\/da\/wp-json\/wp\/v2\/product_tag?post=9676"}],"curies":[{"name":"wp","href":"https:\/\/api.w.org\/{rel}","templated":true}]}}