{"id":9693,"date":"2022-09-27T20:21:42","date_gmt":"2022-09-27T20:21:42","guid":{"rendered":"https:\/\/boutique-one-piece.com\/uncategorized\/figurine-one-piece-nami-manie-la-foudre\/"},"modified":"2024-09-16T11:48:55","modified_gmt":"2024-09-16T11:48:55","slug":"one-piece-figur-nami-bruger-lyn","status":"publish","type":"product","link":"https:\/\/boutique-one-piece.com\/da\/one-piece-godter\/nami-one-piece-godter\/one-piece-figur-nami-bruger-lyn\/","title":{"rendered":"One Piece Figur Nami Bruger Lyn"},"content":{"rendered":"<h2>Unge pirat, tiden er kommet til at du f\u00e5r fat i denne One Piece Nami Bruger Lynet-figur.<\/h2>\n<p>Det burde du vide <strong>Nami<\/strong> er en fremragende navigat\u00f8r. Faktisk kan hun nemt forudsige klima\u00e6ndringer uden engang at bruge instrumenter; hun stoler p\u00e5 sin intuition. Disse f\u00e6rdigheder stammer fra den viden, hun tilegnede sig i sin barndom og p\u00e5 sin rejse for at k\u00f8be sin landsby tilbage. Hun ved ogs\u00e5, hvordan man navigerer i vandet <strong>Grand Line<\/strong>, p\u00e5 trods af uforudsigelige klima\u00e6ndringer, der g\u00f8r navigation ekstremt vanskelig selv for erfarne navigat\u00f8rer, is\u00e6r i anden halvdel af Grand Line: <strong>den nye verden<\/strong>.<\/p>\n<p>I begyndelsen af mangaen besidder Nami kun en simpel tr\u00e6pind og virker ikke til at v\u00e6re en rigtig kriger, selvom hun takket v\u00e6re dette v\u00e5ben kan nedl\u00e6gge fem angribere med et enkelt slag. Fra afsnit 117 og fremefter k\u00e6mper hun ved hj\u00e6lp af sin <strong>Klimatakt<\/strong>, som Usopp lavede til ham. Dette v\u00e5ben kan manipulere vejret og dermed skabe fatamorganaer, tilkalde regn, affyre lyn osv.<\/p>\n<p>Det giver hende mulighed for at frig\u00f8re sit fulde potentiale i kamp, sin intelligens og sit talent for meteorologi. Desuden, hvis du er fan af Nami, <a title=\"ONE PIECE NAMI-FIGUR I GYLDEN KJOLE\" href=\"https:\/\/boutique-one-piece.com\/da\/one-piece-figur-nami-gylden-kjole\/\" target=\"_blank\" rel=\"noopener\">Nami-figur med en gylden kjole<\/a> er inden for din r\u00e6kkevidde.<\/p>\n<h3>S\u00e5 er du fascineret af Nami-figuren, der svinger lynet? Hvis ja, s\u00e5 tag med Nami ombord p\u00e5 Thousand Sunny, hvor hun vil byde dig velkommen med sin Clima-Tact.<\/h3>\n<p><strong>Ung pirat<\/strong>, Tag din sk\u00e6bne i dine egne h\u00e6nder og begiv dig ud i Thousand Sunny. Uanset om du er en inkarneret fan eller en erfaren samler, er disse genstande helt sikkert noget for dig. Perfekte til at give i gave, dekorere eller samle p\u00e5, vil disse genstande forbedre din samling. <strong>dit One Piece-univers<\/strong>.<\/p>\n<h2>Information om Nami Manie Lynfiguren\u00a0<\/h2>\n<ul>\n<li><span><b><u>One Piece-figur<\/u><\/b>\u00a0Premium One Piece-figur til \u00e6gte pirater<\/span><\/li>\n<\/ul>\n<ul>\n<li>\n<b>Materie<\/b><span>\u00a0<\/span>PVC<\/li>\n<\/ul>\n<ul>\n<li><span><strong>Dimension<\/strong>\u00a0: 16 cm<\/span><\/li>\n<\/ul>\n<ul>\n<li><span><strong>GRATIS LEVERING<\/strong><\/span><\/li>\n<\/ul>","protected":false},"excerpt":{"rendered":"<p>Jeune pirate, le moment est venu pour toi de te procurer cette Figurine One Piece Nami Manie La Foudre. Tu dois savoir que Nami est une excellente navigatrice. En effet, elle peut pr\u00e9voir facilement les changements climatiques sans m\u00eame utiliser d&rsquo;instruments, elle se sert de son instinct. Ces comp\u00e9tences sont dues \u00e0 sa connaissance apprise [&hellip;]<\/p>","protected":false},"featured_media":9695,"comment_status":"open","ping_status":"open","template":"","meta":[],"product_brand":[],"product_cat":[152,76,153],"product_tag":[154],"class_list":{"0":"post-9693","1":"product","2":"type-product","3":"status-publish","4":"has-post-thumbnail","6":"product_cat-figurines-nami","7":"product_cat-figurines-one-piece","8":"product_cat-goodies-nami-one-piece","9":"product_tag-nami","11":"first","12":"instock","13":"purchasable","14":"product-type-simple"},"yoast_head":"<!-- This site is optimized with the Yoast SEO plugin v27.5 - https:\/\/yoast.com\/product\/yoast-seo-wordpress\/ -->\n<title>Figurine One Piece Nami Manie La Foudre | Figurine One Piece \u2013 Boutique One Piece<\/title>\n<meta name=\"description\" content=\"Jeune pirate, le moment est venu pour toi de te procurer cette Figurine One Piece Nami Manie La Foudre. Tu dois savoir que Nami est une excellente navigatrice. En effet, elle peut pr\u00e9voir facilement les changements climatiques sans m\u00eame utiliser d&#039;instruments, elle se sert de son instinct. Ces comp\u00e9tences sont dues \u00e0 s\" \/>\n<meta name=\"robots\" content=\"index, follow, max-snippet:-1, max-image-preview:large, max-video-preview:-1\" \/>\n<link rel=\"canonical\" href=\"https:\/\/boutique-one-piece.com\/da\/one-piece-godter\/nami-one-piece-godter\/one-piece-figur-nami-bruger-lyn\/\" \/>\n<meta property=\"og:locale\" content=\"da_DK\" \/>\n<meta property=\"og:type\" content=\"article\" \/>\n<meta property=\"og:title\" content=\"Figurine One Piece Nami Manie La Foudre | Figurine One Piece \u2013 Boutique One Piece\" \/>\n<meta property=\"og:description\" content=\"Jeune pirate, le moment est venu pour toi de te procurer cette Figurine One Piece Nami Manie La Foudre. Tu dois savoir que Nami est une excellente navigatrice. En effet, elle peut pr\u00e9voir facilement les changements climatiques sans m\u00eame utiliser d&#039;instruments, elle se sert de son instinct. Ces comp\u00e9tences sont dues \u00e0 s\" \/>\n<meta property=\"og:url\" content=\"https:\/\/boutique-one-piece.com\/da\/one-piece-godter\/nami-one-piece-godter\/one-piece-figur-nami-bruger-lyn\/\" \/>\n<meta property=\"og:site_name\" content=\"Boutique One Piece\" \/>\n<meta property=\"article:modified_time\" content=\"2024-09-16T11:48:55+00:00\" \/>\n<meta property=\"og:image\" content=\"https:\/\/boutique-one-piece.com\/wp-content\/uploads\/2022\/09\/Figurine-One-Piece-Nami-Manie-La-Foudre-1.jpg\" \/>\n\t<meta property=\"og:image:width\" content=\"1080\" \/>\n\t<meta property=\"og:image:height\" content=\"1080\" \/>\n\t<meta property=\"og:image:type\" content=\"image\/jpeg\" \/>\n<meta name=\"twitter:card\" content=\"summary_large_image\" \/>\n<meta name=\"twitter:label1\" content=\"Estimeret l\u00e6setid\" \/>\n\t<meta name=\"twitter:data1\" content=\"2 minutter\" \/>\n<script type=\"application\/ld+json\" class=\"yoast-schema-graph\">{\"@context\":\"https:\\\/\\\/schema.org\",\"@graph\":[{\"@type\":\"WebPage\",\"@id\":\"https:\\\/\\\/boutique-one-piece.com\\\/goodies-one-piece\\\/goodies-nami-one-piece\\\/figurine-one-piece-nami-manie-la-foudre\\\/\",\"url\":\"https:\\\/\\\/boutique-one-piece.com\\\/goodies-one-piece\\\/goodies-nami-one-piece\\\/figurine-one-piece-nami-manie-la-foudre\\\/\",\"name\":\"Figurine One Piece Nami Manie La Foudre | Figurine One Piece \u2013 Boutique One Piece\",\"isPartOf\":{\"@id\":\"https:\\\/\\\/boutique-one-piece.com\\\/#website\"},\"primaryImageOfPage\":{\"@id\":\"https:\\\/\\\/boutique-one-piece.com\\\/goodies-one-piece\\\/goodies-nami-one-piece\\\/figurine-one-piece-nami-manie-la-foudre\\\/#primaryimage\"},\"image\":{\"@id\":\"https:\\\/\\\/boutique-one-piece.com\\\/goodies-one-piece\\\/goodies-nami-one-piece\\\/figurine-one-piece-nami-manie-la-foudre\\\/#primaryimage\"},\"thumbnailUrl\":\"https:\\\/\\\/boutique-one-piece.com\\\/wp-content\\\/uploads\\\/2022\\\/09\\\/Figurine-One-Piece-Nami-Manie-La-Foudre-1.jpg\",\"datePublished\":\"2022-09-27T20:21:42+00:00\",\"dateModified\":\"2024-09-16T11:48:55+00:00\",\"description\":\"Jeune pirate, le moment est venu pour toi de te procurer cette Figurine One Piece Nami Manie La Foudre. Tu dois savoir que Nami est une excellente navigatrice. En effet, elle peut pr\u00e9voir facilement les changements climatiques sans m\u00eame utiliser d'instruments, elle se sert de son instinct. Ces comp\u00e9tences sont dues \u00e0 s\",\"breadcrumb\":{\"@id\":\"https:\\\/\\\/boutique-one-piece.com\\\/goodies-one-piece\\\/goodies-nami-one-piece\\\/figurine-one-piece-nami-manie-la-foudre\\\/#breadcrumb\"},\"inLanguage\":\"da-DK\",\"potentialAction\":[{\"@type\":\"ReadAction\",\"target\":[\"https:\\\/\\\/boutique-one-piece.com\\\/goodies-one-piece\\\/goodies-nami-one-piece\\\/figurine-one-piece-nami-manie-la-foudre\\\/\"]}]},{\"@type\":\"ImageObject\",\"inLanguage\":\"da-DK\",\"@id\":\"https:\\\/\\\/boutique-one-piece.com\\\/goodies-one-piece\\\/goodies-nami-one-piece\\\/figurine-one-piece-nami-manie-la-foudre\\\/#primaryimage\",\"url\":\"https:\\\/\\\/boutique-one-piece.com\\\/wp-content\\\/uploads\\\/2022\\\/09\\\/Figurine-One-Piece-Nami-Manie-La-Foudre-1.jpg\",\"contentUrl\":\"https:\\\/\\\/boutique-one-piece.com\\\/wp-content\\\/uploads\\\/2022\\\/09\\\/Figurine-One-Piece-Nami-Manie-La-Foudre-1.jpg\",\"width\":1080,\"height\":1080},{\"@type\":\"BreadcrumbList\",\"@id\":\"https:\\\/\\\/boutique-one-piece.com\\\/goodies-one-piece\\\/goodies-nami-one-piece\\\/figurine-one-piece-nami-manie-la-foudre\\\/#breadcrumb\",\"itemListElement\":[{\"@type\":\"ListItem\",\"position\":1,\"name\":\"Home\",\"item\":\"https:\\\/\\\/boutique-one-piece.com\\\/\"},{\"@type\":\"ListItem\",\"position\":2,\"name\":\"Shop\",\"item\":\"https:\\\/\\\/boutique-one-piece.com\\\/shop\\\/\"},{\"@type\":\"ListItem\",\"position\":3,\"name\":\"Figurine One Piece Nami Manie La Foudre\"}]},{\"@type\":\"WebSite\",\"@id\":\"https:\\\/\\\/boutique-one-piece.com\\\/#website\",\"url\":\"https:\\\/\\\/boutique-one-piece.com\\\/\",\"name\":\"Boutique One Piece\",\"description\":\"Magasin Sp\u00e9cialis\u00e9 du Manga et l&#039;Anime One Piece\",\"publisher\":{\"@id\":\"https:\\\/\\\/boutique-one-piece.com\\\/#organization\"},\"potentialAction\":[{\"@type\":\"SearchAction\",\"target\":{\"@type\":\"EntryPoint\",\"urlTemplate\":\"https:\\\/\\\/boutique-one-piece.com\\\/?s={search_term_string}\"},\"query-input\":{\"@type\":\"PropertyValueSpecification\",\"valueRequired\":true,\"valueName\":\"search_term_string\"}}],\"inLanguage\":\"da-DK\"},{\"@type\":\"Organization\",\"@id\":\"https:\\\/\\\/boutique-one-piece.com\\\/#organization\",\"name\":\"Boutique One Piece\",\"url\":\"https:\\\/\\\/boutique-one-piece.com\\\/\",\"logo\":{\"@type\":\"ImageObject\",\"inLanguage\":\"da-DK\",\"@id\":\"https:\\\/\\\/boutique-one-piece.com\\\/#\\\/schema\\\/logo\\\/image\\\/\",\"url\":\"https:\\\/\\\/boutique-one-piece.com\\\/wp-content\\\/uploads\\\/2022\\\/09\\\/Logo-01.png\",\"contentUrl\":\"https:\\\/\\\/boutique-one-piece.com\\\/wp-content\\\/uploads\\\/2022\\\/09\\\/Logo-01.png\",\"width\":2318,\"height\":957,\"caption\":\"Boutique One Piece\"},\"image\":{\"@id\":\"https:\\\/\\\/boutique-one-piece.com\\\/#\\\/schema\\\/logo\\\/image\\\/\"}}]}<\/script>\n<!-- \/ Yoast SEO plugin. -->","yoast_head_json":{"title":"One Piece Figur Nami Bruger Lyn | One Piece Figur \u2013 One Piece Shop","description":"Unge pirat, tiden er kommet til at f\u00e5 fingrene i denne One Piece Nami-svingende lynfigur. Du b\u00f8r vide, at Nami er en fremragende navigat\u00f8r. Faktisk kan hun nemt forudsige vejrskift uden engang at bruge instrumenter; hun stoler p\u00e5 sin instinkt. Disse f\u00e6rdigheder skyldes...","robots":{"index":"index","follow":"follow","max-snippet":"max-snippet:-1","max-image-preview":"max-image-preview:large","max-video-preview":"max-video-preview:-1"},"canonical":"https:\/\/boutique-one-piece.com\/da\/one-piece-godter\/nami-one-piece-godter\/one-piece-figur-nami-bruger-lyn\/","og_locale":"da_DK","og_type":"article","og_title":"Figurine One Piece Nami Manie La Foudre | Figurine One Piece \u2013 Boutique One Piece","og_description":"Jeune pirate, le moment est venu pour toi de te procurer cette Figurine One Piece Nami Manie La Foudre. Tu dois savoir que Nami est une excellente navigatrice. En effet, elle peut pr\u00e9voir facilement les changements climatiques sans m\u00eame utiliser d'instruments, elle se sert de son instinct. Ces comp\u00e9tences sont dues \u00e0 s","og_url":"https:\/\/boutique-one-piece.com\/da\/one-piece-godter\/nami-one-piece-godter\/one-piece-figur-nami-bruger-lyn\/","og_site_name":"Boutique One Piece","article_modified_time":"2024-09-16T11:48:55+00:00","og_image":[{"width":1080,"height":1080,"url":"https:\/\/boutique-one-piece.com\/wp-content\/uploads\/2022\/09\/Figurine-One-Piece-Nami-Manie-La-Foudre-1.jpg","type":"image\/jpeg"}],"twitter_card":"summary_large_image","twitter_misc":{"Estimeret l\u00e6setid":"2 minutter"},"schema":{"@context":"https:\/\/schema.org","@graph":[{"@type":"WebPage","@id":"https:\/\/boutique-one-piece.com\/goodies-one-piece\/goodies-nami-one-piece\/figurine-one-piece-nami-manie-la-foudre\/","url":"https:\/\/boutique-one-piece.com\/goodies-one-piece\/goodies-nami-one-piece\/figurine-one-piece-nami-manie-la-foudre\/","name":"One Piece Figur Nami Bruger Lyn | One Piece Figur \u2013 One Piece Shop","isPartOf":{"@id":"https:\/\/boutique-one-piece.com\/#website"},"primaryImageOfPage":{"@id":"https:\/\/boutique-one-piece.com\/goodies-one-piece\/goodies-nami-one-piece\/figurine-one-piece-nami-manie-la-foudre\/#primaryimage"},"image":{"@id":"https:\/\/boutique-one-piece.com\/goodies-one-piece\/goodies-nami-one-piece\/figurine-one-piece-nami-manie-la-foudre\/#primaryimage"},"thumbnailUrl":"https:\/\/boutique-one-piece.com\/wp-content\/uploads\/2022\/09\/Figurine-One-Piece-Nami-Manie-La-Foudre-1.jpg","datePublished":"2022-09-27T20:21:42+00:00","dateModified":"2024-09-16T11:48:55+00:00","description":"Unge pirat, tiden er kommet til at f\u00e5 fingrene i denne One Piece Nami-svingende lynfigur. Du b\u00f8r vide, at Nami er en fremragende navigat\u00f8r. Faktisk kan hun nemt forudsige vejrskift uden engang at bruge instrumenter; hun stoler p\u00e5 sin instinkt. Disse f\u00e6rdigheder skyldes...","breadcrumb":{"@id":"https:\/\/boutique-one-piece.com\/goodies-one-piece\/goodies-nami-one-piece\/figurine-one-piece-nami-manie-la-foudre\/#breadcrumb"},"inLanguage":"da-DK","potentialAction":[{"@type":"ReadAction","target":["https:\/\/boutique-one-piece.com\/goodies-one-piece\/goodies-nami-one-piece\/figurine-one-piece-nami-manie-la-foudre\/"]}]},{"@type":"ImageObject","inLanguage":"da-DK","@id":"https:\/\/boutique-one-piece.com\/goodies-one-piece\/goodies-nami-one-piece\/figurine-one-piece-nami-manie-la-foudre\/#primaryimage","url":"https:\/\/boutique-one-piece.com\/wp-content\/uploads\/2022\/09\/Figurine-One-Piece-Nami-Manie-La-Foudre-1.jpg","contentUrl":"https:\/\/boutique-one-piece.com\/wp-content\/uploads\/2022\/09\/Figurine-One-Piece-Nami-Manie-La-Foudre-1.jpg","width":1080,"height":1080},{"@type":"BreadcrumbList","@id":"https:\/\/boutique-one-piece.com\/goodies-one-piece\/goodies-nami-one-piece\/figurine-one-piece-nami-manie-la-foudre\/#breadcrumb","itemListElement":[{"@type":"ListItem","position":1,"name":"Home","item":"https:\/\/boutique-one-piece.com\/"},{"@type":"ListItem","position":2,"name":"Shop","item":"https:\/\/boutique-one-piece.com\/shop\/"},{"@type":"ListItem","position":3,"name":"Figurine One Piece Nami Manie La Foudre"}]},{"@type":"WebSite","@id":"https:\/\/boutique-one-piece.com\/#website","url":"https:\/\/boutique-one-piece.com\/","name":"One Piece Shop","description":"Specialbutik for One Piece Manga og Anime","publisher":{"@id":"https:\/\/boutique-one-piece.com\/#organization"},"potentialAction":[{"@type":"SearchAction","target":{"@type":"EntryPoint","urlTemplate":"https:\/\/boutique-one-piece.com\/?s={search_term_string}"},"query-input":{"@type":"PropertyValueSpecification","valueRequired":true,"valueName":"search_term_string"}}],"inLanguage":"da-DK"},{"@type":"Organization","@id":"https:\/\/boutique-one-piece.com\/#organization","name":"One Piece Shop","url":"https:\/\/boutique-one-piece.com\/","logo":{"@type":"ImageObject","inLanguage":"da-DK","@id":"https:\/\/boutique-one-piece.com\/#\/schema\/logo\/image\/","url":"https:\/\/boutique-one-piece.com\/wp-content\/uploads\/2022\/09\/Logo-01.png","contentUrl":"https:\/\/boutique-one-piece.com\/wp-content\/uploads\/2022\/09\/Logo-01.png","width":2318,"height":957,"caption":"Boutique One Piece"},"image":{"@id":"https:\/\/boutique-one-piece.com\/#\/schema\/logo\/image\/"}}]}},"_links":{"self":[{"href":"https:\/\/boutique-one-piece.com\/da\/wp-json\/wp\/v2\/product\/9693","targetHints":{"allow":["GET"]}}],"collection":[{"href":"https:\/\/boutique-one-piece.com\/da\/wp-json\/wp\/v2\/product"}],"about":[{"href":"https:\/\/boutique-one-piece.com\/da\/wp-json\/wp\/v2\/types\/product"}],"replies":[{"embeddable":true,"href":"https:\/\/boutique-one-piece.com\/da\/wp-json\/wp\/v2\/comments?post=9693"}],"wp:featuredmedia":[{"embeddable":true,"href":"https:\/\/boutique-one-piece.com\/da\/wp-json\/wp\/v2\/media\/9695"}],"wp:attachment":[{"href":"https:\/\/boutique-one-piece.com\/da\/wp-json\/wp\/v2\/media?parent=9693"}],"wp:term":[{"taxonomy":"product_brand","embeddable":true,"href":"https:\/\/boutique-one-piece.com\/da\/wp-json\/wp\/v2\/product_brand?post=9693"},{"taxonomy":"product_cat","embeddable":true,"href":"https:\/\/boutique-one-piece.com\/da\/wp-json\/wp\/v2\/product_cat?post=9693"},{"taxonomy":"product_tag","embeddable":true,"href":"https:\/\/boutique-one-piece.com\/da\/wp-json\/wp\/v2\/product_tag?post=9693"}],"curies":[{"name":"wp","href":"https:\/\/api.w.org\/{rel}","templated":true}]}}