{"id":9759,"date":"2022-09-27T20:22:08","date_gmt":"2022-09-27T20:22:08","guid":{"rendered":"https:\/\/boutique-one-piece.com\/uncategorized\/avis-de-recherche-one-piece-roronoa-zoro-wanted\/"},"modified":"2025-11-26T22:24:56","modified_gmt":"2025-11-26T22:24:56","slug":"onsket-meddelelse-one-piece-roronoa-zoro-onskede","status":"publish","type":"product","link":"https:\/\/boutique-one-piece.com\/da\/one-piece-dekorationer\/onsket-meddelelse-one-piece-roronoa-zoro-onskede\/","title":{"rendered":"Roronoa Zoro s\u00f8ges"},"content":{"rendered":"<h2>Unge s\u00f8mand, tiden er inde til at du f\u00e5r fingrene i denne Roronoa Zoro-efterlysningsmeddelelse.<\/h2>\n<p>Du er sikkert klar over, at Zoro var det f\u00f8rste medlem, der sluttede sig til Straw Hat-holdet. Han er ogs\u00e5 den f\u00f8rste og <strong>chefsv\u00e6rdk\u00e6mper<\/strong>. Zoro er faktisk en exceptionel sv\u00e6rdk\u00e6mper, der ikke ventede med at slutte sig til Straw Hat Crew for at skabe sig et solidt ry. Faktisk er han i begyndelsen af serien den ber\u00f8mte <strong>Piratj\u00e6ger<\/strong> Fra East Blue, allerede frygtet og respekteret. Her har du at g\u00f8re med Zoros efterlyste plakat.<\/p>\n<p>Denne meddelelse angiver, at personen er en fredl\u00f8s, og at en dus\u00f8r for hans tilfangetagelse er blevet fastsat af verdensregeringen, n\u00e6rmere bestemt af marinesoldaterne. <strong>Zoros nuv\u00e6rende dus\u00f8r<\/strong> bel\u00f8ber sig til 320.000.000 b\u00e6r. Desuden,<a title=\"EFTERLYST: MONKEY D. LUFFY\" href=\"https:\/\/boutique-one-piece.com\/da\/onsket-meddelelse-one-piece-monkey-d-luffy-onskede\/\" target=\"_blank\" rel=\"noopener\">Monkey D. Luffy efterlysningsplakat<\/a> Hans kaptajn er inden for din r\u00e6kkevidde.<\/p>\n<h3>S\u00e5 er du fascineret af denne efterlysningsplakat for sv\u00e6rdk\u00e6mperen fra Straw Hat Crew? Hvis ja, s\u00e5 t\u00f8v ikke l\u00e6ngere og grib chancen for at eje denne plakat.<\/h3>\n<p>Uanset om du er en inkarneret fan eller en seri\u00f8s samler, beh\u00f8ver du ikke lede l\u00e6ngere, du er kommet til det rette sted. <strong>Disse objekter<\/strong> er helt sikkert noget for dig. Perfekt til gave, dekoration eller samling, disse genstande vil forbedre <strong>dit One Piece-univers.<\/strong> \u00c9n ting er sikkert, din sk\u00e6bne som ung pirat ligger i dine h\u00e6nder.<\/p>\n<h2>Information om One Piece Wanted-plakaten: Zoro dus\u00f8rj\u00e6geren<\/h2>\n<ul>\n<li><span><b><u>One Piece Wanted-plakat<\/u><\/b>\u00a0En \u00e6gte One Piece-efterlysningsplakat til \u00e6gte pirater<\/span><\/li>\n<\/ul>\n<ul>\n<li>\n<b><u>Roronoa Zoros dus\u00f8r<\/u><\/b>\u00a0320.000.000 b\u00e6r<\/li>\n<\/ul>\n<ul>\n<li><span><strong>Udskrivning i h\u00f8j kvalitet<\/strong>\u00a0pr\u00e6cise farver<\/span><\/li>\n<\/ul>\n<ul>\n<li>\n<strong>Dimension<\/strong>\u00a0: 51 cm x 36 cm<\/li>\n<\/ul>\n<ul>\n<li><span><strong>GRATIS LEVERING<\/strong><\/span><\/li>\n<\/ul>\n<div id=\"gtx-trans\" style=\"position: absolute;left: 792px;top: 49px\">\n<div class=\"gtx-trans-icon\"><\/div>\n<\/div>","protected":false},"excerpt":{"rendered":"<p>Unge s\u00f8mand, tiden er kommet til at f\u00e5 fingrene i denne Roronoa Zoro-efterlysningsplakat. Du er sikkert klar over, at Zoro var det f\u00f8rste medlem, der sluttede sig til Straw Hat-holdet. Han er ogs\u00e5 den f\u00f8rste og fremmeste sv\u00e6rdk\u00e6mper. Zoro er faktisk en exceptionel sv\u00e6rdk\u00e6mper, der ikke ventede p\u00e5 [\u2026]<\/p>","protected":false},"featured_media":9761,"comment_status":"open","ping_status":"open","template":"","meta":[],"product_brand":[],"product_cat":[171,150],"product_tag":[],"class_list":{"0":"post-9759","1":"product","2":"type-product","3":"status-publish","4":"has-post-thumbnail","6":"product_cat-avis-de-recherche-one-piece","7":"product_cat-decorations-one-piece","9":"first","10":"instock","11":"purchasable","12":"product-type-simple"},"yoast_head":"<!-- This site is optimized with the Yoast SEO plugin v27.5 - https:\/\/yoast.com\/product\/yoast-seo-wordpress\/ -->\n<title>Avis de Recherche One Piece Roronoa Zoro Wanted | D\u00e9coration One Piece \u2013 Boutique One Piece<\/title>\n<meta name=\"description\" content=\"Jeune Moussaillon, le moment est venu pour toi de te procurer cet Avis de Recherche Roronoa Zoro Wanted. Tu n&#039;es pas sans savoir que Zoro fut le premier membre \u00e0 rejoindre l&#039;\u00c9quipage du Chapeau de Paille. Il est \u00e9galement le premier et principal \u00e9p\u00e9iste. En effet, Zoro est un \u00e9p\u00e9iste d&#039;exception qui n&#039;a pas attendu d&#039;\u00ea\" \/>\n<meta name=\"robots\" content=\"index, follow, max-snippet:-1, max-image-preview:large, max-video-preview:-1\" \/>\n<link rel=\"canonical\" href=\"https:\/\/boutique-one-piece.com\/da\/one-piece-efterlysningsplakat\/onsket-meddelelse-one-piece-roronoa-zoro-onskede\/\" \/>\n<meta property=\"og:locale\" content=\"da_DK\" \/>\n<meta property=\"og:type\" content=\"article\" \/>\n<meta property=\"og:title\" content=\"Avis de Recherche One Piece Roronoa Zoro Wanted | D\u00e9coration One Piece \u2013 Boutique One Piece\" \/>\n<meta property=\"og:description\" content=\"Jeune Moussaillon, le moment est venu pour toi de te procurer cet Avis de Recherche Roronoa Zoro Wanted. Tu n&#039;es pas sans savoir que Zoro fut le premier membre \u00e0 rejoindre l&#039;\u00c9quipage du Chapeau de Paille. Il est \u00e9galement le premier et principal \u00e9p\u00e9iste. En effet, Zoro est un \u00e9p\u00e9iste d&#039;exception qui n&#039;a pas attendu d&#039;\u00ea\" \/>\n<meta property=\"og:url\" content=\"https:\/\/boutique-one-piece.com\/da\/one-piece-efterlysningsplakat\/onsket-meddelelse-one-piece-roronoa-zoro-onskede\/\" \/>\n<meta property=\"og:site_name\" content=\"Boutique One Piece\" \/>\n<meta property=\"article:modified_time\" content=\"2025-11-26T22:24:56+00:00\" \/>\n<meta property=\"og:image\" content=\"https:\/\/boutique-one-piece.com\/wp-content\/uploads\/2022\/09\/Avis-de-Recherche-Roronoa-Zoro-Wanted-1.jpg\" \/>\n\t<meta property=\"og:image:width\" content=\"798\" \/>\n\t<meta property=\"og:image:height\" content=\"799\" \/>\n\t<meta property=\"og:image:type\" content=\"image\/jpeg\" \/>\n<meta name=\"twitter:card\" content=\"summary_large_image\" \/>\n<meta name=\"twitter:label1\" content=\"Estimeret l\u00e6setid\" \/>\n\t<meta name=\"twitter:data1\" content=\"2 minutter\" \/>\n<script type=\"application\/ld+json\" class=\"yoast-schema-graph\">{\"@context\":\"https:\\\/\\\/schema.org\",\"@graph\":[{\"@type\":\"WebPage\",\"@id\":\"https:\\\/\\\/boutique-one-piece.com\\\/avis-de-recherche-one-piece\\\/avis-de-recherche-one-piece-roronoa-zoro-wanted\\\/\",\"url\":\"https:\\\/\\\/boutique-one-piece.com\\\/avis-de-recherche-one-piece\\\/avis-de-recherche-one-piece-roronoa-zoro-wanted\\\/\",\"name\":\"Avis de Recherche One Piece Roronoa Zoro Wanted | D\u00e9coration One Piece \u2013 Boutique One Piece\",\"isPartOf\":{\"@id\":\"https:\\\/\\\/boutique-one-piece.com\\\/#website\"},\"primaryImageOfPage\":{\"@id\":\"https:\\\/\\\/boutique-one-piece.com\\\/avis-de-recherche-one-piece\\\/avis-de-recherche-one-piece-roronoa-zoro-wanted\\\/#primaryimage\"},\"image\":{\"@id\":\"https:\\\/\\\/boutique-one-piece.com\\\/avis-de-recherche-one-piece\\\/avis-de-recherche-one-piece-roronoa-zoro-wanted\\\/#primaryimage\"},\"thumbnailUrl\":\"https:\\\/\\\/boutique-one-piece.com\\\/wp-content\\\/uploads\\\/2022\\\/09\\\/Avis-de-Recherche-Roronoa-Zoro-Wanted-1.jpg\",\"datePublished\":\"2022-09-27T20:22:08+00:00\",\"dateModified\":\"2025-11-26T22:24:56+00:00\",\"description\":\"Jeune Moussaillon, le moment est venu pour toi de te procurer cet Avis de Recherche Roronoa Zoro Wanted. Tu n'es pas sans savoir que Zoro fut le premier membre \u00e0 rejoindre l'\u00c9quipage du Chapeau de Paille. Il est \u00e9galement le premier et principal \u00e9p\u00e9iste. En effet, Zoro est un \u00e9p\u00e9iste d'exception qui n'a pas attendu d'\u00ea\",\"breadcrumb\":{\"@id\":\"https:\\\/\\\/boutique-one-piece.com\\\/avis-de-recherche-one-piece\\\/avis-de-recherche-one-piece-roronoa-zoro-wanted\\\/#breadcrumb\"},\"inLanguage\":\"da-DK\",\"potentialAction\":[{\"@type\":\"ReadAction\",\"target\":[\"https:\\\/\\\/boutique-one-piece.com\\\/avis-de-recherche-one-piece\\\/avis-de-recherche-one-piece-roronoa-zoro-wanted\\\/\"]}]},{\"@type\":\"ImageObject\",\"inLanguage\":\"da-DK\",\"@id\":\"https:\\\/\\\/boutique-one-piece.com\\\/avis-de-recherche-one-piece\\\/avis-de-recherche-one-piece-roronoa-zoro-wanted\\\/#primaryimage\",\"url\":\"https:\\\/\\\/boutique-one-piece.com\\\/wp-content\\\/uploads\\\/2022\\\/09\\\/Avis-de-Recherche-Roronoa-Zoro-Wanted-1.jpg\",\"contentUrl\":\"https:\\\/\\\/boutique-one-piece.com\\\/wp-content\\\/uploads\\\/2022\\\/09\\\/Avis-de-Recherche-Roronoa-Zoro-Wanted-1.jpg\",\"width\":798,\"height\":799},{\"@type\":\"BreadcrumbList\",\"@id\":\"https:\\\/\\\/boutique-one-piece.com\\\/avis-de-recherche-one-piece\\\/avis-de-recherche-one-piece-roronoa-zoro-wanted\\\/#breadcrumb\",\"itemListElement\":[{\"@type\":\"ListItem\",\"position\":1,\"name\":\"Home\",\"item\":\"https:\\\/\\\/boutique-one-piece.com\\\/\"},{\"@type\":\"ListItem\",\"position\":2,\"name\":\"Shop\",\"item\":\"https:\\\/\\\/boutique-one-piece.com\\\/shop\\\/\"},{\"@type\":\"ListItem\",\"position\":3,\"name\":\"Avis de Recherche Roronoa Zoro Wanted\"}]},{\"@type\":\"WebSite\",\"@id\":\"https:\\\/\\\/boutique-one-piece.com\\\/#website\",\"url\":\"https:\\\/\\\/boutique-one-piece.com\\\/\",\"name\":\"Boutique One Piece\",\"description\":\"Magasin Sp\u00e9cialis\u00e9 du Manga et l&#039;Anime One Piece\",\"publisher\":{\"@id\":\"https:\\\/\\\/boutique-one-piece.com\\\/#organization\"},\"potentialAction\":[{\"@type\":\"SearchAction\",\"target\":{\"@type\":\"EntryPoint\",\"urlTemplate\":\"https:\\\/\\\/boutique-one-piece.com\\\/?s={search_term_string}\"},\"query-input\":{\"@type\":\"PropertyValueSpecification\",\"valueRequired\":true,\"valueName\":\"search_term_string\"}}],\"inLanguage\":\"da-DK\"},{\"@type\":\"Organization\",\"@id\":\"https:\\\/\\\/boutique-one-piece.com\\\/#organization\",\"name\":\"Boutique One Piece\",\"url\":\"https:\\\/\\\/boutique-one-piece.com\\\/\",\"logo\":{\"@type\":\"ImageObject\",\"inLanguage\":\"da-DK\",\"@id\":\"https:\\\/\\\/boutique-one-piece.com\\\/#\\\/schema\\\/logo\\\/image\\\/\",\"url\":\"https:\\\/\\\/boutique-one-piece.com\\\/wp-content\\\/uploads\\\/2022\\\/09\\\/Logo-01.png\",\"contentUrl\":\"https:\\\/\\\/boutique-one-piece.com\\\/wp-content\\\/uploads\\\/2022\\\/09\\\/Logo-01.png\",\"width\":2318,\"height\":957,\"caption\":\"Boutique One Piece\"},\"image\":{\"@id\":\"https:\\\/\\\/boutique-one-piece.com\\\/#\\\/schema\\\/logo\\\/image\\\/\"}}]}<\/script>\n<!-- \/ Yoast SEO plugin. -->","yoast_head_json":{"title":"One Piece Wanted-plakat: Roronoa Zoro | One Piece-dekorationer \u2013 One Piece Shop","description":"Unge s\u00f8mand, tiden er kommet til at f\u00e5 fingrene i denne Roronoa Zoro-efterlysningsplakat. Du er sikkert klar over, at Zoro var det f\u00f8rste medlem, der sluttede sig til Straw Hat-holdet. Han er ogs\u00e5 den f\u00f8rste og fremmeste sv\u00e6rdk\u00e6mper. Ja, Zoro er en exceptionel sv\u00e6rdk\u00e6mper, der ikke ventede med at blive...","robots":{"index":"index","follow":"follow","max-snippet":"max-snippet:-1","max-image-preview":"max-image-preview:large","max-video-preview":"max-video-preview:-1"},"canonical":"https:\/\/boutique-one-piece.com\/da\/one-piece-efterlysningsplakat\/onsket-meddelelse-one-piece-roronoa-zoro-onskede\/","og_locale":"da_DK","og_type":"article","og_title":"Avis de Recherche One Piece Roronoa Zoro Wanted | D\u00e9coration One Piece \u2013 Boutique One Piece","og_description":"Jeune Moussaillon, le moment est venu pour toi de te procurer cet Avis de Recherche Roronoa Zoro Wanted. Tu n'es pas sans savoir que Zoro fut le premier membre \u00e0 rejoindre l'\u00c9quipage du Chapeau de Paille. Il est \u00e9galement le premier et principal \u00e9p\u00e9iste. En effet, Zoro est un \u00e9p\u00e9iste d'exception qui n'a pas attendu d'\u00ea","og_url":"https:\/\/boutique-one-piece.com\/da\/one-piece-efterlysningsplakat\/onsket-meddelelse-one-piece-roronoa-zoro-onskede\/","og_site_name":"Boutique One Piece","article_modified_time":"2025-11-26T22:24:56+00:00","og_image":[{"width":798,"height":799,"url":"https:\/\/boutique-one-piece.com\/wp-content\/uploads\/2022\/09\/Avis-de-Recherche-Roronoa-Zoro-Wanted-1.jpg","type":"image\/jpeg"}],"twitter_card":"summary_large_image","twitter_misc":{"Estimeret l\u00e6setid":"2 minutter"},"schema":{"@context":"https:\/\/schema.org","@graph":[{"@type":"WebPage","@id":"https:\/\/boutique-one-piece.com\/avis-de-recherche-one-piece\/avis-de-recherche-one-piece-roronoa-zoro-wanted\/","url":"https:\/\/boutique-one-piece.com\/avis-de-recherche-one-piece\/avis-de-recherche-one-piece-roronoa-zoro-wanted\/","name":"One Piece Wanted-plakat: Roronoa Zoro | One Piece-dekorationer \u2013 One Piece Shop","isPartOf":{"@id":"https:\/\/boutique-one-piece.com\/#website"},"primaryImageOfPage":{"@id":"https:\/\/boutique-one-piece.com\/avis-de-recherche-one-piece\/avis-de-recherche-one-piece-roronoa-zoro-wanted\/#primaryimage"},"image":{"@id":"https:\/\/boutique-one-piece.com\/avis-de-recherche-one-piece\/avis-de-recherche-one-piece-roronoa-zoro-wanted\/#primaryimage"},"thumbnailUrl":"https:\/\/boutique-one-piece.com\/wp-content\/uploads\/2022\/09\/Avis-de-Recherche-Roronoa-Zoro-Wanted-1.jpg","datePublished":"2022-09-27T20:22:08+00:00","dateModified":"2025-11-26T22:24:56+00:00","description":"Unge s\u00f8mand, tiden er kommet til at f\u00e5 fingrene i denne Roronoa Zoro-efterlysningsplakat. Du er sikkert klar over, at Zoro var det f\u00f8rste medlem, der sluttede sig til Straw Hat-holdet. Han er ogs\u00e5 den f\u00f8rste og fremmeste sv\u00e6rdk\u00e6mper. Ja, Zoro er en exceptionel sv\u00e6rdk\u00e6mper, der ikke ventede med at blive...","breadcrumb":{"@id":"https:\/\/boutique-one-piece.com\/avis-de-recherche-one-piece\/avis-de-recherche-one-piece-roronoa-zoro-wanted\/#breadcrumb"},"inLanguage":"da-DK","potentialAction":[{"@type":"ReadAction","target":["https:\/\/boutique-one-piece.com\/avis-de-recherche-one-piece\/avis-de-recherche-one-piece-roronoa-zoro-wanted\/"]}]},{"@type":"ImageObject","inLanguage":"da-DK","@id":"https:\/\/boutique-one-piece.com\/avis-de-recherche-one-piece\/avis-de-recherche-one-piece-roronoa-zoro-wanted\/#primaryimage","url":"https:\/\/boutique-one-piece.com\/wp-content\/uploads\/2022\/09\/Avis-de-Recherche-Roronoa-Zoro-Wanted-1.jpg","contentUrl":"https:\/\/boutique-one-piece.com\/wp-content\/uploads\/2022\/09\/Avis-de-Recherche-Roronoa-Zoro-Wanted-1.jpg","width":798,"height":799},{"@type":"BreadcrumbList","@id":"https:\/\/boutique-one-piece.com\/avis-de-recherche-one-piece\/avis-de-recherche-one-piece-roronoa-zoro-wanted\/#breadcrumb","itemListElement":[{"@type":"ListItem","position":1,"name":"Home","item":"https:\/\/boutique-one-piece.com\/"},{"@type":"ListItem","position":2,"name":"Shop","item":"https:\/\/boutique-one-piece.com\/shop\/"},{"@type":"ListItem","position":3,"name":"Avis de Recherche Roronoa Zoro Wanted"}]},{"@type":"WebSite","@id":"https:\/\/boutique-one-piece.com\/#website","url":"https:\/\/boutique-one-piece.com\/","name":"One Piece Shop","description":"Specialbutik for One Piece Manga og Anime","publisher":{"@id":"https:\/\/boutique-one-piece.com\/#organization"},"potentialAction":[{"@type":"SearchAction","target":{"@type":"EntryPoint","urlTemplate":"https:\/\/boutique-one-piece.com\/?s={search_term_string}"},"query-input":{"@type":"PropertyValueSpecification","valueRequired":true,"valueName":"search_term_string"}}],"inLanguage":"da-DK"},{"@type":"Organization","@id":"https:\/\/boutique-one-piece.com\/#organization","name":"One Piece Shop","url":"https:\/\/boutique-one-piece.com\/","logo":{"@type":"ImageObject","inLanguage":"da-DK","@id":"https:\/\/boutique-one-piece.com\/#\/schema\/logo\/image\/","url":"https:\/\/boutique-one-piece.com\/wp-content\/uploads\/2022\/09\/Logo-01.png","contentUrl":"https:\/\/boutique-one-piece.com\/wp-content\/uploads\/2022\/09\/Logo-01.png","width":2318,"height":957,"caption":"Boutique One Piece"},"image":{"@id":"https:\/\/boutique-one-piece.com\/#\/schema\/logo\/image\/"}}]}},"_links":{"self":[{"href":"https:\/\/boutique-one-piece.com\/da\/wp-json\/wp\/v2\/product\/9759","targetHints":{"allow":["GET"]}}],"collection":[{"href":"https:\/\/boutique-one-piece.com\/da\/wp-json\/wp\/v2\/product"}],"about":[{"href":"https:\/\/boutique-one-piece.com\/da\/wp-json\/wp\/v2\/types\/product"}],"replies":[{"embeddable":true,"href":"https:\/\/boutique-one-piece.com\/da\/wp-json\/wp\/v2\/comments?post=9759"}],"wp:featuredmedia":[{"embeddable":true,"href":"https:\/\/boutique-one-piece.com\/da\/wp-json\/wp\/v2\/media\/9761"}],"wp:attachment":[{"href":"https:\/\/boutique-one-piece.com\/da\/wp-json\/wp\/v2\/media?parent=9759"}],"wp:term":[{"taxonomy":"product_brand","embeddable":true,"href":"https:\/\/boutique-one-piece.com\/da\/wp-json\/wp\/v2\/product_brand?post=9759"},{"taxonomy":"product_cat","embeddable":true,"href":"https:\/\/boutique-one-piece.com\/da\/wp-json\/wp\/v2\/product_cat?post=9759"},{"taxonomy":"product_tag","embeddable":true,"href":"https:\/\/boutique-one-piece.com\/da\/wp-json\/wp\/v2\/product_tag?post=9759"}],"curies":[{"name":"wp","href":"https:\/\/api.w.org\/{rel}","templated":true}]}}