{"id":9812,"date":"2022-09-27T20:22:31","date_gmt":"2022-09-27T20:22:31","guid":{"rendered":"https:\/\/boutique-one-piece.com\/uncategorized\/figurine-one-piece-marco-mode-phoenix\/"},"modified":"2024-09-16T11:52:01","modified_gmt":"2024-09-16T11:52:01","slug":"one-piece-figur-marco-mode-phoenix","status":"publish","type":"product","link":"https:\/\/boutique-one-piece.com\/da\/one-piece-figurer-2\/one-piece-figur-marco-mode-phoenix\/","title":{"rendered":"One Piece Marco Mode Phoenix-figur"},"content":{"rendered":"<h2>Unge pirat, tiden er inde til at du f\u00e5r fat i denne One Piece Marco Phoenix-figur.<\/h2>\n<p>Som en p\u00e5mindelse er Tori Tori no Mi, Model: Phoenix, en mytisk Zoan-lignende dj\u00e6vlefrugt, der spises af <strong>Marco<\/strong>. Den optr\u00e6der f\u00f8rste gang under Slaget ved Marineford og giver ham mulighed for at forvandle sig til en Phoenix eller en hybridform. Tilbage til Marco, her er hvad du beh\u00f8ver at vide om ham: Marco var kommand\u00f8r for Hvidsk\u00e6gpiraternes F\u00f8rste Division.<\/p>\n<p>Han var ogs\u00e5 Yonko Whitebeards h\u00f8jre h\u00e5nd og hans n\u00e6rmeste fortrolige. Efter Geng\u00e6ldelseskrigen vendte Marco tilbage til Sphinx, f\u00f8destedet for sin afd\u00f8de kaptajn. Han fungerer nu som <strong>l\u00e6ge og beskytter<\/strong> indbyggere p\u00e5 \u00f8en og medlemmer af Whitebeards bes\u00e6tning. Hvis du ogs\u00e5 gerne vil udvide din figursamling, <a title=\"ONE PIECE EDWARD NEWGATE KEJSEREN HVIDSK\u00c6G\" href=\"https:\/\/boutique-one-piece.com\/da\/one-piece-edward-newgate-hvidskaegs-kejser\/\" target=\"_blank\" rel=\"noopener\">Edward Newgate-figur, Kejser Hvidsk\u00e6g<\/a> er inden for din r\u00e6kkevidde.<\/p>\n<p><strong>S\u00e5, fascineret af Marco, ogs\u00e5 kendt som Marco F\u00f8niksen? Hvis ja, s\u00e5 tag med ham p\u00e5 Sfinksen og hj\u00e6lp ham med at fuldf\u00f8re sin mission.<\/strong><\/p>\n<p><strong>\u00c9t stykke<\/strong> er den bedst s\u00e6lgende manga i verden. V\u00e6r stolt af at v\u00e6re en del af dette eventyr, og forts\u00e6t med at vise din entusiasme for denne serie. Uanset om du er en mange\u00e5rig fan eller en dedikeret samler, er disse legendariske genstande helt sikkert noget for dig. S\u00e5 vent ikke l\u00e6ngere, og grib muligheden for at blive medlem af bes\u00e6tningen! <strong>str\u00e5hat<\/strong>. Din sk\u00e6bne ligger i dine h\u00e6nder, unge pirat!<\/p>\n<h2>Information om Marco Mode Phoenix-figur\u00a0<\/h2>\n<ul>\n<li><span><b><u>One Piece-figur<\/u><\/b>\u00a0Premium One Piece-figur til \u00e6gte pirater<\/span><\/li>\n<\/ul>\n<ul>\n<li>\n<b>Materie<\/b><span>\u00a0<\/span>PVC<\/li>\n<\/ul>\n<ul>\n<li><span><strong>Dimension<\/strong>\u00a0: 39 cm<\/span><\/li>\n<\/ul>\n<ul>\n<li><span><strong>GRATIS LEVERING<\/strong><\/span><\/li>\n<\/ul>","protected":false},"excerpt":{"rendered":"<p>Jeune pirate, le moment est venu pour toi de t&#8217;emparer de cette Figurine One Piece Marco Mode Phoenix. Pour rappel, Le Tori Tori no Mi, mod\u00e8le Phoenix, est un Fruit du D\u00e9mon de type Zoan Mythique mang\u00e9 par Marco. Apparaissant pour la premi\u00e8re fois lors de la bataille de Marineford, il lui permet de se [&hellip;]<\/p>","protected":false},"featured_media":9814,"comment_status":"open","ping_status":"open","template":"","meta":[],"product_brand":[],"product_cat":[76],"product_tag":[210],"class_list":{"0":"post-9812","1":"product","2":"type-product","3":"status-publish","4":"has-post-thumbnail","6":"product_cat-figurines-one-piece","7":"product_tag-marco","9":"first","10":"instock","11":"purchasable","12":"product-type-simple"},"yoast_head":"<!-- This site is optimized with the Yoast SEO plugin v27.5 - https:\/\/yoast.com\/product\/yoast-seo-wordpress\/ -->\n<title>Figurine One Piece Marco Mode Phoenix | Figurine One Piece \u2013 Boutique One Piece<\/title>\n<meta name=\"description\" content=\"Jeune pirate, le moment est venu pour toi de t&#039;emparer de cette Figurine One Piece Marco Mode Phoenix. Pour rappel, Le Tori Tori no Mi, mod\u00e8le Phoenix, est un Fruit du D\u00e9mon de type Zoan Mythique mang\u00e9 par Marco. Apparaissant pour la premi\u00e8re fois lors de la bataille de Marineford, il lui permet de se transformer en Ph\" \/>\n<meta name=\"robots\" content=\"index, follow, max-snippet:-1, max-image-preview:large, max-video-preview:-1\" \/>\n<link rel=\"canonical\" href=\"https:\/\/boutique-one-piece.com\/da\/one-piece-figurer-2\/one-piece-figur-marco-mode-phoenix\/\" \/>\n<meta property=\"og:locale\" content=\"da_DK\" \/>\n<meta property=\"og:type\" content=\"article\" \/>\n<meta property=\"og:title\" content=\"Figurine One Piece Marco Mode Phoenix | Figurine One Piece \u2013 Boutique One Piece\" \/>\n<meta property=\"og:description\" content=\"Jeune pirate, le moment est venu pour toi de t&#039;emparer de cette Figurine One Piece Marco Mode Phoenix. Pour rappel, Le Tori Tori no Mi, mod\u00e8le Phoenix, est un Fruit du D\u00e9mon de type Zoan Mythique mang\u00e9 par Marco. Apparaissant pour la premi\u00e8re fois lors de la bataille de Marineford, il lui permet de se transformer en Ph\" \/>\n<meta property=\"og:url\" content=\"https:\/\/boutique-one-piece.com\/da\/one-piece-figurer-2\/one-piece-figur-marco-mode-phoenix\/\" \/>\n<meta property=\"og:site_name\" content=\"Boutique One Piece\" \/>\n<meta property=\"article:modified_time\" content=\"2024-09-16T11:52:01+00:00\" \/>\n<meta property=\"og:image\" content=\"https:\/\/boutique-one-piece.com\/wp-content\/uploads\/2022\/09\/Figurine-One-Piece-Marco-Mode-Phoenix.jpg\" \/>\n\t<meta property=\"og:image:width\" content=\"640\" \/>\n\t<meta property=\"og:image:height\" content=\"640\" \/>\n\t<meta property=\"og:image:type\" content=\"image\/jpeg\" \/>\n<meta name=\"twitter:card\" content=\"summary_large_image\" \/>\n<meta name=\"twitter:label1\" content=\"Estimeret l\u00e6setid\" \/>\n\t<meta name=\"twitter:data1\" content=\"2 minutter\" \/>\n<script type=\"application\/ld+json\" class=\"yoast-schema-graph\">{\"@context\":\"https:\\\/\\\/schema.org\",\"@graph\":[{\"@type\":\"WebPage\",\"@id\":\"https:\\\/\\\/boutique-one-piece.com\\\/figurines-one-piece\\\/figurine-one-piece-marco-mode-phoenix\\\/\",\"url\":\"https:\\\/\\\/boutique-one-piece.com\\\/figurines-one-piece\\\/figurine-one-piece-marco-mode-phoenix\\\/\",\"name\":\"Figurine One Piece Marco Mode Phoenix | Figurine One Piece \u2013 Boutique One Piece\",\"isPartOf\":{\"@id\":\"https:\\\/\\\/boutique-one-piece.com\\\/#website\"},\"primaryImageOfPage\":{\"@id\":\"https:\\\/\\\/boutique-one-piece.com\\\/figurines-one-piece\\\/figurine-one-piece-marco-mode-phoenix\\\/#primaryimage\"},\"image\":{\"@id\":\"https:\\\/\\\/boutique-one-piece.com\\\/figurines-one-piece\\\/figurine-one-piece-marco-mode-phoenix\\\/#primaryimage\"},\"thumbnailUrl\":\"https:\\\/\\\/boutique-one-piece.com\\\/wp-content\\\/uploads\\\/2022\\\/09\\\/Figurine-One-Piece-Marco-Mode-Phoenix.jpg\",\"datePublished\":\"2022-09-27T20:22:31+00:00\",\"dateModified\":\"2024-09-16T11:52:01+00:00\",\"description\":\"Jeune pirate, le moment est venu pour toi de t'emparer de cette Figurine One Piece Marco Mode Phoenix. Pour rappel, Le Tori Tori no Mi, mod\u00e8le Phoenix, est un Fruit du D\u00e9mon de type Zoan Mythique mang\u00e9 par Marco. Apparaissant pour la premi\u00e8re fois lors de la bataille de Marineford, il lui permet de se transformer en Ph\",\"breadcrumb\":{\"@id\":\"https:\\\/\\\/boutique-one-piece.com\\\/figurines-one-piece\\\/figurine-one-piece-marco-mode-phoenix\\\/#breadcrumb\"},\"inLanguage\":\"da-DK\",\"potentialAction\":[{\"@type\":\"ReadAction\",\"target\":[\"https:\\\/\\\/boutique-one-piece.com\\\/figurines-one-piece\\\/figurine-one-piece-marco-mode-phoenix\\\/\"]}]},{\"@type\":\"ImageObject\",\"inLanguage\":\"da-DK\",\"@id\":\"https:\\\/\\\/boutique-one-piece.com\\\/figurines-one-piece\\\/figurine-one-piece-marco-mode-phoenix\\\/#primaryimage\",\"url\":\"https:\\\/\\\/boutique-one-piece.com\\\/wp-content\\\/uploads\\\/2022\\\/09\\\/Figurine-One-Piece-Marco-Mode-Phoenix.jpg\",\"contentUrl\":\"https:\\\/\\\/boutique-one-piece.com\\\/wp-content\\\/uploads\\\/2022\\\/09\\\/Figurine-One-Piece-Marco-Mode-Phoenix.jpg\",\"width\":640,\"height\":640,\"caption\":\"Figurine One Piece Marco Mode Phoenix Default Title\"},{\"@type\":\"BreadcrumbList\",\"@id\":\"https:\\\/\\\/boutique-one-piece.com\\\/figurines-one-piece\\\/figurine-one-piece-marco-mode-phoenix\\\/#breadcrumb\",\"itemListElement\":[{\"@type\":\"ListItem\",\"position\":1,\"name\":\"Home\",\"item\":\"https:\\\/\\\/boutique-one-piece.com\\\/\"},{\"@type\":\"ListItem\",\"position\":2,\"name\":\"Shop\",\"item\":\"https:\\\/\\\/boutique-one-piece.com\\\/shop\\\/\"},{\"@type\":\"ListItem\",\"position\":3,\"name\":\"Figurine One Piece Marco Mode Phoenix\"}]},{\"@type\":\"WebSite\",\"@id\":\"https:\\\/\\\/boutique-one-piece.com\\\/#website\",\"url\":\"https:\\\/\\\/boutique-one-piece.com\\\/\",\"name\":\"Boutique One Piece\",\"description\":\"Magasin Sp\u00e9cialis\u00e9 du Manga et l&#039;Anime One Piece\",\"publisher\":{\"@id\":\"https:\\\/\\\/boutique-one-piece.com\\\/#organization\"},\"potentialAction\":[{\"@type\":\"SearchAction\",\"target\":{\"@type\":\"EntryPoint\",\"urlTemplate\":\"https:\\\/\\\/boutique-one-piece.com\\\/?s={search_term_string}\"},\"query-input\":{\"@type\":\"PropertyValueSpecification\",\"valueRequired\":true,\"valueName\":\"search_term_string\"}}],\"inLanguage\":\"da-DK\"},{\"@type\":\"Organization\",\"@id\":\"https:\\\/\\\/boutique-one-piece.com\\\/#organization\",\"name\":\"Boutique One Piece\",\"url\":\"https:\\\/\\\/boutique-one-piece.com\\\/\",\"logo\":{\"@type\":\"ImageObject\",\"inLanguage\":\"da-DK\",\"@id\":\"https:\\\/\\\/boutique-one-piece.com\\\/#\\\/schema\\\/logo\\\/image\\\/\",\"url\":\"https:\\\/\\\/boutique-one-piece.com\\\/wp-content\\\/uploads\\\/2022\\\/09\\\/Logo-01.png\",\"contentUrl\":\"https:\\\/\\\/boutique-one-piece.com\\\/wp-content\\\/uploads\\\/2022\\\/09\\\/Logo-01.png\",\"width\":2318,\"height\":957,\"caption\":\"Boutique One Piece\"},\"image\":{\"@id\":\"https:\\\/\\\/boutique-one-piece.com\\\/#\\\/schema\\\/logo\\\/image\\\/\"}}]}<\/script>\n<!-- \/ Yoast SEO plugin. -->","yoast_head_json":{"title":"One Piece Marco Mode Phoenix Figur | One Piece Figur \u2013 One Piece Shop","description":"Unge pirat, tiden er kommet til at f\u00e5 fat i denne One Piece Marco Phoenix-figur. Som en p\u00e5mindelse er Tori Tori no Mi, Phoenix-modellen, en mytisk Zoan-lignende dj\u00e6vlefrugt spist af Marco. Den dukker f\u00f8rst op under slaget ved Marineford og giver ham mulighed for at forvandle sig til en Phoenix.","robots":{"index":"index","follow":"follow","max-snippet":"max-snippet:-1","max-image-preview":"max-image-preview:large","max-video-preview":"max-video-preview:-1"},"canonical":"https:\/\/boutique-one-piece.com\/da\/one-piece-figurer-2\/one-piece-figur-marco-mode-phoenix\/","og_locale":"da_DK","og_type":"article","og_title":"Figurine One Piece Marco Mode Phoenix | Figurine One Piece \u2013 Boutique One Piece","og_description":"Jeune pirate, le moment est venu pour toi de t'emparer de cette Figurine One Piece Marco Mode Phoenix. Pour rappel, Le Tori Tori no Mi, mod\u00e8le Phoenix, est un Fruit du D\u00e9mon de type Zoan Mythique mang\u00e9 par Marco. Apparaissant pour la premi\u00e8re fois lors de la bataille de Marineford, il lui permet de se transformer en Ph","og_url":"https:\/\/boutique-one-piece.com\/da\/one-piece-figurer-2\/one-piece-figur-marco-mode-phoenix\/","og_site_name":"Boutique One Piece","article_modified_time":"2024-09-16T11:52:01+00:00","og_image":[{"width":640,"height":640,"url":"https:\/\/boutique-one-piece.com\/wp-content\/uploads\/2022\/09\/Figurine-One-Piece-Marco-Mode-Phoenix.jpg","type":"image\/jpeg"}],"twitter_card":"summary_large_image","twitter_misc":{"Estimeret l\u00e6setid":"2 minutter"},"schema":{"@context":"https:\/\/schema.org","@graph":[{"@type":"WebPage","@id":"https:\/\/boutique-one-piece.com\/figurines-one-piece\/figurine-one-piece-marco-mode-phoenix\/","url":"https:\/\/boutique-one-piece.com\/figurines-one-piece\/figurine-one-piece-marco-mode-phoenix\/","name":"One Piece Marco Mode Phoenix Figur | One Piece Figur \u2013 One Piece Shop","isPartOf":{"@id":"https:\/\/boutique-one-piece.com\/#website"},"primaryImageOfPage":{"@id":"https:\/\/boutique-one-piece.com\/figurines-one-piece\/figurine-one-piece-marco-mode-phoenix\/#primaryimage"},"image":{"@id":"https:\/\/boutique-one-piece.com\/figurines-one-piece\/figurine-one-piece-marco-mode-phoenix\/#primaryimage"},"thumbnailUrl":"https:\/\/boutique-one-piece.com\/wp-content\/uploads\/2022\/09\/Figurine-One-Piece-Marco-Mode-Phoenix.jpg","datePublished":"2022-09-27T20:22:31+00:00","dateModified":"2024-09-16T11:52:01+00:00","description":"Unge pirat, tiden er kommet til at f\u00e5 fat i denne One Piece Marco Phoenix-figur. Som en p\u00e5mindelse er Tori Tori no Mi, Phoenix-modellen, en mytisk Zoan-lignende dj\u00e6vlefrugt spist af Marco. Den dukker f\u00f8rst op under slaget ved Marineford og giver ham mulighed for at forvandle sig til en Phoenix.","breadcrumb":{"@id":"https:\/\/boutique-one-piece.com\/figurines-one-piece\/figurine-one-piece-marco-mode-phoenix\/#breadcrumb"},"inLanguage":"da-DK","potentialAction":[{"@type":"ReadAction","target":["https:\/\/boutique-one-piece.com\/figurines-one-piece\/figurine-one-piece-marco-mode-phoenix\/"]}]},{"@type":"ImageObject","inLanguage":"da-DK","@id":"https:\/\/boutique-one-piece.com\/figurines-one-piece\/figurine-one-piece-marco-mode-phoenix\/#primaryimage","url":"https:\/\/boutique-one-piece.com\/wp-content\/uploads\/2022\/09\/Figurine-One-Piece-Marco-Mode-Phoenix.jpg","contentUrl":"https:\/\/boutique-one-piece.com\/wp-content\/uploads\/2022\/09\/Figurine-One-Piece-Marco-Mode-Phoenix.jpg","width":640,"height":640,"caption":"Figurine One Piece Marco Mode Phoenix Default Title"},{"@type":"BreadcrumbList","@id":"https:\/\/boutique-one-piece.com\/figurines-one-piece\/figurine-one-piece-marco-mode-phoenix\/#breadcrumb","itemListElement":[{"@type":"ListItem","position":1,"name":"Home","item":"https:\/\/boutique-one-piece.com\/"},{"@type":"ListItem","position":2,"name":"Shop","item":"https:\/\/boutique-one-piece.com\/shop\/"},{"@type":"ListItem","position":3,"name":"Figurine One Piece Marco Mode Phoenix"}]},{"@type":"WebSite","@id":"https:\/\/boutique-one-piece.com\/#website","url":"https:\/\/boutique-one-piece.com\/","name":"One Piece Shop","description":"Specialbutik for One Piece Manga og Anime","publisher":{"@id":"https:\/\/boutique-one-piece.com\/#organization"},"potentialAction":[{"@type":"SearchAction","target":{"@type":"EntryPoint","urlTemplate":"https:\/\/boutique-one-piece.com\/?s={search_term_string}"},"query-input":{"@type":"PropertyValueSpecification","valueRequired":true,"valueName":"search_term_string"}}],"inLanguage":"da-DK"},{"@type":"Organization","@id":"https:\/\/boutique-one-piece.com\/#organization","name":"One Piece Shop","url":"https:\/\/boutique-one-piece.com\/","logo":{"@type":"ImageObject","inLanguage":"da-DK","@id":"https:\/\/boutique-one-piece.com\/#\/schema\/logo\/image\/","url":"https:\/\/boutique-one-piece.com\/wp-content\/uploads\/2022\/09\/Logo-01.png","contentUrl":"https:\/\/boutique-one-piece.com\/wp-content\/uploads\/2022\/09\/Logo-01.png","width":2318,"height":957,"caption":"Boutique One Piece"},"image":{"@id":"https:\/\/boutique-one-piece.com\/#\/schema\/logo\/image\/"}}]}},"_links":{"self":[{"href":"https:\/\/boutique-one-piece.com\/da\/wp-json\/wp\/v2\/product\/9812","targetHints":{"allow":["GET"]}}],"collection":[{"href":"https:\/\/boutique-one-piece.com\/da\/wp-json\/wp\/v2\/product"}],"about":[{"href":"https:\/\/boutique-one-piece.com\/da\/wp-json\/wp\/v2\/types\/product"}],"replies":[{"embeddable":true,"href":"https:\/\/boutique-one-piece.com\/da\/wp-json\/wp\/v2\/comments?post=9812"}],"wp:featuredmedia":[{"embeddable":true,"href":"https:\/\/boutique-one-piece.com\/da\/wp-json\/wp\/v2\/media\/9814"}],"wp:attachment":[{"href":"https:\/\/boutique-one-piece.com\/da\/wp-json\/wp\/v2\/media?parent=9812"}],"wp:term":[{"taxonomy":"product_brand","embeddable":true,"href":"https:\/\/boutique-one-piece.com\/da\/wp-json\/wp\/v2\/product_brand?post=9812"},{"taxonomy":"product_cat","embeddable":true,"href":"https:\/\/boutique-one-piece.com\/da\/wp-json\/wp\/v2\/product_cat?post=9812"},{"taxonomy":"product_tag","embeddable":true,"href":"https:\/\/boutique-one-piece.com\/da\/wp-json\/wp\/v2\/product_tag?post=9812"}],"curies":[{"name":"wp","href":"https:\/\/api.w.org\/{rel}","templated":true}]}}