{"id":18143,"date":"2022-09-28T16:42:33","date_gmt":"2022-09-28T16:42:33","guid":{"rendered":"https:\/\/boutique-one-piece.com\/?page_id=18143"},"modified":"2024-09-16T16:20:10","modified_gmt":"2024-09-16T16:20:10","slug":"ruckgabebestimmungen","status":"publish","type":"page","link":"https:\/\/boutique-one-piece.com\/de\/ruckgabebestimmungen\/","title":{"rendered":"R\u00dcCKGABE- UND ERSTATTUNGSRICHTLINIEN"},"content":{"rendered":"<div data-elementor-type=\"wp-page\" data-elementor-id=\"18143\" class=\"elementor elementor-18143\">\n\t\t\t\t\t\t<section class=\"elementor-section elementor-top-section elementor-element elementor-element-953f58b elementor-section-boxed elementor-section-height-default elementor-section-height-default\" data-id=\"953f58b\" data-element_type=\"section\" data-e-type=\"section\">\n\t\t\t\t\t\t<div class=\"elementor-container elementor-column-gap-default\">\n\t\t\t\t\t<div class=\"elementor-column elementor-col-100 elementor-top-column elementor-element elementor-element-529c7010\" data-id=\"529c7010\" data-element_type=\"column\" data-e-type=\"column\">\n\t\t\t<div class=\"elementor-widget-wrap elementor-element-populated\">\n\t\t\t\t\t\t<div class=\"elementor-element elementor-element-3997c122 elementor-widget elementor-widget-text-editor\" data-id=\"3997c122\" data-element_type=\"widget\" data-e-type=\"widget\" data-widget_type=\"text-editor.default\">\n\t\t\t\t<div class=\"elementor-widget-container\">\n\t\t\t\t\t\t\t\t\t\n<p>R\u00dcCKSENDUNGEN<br \/><br \/>\u2014-<br \/><br \/>Unsere R\u00fcckgabefrist betr\u00e4gt 30 Tage. Nach Ablauf dieser Frist k\u00f6nnen wir Ihnen leider keine R\u00fcckerstattung oder keinen Umtausch mehr anbieten.<br \/><br \/>Um f\u00fcr eine R\u00fcckgabe berechtigt zu sein, muss der Artikel unbenutzt und im selben Zustand sein, in dem Sie ihn erhalten haben. Er muss sich au\u00dferdem in der Originalverpackung befinden.<br \/><br \/>Bestimmte Produkte sind vom Umtausch ausgeschlossen. Dazu geh\u00f6ren verderbliche Waren wie Lebensmittel, Blumen und Zeitschriften. Auch Hygieneartikel, Gefahrstoffe sowie brennbare Fl\u00fcssigkeiten und Gase k\u00f6nnen nicht zur\u00fcckgegeben werden.<br \/><br \/>Weitere Artikel, die nicht zur\u00fcckgegeben werden k\u00f6nnen:<br \/>Geschenkgutscheine<br \/>* Herunterladbare Software<br \/>* Bestimmte Gesundheits- und K\u00f6rperpflegeprodukte<br \/><br \/>Um eine R\u00fcckgabe vorzunehmen, m\u00fcssen Sie uns einen Kaufbeleg oder einen anderen Nachweis des Kaufs vorlegen.<br \/><br \/>Bitte senden Sie Ihre Bestellung nicht an den Hersteller zur\u00fcck.<br \/><br \/>Es gibt bestimmte Situationen, in denen nur eine teilweise R\u00fcckerstattung gew\u00e4hrt wird: (falls zutreffend)<br \/>* B\u00fccher mit deutlichen Gebrauchsspuren.<br \/>* Ge\u00f6ffnete CDs, DVDs, VHS-Kassetten, Software, Videospiele, Musikkassetten oder Schallplatten.<br \/>* Jeder Artikel, der sich nicht im Originalzustand befindet, besch\u00e4digt ist oder Teile fehlen, und zwar aus Gr\u00fcnden, die nicht auf einen Fehler unsererseits zur\u00fcckzuf\u00fchren sind.<br \/>* Jeder Artikel, der mehr als 30 Tage nach der Lieferung zur\u00fcckgegeben wird.<br \/><br \/>R\u00fcckerstattungen (falls zutreffend)<br \/>Sobald wir den zur\u00fcckgesendeten Artikel erhalten und gepr\u00fcft haben, senden wir Ihnen eine E-Mail zur Best\u00e4tigung des Eingangs. Wir informieren Sie darin auch \u00fcber unsere Entscheidung bez\u00fcglich der Genehmigung oder Ablehnung Ihres R\u00fcckerstattungsantrags.<br \/>Wird Ihrem Antrag stattgegeben, wird Ihre R\u00fcckerstattung bearbeitet und Ihrem Konto (Kreditkarte oder urspr\u00fcngliche Zahlungsmethode) innerhalb von 10 Werktagen automatisch gutgeschrieben.<br \/><br \/>Versp\u00e4tete oder fehlende R\u00fcckerstattungen (falls zutreffend)<br \/>Falls Sie Ihre R\u00fcckerstattung noch nicht erhalten haben, \u00fcberpr\u00fcfen Sie bitte zun\u00e4chst erneut Ihr Bankkonto.<br \/>Kontaktieren Sie anschlie\u00dfend Ihren Kreditkartenaussteller, da es zu Verz\u00f6gerungen kommen kann, bevor Ihre R\u00fcckerstattung offiziell verbucht wird.<br \/>Kontaktieren Sie anschlie\u00dfend Ihre Bank. Es kann eine gewisse Bearbeitungszeit dauern, bis eine R\u00fcckerstattung verbucht wird.<br \/>Falls Sie nach Durchf\u00fchrung all dieser Schritte Ihre R\u00fcckerstattung immer noch nicht erhalten haben, kontaktieren Sie uns bitte unter contact@boutique-one-piece.com. .<br \/><br \/>Sonderangebote (falls zutreffend)<br \/>Nur Artikel zum vollen Preis k\u00f6nnen erstattet werden. Reduzierte Artikel sind leider vom Umtausch ausgeschlossen.<br \/><br \/>B\u00f6rsen (falls zutreffend)<br \/>Wir ersetzen Artikel nur, wenn sie defekt oder besch\u00e4digt sind. Falls Sie einen Umtausch gegen denselben Artikel w\u00fcnschen, kontaktieren Sie uns bitte per E-Mail unter contact@boutique-one-piece.com.<\/p>\n\n\n\n<p><br \/>Geschenke<br \/>Wenn der zur\u00fcckgesendete Artikel beim Kauf als Geschenk gekennzeichnet und direkt an Sie versandt wurde, erhalten Sie eine Gutschrift in H\u00f6he des Warenwerts. Sobald wir den zur\u00fcckgesendeten Artikel erhalten haben, wird Ihnen ein Geschenkgutschein per Post zugesandt.<br \/><br \/>Wenn der Artikel beim Kauf nicht als Geschenk gekennzeichnet war oder wenn der Schenkende den Artikel lieber zuerst erhalten und ihn Ihnen sp\u00e4ter \u00fcberreichen wollte, erstatten wir den Kaufpreis an den Schenkenden zur\u00fcck und benachrichtigen ihn dar\u00fcber, dass Sie den Artikel zur\u00fcckgeschickt haben.<br \/><br \/>Versand<br \/>Um ein Produkt zur\u00fcckzusenden, m\u00fcssen Sie es per Post schicken.<br \/><br \/>Sie tragen die Kosten f\u00fcr den R\u00fcckversand Ihres Artikels. Versandkosten werden nicht erstattet. Im Falle einer R\u00fcckerstattung werden die R\u00fccksendekosten von diesem Betrag abgezogen.<br \/><br \/>Je nachdem, wo Sie wohnen, kann die Zeit bis zum Erhalt Ihres umgetauschten Produkts variieren.<br \/><br \/>Wenn Sie einen Artikel im Wert von \u00fcber $75 versenden, empfehlen wir Ihnen, einen Versand mit Sendungsverfolgung oder eine Transportversicherung abzuschlie\u00dfen. Wir k\u00f6nnen den Erhalt Ihrer R\u00fccksendung nicht garantieren.<\/p>\n\n\t\t\t\t\t\t\t\t<\/div>\n\t\t\t\t<\/div>\n\t\t\t\t\t<\/div>\n\t\t<\/div>\n\t\t\t\t\t<\/div>\n\t\t<\/section>\n\t\t\t\t<\/div>","protected":false},"excerpt":{"rendered":"<p>R\u00dcCKSENDUNGEN \u2013 Unsere R\u00fcckgabefrist betr\u00e4gt 30 Tage. Nach Ablauf dieser Frist k\u00f6nnen wir Ihnen leider keine R\u00fcckerstattung oder keinen Umtausch mehr anbieten. Um f\u00fcr eine R\u00fcckgabe berechtigt zu sein, muss der Artikel unbenutzt und im Originalzustand sein. Er muss sich au\u00dferdem in der Originalverpackung befinden. [\u2026]<\/p>","protected":false},"author":2,"featured_media":0,"parent":0,"menu_order":0,"comment_status":"closed","ping_status":"closed","template":"","meta":{"footnotes":""},"class_list":["post-18143","page","type-page","status-publish","hentry"],"yoast_head":"<!-- This site is optimized with the Yoast SEO plugin v27.5 - https:\/\/yoast.com\/product\/yoast-seo-wordpress\/ -->\n<title>POLITIQUE DE RETOURS &amp; REMBOURSEMENTS | Boutique One Piece<\/title>\n<meta name=\"robots\" content=\"noindex, follow\" \/>\n<meta property=\"og:locale\" content=\"de_DE\" \/>\n<meta property=\"og:type\" content=\"article\" \/>\n<meta property=\"og:title\" content=\"POLITIQUE DE RETOURS &amp; REMBOURSEMENTS | Boutique One Piece\" \/>\n<meta property=\"og:description\" content=\"RETOURS &#8212;- Notre politique dure 30 jours. Si 30 jours se sont \u00e9coul\u00e9s depuis votre achat, nous ne pouvons malheureusement pas vous offrir un remboursement ou un \u00e9change. Pour pouvoir b\u00e9n\u00e9ficier d\u2019un retour, votre article doit \u00eatre inutilis\u00e9 et dans le m\u00eame \u00e9tat o\u00f9 vous l\u2019avez re\u00e7u. Il doit \u00eatre \u00e9galement dans l\u2019emballage d\u2019origine. Plusieurs [&hellip;]\" \/>\n<meta property=\"og:url\" content=\"https:\/\/boutique-one-piece.com\/de\/ruckgabebestimmungen\/\" \/>\n<meta property=\"og:site_name\" content=\"Boutique One Piece\" \/>\n<meta property=\"article:modified_time\" content=\"2024-09-16T16:20:10+00:00\" \/>\n<meta name=\"twitter:card\" content=\"summary_large_image\" \/>\n<meta name=\"twitter:label1\" content=\"Gesch\u00e4tzte Lesezeit\" \/>\n\t<meta name=\"twitter:data1\" content=\"4\u00a0Minuten\" \/>\n<script type=\"application\/ld+json\" class=\"yoast-schema-graph\">{\"@context\":\"https:\\\/\\\/schema.org\",\"@graph\":[{\"@type\":\"WebPage\",\"@id\":\"https:\\\/\\\/boutique-one-piece.com\\\/politique-de-retours\\\/\",\"url\":\"https:\\\/\\\/boutique-one-piece.com\\\/politique-de-retours\\\/\",\"name\":\"POLITIQUE DE RETOURS & REMBOURSEMENTS | Boutique One Piece\",\"isPartOf\":{\"@id\":\"https:\\\/\\\/boutique-one-piece.com\\\/#website\"},\"datePublished\":\"2022-09-28T16:42:33+00:00\",\"dateModified\":\"2024-09-16T16:20:10+00:00\",\"breadcrumb\":{\"@id\":\"https:\\\/\\\/boutique-one-piece.com\\\/politique-de-retours\\\/#breadcrumb\"},\"inLanguage\":\"de\",\"potentialAction\":[{\"@type\":\"ReadAction\",\"target\":[\"https:\\\/\\\/boutique-one-piece.com\\\/politique-de-retours\\\/\"]}]},{\"@type\":\"BreadcrumbList\",\"@id\":\"https:\\\/\\\/boutique-one-piece.com\\\/politique-de-retours\\\/#breadcrumb\",\"itemListElement\":[{\"@type\":\"ListItem\",\"position\":1,\"name\":\"Home\",\"item\":\"https:\\\/\\\/boutique-one-piece.com\\\/\"},{\"@type\":\"ListItem\",\"position\":2,\"name\":\"POLITIQUE DE RETOURS &#038; REMBOURSEMENTS\"}]},{\"@type\":\"WebSite\",\"@id\":\"https:\\\/\\\/boutique-one-piece.com\\\/#website\",\"url\":\"https:\\\/\\\/boutique-one-piece.com\\\/\",\"name\":\"Boutique One Piece\",\"description\":\"Magasin Sp\u00e9cialis\u00e9 du Manga et l&#039;Anime One Piece\",\"publisher\":{\"@id\":\"https:\\\/\\\/boutique-one-piece.com\\\/#organization\"},\"potentialAction\":[{\"@type\":\"SearchAction\",\"target\":{\"@type\":\"EntryPoint\",\"urlTemplate\":\"https:\\\/\\\/boutique-one-piece.com\\\/?s={search_term_string}\"},\"query-input\":{\"@type\":\"PropertyValueSpecification\",\"valueRequired\":true,\"valueName\":\"search_term_string\"}}],\"inLanguage\":\"de\"},{\"@type\":\"Organization\",\"@id\":\"https:\\\/\\\/boutique-one-piece.com\\\/#organization\",\"name\":\"Boutique One Piece\",\"url\":\"https:\\\/\\\/boutique-one-piece.com\\\/\",\"logo\":{\"@type\":\"ImageObject\",\"inLanguage\":\"de\",\"@id\":\"https:\\\/\\\/boutique-one-piece.com\\\/#\\\/schema\\\/logo\\\/image\\\/\",\"url\":\"https:\\\/\\\/boutique-one-piece.com\\\/wp-content\\\/uploads\\\/2022\\\/09\\\/Logo-01.png\",\"contentUrl\":\"https:\\\/\\\/boutique-one-piece.com\\\/wp-content\\\/uploads\\\/2022\\\/09\\\/Logo-01.png\",\"width\":2318,\"height\":957,\"caption\":\"Boutique One Piece\"},\"image\":{\"@id\":\"https:\\\/\\\/boutique-one-piece.com\\\/#\\\/schema\\\/logo\\\/image\\\/\"}}]}<\/script>\n<!-- \/ Yoast SEO plugin. -->","yoast_head_json":{"title":"R\u00dcCKGABE- UND ERSTATTUNGSRICHTLINIEN | One Piece Shop","robots":{"index":"noindex","follow":"follow"},"og_locale":"de_DE","og_type":"article","og_title":"POLITIQUE DE RETOURS & REMBOURSEMENTS | Boutique One Piece","og_description":"RETOURS &#8212;- Notre politique dure 30 jours. Si 30 jours se sont \u00e9coul\u00e9s depuis votre achat, nous ne pouvons malheureusement pas vous offrir un remboursement ou un \u00e9change. Pour pouvoir b\u00e9n\u00e9ficier d\u2019un retour, votre article doit \u00eatre inutilis\u00e9 et dans le m\u00eame \u00e9tat o\u00f9 vous l\u2019avez re\u00e7u. Il doit \u00eatre \u00e9galement dans l\u2019emballage d\u2019origine. Plusieurs [&hellip;]","og_url":"https:\/\/boutique-one-piece.com\/de\/ruckgabebestimmungen\/","og_site_name":"Boutique One Piece","article_modified_time":"2024-09-16T16:20:10+00:00","twitter_card":"summary_large_image","twitter_misc":{"Gesch\u00e4tzte Lesezeit":"4\u00a0Minuten"},"schema":{"@context":"https:\/\/schema.org","@graph":[{"@type":"WebPage","@id":"https:\/\/boutique-one-piece.com\/politique-de-retours\/","url":"https:\/\/boutique-one-piece.com\/politique-de-retours\/","name":"R\u00dcCKGABE- UND ERSTATTUNGSRICHTLINIEN | One Piece Shop","isPartOf":{"@id":"https:\/\/boutique-one-piece.com\/#website"},"datePublished":"2022-09-28T16:42:33+00:00","dateModified":"2024-09-16T16:20:10+00:00","breadcrumb":{"@id":"https:\/\/boutique-one-piece.com\/politique-de-retours\/#breadcrumb"},"inLanguage":"de","potentialAction":[{"@type":"ReadAction","target":["https:\/\/boutique-one-piece.com\/politique-de-retours\/"]}]},{"@type":"BreadcrumbList","@id":"https:\/\/boutique-one-piece.com\/politique-de-retours\/#breadcrumb","itemListElement":[{"@type":"ListItem","position":1,"name":"Home","item":"https:\/\/boutique-one-piece.com\/"},{"@type":"ListItem","position":2,"name":"POLITIQUE DE RETOURS &#038; REMBOURSEMENTS"}]},{"@type":"WebSite","@id":"https:\/\/boutique-one-piece.com\/#website","url":"https:\/\/boutique-one-piece.com\/","name":"One Piece Shop","description":"Fachgesch\u00e4ft f\u00fcr One Piece Manga und Anime","publisher":{"@id":"https:\/\/boutique-one-piece.com\/#organization"},"potentialAction":[{"@type":"SearchAction","target":{"@type":"EntryPoint","urlTemplate":"https:\/\/boutique-one-piece.com\/?s={search_term_string}"},"query-input":{"@type":"PropertyValueSpecification","valueRequired":true,"valueName":"search_term_string"}}],"inLanguage":"de"},{"@type":"Organization","@id":"https:\/\/boutique-one-piece.com\/#organization","name":"One Piece Shop","url":"https:\/\/boutique-one-piece.com\/","logo":{"@type":"ImageObject","inLanguage":"de","@id":"https:\/\/boutique-one-piece.com\/#\/schema\/logo\/image\/","url":"https:\/\/boutique-one-piece.com\/wp-content\/uploads\/2022\/09\/Logo-01.png","contentUrl":"https:\/\/boutique-one-piece.com\/wp-content\/uploads\/2022\/09\/Logo-01.png","width":2318,"height":957,"caption":"Boutique One Piece"},"image":{"@id":"https:\/\/boutique-one-piece.com\/#\/schema\/logo\/image\/"}}]}},"_links":{"self":[{"href":"https:\/\/boutique-one-piece.com\/de\/wp-json\/wp\/v2\/pages\/18143","targetHints":{"allow":["GET"]}}],"collection":[{"href":"https:\/\/boutique-one-piece.com\/de\/wp-json\/wp\/v2\/pages"}],"about":[{"href":"https:\/\/boutique-one-piece.com\/de\/wp-json\/wp\/v2\/types\/page"}],"author":[{"embeddable":true,"href":"https:\/\/boutique-one-piece.com\/de\/wp-json\/wp\/v2\/users\/2"}],"replies":[{"embeddable":true,"href":"https:\/\/boutique-one-piece.com\/de\/wp-json\/wp\/v2\/comments?post=18143"}],"version-history":[{"count":7,"href":"https:\/\/boutique-one-piece.com\/de\/wp-json\/wp\/v2\/pages\/18143\/revisions"}],"predecessor-version":[{"id":19791,"href":"https:\/\/boutique-one-piece.com\/de\/wp-json\/wp\/v2\/pages\/18143\/revisions\/19791"}],"wp:attachment":[{"href":"https:\/\/boutique-one-piece.com\/de\/wp-json\/wp\/v2\/media?parent=18143"}],"curies":[{"name":"wp","href":"https:\/\/api.w.org\/{rel}","templated":true}]}}