{"id":10047,"date":"2022-09-27T20:24:18","date_gmt":"2022-09-27T20:24:18","guid":{"rendered":"https:\/\/boutique-one-piece.com\/uncategorized\/figurine-one-piece-luffy-fluide-offensif\/"},"modified":"2024-09-16T11:56:43","modified_gmt":"2024-09-16T11:56:43","slug":"one-piece-luffy-offensivflussigkeitsfigur","status":"publish","type":"product","link":"https:\/\/boutique-one-piece.com\/de\/one-piece-figuren\/one-piece-luffy-offensivflussigkeitsfigur\/","title":{"rendered":"One Piece Luffy Offensive Fluid Figur"},"content":{"rendered":"<h2>Junger Pirat, schnapp dir jetzt diese One Piece Luffy Offensivfl\u00fcssigkeitsfigur!.<\/h2>\n<p><strong>Luffy<\/strong> Er bedarf keiner Vorstellung, doch hier ein paar Worte zu ihm: Er ist weltweit ber\u00fcchtigt f\u00fcr seine Unruhe und sein Ungl\u00fcck, selbst unter den Sieben Kriegsherren der Meere und der Marine, und ging sogar so weit, zwei der <strong>Vier Kaiser<\/strong> (Big Mom und Kaido), sowie durch das Begehen von Verbrechen und Handlungen, die von der Weltregierung als gef\u00e4hrlich eingestuft werden.<\/p>\n<p>Was die Verwendung seines <strong>angriffslustige Fl\u00fcssigkeit<\/strong>, Du solltest wissen, dass es sich hierbei um eine mysteri\u00f6se Kraft aus dem One Piece-Manga handelt, die es dem Anwender erm\u00f6glicht, seine eigene spirituelle Energie f\u00fcr verschiedene Zwecke einzusetzen. Es gibt drei Arten von Haki: Wahrnehmungshaki, Angriffshaki und K\u00f6nigshaki. Hier sprechen wir \u00fcber Angriffshaki, das dem Anwender die F\u00e4higkeit verleiht, seine eigene spirituelle Energie zu nutzen, um im Wesentlichen eine unsichtbare R\u00fcstung um sich herum zu erschaffen und so unglaubliche offensive und defensive F\u00e4higkeiten zu erlangen. Dar\u00fcber hinaus\u2026 <a title=\"ONE PIECE ZORO OFFENSIVE FLUIDS FIGUR\" href=\"https:\/\/boutique-one-piece.com\/de\/one-piece-figuren\/produkte\/figurine-one-piece-+zoro-fluides-offensif\/\" target=\"_blank\" rel=\"noopener\">Zoro-Figur mit anst\u00f6\u00dfiger Fl\u00fcssigkeit<\/a> ist in Ihrer Reichweite.<\/p>\n<h3>Bist du also von der Figur Ruffy und seinem offensiven Haki fasziniert? Wenn ja, entwickle dein Haki zusammen mit ihm.<\/h3>\n<p>Ob eingefleischter Fan oder erfahrener Sammler \u2013 diese Artikel sind genau das Richtige f\u00fcr Sie. Sie eignen sich perfekt zum Verschenken, Dekorieren oder Sammeln und werden Ihre Sammlung bereichern. <strong>dein One Piece Universum<\/strong>. Z\u00f6gern Sie nicht l\u00e4nger und nutzen Sie die Gelegenheit, an Bord der <strong>Tausend Sonnen<\/strong> um den One Piece-Schatz zu erobern.<\/p>\n<h2>Informationen zur Luffy Offensive Fluid Figur&nbsp;<\/h2>\n<ul>\n<li><span><b><u>One Piece Figur<\/u><\/b>&nbsp;Premium One Piece-Figur f\u00fcr echte Piraten<\/span><\/li>\n<\/ul>\n<ul>\n<li>\n<b>Gegenstand<\/b><span>&nbsp;<\/span>PVC<\/li>\n<\/ul>\n<ul>\n<li><span><strong>Dimension<\/strong>&nbsp;20 cm<\/span><\/li>\n<\/ul>\n<ul>\n<li><span><strong>KOSTENLOSE LIEFERUNG<\/strong><\/span><\/li>\n<\/ul>","protected":false},"excerpt":{"rendered":"<p>Junger Pirat, schnapp dir jetzt diese One Piece Luffy-Figur in seiner explosiven Form! Luffy braucht keine Vorstellung, aber hier ein paar Infos zu ihm: Er ist weltweit ber\u00fcchtigt f\u00fcr sein Chaos und seine Unruhe, sogar unter den Sieben Samurai der Meere und der Marine. Er ging sogar so weit, zwei der Vier Kaiser herauszufordern [\u2026]<\/p>","protected":false},"featured_media":10049,"comment_status":"open","ping_status":"open","template":"","meta":[],"product_brand":[],"product_cat":[181,76],"product_tag":[92],"class_list":{"0":"post-10047","1":"product","2":"type-product","3":"status-publish","4":"has-post-thumbnail","6":"product_cat-figurines-monkey-d-luffy","7":"product_cat-figurines-one-piece","8":"product_tag-luffy","10":"first","11":"outofstock","12":"purchasable","13":"product-type-simple"},"yoast_head":"<!-- This site is optimized with the Yoast SEO plugin v27.5 - https:\/\/yoast.com\/product\/yoast-seo-wordpress\/ -->\n<title>Figurine One Piece Luffy fluide offensif | Figurine One Piece \u2013 Boutique One Piece<\/title>\n<meta name=\"description\" content=\"Jeune pirate, procure-toi d\u00e8s maintenant cette Figurine One Piece Luffy fluide offensif. Luffy n&#039;est plus \u00e0 pr\u00e9senter, mais voici quelques mots le concernant ; Il a une r\u00e9putation mondiale pour avoir caus\u00e9 des troubles et des catastrophes, m\u00eame parmi les 7 Capitaines Corsaires et la Marine, en \u00e9tant all\u00e9 jusqu&#039;\u00e0 d\u00e9fier\" \/>\n<meta name=\"robots\" content=\"index, follow, max-snippet:-1, max-image-preview:large, max-video-preview:-1\" \/>\n<link rel=\"canonical\" href=\"https:\/\/boutique-one-piece.com\/de\/one-piece-figuren\/one-piece-luffy-offensivflussigkeitsfigur\/\" \/>\n<meta property=\"og:locale\" content=\"de_DE\" \/>\n<meta property=\"og:type\" content=\"article\" \/>\n<meta property=\"og:title\" content=\"Figurine One Piece Luffy fluide offensif | Figurine One Piece \u2013 Boutique One Piece\" \/>\n<meta property=\"og:description\" content=\"Jeune pirate, procure-toi d\u00e8s maintenant cette Figurine One Piece Luffy fluide offensif. Luffy n&#039;est plus \u00e0 pr\u00e9senter, mais voici quelques mots le concernant ; Il a une r\u00e9putation mondiale pour avoir caus\u00e9 des troubles et des catastrophes, m\u00eame parmi les 7 Capitaines Corsaires et la Marine, en \u00e9tant all\u00e9 jusqu&#039;\u00e0 d\u00e9fier\" \/>\n<meta property=\"og:url\" content=\"https:\/\/boutique-one-piece.com\/de\/one-piece-figuren\/one-piece-luffy-offensivflussigkeitsfigur\/\" \/>\n<meta property=\"og:site_name\" content=\"Boutique One Piece\" \/>\n<meta property=\"article:modified_time\" content=\"2024-09-16T11:56:43+00:00\" \/>\n<meta property=\"og:image\" content=\"https:\/\/boutique-one-piece.com\/wp-content\/uploads\/2022\/09\/Figurine-One-Piece-Luffy-fluide-offensif-1.jpg\" \/>\n\t<meta property=\"og:image:width\" content=\"800\" \/>\n\t<meta property=\"og:image:height\" content=\"800\" \/>\n\t<meta property=\"og:image:type\" content=\"image\/jpeg\" \/>\n<meta name=\"twitter:card\" content=\"summary_large_image\" \/>\n<meta name=\"twitter:label1\" content=\"Gesch\u00e4tzte Lesezeit\" \/>\n\t<meta name=\"twitter:data1\" content=\"2\u00a0Minuten\" \/>\n<script type=\"application\/ld+json\" class=\"yoast-schema-graph\">{\"@context\":\"https:\\\/\\\/schema.org\",\"@graph\":[{\"@type\":\"WebPage\",\"@id\":\"https:\\\/\\\/boutique-one-piece.com\\\/figurines-one-piece\\\/figurine-one-piece-luffy-fluide-offensif\\\/\",\"url\":\"https:\\\/\\\/boutique-one-piece.com\\\/figurines-one-piece\\\/figurine-one-piece-luffy-fluide-offensif\\\/\",\"name\":\"Figurine One Piece Luffy fluide offensif | Figurine One Piece \u2013 Boutique One Piece\",\"isPartOf\":{\"@id\":\"https:\\\/\\\/boutique-one-piece.com\\\/#website\"},\"primaryImageOfPage\":{\"@id\":\"https:\\\/\\\/boutique-one-piece.com\\\/figurines-one-piece\\\/figurine-one-piece-luffy-fluide-offensif\\\/#primaryimage\"},\"image\":{\"@id\":\"https:\\\/\\\/boutique-one-piece.com\\\/figurines-one-piece\\\/figurine-one-piece-luffy-fluide-offensif\\\/#primaryimage\"},\"thumbnailUrl\":\"https:\\\/\\\/boutique-one-piece.com\\\/wp-content\\\/uploads\\\/2022\\\/09\\\/Figurine-One-Piece-Luffy-fluide-offensif-1.jpg\",\"datePublished\":\"2022-09-27T20:24:18+00:00\",\"dateModified\":\"2024-09-16T11:56:43+00:00\",\"description\":\"Jeune pirate, procure-toi d\u00e8s maintenant cette Figurine One Piece Luffy fluide offensif. Luffy n'est plus \u00e0 pr\u00e9senter, mais voici quelques mots le concernant ; Il a une r\u00e9putation mondiale pour avoir caus\u00e9 des troubles et des catastrophes, m\u00eame parmi les 7 Capitaines Corsaires et la Marine, en \u00e9tant all\u00e9 jusqu'\u00e0 d\u00e9fier\",\"breadcrumb\":{\"@id\":\"https:\\\/\\\/boutique-one-piece.com\\\/figurines-one-piece\\\/figurine-one-piece-luffy-fluide-offensif\\\/#breadcrumb\"},\"inLanguage\":\"de\",\"potentialAction\":[{\"@type\":\"ReadAction\",\"target\":[\"https:\\\/\\\/boutique-one-piece.com\\\/figurines-one-piece\\\/figurine-one-piece-luffy-fluide-offensif\\\/\"]}]},{\"@type\":\"ImageObject\",\"inLanguage\":\"de\",\"@id\":\"https:\\\/\\\/boutique-one-piece.com\\\/figurines-one-piece\\\/figurine-one-piece-luffy-fluide-offensif\\\/#primaryimage\",\"url\":\"https:\\\/\\\/boutique-one-piece.com\\\/wp-content\\\/uploads\\\/2022\\\/09\\\/Figurine-One-Piece-Luffy-fluide-offensif-1.jpg\",\"contentUrl\":\"https:\\\/\\\/boutique-one-piece.com\\\/wp-content\\\/uploads\\\/2022\\\/09\\\/Figurine-One-Piece-Luffy-fluide-offensif-1.jpg\",\"width\":800,\"height\":800},{\"@type\":\"BreadcrumbList\",\"@id\":\"https:\\\/\\\/boutique-one-piece.com\\\/figurines-one-piece\\\/figurine-one-piece-luffy-fluide-offensif\\\/#breadcrumb\",\"itemListElement\":[{\"@type\":\"ListItem\",\"position\":1,\"name\":\"Home\",\"item\":\"https:\\\/\\\/boutique-one-piece.com\\\/\"},{\"@type\":\"ListItem\",\"position\":2,\"name\":\"Shop\",\"item\":\"https:\\\/\\\/boutique-one-piece.com\\\/shop\\\/\"},{\"@type\":\"ListItem\",\"position\":3,\"name\":\"Figurine One Piece Luffy fluide offensif\"}]},{\"@type\":\"WebSite\",\"@id\":\"https:\\\/\\\/boutique-one-piece.com\\\/#website\",\"url\":\"https:\\\/\\\/boutique-one-piece.com\\\/\",\"name\":\"Boutique One Piece\",\"description\":\"Magasin Sp\u00e9cialis\u00e9 du Manga et l&#039;Anime One Piece\",\"publisher\":{\"@id\":\"https:\\\/\\\/boutique-one-piece.com\\\/#organization\"},\"potentialAction\":[{\"@type\":\"SearchAction\",\"target\":{\"@type\":\"EntryPoint\",\"urlTemplate\":\"https:\\\/\\\/boutique-one-piece.com\\\/?s={search_term_string}\"},\"query-input\":{\"@type\":\"PropertyValueSpecification\",\"valueRequired\":true,\"valueName\":\"search_term_string\"}}],\"inLanguage\":\"de\"},{\"@type\":\"Organization\",\"@id\":\"https:\\\/\\\/boutique-one-piece.com\\\/#organization\",\"name\":\"Boutique One Piece\",\"url\":\"https:\\\/\\\/boutique-one-piece.com\\\/\",\"logo\":{\"@type\":\"ImageObject\",\"inLanguage\":\"de\",\"@id\":\"https:\\\/\\\/boutique-one-piece.com\\\/#\\\/schema\\\/logo\\\/image\\\/\",\"url\":\"https:\\\/\\\/boutique-one-piece.com\\\/wp-content\\\/uploads\\\/2022\\\/09\\\/Logo-01.png\",\"contentUrl\":\"https:\\\/\\\/boutique-one-piece.com\\\/wp-content\\\/uploads\\\/2022\\\/09\\\/Logo-01.png\",\"width\":2318,\"height\":957,\"caption\":\"Boutique One Piece\"},\"image\":{\"@id\":\"https:\\\/\\\/boutique-one-piece.com\\\/#\\\/schema\\\/logo\\\/image\\\/\"}}]}<\/script>\n<!-- \/ Yoast SEO plugin. -->","yoast_head_json":{"title":"One Piece Luffy Offensive Fluid Figur | One Piece Figur \u2013 One Piece Shop","description":"Junger Pirat, schnapp dir jetzt diese One Piece Luffy-Figur in seiner explosiven Form! Luffy braucht keine Vorstellung, aber hier ein paar Infos zu ihm: Er ist weltweit ber\u00fcchtigt daf\u00fcr, \u00c4rger und Unheil anzurichten, sogar unter den Sieben Samurai der Meere und der Marine, und fordert sogar...","robots":{"index":"index","follow":"follow","max-snippet":"max-snippet:-1","max-image-preview":"max-image-preview:large","max-video-preview":"max-video-preview:-1"},"canonical":"https:\/\/boutique-one-piece.com\/de\/one-piece-figuren\/one-piece-luffy-offensivflussigkeitsfigur\/","og_locale":"de_DE","og_type":"article","og_title":"Figurine One Piece Luffy fluide offensif | Figurine One Piece \u2013 Boutique One Piece","og_description":"Jeune pirate, procure-toi d\u00e8s maintenant cette Figurine One Piece Luffy fluide offensif. Luffy n'est plus \u00e0 pr\u00e9senter, mais voici quelques mots le concernant ; Il a une r\u00e9putation mondiale pour avoir caus\u00e9 des troubles et des catastrophes, m\u00eame parmi les 7 Capitaines Corsaires et la Marine, en \u00e9tant all\u00e9 jusqu'\u00e0 d\u00e9fier","og_url":"https:\/\/boutique-one-piece.com\/de\/one-piece-figuren\/one-piece-luffy-offensivflussigkeitsfigur\/","og_site_name":"Boutique One Piece","article_modified_time":"2024-09-16T11:56:43+00:00","og_image":[{"width":800,"height":800,"url":"https:\/\/boutique-one-piece.com\/wp-content\/uploads\/2022\/09\/Figurine-One-Piece-Luffy-fluide-offensif-1.jpg","type":"image\/jpeg"}],"twitter_card":"summary_large_image","twitter_misc":{"Gesch\u00e4tzte Lesezeit":"2\u00a0Minuten"},"schema":{"@context":"https:\/\/schema.org","@graph":[{"@type":"WebPage","@id":"https:\/\/boutique-one-piece.com\/figurines-one-piece\/figurine-one-piece-luffy-fluide-offensif\/","url":"https:\/\/boutique-one-piece.com\/figurines-one-piece\/figurine-one-piece-luffy-fluide-offensif\/","name":"One Piece Luffy Offensive Fluid Figur | One Piece Figur \u2013 One Piece Shop","isPartOf":{"@id":"https:\/\/boutique-one-piece.com\/#website"},"primaryImageOfPage":{"@id":"https:\/\/boutique-one-piece.com\/figurines-one-piece\/figurine-one-piece-luffy-fluide-offensif\/#primaryimage"},"image":{"@id":"https:\/\/boutique-one-piece.com\/figurines-one-piece\/figurine-one-piece-luffy-fluide-offensif\/#primaryimage"},"thumbnailUrl":"https:\/\/boutique-one-piece.com\/wp-content\/uploads\/2022\/09\/Figurine-One-Piece-Luffy-fluide-offensif-1.jpg","datePublished":"2022-09-27T20:24:18+00:00","dateModified":"2024-09-16T11:56:43+00:00","description":"Junger Pirat, schnapp dir jetzt diese One Piece Luffy-Figur in seiner explosiven Form! Luffy braucht keine Vorstellung, aber hier ein paar Infos zu ihm: Er ist weltweit ber\u00fcchtigt daf\u00fcr, \u00c4rger und Unheil anzurichten, sogar unter den Sieben Samurai der Meere und der Marine, und fordert sogar...","breadcrumb":{"@id":"https:\/\/boutique-one-piece.com\/figurines-one-piece\/figurine-one-piece-luffy-fluide-offensif\/#breadcrumb"},"inLanguage":"de","potentialAction":[{"@type":"ReadAction","target":["https:\/\/boutique-one-piece.com\/figurines-one-piece\/figurine-one-piece-luffy-fluide-offensif\/"]}]},{"@type":"ImageObject","inLanguage":"de","@id":"https:\/\/boutique-one-piece.com\/figurines-one-piece\/figurine-one-piece-luffy-fluide-offensif\/#primaryimage","url":"https:\/\/boutique-one-piece.com\/wp-content\/uploads\/2022\/09\/Figurine-One-Piece-Luffy-fluide-offensif-1.jpg","contentUrl":"https:\/\/boutique-one-piece.com\/wp-content\/uploads\/2022\/09\/Figurine-One-Piece-Luffy-fluide-offensif-1.jpg","width":800,"height":800},{"@type":"BreadcrumbList","@id":"https:\/\/boutique-one-piece.com\/figurines-one-piece\/figurine-one-piece-luffy-fluide-offensif\/#breadcrumb","itemListElement":[{"@type":"ListItem","position":1,"name":"Home","item":"https:\/\/boutique-one-piece.com\/"},{"@type":"ListItem","position":2,"name":"Shop","item":"https:\/\/boutique-one-piece.com\/shop\/"},{"@type":"ListItem","position":3,"name":"Figurine One Piece Luffy fluide offensif"}]},{"@type":"WebSite","@id":"https:\/\/boutique-one-piece.com\/#website","url":"https:\/\/boutique-one-piece.com\/","name":"One Piece Shop","description":"Fachgesch\u00e4ft f\u00fcr One Piece Manga und Anime","publisher":{"@id":"https:\/\/boutique-one-piece.com\/#organization"},"potentialAction":[{"@type":"SearchAction","target":{"@type":"EntryPoint","urlTemplate":"https:\/\/boutique-one-piece.com\/?s={search_term_string}"},"query-input":{"@type":"PropertyValueSpecification","valueRequired":true,"valueName":"search_term_string"}}],"inLanguage":"de"},{"@type":"Organization","@id":"https:\/\/boutique-one-piece.com\/#organization","name":"One Piece Shop","url":"https:\/\/boutique-one-piece.com\/","logo":{"@type":"ImageObject","inLanguage":"de","@id":"https:\/\/boutique-one-piece.com\/#\/schema\/logo\/image\/","url":"https:\/\/boutique-one-piece.com\/wp-content\/uploads\/2022\/09\/Logo-01.png","contentUrl":"https:\/\/boutique-one-piece.com\/wp-content\/uploads\/2022\/09\/Logo-01.png","width":2318,"height":957,"caption":"Boutique One Piece"},"image":{"@id":"https:\/\/boutique-one-piece.com\/#\/schema\/logo\/image\/"}}]}},"_links":{"self":[{"href":"https:\/\/boutique-one-piece.com\/de\/wp-json\/wp\/v2\/product\/10047","targetHints":{"allow":["GET"]}}],"collection":[{"href":"https:\/\/boutique-one-piece.com\/de\/wp-json\/wp\/v2\/product"}],"about":[{"href":"https:\/\/boutique-one-piece.com\/de\/wp-json\/wp\/v2\/types\/product"}],"replies":[{"embeddable":true,"href":"https:\/\/boutique-one-piece.com\/de\/wp-json\/wp\/v2\/comments?post=10047"}],"wp:featuredmedia":[{"embeddable":true,"href":"https:\/\/boutique-one-piece.com\/de\/wp-json\/wp\/v2\/media\/10049"}],"wp:attachment":[{"href":"https:\/\/boutique-one-piece.com\/de\/wp-json\/wp\/v2\/media?parent=10047"}],"wp:term":[{"taxonomy":"product_brand","embeddable":true,"href":"https:\/\/boutique-one-piece.com\/de\/wp-json\/wp\/v2\/product_brand?post=10047"},{"taxonomy":"product_cat","embeddable":true,"href":"https:\/\/boutique-one-piece.com\/de\/wp-json\/wp\/v2\/product_cat?post=10047"},{"taxonomy":"product_tag","embeddable":true,"href":"https:\/\/boutique-one-piece.com\/de\/wp-json\/wp\/v2\/product_tag?post=10047"}],"curies":[{"name":"wp","href":"https:\/\/api.w.org\/{rel}","templated":true}]}}