{"id":10130,"date":"2022-09-27T20:32:36","date_gmt":"2022-09-27T20:32:36","guid":{"rendered":"https:\/\/boutique-one-piece.com\/uncategorized\/replique-one-piece-vogue-merry\/"},"modified":"2024-09-16T11:58:32","modified_gmt":"2024-09-16T11:58:32","slug":"one-piece-replika-vogue-merry","status":"publish","type":"product","link":"https:\/\/boutique-one-piece.com\/de\/one-piece-figuren\/one-piece-replika-vogue-merry\/","title":{"rendered":"Vogue Merry Boat"},"content":{"rendered":"<h2>Junger Pirat, es ist an der Zeit, dass du dir diese One Piece Vogue Merry Figur holst.<\/h2>\n<p>Zur Erinnerung: Die <strong>Vogue Merry<\/strong>, Das Schiff, oft liebevoll \u201eMerry\u201c genannt, war das erste Schiff der Strohhutbande. Im Laufe der Zeit wurde es von der Crew so sehr als Zuhause geliebt, dass es buchst\u00e4blich eine eigene Pers\u00f6nlichkeit entwickelte und wie jedes andere Mitglied als Teil der Crew betrachtet wurde.<\/p>\n<p>Leider erlitt die Going Merry w\u00e4hrend ihrer Dienstzeit immense Sch\u00e4den. Offensichtlich war das Schiff nicht mehr einsatzf\u00e4hig. Daher wurde ihr nach ihrer Ankunft in Water 7 ein Wikingerbegr\u00e4bnis zuteil. Dieses Schiff wurde sp\u00e4ter durch die Going Merry ersetzt. <strong>Tausend Sonnen<\/strong>. Dar\u00fcber hinaus <a title=\"ONE PIECE THOUSAND SUNNY REPLICA\" href=\"https:\/\/boutique-one-piece.com\/de\/replica-one-piece-thousand-sunny\/\" target=\"_blank\" rel=\"noopener\">Nachbau der Thousand Sunny<\/a> ist in Ihrer Reichweite.<\/p>\n<h3>Begeistert von der legend\u00e4ren Going Merry? Dann worauf wartest du noch? Komm an Bord und schlie\u00df dich Monkey D. Luffys Crew an!.<\/h3>\n<p>One Piece ist eine Serie von <strong>Sh\u014dnen-Manga<\/strong>. Sei Teil des Abenteuers und werde eines der Besatzungsmitglieder von <strong>Strohhut<\/strong>. Diese Artikel lassen dich in dein liebstes animiertes Universum eintauchen. Also z\u00f6gere nicht l\u00e4nger und nutze diese Gelegenheit, um spannende Abenteuer zu erleben.<\/p>\n<h2>Informationen zur Vogue Merry Figur\u00a0<\/h2>\n<ul>\n<li><span><b><u>One Piece Figur<\/u><\/b>\u00a0Premium One Piece-Figur f\u00fcr echte Piraten<\/span><\/li>\n<\/ul>\n<ul>\n<li>\n<b>Gegenstand<\/b><span>\u00a0<\/span>PVC<\/li>\n<\/ul>\n<ul>\n<li><span><strong>Dimension<\/strong>\u00a028 cm<\/span><\/li>\n<\/ul>\n<ul>\n<li><span><strong>KOSTENLOSE LIEFERUNG<\/strong><\/span><\/li>\n<\/ul>","protected":false},"excerpt":{"rendered":"<p>Junger Pirat, es ist soweit! Schnapp dir diese One Piece Going Merry-Figur. Zur Erinnerung: Die Going Merry, oft liebevoll Merry genannt, war das erste Schiff der Strohhutbande. Mit der Zeit wurde sie der Crew so ans Herz gewachsen, dass sie buchst\u00e4blich zu ihrem Zuhause wurde [\u2026]<\/p>","protected":false},"featured_media":10132,"comment_status":"open","ping_status":"open","template":"","meta":[],"product_brand":[],"product_cat":[76],"product_tag":[138,324],"class_list":{"0":"post-10130","1":"product","2":"type-product","3":"status-publish","4":"has-post-thumbnail","6":"product_cat-figurines-one-piece","7":"product_tag-bateau","8":"product_tag-vogue-merry","10":"first","11":"instock","12":"purchasable","13":"product-type-simple"},"yoast_head":"<!-- This site is optimized with the Yoast SEO plugin v27.5 - https:\/\/yoast.com\/product\/yoast-seo-wordpress\/ -->\n<title>Figurine Vogue Merry One Piece | Boutique One Piece<\/title>\n<meta name=\"description\" content=\"Jeune pirate, le moment est venu pour toi de te procurer cette\u00a0Figurine One piece Vogue Merry. Pour rappel, Le Vogue Merry, souvent tendrement appel\u00e9 Merry, \u00e9tait le premier navire de L&#039;\u00c9quipage du Chapeau de Paille. Au fil du temps, le navire se fait si aimer par l&#039;\u00e9quipage en tant que maison qu&#039;il s&#039;est litt\u00e9ralement\" \/>\n<meta name=\"robots\" content=\"index, follow, max-snippet:-1, max-image-preview:large, max-video-preview:-1\" \/>\n<link rel=\"canonical\" href=\"https:\/\/boutique-one-piece.com\/de\/one-piece-figuren\/one-piece-replika-vogue-merry\/\" \/>\n<meta property=\"og:locale\" content=\"de_DE\" \/>\n<meta property=\"og:type\" content=\"article\" \/>\n<meta property=\"og:title\" content=\"Figurine Vogue Merry One Piece | Boutique One Piece\" \/>\n<meta property=\"og:description\" content=\"Jeune pirate, le moment est venu pour toi de te procurer cette\u00a0Figurine One piece Vogue Merry. Pour rappel, Le Vogue Merry, souvent tendrement appel\u00e9 Merry, \u00e9tait le premier navire de L&#039;\u00c9quipage du Chapeau de Paille. Au fil du temps, le navire se fait si aimer par l&#039;\u00e9quipage en tant que maison qu&#039;il s&#039;est litt\u00e9ralement\" \/>\n<meta property=\"og:url\" content=\"https:\/\/boutique-one-piece.com\/de\/one-piece-figuren\/one-piece-replika-vogue-merry\/\" \/>\n<meta property=\"og:site_name\" content=\"Boutique One Piece\" \/>\n<meta property=\"article:modified_time\" content=\"2024-09-16T11:58:32+00:00\" \/>\n<meta property=\"og:image\" content=\"https:\/\/boutique-one-piece.com\/wp-content\/uploads\/2022\/09\/Bateau-Vogue-Merry-1.jpg\" \/>\n\t<meta property=\"og:image:width\" content=\"800\" \/>\n\t<meta property=\"og:image:height\" content=\"800\" \/>\n\t<meta property=\"og:image:type\" content=\"image\/jpeg\" \/>\n<meta name=\"twitter:card\" content=\"summary_large_image\" \/>\n<meta name=\"twitter:label1\" content=\"Gesch\u00e4tzte Lesezeit\" \/>\n\t<meta name=\"twitter:data1\" content=\"1\u00a0Minute\" \/>\n<script type=\"application\/ld+json\" class=\"yoast-schema-graph\">{\"@context\":\"https:\\\/\\\/schema.org\",\"@graph\":[{\"@type\":\"WebPage\",\"@id\":\"https:\\\/\\\/boutique-one-piece.com\\\/figurines-one-piece\\\/replique-one-piece-vogue-merry\\\/\",\"url\":\"https:\\\/\\\/boutique-one-piece.com\\\/figurines-one-piece\\\/replique-one-piece-vogue-merry\\\/\",\"name\":\"Figurine Vogue Merry One Piece | Boutique One Piece\",\"isPartOf\":{\"@id\":\"https:\\\/\\\/boutique-one-piece.com\\\/#website\"},\"primaryImageOfPage\":{\"@id\":\"https:\\\/\\\/boutique-one-piece.com\\\/figurines-one-piece\\\/replique-one-piece-vogue-merry\\\/#primaryimage\"},\"image\":{\"@id\":\"https:\\\/\\\/boutique-one-piece.com\\\/figurines-one-piece\\\/replique-one-piece-vogue-merry\\\/#primaryimage\"},\"thumbnailUrl\":\"https:\\\/\\\/boutique-one-piece.com\\\/wp-content\\\/uploads\\\/2022\\\/09\\\/Bateau-Vogue-Merry-1.jpg\",\"datePublished\":\"2022-09-27T20:32:36+00:00\",\"dateModified\":\"2024-09-16T11:58:32+00:00\",\"description\":\"Jeune pirate, le moment est venu pour toi de te procurer cette\u00a0Figurine One piece Vogue Merry. Pour rappel, Le Vogue Merry, souvent tendrement appel\u00e9 Merry, \u00e9tait le premier navire de L'\u00c9quipage du Chapeau de Paille. Au fil du temps, le navire se fait si aimer par l'\u00e9quipage en tant que maison qu'il s'est litt\u00e9ralement\",\"breadcrumb\":{\"@id\":\"https:\\\/\\\/boutique-one-piece.com\\\/figurines-one-piece\\\/replique-one-piece-vogue-merry\\\/#breadcrumb\"},\"inLanguage\":\"de\",\"potentialAction\":[{\"@type\":\"ReadAction\",\"target\":[\"https:\\\/\\\/boutique-one-piece.com\\\/figurines-one-piece\\\/replique-one-piece-vogue-merry\\\/\"]}]},{\"@type\":\"ImageObject\",\"inLanguage\":\"de\",\"@id\":\"https:\\\/\\\/boutique-one-piece.com\\\/figurines-one-piece\\\/replique-one-piece-vogue-merry\\\/#primaryimage\",\"url\":\"https:\\\/\\\/boutique-one-piece.com\\\/wp-content\\\/uploads\\\/2022\\\/09\\\/Bateau-Vogue-Merry-1.jpg\",\"contentUrl\":\"https:\\\/\\\/boutique-one-piece.com\\\/wp-content\\\/uploads\\\/2022\\\/09\\\/Bateau-Vogue-Merry-1.jpg\",\"width\":800,\"height\":800},{\"@type\":\"BreadcrumbList\",\"@id\":\"https:\\\/\\\/boutique-one-piece.com\\\/figurines-one-piece\\\/replique-one-piece-vogue-merry\\\/#breadcrumb\",\"itemListElement\":[{\"@type\":\"ListItem\",\"position\":1,\"name\":\"Home\",\"item\":\"https:\\\/\\\/boutique-one-piece.com\\\/\"},{\"@type\":\"ListItem\",\"position\":2,\"name\":\"Shop\",\"item\":\"https:\\\/\\\/boutique-one-piece.com\\\/shop\\\/\"},{\"@type\":\"ListItem\",\"position\":3,\"name\":\"Bateau Vogue Merry\"}]},{\"@type\":\"WebSite\",\"@id\":\"https:\\\/\\\/boutique-one-piece.com\\\/#website\",\"url\":\"https:\\\/\\\/boutique-one-piece.com\\\/\",\"name\":\"Boutique One Piece\",\"description\":\"Magasin Sp\u00e9cialis\u00e9 du Manga et l&#039;Anime One Piece\",\"publisher\":{\"@id\":\"https:\\\/\\\/boutique-one-piece.com\\\/#organization\"},\"potentialAction\":[{\"@type\":\"SearchAction\",\"target\":{\"@type\":\"EntryPoint\",\"urlTemplate\":\"https:\\\/\\\/boutique-one-piece.com\\\/?s={search_term_string}\"},\"query-input\":{\"@type\":\"PropertyValueSpecification\",\"valueRequired\":true,\"valueName\":\"search_term_string\"}}],\"inLanguage\":\"de\"},{\"@type\":\"Organization\",\"@id\":\"https:\\\/\\\/boutique-one-piece.com\\\/#organization\",\"name\":\"Boutique One Piece\",\"url\":\"https:\\\/\\\/boutique-one-piece.com\\\/\",\"logo\":{\"@type\":\"ImageObject\",\"inLanguage\":\"de\",\"@id\":\"https:\\\/\\\/boutique-one-piece.com\\\/#\\\/schema\\\/logo\\\/image\\\/\",\"url\":\"https:\\\/\\\/boutique-one-piece.com\\\/wp-content\\\/uploads\\\/2022\\\/09\\\/Logo-01.png\",\"contentUrl\":\"https:\\\/\\\/boutique-one-piece.com\\\/wp-content\\\/uploads\\\/2022\\\/09\\\/Logo-01.png\",\"width\":2318,\"height\":957,\"caption\":\"Boutique One Piece\"},\"image\":{\"@id\":\"https:\\\/\\\/boutique-one-piece.com\\\/#\\\/schema\\\/logo\\\/image\\\/\"}}]}<\/script>\n<!-- \/ Yoast SEO plugin. -->","yoast_head_json":{"title":"Vogue Merry One Piece Figur | One Piece Shop","description":"Junger Pirat, es ist soweit! Schnapp dir diese One Piece Going Merry-Figur. Zur Erinnerung: Die Going Merry, oft liebevoll Merry genannt, war das erste Schiff der Strohhutbande. Mit der Zeit wurde sie von der Crew so sehr geliebt, dass sie buchst\u00e4blich zu ihrem Zuhause wurde.","robots":{"index":"index","follow":"follow","max-snippet":"max-snippet:-1","max-image-preview":"max-image-preview:large","max-video-preview":"max-video-preview:-1"},"canonical":"https:\/\/boutique-one-piece.com\/de\/one-piece-figuren\/one-piece-replika-vogue-merry\/","og_locale":"de_DE","og_type":"article","og_title":"Figurine Vogue Merry One Piece | Boutique One Piece","og_description":"Jeune pirate, le moment est venu pour toi de te procurer cette\u00a0Figurine One piece Vogue Merry. Pour rappel, Le Vogue Merry, souvent tendrement appel\u00e9 Merry, \u00e9tait le premier navire de L'\u00c9quipage du Chapeau de Paille. Au fil du temps, le navire se fait si aimer par l'\u00e9quipage en tant que maison qu'il s'est litt\u00e9ralement","og_url":"https:\/\/boutique-one-piece.com\/de\/one-piece-figuren\/one-piece-replika-vogue-merry\/","og_site_name":"Boutique One Piece","article_modified_time":"2024-09-16T11:58:32+00:00","og_image":[{"width":800,"height":800,"url":"https:\/\/boutique-one-piece.com\/wp-content\/uploads\/2022\/09\/Bateau-Vogue-Merry-1.jpg","type":"image\/jpeg"}],"twitter_card":"summary_large_image","twitter_misc":{"Gesch\u00e4tzte Lesezeit":"1\u00a0Minute"},"schema":{"@context":"https:\/\/schema.org","@graph":[{"@type":"WebPage","@id":"https:\/\/boutique-one-piece.com\/figurines-one-piece\/replique-one-piece-vogue-merry\/","url":"https:\/\/boutique-one-piece.com\/figurines-one-piece\/replique-one-piece-vogue-merry\/","name":"Vogue Merry One Piece Figur | One Piece Shop","isPartOf":{"@id":"https:\/\/boutique-one-piece.com\/#website"},"primaryImageOfPage":{"@id":"https:\/\/boutique-one-piece.com\/figurines-one-piece\/replique-one-piece-vogue-merry\/#primaryimage"},"image":{"@id":"https:\/\/boutique-one-piece.com\/figurines-one-piece\/replique-one-piece-vogue-merry\/#primaryimage"},"thumbnailUrl":"https:\/\/boutique-one-piece.com\/wp-content\/uploads\/2022\/09\/Bateau-Vogue-Merry-1.jpg","datePublished":"2022-09-27T20:32:36+00:00","dateModified":"2024-09-16T11:58:32+00:00","description":"Junger Pirat, es ist soweit! Schnapp dir diese One Piece Going Merry-Figur. Zur Erinnerung: Die Going Merry, oft liebevoll Merry genannt, war das erste Schiff der Strohhutbande. Mit der Zeit wurde sie von der Crew so sehr geliebt, dass sie buchst\u00e4blich zu ihrem Zuhause wurde.","breadcrumb":{"@id":"https:\/\/boutique-one-piece.com\/figurines-one-piece\/replique-one-piece-vogue-merry\/#breadcrumb"},"inLanguage":"de","potentialAction":[{"@type":"ReadAction","target":["https:\/\/boutique-one-piece.com\/figurines-one-piece\/replique-one-piece-vogue-merry\/"]}]},{"@type":"ImageObject","inLanguage":"de","@id":"https:\/\/boutique-one-piece.com\/figurines-one-piece\/replique-one-piece-vogue-merry\/#primaryimage","url":"https:\/\/boutique-one-piece.com\/wp-content\/uploads\/2022\/09\/Bateau-Vogue-Merry-1.jpg","contentUrl":"https:\/\/boutique-one-piece.com\/wp-content\/uploads\/2022\/09\/Bateau-Vogue-Merry-1.jpg","width":800,"height":800},{"@type":"BreadcrumbList","@id":"https:\/\/boutique-one-piece.com\/figurines-one-piece\/replique-one-piece-vogue-merry\/#breadcrumb","itemListElement":[{"@type":"ListItem","position":1,"name":"Home","item":"https:\/\/boutique-one-piece.com\/"},{"@type":"ListItem","position":2,"name":"Shop","item":"https:\/\/boutique-one-piece.com\/shop\/"},{"@type":"ListItem","position":3,"name":"Bateau Vogue Merry"}]},{"@type":"WebSite","@id":"https:\/\/boutique-one-piece.com\/#website","url":"https:\/\/boutique-one-piece.com\/","name":"One Piece Shop","description":"Fachgesch\u00e4ft f\u00fcr One Piece Manga und Anime","publisher":{"@id":"https:\/\/boutique-one-piece.com\/#organization"},"potentialAction":[{"@type":"SearchAction","target":{"@type":"EntryPoint","urlTemplate":"https:\/\/boutique-one-piece.com\/?s={search_term_string}"},"query-input":{"@type":"PropertyValueSpecification","valueRequired":true,"valueName":"search_term_string"}}],"inLanguage":"de"},{"@type":"Organization","@id":"https:\/\/boutique-one-piece.com\/#organization","name":"One Piece Shop","url":"https:\/\/boutique-one-piece.com\/","logo":{"@type":"ImageObject","inLanguage":"de","@id":"https:\/\/boutique-one-piece.com\/#\/schema\/logo\/image\/","url":"https:\/\/boutique-one-piece.com\/wp-content\/uploads\/2022\/09\/Logo-01.png","contentUrl":"https:\/\/boutique-one-piece.com\/wp-content\/uploads\/2022\/09\/Logo-01.png","width":2318,"height":957,"caption":"Boutique One Piece"},"image":{"@id":"https:\/\/boutique-one-piece.com\/#\/schema\/logo\/image\/"}}]}},"_links":{"self":[{"href":"https:\/\/boutique-one-piece.com\/de\/wp-json\/wp\/v2\/product\/10130","targetHints":{"allow":["GET"]}}],"collection":[{"href":"https:\/\/boutique-one-piece.com\/de\/wp-json\/wp\/v2\/product"}],"about":[{"href":"https:\/\/boutique-one-piece.com\/de\/wp-json\/wp\/v2\/types\/product"}],"replies":[{"embeddable":true,"href":"https:\/\/boutique-one-piece.com\/de\/wp-json\/wp\/v2\/comments?post=10130"}],"wp:featuredmedia":[{"embeddable":true,"href":"https:\/\/boutique-one-piece.com\/de\/wp-json\/wp\/v2\/media\/10132"}],"wp:attachment":[{"href":"https:\/\/boutique-one-piece.com\/de\/wp-json\/wp\/v2\/media?parent=10130"}],"wp:term":[{"taxonomy":"product_brand","embeddable":true,"href":"https:\/\/boutique-one-piece.com\/de\/wp-json\/wp\/v2\/product_brand?post=10130"},{"taxonomy":"product_cat","embeddable":true,"href":"https:\/\/boutique-one-piece.com\/de\/wp-json\/wp\/v2\/product_cat?post=10130"},{"taxonomy":"product_tag","embeddable":true,"href":"https:\/\/boutique-one-piece.com\/de\/wp-json\/wp\/v2\/product_tag?post=10130"}],"curies":[{"name":"wp","href":"https:\/\/api.w.org\/{rel}","templated":true}]}}