{"id":10203,"date":"2022-09-27T20:33:02","date_gmt":"2022-09-27T20:33:02","guid":{"rendered":"https:\/\/boutique-one-piece.com\/uncategorized\/chaussette-one-piece-kawaii-trafalgar-law\/"},"modified":"2024-09-16T12:00:24","modified_gmt":"2024-09-16T12:00:24","slug":"one-piece-kawaii-trafalgar-law-socken","status":"publish","type":"product","link":"https:\/\/boutique-one-piece.com\/de\/einteilige-schuhe\/einteilige-socken\/one-piece-kawaii-trafalgar-law-socken\/","title":{"rendered":"One Piece Kawaii Trafalgar Law Socken"},"content":{"rendered":"<ul>\n<li><span><b><u>Einteilige Socke<\/u><\/b>&nbsp;One Piece Universum Socken f\u00fcr echte Piraten<\/span><\/li>\n<\/ul>\n<ul>\n<li>\n<b>Gr\u00f6\u00dfe<\/b>&nbsp;: 35-42<\/li>\n<\/ul>\n<ul>\n<li><span><strong>KOSTENLOSE LIEFERUNG<\/strong><\/span><\/li>\n<\/ul>","protected":false},"excerpt":{"rendered":"<p>One Piece Socken: Socken aus dem One Piece-Universum f\u00fcr echte Piraten. Gr\u00f6\u00dfen: 35\u201342. Kostenloser Versand.<\/p>","protected":false},"featured_media":10205,"comment_status":"open","ping_status":"open","template":"","meta":[],"product_brand":[],"product_cat":[64],"product_tag":[],"class_list":{"0":"post-10203","1":"product","2":"type-product","3":"status-publish","4":"has-post-thumbnail","6":"product_cat-chaussettes-one-piece","8":"first","9":"outofstock","10":"purchasable","11":"product-type-simple"},"yoast_head":"<!-- This site is optimized with the Yoast SEO plugin v27.5 - https:\/\/yoast.com\/product\/yoast-seo-wordpress\/ -->\n<title>Chaussette One Piece Kawaii Trafalgar Law | Chaussette One Piece \u2013 Boutique One Piece<\/title>\n<meta name=\"description\" content=\"Chaussette One Piece\u00a0: chaussette de l&#039;univers One Piece pour les vrais pirates Taille\u00a0: 35-42 LIVRAISON OFFERTE\" \/>\n<meta name=\"robots\" content=\"index, follow, max-snippet:-1, max-image-preview:large, max-video-preview:-1\" \/>\n<link rel=\"canonical\" href=\"https:\/\/boutique-one-piece.com\/de\/einteilige-schuhe\/einteilige-socken\/one-piece-kawaii-trafalgar-law-socken\/\" \/>\n<meta property=\"og:locale\" content=\"de_DE\" \/>\n<meta property=\"og:type\" content=\"article\" \/>\n<meta property=\"og:title\" content=\"Chaussette One Piece Kawaii Trafalgar Law | Chaussette One Piece \u2013 Boutique One Piece\" \/>\n<meta property=\"og:description\" content=\"Chaussette One Piece\u00a0: chaussette de l&#039;univers One Piece pour les vrais pirates Taille\u00a0: 35-42 LIVRAISON OFFERTE\" \/>\n<meta property=\"og:url\" content=\"https:\/\/boutique-one-piece.com\/de\/einteilige-schuhe\/einteilige-socken\/one-piece-kawaii-trafalgar-law-socken\/\" \/>\n<meta property=\"og:site_name\" content=\"Boutique One Piece\" \/>\n<meta property=\"article:modified_time\" content=\"2024-09-16T12:00:24+00:00\" \/>\n<meta property=\"og:image\" content=\"https:\/\/boutique-one-piece.com\/wp-content\/uploads\/2022\/09\/Chaussette-One-Piece-Kawaii-Trafalgar-Law.jpg\" \/>\n\t<meta property=\"og:image:width\" content=\"640\" \/>\n\t<meta property=\"og:image:height\" content=\"640\" \/>\n\t<meta property=\"og:image:type\" content=\"image\/jpeg\" \/>\n<meta name=\"twitter:card\" content=\"summary_large_image\" \/>\n<meta name=\"twitter:label1\" content=\"Gesch\u00e4tzte Lesezeit\" \/>\n\t<meta name=\"twitter:data1\" content=\"1\u00a0Minute\" \/>\n<script type=\"application\/ld+json\" class=\"yoast-schema-graph\">{\"@context\":\"https:\\\/\\\/schema.org\",\"@graph\":[{\"@type\":\"WebPage\",\"@id\":\"https:\\\/\\\/boutique-one-piece.com\\\/chaussures-one-piece\\\/chaussettes-one-piece\\\/chaussette-one-piece-kawaii-trafalgar-law\\\/\",\"url\":\"https:\\\/\\\/boutique-one-piece.com\\\/chaussures-one-piece\\\/chaussettes-one-piece\\\/chaussette-one-piece-kawaii-trafalgar-law\\\/\",\"name\":\"Chaussette One Piece Kawaii Trafalgar Law | Chaussette One Piece \u2013 Boutique One Piece\",\"isPartOf\":{\"@id\":\"https:\\\/\\\/boutique-one-piece.com\\\/#website\"},\"primaryImageOfPage\":{\"@id\":\"https:\\\/\\\/boutique-one-piece.com\\\/chaussures-one-piece\\\/chaussettes-one-piece\\\/chaussette-one-piece-kawaii-trafalgar-law\\\/#primaryimage\"},\"image\":{\"@id\":\"https:\\\/\\\/boutique-one-piece.com\\\/chaussures-one-piece\\\/chaussettes-one-piece\\\/chaussette-one-piece-kawaii-trafalgar-law\\\/#primaryimage\"},\"thumbnailUrl\":\"https:\\\/\\\/boutique-one-piece.com\\\/wp-content\\\/uploads\\\/2022\\\/09\\\/Chaussette-One-Piece-Kawaii-Trafalgar-Law.jpg\",\"datePublished\":\"2022-09-27T20:33:02+00:00\",\"dateModified\":\"2024-09-16T12:00:24+00:00\",\"description\":\"Chaussette One Piece\u00a0: chaussette de l'univers One Piece pour les vrais pirates Taille\u00a0: 35-42 LIVRAISON OFFERTE\",\"breadcrumb\":{\"@id\":\"https:\\\/\\\/boutique-one-piece.com\\\/chaussures-one-piece\\\/chaussettes-one-piece\\\/chaussette-one-piece-kawaii-trafalgar-law\\\/#breadcrumb\"},\"inLanguage\":\"de\",\"potentialAction\":[{\"@type\":\"ReadAction\",\"target\":[\"https:\\\/\\\/boutique-one-piece.com\\\/chaussures-one-piece\\\/chaussettes-one-piece\\\/chaussette-one-piece-kawaii-trafalgar-law\\\/\"]}]},{\"@type\":\"ImageObject\",\"inLanguage\":\"de\",\"@id\":\"https:\\\/\\\/boutique-one-piece.com\\\/chaussures-one-piece\\\/chaussettes-one-piece\\\/chaussette-one-piece-kawaii-trafalgar-law\\\/#primaryimage\",\"url\":\"https:\\\/\\\/boutique-one-piece.com\\\/wp-content\\\/uploads\\\/2022\\\/09\\\/Chaussette-One-Piece-Kawaii-Trafalgar-Law.jpg\",\"contentUrl\":\"https:\\\/\\\/boutique-one-piece.com\\\/wp-content\\\/uploads\\\/2022\\\/09\\\/Chaussette-One-Piece-Kawaii-Trafalgar-Law.jpg\",\"width\":640,\"height\":640,\"caption\":\"Chaussette One Piece Kawaii Trafalgar Law Default Title\"},{\"@type\":\"BreadcrumbList\",\"@id\":\"https:\\\/\\\/boutique-one-piece.com\\\/chaussures-one-piece\\\/chaussettes-one-piece\\\/chaussette-one-piece-kawaii-trafalgar-law\\\/#breadcrumb\",\"itemListElement\":[{\"@type\":\"ListItem\",\"position\":1,\"name\":\"Home\",\"item\":\"https:\\\/\\\/boutique-one-piece.com\\\/\"},{\"@type\":\"ListItem\",\"position\":2,\"name\":\"Shop\",\"item\":\"https:\\\/\\\/boutique-one-piece.com\\\/shop\\\/\"},{\"@type\":\"ListItem\",\"position\":3,\"name\":\"Chaussette One Piece Kawaii Trafalgar Law\"}]},{\"@type\":\"WebSite\",\"@id\":\"https:\\\/\\\/boutique-one-piece.com\\\/#website\",\"url\":\"https:\\\/\\\/boutique-one-piece.com\\\/\",\"name\":\"Boutique One Piece\",\"description\":\"Magasin Sp\u00e9cialis\u00e9 du Manga et l&#039;Anime One Piece\",\"publisher\":{\"@id\":\"https:\\\/\\\/boutique-one-piece.com\\\/#organization\"},\"potentialAction\":[{\"@type\":\"SearchAction\",\"target\":{\"@type\":\"EntryPoint\",\"urlTemplate\":\"https:\\\/\\\/boutique-one-piece.com\\\/?s={search_term_string}\"},\"query-input\":{\"@type\":\"PropertyValueSpecification\",\"valueRequired\":true,\"valueName\":\"search_term_string\"}}],\"inLanguage\":\"de\"},{\"@type\":\"Organization\",\"@id\":\"https:\\\/\\\/boutique-one-piece.com\\\/#organization\",\"name\":\"Boutique One Piece\",\"url\":\"https:\\\/\\\/boutique-one-piece.com\\\/\",\"logo\":{\"@type\":\"ImageObject\",\"inLanguage\":\"de\",\"@id\":\"https:\\\/\\\/boutique-one-piece.com\\\/#\\\/schema\\\/logo\\\/image\\\/\",\"url\":\"https:\\\/\\\/boutique-one-piece.com\\\/wp-content\\\/uploads\\\/2022\\\/09\\\/Logo-01.png\",\"contentUrl\":\"https:\\\/\\\/boutique-one-piece.com\\\/wp-content\\\/uploads\\\/2022\\\/09\\\/Logo-01.png\",\"width\":2318,\"height\":957,\"caption\":\"Boutique One Piece\"},\"image\":{\"@id\":\"https:\\\/\\\/boutique-one-piece.com\\\/#\\\/schema\\\/logo\\\/image\\\/\"}}]}<\/script>\n<!-- \/ Yoast SEO plugin. -->","yoast_head_json":{"title":"One Piece Kawaii Trafalgar Law Socke | One Piece Socke \u2013 One Piece Shop","description":"One Piece Socken: Socken aus dem One Piece-Universum f\u00fcr echte Piraten. Gr\u00f6\u00dfen: 35\u201342. Kostenloser Versand.","robots":{"index":"index","follow":"follow","max-snippet":"max-snippet:-1","max-image-preview":"max-image-preview:large","max-video-preview":"max-video-preview:-1"},"canonical":"https:\/\/boutique-one-piece.com\/de\/einteilige-schuhe\/einteilige-socken\/one-piece-kawaii-trafalgar-law-socken\/","og_locale":"de_DE","og_type":"article","og_title":"Chaussette One Piece Kawaii Trafalgar Law | Chaussette One Piece \u2013 Boutique One Piece","og_description":"Chaussette One Piece\u00a0: chaussette de l'univers One Piece pour les vrais pirates Taille\u00a0: 35-42 LIVRAISON OFFERTE","og_url":"https:\/\/boutique-one-piece.com\/de\/einteilige-schuhe\/einteilige-socken\/one-piece-kawaii-trafalgar-law-socken\/","og_site_name":"Boutique One Piece","article_modified_time":"2024-09-16T12:00:24+00:00","og_image":[{"width":640,"height":640,"url":"https:\/\/boutique-one-piece.com\/wp-content\/uploads\/2022\/09\/Chaussette-One-Piece-Kawaii-Trafalgar-Law.jpg","type":"image\/jpeg"}],"twitter_card":"summary_large_image","twitter_misc":{"Gesch\u00e4tzte Lesezeit":"1\u00a0Minute"},"schema":{"@context":"https:\/\/schema.org","@graph":[{"@type":"WebPage","@id":"https:\/\/boutique-one-piece.com\/chaussures-one-piece\/chaussettes-one-piece\/chaussette-one-piece-kawaii-trafalgar-law\/","url":"https:\/\/boutique-one-piece.com\/chaussures-one-piece\/chaussettes-one-piece\/chaussette-one-piece-kawaii-trafalgar-law\/","name":"One Piece Kawaii Trafalgar Law Socke | One Piece Socke \u2013 One Piece Shop","isPartOf":{"@id":"https:\/\/boutique-one-piece.com\/#website"},"primaryImageOfPage":{"@id":"https:\/\/boutique-one-piece.com\/chaussures-one-piece\/chaussettes-one-piece\/chaussette-one-piece-kawaii-trafalgar-law\/#primaryimage"},"image":{"@id":"https:\/\/boutique-one-piece.com\/chaussures-one-piece\/chaussettes-one-piece\/chaussette-one-piece-kawaii-trafalgar-law\/#primaryimage"},"thumbnailUrl":"https:\/\/boutique-one-piece.com\/wp-content\/uploads\/2022\/09\/Chaussette-One-Piece-Kawaii-Trafalgar-Law.jpg","datePublished":"2022-09-27T20:33:02+00:00","dateModified":"2024-09-16T12:00:24+00:00","description":"One Piece Socken: Socken aus dem One Piece-Universum f\u00fcr echte Piraten. Gr\u00f6\u00dfen: 35\u201342. Kostenloser Versand.","breadcrumb":{"@id":"https:\/\/boutique-one-piece.com\/chaussures-one-piece\/chaussettes-one-piece\/chaussette-one-piece-kawaii-trafalgar-law\/#breadcrumb"},"inLanguage":"de","potentialAction":[{"@type":"ReadAction","target":["https:\/\/boutique-one-piece.com\/chaussures-one-piece\/chaussettes-one-piece\/chaussette-one-piece-kawaii-trafalgar-law\/"]}]},{"@type":"ImageObject","inLanguage":"de","@id":"https:\/\/boutique-one-piece.com\/chaussures-one-piece\/chaussettes-one-piece\/chaussette-one-piece-kawaii-trafalgar-law\/#primaryimage","url":"https:\/\/boutique-one-piece.com\/wp-content\/uploads\/2022\/09\/Chaussette-One-Piece-Kawaii-Trafalgar-Law.jpg","contentUrl":"https:\/\/boutique-one-piece.com\/wp-content\/uploads\/2022\/09\/Chaussette-One-Piece-Kawaii-Trafalgar-Law.jpg","width":640,"height":640,"caption":"Chaussette One Piece Kawaii Trafalgar Law Default Title"},{"@type":"BreadcrumbList","@id":"https:\/\/boutique-one-piece.com\/chaussures-one-piece\/chaussettes-one-piece\/chaussette-one-piece-kawaii-trafalgar-law\/#breadcrumb","itemListElement":[{"@type":"ListItem","position":1,"name":"Home","item":"https:\/\/boutique-one-piece.com\/"},{"@type":"ListItem","position":2,"name":"Shop","item":"https:\/\/boutique-one-piece.com\/shop\/"},{"@type":"ListItem","position":3,"name":"Chaussette One Piece Kawaii Trafalgar Law"}]},{"@type":"WebSite","@id":"https:\/\/boutique-one-piece.com\/#website","url":"https:\/\/boutique-one-piece.com\/","name":"One Piece Shop","description":"Fachgesch\u00e4ft f\u00fcr One Piece Manga und Anime","publisher":{"@id":"https:\/\/boutique-one-piece.com\/#organization"},"potentialAction":[{"@type":"SearchAction","target":{"@type":"EntryPoint","urlTemplate":"https:\/\/boutique-one-piece.com\/?s={search_term_string}"},"query-input":{"@type":"PropertyValueSpecification","valueRequired":true,"valueName":"search_term_string"}}],"inLanguage":"de"},{"@type":"Organization","@id":"https:\/\/boutique-one-piece.com\/#organization","name":"One Piece Shop","url":"https:\/\/boutique-one-piece.com\/","logo":{"@type":"ImageObject","inLanguage":"de","@id":"https:\/\/boutique-one-piece.com\/#\/schema\/logo\/image\/","url":"https:\/\/boutique-one-piece.com\/wp-content\/uploads\/2022\/09\/Logo-01.png","contentUrl":"https:\/\/boutique-one-piece.com\/wp-content\/uploads\/2022\/09\/Logo-01.png","width":2318,"height":957,"caption":"Boutique One Piece"},"image":{"@id":"https:\/\/boutique-one-piece.com\/#\/schema\/logo\/image\/"}}]}},"_links":{"self":[{"href":"https:\/\/boutique-one-piece.com\/de\/wp-json\/wp\/v2\/product\/10203","targetHints":{"allow":["GET"]}}],"collection":[{"href":"https:\/\/boutique-one-piece.com\/de\/wp-json\/wp\/v2\/product"}],"about":[{"href":"https:\/\/boutique-one-piece.com\/de\/wp-json\/wp\/v2\/types\/product"}],"replies":[{"embeddable":true,"href":"https:\/\/boutique-one-piece.com\/de\/wp-json\/wp\/v2\/comments?post=10203"}],"wp:featuredmedia":[{"embeddable":true,"href":"https:\/\/boutique-one-piece.com\/de\/wp-json\/wp\/v2\/media\/10205"}],"wp:attachment":[{"href":"https:\/\/boutique-one-piece.com\/de\/wp-json\/wp\/v2\/media?parent=10203"}],"wp:term":[{"taxonomy":"product_brand","embeddable":true,"href":"https:\/\/boutique-one-piece.com\/de\/wp-json\/wp\/v2\/product_brand?post=10203"},{"taxonomy":"product_cat","embeddable":true,"href":"https:\/\/boutique-one-piece.com\/de\/wp-json\/wp\/v2\/product_cat?post=10203"},{"taxonomy":"product_tag","embeddable":true,"href":"https:\/\/boutique-one-piece.com\/de\/wp-json\/wp\/v2\/product_tag?post=10203"}],"curies":[{"name":"wp","href":"https:\/\/api.w.org\/{rel}","templated":true}]}}