{"id":10257,"date":"2022-09-27T20:33:22","date_gmt":"2022-09-27T20:33:22","guid":{"rendered":"https:\/\/boutique-one-piece.com\/uncategorized\/figurine-one-piece-charlotte-katakuri\/"},"modified":"2024-09-16T12:01:43","modified_gmt":"2024-09-16T12:01:43","slug":"charlotte-katakuri-one-piece-figur","status":"publish","type":"product","link":"https:\/\/boutique-one-piece.com\/de\/one-piece-figuren\/charlotte-katakuri-one-piece-figur\/","title":{"rendered":"One Piece Charlotte Katakuri Figur"},"content":{"rendered":"<h2>Junger Pirat, es ist an der Zeit, dass du dir diese One Piece Charlotte Katakuri Figur holst.<\/h2>\n<p>Hier ist, was Sie \u00fcber ihn wissen m\u00fcssen; ; <strong>Charlotte Katakuri<\/strong> est le 2e fils et le 3e enfant de la Famille Charlotte. C\u2019est aussi un des tripl\u00e9s n\u00e9s en m\u00eame temps qu\u2019Oven et Daifuku. Il est l\u2019un des trois Sweet Commanders de l\u2019\u00c9quipage de <strong>Big Mom<\/strong>, ainsi que le Ministre de la Farine gouvernant l\u2019\u00eele du Bl\u00e9.<\/p>\n<p>Petite parenth\u00e8se concernant Big Mom, aussi connue sous le nom de Charlotte Linlin, c\u2019est la capitaine de l\u2019\u00e9quipage de Big Mom et le seul membre f\u00e9minin des <strong>Vier Kaiser<\/strong>. Elle est la matriarche de la Famille Charlotte, qui constitue l\u2019infrastructure de son \u00e9quipage. D\u2019ailleurs, si tu souhaites agrandir ta collection de figurine, la <a title=\"ONE PIECE BIG MOM AUF IHREM THRON FIGUR\" href=\"https:\/\/boutique-one-piece.com\/de\/one-piece-big-mom-figur-auf-ihrem-thron-26-cm\/\" target=\"_blank\" rel=\"noopener\">Big Mom-Figur auf ihrem Thron<\/a> ist in Ihrer Reichweite.<\/p>\n<h3>Alors, conquis par la figurine de Charlotte Katakuri ? Si tel est le cas, n\u2019h\u00e9site plus et saute sur l\u2019occasion de rejoindre l\u2019Equipage de Big Mom.<\/h3>\n<p>Ob eingefleischter Fan oder erfahrener Sammler \u2013 diese Artikel sind genau das Richtige f\u00fcr Sie. Sie eignen sich perfekt zum Verschenken, Sammeln oder Dekorieren und werden Ihre Sammlung bereichern. <strong>dein One Piece Universum<\/strong>. Nimm dein Schicksal selbst in die Hand, junger Pirat, und begib dich auf die Suche nach dem\/der\/dem <strong>One Piece-Schatz<\/strong>.<\/p>\n<h2>Informationen zur Charlotte Katakuri Figur\u00a0<\/h2>\n<ul>\n<li><span><b><u>One Piece Figur<\/u><\/b>\u00a0: Figurine\u00a0 premium de l\u2019univers One Piece pour les vrais pirates<\/span><\/li>\n<\/ul>\n<ul>\n<li>\n<b>Gegenstand<\/b><span>\u00a0<\/span>PVC<\/li>\n<\/ul>\n<ul>\n<li><span><strong>Dimension<\/strong>\u00a022 cm<\/span><\/li>\n<\/ul>\n<ul>\n<li><span><strong>KOSTENLOSE LIEFERUNG<\/strong><\/span><\/li>\n<\/ul>","protected":false},"excerpt":{"rendered":"<p>Jeune pirate, le moment est venu pour toi de te procurer cette Figurine One Piece Charlotte Katakuri. Voici ce que tu dois savoir \u00e0 son sujet ; Charlotte Katakuri est le 2e fils et le 3e enfant de la Famille Charlotte. C\u2019est aussi un des tripl\u00e9s n\u00e9s en m\u00eame temps qu\u2019Oven et Daifuku. Il est [&hellip;]<\/p>","protected":false},"featured_media":10259,"comment_status":"open","ping_status":"open","template":"","meta":[],"product_brand":[],"product_cat":[76],"product_tag":[330],"class_list":{"0":"post-10257","1":"product","2":"type-product","3":"status-publish","4":"has-post-thumbnail","6":"product_cat-figurines-one-piece","7":"product_tag-katakuri","9":"first","10":"instock","11":"purchasable","12":"product-type-simple"},"yoast_head":"<!-- This site is optimized with the Yoast SEO plugin v27.5 - https:\/\/yoast.com\/product\/yoast-seo-wordpress\/ -->\n<title>Figurine One Piece Charlotte Katakuri | Figurine One Piece \u2013 Boutique One Piece<\/title>\n<meta name=\"description\" content=\"Jeune pirate, le moment est venu pour toi de te procurer cette Figurine One Piece Charlotte Katakuri. Voici ce que tu dois savoir \u00e0 son sujet ; Charlotte Katakuri est le 2e fils et le 3e enfant de la Famille Charlotte. C&#039;est aussi un des tripl\u00e9s n\u00e9s en m\u00eame temps qu&#039;Oven et Daifuku. Il est l&#039;un des trois Sweet Commande\" \/>\n<meta name=\"robots\" content=\"index, follow, max-snippet:-1, max-image-preview:large, max-video-preview:-1\" \/>\n<link rel=\"canonical\" href=\"https:\/\/boutique-one-piece.com\/de\/one-piece-figuren\/charlotte-katakuri-one-piece-figur\/\" \/>\n<meta property=\"og:locale\" content=\"de_DE\" \/>\n<meta property=\"og:type\" content=\"article\" \/>\n<meta property=\"og:title\" content=\"Figurine One Piece Charlotte Katakuri | Figurine One Piece \u2013 Boutique One Piece\" \/>\n<meta property=\"og:description\" content=\"Jeune pirate, le moment est venu pour toi de te procurer cette Figurine One Piece Charlotte Katakuri. Voici ce que tu dois savoir \u00e0 son sujet ; Charlotte Katakuri est le 2e fils et le 3e enfant de la Famille Charlotte. C&#039;est aussi un des tripl\u00e9s n\u00e9s en m\u00eame temps qu&#039;Oven et Daifuku. Il est l&#039;un des trois Sweet Commande\" \/>\n<meta property=\"og:url\" content=\"https:\/\/boutique-one-piece.com\/de\/one-piece-figuren\/charlotte-katakuri-one-piece-figur\/\" \/>\n<meta property=\"og:site_name\" content=\"Boutique One Piece\" \/>\n<meta property=\"article:modified_time\" content=\"2024-09-16T12:01:43+00:00\" \/>\n<meta property=\"og:image\" content=\"https:\/\/boutique-one-piece.com\/wp-content\/uploads\/2022\/09\/Figurine-One-Piece-Charlotte-Katakuri-1.jpg\" \/>\n\t<meta property=\"og:image:width\" content=\"600\" \/>\n\t<meta property=\"og:image:height\" content=\"600\" \/>\n\t<meta property=\"og:image:type\" content=\"image\/jpeg\" \/>\n<meta name=\"twitter:card\" content=\"summary_large_image\" \/>\n<meta name=\"twitter:label1\" content=\"Gesch\u00e4tzte Lesezeit\" \/>\n\t<meta name=\"twitter:data1\" content=\"1\u00a0Minute\" \/>\n<script type=\"application\/ld+json\" class=\"yoast-schema-graph\">{\"@context\":\"https:\\\/\\\/schema.org\",\"@graph\":[{\"@type\":\"WebPage\",\"@id\":\"https:\\\/\\\/boutique-one-piece.com\\\/figurines-one-piece\\\/figurine-one-piece-charlotte-katakuri\\\/\",\"url\":\"https:\\\/\\\/boutique-one-piece.com\\\/figurines-one-piece\\\/figurine-one-piece-charlotte-katakuri\\\/\",\"name\":\"Figurine One Piece Charlotte Katakuri | Figurine One Piece \u2013 Boutique One Piece\",\"isPartOf\":{\"@id\":\"https:\\\/\\\/boutique-one-piece.com\\\/#website\"},\"primaryImageOfPage\":{\"@id\":\"https:\\\/\\\/boutique-one-piece.com\\\/figurines-one-piece\\\/figurine-one-piece-charlotte-katakuri\\\/#primaryimage\"},\"image\":{\"@id\":\"https:\\\/\\\/boutique-one-piece.com\\\/figurines-one-piece\\\/figurine-one-piece-charlotte-katakuri\\\/#primaryimage\"},\"thumbnailUrl\":\"https:\\\/\\\/boutique-one-piece.com\\\/wp-content\\\/uploads\\\/2022\\\/09\\\/Figurine-One-Piece-Charlotte-Katakuri-1.jpg\",\"datePublished\":\"2022-09-27T20:33:22+00:00\",\"dateModified\":\"2024-09-16T12:01:43+00:00\",\"description\":\"Jeune pirate, le moment est venu pour toi de te procurer cette Figurine One Piece Charlotte Katakuri. Voici ce que tu dois savoir \u00e0 son sujet ; Charlotte Katakuri est le 2e fils et le 3e enfant de la Famille Charlotte. C'est aussi un des tripl\u00e9s n\u00e9s en m\u00eame temps qu'Oven et Daifuku. Il est l'un des trois Sweet Commande\",\"breadcrumb\":{\"@id\":\"https:\\\/\\\/boutique-one-piece.com\\\/figurines-one-piece\\\/figurine-one-piece-charlotte-katakuri\\\/#breadcrumb\"},\"inLanguage\":\"de\",\"potentialAction\":[{\"@type\":\"ReadAction\",\"target\":[\"https:\\\/\\\/boutique-one-piece.com\\\/figurines-one-piece\\\/figurine-one-piece-charlotte-katakuri\\\/\"]}]},{\"@type\":\"ImageObject\",\"inLanguage\":\"de\",\"@id\":\"https:\\\/\\\/boutique-one-piece.com\\\/figurines-one-piece\\\/figurine-one-piece-charlotte-katakuri\\\/#primaryimage\",\"url\":\"https:\\\/\\\/boutique-one-piece.com\\\/wp-content\\\/uploads\\\/2022\\\/09\\\/Figurine-One-Piece-Charlotte-Katakuri-1.jpg\",\"contentUrl\":\"https:\\\/\\\/boutique-one-piece.com\\\/wp-content\\\/uploads\\\/2022\\\/09\\\/Figurine-One-Piece-Charlotte-Katakuri-1.jpg\",\"width\":600,\"height\":600},{\"@type\":\"BreadcrumbList\",\"@id\":\"https:\\\/\\\/boutique-one-piece.com\\\/figurines-one-piece\\\/figurine-one-piece-charlotte-katakuri\\\/#breadcrumb\",\"itemListElement\":[{\"@type\":\"ListItem\",\"position\":1,\"name\":\"Home\",\"item\":\"https:\\\/\\\/boutique-one-piece.com\\\/\"},{\"@type\":\"ListItem\",\"position\":2,\"name\":\"Shop\",\"item\":\"https:\\\/\\\/boutique-one-piece.com\\\/shop\\\/\"},{\"@type\":\"ListItem\",\"position\":3,\"name\":\"Figurine One Piece Charlotte Katakuri\"}]},{\"@type\":\"WebSite\",\"@id\":\"https:\\\/\\\/boutique-one-piece.com\\\/#website\",\"url\":\"https:\\\/\\\/boutique-one-piece.com\\\/\",\"name\":\"Boutique One Piece\",\"description\":\"Magasin Sp\u00e9cialis\u00e9 du Manga et l&#039;Anime One Piece\",\"publisher\":{\"@id\":\"https:\\\/\\\/boutique-one-piece.com\\\/#organization\"},\"potentialAction\":[{\"@type\":\"SearchAction\",\"target\":{\"@type\":\"EntryPoint\",\"urlTemplate\":\"https:\\\/\\\/boutique-one-piece.com\\\/?s={search_term_string}\"},\"query-input\":{\"@type\":\"PropertyValueSpecification\",\"valueRequired\":true,\"valueName\":\"search_term_string\"}}],\"inLanguage\":\"de\"},{\"@type\":\"Organization\",\"@id\":\"https:\\\/\\\/boutique-one-piece.com\\\/#organization\",\"name\":\"Boutique One Piece\",\"url\":\"https:\\\/\\\/boutique-one-piece.com\\\/\",\"logo\":{\"@type\":\"ImageObject\",\"inLanguage\":\"de\",\"@id\":\"https:\\\/\\\/boutique-one-piece.com\\\/#\\\/schema\\\/logo\\\/image\\\/\",\"url\":\"https:\\\/\\\/boutique-one-piece.com\\\/wp-content\\\/uploads\\\/2022\\\/09\\\/Logo-01.png\",\"contentUrl\":\"https:\\\/\\\/boutique-one-piece.com\\\/wp-content\\\/uploads\\\/2022\\\/09\\\/Logo-01.png\",\"width\":2318,\"height\":957,\"caption\":\"Boutique One Piece\"},\"image\":{\"@id\":\"https:\\\/\\\/boutique-one-piece.com\\\/#\\\/schema\\\/logo\\\/image\\\/\"}}]}<\/script>\n<!-- \/ Yoast SEO plugin. -->","yoast_head_json":{"title":"One Piece Charlotte Katakuri Figur | One Piece Figur \u2013 One Piece Shop","description":"Junger Pirat, es ist soweit! Schnapp dir diese One Piece Charlotte Katakuri Figur. Hier sind alle Infos zu ihr: Charlotte Katakuri ist der zweite Sohn und das dritte Kind der Charlotte-Familie. Sie ist au\u00dferdem eine der Drillinge, die gleichzeitig mit Oven und Daifuku geboren wurden. Sie geh\u00f6rt zu den drei S\u00fc\u00dfen Geboten.","robots":{"index":"index","follow":"follow","max-snippet":"max-snippet:-1","max-image-preview":"max-image-preview:large","max-video-preview":"max-video-preview:-1"},"canonical":"https:\/\/boutique-one-piece.com\/de\/one-piece-figuren\/charlotte-katakuri-one-piece-figur\/","og_locale":"de_DE","og_type":"article","og_title":"Figurine One Piece Charlotte Katakuri | Figurine One Piece \u2013 Boutique One Piece","og_description":"Jeune pirate, le moment est venu pour toi de te procurer cette Figurine One Piece Charlotte Katakuri. Voici ce que tu dois savoir \u00e0 son sujet ; Charlotte Katakuri est le 2e fils et le 3e enfant de la Famille Charlotte. C'est aussi un des tripl\u00e9s n\u00e9s en m\u00eame temps qu'Oven et Daifuku. Il est l'un des trois Sweet Commande","og_url":"https:\/\/boutique-one-piece.com\/de\/one-piece-figuren\/charlotte-katakuri-one-piece-figur\/","og_site_name":"Boutique One Piece","article_modified_time":"2024-09-16T12:01:43+00:00","og_image":[{"width":600,"height":600,"url":"https:\/\/boutique-one-piece.com\/wp-content\/uploads\/2022\/09\/Figurine-One-Piece-Charlotte-Katakuri-1.jpg","type":"image\/jpeg"}],"twitter_card":"summary_large_image","twitter_misc":{"Gesch\u00e4tzte Lesezeit":"1\u00a0Minute"},"schema":{"@context":"https:\/\/schema.org","@graph":[{"@type":"WebPage","@id":"https:\/\/boutique-one-piece.com\/figurines-one-piece\/figurine-one-piece-charlotte-katakuri\/","url":"https:\/\/boutique-one-piece.com\/figurines-one-piece\/figurine-one-piece-charlotte-katakuri\/","name":"One Piece Charlotte Katakuri Figur | One Piece Figur \u2013 One Piece Shop","isPartOf":{"@id":"https:\/\/boutique-one-piece.com\/#website"},"primaryImageOfPage":{"@id":"https:\/\/boutique-one-piece.com\/figurines-one-piece\/figurine-one-piece-charlotte-katakuri\/#primaryimage"},"image":{"@id":"https:\/\/boutique-one-piece.com\/figurines-one-piece\/figurine-one-piece-charlotte-katakuri\/#primaryimage"},"thumbnailUrl":"https:\/\/boutique-one-piece.com\/wp-content\/uploads\/2022\/09\/Figurine-One-Piece-Charlotte-Katakuri-1.jpg","datePublished":"2022-09-27T20:33:22+00:00","dateModified":"2024-09-16T12:01:43+00:00","description":"Junger Pirat, es ist soweit! Schnapp dir diese One Piece Charlotte Katakuri Figur. Hier sind alle Infos zu ihr: Charlotte Katakuri ist der zweite Sohn und das dritte Kind der Charlotte-Familie. Sie ist au\u00dferdem eine der Drillinge, die gleichzeitig mit Oven und Daifuku geboren wurden. Sie geh\u00f6rt zu den drei S\u00fc\u00dfen Geboten.","breadcrumb":{"@id":"https:\/\/boutique-one-piece.com\/figurines-one-piece\/figurine-one-piece-charlotte-katakuri\/#breadcrumb"},"inLanguage":"de","potentialAction":[{"@type":"ReadAction","target":["https:\/\/boutique-one-piece.com\/figurines-one-piece\/figurine-one-piece-charlotte-katakuri\/"]}]},{"@type":"ImageObject","inLanguage":"de","@id":"https:\/\/boutique-one-piece.com\/figurines-one-piece\/figurine-one-piece-charlotte-katakuri\/#primaryimage","url":"https:\/\/boutique-one-piece.com\/wp-content\/uploads\/2022\/09\/Figurine-One-Piece-Charlotte-Katakuri-1.jpg","contentUrl":"https:\/\/boutique-one-piece.com\/wp-content\/uploads\/2022\/09\/Figurine-One-Piece-Charlotte-Katakuri-1.jpg","width":600,"height":600},{"@type":"BreadcrumbList","@id":"https:\/\/boutique-one-piece.com\/figurines-one-piece\/figurine-one-piece-charlotte-katakuri\/#breadcrumb","itemListElement":[{"@type":"ListItem","position":1,"name":"Home","item":"https:\/\/boutique-one-piece.com\/"},{"@type":"ListItem","position":2,"name":"Shop","item":"https:\/\/boutique-one-piece.com\/shop\/"},{"@type":"ListItem","position":3,"name":"Figurine One Piece Charlotte Katakuri"}]},{"@type":"WebSite","@id":"https:\/\/boutique-one-piece.com\/#website","url":"https:\/\/boutique-one-piece.com\/","name":"One Piece Shop","description":"Fachgesch\u00e4ft f\u00fcr One Piece Manga und Anime","publisher":{"@id":"https:\/\/boutique-one-piece.com\/#organization"},"potentialAction":[{"@type":"SearchAction","target":{"@type":"EntryPoint","urlTemplate":"https:\/\/boutique-one-piece.com\/?s={search_term_string}"},"query-input":{"@type":"PropertyValueSpecification","valueRequired":true,"valueName":"search_term_string"}}],"inLanguage":"de"},{"@type":"Organization","@id":"https:\/\/boutique-one-piece.com\/#organization","name":"One Piece Shop","url":"https:\/\/boutique-one-piece.com\/","logo":{"@type":"ImageObject","inLanguage":"de","@id":"https:\/\/boutique-one-piece.com\/#\/schema\/logo\/image\/","url":"https:\/\/boutique-one-piece.com\/wp-content\/uploads\/2022\/09\/Logo-01.png","contentUrl":"https:\/\/boutique-one-piece.com\/wp-content\/uploads\/2022\/09\/Logo-01.png","width":2318,"height":957,"caption":"Boutique One Piece"},"image":{"@id":"https:\/\/boutique-one-piece.com\/#\/schema\/logo\/image\/"}}]}},"_links":{"self":[{"href":"https:\/\/boutique-one-piece.com\/de\/wp-json\/wp\/v2\/product\/10257","targetHints":{"allow":["GET"]}}],"collection":[{"href":"https:\/\/boutique-one-piece.com\/de\/wp-json\/wp\/v2\/product"}],"about":[{"href":"https:\/\/boutique-one-piece.com\/de\/wp-json\/wp\/v2\/types\/product"}],"replies":[{"embeddable":true,"href":"https:\/\/boutique-one-piece.com\/de\/wp-json\/wp\/v2\/comments?post=10257"}],"wp:featuredmedia":[{"embeddable":true,"href":"https:\/\/boutique-one-piece.com\/de\/wp-json\/wp\/v2\/media\/10259"}],"wp:attachment":[{"href":"https:\/\/boutique-one-piece.com\/de\/wp-json\/wp\/v2\/media?parent=10257"}],"wp:term":[{"taxonomy":"product_brand","embeddable":true,"href":"https:\/\/boutique-one-piece.com\/de\/wp-json\/wp\/v2\/product_brand?post=10257"},{"taxonomy":"product_cat","embeddable":true,"href":"https:\/\/boutique-one-piece.com\/de\/wp-json\/wp\/v2\/product_cat?post=10257"},{"taxonomy":"product_tag","embeddable":true,"href":"https:\/\/boutique-one-piece.com\/de\/wp-json\/wp\/v2\/product_tag?post=10257"}],"curies":[{"name":"wp","href":"https:\/\/api.w.org\/{rel}","templated":true}]}}