{"id":10541,"date":"2022-09-27T20:34:57","date_gmt":"2022-09-27T20:34:57","guid":{"rendered":"https:\/\/boutique-one-piece.com\/uncategorized\/drapeau-usopp\/"},"modified":"2024-09-16T12:08:27","modified_gmt":"2024-09-16T12:08:27","slug":"usopp-flagge","status":"publish","type":"product","link":"https:\/\/boutique-one-piece.com\/de\/one-piece-fanartikel\/one-piece-usopp-fanartikel\/usopp-flagge\/","title":{"rendered":"Usopp-Flagge"},"content":{"rendered":"<h2>Junger Matrose, diese Usopp-Flagge geh\u00f6rt dir.<\/h2>\n<p>Voici ce que tu dois savoir \u00e0 propos d\u2019Usopp ; <strong>Usopp<\/strong>, \u00e9galement nomm\u00e9 Pipo dans les anciennes \u00e9ditions de Gl\u00e9nat du manga, est un membre de L\u2019\u00c9quipage du Chapeau de Paille. Il occupe<strong> le poste de Tireur d\u2019\u00c9lite<\/strong> et est originaire du Village de Sirop. Bien que n\u2019\u00e9tant pas Charpentier Naval, il s\u2019occupait \u00e9galement de r\u00e9parer le <strong>Vogue Merry<\/strong> (deren L\u00f6cher er mit allem stopfte, was er gerade zur Hand hatte).<\/p>\n<p>Il est ensuite remplac\u00e9 par Franky, lorsque ce dernier et le Thousand Sunny rejoignirent l\u2019\u00e9quipage, pour ce qui est de l\u2019entretien du navire. D\u2019ailleurs, si tu souhaites agrandir ta collection de drapeau, le <a title=\"FRANKY FLAG\" href=\"https:\/\/boutique-one-piece.com\/de\/guter-franky\/produkte\/franky-flagge\/\" target=\"_blank\" rel=\"noopener\">Frankys Flagge<\/a> ist in deiner Reichweite. Abschlie\u00dfend noch ein Wort zu Usopp: Sein Traum ist es, <strong>ein tapferer Krieger der Meere werden<\/strong> et de suivre les traces de son p\u00e8re. Il estime alors qu\u2019il pourra mourir tranquille lorsqu\u2019il l\u2019aura r\u00e9alis\u00e9 et pourra ainsi se dire : \u00ab\u00a0C\u2019est moi Usopp !! Le preux guerrier des mers!!\u00a0\u00bb.<\/p>\n<h3>Alors, jeune pirate, conquis par le drapeau d\u2019Usopp ? Si tel est le cas, qu\u2019attends-tu ? Saute sur l\u2019occasion de pouvoir arborer fi\u00e8rement ce drapeau.<\/h3>\n<p><strong>Ein St\u00fcck<\/strong> est le manga le plus vendu au monde. Ce manga qui se d\u00e9roule dans un monde fictif domin\u00e9 par les oc\u00e9ans et o\u00f9 certains pirates aspirent \u00e0 une \u00e8re de libert\u00e9 comme \u00ab l\u2019\u00e2ge d\u2019or de la piraterie \u00bb te comblera d\u2019aventures. Continue de t\u2019amuser au sein de cet univers gr\u00e2ce \u00e0 <strong>diese mythischen Objekte<\/strong>. Diese Artikel eignen sich perfekt zum Verschenken, Dekorieren oder Sammeln und erweitern dein One Piece-Universum.<\/p>\n<h2>Informationen zu Usopps Flagge:<\/h2>\n<ul>\n<li>\n<strong><u>One Piece Flagge<\/u><\/strong>\u00a0Eine originale One Piece Piratenflagge f\u00fcr wahre Fans<\/li>\n<\/ul>\n<ul>\n<li>\n<strong>Hochwertiger Druck<\/strong>\u00a0akkurate Farben<\/li>\n<\/ul>\n<ul>\n<li>\n<strong>Gegenstand<\/strong>\u00a0Polyester<\/li>\n<\/ul>\n<ul>\n<li>\n<strong>Dimension<\/strong>\u00a0: 100 cm x 100 cm oder 90 cm x 150 cm<\/li>\n<\/ul>\n<ul>\n<li><strong>KOSTENLOSE LIEFERUNG<\/strong><\/li>\n<\/ul>","protected":false},"excerpt":{"rendered":"<p>Jeune moussaillon, \u00e0 toi ce Drapeau Usopp. Voici ce que tu dois savoir \u00e0 propos d\u2019Usopp ; Usopp, \u00e9galement nomm\u00e9 Pipo dans les anciennes \u00e9ditions de Gl\u00e9nat du manga, est un membre de L\u2019\u00c9quipage du Chapeau de Paille. Il occupe le poste de Tireur d\u2019\u00c9lite et est originaire du Village de Sirop. Bien que n\u2019\u00e9tant [&hellip;]<\/p>","protected":false},"featured_media":10543,"comment_status":"open","ping_status":"open","template":"","meta":[],"product_brand":[],"product_cat":[212,155],"product_tag":[144],"class_list":{"0":"post-10541","1":"product","2":"type-product","3":"status-publish","4":"has-post-thumbnail","6":"product_cat-drapeaux-one-piece","7":"product_cat-goodies-usopp-one-piece","8":"product_tag-usopp","10":"first","11":"instock","12":"purchasable","13":"product-type-variable","14":"has-default-attributes"},"yoast_head":"<!-- This site is optimized with the Yoast SEO plugin v27.5 - https:\/\/yoast.com\/product\/yoast-seo-wordpress\/ -->\n<title>Drapeau Usopp | Boutique One Piece<\/title>\n<meta name=\"description\" content=\"D\u00e9couvrez le Drapeau One Piece Usopp, d\u00e9corez votre pi\u00e8ce en rejoignant la flotte d&#039;Usopp ! Commencez votre aventure recherche du One Piece dans l&#039;\u00e9quipage du Chapeau de Paille\" \/>\n<meta name=\"robots\" content=\"index, follow, max-snippet:-1, max-image-preview:large, max-video-preview:-1\" \/>\n<link rel=\"canonical\" href=\"https:\/\/boutique-one-piece.com\/de\/one-piece-dekorationen\/one-piece-flaggen\/usopp-flagge\/\" \/>\n<meta property=\"og:locale\" content=\"de_DE\" \/>\n<meta property=\"og:type\" content=\"article\" \/>\n<meta property=\"og:title\" content=\"Drapeau Usopp | Boutique One Piece\" \/>\n<meta property=\"og:description\" content=\"D\u00e9couvrez le Drapeau One Piece Usopp, d\u00e9corez votre pi\u00e8ce en rejoignant la flotte d&#039;Usopp ! Commencez votre aventure recherche du One Piece dans l&#039;\u00e9quipage du Chapeau de Paille\" \/>\n<meta property=\"og:url\" content=\"https:\/\/boutique-one-piece.com\/de\/one-piece-dekorationen\/one-piece-flaggen\/usopp-flagge\/\" \/>\n<meta property=\"og:site_name\" content=\"Boutique One Piece\" \/>\n<meta property=\"article:modified_time\" content=\"2024-09-16T12:08:27+00:00\" \/>\n<meta property=\"og:image\" content=\"https:\/\/boutique-one-piece.com\/wp-content\/uploads\/2022\/09\/Drapeau-Usopp.jpg\" \/>\n\t<meta property=\"og:image:width\" content=\"800\" \/>\n\t<meta property=\"og:image:height\" content=\"688\" \/>\n\t<meta property=\"og:image:type\" content=\"image\/jpeg\" \/>\n<meta name=\"twitter:card\" content=\"summary_large_image\" \/>\n<meta name=\"twitter:label1\" content=\"Gesch\u00e4tzte Lesezeit\" \/>\n\t<meta name=\"twitter:data1\" content=\"2\u00a0Minuten\" \/>\n<script type=\"application\/ld+json\" class=\"yoast-schema-graph\">{\"@context\":\"https:\\\/\\\/schema.org\",\"@graph\":[{\"@type\":\"WebPage\",\"@id\":\"https:\\\/\\\/boutique-one-piece.com\\\/decorations-one-piece\\\/drapeaux-one-piece\\\/drapeau-usopp\\\/\",\"url\":\"https:\\\/\\\/boutique-one-piece.com\\\/decorations-one-piece\\\/drapeaux-one-piece\\\/drapeau-usopp\\\/\",\"name\":\"Drapeau Usopp | Boutique One Piece\",\"isPartOf\":{\"@id\":\"https:\\\/\\\/boutique-one-piece.com\\\/#website\"},\"primaryImageOfPage\":{\"@id\":\"https:\\\/\\\/boutique-one-piece.com\\\/decorations-one-piece\\\/drapeaux-one-piece\\\/drapeau-usopp\\\/#primaryimage\"},\"image\":{\"@id\":\"https:\\\/\\\/boutique-one-piece.com\\\/decorations-one-piece\\\/drapeaux-one-piece\\\/drapeau-usopp\\\/#primaryimage\"},\"thumbnailUrl\":\"https:\\\/\\\/boutique-one-piece.com\\\/wp-content\\\/uploads\\\/2022\\\/09\\\/Drapeau-Usopp.jpg\",\"datePublished\":\"2022-09-27T20:34:57+00:00\",\"dateModified\":\"2024-09-16T12:08:27+00:00\",\"description\":\"D\u00e9couvrez le Drapeau One Piece Usopp, d\u00e9corez votre pi\u00e8ce en rejoignant la flotte d'Usopp ! Commencez votre aventure recherche du One Piece dans l'\u00e9quipage du Chapeau de Paille\",\"breadcrumb\":{\"@id\":\"https:\\\/\\\/boutique-one-piece.com\\\/decorations-one-piece\\\/drapeaux-one-piece\\\/drapeau-usopp\\\/#breadcrumb\"},\"inLanguage\":\"de\",\"potentialAction\":[{\"@type\":\"ReadAction\",\"target\":[\"https:\\\/\\\/boutique-one-piece.com\\\/decorations-one-piece\\\/drapeaux-one-piece\\\/drapeau-usopp\\\/\"]}]},{\"@type\":\"ImageObject\",\"inLanguage\":\"de\",\"@id\":\"https:\\\/\\\/boutique-one-piece.com\\\/decorations-one-piece\\\/drapeaux-one-piece\\\/drapeau-usopp\\\/#primaryimage\",\"url\":\"https:\\\/\\\/boutique-one-piece.com\\\/wp-content\\\/uploads\\\/2022\\\/09\\\/Drapeau-Usopp.jpg\",\"contentUrl\":\"https:\\\/\\\/boutique-one-piece.com\\\/wp-content\\\/uploads\\\/2022\\\/09\\\/Drapeau-Usopp.jpg\",\"width\":800,\"height\":688,\"caption\":\"Drapeau Usopp 90x150cm\"},{\"@type\":\"BreadcrumbList\",\"@id\":\"https:\\\/\\\/boutique-one-piece.com\\\/decorations-one-piece\\\/drapeaux-one-piece\\\/drapeau-usopp\\\/#breadcrumb\",\"itemListElement\":[{\"@type\":\"ListItem\",\"position\":1,\"name\":\"Home\",\"item\":\"https:\\\/\\\/boutique-one-piece.com\\\/\"},{\"@type\":\"ListItem\",\"position\":2,\"name\":\"Shop\",\"item\":\"https:\\\/\\\/boutique-one-piece.com\\\/shop\\\/\"},{\"@type\":\"ListItem\",\"position\":3,\"name\":\"Drapeau Usopp\"}]},{\"@type\":\"WebSite\",\"@id\":\"https:\\\/\\\/boutique-one-piece.com\\\/#website\",\"url\":\"https:\\\/\\\/boutique-one-piece.com\\\/\",\"name\":\"Boutique One Piece\",\"description\":\"Magasin Sp\u00e9cialis\u00e9 du Manga et l&#039;Anime One Piece\",\"publisher\":{\"@id\":\"https:\\\/\\\/boutique-one-piece.com\\\/#organization\"},\"potentialAction\":[{\"@type\":\"SearchAction\",\"target\":{\"@type\":\"EntryPoint\",\"urlTemplate\":\"https:\\\/\\\/boutique-one-piece.com\\\/?s={search_term_string}\"},\"query-input\":{\"@type\":\"PropertyValueSpecification\",\"valueRequired\":true,\"valueName\":\"search_term_string\"}}],\"inLanguage\":\"de\"},{\"@type\":\"Organization\",\"@id\":\"https:\\\/\\\/boutique-one-piece.com\\\/#organization\",\"name\":\"Boutique One Piece\",\"url\":\"https:\\\/\\\/boutique-one-piece.com\\\/\",\"logo\":{\"@type\":\"ImageObject\",\"inLanguage\":\"de\",\"@id\":\"https:\\\/\\\/boutique-one-piece.com\\\/#\\\/schema\\\/logo\\\/image\\\/\",\"url\":\"https:\\\/\\\/boutique-one-piece.com\\\/wp-content\\\/uploads\\\/2022\\\/09\\\/Logo-01.png\",\"contentUrl\":\"https:\\\/\\\/boutique-one-piece.com\\\/wp-content\\\/uploads\\\/2022\\\/09\\\/Logo-01.png\",\"width\":2318,\"height\":957,\"caption\":\"Boutique One Piece\"},\"image\":{\"@id\":\"https:\\\/\\\/boutique-one-piece.com\\\/#\\\/schema\\\/logo\\\/image\\\/\"}}]}<\/script>\n<!-- \/ Yoast SEO plugin. -->","yoast_head_json":{"title":"Usopp-Flagge | One Piece Shop","description":"Entdecke die Usopp-Flagge aus One Piece und dekoriere dein Zimmer, indem du dich Usopps Flotte anschlie\u00dft! Starte dein Abenteuer auf der Suche nach dem One Piece mit der Strohhutbande.","robots":{"index":"index","follow":"follow","max-snippet":"max-snippet:-1","max-image-preview":"max-image-preview:large","max-video-preview":"max-video-preview:-1"},"canonical":"https:\/\/boutique-one-piece.com\/de\/one-piece-dekorationen\/one-piece-flaggen\/usopp-flagge\/","og_locale":"de_DE","og_type":"article","og_title":"Drapeau Usopp | Boutique One Piece","og_description":"D\u00e9couvrez le Drapeau One Piece Usopp, d\u00e9corez votre pi\u00e8ce en rejoignant la flotte d'Usopp ! Commencez votre aventure recherche du One Piece dans l'\u00e9quipage du Chapeau de Paille","og_url":"https:\/\/boutique-one-piece.com\/de\/one-piece-dekorationen\/one-piece-flaggen\/usopp-flagge\/","og_site_name":"Boutique One Piece","article_modified_time":"2024-09-16T12:08:27+00:00","og_image":[{"width":800,"height":688,"url":"https:\/\/boutique-one-piece.com\/wp-content\/uploads\/2022\/09\/Drapeau-Usopp.jpg","type":"image\/jpeg"}],"twitter_card":"summary_large_image","twitter_misc":{"Gesch\u00e4tzte Lesezeit":"2\u00a0Minuten"},"schema":{"@context":"https:\/\/schema.org","@graph":[{"@type":"WebPage","@id":"https:\/\/boutique-one-piece.com\/decorations-one-piece\/drapeaux-one-piece\/drapeau-usopp\/","url":"https:\/\/boutique-one-piece.com\/decorations-one-piece\/drapeaux-one-piece\/drapeau-usopp\/","name":"Usopp-Flagge | One Piece Shop","isPartOf":{"@id":"https:\/\/boutique-one-piece.com\/#website"},"primaryImageOfPage":{"@id":"https:\/\/boutique-one-piece.com\/decorations-one-piece\/drapeaux-one-piece\/drapeau-usopp\/#primaryimage"},"image":{"@id":"https:\/\/boutique-one-piece.com\/decorations-one-piece\/drapeaux-one-piece\/drapeau-usopp\/#primaryimage"},"thumbnailUrl":"https:\/\/boutique-one-piece.com\/wp-content\/uploads\/2022\/09\/Drapeau-Usopp.jpg","datePublished":"2022-09-27T20:34:57+00:00","dateModified":"2024-09-16T12:08:27+00:00","description":"Entdecke die Usopp-Flagge aus One Piece und dekoriere dein Zimmer, indem du dich Usopps Flotte anschlie\u00dft! Starte dein Abenteuer auf der Suche nach dem One Piece mit der Strohhutbande.","breadcrumb":{"@id":"https:\/\/boutique-one-piece.com\/decorations-one-piece\/drapeaux-one-piece\/drapeau-usopp\/#breadcrumb"},"inLanguage":"de","potentialAction":[{"@type":"ReadAction","target":["https:\/\/boutique-one-piece.com\/decorations-one-piece\/drapeaux-one-piece\/drapeau-usopp\/"]}]},{"@type":"ImageObject","inLanguage":"de","@id":"https:\/\/boutique-one-piece.com\/decorations-one-piece\/drapeaux-one-piece\/drapeau-usopp\/#primaryimage","url":"https:\/\/boutique-one-piece.com\/wp-content\/uploads\/2022\/09\/Drapeau-Usopp.jpg","contentUrl":"https:\/\/boutique-one-piece.com\/wp-content\/uploads\/2022\/09\/Drapeau-Usopp.jpg","width":800,"height":688,"caption":"Drapeau Usopp 90x150cm"},{"@type":"BreadcrumbList","@id":"https:\/\/boutique-one-piece.com\/decorations-one-piece\/drapeaux-one-piece\/drapeau-usopp\/#breadcrumb","itemListElement":[{"@type":"ListItem","position":1,"name":"Home","item":"https:\/\/boutique-one-piece.com\/"},{"@type":"ListItem","position":2,"name":"Shop","item":"https:\/\/boutique-one-piece.com\/shop\/"},{"@type":"ListItem","position":3,"name":"Drapeau Usopp"}]},{"@type":"WebSite","@id":"https:\/\/boutique-one-piece.com\/#website","url":"https:\/\/boutique-one-piece.com\/","name":"One Piece Shop","description":"Fachgesch\u00e4ft f\u00fcr One Piece Manga und Anime","publisher":{"@id":"https:\/\/boutique-one-piece.com\/#organization"},"potentialAction":[{"@type":"SearchAction","target":{"@type":"EntryPoint","urlTemplate":"https:\/\/boutique-one-piece.com\/?s={search_term_string}"},"query-input":{"@type":"PropertyValueSpecification","valueRequired":true,"valueName":"search_term_string"}}],"inLanguage":"de"},{"@type":"Organization","@id":"https:\/\/boutique-one-piece.com\/#organization","name":"One Piece Shop","url":"https:\/\/boutique-one-piece.com\/","logo":{"@type":"ImageObject","inLanguage":"de","@id":"https:\/\/boutique-one-piece.com\/#\/schema\/logo\/image\/","url":"https:\/\/boutique-one-piece.com\/wp-content\/uploads\/2022\/09\/Logo-01.png","contentUrl":"https:\/\/boutique-one-piece.com\/wp-content\/uploads\/2022\/09\/Logo-01.png","width":2318,"height":957,"caption":"Boutique One Piece"},"image":{"@id":"https:\/\/boutique-one-piece.com\/#\/schema\/logo\/image\/"}}]}},"_links":{"self":[{"href":"https:\/\/boutique-one-piece.com\/de\/wp-json\/wp\/v2\/product\/10541","targetHints":{"allow":["GET"]}}],"collection":[{"href":"https:\/\/boutique-one-piece.com\/de\/wp-json\/wp\/v2\/product"}],"about":[{"href":"https:\/\/boutique-one-piece.com\/de\/wp-json\/wp\/v2\/types\/product"}],"replies":[{"embeddable":true,"href":"https:\/\/boutique-one-piece.com\/de\/wp-json\/wp\/v2\/comments?post=10541"}],"wp:featuredmedia":[{"embeddable":true,"href":"https:\/\/boutique-one-piece.com\/de\/wp-json\/wp\/v2\/media\/10543"}],"wp:attachment":[{"href":"https:\/\/boutique-one-piece.com\/de\/wp-json\/wp\/v2\/media?parent=10541"}],"wp:term":[{"taxonomy":"product_brand","embeddable":true,"href":"https:\/\/boutique-one-piece.com\/de\/wp-json\/wp\/v2\/product_brand?post=10541"},{"taxonomy":"product_cat","embeddable":true,"href":"https:\/\/boutique-one-piece.com\/de\/wp-json\/wp\/v2\/product_cat?post=10541"},{"taxonomy":"product_tag","embeddable":true,"href":"https:\/\/boutique-one-piece.com\/de\/wp-json\/wp\/v2\/product_tag?post=10541"}],"curies":[{"name":"wp","href":"https:\/\/api.w.org\/{rel}","templated":true}]}}