{"id":10601,"date":"2022-09-27T20:35:25","date_gmt":"2022-09-27T20:35:25","guid":{"rendered":"https:\/\/boutique-one-piece.com\/uncategorized\/puzzle-1000-pieeces-one-piece-cadre-photo\/"},"modified":"2024-09-16T12:09:36","modified_gmt":"2024-09-16T12:09:36","slug":"puzzle-mit-1000-teilen-einteiliger-bilderrahmen","status":"publish","type":"product","link":"https:\/\/boutique-one-piece.com\/de\/one-piece-fanartikel\/nami-one-piece-fanartikel\/puzzle-mit-1000-teilen-einteiliger-bilderrahmen\/","title":{"rendered":"1000-teiliges Puzzle, einteiliger Bilderrahmen"},"content":{"rendered":"<p><meta charset=\"utf-8\"><\/p>\n<h2>\n<b>One Piece 1000-Teile-Puzzle im Bilderrahmen-Stil mit ikonischen Charakteren aus dem One Piece-Abenteuer<\/b><b>,\u00a0<\/b>Ein Superspiel f\u00fcr einen Piraten wie dich!<\/h2>\n<p>Wenn Sie ein\u00a0<strong>echter Pirat<\/strong>,\u00a0<strong>wenig<\/strong>\u00a0Oder\u00a0<strong>gro\u00df<\/strong>,Sie werden es zu sch\u00e4tzen wissen.<span>\u00a0<\/span>Dort\u00a0<strong>Qualit\u00e4t<\/strong>\u00a0der\u00a0<strong>Holzst\u00fccke<\/strong>, der\u00a0<strong>malen<\/strong>\u00a0Und\u00a0<strong>3D-Druck<\/strong>\u00a0davon\u00a0<strong>One Piece 1000-Teile-Puzzle<\/strong>\u00a0Aber am wichtigsten ist, dass du mit diesem Puzzlespiel Teil von\u00a0<strong>die Fan-Crew<\/strong>\u00a0von\u00a0<strong>Piraten-Manga<\/strong>\u00a0und Sie erhalten:<\/p>\n<ul>\n<li>\u00a0<strong>Bewunderung<\/strong>\u00a0aller Fans von\u00a0<strong>Mugiwara<\/strong>\u00a0die Sie zum Spielen in Ihr Haus einladen werden<\/li>\n<\/ul>\n<ul>\n<li>Ein echter\u00a0<strong>gedrucktes Puzzle<\/strong>\u00a0mit dem Sie<strong>\u00a0viel Spa\u00df<\/strong><span>\u00a0<\/span>alle Teile zusammenzutragen f\u00fcr<strong>\u00a0aufdecken<\/strong>\u00a0<strong>alle Charaktere<\/strong>\n<\/li>\n<\/ul>\n<p>\u00a0Also, bereit f\u00fcr<span>\u00a0<\/span><strong>spielen<\/strong><span>\u00a0<\/span>mit einem Spiel<span>\u00a0<\/span><strong>Ein St\u00fcck<\/strong>\u00a0?<\/p>\n<h2>Bist du ein Fan des One Piece Mangas oder Animes? Zeig es damit!<span>\u00a0<\/span>One Piece Puzzle mit 1000 Teilen!<\/h2>\n<p>Wenn du\u00a0<strong>lesen<\/strong>\u00a0oder wo auch immer Sie hinschauen\u00a0<strong>der Anime\u00a0<\/strong><strong>japanisch<\/strong>, Die Wahrscheinlichkeit ist gro\u00df, dass du geworden bist\u00a0<strong>Ich bin total verr\u00fcckt nach One Piece.<\/strong>\u00a0Damit!\u00a0<strong>1000-teiliges Puzzle-Fotorahmen<\/strong>, schlie\u00df dich der an\u2019<strong>Eine Gruppe von Fans der Franchise<\/strong><\/p>\n<h2><strong>R\u00e4tselinformationen:<\/strong><\/h2>\n<ul>\n<li>\n<strong>Hochwertiges gedrucktes Puzzle\u00a0<\/strong>Die Teile sind aus Holz gefertigt.<\/li>\n<\/ul>\n<ul>\n<li>\n<strong>Ultra Design Puzzle<\/strong>\u00a0Dieses 1000-teilige Puzzle ist nach der Fertigstellung absolut wundersch\u00f6n.\u00a0<strong>fertig<\/strong>\u00a0Sie k\u00f6nnen es verwenden als\u00a0<strong>Malerei<\/strong>, Die Fans k\u00f6nnen nicht anders, als es zu lieben.<\/li>\n<\/ul>\n<ul>\n<li>\n<strong>Farbe und Druck\u00a0<\/strong>One Piece Puzzle mit einem Druck\u00a0<strong>Leinwand<\/strong>\u00a0der Ma\u00dfstab im Druckwesen<\/li>\n<\/ul>\n<ul>\n<li>\n<strong>Mittlerer Schwierigkeitsgrad<\/strong>\u00a0: perfekt geeignet f\u00fcr Kinder ab\u00a0<strong>6 Jahre<\/strong>. Vor diesem Alter,\u00a0<strong>\u00dcberwachung<\/strong>\u00a0a\u00a0<strong>Erwachsene<\/strong>\u00a0Ost\u00a0<strong>empfohlen<\/strong>\n<\/li>\n<\/ul>\n<ul>\n<li>\n<strong>F\u00fcr Kinder und Erwachsene<\/strong>\u00a0Dies ist eine gute Gelegenheit, um \u2026\u00a0<strong>lustige Aktivit\u00e4t<\/strong>\u00a0Und\u00a0<strong>spannend<\/strong>\u00a0mit Ihrem\u00a0<strong>Kind<\/strong>\u00a0oder mit Ihrem\u00a0<strong>Eltern<\/strong>\n<\/li>\n<\/ul>\n<ul>\n<li>\n<strong>Dimension\u00a0<\/strong>: H\u00f6he\u00a0<strong>50 cm<\/strong>, Breite\u00a0<strong>75 cm<\/strong>, Dicke\u00a0<strong>2 mm<\/strong>\n<\/li>\n<\/ul>\n<ul>\n<li>\n<strong>Kostenloser Versand\u00a0<\/strong>f\u00fcr jeden Kauf<\/li>\n<\/ul>\n<h2><b><img fetchpriority=\"high\" decoding=\"async\" src=\"https:\/\/cdn.shopify.com\/s\/files\/1\/0087\/7556\/5348\/files\/puzzle_one_piece_1000_pieces_en_bois_large.jpg?v=1561382263\" alt=\"One Piece Holzspiel\" width=\"287\" height=\"283\"><\/b><\/h2>\n<ul><\/ul>","protected":false},"excerpt":{"rendered":"<p>One Piece 1000-Teile-Puzzle im Bilderrahmen-Stil mit den kultigen Charakteren aus dem One Piece-Abenteuer \u2013 ein tolles Puzzle f\u00fcr echte Piraten! Ob jung oder alt, ob du ein echter Pirat bist, wirst die Qualit\u00e4t der Holzteile, die Bemalung und den 3D-Druck dieses 1000-Teile-Puzzles zu sch\u00e4tzen wissen! Aber vor allem wirst du mit diesem Puzzle Teil der gro\u00dfen Fangemeinde des Piraten-Mangas und [\u2026]<\/p>","protected":false},"featured_media":10603,"comment_status":"open","ping_status":"open","template":"","meta":[],"product_brand":[],"product_cat":[157,153,198,155,164,197],"product_tag":[176,286,175,158,165,129,336,201,92,210,272,154,205,180,112,144,113],"class_list":{"0":"post-10601","1":"product","2":"type-product","3":"status-publish","4":"has-post-thumbnail","6":"product_cat-goodies-brook-one-piece","7":"product_cat-goodies-nami-one-piece","8":"product_cat-goodies-nico-robin-one-piece","9":"product_cat-goodies-usopp-one-piece","10":"product_cat-goodies-vinsmoke-sanji-one-piece","11":"product_cat-puzzles-one-piece","12":"product_tag-ace","13":"product_tag-barbe-noire","14":"product_tag-boa-hancock","15":"product_tag-brook","16":"product_tag-chopper","17":"product_tag-franky","18":"product_tag-garp","19":"product_tag-kid","20":"product_tag-luffy","21":"product_tag-marco","22":"product_tag-mihawk","23":"product_tag-nami","24":"product_tag-robin","25":"product_tag-sabo","26":"product_tag-sanji","27":"product_tag-usopp","28":"product_tag-zoro","30":"first","31":"instock","32":"purchasable","33":"product-type-simple"},"yoast_head":"<!-- This site is optimized with the Yoast SEO plugin v27.5 - https:\/\/yoast.com\/product\/yoast-seo-wordpress\/ -->\n<title>Puzzle 1000 Pi\u00e8eces Cadre Photo | Boutique One Piece<\/title>\n<meta name=\"description\" content=\"Puzzle Imprim\u00e9 1000 Pi\u00e8ces One Piece Fa\u00e7on Cadre Photo avec des Personnages Embl\u00e9matique de l&#039;Aventure One Piece Jeux Puzzle Imrpim\u00e9 Sur Bois Tr\u00e8s Haute Qualit\u00e9\" \/>\n<meta name=\"robots\" content=\"index, follow, max-snippet:-1, max-image-preview:large, max-video-preview:-1\" \/>\n<link rel=\"canonical\" href=\"https:\/\/boutique-one-piece.com\/de\/one-piece-fanartikel\/nico-robin-one-piece-merchandise\/puzzle-mit-1000-teilen-einteiliger-bilderrahmen\/\" \/>\n<meta property=\"og:locale\" content=\"de_DE\" \/>\n<meta property=\"og:type\" content=\"article\" \/>\n<meta property=\"og:title\" content=\"Puzzle 1000 Pi\u00e8eces Cadre Photo | Boutique One Piece\" \/>\n<meta property=\"og:description\" content=\"Puzzle Imprim\u00e9 1000 Pi\u00e8ces One Piece Fa\u00e7on Cadre Photo avec des Personnages Embl\u00e9matique de l&#039;Aventure One Piece Jeux Puzzle Imrpim\u00e9 Sur Bois Tr\u00e8s Haute Qualit\u00e9\" \/>\n<meta property=\"og:url\" content=\"https:\/\/boutique-one-piece.com\/de\/one-piece-fanartikel\/nico-robin-one-piece-merchandise\/puzzle-mit-1000-teilen-einteiliger-bilderrahmen\/\" \/>\n<meta property=\"og:site_name\" content=\"Boutique One Piece\" \/>\n<meta property=\"article:modified_time\" content=\"2024-09-16T12:09:36+00:00\" \/>\n<meta property=\"og:image\" content=\"https:\/\/boutique-one-piece.com\/wp-content\/uploads\/2022\/09\/Puzzle-1000-Pieeces-One-Piece-Cadre-Photo-1.jpg\" \/>\n\t<meta property=\"og:image:width\" content=\"599\" \/>\n\t<meta property=\"og:image:height\" content=\"399\" \/>\n\t<meta property=\"og:image:type\" content=\"image\/jpeg\" \/>\n<meta name=\"twitter:card\" content=\"summary_large_image\" \/>\n<meta name=\"twitter:label1\" content=\"Gesch\u00e4tzte Lesezeit\" \/>\n\t<meta name=\"twitter:data1\" content=\"2\u00a0Minuten\" \/>\n<script type=\"application\/ld+json\" class=\"yoast-schema-graph\">{\"@context\":\"https:\\\/\\\/schema.org\",\"@graph\":[{\"@type\":\"WebPage\",\"@id\":\"https:\\\/\\\/boutique-one-piece.com\\\/goodies-one-piece\\\/goodies-nico-robin-one-piece\\\/puzzle-1000-pieeces-one-piece-cadre-photo\\\/\",\"url\":\"https:\\\/\\\/boutique-one-piece.com\\\/goodies-one-piece\\\/goodies-nico-robin-one-piece\\\/puzzle-1000-pieeces-one-piece-cadre-photo\\\/\",\"name\":\"Puzzle 1000 Pi\u00e8eces Cadre Photo | Boutique One Piece\",\"isPartOf\":{\"@id\":\"https:\\\/\\\/boutique-one-piece.com\\\/#website\"},\"primaryImageOfPage\":{\"@id\":\"https:\\\/\\\/boutique-one-piece.com\\\/goodies-one-piece\\\/goodies-nico-robin-one-piece\\\/puzzle-1000-pieeces-one-piece-cadre-photo\\\/#primaryimage\"},\"image\":{\"@id\":\"https:\\\/\\\/boutique-one-piece.com\\\/goodies-one-piece\\\/goodies-nico-robin-one-piece\\\/puzzle-1000-pieeces-one-piece-cadre-photo\\\/#primaryimage\"},\"thumbnailUrl\":\"https:\\\/\\\/boutique-one-piece.com\\\/wp-content\\\/uploads\\\/2022\\\/09\\\/Puzzle-1000-Pieeces-One-Piece-Cadre-Photo-1.jpg\",\"datePublished\":\"2022-09-27T20:35:25+00:00\",\"dateModified\":\"2024-09-16T12:09:36+00:00\",\"description\":\"Puzzle Imprim\u00e9 1000 Pi\u00e8ces One Piece Fa\u00e7on Cadre Photo avec des Personnages Embl\u00e9matique de l'Aventure One Piece Jeux Puzzle Imrpim\u00e9 Sur Bois Tr\u00e8s Haute Qualit\u00e9\",\"breadcrumb\":{\"@id\":\"https:\\\/\\\/boutique-one-piece.com\\\/goodies-one-piece\\\/goodies-nico-robin-one-piece\\\/puzzle-1000-pieeces-one-piece-cadre-photo\\\/#breadcrumb\"},\"inLanguage\":\"de\",\"potentialAction\":[{\"@type\":\"ReadAction\",\"target\":[\"https:\\\/\\\/boutique-one-piece.com\\\/goodies-one-piece\\\/goodies-nico-robin-one-piece\\\/puzzle-1000-pieeces-one-piece-cadre-photo\\\/\"]}]},{\"@type\":\"ImageObject\",\"inLanguage\":\"de\",\"@id\":\"https:\\\/\\\/boutique-one-piece.com\\\/goodies-one-piece\\\/goodies-nico-robin-one-piece\\\/puzzle-1000-pieeces-one-piece-cadre-photo\\\/#primaryimage\",\"url\":\"https:\\\/\\\/boutique-one-piece.com\\\/wp-content\\\/uploads\\\/2022\\\/09\\\/Puzzle-1000-Pieeces-One-Piece-Cadre-Photo-1.jpg\",\"contentUrl\":\"https:\\\/\\\/boutique-one-piece.com\\\/wp-content\\\/uploads\\\/2022\\\/09\\\/Puzzle-1000-Pieeces-One-Piece-Cadre-Photo-1.jpg\",\"width\":599,\"height\":399},{\"@type\":\"BreadcrumbList\",\"@id\":\"https:\\\/\\\/boutique-one-piece.com\\\/goodies-one-piece\\\/goodies-nico-robin-one-piece\\\/puzzle-1000-pieeces-one-piece-cadre-photo\\\/#breadcrumb\",\"itemListElement\":[{\"@type\":\"ListItem\",\"position\":1,\"name\":\"Home\",\"item\":\"https:\\\/\\\/boutique-one-piece.com\\\/\"},{\"@type\":\"ListItem\",\"position\":2,\"name\":\"Shop\",\"item\":\"https:\\\/\\\/boutique-one-piece.com\\\/shop\\\/\"},{\"@type\":\"ListItem\",\"position\":3,\"name\":\"Puzzle 1000 Pi\u00e8eces One Piece Cadre Photo\"}]},{\"@type\":\"WebSite\",\"@id\":\"https:\\\/\\\/boutique-one-piece.com\\\/#website\",\"url\":\"https:\\\/\\\/boutique-one-piece.com\\\/\",\"name\":\"Boutique One Piece\",\"description\":\"Magasin Sp\u00e9cialis\u00e9 du Manga et l&#039;Anime One Piece\",\"publisher\":{\"@id\":\"https:\\\/\\\/boutique-one-piece.com\\\/#organization\"},\"potentialAction\":[{\"@type\":\"SearchAction\",\"target\":{\"@type\":\"EntryPoint\",\"urlTemplate\":\"https:\\\/\\\/boutique-one-piece.com\\\/?s={search_term_string}\"},\"query-input\":{\"@type\":\"PropertyValueSpecification\",\"valueRequired\":true,\"valueName\":\"search_term_string\"}}],\"inLanguage\":\"de\"},{\"@type\":\"Organization\",\"@id\":\"https:\\\/\\\/boutique-one-piece.com\\\/#organization\",\"name\":\"Boutique One Piece\",\"url\":\"https:\\\/\\\/boutique-one-piece.com\\\/\",\"logo\":{\"@type\":\"ImageObject\",\"inLanguage\":\"de\",\"@id\":\"https:\\\/\\\/boutique-one-piece.com\\\/#\\\/schema\\\/logo\\\/image\\\/\",\"url\":\"https:\\\/\\\/boutique-one-piece.com\\\/wp-content\\\/uploads\\\/2022\\\/09\\\/Logo-01.png\",\"contentUrl\":\"https:\\\/\\\/boutique-one-piece.com\\\/wp-content\\\/uploads\\\/2022\\\/09\\\/Logo-01.png\",\"width\":2318,\"height\":957,\"caption\":\"Boutique One Piece\"},\"image\":{\"@id\":\"https:\\\/\\\/boutique-one-piece.com\\\/#\\\/schema\\\/logo\\\/image\\\/\"}}]}<\/script>\n<!-- \/ Yoast SEO plugin. -->","yoast_head_json":{"title":"Puzzle mit 1000 Teilen und Bilderrahmen | One Piece Shop","description":"One Piece 1000-Teile-Puzzle im Bilderrahmen-Design mit kultigen Charakteren aus dem One Piece-Abenteuer. Hochwertiges Holzpuzzle mit Print.","robots":{"index":"index","follow":"follow","max-snippet":"max-snippet:-1","max-image-preview":"max-image-preview:large","max-video-preview":"max-video-preview:-1"},"canonical":"https:\/\/boutique-one-piece.com\/de\/one-piece-fanartikel\/nico-robin-one-piece-merchandise\/puzzle-mit-1000-teilen-einteiliger-bilderrahmen\/","og_locale":"de_DE","og_type":"article","og_title":"Puzzle 1000 Pi\u00e8eces Cadre Photo | Boutique One Piece","og_description":"Puzzle Imprim\u00e9 1000 Pi\u00e8ces One Piece Fa\u00e7on Cadre Photo avec des Personnages Embl\u00e9matique de l'Aventure One Piece Jeux Puzzle Imrpim\u00e9 Sur Bois Tr\u00e8s Haute Qualit\u00e9","og_url":"https:\/\/boutique-one-piece.com\/de\/one-piece-fanartikel\/nico-robin-one-piece-merchandise\/puzzle-mit-1000-teilen-einteiliger-bilderrahmen\/","og_site_name":"Boutique One Piece","article_modified_time":"2024-09-16T12:09:36+00:00","og_image":[{"width":599,"height":399,"url":"https:\/\/boutique-one-piece.com\/wp-content\/uploads\/2022\/09\/Puzzle-1000-Pieeces-One-Piece-Cadre-Photo-1.jpg","type":"image\/jpeg"}],"twitter_card":"summary_large_image","twitter_misc":{"Gesch\u00e4tzte Lesezeit":"2\u00a0Minuten"},"schema":{"@context":"https:\/\/schema.org","@graph":[{"@type":"WebPage","@id":"https:\/\/boutique-one-piece.com\/goodies-one-piece\/goodies-nico-robin-one-piece\/puzzle-1000-pieeces-one-piece-cadre-photo\/","url":"https:\/\/boutique-one-piece.com\/goodies-one-piece\/goodies-nico-robin-one-piece\/puzzle-1000-pieeces-one-piece-cadre-photo\/","name":"Puzzle mit 1000 Teilen und Bilderrahmen | One Piece Shop","isPartOf":{"@id":"https:\/\/boutique-one-piece.com\/#website"},"primaryImageOfPage":{"@id":"https:\/\/boutique-one-piece.com\/goodies-one-piece\/goodies-nico-robin-one-piece\/puzzle-1000-pieeces-one-piece-cadre-photo\/#primaryimage"},"image":{"@id":"https:\/\/boutique-one-piece.com\/goodies-one-piece\/goodies-nico-robin-one-piece\/puzzle-1000-pieeces-one-piece-cadre-photo\/#primaryimage"},"thumbnailUrl":"https:\/\/boutique-one-piece.com\/wp-content\/uploads\/2022\/09\/Puzzle-1000-Pieeces-One-Piece-Cadre-Photo-1.jpg","datePublished":"2022-09-27T20:35:25+00:00","dateModified":"2024-09-16T12:09:36+00:00","description":"One Piece 1000-Teile-Puzzle im Bilderrahmen-Design mit kultigen Charakteren aus dem One Piece-Abenteuer. Hochwertiges Holzpuzzle mit Print.","breadcrumb":{"@id":"https:\/\/boutique-one-piece.com\/goodies-one-piece\/goodies-nico-robin-one-piece\/puzzle-1000-pieeces-one-piece-cadre-photo\/#breadcrumb"},"inLanguage":"de","potentialAction":[{"@type":"ReadAction","target":["https:\/\/boutique-one-piece.com\/goodies-one-piece\/goodies-nico-robin-one-piece\/puzzle-1000-pieeces-one-piece-cadre-photo\/"]}]},{"@type":"ImageObject","inLanguage":"de","@id":"https:\/\/boutique-one-piece.com\/goodies-one-piece\/goodies-nico-robin-one-piece\/puzzle-1000-pieeces-one-piece-cadre-photo\/#primaryimage","url":"https:\/\/boutique-one-piece.com\/wp-content\/uploads\/2022\/09\/Puzzle-1000-Pieeces-One-Piece-Cadre-Photo-1.jpg","contentUrl":"https:\/\/boutique-one-piece.com\/wp-content\/uploads\/2022\/09\/Puzzle-1000-Pieeces-One-Piece-Cadre-Photo-1.jpg","width":599,"height":399},{"@type":"BreadcrumbList","@id":"https:\/\/boutique-one-piece.com\/goodies-one-piece\/goodies-nico-robin-one-piece\/puzzle-1000-pieeces-one-piece-cadre-photo\/#breadcrumb","itemListElement":[{"@type":"ListItem","position":1,"name":"Home","item":"https:\/\/boutique-one-piece.com\/"},{"@type":"ListItem","position":2,"name":"Shop","item":"https:\/\/boutique-one-piece.com\/shop\/"},{"@type":"ListItem","position":3,"name":"Puzzle 1000 Pi\u00e8eces One Piece Cadre Photo"}]},{"@type":"WebSite","@id":"https:\/\/boutique-one-piece.com\/#website","url":"https:\/\/boutique-one-piece.com\/","name":"One Piece Shop","description":"Fachgesch\u00e4ft f\u00fcr One Piece Manga und Anime","publisher":{"@id":"https:\/\/boutique-one-piece.com\/#organization"},"potentialAction":[{"@type":"SearchAction","target":{"@type":"EntryPoint","urlTemplate":"https:\/\/boutique-one-piece.com\/?s={search_term_string}"},"query-input":{"@type":"PropertyValueSpecification","valueRequired":true,"valueName":"search_term_string"}}],"inLanguage":"de"},{"@type":"Organization","@id":"https:\/\/boutique-one-piece.com\/#organization","name":"One Piece Shop","url":"https:\/\/boutique-one-piece.com\/","logo":{"@type":"ImageObject","inLanguage":"de","@id":"https:\/\/boutique-one-piece.com\/#\/schema\/logo\/image\/","url":"https:\/\/boutique-one-piece.com\/wp-content\/uploads\/2022\/09\/Logo-01.png","contentUrl":"https:\/\/boutique-one-piece.com\/wp-content\/uploads\/2022\/09\/Logo-01.png","width":2318,"height":957,"caption":"Boutique One Piece"},"image":{"@id":"https:\/\/boutique-one-piece.com\/#\/schema\/logo\/image\/"}}]}},"_links":{"self":[{"href":"https:\/\/boutique-one-piece.com\/de\/wp-json\/wp\/v2\/product\/10601","targetHints":{"allow":["GET"]}}],"collection":[{"href":"https:\/\/boutique-one-piece.com\/de\/wp-json\/wp\/v2\/product"}],"about":[{"href":"https:\/\/boutique-one-piece.com\/de\/wp-json\/wp\/v2\/types\/product"}],"replies":[{"embeddable":true,"href":"https:\/\/boutique-one-piece.com\/de\/wp-json\/wp\/v2\/comments?post=10601"}],"wp:featuredmedia":[{"embeddable":true,"href":"https:\/\/boutique-one-piece.com\/de\/wp-json\/wp\/v2\/media\/10603"}],"wp:attachment":[{"href":"https:\/\/boutique-one-piece.com\/de\/wp-json\/wp\/v2\/media?parent=10601"}],"wp:term":[{"taxonomy":"product_brand","embeddable":true,"href":"https:\/\/boutique-one-piece.com\/de\/wp-json\/wp\/v2\/product_brand?post=10601"},{"taxonomy":"product_cat","embeddable":true,"href":"https:\/\/boutique-one-piece.com\/de\/wp-json\/wp\/v2\/product_cat?post=10601"},{"taxonomy":"product_tag","embeddable":true,"href":"https:\/\/boutique-one-piece.com\/de\/wp-json\/wp\/v2\/product_tag?post=10601"}],"curies":[{"name":"wp","href":"https:\/\/api.w.org\/{rel}","templated":true}]}}