{"id":10744,"date":"2022-09-27T20:36:20","date_gmt":"2022-09-27T20:36:20","guid":{"rendered":"https:\/\/boutique-one-piece.com\/uncategorized\/figurine-one-piece-luffy-gear-4-snake-man-28-cm\/"},"modified":"2024-09-16T12:12:41","modified_gmt":"2024-09-16T12:12:41","slug":"one-piece-luffy-gear-4-snake-man-figur-28-cm","status":"publish","type":"product","link":"https:\/\/boutique-one-piece.com\/de\/one-piece-fanartikel\/leckereien-monkey-d-luffy-one-piece\/one-piece-luffy-gear-4-snake-man-figur-28-cm\/","title":{"rendered":"One Piece Luffy Gear 4 Snake Man Figur"},"content":{"rendered":"<h2>Junger Pirat, es ist an der Zeit, dass du dir diese One Piece Luffy Gear 4 Snake Man Figur holst.<\/h2>\n<p>Hier ist, was Sie wissen m\u00fcssen; ; <strong>Gear Fourth<\/strong> est le nom d\u2019une technique de combat de Monkey D. Luffy qui appara\u00eet pour la premi\u00e8re fois dans le combat de ce dernier contre Doflamingo. Cette technique a \u00e9t\u00e9 d\u00e9velopp\u00e9e par Luffy durant son entra\u00eenement sur Rusukaina. Il existe \u00e0 ce jour 3 formes similaires, mais tout de m\u00eame diff\u00e9rentes du Gear Fourth ; le Boundman, le Tankman et enfin le Snakeman.<\/p>\n<p>Ici, il s\u2019agit de <strong>die Schlangenmann-Form<\/strong> ; Cette technique mise bien plus sur la vitesse d\u0092ex\u00e9cution que sur la puissance ou la r\u00e9sistance. Gr\u00e2ce \u00e0 cette forme, les attaques de Luffy font r\u00e9f\u00e9rence \u00e0 diff\u00e9rentes races de serpent (Cobra, couleuvre, mamba noire). D\u2019ailleurs, si tu souhaites agrandir ta collection de figurines, la <a title=\"ONE PIECE MUGIWARA NO LUFFY GEAR 2 FIGUR\" href=\"https:\/\/boutique-one-piece.com\/de\/one-piece-mugiwara-no-luffy-gear-2-figur\/\" target=\"_blank\" rel=\"noopener\">Luffy-Figur in Gear 2<\/a> ist in Ihrer Reichweite.<\/p>\n<h3>Alors, conquis par Luffy et sa technique Gear 4 Snake Man ? Si tel est le cas, n\u2019h\u00e9site plus et deviens un membre \u00e0 part enti\u00e8re de son \u00e9quipage.<\/h3>\n<p>One Piece ist eine Anime-Serie mit 950 Episoden. Sei stolz darauf, Teil dieses Abenteuers zu sein und zeige weiterhin deine Begeisterung f\u00fcr diese Serie. <strong>Diese Objekte<\/strong> sont parfaits pour collectionner, d\u00e9corer ou encore offrir. N\u2019attends plus et prends ton destin entre tes mains, <strong>der One Piece-Schatz<\/strong> n\u2019attends que toi.<\/p>\n<h2>Informationen zur Luffy Gear 4 Snake Man Figur\u00a0<\/h2>\n<ul>\n<li><span><b><u>One Piece Figur<\/u><\/b>\u00a0: Figurine\u00a0 premium de l\u2019univers One Piece pour les vrais pirates<\/span><\/li>\n<\/ul>\n<ul>\n<li>\n<b>Gegenstand<\/b><span>\u00a0<\/span>PVC<\/li>\n<\/ul>\n<ul>\n<li><span><strong>Dimension<\/strong>\u00a028 cm<\/span><\/li>\n<\/ul>\n<ul>\n<li><span><strong>KOSTENLOSE LIEFERUNG<\/strong><\/span><\/li>\n<\/ul>","protected":false},"excerpt":{"rendered":"<p>Jeune pirate, le moment est venu pour toi de te procurer cette Figurine One Piece Luffy Gear 4 Snake Man. Voici ce que tu dois savoir ; Le Gear Fourth est le nom d\u2019une technique de combat de Monkey D. Luffy qui appara\u00eet pour la premi\u00e8re fois dans le combat de ce dernier contre Doflamingo. [&hellip;]<\/p>","protected":false},"featured_media":10746,"comment_status":"open","ping_status":"open","template":"","meta":[],"product_brand":[],"product_cat":[181,76,80],"product_tag":[92],"class_list":{"0":"post-10744","1":"product","2":"type-product","3":"status-publish","4":"has-post-thumbnail","6":"product_cat-figurines-monkey-d-luffy","7":"product_cat-figurines-one-piece","8":"product_cat-goodies-monkey-d-luffy-one-piece","9":"product_tag-luffy","11":"first","12":"instock","13":"purchasable","14":"product-type-simple"},"yoast_head":"<!-- This site is optimized with the Yoast SEO plugin v27.5 - https:\/\/yoast.com\/product\/yoast-seo-wordpress\/ -->\n<title>Figurine One Piece Luffy Gear 4 Snake Man | Figurine One Piece \u2013 Boutique One Piece<\/title>\n<meta name=\"description\" content=\"Jeune pirate, le moment est venu pour toi de te procurer cette Figurine One Piece Luffy Gear 4 Snake Man. Voici ce que tu dois savoir ; Le Gear Fourth est le nom d&#039;une technique de combat de Monkey D. Luffy qui appara\u00eet pour la premi\u00e8re fois dans le combat de ce dernier contre Doflamingo. Cette technique a \u00e9t\u00e9 d\u00e9velopp\" \/>\n<meta name=\"robots\" content=\"index, follow, max-snippet:-1, max-image-preview:large, max-video-preview:-1\" \/>\n<link rel=\"canonical\" href=\"https:\/\/boutique-one-piece.com\/de\/one-piece-figuren\/monkey-d-luffy-figuren\/one-piece-luffy-gear-4-snake-man-figur-28-cm\/\" \/>\n<meta property=\"og:locale\" content=\"de_DE\" \/>\n<meta property=\"og:type\" content=\"article\" \/>\n<meta property=\"og:title\" content=\"Figurine One Piece Luffy Gear 4 Snake Man | Figurine One Piece \u2013 Boutique One Piece\" \/>\n<meta property=\"og:description\" content=\"Jeune pirate, le moment est venu pour toi de te procurer cette Figurine One Piece Luffy Gear 4 Snake Man. Voici ce que tu dois savoir ; Le Gear Fourth est le nom d&#039;une technique de combat de Monkey D. Luffy qui appara\u00eet pour la premi\u00e8re fois dans le combat de ce dernier contre Doflamingo. Cette technique a \u00e9t\u00e9 d\u00e9velopp\" \/>\n<meta property=\"og:url\" content=\"https:\/\/boutique-one-piece.com\/de\/one-piece-figuren\/monkey-d-luffy-figuren\/one-piece-luffy-gear-4-snake-man-figur-28-cm\/\" \/>\n<meta property=\"og:site_name\" content=\"Boutique One Piece\" \/>\n<meta property=\"article:modified_time\" content=\"2024-09-16T12:12:41+00:00\" \/>\n<meta property=\"og:image\" content=\"https:\/\/boutique-one-piece.com\/wp-content\/uploads\/2022\/09\/Figurine-One-Piece-Luffy-Gear-4-Snake-Man-1.jpg\" \/>\n\t<meta property=\"og:image:width\" content=\"800\" \/>\n\t<meta property=\"og:image:height\" content=\"800\" \/>\n\t<meta property=\"og:image:type\" content=\"image\/jpeg\" \/>\n<meta name=\"twitter:card\" content=\"summary_large_image\" \/>\n<meta name=\"twitter:label1\" content=\"Gesch\u00e4tzte Lesezeit\" \/>\n\t<meta name=\"twitter:data1\" content=\"1\u00a0Minute\" \/>\n<script type=\"application\/ld+json\" class=\"yoast-schema-graph\">{\"@context\":\"https:\\\/\\\/schema.org\",\"@graph\":[{\"@type\":\"WebPage\",\"@id\":\"https:\\\/\\\/boutique-one-piece.com\\\/figurines-one-piece\\\/figurines-monkey-d-luffy\\\/figurine-one-piece-luffy-gear-4-snake-man-28-cm\\\/\",\"url\":\"https:\\\/\\\/boutique-one-piece.com\\\/figurines-one-piece\\\/figurines-monkey-d-luffy\\\/figurine-one-piece-luffy-gear-4-snake-man-28-cm\\\/\",\"name\":\"Figurine One Piece Luffy Gear 4 Snake Man | Figurine One Piece \u2013 Boutique One Piece\",\"isPartOf\":{\"@id\":\"https:\\\/\\\/boutique-one-piece.com\\\/#website\"},\"primaryImageOfPage\":{\"@id\":\"https:\\\/\\\/boutique-one-piece.com\\\/figurines-one-piece\\\/figurines-monkey-d-luffy\\\/figurine-one-piece-luffy-gear-4-snake-man-28-cm\\\/#primaryimage\"},\"image\":{\"@id\":\"https:\\\/\\\/boutique-one-piece.com\\\/figurines-one-piece\\\/figurines-monkey-d-luffy\\\/figurine-one-piece-luffy-gear-4-snake-man-28-cm\\\/#primaryimage\"},\"thumbnailUrl\":\"https:\\\/\\\/boutique-one-piece.com\\\/wp-content\\\/uploads\\\/2022\\\/09\\\/Figurine-One-Piece-Luffy-Gear-4-Snake-Man-1.jpg\",\"datePublished\":\"2022-09-27T20:36:20+00:00\",\"dateModified\":\"2024-09-16T12:12:41+00:00\",\"description\":\"Jeune pirate, le moment est venu pour toi de te procurer cette Figurine One Piece Luffy Gear 4 Snake Man. Voici ce que tu dois savoir ; Le Gear Fourth est le nom d'une technique de combat de Monkey D. Luffy qui appara\u00eet pour la premi\u00e8re fois dans le combat de ce dernier contre Doflamingo. Cette technique a \u00e9t\u00e9 d\u00e9velopp\",\"breadcrumb\":{\"@id\":\"https:\\\/\\\/boutique-one-piece.com\\\/figurines-one-piece\\\/figurines-monkey-d-luffy\\\/figurine-one-piece-luffy-gear-4-snake-man-28-cm\\\/#breadcrumb\"},\"inLanguage\":\"de\",\"potentialAction\":[{\"@type\":\"ReadAction\",\"target\":[\"https:\\\/\\\/boutique-one-piece.com\\\/figurines-one-piece\\\/figurines-monkey-d-luffy\\\/figurine-one-piece-luffy-gear-4-snake-man-28-cm\\\/\"]}]},{\"@type\":\"ImageObject\",\"inLanguage\":\"de\",\"@id\":\"https:\\\/\\\/boutique-one-piece.com\\\/figurines-one-piece\\\/figurines-monkey-d-luffy\\\/figurine-one-piece-luffy-gear-4-snake-man-28-cm\\\/#primaryimage\",\"url\":\"https:\\\/\\\/boutique-one-piece.com\\\/wp-content\\\/uploads\\\/2022\\\/09\\\/Figurine-One-Piece-Luffy-Gear-4-Snake-Man-1.jpg\",\"contentUrl\":\"https:\\\/\\\/boutique-one-piece.com\\\/wp-content\\\/uploads\\\/2022\\\/09\\\/Figurine-One-Piece-Luffy-Gear-4-Snake-Man-1.jpg\",\"width\":800,\"height\":800},{\"@type\":\"BreadcrumbList\",\"@id\":\"https:\\\/\\\/boutique-one-piece.com\\\/figurines-one-piece\\\/figurines-monkey-d-luffy\\\/figurine-one-piece-luffy-gear-4-snake-man-28-cm\\\/#breadcrumb\",\"itemListElement\":[{\"@type\":\"ListItem\",\"position\":1,\"name\":\"Home\",\"item\":\"https:\\\/\\\/boutique-one-piece.com\\\/\"},{\"@type\":\"ListItem\",\"position\":2,\"name\":\"Shop\",\"item\":\"https:\\\/\\\/boutique-one-piece.com\\\/shop\\\/\"},{\"@type\":\"ListItem\",\"position\":3,\"name\":\"Figurine One Piece Luffy Gear 4 Snake Man\"}]},{\"@type\":\"WebSite\",\"@id\":\"https:\\\/\\\/boutique-one-piece.com\\\/#website\",\"url\":\"https:\\\/\\\/boutique-one-piece.com\\\/\",\"name\":\"Boutique One Piece\",\"description\":\"Magasin Sp\u00e9cialis\u00e9 du Manga et l&#039;Anime One Piece\",\"publisher\":{\"@id\":\"https:\\\/\\\/boutique-one-piece.com\\\/#organization\"},\"potentialAction\":[{\"@type\":\"SearchAction\",\"target\":{\"@type\":\"EntryPoint\",\"urlTemplate\":\"https:\\\/\\\/boutique-one-piece.com\\\/?s={search_term_string}\"},\"query-input\":{\"@type\":\"PropertyValueSpecification\",\"valueRequired\":true,\"valueName\":\"search_term_string\"}}],\"inLanguage\":\"de\"},{\"@type\":\"Organization\",\"@id\":\"https:\\\/\\\/boutique-one-piece.com\\\/#organization\",\"name\":\"Boutique One Piece\",\"url\":\"https:\\\/\\\/boutique-one-piece.com\\\/\",\"logo\":{\"@type\":\"ImageObject\",\"inLanguage\":\"de\",\"@id\":\"https:\\\/\\\/boutique-one-piece.com\\\/#\\\/schema\\\/logo\\\/image\\\/\",\"url\":\"https:\\\/\\\/boutique-one-piece.com\\\/wp-content\\\/uploads\\\/2022\\\/09\\\/Logo-01.png\",\"contentUrl\":\"https:\\\/\\\/boutique-one-piece.com\\\/wp-content\\\/uploads\\\/2022\\\/09\\\/Logo-01.png\",\"width\":2318,\"height\":957,\"caption\":\"Boutique One Piece\"},\"image\":{\"@id\":\"https:\\\/\\\/boutique-one-piece.com\\\/#\\\/schema\\\/logo\\\/image\\\/\"}}]}<\/script>\n<!-- \/ Yoast SEO plugin. -->","yoast_head_json":{"title":"One Piece Luffy Gear 4 Snake Man Figur | One Piece Figur \u2013 One Piece Shop","description":"Junger Pirat, es ist soweit! Schnapp dir diese One Piece Luffy Gear 4 Snake Man Figur. Hier die wichtigsten Infos: Gear Fourth ist der Name einer Kampftechnik von Monkey D. Luffy, die er erstmals im Kampf gegen Doflamingo einsetzte. Diese Technik wurde entwickelt","robots":{"index":"index","follow":"follow","max-snippet":"max-snippet:-1","max-image-preview":"max-image-preview:large","max-video-preview":"max-video-preview:-1"},"canonical":"https:\/\/boutique-one-piece.com\/de\/one-piece-figuren\/monkey-d-luffy-figuren\/one-piece-luffy-gear-4-snake-man-figur-28-cm\/","og_locale":"de_DE","og_type":"article","og_title":"Figurine One Piece Luffy Gear 4 Snake Man | Figurine One Piece \u2013 Boutique One Piece","og_description":"Jeune pirate, le moment est venu pour toi de te procurer cette Figurine One Piece Luffy Gear 4 Snake Man. Voici ce que tu dois savoir ; Le Gear Fourth est le nom d'une technique de combat de Monkey D. Luffy qui appara\u00eet pour la premi\u00e8re fois dans le combat de ce dernier contre Doflamingo. Cette technique a \u00e9t\u00e9 d\u00e9velopp","og_url":"https:\/\/boutique-one-piece.com\/de\/one-piece-figuren\/monkey-d-luffy-figuren\/one-piece-luffy-gear-4-snake-man-figur-28-cm\/","og_site_name":"Boutique One Piece","article_modified_time":"2024-09-16T12:12:41+00:00","og_image":[{"width":800,"height":800,"url":"https:\/\/boutique-one-piece.com\/wp-content\/uploads\/2022\/09\/Figurine-One-Piece-Luffy-Gear-4-Snake-Man-1.jpg","type":"image\/jpeg"}],"twitter_card":"summary_large_image","twitter_misc":{"Gesch\u00e4tzte Lesezeit":"1\u00a0Minute"},"schema":{"@context":"https:\/\/schema.org","@graph":[{"@type":"WebPage","@id":"https:\/\/boutique-one-piece.com\/figurines-one-piece\/figurines-monkey-d-luffy\/figurine-one-piece-luffy-gear-4-snake-man-28-cm\/","url":"https:\/\/boutique-one-piece.com\/figurines-one-piece\/figurines-monkey-d-luffy\/figurine-one-piece-luffy-gear-4-snake-man-28-cm\/","name":"One Piece Luffy Gear 4 Snake Man Figur | One Piece Figur \u2013 One Piece Shop","isPartOf":{"@id":"https:\/\/boutique-one-piece.com\/#website"},"primaryImageOfPage":{"@id":"https:\/\/boutique-one-piece.com\/figurines-one-piece\/figurines-monkey-d-luffy\/figurine-one-piece-luffy-gear-4-snake-man-28-cm\/#primaryimage"},"image":{"@id":"https:\/\/boutique-one-piece.com\/figurines-one-piece\/figurines-monkey-d-luffy\/figurine-one-piece-luffy-gear-4-snake-man-28-cm\/#primaryimage"},"thumbnailUrl":"https:\/\/boutique-one-piece.com\/wp-content\/uploads\/2022\/09\/Figurine-One-Piece-Luffy-Gear-4-Snake-Man-1.jpg","datePublished":"2022-09-27T20:36:20+00:00","dateModified":"2024-09-16T12:12:41+00:00","description":"Junger Pirat, es ist soweit! Schnapp dir diese One Piece Luffy Gear 4 Snake Man Figur. Hier die wichtigsten Infos: Gear Fourth ist der Name einer Kampftechnik von Monkey D. Luffy, die er erstmals im Kampf gegen Doflamingo einsetzte. Diese Technik wurde entwickelt","breadcrumb":{"@id":"https:\/\/boutique-one-piece.com\/figurines-one-piece\/figurines-monkey-d-luffy\/figurine-one-piece-luffy-gear-4-snake-man-28-cm\/#breadcrumb"},"inLanguage":"de","potentialAction":[{"@type":"ReadAction","target":["https:\/\/boutique-one-piece.com\/figurines-one-piece\/figurines-monkey-d-luffy\/figurine-one-piece-luffy-gear-4-snake-man-28-cm\/"]}]},{"@type":"ImageObject","inLanguage":"de","@id":"https:\/\/boutique-one-piece.com\/figurines-one-piece\/figurines-monkey-d-luffy\/figurine-one-piece-luffy-gear-4-snake-man-28-cm\/#primaryimage","url":"https:\/\/boutique-one-piece.com\/wp-content\/uploads\/2022\/09\/Figurine-One-Piece-Luffy-Gear-4-Snake-Man-1.jpg","contentUrl":"https:\/\/boutique-one-piece.com\/wp-content\/uploads\/2022\/09\/Figurine-One-Piece-Luffy-Gear-4-Snake-Man-1.jpg","width":800,"height":800},{"@type":"BreadcrumbList","@id":"https:\/\/boutique-one-piece.com\/figurines-one-piece\/figurines-monkey-d-luffy\/figurine-one-piece-luffy-gear-4-snake-man-28-cm\/#breadcrumb","itemListElement":[{"@type":"ListItem","position":1,"name":"Home","item":"https:\/\/boutique-one-piece.com\/"},{"@type":"ListItem","position":2,"name":"Shop","item":"https:\/\/boutique-one-piece.com\/shop\/"},{"@type":"ListItem","position":3,"name":"Figurine One Piece Luffy Gear 4 Snake Man"}]},{"@type":"WebSite","@id":"https:\/\/boutique-one-piece.com\/#website","url":"https:\/\/boutique-one-piece.com\/","name":"One Piece Shop","description":"Fachgesch\u00e4ft f\u00fcr One Piece Manga und Anime","publisher":{"@id":"https:\/\/boutique-one-piece.com\/#organization"},"potentialAction":[{"@type":"SearchAction","target":{"@type":"EntryPoint","urlTemplate":"https:\/\/boutique-one-piece.com\/?s={search_term_string}"},"query-input":{"@type":"PropertyValueSpecification","valueRequired":true,"valueName":"search_term_string"}}],"inLanguage":"de"},{"@type":"Organization","@id":"https:\/\/boutique-one-piece.com\/#organization","name":"One Piece Shop","url":"https:\/\/boutique-one-piece.com\/","logo":{"@type":"ImageObject","inLanguage":"de","@id":"https:\/\/boutique-one-piece.com\/#\/schema\/logo\/image\/","url":"https:\/\/boutique-one-piece.com\/wp-content\/uploads\/2022\/09\/Logo-01.png","contentUrl":"https:\/\/boutique-one-piece.com\/wp-content\/uploads\/2022\/09\/Logo-01.png","width":2318,"height":957,"caption":"Boutique One Piece"},"image":{"@id":"https:\/\/boutique-one-piece.com\/#\/schema\/logo\/image\/"}}]}},"_links":{"self":[{"href":"https:\/\/boutique-one-piece.com\/de\/wp-json\/wp\/v2\/product\/10744","targetHints":{"allow":["GET"]}}],"collection":[{"href":"https:\/\/boutique-one-piece.com\/de\/wp-json\/wp\/v2\/product"}],"about":[{"href":"https:\/\/boutique-one-piece.com\/de\/wp-json\/wp\/v2\/types\/product"}],"replies":[{"embeddable":true,"href":"https:\/\/boutique-one-piece.com\/de\/wp-json\/wp\/v2\/comments?post=10744"}],"wp:featuredmedia":[{"embeddable":true,"href":"https:\/\/boutique-one-piece.com\/de\/wp-json\/wp\/v2\/media\/10746"}],"wp:attachment":[{"href":"https:\/\/boutique-one-piece.com\/de\/wp-json\/wp\/v2\/media?parent=10744"}],"wp:term":[{"taxonomy":"product_brand","embeddable":true,"href":"https:\/\/boutique-one-piece.com\/de\/wp-json\/wp\/v2\/product_brand?post=10744"},{"taxonomy":"product_cat","embeddable":true,"href":"https:\/\/boutique-one-piece.com\/de\/wp-json\/wp\/v2\/product_cat?post=10744"},{"taxonomy":"product_tag","embeddable":true,"href":"https:\/\/boutique-one-piece.com\/de\/wp-json\/wp\/v2\/product_tag?post=10744"}],"curies":[{"name":"wp","href":"https:\/\/api.w.org\/{rel}","templated":true}]}}