{"id":10819,"date":"2022-09-27T20:36:46","date_gmt":"2022-09-27T20:36:46","guid":{"rendered":"https:\/\/boutique-one-piece.com\/uncategorized\/poster-one-piece-ace-et-son-poing-en-flamme\/"},"modified":"2024-09-16T12:14:40","modified_gmt":"2024-09-16T12:14:40","slug":"one-piece-poster-von-ace-und-seiner-flammenden-faust","status":"publish","type":"product","link":"https:\/\/boutique-one-piece.com\/de\/one-piece-dekorationen\/one-piece-poster\/one-piece-poster-von-ace-und-seiner-flammenden-faust\/","title":{"rendered":"One Piece-Poster von Ace und seiner flammenden Faust"},"content":{"rendered":"<ul>\n<li><span><b><u>One Piece Poster<\/u><\/b>\u00a0Ein authentisches One Piece-Universum-Poster f\u00fcr echte Piraten.<\/span><\/li>\n<\/ul>\n<ul>\n<li><span><strong>Hochwertiger Druck<\/strong>\u00a0akkurate Farben<\/span><\/li>\n<\/ul>\n<ul>\n<li><span><strong>Dimension<\/strong>\u00a020x30cm 30x40cm 40x50cm 45x60cm 50x70cm 60x80cm<\/span><\/li>\n<li>\n<strong>KOSTENLOSE LIEFERUNG<\/strong>\n<\/li>\n<\/ul>","protected":false},"excerpt":{"rendered":"<p>One Piece Poster: Das authentische One Piece Poster f\u00fcr echte Piraten. Hochwertiger Druck mit originalgetreuen Farben. Gr\u00f6\u00dfen: 20x30cm, 30x40cm, 40x50cm, 45x60cm, 50x70cm, 60x80cm. Kostenloser Versand.<\/p>","protected":false},"featured_media":10821,"comment_status":"open","ping_status":"open","template":"","meta":[],"product_brand":[],"product_cat":[219],"product_tag":[],"class_list":{"0":"post-10819","1":"product","2":"type-product","3":"status-publish","4":"has-post-thumbnail","6":"product_cat-posters-one-piece","8":"first","9":"instock","10":"purchasable","11":"product-type-variable","12":"has-default-attributes"},"yoast_head":"<!-- This site is optimized with the Yoast SEO plugin v27.5 - https:\/\/yoast.com\/product\/yoast-seo-wordpress\/ -->\n<title>Poster One Piece Ace Et Son Poing En Flamme | D\u00e9coration One Piece<\/title>\n<meta name=\"description\" content=\"Poster One Piece\u00a0: v\u00e9ritable poster de l&#039;univers One Piece pour les vrais pirates Impression de Haute Qualit\u00e9\u00a0: couleurs fid\u00e8les Dimension\u00a0:\u00a020x30cm\u00a030x40cm\u00a040x50cm\u00a045x60cm 50x70cm\u00a060x80cm LIVRAISON OFFERTE\" \/>\n<meta name=\"robots\" content=\"index, follow, max-snippet:-1, max-image-preview:large, max-video-preview:-1\" \/>\n<link rel=\"canonical\" href=\"https:\/\/boutique-one-piece.com\/de\/one-piece-dekorationen\/one-piece-poster\/one-piece-poster-von-ace-und-seiner-flammenden-faust\/\" \/>\n<meta property=\"og:locale\" content=\"de_DE\" \/>\n<meta property=\"og:type\" content=\"article\" \/>\n<meta property=\"og:title\" content=\"Poster One Piece Ace Et Son Poing En Flamme | D\u00e9coration One Piece\" \/>\n<meta property=\"og:description\" content=\"Poster One Piece\u00a0: v\u00e9ritable poster de l&#039;univers One Piece pour les vrais pirates Impression de Haute Qualit\u00e9\u00a0: couleurs fid\u00e8les Dimension\u00a0:\u00a020x30cm\u00a030x40cm\u00a040x50cm\u00a045x60cm 50x70cm\u00a060x80cm LIVRAISON OFFERTE\" \/>\n<meta property=\"og:url\" content=\"https:\/\/boutique-one-piece.com\/de\/one-piece-dekorationen\/one-piece-poster\/one-piece-poster-von-ace-und-seiner-flammenden-faust\/\" \/>\n<meta property=\"og:site_name\" content=\"Boutique One Piece\" \/>\n<meta property=\"article:modified_time\" content=\"2024-09-16T12:14:40+00:00\" \/>\n<meta property=\"og:image\" content=\"https:\/\/boutique-one-piece.com\/wp-content\/uploads\/2022\/09\/Poster-One-Piece-Ace-Et-Son-Poing-En-Flamme.jpg\" \/>\n\t<meta property=\"og:image:width\" content=\"640\" \/>\n\t<meta property=\"og:image:height\" content=\"640\" \/>\n\t<meta property=\"og:image:type\" content=\"image\/jpeg\" \/>\n<meta name=\"twitter:card\" content=\"summary_large_image\" \/>\n<script type=\"application\/ld+json\" class=\"yoast-schema-graph\">{\"@context\":\"https:\\\/\\\/schema.org\",\"@graph\":[{\"@type\":\"WebPage\",\"@id\":\"https:\\\/\\\/boutique-one-piece.com\\\/decorations-one-piece\\\/posters-one-piece\\\/poster-one-piece-ace-et-son-poing-en-flamme\\\/\",\"url\":\"https:\\\/\\\/boutique-one-piece.com\\\/decorations-one-piece\\\/posters-one-piece\\\/poster-one-piece-ace-et-son-poing-en-flamme\\\/\",\"name\":\"Poster One Piece Ace Et Son Poing En Flamme | D\u00e9coration One Piece\",\"isPartOf\":{\"@id\":\"https:\\\/\\\/boutique-one-piece.com\\\/#website\"},\"primaryImageOfPage\":{\"@id\":\"https:\\\/\\\/boutique-one-piece.com\\\/decorations-one-piece\\\/posters-one-piece\\\/poster-one-piece-ace-et-son-poing-en-flamme\\\/#primaryimage\"},\"image\":{\"@id\":\"https:\\\/\\\/boutique-one-piece.com\\\/decorations-one-piece\\\/posters-one-piece\\\/poster-one-piece-ace-et-son-poing-en-flamme\\\/#primaryimage\"},\"thumbnailUrl\":\"https:\\\/\\\/boutique-one-piece.com\\\/wp-content\\\/uploads\\\/2022\\\/09\\\/Poster-One-Piece-Ace-Et-Son-Poing-En-Flamme.jpg\",\"datePublished\":\"2022-09-27T20:36:46+00:00\",\"dateModified\":\"2024-09-16T12:14:40+00:00\",\"description\":\"Poster One Piece\u00a0: v\u00e9ritable poster de l'univers One Piece pour les vrais pirates Impression de Haute Qualit\u00e9\u00a0: couleurs fid\u00e8les Dimension\u00a0:\u00a020x30cm\u00a030x40cm\u00a040x50cm\u00a045x60cm 50x70cm\u00a060x80cm LIVRAISON OFFERTE\",\"breadcrumb\":{\"@id\":\"https:\\\/\\\/boutique-one-piece.com\\\/decorations-one-piece\\\/posters-one-piece\\\/poster-one-piece-ace-et-son-poing-en-flamme\\\/#breadcrumb\"},\"inLanguage\":\"de\",\"potentialAction\":[{\"@type\":\"ReadAction\",\"target\":[\"https:\\\/\\\/boutique-one-piece.com\\\/decorations-one-piece\\\/posters-one-piece\\\/poster-one-piece-ace-et-son-poing-en-flamme\\\/\"]}]},{\"@type\":\"ImageObject\",\"inLanguage\":\"de\",\"@id\":\"https:\\\/\\\/boutique-one-piece.com\\\/decorations-one-piece\\\/posters-one-piece\\\/poster-one-piece-ace-et-son-poing-en-flamme\\\/#primaryimage\",\"url\":\"https:\\\/\\\/boutique-one-piece.com\\\/wp-content\\\/uploads\\\/2022\\\/09\\\/Poster-One-Piece-Ace-Et-Son-Poing-En-Flamme.jpg\",\"contentUrl\":\"https:\\\/\\\/boutique-one-piece.com\\\/wp-content\\\/uploads\\\/2022\\\/09\\\/Poster-One-Piece-Ace-Et-Son-Poing-En-Flamme.jpg\",\"width\":640,\"height\":640,\"caption\":\"Poster One Piece Ace Et Son Poing En Flamme 60x80cm\"},{\"@type\":\"BreadcrumbList\",\"@id\":\"https:\\\/\\\/boutique-one-piece.com\\\/decorations-one-piece\\\/posters-one-piece\\\/poster-one-piece-ace-et-son-poing-en-flamme\\\/#breadcrumb\",\"itemListElement\":[{\"@type\":\"ListItem\",\"position\":1,\"name\":\"Home\",\"item\":\"https:\\\/\\\/boutique-one-piece.com\\\/\"},{\"@type\":\"ListItem\",\"position\":2,\"name\":\"Shop\",\"item\":\"https:\\\/\\\/boutique-one-piece.com\\\/shop\\\/\"},{\"@type\":\"ListItem\",\"position\":3,\"name\":\"Poster One Piece Ace Et Son Poing En Flamme\"}]},{\"@type\":\"WebSite\",\"@id\":\"https:\\\/\\\/boutique-one-piece.com\\\/#website\",\"url\":\"https:\\\/\\\/boutique-one-piece.com\\\/\",\"name\":\"Boutique One Piece\",\"description\":\"Magasin Sp\u00e9cialis\u00e9 du Manga et l&#039;Anime One Piece\",\"publisher\":{\"@id\":\"https:\\\/\\\/boutique-one-piece.com\\\/#organization\"},\"potentialAction\":[{\"@type\":\"SearchAction\",\"target\":{\"@type\":\"EntryPoint\",\"urlTemplate\":\"https:\\\/\\\/boutique-one-piece.com\\\/?s={search_term_string}\"},\"query-input\":{\"@type\":\"PropertyValueSpecification\",\"valueRequired\":true,\"valueName\":\"search_term_string\"}}],\"inLanguage\":\"de\"},{\"@type\":\"Organization\",\"@id\":\"https:\\\/\\\/boutique-one-piece.com\\\/#organization\",\"name\":\"Boutique One Piece\",\"url\":\"https:\\\/\\\/boutique-one-piece.com\\\/\",\"logo\":{\"@type\":\"ImageObject\",\"inLanguage\":\"de\",\"@id\":\"https:\\\/\\\/boutique-one-piece.com\\\/#\\\/schema\\\/logo\\\/image\\\/\",\"url\":\"https:\\\/\\\/boutique-one-piece.com\\\/wp-content\\\/uploads\\\/2022\\\/09\\\/Logo-01.png\",\"contentUrl\":\"https:\\\/\\\/boutique-one-piece.com\\\/wp-content\\\/uploads\\\/2022\\\/09\\\/Logo-01.png\",\"width\":2318,\"height\":957,\"caption\":\"Boutique One Piece\"},\"image\":{\"@id\":\"https:\\\/\\\/boutique-one-piece.com\\\/#\\\/schema\\\/logo\\\/image\\\/\"}}]}<\/script>\n<!-- \/ Yoast SEO plugin. -->","yoast_head_json":{"title":"One Piece Ace und seine Flammende Faust Poster | One Piece Dekoration","description":"One Piece Poster: Das authentische One Piece Poster f\u00fcr echte Piraten. Hochwertiger Druck mit originalgetreuen Farben. Gr\u00f6\u00dfen: 20x30cm, 30x40cm, 40x50cm, 45x60cm, 50x70cm, 60x80cm. Kostenloser Versand.","robots":{"index":"index","follow":"follow","max-snippet":"max-snippet:-1","max-image-preview":"max-image-preview:large","max-video-preview":"max-video-preview:-1"},"canonical":"https:\/\/boutique-one-piece.com\/de\/one-piece-dekorationen\/one-piece-poster\/one-piece-poster-von-ace-und-seiner-flammenden-faust\/","og_locale":"de_DE","og_type":"article","og_title":"Poster One Piece Ace Et Son Poing En Flamme | D\u00e9coration One Piece","og_description":"Poster One Piece\u00a0: v\u00e9ritable poster de l'univers One Piece pour les vrais pirates Impression de Haute Qualit\u00e9\u00a0: couleurs fid\u00e8les Dimension\u00a0:\u00a020x30cm\u00a030x40cm\u00a040x50cm\u00a045x60cm 50x70cm\u00a060x80cm LIVRAISON OFFERTE","og_url":"https:\/\/boutique-one-piece.com\/de\/one-piece-dekorationen\/one-piece-poster\/one-piece-poster-von-ace-und-seiner-flammenden-faust\/","og_site_name":"Boutique One Piece","article_modified_time":"2024-09-16T12:14:40+00:00","og_image":[{"width":640,"height":640,"url":"https:\/\/boutique-one-piece.com\/wp-content\/uploads\/2022\/09\/Poster-One-Piece-Ace-Et-Son-Poing-En-Flamme.jpg","type":"image\/jpeg"}],"twitter_card":"summary_large_image","schema":{"@context":"https:\/\/schema.org","@graph":[{"@type":"WebPage","@id":"https:\/\/boutique-one-piece.com\/decorations-one-piece\/posters-one-piece\/poster-one-piece-ace-et-son-poing-en-flamme\/","url":"https:\/\/boutique-one-piece.com\/decorations-one-piece\/posters-one-piece\/poster-one-piece-ace-et-son-poing-en-flamme\/","name":"One Piece Ace und seine Flammende Faust Poster | One Piece Dekoration","isPartOf":{"@id":"https:\/\/boutique-one-piece.com\/#website"},"primaryImageOfPage":{"@id":"https:\/\/boutique-one-piece.com\/decorations-one-piece\/posters-one-piece\/poster-one-piece-ace-et-son-poing-en-flamme\/#primaryimage"},"image":{"@id":"https:\/\/boutique-one-piece.com\/decorations-one-piece\/posters-one-piece\/poster-one-piece-ace-et-son-poing-en-flamme\/#primaryimage"},"thumbnailUrl":"https:\/\/boutique-one-piece.com\/wp-content\/uploads\/2022\/09\/Poster-One-Piece-Ace-Et-Son-Poing-En-Flamme.jpg","datePublished":"2022-09-27T20:36:46+00:00","dateModified":"2024-09-16T12:14:40+00:00","description":"One Piece Poster: Das authentische One Piece Poster f\u00fcr echte Piraten. Hochwertiger Druck mit originalgetreuen Farben. Gr\u00f6\u00dfen: 20x30cm, 30x40cm, 40x50cm, 45x60cm, 50x70cm, 60x80cm. Kostenloser Versand.","breadcrumb":{"@id":"https:\/\/boutique-one-piece.com\/decorations-one-piece\/posters-one-piece\/poster-one-piece-ace-et-son-poing-en-flamme\/#breadcrumb"},"inLanguage":"de","potentialAction":[{"@type":"ReadAction","target":["https:\/\/boutique-one-piece.com\/decorations-one-piece\/posters-one-piece\/poster-one-piece-ace-et-son-poing-en-flamme\/"]}]},{"@type":"ImageObject","inLanguage":"de","@id":"https:\/\/boutique-one-piece.com\/decorations-one-piece\/posters-one-piece\/poster-one-piece-ace-et-son-poing-en-flamme\/#primaryimage","url":"https:\/\/boutique-one-piece.com\/wp-content\/uploads\/2022\/09\/Poster-One-Piece-Ace-Et-Son-Poing-En-Flamme.jpg","contentUrl":"https:\/\/boutique-one-piece.com\/wp-content\/uploads\/2022\/09\/Poster-One-Piece-Ace-Et-Son-Poing-En-Flamme.jpg","width":640,"height":640,"caption":"Poster One Piece Ace Et Son Poing En Flamme 60x80cm"},{"@type":"BreadcrumbList","@id":"https:\/\/boutique-one-piece.com\/decorations-one-piece\/posters-one-piece\/poster-one-piece-ace-et-son-poing-en-flamme\/#breadcrumb","itemListElement":[{"@type":"ListItem","position":1,"name":"Home","item":"https:\/\/boutique-one-piece.com\/"},{"@type":"ListItem","position":2,"name":"Shop","item":"https:\/\/boutique-one-piece.com\/shop\/"},{"@type":"ListItem","position":3,"name":"Poster One Piece Ace Et Son Poing En Flamme"}]},{"@type":"WebSite","@id":"https:\/\/boutique-one-piece.com\/#website","url":"https:\/\/boutique-one-piece.com\/","name":"One Piece Shop","description":"Fachgesch\u00e4ft f\u00fcr One Piece Manga und Anime","publisher":{"@id":"https:\/\/boutique-one-piece.com\/#organization"},"potentialAction":[{"@type":"SearchAction","target":{"@type":"EntryPoint","urlTemplate":"https:\/\/boutique-one-piece.com\/?s={search_term_string}"},"query-input":{"@type":"PropertyValueSpecification","valueRequired":true,"valueName":"search_term_string"}}],"inLanguage":"de"},{"@type":"Organization","@id":"https:\/\/boutique-one-piece.com\/#organization","name":"One Piece Shop","url":"https:\/\/boutique-one-piece.com\/","logo":{"@type":"ImageObject","inLanguage":"de","@id":"https:\/\/boutique-one-piece.com\/#\/schema\/logo\/image\/","url":"https:\/\/boutique-one-piece.com\/wp-content\/uploads\/2022\/09\/Logo-01.png","contentUrl":"https:\/\/boutique-one-piece.com\/wp-content\/uploads\/2022\/09\/Logo-01.png","width":2318,"height":957,"caption":"Boutique One Piece"},"image":{"@id":"https:\/\/boutique-one-piece.com\/#\/schema\/logo\/image\/"}}]}},"_links":{"self":[{"href":"https:\/\/boutique-one-piece.com\/de\/wp-json\/wp\/v2\/product\/10819","targetHints":{"allow":["GET"]}}],"collection":[{"href":"https:\/\/boutique-one-piece.com\/de\/wp-json\/wp\/v2\/product"}],"about":[{"href":"https:\/\/boutique-one-piece.com\/de\/wp-json\/wp\/v2\/types\/product"}],"replies":[{"embeddable":true,"href":"https:\/\/boutique-one-piece.com\/de\/wp-json\/wp\/v2\/comments?post=10819"}],"wp:featuredmedia":[{"embeddable":true,"href":"https:\/\/boutique-one-piece.com\/de\/wp-json\/wp\/v2\/media\/10821"}],"wp:attachment":[{"href":"https:\/\/boutique-one-piece.com\/de\/wp-json\/wp\/v2\/media?parent=10819"}],"wp:term":[{"taxonomy":"product_brand","embeddable":true,"href":"https:\/\/boutique-one-piece.com\/de\/wp-json\/wp\/v2\/product_brand?post=10819"},{"taxonomy":"product_cat","embeddable":true,"href":"https:\/\/boutique-one-piece.com\/de\/wp-json\/wp\/v2\/product_cat?post=10819"},{"taxonomy":"product_tag","embeddable":true,"href":"https:\/\/boutique-one-piece.com\/de\/wp-json\/wp\/v2\/product_tag?post=10819"}],"curies":[{"name":"wp","href":"https:\/\/api.w.org\/{rel}","templated":true}]}}