{"id":11032,"date":"2022-09-27T20:38:16","date_gmt":"2022-09-27T20:38:16","guid":{"rendered":"https:\/\/boutique-one-piece.com\/uncategorized\/bomber-one-piece-ace\/"},"modified":"2024-12-13T07:51:52","modified_gmt":"2024-12-13T07:51:52","slug":"bomber-one-piece-ass","status":"publish","type":"product","link":"https:\/\/boutique-one-piece.com\/de\/einteilige-kleidung\/einteilige-jacken\/bomber-one-piece-ass\/","title":{"rendered":"Bomber One Piece Ace"},"content":{"rendered":"<h2>\n<b>Gr\u00fcne Bomberjacke von One Piece mit Porgas D. Ace, Kommandant der zweiten Flotte der Whitebeard-Piraten.<\/b><b>,\u00a0<\/b>Eine super hochwertige Bomberjacke f\u00fcr einen Piraten wie dich!<\/h2>\n<p>Wenn Sie ein\u00a0<strong>echter Pirat<\/strong>, Sie werden es zu sch\u00e4tzen wissen\u00a0<strong>Qualit\u00e4t<\/strong>\u00a0Stoff und\u00a0<strong>3D-Leinwanddruck<\/strong>\u00a0davon<span>\u00a0<\/span><strong>Einteilige Jacke<\/strong>\u00a0Aber am wichtigsten ist, dass <strong>bedruckte Bomberjacke<\/strong>\u00a0Das liegt daran, dass du ein Teil davon sein wirst\u00a0<strong>die Fan-Crew<\/strong>\u00a0von\u00a0<strong>Piraten-Manga<\/strong>\u00a0und Sie erhalten:<\/p>\n<ul>\n<li>\u00a0<strong>Bewunderung<\/strong>\u00a0aller Fans von<span>\u00a0<\/span><strong>das Universum<\/strong><span>\u00a0<\/span>der<span>\u00a0<\/span><strong>Lizenz<\/strong><span>\u00a0<\/span>von<span>\u00a0<\/span><strong>Manga<\/strong>\u00a0dass Sie antreffen werden<\/li>\n<\/ul>\n<ul>\n<li>Ein echter <b>Jacke<\/b>\u00a0mit dem Sie\u00a0<strong>Aktie<\/strong><span>\u00a0<\/span>dein<span>\u00a0<\/span><strong>Hingabe<\/strong><span>\u00a0<\/span>F\u00fcr<span>\u00a0<\/span><strong>Ein St\u00fcck<\/strong>\n<\/li>\n<\/ul>\n<p>Also, bereit, das zu tragen\u00a0<strong>Farben\u00a0<\/strong>von<b>\u00a0<\/b>dein<b><span>\u00a0<\/span>Lieblingsmanga<\/b>\u00a0?<\/p>\n<h2>Bist du ein Fan des One Piece Mangas oder Animes? Zeig es mit dieser One Piece Bomberjacke!<\/h2>\n<p>Wenn du\u00a0<strong>lesen<\/strong>\u00a0oder wo auch immer Sie hinschauen\u00a0<span>\u00a0<\/span><strong>Japanische Anime<\/strong>, Die Wahrscheinlichkeit ist gro\u00df, dass du geworden bist\u00a0<strong>Ich bin total verr\u00fcckt nach One Piece.<\/strong>\u00a0Damit\u00a0<strong>One Piece Ace Jacke<\/strong>, schlie\u00df dich der an\u2019<strong>Eine Gruppe von Fans der Franchise<\/strong><\/p>\n<p>Das<strong><\/strong>alle<span>\u00a0<\/span><strong>gr\u00fcne Bomberjacke<\/strong>\u00a0ist in folgenden Gr\u00f6\u00dfen erh\u00e4ltlich\u00a0<strong>XS<\/strong>,\u00a0<strong>S<\/strong>,<strong>\u00a0M<\/strong>,<strong>\u00a0L<\/strong>,\u00a0<strong>XL<\/strong>,\u00a0<strong>XXL<\/strong>, <strong>3XL<\/strong>, <strong>4XL<\/strong>, Es eignet sich f\u00fcr alle Arten von Piraten.,<span>\u00a0<\/span><strong>Mann<\/strong>\u00a0Oder<span>\u00a0<\/span><strong>Frauen<\/strong>, selbst wenn Sie nicht haben\u00a0<strong>Schwert<\/strong>\u00a0oder\u00a0<strong>Teufelsfrucht<\/strong>\u00a0Du kannst es immer noch mit Stolz tragen.<\/p>\n<h2>Informationen zum Bomber:\u00a0<\/h2>\n<p><span><\/span><span><\/span><span><\/span><span><\/span><\/p>\n<ul><\/ul>\n<ul><\/ul>\n<ul>\n<li>\n<strong>Hochwertige One Piece Bomberjacke\u00a0<\/strong><span>:\u00a0<\/span>Es hat ein hohes Papiergewicht und ist aus hochwertigen Materialien gefertigt.<\/li>\n<\/ul>\n<ul>\n<li><span><strong>Baumwollfutter<\/strong>\u00a0Bomberjacke mit Baumwollfutter, guter Schutz vor K\u00e4lte<\/span><\/li>\n<\/ul>\n<ul>\n<li><span><strong>Streetwear-Stil\u00a0<\/strong>Dank ihres \u00abFlieger\u00bb-Schnitts verleiht die Bomberjacke einen l\u00e4ssigen Look<\/span><\/li>\n<\/ul>\n<ul>\n<li>\n<strong>Sehr komfortabel<span>\u00a0<\/span><\/strong>Dank der superweichen Baumwoll- und Polyesterfasern entsteht kein Scheuern.<\/li>\n<\/ul>\n<ul>\n<li><span>3D-Digitaldruck, Originaldesign<\/span><\/li>\n<\/ul>\n<ul>\n<li><span><b>Baumwolle<\/b><strong>\u00a0Bio\u00a0<\/strong>Hochwertige Baumwolle mit extra langen Fasern<\/span><\/li>\n<\/ul>\n<ul>\n<li><span><strong>Kostenloser Versand\u00a0<\/strong>f\u00fcr jeden Kauf<strong>\u00a0<\/strong><\/span><\/li>\n<\/ul>\n<p><strong>Vergessen Sie nicht, einen Blick auf die unten stehende Gr\u00f6\u00dfentabelle zu werfen.<\/strong><\/p>\n<p><img decoding=\"async\" src=\"https:\/\/cdn.shopify.com\/s\/files\/1\/0087\/7556\/5348\/files\/boutque_one__piece_tableau_taille_veste_bombers_large.jpg?v=1559998400\" alt=\"Gr\u00f6\u00dfentabelle f\u00fcr One Piece Bomberjacken\"><\/p>\n<h3>Waschanleitung f\u00fcr die einteilige Bomberjacke:<\/h3>\n<ul>\n<li>Maschinenw\u00e4sche bei 30\u00b0C, Schonwaschgang<\/li>\n<\/ul>\n<ul>\n<li>Von der R\u00fcckseite b\u00fcgeln<\/li>\n<\/ul>\n<p>F\u00fcr<span>\u00a0<\/span><strong>die Qualit\u00e4t erhalten<\/strong><span>\u00a0<\/span>davon<span>\u00a0<\/span><strong>Einteilige Bomberjacke<\/strong>, Wir empfehlen Ihnen<span>\u00a0<\/span><strong>respektieren<\/strong><span>\u00a0<\/span>DER<span>\u00a0<\/span><strong>Waschanleitung<\/strong>.<\/p>","protected":false},"excerpt":{"rendered":"<p>Gr\u00fcne One Piece Bomberjacke mit Porgas D. Ace, Kommandant der Zweiten Flotte der Whitebeard-Piraten. Eine super-hochwertige Bomberjacke f\u00fcr echte Piraten! Als waschechter Pirat wirst du die Stoffqualit\u00e4t und den 3D-Canvas-Druck dieser One Piece Jacke zu sch\u00e4tzen wissen! Aber das Wichtigste: Mit dieser bedruckten Bomberjacke geh\u00f6rst du zur Crew der Fans des Piraten-Mangas und erntest Bewunderung von [\u2026]<\/p>","protected":false},"featured_media":11034,"comment_status":"open","ping_status":"open","template":"","meta":[],"product_brand":[],"product_cat":[183],"product_tag":[176,348],"class_list":{"0":"post-11032","1":"product","2":"type-product","3":"status-publish","4":"has-post-thumbnail","6":"product_cat-vestes-one-piece","7":"product_tag-ace","8":"product_tag-bomber","10":"first","11":"outofstock","12":"purchasable","13":"product-type-variable","14":"has-default-attributes"},"yoast_head":"<!-- This site is optimized with the Yoast SEO plugin v27.5 - https:\/\/yoast.com\/product\/yoast-seo-wordpress\/ -->\n<title>Bomber One Piece Ace | Boutique One Piece<\/title>\n<meta name=\"description\" content=\"Veste Bomber Vert One Piece avec Porgas D. Ace de Tr\u00e8s Haute Qualit\u00e9 : Rejoins la Seconde Flotte de Barbe Blance et Deviens un Pirates de Edward Newgate !\" \/>\n<meta name=\"robots\" content=\"index, follow, max-snippet:-1, max-image-preview:large, max-video-preview:-1\" \/>\n<link rel=\"canonical\" href=\"https:\/\/boutique-one-piece.com\/de\/einteilige-kleidung\/einteilige-jacken\/bomber-one-piece-ass\/\" \/>\n<meta property=\"og:locale\" content=\"de_DE\" \/>\n<meta property=\"og:type\" content=\"article\" \/>\n<meta property=\"og:title\" content=\"Bomber One Piece Ace | Boutique One Piece\" \/>\n<meta property=\"og:description\" content=\"Veste Bomber Vert One Piece avec Porgas D. Ace de Tr\u00e8s Haute Qualit\u00e9 : Rejoins la Seconde Flotte de Barbe Blance et Deviens un Pirates de Edward Newgate !\" \/>\n<meta property=\"og:url\" content=\"https:\/\/boutique-one-piece.com\/de\/einteilige-kleidung\/einteilige-jacken\/bomber-one-piece-ass\/\" \/>\n<meta property=\"og:site_name\" content=\"Boutique One Piece\" \/>\n<meta property=\"article:modified_time\" content=\"2024-12-13T07:51:52+00:00\" \/>\n<meta property=\"og:image\" content=\"https:\/\/boutique-one-piece.com\/wp-content\/uploads\/2022\/09\/Bomber-One-Piece-Ace.jpg\" \/>\n\t<meta property=\"og:image:width\" content=\"600\" \/>\n\t<meta property=\"og:image:height\" content=\"600\" \/>\n\t<meta property=\"og:image:type\" content=\"image\/jpeg\" \/>\n<meta name=\"twitter:card\" content=\"summary_large_image\" \/>\n<meta name=\"twitter:label1\" content=\"Gesch\u00e4tzte Lesezeit\" \/>\n\t<meta name=\"twitter:data1\" content=\"2\u00a0Minuten\" \/>\n<script type=\"application\/ld+json\" class=\"yoast-schema-graph\">{\"@context\":\"https:\\\/\\\/schema.org\",\"@graph\":[{\"@type\":\"WebPage\",\"@id\":\"https:\\\/\\\/boutique-one-piece.com\\\/vetements-one-piece\\\/vestes-one-piece\\\/bomber-one-piece-ace\\\/\",\"url\":\"https:\\\/\\\/boutique-one-piece.com\\\/vetements-one-piece\\\/vestes-one-piece\\\/bomber-one-piece-ace\\\/\",\"name\":\"Bomber One Piece Ace | Boutique One Piece\",\"isPartOf\":{\"@id\":\"https:\\\/\\\/boutique-one-piece.com\\\/#website\"},\"primaryImageOfPage\":{\"@id\":\"https:\\\/\\\/boutique-one-piece.com\\\/vetements-one-piece\\\/vestes-one-piece\\\/bomber-one-piece-ace\\\/#primaryimage\"},\"image\":{\"@id\":\"https:\\\/\\\/boutique-one-piece.com\\\/vetements-one-piece\\\/vestes-one-piece\\\/bomber-one-piece-ace\\\/#primaryimage\"},\"thumbnailUrl\":\"https:\\\/\\\/boutique-one-piece.com\\\/wp-content\\\/uploads\\\/2022\\\/09\\\/Bomber-One-Piece-Ace.jpg\",\"datePublished\":\"2022-09-27T20:38:16+00:00\",\"dateModified\":\"2024-12-13T07:51:52+00:00\",\"description\":\"Veste Bomber Vert One Piece avec Porgas D. Ace de Tr\u00e8s Haute Qualit\u00e9 : Rejoins la Seconde Flotte de Barbe Blance et Deviens un Pirates de Edward Newgate !\",\"breadcrumb\":{\"@id\":\"https:\\\/\\\/boutique-one-piece.com\\\/vetements-one-piece\\\/vestes-one-piece\\\/bomber-one-piece-ace\\\/#breadcrumb\"},\"inLanguage\":\"de\",\"potentialAction\":[{\"@type\":\"ReadAction\",\"target\":[\"https:\\\/\\\/boutique-one-piece.com\\\/vetements-one-piece\\\/vestes-one-piece\\\/bomber-one-piece-ace\\\/\"]}]},{\"@type\":\"ImageObject\",\"inLanguage\":\"de\",\"@id\":\"https:\\\/\\\/boutique-one-piece.com\\\/vetements-one-piece\\\/vestes-one-piece\\\/bomber-one-piece-ace\\\/#primaryimage\",\"url\":\"https:\\\/\\\/boutique-one-piece.com\\\/wp-content\\\/uploads\\\/2022\\\/09\\\/Bomber-One-Piece-Ace.jpg\",\"contentUrl\":\"https:\\\/\\\/boutique-one-piece.com\\\/wp-content\\\/uploads\\\/2022\\\/09\\\/Bomber-One-Piece-Ace.jpg\",\"width\":600,\"height\":600,\"caption\":\"Bomber One Piece Ace 4xl\"},{\"@type\":\"BreadcrumbList\",\"@id\":\"https:\\\/\\\/boutique-one-piece.com\\\/vetements-one-piece\\\/vestes-one-piece\\\/bomber-one-piece-ace\\\/#breadcrumb\",\"itemListElement\":[{\"@type\":\"ListItem\",\"position\":1,\"name\":\"Home\",\"item\":\"https:\\\/\\\/boutique-one-piece.com\\\/\"},{\"@type\":\"ListItem\",\"position\":2,\"name\":\"Shop\",\"item\":\"https:\\\/\\\/boutique-one-piece.com\\\/shop\\\/\"},{\"@type\":\"ListItem\",\"position\":3,\"name\":\"Bomber One Piece Ace\"}]},{\"@type\":\"WebSite\",\"@id\":\"https:\\\/\\\/boutique-one-piece.com\\\/#website\",\"url\":\"https:\\\/\\\/boutique-one-piece.com\\\/\",\"name\":\"Boutique One Piece\",\"description\":\"Magasin Sp\u00e9cialis\u00e9 du Manga et l&#039;Anime One Piece\",\"publisher\":{\"@id\":\"https:\\\/\\\/boutique-one-piece.com\\\/#organization\"},\"potentialAction\":[{\"@type\":\"SearchAction\",\"target\":{\"@type\":\"EntryPoint\",\"urlTemplate\":\"https:\\\/\\\/boutique-one-piece.com\\\/?s={search_term_string}\"},\"query-input\":{\"@type\":\"PropertyValueSpecification\",\"valueRequired\":true,\"valueName\":\"search_term_string\"}}],\"inLanguage\":\"de\"},{\"@type\":\"Organization\",\"@id\":\"https:\\\/\\\/boutique-one-piece.com\\\/#organization\",\"name\":\"Boutique One Piece\",\"url\":\"https:\\\/\\\/boutique-one-piece.com\\\/\",\"logo\":{\"@type\":\"ImageObject\",\"inLanguage\":\"de\",\"@id\":\"https:\\\/\\\/boutique-one-piece.com\\\/#\\\/schema\\\/logo\\\/image\\\/\",\"url\":\"https:\\\/\\\/boutique-one-piece.com\\\/wp-content\\\/uploads\\\/2022\\\/09\\\/Logo-01.png\",\"contentUrl\":\"https:\\\/\\\/boutique-one-piece.com\\\/wp-content\\\/uploads\\\/2022\\\/09\\\/Logo-01.png\",\"width\":2318,\"height\":957,\"caption\":\"Boutique One Piece\"},\"image\":{\"@id\":\"https:\\\/\\\/boutique-one-piece.com\\\/#\\\/schema\\\/logo\\\/image\\\/\"}}]}<\/script>\n<!-- \/ Yoast SEO plugin. -->","yoast_head_json":{"title":"One Piece Ace Bomber | One Piece Shop","description":"Hochwertige gr\u00fcne One Piece Bomberjacke mit Porgas D. Ace: Schlie\u00df dich Whitebeards Zweiter Flotte an und werde ein Pirat von Edward Newgate!","robots":{"index":"index","follow":"follow","max-snippet":"max-snippet:-1","max-image-preview":"max-image-preview:large","max-video-preview":"max-video-preview:-1"},"canonical":"https:\/\/boutique-one-piece.com\/de\/einteilige-kleidung\/einteilige-jacken\/bomber-one-piece-ass\/","og_locale":"de_DE","og_type":"article","og_title":"Bomber One Piece Ace | Boutique One Piece","og_description":"Veste Bomber Vert One Piece avec Porgas D. Ace de Tr\u00e8s Haute Qualit\u00e9 : Rejoins la Seconde Flotte de Barbe Blance et Deviens un Pirates de Edward Newgate !","og_url":"https:\/\/boutique-one-piece.com\/de\/einteilige-kleidung\/einteilige-jacken\/bomber-one-piece-ass\/","og_site_name":"Boutique One Piece","article_modified_time":"2024-12-13T07:51:52+00:00","og_image":[{"width":600,"height":600,"url":"https:\/\/boutique-one-piece.com\/wp-content\/uploads\/2022\/09\/Bomber-One-Piece-Ace.jpg","type":"image\/jpeg"}],"twitter_card":"summary_large_image","twitter_misc":{"Gesch\u00e4tzte Lesezeit":"2\u00a0Minuten"},"schema":{"@context":"https:\/\/schema.org","@graph":[{"@type":"WebPage","@id":"https:\/\/boutique-one-piece.com\/vetements-one-piece\/vestes-one-piece\/bomber-one-piece-ace\/","url":"https:\/\/boutique-one-piece.com\/vetements-one-piece\/vestes-one-piece\/bomber-one-piece-ace\/","name":"One Piece Ace Bomber | One Piece Shop","isPartOf":{"@id":"https:\/\/boutique-one-piece.com\/#website"},"primaryImageOfPage":{"@id":"https:\/\/boutique-one-piece.com\/vetements-one-piece\/vestes-one-piece\/bomber-one-piece-ace\/#primaryimage"},"image":{"@id":"https:\/\/boutique-one-piece.com\/vetements-one-piece\/vestes-one-piece\/bomber-one-piece-ace\/#primaryimage"},"thumbnailUrl":"https:\/\/boutique-one-piece.com\/wp-content\/uploads\/2022\/09\/Bomber-One-Piece-Ace.jpg","datePublished":"2022-09-27T20:38:16+00:00","dateModified":"2024-12-13T07:51:52+00:00","description":"Hochwertige gr\u00fcne One Piece Bomberjacke mit Porgas D. Ace: Schlie\u00df dich Whitebeards Zweiter Flotte an und werde ein Pirat von Edward Newgate!","breadcrumb":{"@id":"https:\/\/boutique-one-piece.com\/vetements-one-piece\/vestes-one-piece\/bomber-one-piece-ace\/#breadcrumb"},"inLanguage":"de","potentialAction":[{"@type":"ReadAction","target":["https:\/\/boutique-one-piece.com\/vetements-one-piece\/vestes-one-piece\/bomber-one-piece-ace\/"]}]},{"@type":"ImageObject","inLanguage":"de","@id":"https:\/\/boutique-one-piece.com\/vetements-one-piece\/vestes-one-piece\/bomber-one-piece-ace\/#primaryimage","url":"https:\/\/boutique-one-piece.com\/wp-content\/uploads\/2022\/09\/Bomber-One-Piece-Ace.jpg","contentUrl":"https:\/\/boutique-one-piece.com\/wp-content\/uploads\/2022\/09\/Bomber-One-Piece-Ace.jpg","width":600,"height":600,"caption":"Bomber One Piece Ace 4xl"},{"@type":"BreadcrumbList","@id":"https:\/\/boutique-one-piece.com\/vetements-one-piece\/vestes-one-piece\/bomber-one-piece-ace\/#breadcrumb","itemListElement":[{"@type":"ListItem","position":1,"name":"Home","item":"https:\/\/boutique-one-piece.com\/"},{"@type":"ListItem","position":2,"name":"Shop","item":"https:\/\/boutique-one-piece.com\/shop\/"},{"@type":"ListItem","position":3,"name":"Bomber One Piece Ace"}]},{"@type":"WebSite","@id":"https:\/\/boutique-one-piece.com\/#website","url":"https:\/\/boutique-one-piece.com\/","name":"One Piece Shop","description":"Fachgesch\u00e4ft f\u00fcr One Piece Manga und Anime","publisher":{"@id":"https:\/\/boutique-one-piece.com\/#organization"},"potentialAction":[{"@type":"SearchAction","target":{"@type":"EntryPoint","urlTemplate":"https:\/\/boutique-one-piece.com\/?s={search_term_string}"},"query-input":{"@type":"PropertyValueSpecification","valueRequired":true,"valueName":"search_term_string"}}],"inLanguage":"de"},{"@type":"Organization","@id":"https:\/\/boutique-one-piece.com\/#organization","name":"One Piece Shop","url":"https:\/\/boutique-one-piece.com\/","logo":{"@type":"ImageObject","inLanguage":"de","@id":"https:\/\/boutique-one-piece.com\/#\/schema\/logo\/image\/","url":"https:\/\/boutique-one-piece.com\/wp-content\/uploads\/2022\/09\/Logo-01.png","contentUrl":"https:\/\/boutique-one-piece.com\/wp-content\/uploads\/2022\/09\/Logo-01.png","width":2318,"height":957,"caption":"Boutique One Piece"},"image":{"@id":"https:\/\/boutique-one-piece.com\/#\/schema\/logo\/image\/"}}]}},"_links":{"self":[{"href":"https:\/\/boutique-one-piece.com\/de\/wp-json\/wp\/v2\/product\/11032","targetHints":{"allow":["GET"]}}],"collection":[{"href":"https:\/\/boutique-one-piece.com\/de\/wp-json\/wp\/v2\/product"}],"about":[{"href":"https:\/\/boutique-one-piece.com\/de\/wp-json\/wp\/v2\/types\/product"}],"replies":[{"embeddable":true,"href":"https:\/\/boutique-one-piece.com\/de\/wp-json\/wp\/v2\/comments?post=11032"}],"wp:featuredmedia":[{"embeddable":true,"href":"https:\/\/boutique-one-piece.com\/de\/wp-json\/wp\/v2\/media\/11034"}],"wp:attachment":[{"href":"https:\/\/boutique-one-piece.com\/de\/wp-json\/wp\/v2\/media?parent=11032"}],"wp:term":[{"taxonomy":"product_brand","embeddable":true,"href":"https:\/\/boutique-one-piece.com\/de\/wp-json\/wp\/v2\/product_brand?post=11032"},{"taxonomy":"product_cat","embeddable":true,"href":"https:\/\/boutique-one-piece.com\/de\/wp-json\/wp\/v2\/product_cat?post=11032"},{"taxonomy":"product_tag","embeddable":true,"href":"https:\/\/boutique-one-piece.com\/de\/wp-json\/wp\/v2\/product_tag?post=11032"}],"curies":[{"name":"wp","href":"https:\/\/api.w.org\/{rel}","templated":true}]}}