{"id":11091,"date":"2022-09-27T20:38:37","date_gmt":"2022-09-27T20:38:37","guid":{"rendered":"https:\/\/boutique-one-piece.com\/uncategorized\/figurine-one-piece-barbe-blanche\/"},"modified":"2024-09-16T12:21:36","modified_gmt":"2024-09-16T12:21:36","slug":"whitebeard-one-piece-figur","status":"publish","type":"product","link":"https:\/\/boutique-one-piece.com\/de\/one-piece-figuren\/edward-newgate-figuren\/whitebeard-one-piece-figur\/","title":{"rendered":"One Piece Whitebeard Figur"},"content":{"rendered":"<h2>Junger Pirat, es ist an der Zeit, dass du dir diese One Piece Whitebeard-Figur jetzt sicherst.<\/h2>\n<p>Tu n\u2019es pas sans savoir qu\u2019Edward Newgate, aussi appel\u00e9 <strong>Barbe Blanche, \u00ab\u00a0L\u2019Homme le Plus Fort au Monde\u00a0\u00bb<\/strong>, \u00e9galement consid\u00e9r\u00e9 comme \u00e9tant l\u2019homme \u00ab\u00a0le plus proche du One Piece\u00a0\u00bb, \u00e9tait le capitaine de L\u2019\u00c9quipage de Barbe Blanche. Barbe Blanche faisait partie des <strong>Vier Kaiser<\/strong> Er lebte noch, wurde aber in der Schlacht von Marineford von seinem ehemaligen Untergebenen, Marshall D. Teach (und dessen Mannschaft), get\u00f6tet. Er kannte die Bedeutung von Teachs Testament.<\/p>\n<p>Ses derni\u00e8res paroles furent de pr\u00e9dire qu\u2019une personne d\u00e9fiera le monde entier, une guerre plus importante encore que celle de <strong>Marineford<\/strong> viendra et de d\u00e9clarer pour finir que le One Piece existait vraiment. Il est le premier protagoniste de l\u2019Arc Marineford avant Luffy en deuxi\u00e8me et Ace en troisi\u00e8me. D\u2019ailleurs, si tu souhaites agrandir ta collection de figurines, la <a title=\"ONE PIECE ACE, KAUFENDE FIGUR\" href=\"https:\/\/boutique-one-piece.com\/de\/one-piece-ace-figur-in-geduckter-haltung\/\" target=\"_blank\" rel=\"noopener\">Ace-Figur \u00abkauernd\u00bb<\/a> ist in Ihrer Reichweite.<\/p>\n<h3>Alors, conquis par la figurine de Barbe Blanche ? Si tel est le cas, n\u2019attend plus et saute sur l\u2019occasion de revivre la guerre de Marineford \u00e0 ses c\u00f4t\u00e9s.<\/h3>\n<p>Junger Pirat, es ist an der Zeit, dein Schicksal selbst in die Hand zu nehmen. Ob eingefleischter Fan oder erfahrener Sammler \u2013 hier findest du alles, was du brauchst. <strong>mythische Objekte<\/strong> Diese Artikel sind genau das Richtige f\u00fcr Sie. Sie eignen sich perfekt zum Verschenken, Dekorieren oder Sammeln und werden Ihr Zuhause versch\u00f6nern. <strong>dein One Piece Universum<\/strong>.<\/p>\n<h2>Informationen zur Whitebeard-Figur\u00a0<\/h2>\n<ul>\n<li><span><b><u>One Piece Figur<\/u><\/b>\u00a0: Figurine\u00a0 premium de l\u2019univers One Piece pour les vrais pirates<\/span><\/li>\n<\/ul>\n<ul>\n<li>\n<b>Gegenstand<\/b><span>\u00a0<\/span>PVC<\/li>\n<\/ul>\n<ul>\n<li><span><strong>Dimension<\/strong>\u00a023 cm<\/span><\/li>\n<\/ul>\n<ul>\n<li><span><strong>KOSTENLOSE LIEFERUNG<\/strong><\/span><\/li>\n<\/ul>","protected":false},"excerpt":{"rendered":"<p>Jeune pirate, le moment est venu pour toi de te procurer d\u00e8s maintenant cette Figurine One Piece Barbe Blanche. Tu n\u2019es pas sans savoir qu\u2019Edward Newgate, aussi appel\u00e9 Barbe Blanche, \u00ab\u00a0L\u2019Homme le Plus Fort au Monde\u00a0\u00bb, \u00e9galement consid\u00e9r\u00e9 comme \u00e9tant l\u2019homme \u00ab\u00a0le plus proche du One Piece\u00a0\u00bb, \u00e9tait le capitaine de L\u2019\u00c9quipage de Barbe Blanche. [&hellip;]<\/p>","protected":false},"featured_media":11093,"comment_status":"open","ping_status":"open","template":"","meta":[],"product_brand":[],"product_cat":[310],"product_tag":[199],"class_list":{"0":"post-11091","1":"product","2":"type-product","3":"status-publish","4":"has-post-thumbnail","6":"product_cat-figurines-edward-newgate","7":"product_tag-barbe-blanche","9":"first","10":"instock","11":"purchasable","12":"product-type-simple"},"yoast_head":"<!-- This site is optimized with the Yoast SEO plugin v27.5 - https:\/\/yoast.com\/product\/yoast-seo-wordpress\/ -->\n<title>Figurine One Piece Barbe Blanche | Figurine One Piece \u2013 Boutique One Piece<\/title>\n<meta name=\"description\" content=\"Jeune pirate, le moment est venu pour toi de te procurer d\u00e8s maintenant cette Figurine One Piece Barbe Blanche. Tu n&#039;es pas sans savoir qu&#039;Edward Newgate, aussi appel\u00e9 Barbe Blanche, &quot;L&#039;Homme le Plus Fort au Monde&quot;, \u00e9galement consid\u00e9r\u00e9 comme \u00e9tant l&#039;homme &quot;le plus proche du One Piece&quot;, \u00e9tait le capitaine de L&#039;\u00c9quipage\" \/>\n<meta name=\"robots\" content=\"index, follow, max-snippet:-1, max-image-preview:large, max-video-preview:-1\" \/>\n<link rel=\"canonical\" href=\"https:\/\/boutique-one-piece.com\/de\/one-piece-figuren\/edward-newgate-figuren\/whitebeard-one-piece-figur\/\" \/>\n<meta property=\"og:locale\" content=\"de_DE\" \/>\n<meta property=\"og:type\" content=\"article\" \/>\n<meta property=\"og:title\" content=\"Figurine One Piece Barbe Blanche | Figurine One Piece \u2013 Boutique One Piece\" \/>\n<meta property=\"og:description\" content=\"Jeune pirate, le moment est venu pour toi de te procurer d\u00e8s maintenant cette Figurine One Piece Barbe Blanche. Tu n&#039;es pas sans savoir qu&#039;Edward Newgate, aussi appel\u00e9 Barbe Blanche, &quot;L&#039;Homme le Plus Fort au Monde&quot;, \u00e9galement consid\u00e9r\u00e9 comme \u00e9tant l&#039;homme &quot;le plus proche du One Piece&quot;, \u00e9tait le capitaine de L&#039;\u00c9quipage\" \/>\n<meta property=\"og:url\" content=\"https:\/\/boutique-one-piece.com\/de\/one-piece-figuren\/edward-newgate-figuren\/whitebeard-one-piece-figur\/\" \/>\n<meta property=\"og:site_name\" content=\"Boutique One Piece\" \/>\n<meta property=\"article:modified_time\" content=\"2024-09-16T12:21:36+00:00\" \/>\n<meta property=\"og:image\" content=\"https:\/\/boutique-one-piece.com\/wp-content\/uploads\/2022\/09\/Figurine-One-Piece-Barbe-Blanche.jpg\" \/>\n\t<meta property=\"og:image:width\" content=\"400\" \/>\n\t<meta property=\"og:image:height\" content=\"400\" \/>\n\t<meta property=\"og:image:type\" content=\"image\/jpeg\" \/>\n<meta name=\"twitter:card\" content=\"summary_large_image\" \/>\n<meta name=\"twitter:label1\" content=\"Gesch\u00e4tzte Lesezeit\" \/>\n\t<meta name=\"twitter:data1\" content=\"1\u00a0Minute\" \/>\n<script type=\"application\/ld+json\" class=\"yoast-schema-graph\">{\"@context\":\"https:\\\/\\\/schema.org\",\"@graph\":[{\"@type\":\"WebPage\",\"@id\":\"https:\\\/\\\/boutique-one-piece.com\\\/figurines-one-piece\\\/figurines-edward-newgate\\\/figurine-one-piece-barbe-blanche\\\/\",\"url\":\"https:\\\/\\\/boutique-one-piece.com\\\/figurines-one-piece\\\/figurines-edward-newgate\\\/figurine-one-piece-barbe-blanche\\\/\",\"name\":\"Figurine One Piece Barbe Blanche | Figurine One Piece \u2013 Boutique One Piece\",\"isPartOf\":{\"@id\":\"https:\\\/\\\/boutique-one-piece.com\\\/#website\"},\"primaryImageOfPage\":{\"@id\":\"https:\\\/\\\/boutique-one-piece.com\\\/figurines-one-piece\\\/figurines-edward-newgate\\\/figurine-one-piece-barbe-blanche\\\/#primaryimage\"},\"image\":{\"@id\":\"https:\\\/\\\/boutique-one-piece.com\\\/figurines-one-piece\\\/figurines-edward-newgate\\\/figurine-one-piece-barbe-blanche\\\/#primaryimage\"},\"thumbnailUrl\":\"https:\\\/\\\/boutique-one-piece.com\\\/wp-content\\\/uploads\\\/2022\\\/09\\\/Figurine-One-Piece-Barbe-Blanche.jpg\",\"datePublished\":\"2022-09-27T20:38:37+00:00\",\"dateModified\":\"2024-09-16T12:21:36+00:00\",\"description\":\"Jeune pirate, le moment est venu pour toi de te procurer d\u00e8s maintenant cette Figurine One Piece Barbe Blanche. Tu n'es pas sans savoir qu'Edward Newgate, aussi appel\u00e9 Barbe Blanche, \\\"L'Homme le Plus Fort au Monde\\\", \u00e9galement consid\u00e9r\u00e9 comme \u00e9tant l'homme \\\"le plus proche du One Piece\\\", \u00e9tait le capitaine de L'\u00c9quipage\",\"breadcrumb\":{\"@id\":\"https:\\\/\\\/boutique-one-piece.com\\\/figurines-one-piece\\\/figurines-edward-newgate\\\/figurine-one-piece-barbe-blanche\\\/#breadcrumb\"},\"inLanguage\":\"de\",\"potentialAction\":[{\"@type\":\"ReadAction\",\"target\":[\"https:\\\/\\\/boutique-one-piece.com\\\/figurines-one-piece\\\/figurines-edward-newgate\\\/figurine-one-piece-barbe-blanche\\\/\"]}]},{\"@type\":\"ImageObject\",\"inLanguage\":\"de\",\"@id\":\"https:\\\/\\\/boutique-one-piece.com\\\/figurines-one-piece\\\/figurines-edward-newgate\\\/figurine-one-piece-barbe-blanche\\\/#primaryimage\",\"url\":\"https:\\\/\\\/boutique-one-piece.com\\\/wp-content\\\/uploads\\\/2022\\\/09\\\/Figurine-One-Piece-Barbe-Blanche.jpg\",\"contentUrl\":\"https:\\\/\\\/boutique-one-piece.com\\\/wp-content\\\/uploads\\\/2022\\\/09\\\/Figurine-One-Piece-Barbe-Blanche.jpg\",\"width\":400,\"height\":400,\"caption\":\"Figurine One Piece Barbe Blanche Default Title\"},{\"@type\":\"BreadcrumbList\",\"@id\":\"https:\\\/\\\/boutique-one-piece.com\\\/figurines-one-piece\\\/figurines-edward-newgate\\\/figurine-one-piece-barbe-blanche\\\/#breadcrumb\",\"itemListElement\":[{\"@type\":\"ListItem\",\"position\":1,\"name\":\"Home\",\"item\":\"https:\\\/\\\/boutique-one-piece.com\\\/\"},{\"@type\":\"ListItem\",\"position\":2,\"name\":\"Shop\",\"item\":\"https:\\\/\\\/boutique-one-piece.com\\\/shop\\\/\"},{\"@type\":\"ListItem\",\"position\":3,\"name\":\"Figurine One Piece Barbe Blanche\"}]},{\"@type\":\"WebSite\",\"@id\":\"https:\\\/\\\/boutique-one-piece.com\\\/#website\",\"url\":\"https:\\\/\\\/boutique-one-piece.com\\\/\",\"name\":\"Boutique One Piece\",\"description\":\"Magasin Sp\u00e9cialis\u00e9 du Manga et l&#039;Anime One Piece\",\"publisher\":{\"@id\":\"https:\\\/\\\/boutique-one-piece.com\\\/#organization\"},\"potentialAction\":[{\"@type\":\"SearchAction\",\"target\":{\"@type\":\"EntryPoint\",\"urlTemplate\":\"https:\\\/\\\/boutique-one-piece.com\\\/?s={search_term_string}\"},\"query-input\":{\"@type\":\"PropertyValueSpecification\",\"valueRequired\":true,\"valueName\":\"search_term_string\"}}],\"inLanguage\":\"de\"},{\"@type\":\"Organization\",\"@id\":\"https:\\\/\\\/boutique-one-piece.com\\\/#organization\",\"name\":\"Boutique One Piece\",\"url\":\"https:\\\/\\\/boutique-one-piece.com\\\/\",\"logo\":{\"@type\":\"ImageObject\",\"inLanguage\":\"de\",\"@id\":\"https:\\\/\\\/boutique-one-piece.com\\\/#\\\/schema\\\/logo\\\/image\\\/\",\"url\":\"https:\\\/\\\/boutique-one-piece.com\\\/wp-content\\\/uploads\\\/2022\\\/09\\\/Logo-01.png\",\"contentUrl\":\"https:\\\/\\\/boutique-one-piece.com\\\/wp-content\\\/uploads\\\/2022\\\/09\\\/Logo-01.png\",\"width\":2318,\"height\":957,\"caption\":\"Boutique One Piece\"},\"image\":{\"@id\":\"https:\\\/\\\/boutique-one-piece.com\\\/#\\\/schema\\\/logo\\\/image\\\/\"}}]}<\/script>\n<!-- \/ Yoast SEO plugin. -->","yoast_head_json":{"title":"One Piece Whitebeard Figur | One Piece Figur \u2013 One Piece Shop","description":"Junger Pirat, es ist an der Zeit, dass du dir diese One Piece Whitebeard-Figur sicherst. Du wei\u00dft sicherlich, dass Edward Newgate, auch bekannt als Whitebeard, der \"St\u00e4rkste Mann der Welt\", der auch als der Mann gilt, der dem One Piece am n\u00e4chsten stand, der Kapit\u00e4n der Piraten war.","robots":{"index":"index","follow":"follow","max-snippet":"max-snippet:-1","max-image-preview":"max-image-preview:large","max-video-preview":"max-video-preview:-1"},"canonical":"https:\/\/boutique-one-piece.com\/de\/one-piece-figuren\/edward-newgate-figuren\/whitebeard-one-piece-figur\/","og_locale":"de_DE","og_type":"article","og_title":"Figurine One Piece Barbe Blanche | Figurine One Piece \u2013 Boutique One Piece","og_description":"Jeune pirate, le moment est venu pour toi de te procurer d\u00e8s maintenant cette Figurine One Piece Barbe Blanche. Tu n'es pas sans savoir qu'Edward Newgate, aussi appel\u00e9 Barbe Blanche, \"L'Homme le Plus Fort au Monde\", \u00e9galement consid\u00e9r\u00e9 comme \u00e9tant l'homme \"le plus proche du One Piece\", \u00e9tait le capitaine de L'\u00c9quipage","og_url":"https:\/\/boutique-one-piece.com\/de\/one-piece-figuren\/edward-newgate-figuren\/whitebeard-one-piece-figur\/","og_site_name":"Boutique One Piece","article_modified_time":"2024-09-16T12:21:36+00:00","og_image":[{"width":400,"height":400,"url":"https:\/\/boutique-one-piece.com\/wp-content\/uploads\/2022\/09\/Figurine-One-Piece-Barbe-Blanche.jpg","type":"image\/jpeg"}],"twitter_card":"summary_large_image","twitter_misc":{"Gesch\u00e4tzte Lesezeit":"1\u00a0Minute"},"schema":{"@context":"https:\/\/schema.org","@graph":[{"@type":"WebPage","@id":"https:\/\/boutique-one-piece.com\/figurines-one-piece\/figurines-edward-newgate\/figurine-one-piece-barbe-blanche\/","url":"https:\/\/boutique-one-piece.com\/figurines-one-piece\/figurines-edward-newgate\/figurine-one-piece-barbe-blanche\/","name":"One Piece Whitebeard Figur | One Piece Figur \u2013 One Piece Shop","isPartOf":{"@id":"https:\/\/boutique-one-piece.com\/#website"},"primaryImageOfPage":{"@id":"https:\/\/boutique-one-piece.com\/figurines-one-piece\/figurines-edward-newgate\/figurine-one-piece-barbe-blanche\/#primaryimage"},"image":{"@id":"https:\/\/boutique-one-piece.com\/figurines-one-piece\/figurines-edward-newgate\/figurine-one-piece-barbe-blanche\/#primaryimage"},"thumbnailUrl":"https:\/\/boutique-one-piece.com\/wp-content\/uploads\/2022\/09\/Figurine-One-Piece-Barbe-Blanche.jpg","datePublished":"2022-09-27T20:38:37+00:00","dateModified":"2024-09-16T12:21:36+00:00","description":"Junger Pirat, es ist an der Zeit, dass du dir diese One Piece Whitebeard-Figur sicherst. Du wei\u00dft sicherlich, dass Edward Newgate, auch bekannt als Whitebeard, der \"St\u00e4rkste Mann der Welt\", der auch als der Mann gilt, der dem One Piece am n\u00e4chsten stand, der Kapit\u00e4n der Piraten war.","breadcrumb":{"@id":"https:\/\/boutique-one-piece.com\/figurines-one-piece\/figurines-edward-newgate\/figurine-one-piece-barbe-blanche\/#breadcrumb"},"inLanguage":"de","potentialAction":[{"@type":"ReadAction","target":["https:\/\/boutique-one-piece.com\/figurines-one-piece\/figurines-edward-newgate\/figurine-one-piece-barbe-blanche\/"]}]},{"@type":"ImageObject","inLanguage":"de","@id":"https:\/\/boutique-one-piece.com\/figurines-one-piece\/figurines-edward-newgate\/figurine-one-piece-barbe-blanche\/#primaryimage","url":"https:\/\/boutique-one-piece.com\/wp-content\/uploads\/2022\/09\/Figurine-One-Piece-Barbe-Blanche.jpg","contentUrl":"https:\/\/boutique-one-piece.com\/wp-content\/uploads\/2022\/09\/Figurine-One-Piece-Barbe-Blanche.jpg","width":400,"height":400,"caption":"Figurine One Piece Barbe Blanche Default Title"},{"@type":"BreadcrumbList","@id":"https:\/\/boutique-one-piece.com\/figurines-one-piece\/figurines-edward-newgate\/figurine-one-piece-barbe-blanche\/#breadcrumb","itemListElement":[{"@type":"ListItem","position":1,"name":"Home","item":"https:\/\/boutique-one-piece.com\/"},{"@type":"ListItem","position":2,"name":"Shop","item":"https:\/\/boutique-one-piece.com\/shop\/"},{"@type":"ListItem","position":3,"name":"Figurine One Piece Barbe Blanche"}]},{"@type":"WebSite","@id":"https:\/\/boutique-one-piece.com\/#website","url":"https:\/\/boutique-one-piece.com\/","name":"One Piece Shop","description":"Fachgesch\u00e4ft f\u00fcr One Piece Manga und Anime","publisher":{"@id":"https:\/\/boutique-one-piece.com\/#organization"},"potentialAction":[{"@type":"SearchAction","target":{"@type":"EntryPoint","urlTemplate":"https:\/\/boutique-one-piece.com\/?s={search_term_string}"},"query-input":{"@type":"PropertyValueSpecification","valueRequired":true,"valueName":"search_term_string"}}],"inLanguage":"de"},{"@type":"Organization","@id":"https:\/\/boutique-one-piece.com\/#organization","name":"One Piece Shop","url":"https:\/\/boutique-one-piece.com\/","logo":{"@type":"ImageObject","inLanguage":"de","@id":"https:\/\/boutique-one-piece.com\/#\/schema\/logo\/image\/","url":"https:\/\/boutique-one-piece.com\/wp-content\/uploads\/2022\/09\/Logo-01.png","contentUrl":"https:\/\/boutique-one-piece.com\/wp-content\/uploads\/2022\/09\/Logo-01.png","width":2318,"height":957,"caption":"Boutique One Piece"},"image":{"@id":"https:\/\/boutique-one-piece.com\/#\/schema\/logo\/image\/"}}]}},"_links":{"self":[{"href":"https:\/\/boutique-one-piece.com\/de\/wp-json\/wp\/v2\/product\/11091","targetHints":{"allow":["GET"]}}],"collection":[{"href":"https:\/\/boutique-one-piece.com\/de\/wp-json\/wp\/v2\/product"}],"about":[{"href":"https:\/\/boutique-one-piece.com\/de\/wp-json\/wp\/v2\/types\/product"}],"replies":[{"embeddable":true,"href":"https:\/\/boutique-one-piece.com\/de\/wp-json\/wp\/v2\/comments?post=11091"}],"wp:featuredmedia":[{"embeddable":true,"href":"https:\/\/boutique-one-piece.com\/de\/wp-json\/wp\/v2\/media\/11093"}],"wp:attachment":[{"href":"https:\/\/boutique-one-piece.com\/de\/wp-json\/wp\/v2\/media?parent=11091"}],"wp:term":[{"taxonomy":"product_brand","embeddable":true,"href":"https:\/\/boutique-one-piece.com\/de\/wp-json\/wp\/v2\/product_brand?post=11091"},{"taxonomy":"product_cat","embeddable":true,"href":"https:\/\/boutique-one-piece.com\/de\/wp-json\/wp\/v2\/product_cat?post=11091"},{"taxonomy":"product_tag","embeddable":true,"href":"https:\/\/boutique-one-piece.com\/de\/wp-json\/wp\/v2\/product_tag?post=11091"}],"curies":[{"name":"wp","href":"https:\/\/api.w.org\/{rel}","templated":true}]}}