{"id":11123,"date":"2022-09-27T20:38:55","date_gmt":"2022-09-27T20:38:55","guid":{"rendered":"https:\/\/boutique-one-piece.com\/uncategorized\/figurine-one-piece-ace-les-poings-en-flamme\/"},"modified":"2024-09-16T12:22:28","modified_gmt":"2024-09-16T12:22:28","slug":"one-piece-ace-figur-mit-flammenden-fausten","status":"publish","type":"product","link":"https:\/\/boutique-one-piece.com\/de\/one-piece-figuren\/portgas-dace-figuren\/one-piece-ace-figur-mit-flammenden-fausten\/","title":{"rendered":"One Piece Ace Figur - Flammende F\u00e4uste"},"content":{"rendered":"<h2>Junger Pirat, es ist an der Zeit, dass du dir diese One Piece Ace Fists in Flames Figur sicherst.<\/h2>\n<p>Zur Erinnerung:, <strong>Portgas D. Ace<\/strong>, bekannt als \u00abFeuerfaust-Ass\u00bb, ist der spirituelle Bruder von Monkey D. Luffy und Sabo. Er ist der einzige Sohn des verstorbenen Piratenk\u00f6nigs. <strong>Gol D. Roger<\/strong> et de son \u00e9pouse Portgas D. Rouge. Petite parenth\u00e8se concernant Gol D. Roger ; tu n\u2019es pas sans savoir qu\u2019il fut le pr\u00e9c\u00e9dent et unique Seigneur des pirates et l\u2019ancien propri\u00e9taire du tr\u00e9sor l\u00e9gendaire, le <strong>Ein St\u00fcck<\/strong>.<\/p>\n<p>D\u2019ailleurs, si tu souhaites agrandir ta collection de figurines, le <a href=\"https:\/\/boutique-one-piece.com\/de\/2-teiliges-figurenset-gol-d-roger-und-ruffy\/\" title=\"2-TEILIGE GOLDENE ROGER- UND LUFFY-FIGUR\" target=\"_blank\" rel=\"noopener\">Set aus zwei Figuren, die Ruffy und Gol D. Roger darstellen.<\/a> sont \u00e0 ta port\u00e9e de main. Pour en revenir \u00e0 Ace, tu n\u2019es pas sans savoir qu\u2019il a mang\u00e9 le fruit du d\u00e9mon Le Mera Mera no Mi qui est un fruit de type Logia qui permet \u00e0 son utilisateur de cr\u00e9er, contr\u00f4ler et de se transformer en feu \u00e0 volont\u00e9. Ce fruit fut mang\u00e9 par Sabo \u00e0 la mort de Portgas D. Ace.<\/p>\n<h3>Alors, conquis par la figurine d\u2019Ace les poings en flamme ? Si tel est le cas, rejoins cette fratrie spirituelle. Bien des aventures vous attendent.<\/h3>\n<p>Ob eingefleischter Fan oder erfahrener Sammler \u2013 diese Artikel sind genau das Richtige f\u00fcr Sie. Sie eignen sich perfekt zum Verschenken, Dekorieren oder Sammeln und finden garantiert ihren Platz in Ihrer Sammlung. <strong>dein One Piece Universum<\/strong>. N\u2019attends plus, prends ton destin entre tes mains et embarque \u00e0 bord du <strong>Tausend Sonnen<\/strong>.<\/p>\n<h2>Informationen zur Ace-Figur: Flammende F\u00e4uste\u00a0<\/h2>\n<ul>\n<li><span><b><u>One Piece Figur<\/u><\/b>\u00a0: Figurine\u00a0 premium de l\u2019univers One Piece pour les vrais pirates<\/span><\/li>\n<\/ul>\n<ul>\n<li>\n<b>Gegenstand<\/b><span>\u00a0<\/span>PVC<\/li>\n<\/ul>\n<ul>\n<li><span><strong>Dimension<\/strong>\u00a020 cm<\/span><\/li>\n<\/ul>\n<ul>\n<li><span><strong>KOSTENLOSE LIEFERUNG<\/strong><\/span><\/li>\n<\/ul>","protected":false},"excerpt":{"rendered":"<p>Junger Pirat, es ist an der Zeit, dir diese One Piece Ace Flaming Fists-Figur zu sichern! Zur Erinnerung: Portgas D. Ace, bekannt als \u00abFlaming Fists Ace\u00bb, ist der Blutsbruder von Monkey D. Luffy und Sabo. Er ist der einzige Sohn des verstorbenen Piratenk\u00f6nigs [\u2026]<\/p>","protected":false},"featured_media":11125,"comment_status":"open","ping_status":"open","template":"","meta":[],"product_brand":[],"product_cat":[76,179],"product_tag":[176],"class_list":{"0":"post-11123","1":"product","2":"type-product","3":"status-publish","4":"has-post-thumbnail","6":"product_cat-figurines-one-piece","7":"product_cat-figurines-portgas-d-ace","8":"product_tag-ace","10":"first","11":"instock","12":"purchasable","13":"product-type-simple"},"yoast_head":"<!-- This site is optimized with the Yoast SEO plugin v27.5 - https:\/\/yoast.com\/product\/yoast-seo-wordpress\/ -->\n<title>Figurine One Piece Ace Les Poings En Flamme | Figurine One Piece \u2013 Boutique One Piece<\/title>\n<meta name=\"description\" content=\"Jeune pirate, le moment est venu pour toi de te procurer cette Figurine One Piece Ace Les Poings En Flamme. Pour rappel, Portgas D. Ace, connu sous le nom de &quot;Ace aux Poings Ardents&quot; est le fr\u00e8re spirituel de Monkey D. Luffy et de Sabo. Il est le seul fils du d\u00e9funt Roi des Pirates Gol D. Roger et de son \u00e9pouse Portgas\" \/>\n<meta name=\"robots\" content=\"index, follow, max-snippet:-1, max-image-preview:large, max-video-preview:-1\" \/>\n<link rel=\"canonical\" href=\"https:\/\/boutique-one-piece.com\/de\/one-piece-figuren\/portgas-dace-figuren\/one-piece-ace-figur-mit-flammenden-fausten\/\" \/>\n<meta property=\"og:locale\" content=\"de_DE\" \/>\n<meta property=\"og:type\" content=\"article\" \/>\n<meta property=\"og:title\" content=\"Figurine One Piece Ace Les Poings En Flamme | Figurine One Piece \u2013 Boutique One Piece\" \/>\n<meta property=\"og:description\" content=\"Jeune pirate, le moment est venu pour toi de te procurer cette Figurine One Piece Ace Les Poings En Flamme. Pour rappel, Portgas D. Ace, connu sous le nom de &quot;Ace aux Poings Ardents&quot; est le fr\u00e8re spirituel de Monkey D. Luffy et de Sabo. Il est le seul fils du d\u00e9funt Roi des Pirates Gol D. Roger et de son \u00e9pouse Portgas\" \/>\n<meta property=\"og:url\" content=\"https:\/\/boutique-one-piece.com\/de\/one-piece-figuren\/portgas-dace-figuren\/one-piece-ace-figur-mit-flammenden-fausten\/\" \/>\n<meta property=\"og:site_name\" content=\"Boutique One Piece\" \/>\n<meta property=\"article:modified_time\" content=\"2024-09-16T12:22:28+00:00\" \/>\n<meta property=\"og:image\" content=\"https:\/\/boutique-one-piece.com\/wp-content\/uploads\/2022\/09\/Figurine-One-Piece-Ace-Les-Poings-En-Flamme.jpg\" \/>\n\t<meta property=\"og:image:width\" content=\"640\" \/>\n\t<meta property=\"og:image:height\" content=\"640\" \/>\n\t<meta property=\"og:image:type\" content=\"image\/jpeg\" \/>\n<meta name=\"twitter:card\" content=\"summary_large_image\" \/>\n<meta name=\"twitter:label1\" content=\"Gesch\u00e4tzte Lesezeit\" \/>\n\t<meta name=\"twitter:data1\" content=\"1\u00a0Minute\" \/>\n<script type=\"application\/ld+json\" class=\"yoast-schema-graph\">{\"@context\":\"https:\\\/\\\/schema.org\",\"@graph\":[{\"@type\":\"WebPage\",\"@id\":\"https:\\\/\\\/boutique-one-piece.com\\\/figurines-one-piece\\\/figurines-portgas-d-ace\\\/figurine-one-piece-ace-les-poings-en-flamme\\\/\",\"url\":\"https:\\\/\\\/boutique-one-piece.com\\\/figurines-one-piece\\\/figurines-portgas-d-ace\\\/figurine-one-piece-ace-les-poings-en-flamme\\\/\",\"name\":\"Figurine One Piece Ace Les Poings En Flamme | Figurine One Piece \u2013 Boutique One Piece\",\"isPartOf\":{\"@id\":\"https:\\\/\\\/boutique-one-piece.com\\\/#website\"},\"primaryImageOfPage\":{\"@id\":\"https:\\\/\\\/boutique-one-piece.com\\\/figurines-one-piece\\\/figurines-portgas-d-ace\\\/figurine-one-piece-ace-les-poings-en-flamme\\\/#primaryimage\"},\"image\":{\"@id\":\"https:\\\/\\\/boutique-one-piece.com\\\/figurines-one-piece\\\/figurines-portgas-d-ace\\\/figurine-one-piece-ace-les-poings-en-flamme\\\/#primaryimage\"},\"thumbnailUrl\":\"https:\\\/\\\/boutique-one-piece.com\\\/wp-content\\\/uploads\\\/2022\\\/09\\\/Figurine-One-Piece-Ace-Les-Poings-En-Flamme.jpg\",\"datePublished\":\"2022-09-27T20:38:55+00:00\",\"dateModified\":\"2024-09-16T12:22:28+00:00\",\"description\":\"Jeune pirate, le moment est venu pour toi de te procurer cette Figurine One Piece Ace Les Poings En Flamme. Pour rappel, Portgas D. Ace, connu sous le nom de \\\"Ace aux Poings Ardents\\\" est le fr\u00e8re spirituel de Monkey D. Luffy et de Sabo. Il est le seul fils du d\u00e9funt Roi des Pirates Gol D. Roger et de son \u00e9pouse Portgas\",\"breadcrumb\":{\"@id\":\"https:\\\/\\\/boutique-one-piece.com\\\/figurines-one-piece\\\/figurines-portgas-d-ace\\\/figurine-one-piece-ace-les-poings-en-flamme\\\/#breadcrumb\"},\"inLanguage\":\"de\",\"potentialAction\":[{\"@type\":\"ReadAction\",\"target\":[\"https:\\\/\\\/boutique-one-piece.com\\\/figurines-one-piece\\\/figurines-portgas-d-ace\\\/figurine-one-piece-ace-les-poings-en-flamme\\\/\"]}]},{\"@type\":\"ImageObject\",\"inLanguage\":\"de\",\"@id\":\"https:\\\/\\\/boutique-one-piece.com\\\/figurines-one-piece\\\/figurines-portgas-d-ace\\\/figurine-one-piece-ace-les-poings-en-flamme\\\/#primaryimage\",\"url\":\"https:\\\/\\\/boutique-one-piece.com\\\/wp-content\\\/uploads\\\/2022\\\/09\\\/Figurine-One-Piece-Ace-Les-Poings-En-Flamme.jpg\",\"contentUrl\":\"https:\\\/\\\/boutique-one-piece.com\\\/wp-content\\\/uploads\\\/2022\\\/09\\\/Figurine-One-Piece-Ace-Les-Poings-En-Flamme.jpg\",\"width\":640,\"height\":640,\"caption\":\"Figurine One Piece Ace Les Poings En Flamme Default Title\"},{\"@type\":\"BreadcrumbList\",\"@id\":\"https:\\\/\\\/boutique-one-piece.com\\\/figurines-one-piece\\\/figurines-portgas-d-ace\\\/figurine-one-piece-ace-les-poings-en-flamme\\\/#breadcrumb\",\"itemListElement\":[{\"@type\":\"ListItem\",\"position\":1,\"name\":\"Home\",\"item\":\"https:\\\/\\\/boutique-one-piece.com\\\/\"},{\"@type\":\"ListItem\",\"position\":2,\"name\":\"Shop\",\"item\":\"https:\\\/\\\/boutique-one-piece.com\\\/shop\\\/\"},{\"@type\":\"ListItem\",\"position\":3,\"name\":\"Figurine One Piece Ace Les Poings En Flamme\"}]},{\"@type\":\"WebSite\",\"@id\":\"https:\\\/\\\/boutique-one-piece.com\\\/#website\",\"url\":\"https:\\\/\\\/boutique-one-piece.com\\\/\",\"name\":\"Boutique One Piece\",\"description\":\"Magasin Sp\u00e9cialis\u00e9 du Manga et l&#039;Anime One Piece\",\"publisher\":{\"@id\":\"https:\\\/\\\/boutique-one-piece.com\\\/#organization\"},\"potentialAction\":[{\"@type\":\"SearchAction\",\"target\":{\"@type\":\"EntryPoint\",\"urlTemplate\":\"https:\\\/\\\/boutique-one-piece.com\\\/?s={search_term_string}\"},\"query-input\":{\"@type\":\"PropertyValueSpecification\",\"valueRequired\":true,\"valueName\":\"search_term_string\"}}],\"inLanguage\":\"de\"},{\"@type\":\"Organization\",\"@id\":\"https:\\\/\\\/boutique-one-piece.com\\\/#organization\",\"name\":\"Boutique One Piece\",\"url\":\"https:\\\/\\\/boutique-one-piece.com\\\/\",\"logo\":{\"@type\":\"ImageObject\",\"inLanguage\":\"de\",\"@id\":\"https:\\\/\\\/boutique-one-piece.com\\\/#\\\/schema\\\/logo\\\/image\\\/\",\"url\":\"https:\\\/\\\/boutique-one-piece.com\\\/wp-content\\\/uploads\\\/2022\\\/09\\\/Logo-01.png\",\"contentUrl\":\"https:\\\/\\\/boutique-one-piece.com\\\/wp-content\\\/uploads\\\/2022\\\/09\\\/Logo-01.png\",\"width\":2318,\"height\":957,\"caption\":\"Boutique One Piece\"},\"image\":{\"@id\":\"https:\\\/\\\/boutique-one-piece.com\\\/#\\\/schema\\\/logo\\\/image\\\/\"}}]}<\/script>\n<!-- \/ Yoast SEO plugin. -->","yoast_head_json":{"title":"One Piece Ace \u201eFists In Flames\u201c-Figur | One Piece-Figur \u2013 One Piece Shop","description":"Junger Pirat, es ist an der Zeit, dir diese One Piece Ace Flaming Fists-Figur zu sichern! Zur Erinnerung: Portgas D. Ace, bekannt als \"Flaming Fists Ace\", ist der Blutsbruder von Monkey D. Luffy und Sabo. Er ist der einzige Sohn des verstorbenen Piratenk\u00f6nigs Gol D. Roger und seiner Frau Portgas.","robots":{"index":"index","follow":"follow","max-snippet":"max-snippet:-1","max-image-preview":"max-image-preview:large","max-video-preview":"max-video-preview:-1"},"canonical":"https:\/\/boutique-one-piece.com\/de\/one-piece-figuren\/portgas-dace-figuren\/one-piece-ace-figur-mit-flammenden-fausten\/","og_locale":"de_DE","og_type":"article","og_title":"Figurine One Piece Ace Les Poings En Flamme | Figurine One Piece \u2013 Boutique One Piece","og_description":"Jeune pirate, le moment est venu pour toi de te procurer cette Figurine One Piece Ace Les Poings En Flamme. Pour rappel, Portgas D. Ace, connu sous le nom de \"Ace aux Poings Ardents\" est le fr\u00e8re spirituel de Monkey D. Luffy et de Sabo. Il est le seul fils du d\u00e9funt Roi des Pirates Gol D. Roger et de son \u00e9pouse Portgas","og_url":"https:\/\/boutique-one-piece.com\/de\/one-piece-figuren\/portgas-dace-figuren\/one-piece-ace-figur-mit-flammenden-fausten\/","og_site_name":"Boutique One Piece","article_modified_time":"2024-09-16T12:22:28+00:00","og_image":[{"width":640,"height":640,"url":"https:\/\/boutique-one-piece.com\/wp-content\/uploads\/2022\/09\/Figurine-One-Piece-Ace-Les-Poings-En-Flamme.jpg","type":"image\/jpeg"}],"twitter_card":"summary_large_image","twitter_misc":{"Gesch\u00e4tzte Lesezeit":"1\u00a0Minute"},"schema":{"@context":"https:\/\/schema.org","@graph":[{"@type":"WebPage","@id":"https:\/\/boutique-one-piece.com\/figurines-one-piece\/figurines-portgas-d-ace\/figurine-one-piece-ace-les-poings-en-flamme\/","url":"https:\/\/boutique-one-piece.com\/figurines-one-piece\/figurines-portgas-d-ace\/figurine-one-piece-ace-les-poings-en-flamme\/","name":"One Piece Ace \u201eFists In Flames\u201c-Figur | One Piece-Figur \u2013 One Piece Shop","isPartOf":{"@id":"https:\/\/boutique-one-piece.com\/#website"},"primaryImageOfPage":{"@id":"https:\/\/boutique-one-piece.com\/figurines-one-piece\/figurines-portgas-d-ace\/figurine-one-piece-ace-les-poings-en-flamme\/#primaryimage"},"image":{"@id":"https:\/\/boutique-one-piece.com\/figurines-one-piece\/figurines-portgas-d-ace\/figurine-one-piece-ace-les-poings-en-flamme\/#primaryimage"},"thumbnailUrl":"https:\/\/boutique-one-piece.com\/wp-content\/uploads\/2022\/09\/Figurine-One-Piece-Ace-Les-Poings-En-Flamme.jpg","datePublished":"2022-09-27T20:38:55+00:00","dateModified":"2024-09-16T12:22:28+00:00","description":"Junger Pirat, es ist an der Zeit, dir diese One Piece Ace Flaming Fists-Figur zu sichern! Zur Erinnerung: Portgas D. Ace, bekannt als \"Flaming Fists Ace\", ist der Blutsbruder von Monkey D. Luffy und Sabo. Er ist der einzige Sohn des verstorbenen Piratenk\u00f6nigs Gol D. Roger und seiner Frau Portgas.","breadcrumb":{"@id":"https:\/\/boutique-one-piece.com\/figurines-one-piece\/figurines-portgas-d-ace\/figurine-one-piece-ace-les-poings-en-flamme\/#breadcrumb"},"inLanguage":"de","potentialAction":[{"@type":"ReadAction","target":["https:\/\/boutique-one-piece.com\/figurines-one-piece\/figurines-portgas-d-ace\/figurine-one-piece-ace-les-poings-en-flamme\/"]}]},{"@type":"ImageObject","inLanguage":"de","@id":"https:\/\/boutique-one-piece.com\/figurines-one-piece\/figurines-portgas-d-ace\/figurine-one-piece-ace-les-poings-en-flamme\/#primaryimage","url":"https:\/\/boutique-one-piece.com\/wp-content\/uploads\/2022\/09\/Figurine-One-Piece-Ace-Les-Poings-En-Flamme.jpg","contentUrl":"https:\/\/boutique-one-piece.com\/wp-content\/uploads\/2022\/09\/Figurine-One-Piece-Ace-Les-Poings-En-Flamme.jpg","width":640,"height":640,"caption":"Figurine One Piece Ace Les Poings En Flamme Default Title"},{"@type":"BreadcrumbList","@id":"https:\/\/boutique-one-piece.com\/figurines-one-piece\/figurines-portgas-d-ace\/figurine-one-piece-ace-les-poings-en-flamme\/#breadcrumb","itemListElement":[{"@type":"ListItem","position":1,"name":"Home","item":"https:\/\/boutique-one-piece.com\/"},{"@type":"ListItem","position":2,"name":"Shop","item":"https:\/\/boutique-one-piece.com\/shop\/"},{"@type":"ListItem","position":3,"name":"Figurine One Piece Ace Les Poings En Flamme"}]},{"@type":"WebSite","@id":"https:\/\/boutique-one-piece.com\/#website","url":"https:\/\/boutique-one-piece.com\/","name":"One Piece Shop","description":"Fachgesch\u00e4ft f\u00fcr One Piece Manga und Anime","publisher":{"@id":"https:\/\/boutique-one-piece.com\/#organization"},"potentialAction":[{"@type":"SearchAction","target":{"@type":"EntryPoint","urlTemplate":"https:\/\/boutique-one-piece.com\/?s={search_term_string}"},"query-input":{"@type":"PropertyValueSpecification","valueRequired":true,"valueName":"search_term_string"}}],"inLanguage":"de"},{"@type":"Organization","@id":"https:\/\/boutique-one-piece.com\/#organization","name":"One Piece Shop","url":"https:\/\/boutique-one-piece.com\/","logo":{"@type":"ImageObject","inLanguage":"de","@id":"https:\/\/boutique-one-piece.com\/#\/schema\/logo\/image\/","url":"https:\/\/boutique-one-piece.com\/wp-content\/uploads\/2022\/09\/Logo-01.png","contentUrl":"https:\/\/boutique-one-piece.com\/wp-content\/uploads\/2022\/09\/Logo-01.png","width":2318,"height":957,"caption":"Boutique One Piece"},"image":{"@id":"https:\/\/boutique-one-piece.com\/#\/schema\/logo\/image\/"}}]}},"_links":{"self":[{"href":"https:\/\/boutique-one-piece.com\/de\/wp-json\/wp\/v2\/product\/11123","targetHints":{"allow":["GET"]}}],"collection":[{"href":"https:\/\/boutique-one-piece.com\/de\/wp-json\/wp\/v2\/product"}],"about":[{"href":"https:\/\/boutique-one-piece.com\/de\/wp-json\/wp\/v2\/types\/product"}],"replies":[{"embeddable":true,"href":"https:\/\/boutique-one-piece.com\/de\/wp-json\/wp\/v2\/comments?post=11123"}],"wp:featuredmedia":[{"embeddable":true,"href":"https:\/\/boutique-one-piece.com\/de\/wp-json\/wp\/v2\/media\/11125"}],"wp:attachment":[{"href":"https:\/\/boutique-one-piece.com\/de\/wp-json\/wp\/v2\/media?parent=11123"}],"wp:term":[{"taxonomy":"product_brand","embeddable":true,"href":"https:\/\/boutique-one-piece.com\/de\/wp-json\/wp\/v2\/product_brand?post=11123"},{"taxonomy":"product_cat","embeddable":true,"href":"https:\/\/boutique-one-piece.com\/de\/wp-json\/wp\/v2\/product_cat?post=11123"},{"taxonomy":"product_tag","embeddable":true,"href":"https:\/\/boutique-one-piece.com\/de\/wp-json\/wp\/v2\/product_tag?post=11123"}],"curies":[{"name":"wp","href":"https:\/\/api.w.org\/{rel}","templated":true}]}}