{"id":11174,"date":"2022-09-27T20:39:07","date_gmt":"2022-09-27T20:39:07","guid":{"rendered":"https:\/\/boutique-one-piece.com\/uncategorized\/veste-one-piece-cosplay-zoro\/"},"modified":"2024-09-16T12:24:14","modified_gmt":"2024-09-16T12:24:14","slug":"one-piece-zoro-cosplay-jacke","status":"publish","type":"product","link":"https:\/\/boutique-one-piece.com\/de\/one-piece-fanartikel\/lorenor-zorro-einteilige-leckereien\/one-piece-zoro-cosplay-jacke\/","title":{"rendered":"One Piece Zoro Cosplay Jacke"},"content":{"rendered":"<p><meta charset=\"utf-8\"><\/p>\n<h2>Gr\u00fcne One Piece Kapuzenjacke im Roronoa Zoros Outfit \u2013 eine super hochwertige Joggingjacke f\u00fcr einen Piraten wie dich!<\/h2>\n<p>Wenn Sie ein\u00a0<strong>echter Pirat<\/strong>, Sie werden es zu sch\u00e4tzen wissen\u00a0<strong>Qualit\u00e4t<\/strong>\u00a0Stoff und\u00a0<strong>l\u2019impression 3D Canvas<\/strong>\u00a0davon\u00a0<strong>Einteilige Jacke<\/strong>\u00a0Aber am wichtigsten ist, dass\u00a0<strong>bedruckte Jacke<\/strong>\u00a0Das liegt daran, dass du ein Teil davon sein wirst\u00a0<strong>l\u2019\u00e9quipage\u00a0des fans<\/strong>\u00a0von\u00a0<strong>Piraten-Manga<\/strong>\u00a0und Sie erhalten:<\/p>\n<ul>\n<li>\u00a0<strong>L\u2019admiration<\/strong>\u00a0aller Fans von\u00a0<strong>l\u2019univers<\/strong>\u00a0der\u00a0<strong>Lizenz<\/strong>\u00a0von\u00a0<strong>Manga<\/strong>\u00a0dass Sie antreffen werden<\/li>\n<\/ul>\n<ul>\n<li>Ein echter\u00a0<strong>Kapuzenjacke<\/strong>\u00a0mit dem Sie\u00a0<strong>Aktie<\/strong>\u00a0dein\u00a0<strong>Hingabe<\/strong>\u00a0F\u00fcr\u00a0<strong>Ein St\u00fcck<\/strong>\n<\/li>\n<\/ul>\n<p>Also, bereit, das zu tragen\u00a0<strong>Farben\u00a0<\/strong>von<strong>\u00a0<\/strong>dein<strong>\u00a0Lieblingsmanga<\/strong>\u00a0?<\/p>\n<h2>Es-tu un fan du manga ou de l\u2019anim\u00e9 One Piece ? Montre le avec cette veste One Piece !<\/h2>\n<p>Wenn du\u00a0<strong>lesen<\/strong>\u00a0oder wo auch immer Sie hinschauen\u00a0\u00a0<strong>l\u2019anim\u00e9\u00a0japonais<\/strong>, Die Wahrscheinlichkeit ist gro\u00df, dass du geworden bist\u00a0<strong>Ich bin total verr\u00fcckt nach One Piece.<\/strong>\u00a0Damit\u00a0<strong>One Piece Zoro Cosplay Jacke<\/strong>, rejoins\u00a0l\u2019<strong>Eine Gruppe von Fans der Franchise<\/strong><\/p>\n<p>Das\u00a0<strong>Jacke im Cosplay-Stil<\/strong>\u00a0ist in folgenden Gr\u00f6\u00dfen erh\u00e4ltlich <strong>XS<\/strong>,\u00a0<strong>S<\/strong>,<strong>\u00a0M<\/strong>,<strong>\u00a0L<\/strong>,\u00a0<strong>XL<\/strong>,\u00a0<strong>XXL<\/strong>, <strong>3XL<\/strong>, <strong>4XL<\/strong>, Es eignet sich f\u00fcr alle Arten von Piraten.,\u00a0<strong>Mann<\/strong>\u00a0Oder\u00a0<strong>Frauen<\/strong>, m\u00eame si tu n\u2019as pas\u00a0<strong>d\u2019\u00e9p\u00e9e<\/strong>\u00a0oder\u00a0<strong>Teufelsfrucht<\/strong>\u00a0Du kannst es immer noch mit Stolz tragen.<\/p>\n<h2>Jackeninformationen:\u00a0<\/h2>\n<ul>\n<li>\u00a0<strong>Hochwertige Kapuzenjacke\u00a0<\/strong>: hat ein\u00a0<strong>hohes Grammatur<\/strong>, mit hochwertigen Materialien<\/li>\n<\/ul>\n<ul>\n<li>\n<strong>Sehr komfortabel\u00a0<\/strong>: mit<span>\u00a0<\/span>sein\u00a0<strong>Fasern<\/strong>\u00a0von\u00a0<strong>Baumwolle<\/strong>\u00a0Gro\u00dfartig\u00a0<strong>weich<\/strong>, il n\u2019y a pas\u00a0de\u00a0<strong>Reibung<\/strong>\n<\/li>\n<\/ul>\n<ul>\n<li>\n<strong>3D-Digitaldruck<\/strong>\u00a0:\u00a0<strong>bedruckte Jacke<\/strong>\u00a0mit einem originellen Design,\u00a0<strong>Leinwanddruck<\/strong>\n<\/li>\n<\/ul>\n<ul>\n<li>\n<strong>Bio-Baumwolle\u00a0<\/strong>: hochwertige Baumwolle mit\u00a0<strong>extra lange Fasern<\/strong>\n<\/li>\n<\/ul>\n<ul>\n<li>\n<strong>Kostenloser Versand\u00a0<\/strong>f\u00fcr jeden Kauf<\/li>\n<\/ul>\n<h2><strong>N\u2019oubliez pas de jeter\u00a0un oeil au guide des tailles ci-dessous<\/strong><\/h2>\n<p><meta charset=\"utf-8\"><\/p>\n<h2><img decoding=\"async\" src=\"https:\/\/cdn.shopify.com\/s\/files\/1\/0087\/7556\/5348\/files\/boutque_one__piece__tableau__taille__veste-capuche_dd43e497-5488-4b5e-b6dc-182a264e1217_large.jpg?v=1559823789\" alt=\"Gr\u00f6\u00dfentabelle f\u00fcr Jacken von One Piece Shop\"><\/h2>\n<h3>Waschanleitung:<\/h3>\n<ul>\n<li>Maschinenw\u00e4sche bei 30\u00b0C, Schonwaschgang<\/li>\n<\/ul>\n<ul>\n<li>Von der R\u00fcckseite b\u00fcgeln<\/li>\n<\/ul>\n<p>F\u00fcr<span>\u00a0<\/span><strong>die Qualit\u00e4t erhalten<\/strong><span>\u00a0<\/span>davon<span>\u00a0<\/span><strong>One Piece Hoodie<\/strong>, Wir empfehlen Ihnen<span>\u00a0<\/span><strong>respektieren<\/strong><span>\u00a0<\/span>DER<span>\u00a0<\/span><strong>Waschanleitung<\/strong>.<\/p>","protected":false},"excerpt":{"rendered":"<p>Veste \u00e0 Capuche\u00a0Verte One Piece\u00a0avec la Tenue de Roronoa Zoro,\u00a0Une Veste de Jogging de Super Qualit\u00e9 pour un Pirate Comme Toi\u00a0! Si tu es un\u00a0v\u00e9ritable pirate, tu sauras appr\u00e9cier la\u00a0qualit\u00e9\u00a0du tissu et de\u00a0l\u2019impression 3D Canvas\u00a0de cette\u00a0veste One Piece\u00a0!\u00a0Mais le plus important, avec cette\u00a0veste\u00a0imprim\u00e9e\u00a0c\u0092est que tu\u00a0feras partie de\u00a0l\u2019\u00e9quipage\u00a0des fans\u00a0du\u00a0manga de pirates\u00a0et tu obtiendras\u00a0: \u00a0L\u2019admiration\u00a0de tous les [&hellip;]<\/p>","protected":false},"featured_media":11176,"comment_status":"open","ping_status":"open","template":"","meta":[],"product_brand":[],"product_cat":[151],"product_tag":[182,113],"class_list":{"0":"post-11174","1":"product","2":"type-product","3":"status-publish","4":"has-post-thumbnail","6":"product_cat-goodies-roronoa-zoro-one-piece","7":"product_tag-logo","8":"product_tag-zoro","10":"first","11":"instock","12":"purchasable","13":"product-type-variable","14":"has-default-attributes"},"yoast_head":"<!-- This site is optimized with the Yoast SEO plugin v27.5 - https:\/\/yoast.com\/product\/yoast-seo-wordpress\/ -->\n<title>Veste One Piece Cosplay Zoro | Boutique One Piece<\/title>\n<meta name=\"description\" content=\"Veste One Piece Style Cosplay Verte, la Tenue de Roronoa Zoro de Qualit\u00e9, Rejoins les Fans de la Licence du Manga de Pirates toi aussi et partage ta passion\" \/>\n<meta name=\"robots\" content=\"index, follow, max-snippet:-1, max-image-preview:large, max-video-preview:-1\" \/>\n<link rel=\"canonical\" href=\"https:\/\/boutique-one-piece.com\/de\/one-piece-fanartikel\/lorenor-zorro-einteilige-leckereien\/one-piece-zoro-cosplay-jacke\/\" \/>\n<meta property=\"og:locale\" content=\"de_DE\" \/>\n<meta property=\"og:type\" content=\"article\" \/>\n<meta property=\"og:title\" content=\"Veste One Piece Cosplay Zoro | Boutique One Piece\" \/>\n<meta property=\"og:description\" content=\"Veste One Piece Style Cosplay Verte, la Tenue de Roronoa Zoro de Qualit\u00e9, Rejoins les Fans de la Licence du Manga de Pirates toi aussi et partage ta passion\" \/>\n<meta property=\"og:url\" content=\"https:\/\/boutique-one-piece.com\/de\/one-piece-fanartikel\/lorenor-zorro-einteilige-leckereien\/one-piece-zoro-cosplay-jacke\/\" \/>\n<meta property=\"og:site_name\" content=\"Boutique One Piece\" \/>\n<meta property=\"article:modified_time\" content=\"2024-09-16T12:24:14+00:00\" \/>\n<meta property=\"og:image\" content=\"https:\/\/boutique-one-piece.com\/wp-content\/uploads\/2022\/09\/Veste-One-Piece-Cosplay-Zoro.jpg\" \/>\n\t<meta property=\"og:image:width\" content=\"640\" \/>\n\t<meta property=\"og:image:height\" content=\"640\" \/>\n\t<meta property=\"og:image:type\" content=\"image\/jpeg\" \/>\n<meta name=\"twitter:card\" content=\"summary_large_image\" \/>\n<meta name=\"twitter:label1\" content=\"Gesch\u00e4tzte Lesezeit\" \/>\n\t<meta name=\"twitter:data1\" content=\"2\u00a0Minuten\" \/>\n<script type=\"application\/ld+json\" class=\"yoast-schema-graph\">{\"@context\":\"https:\\\/\\\/schema.org\",\"@graph\":[{\"@type\":\"WebPage\",\"@id\":\"https:\\\/\\\/boutique-one-piece.com\\\/goodies-one-piece\\\/goodies-roronoa-zoro-one-piece\\\/veste-one-piece-cosplay-zoro\\\/\",\"url\":\"https:\\\/\\\/boutique-one-piece.com\\\/goodies-one-piece\\\/goodies-roronoa-zoro-one-piece\\\/veste-one-piece-cosplay-zoro\\\/\",\"name\":\"Veste One Piece Cosplay Zoro | Boutique One Piece\",\"isPartOf\":{\"@id\":\"https:\\\/\\\/boutique-one-piece.com\\\/#website\"},\"primaryImageOfPage\":{\"@id\":\"https:\\\/\\\/boutique-one-piece.com\\\/goodies-one-piece\\\/goodies-roronoa-zoro-one-piece\\\/veste-one-piece-cosplay-zoro\\\/#primaryimage\"},\"image\":{\"@id\":\"https:\\\/\\\/boutique-one-piece.com\\\/goodies-one-piece\\\/goodies-roronoa-zoro-one-piece\\\/veste-one-piece-cosplay-zoro\\\/#primaryimage\"},\"thumbnailUrl\":\"https:\\\/\\\/boutique-one-piece.com\\\/wp-content\\\/uploads\\\/2022\\\/09\\\/Veste-One-Piece-Cosplay-Zoro.jpg\",\"datePublished\":\"2022-09-27T20:39:07+00:00\",\"dateModified\":\"2024-09-16T12:24:14+00:00\",\"description\":\"Veste One Piece Style Cosplay Verte, la Tenue de Roronoa Zoro de Qualit\u00e9, Rejoins les Fans de la Licence du Manga de Pirates toi aussi et partage ta passion\",\"breadcrumb\":{\"@id\":\"https:\\\/\\\/boutique-one-piece.com\\\/goodies-one-piece\\\/goodies-roronoa-zoro-one-piece\\\/veste-one-piece-cosplay-zoro\\\/#breadcrumb\"},\"inLanguage\":\"de\",\"potentialAction\":[{\"@type\":\"ReadAction\",\"target\":[\"https:\\\/\\\/boutique-one-piece.com\\\/goodies-one-piece\\\/goodies-roronoa-zoro-one-piece\\\/veste-one-piece-cosplay-zoro\\\/\"]}]},{\"@type\":\"ImageObject\",\"inLanguage\":\"de\",\"@id\":\"https:\\\/\\\/boutique-one-piece.com\\\/goodies-one-piece\\\/goodies-roronoa-zoro-one-piece\\\/veste-one-piece-cosplay-zoro\\\/#primaryimage\",\"url\":\"https:\\\/\\\/boutique-one-piece.com\\\/wp-content\\\/uploads\\\/2022\\\/09\\\/Veste-One-Piece-Cosplay-Zoro.jpg\",\"contentUrl\":\"https:\\\/\\\/boutique-one-piece.com\\\/wp-content\\\/uploads\\\/2022\\\/09\\\/Veste-One-Piece-Cosplay-Zoro.jpg\",\"width\":640,\"height\":640,\"caption\":\"Veste One Piece Cosplay Zoro 4xl\"},{\"@type\":\"BreadcrumbList\",\"@id\":\"https:\\\/\\\/boutique-one-piece.com\\\/goodies-one-piece\\\/goodies-roronoa-zoro-one-piece\\\/veste-one-piece-cosplay-zoro\\\/#breadcrumb\",\"itemListElement\":[{\"@type\":\"ListItem\",\"position\":1,\"name\":\"Home\",\"item\":\"https:\\\/\\\/boutique-one-piece.com\\\/\"},{\"@type\":\"ListItem\",\"position\":2,\"name\":\"Shop\",\"item\":\"https:\\\/\\\/boutique-one-piece.com\\\/shop\\\/\"},{\"@type\":\"ListItem\",\"position\":3,\"name\":\"Veste One Piece Cosplay Zoro\"}]},{\"@type\":\"WebSite\",\"@id\":\"https:\\\/\\\/boutique-one-piece.com\\\/#website\",\"url\":\"https:\\\/\\\/boutique-one-piece.com\\\/\",\"name\":\"Boutique One Piece\",\"description\":\"Magasin Sp\u00e9cialis\u00e9 du Manga et l&#039;Anime One Piece\",\"publisher\":{\"@id\":\"https:\\\/\\\/boutique-one-piece.com\\\/#organization\"},\"potentialAction\":[{\"@type\":\"SearchAction\",\"target\":{\"@type\":\"EntryPoint\",\"urlTemplate\":\"https:\\\/\\\/boutique-one-piece.com\\\/?s={search_term_string}\"},\"query-input\":{\"@type\":\"PropertyValueSpecification\",\"valueRequired\":true,\"valueName\":\"search_term_string\"}}],\"inLanguage\":\"de\"},{\"@type\":\"Organization\",\"@id\":\"https:\\\/\\\/boutique-one-piece.com\\\/#organization\",\"name\":\"Boutique One Piece\",\"url\":\"https:\\\/\\\/boutique-one-piece.com\\\/\",\"logo\":{\"@type\":\"ImageObject\",\"inLanguage\":\"de\",\"@id\":\"https:\\\/\\\/boutique-one-piece.com\\\/#\\\/schema\\\/logo\\\/image\\\/\",\"url\":\"https:\\\/\\\/boutique-one-piece.com\\\/wp-content\\\/uploads\\\/2022\\\/09\\\/Logo-01.png\",\"contentUrl\":\"https:\\\/\\\/boutique-one-piece.com\\\/wp-content\\\/uploads\\\/2022\\\/09\\\/Logo-01.png\",\"width\":2318,\"height\":957,\"caption\":\"Boutique One Piece\"},\"image\":{\"@id\":\"https:\\\/\\\/boutique-one-piece.com\\\/#\\\/schema\\\/logo\\\/image\\\/\"}}]}<\/script>\n<!-- \/ Yoast SEO plugin. -->","yoast_head_json":{"title":"One Piece Cosplay Zoro Jacke | One Piece Shop","description":"Gr\u00fcne Cosplay-Jacke im One Piece-Stil, Roronoa Zoros hochwertiges Outfit. Schlie\u00df dich den Fans dieses Piraten-Mangas an und teile deine Leidenschaft!","robots":{"index":"index","follow":"follow","max-snippet":"max-snippet:-1","max-image-preview":"max-image-preview:large","max-video-preview":"max-video-preview:-1"},"canonical":"https:\/\/boutique-one-piece.com\/de\/one-piece-fanartikel\/lorenor-zorro-einteilige-leckereien\/one-piece-zoro-cosplay-jacke\/","og_locale":"de_DE","og_type":"article","og_title":"Veste One Piece Cosplay Zoro | Boutique One Piece","og_description":"Veste One Piece Style Cosplay Verte, la Tenue de Roronoa Zoro de Qualit\u00e9, Rejoins les Fans de la Licence du Manga de Pirates toi aussi et partage ta passion","og_url":"https:\/\/boutique-one-piece.com\/de\/one-piece-fanartikel\/lorenor-zorro-einteilige-leckereien\/one-piece-zoro-cosplay-jacke\/","og_site_name":"Boutique One Piece","article_modified_time":"2024-09-16T12:24:14+00:00","og_image":[{"width":640,"height":640,"url":"https:\/\/boutique-one-piece.com\/wp-content\/uploads\/2022\/09\/Veste-One-Piece-Cosplay-Zoro.jpg","type":"image\/jpeg"}],"twitter_card":"summary_large_image","twitter_misc":{"Gesch\u00e4tzte Lesezeit":"2\u00a0Minuten"},"schema":{"@context":"https:\/\/schema.org","@graph":[{"@type":"WebPage","@id":"https:\/\/boutique-one-piece.com\/goodies-one-piece\/goodies-roronoa-zoro-one-piece\/veste-one-piece-cosplay-zoro\/","url":"https:\/\/boutique-one-piece.com\/goodies-one-piece\/goodies-roronoa-zoro-one-piece\/veste-one-piece-cosplay-zoro\/","name":"One Piece Cosplay Zoro Jacke | One Piece Shop","isPartOf":{"@id":"https:\/\/boutique-one-piece.com\/#website"},"primaryImageOfPage":{"@id":"https:\/\/boutique-one-piece.com\/goodies-one-piece\/goodies-roronoa-zoro-one-piece\/veste-one-piece-cosplay-zoro\/#primaryimage"},"image":{"@id":"https:\/\/boutique-one-piece.com\/goodies-one-piece\/goodies-roronoa-zoro-one-piece\/veste-one-piece-cosplay-zoro\/#primaryimage"},"thumbnailUrl":"https:\/\/boutique-one-piece.com\/wp-content\/uploads\/2022\/09\/Veste-One-Piece-Cosplay-Zoro.jpg","datePublished":"2022-09-27T20:39:07+00:00","dateModified":"2024-09-16T12:24:14+00:00","description":"Gr\u00fcne Cosplay-Jacke im One Piece-Stil, Roronoa Zoros hochwertiges Outfit. Schlie\u00df dich den Fans dieses Piraten-Mangas an und teile deine Leidenschaft!","breadcrumb":{"@id":"https:\/\/boutique-one-piece.com\/goodies-one-piece\/goodies-roronoa-zoro-one-piece\/veste-one-piece-cosplay-zoro\/#breadcrumb"},"inLanguage":"de","potentialAction":[{"@type":"ReadAction","target":["https:\/\/boutique-one-piece.com\/goodies-one-piece\/goodies-roronoa-zoro-one-piece\/veste-one-piece-cosplay-zoro\/"]}]},{"@type":"ImageObject","inLanguage":"de","@id":"https:\/\/boutique-one-piece.com\/goodies-one-piece\/goodies-roronoa-zoro-one-piece\/veste-one-piece-cosplay-zoro\/#primaryimage","url":"https:\/\/boutique-one-piece.com\/wp-content\/uploads\/2022\/09\/Veste-One-Piece-Cosplay-Zoro.jpg","contentUrl":"https:\/\/boutique-one-piece.com\/wp-content\/uploads\/2022\/09\/Veste-One-Piece-Cosplay-Zoro.jpg","width":640,"height":640,"caption":"Veste One Piece Cosplay Zoro 4xl"},{"@type":"BreadcrumbList","@id":"https:\/\/boutique-one-piece.com\/goodies-one-piece\/goodies-roronoa-zoro-one-piece\/veste-one-piece-cosplay-zoro\/#breadcrumb","itemListElement":[{"@type":"ListItem","position":1,"name":"Home","item":"https:\/\/boutique-one-piece.com\/"},{"@type":"ListItem","position":2,"name":"Shop","item":"https:\/\/boutique-one-piece.com\/shop\/"},{"@type":"ListItem","position":3,"name":"Veste One Piece Cosplay Zoro"}]},{"@type":"WebSite","@id":"https:\/\/boutique-one-piece.com\/#website","url":"https:\/\/boutique-one-piece.com\/","name":"One Piece Shop","description":"Fachgesch\u00e4ft f\u00fcr One Piece Manga und Anime","publisher":{"@id":"https:\/\/boutique-one-piece.com\/#organization"},"potentialAction":[{"@type":"SearchAction","target":{"@type":"EntryPoint","urlTemplate":"https:\/\/boutique-one-piece.com\/?s={search_term_string}"},"query-input":{"@type":"PropertyValueSpecification","valueRequired":true,"valueName":"search_term_string"}}],"inLanguage":"de"},{"@type":"Organization","@id":"https:\/\/boutique-one-piece.com\/#organization","name":"One Piece Shop","url":"https:\/\/boutique-one-piece.com\/","logo":{"@type":"ImageObject","inLanguage":"de","@id":"https:\/\/boutique-one-piece.com\/#\/schema\/logo\/image\/","url":"https:\/\/boutique-one-piece.com\/wp-content\/uploads\/2022\/09\/Logo-01.png","contentUrl":"https:\/\/boutique-one-piece.com\/wp-content\/uploads\/2022\/09\/Logo-01.png","width":2318,"height":957,"caption":"Boutique One Piece"},"image":{"@id":"https:\/\/boutique-one-piece.com\/#\/schema\/logo\/image\/"}}]}},"_links":{"self":[{"href":"https:\/\/boutique-one-piece.com\/de\/wp-json\/wp\/v2\/product\/11174","targetHints":{"allow":["GET"]}}],"collection":[{"href":"https:\/\/boutique-one-piece.com\/de\/wp-json\/wp\/v2\/product"}],"about":[{"href":"https:\/\/boutique-one-piece.com\/de\/wp-json\/wp\/v2\/types\/product"}],"replies":[{"embeddable":true,"href":"https:\/\/boutique-one-piece.com\/de\/wp-json\/wp\/v2\/comments?post=11174"}],"wp:featuredmedia":[{"embeddable":true,"href":"https:\/\/boutique-one-piece.com\/de\/wp-json\/wp\/v2\/media\/11176"}],"wp:attachment":[{"href":"https:\/\/boutique-one-piece.com\/de\/wp-json\/wp\/v2\/media?parent=11174"}],"wp:term":[{"taxonomy":"product_brand","embeddable":true,"href":"https:\/\/boutique-one-piece.com\/de\/wp-json\/wp\/v2\/product_brand?post=11174"},{"taxonomy":"product_cat","embeddable":true,"href":"https:\/\/boutique-one-piece.com\/de\/wp-json\/wp\/v2\/product_cat?post=11174"},{"taxonomy":"product_tag","embeddable":true,"href":"https:\/\/boutique-one-piece.com\/de\/wp-json\/wp\/v2\/product_tag?post=11174"}],"curies":[{"name":"wp","href":"https:\/\/api.w.org\/{rel}","templated":true}]}}