{"id":11353,"date":"2022-09-27T20:40:23","date_gmt":"2022-09-27T20:40:23","guid":{"rendered":"https:\/\/boutique-one-piece.com\/uncategorized\/veste-one-piece-jolly-roger-trafalgar-law\/"},"modified":"2024-12-18T02:47:53","modified_gmt":"2024-12-18T02:47:53","slug":"einteilige-jolly-roger-trafalgar-law-jacke","status":"publish","type":"product","link":"https:\/\/boutique-one-piece.com\/de\/einteilige-kleidung\/einteilige-jacken\/einteilige-jolly-roger-trafalgar-law-jacke\/","title":{"rendered":"One Piece Jolly Roger Trafalgar Law Jacke"},"content":{"rendered":"<p><meta charset=\"utf-8\"><\/p>\n<h2><b>Schwarze One Piece Kapuzenjacke mit Trafalgar D. Water Laws Piratenflagge \u2013 Hochwertig: Schlie\u00dfen Sie sich der Crew eines der Kapit\u00e4ne der Schrecklichen Generation an und tragen Sie diese Farben! Zeigen Sie stolz Ihre Treue zu \u00abTeam Law\u00bb!\u00bb<\/b><\/h2>\n<p><meta charset=\"utf-8\"><\/p>\n<p>Wenn Sie ein&nbsp;<strong>echter Pirat<\/strong>, Sie werden es zu sch\u00e4tzen wissen&nbsp;<strong>Qualit\u00e4t<\/strong>&nbsp;Stoff und&nbsp;<strong>3D-Leinwanddruck<\/strong>&nbsp;davon&nbsp;<strong>Einteilige Jacke<\/strong>&nbsp;Aber am wichtigsten ist, dass&nbsp;<strong>bedruckte Jacke<\/strong>&nbsp;Das liegt daran, dass du ein Teil davon sein wirst&nbsp;<strong>die Fan-Crew<\/strong>&nbsp;von&nbsp;<strong>Piraten-Manga<\/strong>&nbsp;und Sie erhalten:<\/p>\n<ul>\n<li>&nbsp;<strong>Bewunderung<\/strong>&nbsp;aller Fans von&nbsp;<strong>das Universum<\/strong>&nbsp;der&nbsp;<strong>Lizenz<\/strong>&nbsp;von&nbsp;<strong>Manga<\/strong>&nbsp;dass Sie antreffen werden<\/li>\n<\/ul>\n<ul>\n<li>Ein echter&nbsp;<strong>Kapuzenjacke<\/strong>&nbsp;mit dem Sie&nbsp;<strong>Aktie<\/strong>&nbsp;dein&nbsp;<strong>Hingabe<\/strong>&nbsp;F\u00fcr&nbsp;<strong>Ein St\u00fcck<\/strong><\/li>\n<\/ul>\n<p>Also, bereit, das zu tragen&nbsp;<strong>Farben&nbsp;<\/strong>von<strong>&nbsp;<\/strong>dein<strong>&nbsp;Lieblingsmanga<\/strong>&nbsp;?<\/p>\n<h2>Bist du ein Fan des One Piece Mangas oder Animes? Zeig es mit dieser One Piece Jacke!<\/h2>\n<p>Wenn du&nbsp;<strong>lesen<\/strong>&nbsp;oder wo auch immer Sie hinschauen&nbsp;&nbsp;<strong>Japanische Anime<\/strong>, Die Wahrscheinlichkeit ist gro\u00df, dass du geworden bist&nbsp;<strong>Ich bin total verr\u00fcckt nach One Piece.<\/strong>&nbsp;Damit&nbsp;<strong>One Piece Jolly Roger Trafalgar Law Jacke<\/strong>, schlie\u00df dich der an\u2019<strong>Eine Gruppe von Fans der Franchise<\/strong><\/p>\n<p>Das&nbsp;<strong>schwarze Joggingjacke<\/strong>&nbsp;ist in folgenden Gr\u00f6\u00dfen erh\u00e4ltlich&nbsp;<strong>S<\/strong>,<strong>&nbsp;M<\/strong>,<strong>&nbsp;L<\/strong>,&nbsp;<strong>XL<\/strong>,&nbsp;<strong>XXL<\/strong>, Es eignet sich f\u00fcr alle Arten von Piraten.,&nbsp;<strong>Mann<\/strong>&nbsp;Oder&nbsp;<strong>Frauen<\/strong>, selbst wenn Sie nicht haben&nbsp;<strong>Schwert<\/strong>&nbsp;oder&nbsp;<strong>Teufelsfrucht<\/strong>&nbsp;Du kannst es immer noch mit Stolz tragen.<\/p>\n<h2>Jackeninformationen:&nbsp;<\/h2>\n<ul>\n<li>&nbsp;<strong>Hochwertige Kapuzenjacke&nbsp;<\/strong>: hat ein&nbsp;<strong>hohes Grammatur<\/strong>, mit hochwertigen Materialien<\/li>\n<\/ul>\n<ul>\n<li>\n<strong>Fleecefutter<\/strong>&nbsp;: mit seinem&nbsp;<strong>Innenfutter<\/strong>&nbsp;In&nbsp;<strong>Polar-<\/strong>, Diese Jacke bietet eine perfekte&nbsp;<strong>Isolierung<\/strong>&nbsp;gegen die&nbsp;<strong>kalt<\/strong>.&nbsp;<\/li>\n<\/ul>\n<ul>\n<li>\n<strong>Sehr komfortabel&nbsp;<\/strong>: mit<span>&nbsp;<\/span>sein&nbsp;<strong>Fasern<\/strong>&nbsp;von&nbsp;<strong>Baumwolle<\/strong>&nbsp;Gro\u00dfartig&nbsp;<strong>weich<\/strong>, Es gibt keins&nbsp;<strong>Reibung<\/strong><\/li>\n<\/ul>\n<ul>\n<li>\n<strong>3D-Digitaldruck<\/strong>&nbsp;:&nbsp;<strong>bedruckte Jacke<\/strong>&nbsp;mit einem originellen Design,&nbsp;<strong>Leinwanddruck<\/strong><\/li>\n<\/ul>\n<ul>\n<li>\n<strong>Bio-Baumwolle&nbsp;<\/strong>: hochwertige Baumwolle mit&nbsp;<strong>extra lange Fasern<\/strong><\/li>\n<\/ul>\n<ul>\n<li>\n<strong>Kostenloser Versand&nbsp;<\/strong>f\u00fcr jeden Kauf<\/li>\n<\/ul>\n<h2><strong>Vergessen Sie nicht, einen Blick auf die unten stehende Gr\u00f6\u00dfentabelle zu werfen.<\/strong><\/h2>\n<h2>\n<b><\/b><img decoding=\"async\" src=\"https:\/\/cdn.shopify.com\/s\/files\/1\/0087\/7556\/5348\/files\/boutque_one__piece__tableau__taille__veste-capuche_dd43e497-5488-4b5e-b6dc-182a264e1217_large.jpg?v=1559823789\" alt=\"Gr\u00f6\u00dfentabelle f\u00fcr Jacken von One Piece Shop\" style=\"font-size: 15px;\"><\/h2>\n<h3>Waschanleitung:<\/h3>\n<ul>\n<li>Maschinenw\u00e4sche bei 30\u00b0C, Schonwaschgang<\/li>\n<\/ul>\n<ul>\n<li>Von der R\u00fcckseite b\u00fcgeln<\/li>\n<\/ul>\n<p>F\u00fcr<span>&nbsp;<\/span><strong>die Qualit\u00e4t erhalten<\/strong><span>&nbsp;<\/span>davon<span>&nbsp;<\/span><strong>One Piece Hoodie<\/strong>, Wir empfehlen Ihnen<span>&nbsp;<\/span><strong>respektieren<\/strong><span>&nbsp;<\/span>DER<span>&nbsp;<\/span><strong>Waschanleitung<\/strong>.<\/p>","protected":false},"excerpt":{"rendered":"<p>Schwarzer One Piece Hoodie mit Trafalgar D. Water Laws Jolly Roger \u2013 Hochwertig: Schlie\u00df dich der Crew eines der Kapit\u00e4ne der Schrecklichen Generation an und trage diese Farben! Zeige stolz deine Treue zu \u00abTeam Law\u00bb. Als echter Pirat wirst du die Stoffqualit\u00e4t und den 3D-Canvas-Druck dieses One Piece Hoodies zu sch\u00e4tzen wissen.<\/p>","protected":false},"featured_media":11355,"comment_status":"open","ping_status":"open","template":"","meta":[],"product_brand":[],"product_cat":[183],"product_tag":[202,182],"class_list":{"0":"post-11353","1":"product","2":"type-product","3":"status-publish","4":"has-post-thumbnail","6":"product_cat-vestes-one-piece","7":"product_tag-law","8":"product_tag-logo","10":"first","11":"instock","12":"purchasable","13":"product-type-variable"},"yoast_head":"<!-- This site is optimized with the Yoast SEO plugin v27.5 - https:\/\/yoast.com\/product\/yoast-seo-wordpress\/ -->\n<title>Veste One Piece Jolly Roger Trafalgar D. Water Law \u2013 Boutique One Piece<\/title>\n<meta name=\"description\" content=\"Veste \u00e0 Capuche Noire One Piece avec le Jolly Roger de Trafalgar Law de Tr\u00e8s Haute Qualit\u00e9 : Rejoins l&#039;\u00c9quipage d&#039;un des Capitaines de la G\u00e9n\u00e9ration T\u00e9rrible\" \/>\n<meta name=\"robots\" content=\"index, follow, max-snippet:-1, max-image-preview:large, max-video-preview:-1\" \/>\n<link rel=\"canonical\" href=\"https:\/\/boutique-one-piece.com\/de\/einteilige-kleidung\/einteilige-jacken\/einteilige-jolly-roger-trafalgar-law-jacke\/\" \/>\n<meta property=\"og:locale\" content=\"de_DE\" \/>\n<meta property=\"og:type\" content=\"article\" \/>\n<meta property=\"og:title\" content=\"Veste One Piece Jolly Roger Trafalgar D. Water Law \u2013 Boutique One Piece\" \/>\n<meta property=\"og:description\" content=\"Veste \u00e0 Capuche Noire One Piece avec le Jolly Roger de Trafalgar Law de Tr\u00e8s Haute Qualit\u00e9 : Rejoins l&#039;\u00c9quipage d&#039;un des Capitaines de la G\u00e9n\u00e9ration T\u00e9rrible\" \/>\n<meta property=\"og:url\" content=\"https:\/\/boutique-one-piece.com\/de\/einteilige-kleidung\/einteilige-jacken\/einteilige-jolly-roger-trafalgar-law-jacke\/\" \/>\n<meta property=\"og:site_name\" content=\"Boutique One Piece\" \/>\n<meta property=\"article:modified_time\" content=\"2024-12-18T02:47:53+00:00\" \/>\n<meta property=\"og:image\" content=\"https:\/\/boutique-one-piece.com\/wp-content\/uploads\/2022\/09\/Veste-One-Piece-Jolly-Roger-Trafalgar-Law.jpg\" \/>\n\t<meta property=\"og:image:width\" content=\"600\" \/>\n\t<meta property=\"og:image:height\" content=\"600\" \/>\n\t<meta property=\"og:image:type\" content=\"image\/jpeg\" \/>\n<meta name=\"twitter:card\" content=\"summary_large_image\" \/>\n<meta name=\"twitter:label1\" content=\"Gesch\u00e4tzte Lesezeit\" \/>\n\t<meta name=\"twitter:data1\" content=\"2\u00a0Minuten\" \/>\n<script type=\"application\/ld+json\" class=\"yoast-schema-graph\">{\"@context\":\"https:\\\/\\\/schema.org\",\"@graph\":[{\"@type\":\"WebPage\",\"@id\":\"https:\\\/\\\/boutique-one-piece.com\\\/vetements-one-piece\\\/vestes-one-piece\\\/veste-one-piece-jolly-roger-trafalgar-law\\\/\",\"url\":\"https:\\\/\\\/boutique-one-piece.com\\\/vetements-one-piece\\\/vestes-one-piece\\\/veste-one-piece-jolly-roger-trafalgar-law\\\/\",\"name\":\"Veste One Piece Jolly Roger Trafalgar D. Water Law \u2013 Boutique One Piece\",\"isPartOf\":{\"@id\":\"https:\\\/\\\/boutique-one-piece.com\\\/#website\"},\"primaryImageOfPage\":{\"@id\":\"https:\\\/\\\/boutique-one-piece.com\\\/vetements-one-piece\\\/vestes-one-piece\\\/veste-one-piece-jolly-roger-trafalgar-law\\\/#primaryimage\"},\"image\":{\"@id\":\"https:\\\/\\\/boutique-one-piece.com\\\/vetements-one-piece\\\/vestes-one-piece\\\/veste-one-piece-jolly-roger-trafalgar-law\\\/#primaryimage\"},\"thumbnailUrl\":\"https:\\\/\\\/boutique-one-piece.com\\\/wp-content\\\/uploads\\\/2022\\\/09\\\/Veste-One-Piece-Jolly-Roger-Trafalgar-Law.jpg\",\"datePublished\":\"2022-09-27T20:40:23+00:00\",\"dateModified\":\"2024-12-18T02:47:53+00:00\",\"description\":\"Veste \u00e0 Capuche Noire One Piece avec le Jolly Roger de Trafalgar Law de Tr\u00e8s Haute Qualit\u00e9 : Rejoins l'\u00c9quipage d'un des Capitaines de la G\u00e9n\u00e9ration T\u00e9rrible\",\"breadcrumb\":{\"@id\":\"https:\\\/\\\/boutique-one-piece.com\\\/vetements-one-piece\\\/vestes-one-piece\\\/veste-one-piece-jolly-roger-trafalgar-law\\\/#breadcrumb\"},\"inLanguage\":\"de\",\"potentialAction\":[{\"@type\":\"ReadAction\",\"target\":[\"https:\\\/\\\/boutique-one-piece.com\\\/vetements-one-piece\\\/vestes-one-piece\\\/veste-one-piece-jolly-roger-trafalgar-law\\\/\"]}]},{\"@type\":\"ImageObject\",\"inLanguage\":\"de\",\"@id\":\"https:\\\/\\\/boutique-one-piece.com\\\/vetements-one-piece\\\/vestes-one-piece\\\/veste-one-piece-jolly-roger-trafalgar-law\\\/#primaryimage\",\"url\":\"https:\\\/\\\/boutique-one-piece.com\\\/wp-content\\\/uploads\\\/2022\\\/09\\\/Veste-One-Piece-Jolly-Roger-Trafalgar-Law.jpg\",\"contentUrl\":\"https:\\\/\\\/boutique-one-piece.com\\\/wp-content\\\/uploads\\\/2022\\\/09\\\/Veste-One-Piece-Jolly-Roger-Trafalgar-Law.jpg\",\"width\":600,\"height\":600,\"caption\":\"Veste One Piece Jolly Roger Trafalgar Law xxl\"},{\"@type\":\"BreadcrumbList\",\"@id\":\"https:\\\/\\\/boutique-one-piece.com\\\/vetements-one-piece\\\/vestes-one-piece\\\/veste-one-piece-jolly-roger-trafalgar-law\\\/#breadcrumb\",\"itemListElement\":[{\"@type\":\"ListItem\",\"position\":1,\"name\":\"Home\",\"item\":\"https:\\\/\\\/boutique-one-piece.com\\\/\"},{\"@type\":\"ListItem\",\"position\":2,\"name\":\"Shop\",\"item\":\"https:\\\/\\\/boutique-one-piece.com\\\/shop\\\/\"},{\"@type\":\"ListItem\",\"position\":3,\"name\":\"Veste One Piece Jolly Roger Trafalgar Law\"}]},{\"@type\":\"WebSite\",\"@id\":\"https:\\\/\\\/boutique-one-piece.com\\\/#website\",\"url\":\"https:\\\/\\\/boutique-one-piece.com\\\/\",\"name\":\"Boutique One Piece\",\"description\":\"Magasin Sp\u00e9cialis\u00e9 du Manga et l&#039;Anime One Piece\",\"publisher\":{\"@id\":\"https:\\\/\\\/boutique-one-piece.com\\\/#organization\"},\"potentialAction\":[{\"@type\":\"SearchAction\",\"target\":{\"@type\":\"EntryPoint\",\"urlTemplate\":\"https:\\\/\\\/boutique-one-piece.com\\\/?s={search_term_string}\"},\"query-input\":{\"@type\":\"PropertyValueSpecification\",\"valueRequired\":true,\"valueName\":\"search_term_string\"}}],\"inLanguage\":\"de\"},{\"@type\":\"Organization\",\"@id\":\"https:\\\/\\\/boutique-one-piece.com\\\/#organization\",\"name\":\"Boutique One Piece\",\"url\":\"https:\\\/\\\/boutique-one-piece.com\\\/\",\"logo\":{\"@type\":\"ImageObject\",\"inLanguage\":\"de\",\"@id\":\"https:\\\/\\\/boutique-one-piece.com\\\/#\\\/schema\\\/logo\\\/image\\\/\",\"url\":\"https:\\\/\\\/boutique-one-piece.com\\\/wp-content\\\/uploads\\\/2022\\\/09\\\/Logo-01.png\",\"contentUrl\":\"https:\\\/\\\/boutique-one-piece.com\\\/wp-content\\\/uploads\\\/2022\\\/09\\\/Logo-01.png\",\"width\":2318,\"height\":957,\"caption\":\"Boutique One Piece\"},\"image\":{\"@id\":\"https:\\\/\\\/boutique-one-piece.com\\\/#\\\/schema\\\/logo\\\/image\\\/\"}}]}<\/script>\n<!-- \/ Yoast SEO plugin. -->","yoast_head_json":{"title":"One Piece Jolly Roger Trafalgar D. Water Law Jacke \u2013 One Piece Shop","description":"Schwarze One Piece Kapuzenjacke mit Trafalgar Laws Piratenflagge \u2013 Hochwertig: Schlie\u00dfen Sie sich der Crew eines der Kapit\u00e4ne der Schlimmsten Generation an","robots":{"index":"index","follow":"follow","max-snippet":"max-snippet:-1","max-image-preview":"max-image-preview:large","max-video-preview":"max-video-preview:-1"},"canonical":"https:\/\/boutique-one-piece.com\/de\/einteilige-kleidung\/einteilige-jacken\/einteilige-jolly-roger-trafalgar-law-jacke\/","og_locale":"de_DE","og_type":"article","og_title":"Veste One Piece Jolly Roger Trafalgar D. Water Law \u2013 Boutique One Piece","og_description":"Veste \u00e0 Capuche Noire One Piece avec le Jolly Roger de Trafalgar Law de Tr\u00e8s Haute Qualit\u00e9 : Rejoins l'\u00c9quipage d'un des Capitaines de la G\u00e9n\u00e9ration T\u00e9rrible","og_url":"https:\/\/boutique-one-piece.com\/de\/einteilige-kleidung\/einteilige-jacken\/einteilige-jolly-roger-trafalgar-law-jacke\/","og_site_name":"Boutique One Piece","article_modified_time":"2024-12-18T02:47:53+00:00","og_image":[{"width":600,"height":600,"url":"https:\/\/boutique-one-piece.com\/wp-content\/uploads\/2022\/09\/Veste-One-Piece-Jolly-Roger-Trafalgar-Law.jpg","type":"image\/jpeg"}],"twitter_card":"summary_large_image","twitter_misc":{"Gesch\u00e4tzte Lesezeit":"2\u00a0Minuten"},"schema":{"@context":"https:\/\/schema.org","@graph":[{"@type":"WebPage","@id":"https:\/\/boutique-one-piece.com\/vetements-one-piece\/vestes-one-piece\/veste-one-piece-jolly-roger-trafalgar-law\/","url":"https:\/\/boutique-one-piece.com\/vetements-one-piece\/vestes-one-piece\/veste-one-piece-jolly-roger-trafalgar-law\/","name":"One Piece Jolly Roger Trafalgar D. Water Law Jacke \u2013 One Piece Shop","isPartOf":{"@id":"https:\/\/boutique-one-piece.com\/#website"},"primaryImageOfPage":{"@id":"https:\/\/boutique-one-piece.com\/vetements-one-piece\/vestes-one-piece\/veste-one-piece-jolly-roger-trafalgar-law\/#primaryimage"},"image":{"@id":"https:\/\/boutique-one-piece.com\/vetements-one-piece\/vestes-one-piece\/veste-one-piece-jolly-roger-trafalgar-law\/#primaryimage"},"thumbnailUrl":"https:\/\/boutique-one-piece.com\/wp-content\/uploads\/2022\/09\/Veste-One-Piece-Jolly-Roger-Trafalgar-Law.jpg","datePublished":"2022-09-27T20:40:23+00:00","dateModified":"2024-12-18T02:47:53+00:00","description":"Schwarze One Piece Kapuzenjacke mit Trafalgar Laws Piratenflagge \u2013 Hochwertig: Schlie\u00dfen Sie sich der Crew eines der Kapit\u00e4ne der Schlimmsten Generation an","breadcrumb":{"@id":"https:\/\/boutique-one-piece.com\/vetements-one-piece\/vestes-one-piece\/veste-one-piece-jolly-roger-trafalgar-law\/#breadcrumb"},"inLanguage":"de","potentialAction":[{"@type":"ReadAction","target":["https:\/\/boutique-one-piece.com\/vetements-one-piece\/vestes-one-piece\/veste-one-piece-jolly-roger-trafalgar-law\/"]}]},{"@type":"ImageObject","inLanguage":"de","@id":"https:\/\/boutique-one-piece.com\/vetements-one-piece\/vestes-one-piece\/veste-one-piece-jolly-roger-trafalgar-law\/#primaryimage","url":"https:\/\/boutique-one-piece.com\/wp-content\/uploads\/2022\/09\/Veste-One-Piece-Jolly-Roger-Trafalgar-Law.jpg","contentUrl":"https:\/\/boutique-one-piece.com\/wp-content\/uploads\/2022\/09\/Veste-One-Piece-Jolly-Roger-Trafalgar-Law.jpg","width":600,"height":600,"caption":"Veste One Piece Jolly Roger Trafalgar Law xxl"},{"@type":"BreadcrumbList","@id":"https:\/\/boutique-one-piece.com\/vetements-one-piece\/vestes-one-piece\/veste-one-piece-jolly-roger-trafalgar-law\/#breadcrumb","itemListElement":[{"@type":"ListItem","position":1,"name":"Home","item":"https:\/\/boutique-one-piece.com\/"},{"@type":"ListItem","position":2,"name":"Shop","item":"https:\/\/boutique-one-piece.com\/shop\/"},{"@type":"ListItem","position":3,"name":"Veste One Piece Jolly Roger Trafalgar Law"}]},{"@type":"WebSite","@id":"https:\/\/boutique-one-piece.com\/#website","url":"https:\/\/boutique-one-piece.com\/","name":"One Piece Shop","description":"Fachgesch\u00e4ft f\u00fcr One Piece Manga und Anime","publisher":{"@id":"https:\/\/boutique-one-piece.com\/#organization"},"potentialAction":[{"@type":"SearchAction","target":{"@type":"EntryPoint","urlTemplate":"https:\/\/boutique-one-piece.com\/?s={search_term_string}"},"query-input":{"@type":"PropertyValueSpecification","valueRequired":true,"valueName":"search_term_string"}}],"inLanguage":"de"},{"@type":"Organization","@id":"https:\/\/boutique-one-piece.com\/#organization","name":"One Piece Shop","url":"https:\/\/boutique-one-piece.com\/","logo":{"@type":"ImageObject","inLanguage":"de","@id":"https:\/\/boutique-one-piece.com\/#\/schema\/logo\/image\/","url":"https:\/\/boutique-one-piece.com\/wp-content\/uploads\/2022\/09\/Logo-01.png","contentUrl":"https:\/\/boutique-one-piece.com\/wp-content\/uploads\/2022\/09\/Logo-01.png","width":2318,"height":957,"caption":"Boutique One Piece"},"image":{"@id":"https:\/\/boutique-one-piece.com\/#\/schema\/logo\/image\/"}}]}},"_links":{"self":[{"href":"https:\/\/boutique-one-piece.com\/de\/wp-json\/wp\/v2\/product\/11353","targetHints":{"allow":["GET"]}}],"collection":[{"href":"https:\/\/boutique-one-piece.com\/de\/wp-json\/wp\/v2\/product"}],"about":[{"href":"https:\/\/boutique-one-piece.com\/de\/wp-json\/wp\/v2\/types\/product"}],"replies":[{"embeddable":true,"href":"https:\/\/boutique-one-piece.com\/de\/wp-json\/wp\/v2\/comments?post=11353"}],"wp:featuredmedia":[{"embeddable":true,"href":"https:\/\/boutique-one-piece.com\/de\/wp-json\/wp\/v2\/media\/11355"}],"wp:attachment":[{"href":"https:\/\/boutique-one-piece.com\/de\/wp-json\/wp\/v2\/media?parent=11353"}],"wp:term":[{"taxonomy":"product_brand","embeddable":true,"href":"https:\/\/boutique-one-piece.com\/de\/wp-json\/wp\/v2\/product_brand?post=11353"},{"taxonomy":"product_cat","embeddable":true,"href":"https:\/\/boutique-one-piece.com\/de\/wp-json\/wp\/v2\/product_cat?post=11353"},{"taxonomy":"product_tag","embeddable":true,"href":"https:\/\/boutique-one-piece.com\/de\/wp-json\/wp\/v2\/product_tag?post=11353"}],"curies":[{"name":"wp","href":"https:\/\/api.w.org\/{rel}","templated":true}]}}