{"id":11408,"date":"2022-09-27T20:41:01","date_gmt":"2022-09-27T20:41:01","guid":{"rendered":"https:\/\/boutique-one-piece.com\/uncategorized\/figurine-chopper-le-roi-des-animaux\/"},"modified":"2024-09-16T12:29:36","modified_gmt":"2024-09-16T12:29:36","slug":"chopper-die-konig-der-tiere-spielfigur","status":"publish","type":"product","link":"https:\/\/boutique-one-piece.com\/de\/one-piece-fanartikel\/tony-goodies-tony-chopper-one-piece\/chopper-die-konig-der-tiere-spielfigur\/","title":{"rendered":"Chopper, die K\u00f6nig der Tiere \u2013 Figur"},"content":{"rendered":"<h2>Junger Pirat, es ist an der Zeit, dass du dir diese Chopper, den K\u00f6nig der Tiere, Figur holst.<\/h2>\n<p>Zur Erinnerung: Tony Tony Chopper ist der Arzt der Strohhutbande. <strong>Chopper<\/strong> Er ist ein Rentier, das die Hito-Hito-Frucht gegessen hat und sich dadurch in einen Menschen verwandeln konnte. Er stammt urspr\u00fcnglich von Drum Island und ist somit das erste Mitglied der Strohhutbande, das dort geboren wurde. <strong>Die Stra\u00dfe aller Gefahren<\/strong>.<\/p>\n<p>Er ist das sechste Mitglied der Crew und der f\u00fcnfte, der sich ihr anschlie\u00dft. W\u00e4hrend sein Kopfgeld vor dem Zeitsprung nur 50 Berry betrug, verdoppelte es sich nach den Ereignissen von Dressrosa einfach auf 100 Berry und ist damit das niedrigste der gesamten Reihe.<\/p>\n<p>Das niedrige Kopfgeld erkl\u00e4rt sich dadurch, dass die Marine ihn als Liebling der Crew betrachtet. Au\u00dferdem, wenn man diesen Charakter mag, <a title=\"ONE PIECE CUTE CHOPPER FIGUR\" href=\"https:\/\/boutique-one-piece.com\/de\/eine-niedliche-chopper-figur-aus-einem-stuck\/\" target=\"_blank\" rel=\"noopener\">Chopper-Figur zu \u00abniedlich\u00bb<\/a> ist in Ihrer Reichweite.<\/p>\n<h3>Hat dich die Chopper-Figur \u00fcberzeugt? Dann schlie\u00df dich dem Schiffsarzt der Strohhutbande an. Viele Abenteuer erwarten dich an Bord der Thousand Sunny.<\/h3>\n<p><strong>Junger Pirat<\/strong>, Suchen Sie nicht weiter! Diese legend\u00e4ren Gegenst\u00e4nde sind genau das Richtige f\u00fcr Sie. Ob zum Sammeln, Verschenken oder Dekorieren \u2013 diese Artikel erweitern Ihr One Piece-Universum. Z\u00f6gern Sie also nicht l\u00e4nger und nutzen Sie die Gelegenheit, sie zu finden! <strong>One Piece Schatz<\/strong> zusammen mit Ruffy und seiner Crew.<\/p>\n<h2>Informationen zur Figur \u201eChopper, der K\u00f6nig der Tiere\u201c\u00a0<\/h2>\n<ul>\n<li><span><b><u>One Piece Figur<\/u><\/b>\u00a0Premium One Piece-Figur f\u00fcr echte Piraten<\/span><\/li>\n<\/ul>\n<ul>\n<li>\n<b>Gegenstand<\/b><span>\u00a0<\/span>PVC<\/li>\n<\/ul>\n<ul>\n<li><span><strong>Dimension<\/strong>\u00a0: 10 cm<\/span><\/li>\n<\/ul>\n<ul>\n<li><span><strong>KOSTENLOSE LIEFERUNG<\/strong><\/span><\/li>\n<\/ul>","protected":false},"excerpt":{"rendered":"<p>Junger Pirat, es ist soweit! Schnapp dir diese Chopper-Figur, den K\u00f6nig der Tiere. Zur Erinnerung: Tony Tony Chopper ist der Arzt der Strohhutbande. Chopper ist ein Rentier, das die Hito-Hito-Frucht gegessen hat und sich dadurch in einen Menschen verwandeln konnte. Er stammt urspr\u00fcnglich aus [\u2026]<\/p>","protected":false},"featured_media":11410,"comment_status":"open","ping_status":"open","template":"","meta":[],"product_brand":[],"product_cat":[76,333,163],"product_tag":[165],"class_list":{"0":"post-11408","1":"product","2":"type-product","3":"status-publish","4":"has-post-thumbnail","6":"product_cat-figurines-one-piece","7":"product_cat-figurines-tony-chopper","8":"product_cat-goodies-tony-tony-chopper-one-piece","9":"product_tag-chopper","11":"first","12":"instock","13":"purchasable","14":"product-type-simple"},"yoast_head":"<!-- This site is optimized with the Yoast SEO plugin v27.5 - https:\/\/yoast.com\/product\/yoast-seo-wordpress\/ -->\n<title>Figurine Chopper Le Roi Des Animaux | Figurine One Piece \u2013 Boutique One Piece<\/title>\n<meta name=\"description\" content=\"Jeune pirate, le moment est venu pour toi de te procurer cette Figurine Chopper Le Roi Des Animaux. Pour rappel, Tony Tony Chopper est le docteur de l&#039;\u00c9quipage du Chapeau de Paille. Chopper est un renne qui a mang\u00e9 le Hito Hito no Mi, lui permettant de se transformer en humain. Il est originaire de l&#039;\u00cele de Drum, ce qu\" \/>\n<meta name=\"robots\" content=\"index, follow, max-snippet:-1, max-image-preview:large, max-video-preview:-1\" \/>\n<link rel=\"canonical\" href=\"https:\/\/boutique-one-piece.com\/de\/one-piece-figuren\/tony-chopper-figuren\/chopper-die-konig-der-tiere-spielfigur\/\" \/>\n<meta property=\"og:locale\" content=\"de_DE\" \/>\n<meta property=\"og:type\" content=\"article\" \/>\n<meta property=\"og:title\" content=\"Figurine Chopper Le Roi Des Animaux | Figurine One Piece \u2013 Boutique One Piece\" \/>\n<meta property=\"og:description\" content=\"Jeune pirate, le moment est venu pour toi de te procurer cette Figurine Chopper Le Roi Des Animaux. Pour rappel, Tony Tony Chopper est le docteur de l&#039;\u00c9quipage du Chapeau de Paille. Chopper est un renne qui a mang\u00e9 le Hito Hito no Mi, lui permettant de se transformer en humain. Il est originaire de l&#039;\u00cele de Drum, ce qu\" \/>\n<meta property=\"og:url\" content=\"https:\/\/boutique-one-piece.com\/de\/one-piece-figuren\/tony-chopper-figuren\/chopper-die-konig-der-tiere-spielfigur\/\" \/>\n<meta property=\"og:site_name\" content=\"Boutique One Piece\" \/>\n<meta property=\"article:modified_time\" content=\"2024-09-16T12:29:36+00:00\" \/>\n<meta property=\"og:image\" content=\"https:\/\/boutique-one-piece.com\/wp-content\/uploads\/2022\/09\/Figurine-Chopper-Le-Roi-Des-Animaux.jpg\" \/>\n\t<meta property=\"og:image:width\" content=\"640\" \/>\n\t<meta property=\"og:image:height\" content=\"640\" \/>\n\t<meta property=\"og:image:type\" content=\"image\/jpeg\" \/>\n<meta name=\"twitter:card\" content=\"summary_large_image\" \/>\n<meta name=\"twitter:label1\" content=\"Gesch\u00e4tzte Lesezeit\" \/>\n\t<meta name=\"twitter:data1\" content=\"1\u00a0Minute\" \/>\n<script type=\"application\/ld+json\" class=\"yoast-schema-graph\">{\"@context\":\"https:\\\/\\\/schema.org\",\"@graph\":[{\"@type\":\"WebPage\",\"@id\":\"https:\\\/\\\/boutique-one-piece.com\\\/figurines-one-piece\\\/figurines-tony-chopper\\\/figurine-chopper-le-roi-des-animaux\\\/\",\"url\":\"https:\\\/\\\/boutique-one-piece.com\\\/figurines-one-piece\\\/figurines-tony-chopper\\\/figurine-chopper-le-roi-des-animaux\\\/\",\"name\":\"Figurine Chopper Le Roi Des Animaux | Figurine One Piece \u2013 Boutique One Piece\",\"isPartOf\":{\"@id\":\"https:\\\/\\\/boutique-one-piece.com\\\/#website\"},\"primaryImageOfPage\":{\"@id\":\"https:\\\/\\\/boutique-one-piece.com\\\/figurines-one-piece\\\/figurines-tony-chopper\\\/figurine-chopper-le-roi-des-animaux\\\/#primaryimage\"},\"image\":{\"@id\":\"https:\\\/\\\/boutique-one-piece.com\\\/figurines-one-piece\\\/figurines-tony-chopper\\\/figurine-chopper-le-roi-des-animaux\\\/#primaryimage\"},\"thumbnailUrl\":\"https:\\\/\\\/boutique-one-piece.com\\\/wp-content\\\/uploads\\\/2022\\\/09\\\/Figurine-Chopper-Le-Roi-Des-Animaux.jpg\",\"datePublished\":\"2022-09-27T20:41:01+00:00\",\"dateModified\":\"2024-09-16T12:29:36+00:00\",\"description\":\"Jeune pirate, le moment est venu pour toi de te procurer cette Figurine Chopper Le Roi Des Animaux. Pour rappel, Tony Tony Chopper est le docteur de l'\u00c9quipage du Chapeau de Paille. Chopper est un renne qui a mang\u00e9 le Hito Hito no Mi, lui permettant de se transformer en humain. Il est originaire de l'\u00cele de Drum, ce qu\",\"breadcrumb\":{\"@id\":\"https:\\\/\\\/boutique-one-piece.com\\\/figurines-one-piece\\\/figurines-tony-chopper\\\/figurine-chopper-le-roi-des-animaux\\\/#breadcrumb\"},\"inLanguage\":\"de\",\"potentialAction\":[{\"@type\":\"ReadAction\",\"target\":[\"https:\\\/\\\/boutique-one-piece.com\\\/figurines-one-piece\\\/figurines-tony-chopper\\\/figurine-chopper-le-roi-des-animaux\\\/\"]}]},{\"@type\":\"ImageObject\",\"inLanguage\":\"de\",\"@id\":\"https:\\\/\\\/boutique-one-piece.com\\\/figurines-one-piece\\\/figurines-tony-chopper\\\/figurine-chopper-le-roi-des-animaux\\\/#primaryimage\",\"url\":\"https:\\\/\\\/boutique-one-piece.com\\\/wp-content\\\/uploads\\\/2022\\\/09\\\/Figurine-Chopper-Le-Roi-Des-Animaux.jpg\",\"contentUrl\":\"https:\\\/\\\/boutique-one-piece.com\\\/wp-content\\\/uploads\\\/2022\\\/09\\\/Figurine-Chopper-Le-Roi-Des-Animaux.jpg\",\"width\":640,\"height\":640,\"caption\":\"Figurine Chopper Le Roi Des Animaux 4 in box\"},{\"@type\":\"BreadcrumbList\",\"@id\":\"https:\\\/\\\/boutique-one-piece.com\\\/figurines-one-piece\\\/figurines-tony-chopper\\\/figurine-chopper-le-roi-des-animaux\\\/#breadcrumb\",\"itemListElement\":[{\"@type\":\"ListItem\",\"position\":1,\"name\":\"Home\",\"item\":\"https:\\\/\\\/boutique-one-piece.com\\\/\"},{\"@type\":\"ListItem\",\"position\":2,\"name\":\"Shop\",\"item\":\"https:\\\/\\\/boutique-one-piece.com\\\/shop\\\/\"},{\"@type\":\"ListItem\",\"position\":3,\"name\":\"Figurine Chopper Le Roi Des Animaux\"}]},{\"@type\":\"WebSite\",\"@id\":\"https:\\\/\\\/boutique-one-piece.com\\\/#website\",\"url\":\"https:\\\/\\\/boutique-one-piece.com\\\/\",\"name\":\"Boutique One Piece\",\"description\":\"Magasin Sp\u00e9cialis\u00e9 du Manga et l&#039;Anime One Piece\",\"publisher\":{\"@id\":\"https:\\\/\\\/boutique-one-piece.com\\\/#organization\"},\"potentialAction\":[{\"@type\":\"SearchAction\",\"target\":{\"@type\":\"EntryPoint\",\"urlTemplate\":\"https:\\\/\\\/boutique-one-piece.com\\\/?s={search_term_string}\"},\"query-input\":{\"@type\":\"PropertyValueSpecification\",\"valueRequired\":true,\"valueName\":\"search_term_string\"}}],\"inLanguage\":\"de\"},{\"@type\":\"Organization\",\"@id\":\"https:\\\/\\\/boutique-one-piece.com\\\/#organization\",\"name\":\"Boutique One Piece\",\"url\":\"https:\\\/\\\/boutique-one-piece.com\\\/\",\"logo\":{\"@type\":\"ImageObject\",\"inLanguage\":\"de\",\"@id\":\"https:\\\/\\\/boutique-one-piece.com\\\/#\\\/schema\\\/logo\\\/image\\\/\",\"url\":\"https:\\\/\\\/boutique-one-piece.com\\\/wp-content\\\/uploads\\\/2022\\\/09\\\/Logo-01.png\",\"contentUrl\":\"https:\\\/\\\/boutique-one-piece.com\\\/wp-content\\\/uploads\\\/2022\\\/09\\\/Logo-01.png\",\"width\":2318,\"height\":957,\"caption\":\"Boutique One Piece\"},\"image\":{\"@id\":\"https:\\\/\\\/boutique-one-piece.com\\\/#\\\/schema\\\/logo\\\/image\\\/\"}}]}<\/script>\n<!-- \/ Yoast SEO plugin. -->","yoast_head_json":{"title":"Chopper, der K\u00f6nig der Tiere \u2013 Figur | One Piece Figur \u2013 One Piece Shop","description":"Junger Pirat, es ist an der Zeit, dass du dir diese Chopper-Figur, den K\u00f6nig der Tiere, sicherst. Zur Erinnerung: Tony Tony Chopper ist der Arzt der Strohhutbande. Chopper ist ein Rentier, das die Hito-Hito-Frucht gegessen hat und sich dadurch in einen Menschen verwandeln konnte. Er stammt von der Drum-Insel.","robots":{"index":"index","follow":"follow","max-snippet":"max-snippet:-1","max-image-preview":"max-image-preview:large","max-video-preview":"max-video-preview:-1"},"canonical":"https:\/\/boutique-one-piece.com\/de\/one-piece-figuren\/tony-chopper-figuren\/chopper-die-konig-der-tiere-spielfigur\/","og_locale":"de_DE","og_type":"article","og_title":"Figurine Chopper Le Roi Des Animaux | Figurine One Piece \u2013 Boutique One Piece","og_description":"Jeune pirate, le moment est venu pour toi de te procurer cette Figurine Chopper Le Roi Des Animaux. Pour rappel, Tony Tony Chopper est le docteur de l'\u00c9quipage du Chapeau de Paille. Chopper est un renne qui a mang\u00e9 le Hito Hito no Mi, lui permettant de se transformer en humain. Il est originaire de l'\u00cele de Drum, ce qu","og_url":"https:\/\/boutique-one-piece.com\/de\/one-piece-figuren\/tony-chopper-figuren\/chopper-die-konig-der-tiere-spielfigur\/","og_site_name":"Boutique One Piece","article_modified_time":"2024-09-16T12:29:36+00:00","og_image":[{"width":640,"height":640,"url":"https:\/\/boutique-one-piece.com\/wp-content\/uploads\/2022\/09\/Figurine-Chopper-Le-Roi-Des-Animaux.jpg","type":"image\/jpeg"}],"twitter_card":"summary_large_image","twitter_misc":{"Gesch\u00e4tzte Lesezeit":"1\u00a0Minute"},"schema":{"@context":"https:\/\/schema.org","@graph":[{"@type":"WebPage","@id":"https:\/\/boutique-one-piece.com\/figurines-one-piece\/figurines-tony-chopper\/figurine-chopper-le-roi-des-animaux\/","url":"https:\/\/boutique-one-piece.com\/figurines-one-piece\/figurines-tony-chopper\/figurine-chopper-le-roi-des-animaux\/","name":"Chopper, der K\u00f6nig der Tiere \u2013 Figur | One Piece Figur \u2013 One Piece Shop","isPartOf":{"@id":"https:\/\/boutique-one-piece.com\/#website"},"primaryImageOfPage":{"@id":"https:\/\/boutique-one-piece.com\/figurines-one-piece\/figurines-tony-chopper\/figurine-chopper-le-roi-des-animaux\/#primaryimage"},"image":{"@id":"https:\/\/boutique-one-piece.com\/figurines-one-piece\/figurines-tony-chopper\/figurine-chopper-le-roi-des-animaux\/#primaryimage"},"thumbnailUrl":"https:\/\/boutique-one-piece.com\/wp-content\/uploads\/2022\/09\/Figurine-Chopper-Le-Roi-Des-Animaux.jpg","datePublished":"2022-09-27T20:41:01+00:00","dateModified":"2024-09-16T12:29:36+00:00","description":"Junger Pirat, es ist an der Zeit, dass du dir diese Chopper-Figur, den K\u00f6nig der Tiere, sicherst. Zur Erinnerung: Tony Tony Chopper ist der Arzt der Strohhutbande. Chopper ist ein Rentier, das die Hito-Hito-Frucht gegessen hat und sich dadurch in einen Menschen verwandeln konnte. Er stammt von der Drum-Insel.","breadcrumb":{"@id":"https:\/\/boutique-one-piece.com\/figurines-one-piece\/figurines-tony-chopper\/figurine-chopper-le-roi-des-animaux\/#breadcrumb"},"inLanguage":"de","potentialAction":[{"@type":"ReadAction","target":["https:\/\/boutique-one-piece.com\/figurines-one-piece\/figurines-tony-chopper\/figurine-chopper-le-roi-des-animaux\/"]}]},{"@type":"ImageObject","inLanguage":"de","@id":"https:\/\/boutique-one-piece.com\/figurines-one-piece\/figurines-tony-chopper\/figurine-chopper-le-roi-des-animaux\/#primaryimage","url":"https:\/\/boutique-one-piece.com\/wp-content\/uploads\/2022\/09\/Figurine-Chopper-Le-Roi-Des-Animaux.jpg","contentUrl":"https:\/\/boutique-one-piece.com\/wp-content\/uploads\/2022\/09\/Figurine-Chopper-Le-Roi-Des-Animaux.jpg","width":640,"height":640,"caption":"Figurine Chopper Le Roi Des Animaux 4 in box"},{"@type":"BreadcrumbList","@id":"https:\/\/boutique-one-piece.com\/figurines-one-piece\/figurines-tony-chopper\/figurine-chopper-le-roi-des-animaux\/#breadcrumb","itemListElement":[{"@type":"ListItem","position":1,"name":"Home","item":"https:\/\/boutique-one-piece.com\/"},{"@type":"ListItem","position":2,"name":"Shop","item":"https:\/\/boutique-one-piece.com\/shop\/"},{"@type":"ListItem","position":3,"name":"Figurine Chopper Le Roi Des Animaux"}]},{"@type":"WebSite","@id":"https:\/\/boutique-one-piece.com\/#website","url":"https:\/\/boutique-one-piece.com\/","name":"One Piece Shop","description":"Fachgesch\u00e4ft f\u00fcr One Piece Manga und Anime","publisher":{"@id":"https:\/\/boutique-one-piece.com\/#organization"},"potentialAction":[{"@type":"SearchAction","target":{"@type":"EntryPoint","urlTemplate":"https:\/\/boutique-one-piece.com\/?s={search_term_string}"},"query-input":{"@type":"PropertyValueSpecification","valueRequired":true,"valueName":"search_term_string"}}],"inLanguage":"de"},{"@type":"Organization","@id":"https:\/\/boutique-one-piece.com\/#organization","name":"One Piece Shop","url":"https:\/\/boutique-one-piece.com\/","logo":{"@type":"ImageObject","inLanguage":"de","@id":"https:\/\/boutique-one-piece.com\/#\/schema\/logo\/image\/","url":"https:\/\/boutique-one-piece.com\/wp-content\/uploads\/2022\/09\/Logo-01.png","contentUrl":"https:\/\/boutique-one-piece.com\/wp-content\/uploads\/2022\/09\/Logo-01.png","width":2318,"height":957,"caption":"Boutique One Piece"},"image":{"@id":"https:\/\/boutique-one-piece.com\/#\/schema\/logo\/image\/"}}]}},"_links":{"self":[{"href":"https:\/\/boutique-one-piece.com\/de\/wp-json\/wp\/v2\/product\/11408","targetHints":{"allow":["GET"]}}],"collection":[{"href":"https:\/\/boutique-one-piece.com\/de\/wp-json\/wp\/v2\/product"}],"about":[{"href":"https:\/\/boutique-one-piece.com\/de\/wp-json\/wp\/v2\/types\/product"}],"replies":[{"embeddable":true,"href":"https:\/\/boutique-one-piece.com\/de\/wp-json\/wp\/v2\/comments?post=11408"}],"wp:featuredmedia":[{"embeddable":true,"href":"https:\/\/boutique-one-piece.com\/de\/wp-json\/wp\/v2\/media\/11410"}],"wp:attachment":[{"href":"https:\/\/boutique-one-piece.com\/de\/wp-json\/wp\/v2\/media?parent=11408"}],"wp:term":[{"taxonomy":"product_brand","embeddable":true,"href":"https:\/\/boutique-one-piece.com\/de\/wp-json\/wp\/v2\/product_brand?post=11408"},{"taxonomy":"product_cat","embeddable":true,"href":"https:\/\/boutique-one-piece.com\/de\/wp-json\/wp\/v2\/product_cat?post=11408"},{"taxonomy":"product_tag","embeddable":true,"href":"https:\/\/boutique-one-piece.com\/de\/wp-json\/wp\/v2\/product_tag?post=11408"}],"curies":[{"name":"wp","href":"https:\/\/api.w.org\/{rel}","templated":true}]}}