{"id":11550,"date":"2022-09-27T20:41:57","date_gmt":"2022-09-27T20:41:57","guid":{"rendered":"https:\/\/boutique-one-piece.com\/uncategorized\/avis-de-recherche-mr-2-wanted\/"},"modified":"2026-02-13T15:08:17","modified_gmt":"2026-02-13T15:08:17","slug":"gesuchte-mitteilung-herr-2","status":"publish","type":"product","link":"https:\/\/boutique-one-piece.com\/de\/steckbrief-aus-one-piece\/gesuchte-mitteilung-herr-2\/","title":{"rendered":"Gesucht: Bon Clay"},"content":{"rendered":"<h2>Rend hommage \u00e0 la puissance de l\u2019amiti\u00e9 avec cet Avis de Recherche Bon Clay Wanted.<\/h2>\n<p>Bon Clay, dessen richtiger Name <strong>Bentham<\/strong>, est un personnage tr\u00e8s appr\u00e9ci\u00e9 dans One Piece par rapport \u00e0 son caract\u00e8re excentrique et enjou\u00e9. Bien qu\u2019il soit un ennemi de Luffy lors de leur premi\u00e8re rencontre sous le pseudonyme de <strong>Herr Zwei<\/strong> pour le compte de Baroque Works, une organisation criminelle, il se lie rapidement d\u2019amiti\u00e9 avec le h\u00e9ros de l\u2019histoire.<\/p>\n<p>Il admire sa loyaut\u00e9 envers ses amis, et il va jusqu\u2019\u00e0 sauver Luffy \u00e0 deux reprises, \u00e0 Alabasta, mais surtout dans la prison d\u2019Impel Down o\u00f9 il permet \u00e0 tous les \u00e9vad\u00e9s de s\u2019enfuir en se sacrifiant, m\u00eame s\u2019il ne meurt pas.\u00a0<\/p>\n<h3>D\u00e9core ta chambre avec le personnage touchant qu\u2019est Bon Clay gr\u00e2ce \u00e0 son avis de recherche.<\/h3>\n<p>Bon Clay est un personnage haut en couleur, c\u2019est un <strong>Transvestit<\/strong>. Er bewundert den Revolution\u00e4r Ivankov, den Anf\u00fchrer der Okamas. Auf seinen Kopf ist ein Kopfgeld von 32 Millionen Berry ausgesetzt.<\/p>\n<p>Er a\u00df eine Teufelsfrucht, die perfekt zu ihm passte, die <strong>Mane Mane no mi<\/strong> qui lui permet de prendre l\u2019apparence gr\u00e2ce \u00e0 sa main droite, de tous ceux qu\u2019il a touch\u00e9s de la main gauche. C\u0092est d\u2019ailleurs gr\u00e2ce \u00e0 ce pouvoir qu\u2019il a pu se faire passer pour Magellan et permettre aux \u00e9vad\u00e9s de fuir Impel Down.<\/p>\n<p>Wenn Sie Bonusangebote m\u00f6gen, sollten Sie sich das ansehen. <a href=\"https:\/\/boutique-one-piece.com\/de\/one-piece-steckbrief-sabo-gesucht\/\" target=\"_blank\" title=\"Sabo-Fahndungsplakat\" rel=\"noopener noreferrer\">Sabo-Fahndungsplakat<\/a>.<\/p>\n<p>\u00a0<\/p>\n<h2>Informations sur l\u2019Affiche One Piece Wanted\u00a0Bon Clay alias Mr. 2<\/h2>\n<ul>\n<li><span><b><u>One Piece Steckbrief<\/u><\/b>\u00a0: v\u00e9ritable Avis De Recherche de l\u2019univers One Piece pour les vrais pirates<\/span><\/li>\n<\/ul>\n<ul>\n<li>\n<b><u>Bon Clays Prime<\/u><\/b>\u00a036.000.000 Beeren<\/li>\n<\/ul>\n<ul>\n<li><span><strong>Hochwertiger Druck<\/strong>\u00a0akkurate Farben<\/span><\/li>\n<\/ul>\n<ul>\n<li>\n<strong>Dimension<\/strong>\u00a0: 51 cm x 36 cm<\/li>\n<\/ul>\n<ul>\n<li><span><strong>KOSTENLOSE LIEFERUNG<\/strong><\/span><\/li>\n<\/ul>","protected":false},"excerpt":{"rendered":"<p>Rend hommage \u00e0 la puissance de l\u2019amiti\u00e9 avec cet Avis de Recherche Bon Clay Wanted. Bon Clay, de son vrai nom Bentham, est un personnage tr\u00e8s appr\u00e9ci\u00e9 dans One Piece par rapport \u00e0 son caract\u00e8re excentrique et enjou\u00e9. Bien qu\u2019il soit un ennemi de Luffy lors de leur premi\u00e8re rencontre sous le pseudonyme de Mister [&hellip;]<\/p>","protected":false},"featured_media":11552,"comment_status":"open","ping_status":"open","template":"","meta":[],"product_brand":[],"product_cat":[171],"product_tag":[],"class_list":{"0":"post-11550","1":"product","2":"type-product","3":"status-publish","4":"has-post-thumbnail","6":"product_cat-avis-de-recherche-one-piece","8":"first","9":"outofstock","10":"purchasable","11":"product-type-simple"},"yoast_head":"<!-- This site is optimized with the Yoast SEO plugin v27.5 - https:\/\/yoast.com\/product\/yoast-seo-wordpress\/ -->\n<title>Avis De Recherche Bon Clay Wanted | D\u00e9coration One Piece \u2013 Boutique One Piece<\/title>\n<meta name=\"description\" content=\"Rend hommage \u00e0 la puissance de l&#039;amiti\u00e9 avec cet Avis de Recherche Bon Clay Wanted. Bon Clay, de son vrai nom Bentham, est un personnage tr\u00e8s appr\u00e9ci\u00e9 dans One Piece par rapport \u00e0 son caract\u00e8re excentrique et enjou\u00e9. Bien qu&#039;il soit un ennemi de Luffy lors de leur premi\u00e8re rencontre sous le pseudonyme de Mister Two pou\" \/>\n<meta name=\"robots\" content=\"index, follow, max-snippet:-1, max-image-preview:large, max-video-preview:-1\" \/>\n<link rel=\"canonical\" href=\"https:\/\/boutique-one-piece.com\/de\/steckbrief-aus-one-piece\/gesuchte-mitteilung-herr-2\/\" \/>\n<meta property=\"og:locale\" content=\"de_DE\" \/>\n<meta property=\"og:type\" content=\"article\" \/>\n<meta property=\"og:title\" content=\"Avis De Recherche Bon Clay Wanted | D\u00e9coration One Piece \u2013 Boutique One Piece\" \/>\n<meta property=\"og:description\" content=\"Rend hommage \u00e0 la puissance de l&#039;amiti\u00e9 avec cet Avis de Recherche Bon Clay Wanted. Bon Clay, de son vrai nom Bentham, est un personnage tr\u00e8s appr\u00e9ci\u00e9 dans One Piece par rapport \u00e0 son caract\u00e8re excentrique et enjou\u00e9. Bien qu&#039;il soit un ennemi de Luffy lors de leur premi\u00e8re rencontre sous le pseudonyme de Mister Two pou\" \/>\n<meta property=\"og:url\" content=\"https:\/\/boutique-one-piece.com\/de\/steckbrief-aus-one-piece\/gesuchte-mitteilung-herr-2\/\" \/>\n<meta property=\"og:site_name\" content=\"Boutique One Piece\" \/>\n<meta property=\"article:modified_time\" content=\"2026-02-13T15:08:17+00:00\" \/>\n<meta property=\"og:image\" content=\"https:\/\/boutique-one-piece.com\/wp-content\/uploads\/2022\/09\/Avis-De-Recherche-Bon-Clay-Wanted-1.jpg\" \/>\n\t<meta property=\"og:image:width\" content=\"798\" \/>\n\t<meta property=\"og:image:height\" content=\"798\" \/>\n\t<meta property=\"og:image:type\" content=\"image\/jpeg\" \/>\n<meta name=\"twitter:card\" content=\"summary_large_image\" \/>\n<meta name=\"twitter:label1\" content=\"Gesch\u00e4tzte Lesezeit\" \/>\n\t<meta name=\"twitter:data1\" content=\"2\u00a0Minuten\" \/>\n<script type=\"application\/ld+json\" class=\"yoast-schema-graph\">{\"@context\":\"https:\\\/\\\/schema.org\",\"@graph\":[{\"@type\":\"WebPage\",\"@id\":\"https:\\\/\\\/boutique-one-piece.com\\\/avis-de-recherche-one-piece\\\/avis-de-recherche-mr-2-wanted\\\/\",\"url\":\"https:\\\/\\\/boutique-one-piece.com\\\/avis-de-recherche-one-piece\\\/avis-de-recherche-mr-2-wanted\\\/\",\"name\":\"Avis De Recherche Bon Clay Wanted | D\u00e9coration One Piece \u2013 Boutique One Piece\",\"isPartOf\":{\"@id\":\"https:\\\/\\\/boutique-one-piece.com\\\/#website\"},\"primaryImageOfPage\":{\"@id\":\"https:\\\/\\\/boutique-one-piece.com\\\/avis-de-recherche-one-piece\\\/avis-de-recherche-mr-2-wanted\\\/#primaryimage\"},\"image\":{\"@id\":\"https:\\\/\\\/boutique-one-piece.com\\\/avis-de-recherche-one-piece\\\/avis-de-recherche-mr-2-wanted\\\/#primaryimage\"},\"thumbnailUrl\":\"https:\\\/\\\/boutique-one-piece.com\\\/wp-content\\\/uploads\\\/2022\\\/09\\\/Avis-De-Recherche-Bon-Clay-Wanted-1.jpg\",\"datePublished\":\"2022-09-27T20:41:57+00:00\",\"dateModified\":\"2026-02-13T15:08:17+00:00\",\"description\":\"Rend hommage \u00e0 la puissance de l'amiti\u00e9 avec cet Avis de Recherche Bon Clay Wanted. Bon Clay, de son vrai nom Bentham, est un personnage tr\u00e8s appr\u00e9ci\u00e9 dans One Piece par rapport \u00e0 son caract\u00e8re excentrique et enjou\u00e9. Bien qu'il soit un ennemi de Luffy lors de leur premi\u00e8re rencontre sous le pseudonyme de Mister Two pou\",\"breadcrumb\":{\"@id\":\"https:\\\/\\\/boutique-one-piece.com\\\/avis-de-recherche-one-piece\\\/avis-de-recherche-mr-2-wanted\\\/#breadcrumb\"},\"inLanguage\":\"de\",\"potentialAction\":[{\"@type\":\"ReadAction\",\"target\":[\"https:\\\/\\\/boutique-one-piece.com\\\/avis-de-recherche-one-piece\\\/avis-de-recherche-mr-2-wanted\\\/\"]}]},{\"@type\":\"ImageObject\",\"inLanguage\":\"de\",\"@id\":\"https:\\\/\\\/boutique-one-piece.com\\\/avis-de-recherche-one-piece\\\/avis-de-recherche-mr-2-wanted\\\/#primaryimage\",\"url\":\"https:\\\/\\\/boutique-one-piece.com\\\/wp-content\\\/uploads\\\/2022\\\/09\\\/Avis-De-Recherche-Bon-Clay-Wanted-1.jpg\",\"contentUrl\":\"https:\\\/\\\/boutique-one-piece.com\\\/wp-content\\\/uploads\\\/2022\\\/09\\\/Avis-De-Recherche-Bon-Clay-Wanted-1.jpg\",\"width\":798,\"height\":798},{\"@type\":\"BreadcrumbList\",\"@id\":\"https:\\\/\\\/boutique-one-piece.com\\\/avis-de-recherche-one-piece\\\/avis-de-recherche-mr-2-wanted\\\/#breadcrumb\",\"itemListElement\":[{\"@type\":\"ListItem\",\"position\":1,\"name\":\"Home\",\"item\":\"https:\\\/\\\/boutique-one-piece.com\\\/\"},{\"@type\":\"ListItem\",\"position\":2,\"name\":\"Shop\",\"item\":\"https:\\\/\\\/boutique-one-piece.com\\\/shop\\\/\"},{\"@type\":\"ListItem\",\"position\":3,\"name\":\"Avis De Recherche Bon Clay Wanted\"}]},{\"@type\":\"WebSite\",\"@id\":\"https:\\\/\\\/boutique-one-piece.com\\\/#website\",\"url\":\"https:\\\/\\\/boutique-one-piece.com\\\/\",\"name\":\"Boutique One Piece\",\"description\":\"Magasin Sp\u00e9cialis\u00e9 du Manga et l&#039;Anime One Piece\",\"publisher\":{\"@id\":\"https:\\\/\\\/boutique-one-piece.com\\\/#organization\"},\"potentialAction\":[{\"@type\":\"SearchAction\",\"target\":{\"@type\":\"EntryPoint\",\"urlTemplate\":\"https:\\\/\\\/boutique-one-piece.com\\\/?s={search_term_string}\"},\"query-input\":{\"@type\":\"PropertyValueSpecification\",\"valueRequired\":true,\"valueName\":\"search_term_string\"}}],\"inLanguage\":\"de\"},{\"@type\":\"Organization\",\"@id\":\"https:\\\/\\\/boutique-one-piece.com\\\/#organization\",\"name\":\"Boutique One Piece\",\"url\":\"https:\\\/\\\/boutique-one-piece.com\\\/\",\"logo\":{\"@type\":\"ImageObject\",\"inLanguage\":\"de\",\"@id\":\"https:\\\/\\\/boutique-one-piece.com\\\/#\\\/schema\\\/logo\\\/image\\\/\",\"url\":\"https:\\\/\\\/boutique-one-piece.com\\\/wp-content\\\/uploads\\\/2022\\\/09\\\/Logo-01.png\",\"contentUrl\":\"https:\\\/\\\/boutique-one-piece.com\\\/wp-content\\\/uploads\\\/2022\\\/09\\\/Logo-01.png\",\"width\":2318,\"height\":957,\"caption\":\"Boutique One Piece\"},\"image\":{\"@id\":\"https:\\\/\\\/boutique-one-piece.com\\\/#\\\/schema\\\/logo\\\/image\\\/\"}}]}<\/script>\n<!-- \/ Yoast SEO plugin. -->","yoast_head_json":{"title":"Gesucht: Hochwertiger Ton | One Piece Dekoration \u2013 One Piece Shop","description":"Zeige deine Verbundenheit zur Freundschaft mit diesem Steckbrief von Bon Clay. Bon Clay, mit b\u00fcrgerlichem Namen Bentham, ist aufgrund seiner exzentrischen und fr\u00f6hlichen Art eine beliebte Figur in One Piece. Obwohl er bei ihrer ersten Begegnung unter dem Alias Mister Two Ruffys Feind ist \u2026","robots":{"index":"index","follow":"follow","max-snippet":"max-snippet:-1","max-image-preview":"max-image-preview:large","max-video-preview":"max-video-preview:-1"},"canonical":"https:\/\/boutique-one-piece.com\/de\/steckbrief-aus-one-piece\/gesuchte-mitteilung-herr-2\/","og_locale":"de_DE","og_type":"article","og_title":"Avis De Recherche Bon Clay Wanted | D\u00e9coration One Piece \u2013 Boutique One Piece","og_description":"Rend hommage \u00e0 la puissance de l'amiti\u00e9 avec cet Avis de Recherche Bon Clay Wanted. Bon Clay, de son vrai nom Bentham, est un personnage tr\u00e8s appr\u00e9ci\u00e9 dans One Piece par rapport \u00e0 son caract\u00e8re excentrique et enjou\u00e9. Bien qu'il soit un ennemi de Luffy lors de leur premi\u00e8re rencontre sous le pseudonyme de Mister Two pou","og_url":"https:\/\/boutique-one-piece.com\/de\/steckbrief-aus-one-piece\/gesuchte-mitteilung-herr-2\/","og_site_name":"Boutique One Piece","article_modified_time":"2026-02-13T15:08:17+00:00","og_image":[{"width":798,"height":798,"url":"https:\/\/boutique-one-piece.com\/wp-content\/uploads\/2022\/09\/Avis-De-Recherche-Bon-Clay-Wanted-1.jpg","type":"image\/jpeg"}],"twitter_card":"summary_large_image","twitter_misc":{"Gesch\u00e4tzte Lesezeit":"2\u00a0Minuten"},"schema":{"@context":"https:\/\/schema.org","@graph":[{"@type":"WebPage","@id":"https:\/\/boutique-one-piece.com\/avis-de-recherche-one-piece\/avis-de-recherche-mr-2-wanted\/","url":"https:\/\/boutique-one-piece.com\/avis-de-recherche-one-piece\/avis-de-recherche-mr-2-wanted\/","name":"Gesucht: Hochwertiger Ton | One Piece Dekoration \u2013 One Piece Shop","isPartOf":{"@id":"https:\/\/boutique-one-piece.com\/#website"},"primaryImageOfPage":{"@id":"https:\/\/boutique-one-piece.com\/avis-de-recherche-one-piece\/avis-de-recherche-mr-2-wanted\/#primaryimage"},"image":{"@id":"https:\/\/boutique-one-piece.com\/avis-de-recherche-one-piece\/avis-de-recherche-mr-2-wanted\/#primaryimage"},"thumbnailUrl":"https:\/\/boutique-one-piece.com\/wp-content\/uploads\/2022\/09\/Avis-De-Recherche-Bon-Clay-Wanted-1.jpg","datePublished":"2022-09-27T20:41:57+00:00","dateModified":"2026-02-13T15:08:17+00:00","description":"Zeige deine Verbundenheit zur Freundschaft mit diesem Steckbrief von Bon Clay. Bon Clay, mit b\u00fcrgerlichem Namen Bentham, ist aufgrund seiner exzentrischen und fr\u00f6hlichen Art eine beliebte Figur in One Piece. Obwohl er bei ihrer ersten Begegnung unter dem Alias Mister Two Ruffys Feind ist \u2026","breadcrumb":{"@id":"https:\/\/boutique-one-piece.com\/avis-de-recherche-one-piece\/avis-de-recherche-mr-2-wanted\/#breadcrumb"},"inLanguage":"de","potentialAction":[{"@type":"ReadAction","target":["https:\/\/boutique-one-piece.com\/avis-de-recherche-one-piece\/avis-de-recherche-mr-2-wanted\/"]}]},{"@type":"ImageObject","inLanguage":"de","@id":"https:\/\/boutique-one-piece.com\/avis-de-recherche-one-piece\/avis-de-recherche-mr-2-wanted\/#primaryimage","url":"https:\/\/boutique-one-piece.com\/wp-content\/uploads\/2022\/09\/Avis-De-Recherche-Bon-Clay-Wanted-1.jpg","contentUrl":"https:\/\/boutique-one-piece.com\/wp-content\/uploads\/2022\/09\/Avis-De-Recherche-Bon-Clay-Wanted-1.jpg","width":798,"height":798},{"@type":"BreadcrumbList","@id":"https:\/\/boutique-one-piece.com\/avis-de-recherche-one-piece\/avis-de-recherche-mr-2-wanted\/#breadcrumb","itemListElement":[{"@type":"ListItem","position":1,"name":"Home","item":"https:\/\/boutique-one-piece.com\/"},{"@type":"ListItem","position":2,"name":"Shop","item":"https:\/\/boutique-one-piece.com\/shop\/"},{"@type":"ListItem","position":3,"name":"Avis De Recherche Bon Clay Wanted"}]},{"@type":"WebSite","@id":"https:\/\/boutique-one-piece.com\/#website","url":"https:\/\/boutique-one-piece.com\/","name":"One Piece Shop","description":"Fachgesch\u00e4ft f\u00fcr One Piece Manga und Anime","publisher":{"@id":"https:\/\/boutique-one-piece.com\/#organization"},"potentialAction":[{"@type":"SearchAction","target":{"@type":"EntryPoint","urlTemplate":"https:\/\/boutique-one-piece.com\/?s={search_term_string}"},"query-input":{"@type":"PropertyValueSpecification","valueRequired":true,"valueName":"search_term_string"}}],"inLanguage":"de"},{"@type":"Organization","@id":"https:\/\/boutique-one-piece.com\/#organization","name":"One Piece Shop","url":"https:\/\/boutique-one-piece.com\/","logo":{"@type":"ImageObject","inLanguage":"de","@id":"https:\/\/boutique-one-piece.com\/#\/schema\/logo\/image\/","url":"https:\/\/boutique-one-piece.com\/wp-content\/uploads\/2022\/09\/Logo-01.png","contentUrl":"https:\/\/boutique-one-piece.com\/wp-content\/uploads\/2022\/09\/Logo-01.png","width":2318,"height":957,"caption":"Boutique One Piece"},"image":{"@id":"https:\/\/boutique-one-piece.com\/#\/schema\/logo\/image\/"}}]}},"_links":{"self":[{"href":"https:\/\/boutique-one-piece.com\/de\/wp-json\/wp\/v2\/product\/11550","targetHints":{"allow":["GET"]}}],"collection":[{"href":"https:\/\/boutique-one-piece.com\/de\/wp-json\/wp\/v2\/product"}],"about":[{"href":"https:\/\/boutique-one-piece.com\/de\/wp-json\/wp\/v2\/types\/product"}],"replies":[{"embeddable":true,"href":"https:\/\/boutique-one-piece.com\/de\/wp-json\/wp\/v2\/comments?post=11550"}],"wp:featuredmedia":[{"embeddable":true,"href":"https:\/\/boutique-one-piece.com\/de\/wp-json\/wp\/v2\/media\/11552"}],"wp:attachment":[{"href":"https:\/\/boutique-one-piece.com\/de\/wp-json\/wp\/v2\/media?parent=11550"}],"wp:term":[{"taxonomy":"product_brand","embeddable":true,"href":"https:\/\/boutique-one-piece.com\/de\/wp-json\/wp\/v2\/product_brand?post=11550"},{"taxonomy":"product_cat","embeddable":true,"href":"https:\/\/boutique-one-piece.com\/de\/wp-json\/wp\/v2\/product_cat?post=11550"},{"taxonomy":"product_tag","embeddable":true,"href":"https:\/\/boutique-one-piece.com\/de\/wp-json\/wp\/v2\/product_tag?post=11550"}],"curies":[{"name":"wp","href":"https:\/\/api.w.org\/{rel}","templated":true}]}}