{"id":11660,"date":"2022-09-27T20:42:39","date_gmt":"2022-09-27T20:42:39","guid":{"rendered":"https:\/\/boutique-one-piece.com\/uncategorized\/figurine-one-piece-usopp-attaque\/"},"modified":"2025-11-09T17:22:44","modified_gmt":"2025-11-09T17:22:44","slug":"one-piece-actionfigur-usopp-angriff","status":"publish","type":"product","link":"https:\/\/boutique-one-piece.com\/de\/one-piece-fanartikel\/one-piece-usopp-fanartikel\/one-piece-actionfigur-usopp-angriff\/","title":{"rendered":"One Piece Usopp Attack Figur"},"content":{"rendered":"<h2>Junger Pirat, sichere dir jetzt diese One Piece Usopp Attack Figur.<\/h2>\n<p>Hier ist, was Sie \u00fcber ihn wissen m\u00fcssen; ; <strong>Usopp<\/strong>, auch bekannt als <strong>Pipo<\/strong> In \u00e4lteren Gl\u00e9nat-Ausgaben des Mangas ist er Mitglied der Strohhutbande und bekleidet die Position des\/der <strong>Scharfsch\u00fctze<\/strong>. Als Scharfsch\u00fctze ist Usopp im Umgang mit Schusswaffen und Schleudern ge\u00fcbt. Er ist au\u00dferdem Experte f\u00fcr Waffenwartung und Waffenkonstruktion.<\/p>\n<p>Er stammte aus Syrup Village. Obwohl er kein Schiffbauer war, k\u00fcmmerte er sich auch um die Reparatur der Schiffe. <strong>Vogue Merry<\/strong> (dessen L\u00f6cher er mit allem, was gerade zur Hand war, stopfte). Sp\u00e4ter wurde er von Franky ersetzt, als dieser zusammen mit der Thousand Sunny zur Schiffswartung zur Crew stie\u00df. Au\u00dferdem <a title=\"ONE PIECE DEAD OR ALIVE FRANKY NEW WORLD FIGUR\" href=\"https:\/\/boutique-one-piece.com\/de\/one-piece-dead-or-alive-franky-new-world-figur\/\" target=\"_blank\" rel=\"noopener\">Franky \u00abtot oder lebendig\u00bb-Figur<\/a> ist in Ihrer Reichweite.<\/p>\n<h3>Fasziniert dich Usopps Anwesenheit inmitten eines Angriffs? Dann komm sofort an Bord der Thousand Sunny! Viele Abenteuer erwarten dich.<\/h3>\n<p><strong>Junger Pirat<\/strong>, Such nicht weiter, du hast soeben eine Sammlung mythischer Gegenst\u00e4nde entdeckt, die dein One Piece-Universum erweitern werden. Tauche mit diesen Objekten in deinen Lieblingsanime ein oder erlebe ihn noch einmal hautnah. Dein Piratenschicksal liegt nun in deinen H\u00e4nden. Wirst du sie ergattern? <strong>der Schatz von One Piece<\/strong> ?<\/p>\n<h2>Informationen zur Usopp-Angriffsfigur\u00a0<\/h2>\n<ul>\n<li><span><b><u>One Piece Figur<\/u><\/b>\u00a0Premium One Piece-Figur f\u00fcr echte Piraten<\/span><\/li>\n<\/ul>\n<ul>\n<li>\n<b>Gegenstand<\/b><span>\u00a0<\/span>PVC<\/li>\n<\/ul>\n<ul>\n<li><span><strong>Dimension<\/strong>\u00a017 cm<\/span><\/li>\n<\/ul>\n<ul>\n<li><span><strong>KOSTENLOSE LIEFERUNG<\/strong><\/span><\/li>\n<\/ul>","protected":false},"excerpt":{"rendered":"<p>Junger Pirat, schnapp dir jetzt diese One Piece Usopp Attack Figur! Hier ist alles, was du \u00fcber ihn wissen musst: Usopp, in \u00e4lteren Gl\u00e9nat-Ausgaben des Mangas auch Pipo genannt, ist Mitglied der Strohhutbande und bekleidet die Position des Scharfsch\u00fctzen. Als Scharfsch\u00fctze [\u2026]<\/p>","protected":false},"featured_media":11662,"comment_status":"open","ping_status":"open","template":"","meta":[],"product_brand":[],"product_cat":[76,283,155],"product_tag":[144],"class_list":{"0":"post-11660","1":"product","2":"type-product","3":"status-publish","4":"has-post-thumbnail","6":"product_cat-figurines-one-piece","7":"product_cat-figurines-usopp","8":"product_cat-goodies-usopp-one-piece","9":"product_tag-usopp","11":"first","12":"instock","13":"purchasable","14":"product-type-simple"},"yoast_head":"<!-- This site is optimized with the Yoast SEO plugin v27.5 - https:\/\/yoast.com\/product\/yoast-seo-wordpress\/ -->\n<title>Figurine One Piece Usopp Attaque | Boutique One Piece<\/title>\n<meta name=\"description\" content=\"Jeune pirate, fais d\u00e8s \u00e0 pr\u00e9sent l&#039;acquisition de cette Figurine One Piece Usopp Attaque. Voici ce que tu dois savoir \u00e0 son sujet ; Usopp, \u00e9galement nomm\u00e9 Pipo dans les anciennes \u00e9ditions de Gl\u00e9nat du manga, est un membre de L&#039;\u00c9quipage du Chapeau de Paille, il occupe le poste de Tireur d&#039;\u00c9lite. \u00catre un Tireur d\u2019\u00c9lite s\" \/>\n<meta name=\"robots\" content=\"index, follow, max-snippet:-1, max-image-preview:large, max-video-preview:-1\" \/>\n<link rel=\"canonical\" href=\"https:\/\/boutique-one-piece.com\/de\/one-piece-figuren\/usopp-figuren\/one-piece-actionfigur-usopp-angriff\/\" \/>\n<meta property=\"og:locale\" content=\"de_DE\" \/>\n<meta property=\"og:type\" content=\"article\" \/>\n<meta property=\"og:title\" content=\"Figurine One Piece Usopp Attaque | Boutique One Piece\" \/>\n<meta property=\"og:description\" content=\"Jeune pirate, fais d\u00e8s \u00e0 pr\u00e9sent l&#039;acquisition de cette Figurine One Piece Usopp Attaque. Voici ce que tu dois savoir \u00e0 son sujet ; Usopp, \u00e9galement nomm\u00e9 Pipo dans les anciennes \u00e9ditions de Gl\u00e9nat du manga, est un membre de L&#039;\u00c9quipage du Chapeau de Paille, il occupe le poste de Tireur d&#039;\u00c9lite. \u00catre un Tireur d\u2019\u00c9lite s\" \/>\n<meta property=\"og:url\" content=\"https:\/\/boutique-one-piece.com\/de\/one-piece-figuren\/usopp-figuren\/one-piece-actionfigur-usopp-angriff\/\" \/>\n<meta property=\"og:site_name\" content=\"Boutique One Piece\" \/>\n<meta property=\"article:modified_time\" content=\"2025-11-09T17:22:44+00:00\" \/>\n<meta property=\"og:image\" content=\"https:\/\/boutique-one-piece.com\/wp-content\/uploads\/2022\/09\/Figurine-One-Piece-Usopp-Attaque.jpg\" \/>\n\t<meta property=\"og:image:width\" content=\"640\" \/>\n\t<meta property=\"og:image:height\" content=\"640\" \/>\n\t<meta property=\"og:image:type\" content=\"image\/jpeg\" \/>\n<meta name=\"twitter:card\" content=\"summary_large_image\" \/>\n<meta name=\"twitter:label1\" content=\"Gesch\u00e4tzte Lesezeit\" \/>\n\t<meta name=\"twitter:data1\" content=\"2\u00a0Minuten\" \/>\n<script type=\"application\/ld+json\" class=\"yoast-schema-graph\">{\"@context\":\"https:\\\/\\\/schema.org\",\"@graph\":[{\"@type\":\"WebPage\",\"@id\":\"https:\\\/\\\/boutique-one-piece.com\\\/figurines-one-piece\\\/figurines-usopp\\\/figurine-one-piece-usopp-attaque\\\/\",\"url\":\"https:\\\/\\\/boutique-one-piece.com\\\/figurines-one-piece\\\/figurines-usopp\\\/figurine-one-piece-usopp-attaque\\\/\",\"name\":\"Figurine One Piece Usopp Attaque | Boutique One Piece\",\"isPartOf\":{\"@id\":\"https:\\\/\\\/boutique-one-piece.com\\\/#website\"},\"primaryImageOfPage\":{\"@id\":\"https:\\\/\\\/boutique-one-piece.com\\\/figurines-one-piece\\\/figurines-usopp\\\/figurine-one-piece-usopp-attaque\\\/#primaryimage\"},\"image\":{\"@id\":\"https:\\\/\\\/boutique-one-piece.com\\\/figurines-one-piece\\\/figurines-usopp\\\/figurine-one-piece-usopp-attaque\\\/#primaryimage\"},\"thumbnailUrl\":\"https:\\\/\\\/boutique-one-piece.com\\\/wp-content\\\/uploads\\\/2022\\\/09\\\/Figurine-One-Piece-Usopp-Attaque.jpg\",\"datePublished\":\"2022-09-27T20:42:39+00:00\",\"dateModified\":\"2025-11-09T17:22:44+00:00\",\"description\":\"Jeune pirate, fais d\u00e8s \u00e0 pr\u00e9sent l'acquisition de cette Figurine One Piece Usopp Attaque. Voici ce que tu dois savoir \u00e0 son sujet ; Usopp, \u00e9galement nomm\u00e9 Pipo dans les anciennes \u00e9ditions de Gl\u00e9nat du manga, est un membre de L'\u00c9quipage du Chapeau de Paille, il occupe le poste de Tireur d'\u00c9lite. \u00catre un Tireur d\u2019\u00c9lite s\",\"breadcrumb\":{\"@id\":\"https:\\\/\\\/boutique-one-piece.com\\\/figurines-one-piece\\\/figurines-usopp\\\/figurine-one-piece-usopp-attaque\\\/#breadcrumb\"},\"inLanguage\":\"de\",\"potentialAction\":[{\"@type\":\"ReadAction\",\"target\":[\"https:\\\/\\\/boutique-one-piece.com\\\/figurines-one-piece\\\/figurines-usopp\\\/figurine-one-piece-usopp-attaque\\\/\"]}]},{\"@type\":\"ImageObject\",\"inLanguage\":\"de\",\"@id\":\"https:\\\/\\\/boutique-one-piece.com\\\/figurines-one-piece\\\/figurines-usopp\\\/figurine-one-piece-usopp-attaque\\\/#primaryimage\",\"url\":\"https:\\\/\\\/boutique-one-piece.com\\\/wp-content\\\/uploads\\\/2022\\\/09\\\/Figurine-One-Piece-Usopp-Attaque.jpg\",\"contentUrl\":\"https:\\\/\\\/boutique-one-piece.com\\\/wp-content\\\/uploads\\\/2022\\\/09\\\/Figurine-One-Piece-Usopp-Attaque.jpg\",\"width\":640,\"height\":640,\"caption\":\"Figurine One Piece Usopp Attaque Usopp in box\"},{\"@type\":\"BreadcrumbList\",\"@id\":\"https:\\\/\\\/boutique-one-piece.com\\\/figurines-one-piece\\\/figurines-usopp\\\/figurine-one-piece-usopp-attaque\\\/#breadcrumb\",\"itemListElement\":[{\"@type\":\"ListItem\",\"position\":1,\"name\":\"Home\",\"item\":\"https:\\\/\\\/boutique-one-piece.com\\\/\"},{\"@type\":\"ListItem\",\"position\":2,\"name\":\"Shop\",\"item\":\"https:\\\/\\\/boutique-one-piece.com\\\/shop\\\/\"},{\"@type\":\"ListItem\",\"position\":3,\"name\":\"Figurine One Piece Usopp Attaque\"}]},{\"@type\":\"WebSite\",\"@id\":\"https:\\\/\\\/boutique-one-piece.com\\\/#website\",\"url\":\"https:\\\/\\\/boutique-one-piece.com\\\/\",\"name\":\"Boutique One Piece\",\"description\":\"Magasin Sp\u00e9cialis\u00e9 du Manga et l&#039;Anime One Piece\",\"publisher\":{\"@id\":\"https:\\\/\\\/boutique-one-piece.com\\\/#organization\"},\"potentialAction\":[{\"@type\":\"SearchAction\",\"target\":{\"@type\":\"EntryPoint\",\"urlTemplate\":\"https:\\\/\\\/boutique-one-piece.com\\\/?s={search_term_string}\"},\"query-input\":{\"@type\":\"PropertyValueSpecification\",\"valueRequired\":true,\"valueName\":\"search_term_string\"}}],\"inLanguage\":\"de\"},{\"@type\":\"Organization\",\"@id\":\"https:\\\/\\\/boutique-one-piece.com\\\/#organization\",\"name\":\"Boutique One Piece\",\"url\":\"https:\\\/\\\/boutique-one-piece.com\\\/\",\"logo\":{\"@type\":\"ImageObject\",\"inLanguage\":\"de\",\"@id\":\"https:\\\/\\\/boutique-one-piece.com\\\/#\\\/schema\\\/logo\\\/image\\\/\",\"url\":\"https:\\\/\\\/boutique-one-piece.com\\\/wp-content\\\/uploads\\\/2022\\\/09\\\/Logo-01.png\",\"contentUrl\":\"https:\\\/\\\/boutique-one-piece.com\\\/wp-content\\\/uploads\\\/2022\\\/09\\\/Logo-01.png\",\"width\":2318,\"height\":957,\"caption\":\"Boutique One Piece\"},\"image\":{\"@id\":\"https:\\\/\\\/boutique-one-piece.com\\\/#\\\/schema\\\/logo\\\/image\\\/\"}}]}<\/script>\n<!-- \/ Yoast SEO plugin. -->","yoast_head_json":{"title":"One Piece Usopp Attack Figur | One Piece Shop","description":"Junger Pirat, schnapp dir jetzt diese One Piece Usopp Attack Figur! Hier ist alles, was du \u00fcber ihn wissen musst: Usopp, in \u00e4lteren Gl\u00e9nat-Ausgaben des Mangas auch Pipo genannt, ist Mitglied der Strohhutbande und bekleidet die Position des Scharfsch\u00fctzen. Als Scharfsch\u00fctze...","robots":{"index":"index","follow":"follow","max-snippet":"max-snippet:-1","max-image-preview":"max-image-preview:large","max-video-preview":"max-video-preview:-1"},"canonical":"https:\/\/boutique-one-piece.com\/de\/one-piece-figuren\/usopp-figuren\/one-piece-actionfigur-usopp-angriff\/","og_locale":"de_DE","og_type":"article","og_title":"Figurine One Piece Usopp Attaque | Boutique One Piece","og_description":"Jeune pirate, fais d\u00e8s \u00e0 pr\u00e9sent l'acquisition de cette Figurine One Piece Usopp Attaque. Voici ce que tu dois savoir \u00e0 son sujet ; Usopp, \u00e9galement nomm\u00e9 Pipo dans les anciennes \u00e9ditions de Gl\u00e9nat du manga, est un membre de L'\u00c9quipage du Chapeau de Paille, il occupe le poste de Tireur d'\u00c9lite. \u00catre un Tireur d\u2019\u00c9lite s","og_url":"https:\/\/boutique-one-piece.com\/de\/one-piece-figuren\/usopp-figuren\/one-piece-actionfigur-usopp-angriff\/","og_site_name":"Boutique One Piece","article_modified_time":"2025-11-09T17:22:44+00:00","og_image":[{"width":640,"height":640,"url":"https:\/\/boutique-one-piece.com\/wp-content\/uploads\/2022\/09\/Figurine-One-Piece-Usopp-Attaque.jpg","type":"image\/jpeg"}],"twitter_card":"summary_large_image","twitter_misc":{"Gesch\u00e4tzte Lesezeit":"2\u00a0Minuten"},"schema":{"@context":"https:\/\/schema.org","@graph":[{"@type":"WebPage","@id":"https:\/\/boutique-one-piece.com\/figurines-one-piece\/figurines-usopp\/figurine-one-piece-usopp-attaque\/","url":"https:\/\/boutique-one-piece.com\/figurines-one-piece\/figurines-usopp\/figurine-one-piece-usopp-attaque\/","name":"One Piece Usopp Attack Figur | One Piece Shop","isPartOf":{"@id":"https:\/\/boutique-one-piece.com\/#website"},"primaryImageOfPage":{"@id":"https:\/\/boutique-one-piece.com\/figurines-one-piece\/figurines-usopp\/figurine-one-piece-usopp-attaque\/#primaryimage"},"image":{"@id":"https:\/\/boutique-one-piece.com\/figurines-one-piece\/figurines-usopp\/figurine-one-piece-usopp-attaque\/#primaryimage"},"thumbnailUrl":"https:\/\/boutique-one-piece.com\/wp-content\/uploads\/2022\/09\/Figurine-One-Piece-Usopp-Attaque.jpg","datePublished":"2022-09-27T20:42:39+00:00","dateModified":"2025-11-09T17:22:44+00:00","description":"Junger Pirat, schnapp dir jetzt diese One Piece Usopp Attack Figur! Hier ist alles, was du \u00fcber ihn wissen musst: Usopp, in \u00e4lteren Gl\u00e9nat-Ausgaben des Mangas auch Pipo genannt, ist Mitglied der Strohhutbande und bekleidet die Position des Scharfsch\u00fctzen. Als Scharfsch\u00fctze...","breadcrumb":{"@id":"https:\/\/boutique-one-piece.com\/figurines-one-piece\/figurines-usopp\/figurine-one-piece-usopp-attaque\/#breadcrumb"},"inLanguage":"de","potentialAction":[{"@type":"ReadAction","target":["https:\/\/boutique-one-piece.com\/figurines-one-piece\/figurines-usopp\/figurine-one-piece-usopp-attaque\/"]}]},{"@type":"ImageObject","inLanguage":"de","@id":"https:\/\/boutique-one-piece.com\/figurines-one-piece\/figurines-usopp\/figurine-one-piece-usopp-attaque\/#primaryimage","url":"https:\/\/boutique-one-piece.com\/wp-content\/uploads\/2022\/09\/Figurine-One-Piece-Usopp-Attaque.jpg","contentUrl":"https:\/\/boutique-one-piece.com\/wp-content\/uploads\/2022\/09\/Figurine-One-Piece-Usopp-Attaque.jpg","width":640,"height":640,"caption":"Figurine One Piece Usopp Attaque Usopp in box"},{"@type":"BreadcrumbList","@id":"https:\/\/boutique-one-piece.com\/figurines-one-piece\/figurines-usopp\/figurine-one-piece-usopp-attaque\/#breadcrumb","itemListElement":[{"@type":"ListItem","position":1,"name":"Home","item":"https:\/\/boutique-one-piece.com\/"},{"@type":"ListItem","position":2,"name":"Shop","item":"https:\/\/boutique-one-piece.com\/shop\/"},{"@type":"ListItem","position":3,"name":"Figurine One Piece Usopp Attaque"}]},{"@type":"WebSite","@id":"https:\/\/boutique-one-piece.com\/#website","url":"https:\/\/boutique-one-piece.com\/","name":"One Piece Shop","description":"Fachgesch\u00e4ft f\u00fcr One Piece Manga und Anime","publisher":{"@id":"https:\/\/boutique-one-piece.com\/#organization"},"potentialAction":[{"@type":"SearchAction","target":{"@type":"EntryPoint","urlTemplate":"https:\/\/boutique-one-piece.com\/?s={search_term_string}"},"query-input":{"@type":"PropertyValueSpecification","valueRequired":true,"valueName":"search_term_string"}}],"inLanguage":"de"},{"@type":"Organization","@id":"https:\/\/boutique-one-piece.com\/#organization","name":"One Piece Shop","url":"https:\/\/boutique-one-piece.com\/","logo":{"@type":"ImageObject","inLanguage":"de","@id":"https:\/\/boutique-one-piece.com\/#\/schema\/logo\/image\/","url":"https:\/\/boutique-one-piece.com\/wp-content\/uploads\/2022\/09\/Logo-01.png","contentUrl":"https:\/\/boutique-one-piece.com\/wp-content\/uploads\/2022\/09\/Logo-01.png","width":2318,"height":957,"caption":"Boutique One Piece"},"image":{"@id":"https:\/\/boutique-one-piece.com\/#\/schema\/logo\/image\/"}}]}},"_links":{"self":[{"href":"https:\/\/boutique-one-piece.com\/de\/wp-json\/wp\/v2\/product\/11660","targetHints":{"allow":["GET"]}}],"collection":[{"href":"https:\/\/boutique-one-piece.com\/de\/wp-json\/wp\/v2\/product"}],"about":[{"href":"https:\/\/boutique-one-piece.com\/de\/wp-json\/wp\/v2\/types\/product"}],"replies":[{"embeddable":true,"href":"https:\/\/boutique-one-piece.com\/de\/wp-json\/wp\/v2\/comments?post=11660"}],"wp:featuredmedia":[{"embeddable":true,"href":"https:\/\/boutique-one-piece.com\/de\/wp-json\/wp\/v2\/media\/11662"}],"wp:attachment":[{"href":"https:\/\/boutique-one-piece.com\/de\/wp-json\/wp\/v2\/media?parent=11660"}],"wp:term":[{"taxonomy":"product_brand","embeddable":true,"href":"https:\/\/boutique-one-piece.com\/de\/wp-json\/wp\/v2\/product_brand?post=11660"},{"taxonomy":"product_cat","embeddable":true,"href":"https:\/\/boutique-one-piece.com\/de\/wp-json\/wp\/v2\/product_cat?post=11660"},{"taxonomy":"product_tag","embeddable":true,"href":"https:\/\/boutique-one-piece.com\/de\/wp-json\/wp\/v2\/product_tag?post=11660"}],"curies":[{"name":"wp","href":"https:\/\/api.w.org\/{rel}","templated":true}]}}