{"id":11848,"date":"2022-09-27T20:43:44","date_gmt":"2022-09-27T20:43:44","guid":{"rendered":"https:\/\/boutique-one-piece.com\/uncategorized\/figurine-one-piece-luffy-samourai-combat-a-l-pee-wano-kuni\/"},"modified":"2024-10-23T21:36:03","modified_gmt":"2024-10-23T21:36:03","slug":"one-piece-figur-ruffy-samurai-fight-al-pee-wano-kuni","status":"publish","type":"product","link":"https:\/\/boutique-one-piece.com\/de\/one-piece-fanartikel\/leckereien-monkey-d-luffy-one-piece\/one-piece-figur-ruffy-samurai-fight-al-pee-wano-kuni\/","title":{"rendered":"One Piece Ruffy Samurai Sword Fighting Wano Kuni Figur"},"content":{"rendered":"<h2>Jeune pirate, le moment est venu pour toi de te procurer cette Figurine One Piece Luffy Samoura\u00ef Combat \u00e0 l\u2019\u00e9p\u00e9e Wano Kuni.<\/h2>\n<p>M\u00eame si Luffy n\u2019est plus \u00e0 pr\u00e9senter, voici ce que tu dois savoir \u00e0 son sujet ; c\u2019est un pirate et le principal protagoniste du manga et anim\u00e9 One Piece. Son r\u00eave le plus cher est de devenir<strong> der Piratenlord<\/strong> Indem er den legend\u00e4ren Schatz One Piece findet, der von Gol D. Roger irgendwo auf der Welt versteckt wurde. Hier ist er als Samurai aus Wano Kuni gekleidet; es sei angemerkt, dass der Name \u00abSamurai\u00bb der Titel ist, der den Bewohnern des Landes Wano (auch bekannt als Wano Kuni) verliehen wird.<\/p>\n<p>Bien que le titre soit g\u00e9n\u00e9ralement appliqu\u00e9 directement aux \u00e9p\u00e9istes, il peut \u00e9galement \u00eatre utilis\u00e9 comme terme g\u00e9n\u00e9rique pour d\u00e9signer tous les guerriers du Pays des Wa, tels que les Ninja et Sumo. D\u2019ailleurs, si tu souhaites agrandir ta collection de figurines, la <a title=\"WANO KUNI ZORO SAMURAI EINTEILIGE FIGUR\" href=\"https:\/\/boutique-one-piece.com\/de\/einteilige-zoro-samurai-figur-von-wano-kuni\/\" target=\"_blank\" rel=\"noopener\">Zoro Samurai-Figur<\/a> ist in Ihrer Reichweite.<\/p>\n<h3>Begeistert dich die Figur von Monkey D. Luffy in seinem Samurai-Outfit? Wenn ja, schnapp dir dein Schwert und k\u00e4mpfe an seiner Seite.<\/h3>\n<p>Ob Sie nun ein eingefleischter Fan oder ein ernsthafter Sammler sind, diese<strong> mythische Objekte<\/strong> sont forc\u00e9ment faits pour toi. Ces objets sont d\u2019excellentes id\u00e9es cadeaux, alors n\u2019attends plus et saute sur l\u2019occasion de pouvoir faire plaisir. Dans tous les cas, ton destin de pirate est entre tes mains, libre \u00e0 toi d\u2019embarquer ou non \u00e0 bord du <strong>Tausend Sonnen<\/strong> !<\/p>\n<h2>Information sur Figurine Luffy Samoura\u00ef Combat \u00e0 l\u2019\u00c9p\u00e9e Wano Kuni\u00a0<\/h2>\n<ul>\n<li><span><b><u>One Piece Figur<\/u><\/b>\u00a0: Figurine\u00a0 premium de l\u2019univers One Piece pour les vrais pirates<\/span><\/li>\n<\/ul>\n<ul>\n<li>\n<b>Gegenstand<\/b><span>\u00a0<\/span>PVC<\/li>\n<\/ul>\n<ul>\n<li><span><strong>Dimension<\/strong>\u00a0: 25 cm<\/span><\/li>\n<\/ul>\n<ul>\n<li><span><strong>KOSTENLOSE LIEFERUNG<\/strong><\/span><\/li>\n<\/ul>","protected":false},"excerpt":{"rendered":"<p>Jeune pirate, le moment est venu pour toi de te procurer cette Figurine One Piece Luffy Samoura\u00ef Combat \u00e0 l\u2019\u00e9p\u00e9e Wano Kuni. M\u00eame si Luffy n\u2019est plus \u00e0 pr\u00e9senter, voici ce que tu dois savoir \u00e0 son sujet ; c\u2019est un pirate et le principal protagoniste du manga et anim\u00e9 One Piece. Son r\u00eave le [&hellip;]<\/p>","protected":false},"featured_media":19221,"comment_status":"open","ping_status":"open","template":"","meta":[],"product_brand":[],"product_cat":[181,76,215,80],"product_tag":[92,217],"class_list":{"0":"post-11848","1":"product","2":"type-product","3":"status-publish","4":"has-post-thumbnail","6":"product_cat-figurines-monkey-d-luffy","7":"product_cat-figurines-one-piece","8":"product_cat-figurines-one-piece-wano-kuni","9":"product_cat-goodies-monkey-d-luffy-one-piece","10":"product_tag-luffy","11":"product_tag-wano-kuni","13":"first","14":"instock","15":"purchasable","16":"product-type-variable"},"yoast_head":"<!-- This site is optimized with the Yoast SEO plugin v27.5 - https:\/\/yoast.com\/product\/yoast-seo-wordpress\/ -->\n<title>Figurine One Piece Luffy Samoura\u00ef Combat \u00e0 l&#039;&amp;p\u00e9e Wano Kuni | Figurine One Piece \u2013 Boutique One Piece<\/title>\n<meta name=\"description\" content=\"Jeune pirate, le moment est venu pour toi de te procurer cette Figurine One Piece Luffy Samoura\u00ef Combat \u00e0 l&#039;\u00e9p\u00e9e Wano Kuni. M\u00eame si Luffy n&#039;est plus \u00e0 pr\u00e9senter, voici ce que tu dois savoir \u00e0 son sujet ; c&#039;est un pirate et le principal protagoniste du manga et anim\u00e9 One Piece. Son r\u00eave le plus cher est de devenir le Se\" \/>\n<meta name=\"robots\" content=\"index, follow, max-snippet:-1, max-image-preview:large, max-video-preview:-1\" \/>\n<link rel=\"canonical\" href=\"https:\/\/boutique-one-piece.com\/de\/one-piece-figuren\/one-piece-wano-kuni-figuren\/one-piece-figur-ruffy-samurai-fight-al-pee-wano-kuni\/\" \/>\n<meta property=\"og:locale\" content=\"de_DE\" \/>\n<meta property=\"og:type\" content=\"article\" \/>\n<meta property=\"og:title\" content=\"Figurine One Piece Luffy Samoura\u00ef Combat \u00e0 l&#039;&amp;p\u00e9e Wano Kuni | Figurine One Piece \u2013 Boutique One Piece\" \/>\n<meta property=\"og:description\" content=\"Jeune pirate, le moment est venu pour toi de te procurer cette Figurine One Piece Luffy Samoura\u00ef Combat \u00e0 l&#039;\u00e9p\u00e9e Wano Kuni. M\u00eame si Luffy n&#039;est plus \u00e0 pr\u00e9senter, voici ce que tu dois savoir \u00e0 son sujet ; c&#039;est un pirate et le principal protagoniste du manga et anim\u00e9 One Piece. Son r\u00eave le plus cher est de devenir le Se\" \/>\n<meta property=\"og:url\" content=\"https:\/\/boutique-one-piece.com\/de\/one-piece-figuren\/one-piece-wano-kuni-figuren\/one-piece-figur-ruffy-samurai-fight-al-pee-wano-kuni\/\" \/>\n<meta property=\"og:site_name\" content=\"Boutique One Piece\" \/>\n<meta property=\"article:modified_time\" content=\"2024-10-23T21:36:03+00:00\" \/>\n<meta property=\"og:image\" content=\"https:\/\/boutique-one-piece.com\/wp-content\/uploads\/2022\/09\/Banpresto-dessin-anim-japonais-ONE-PIECE-personnage-de-Collection-THE-Monkey-D-Luffy-Wano-kuni.jpg_Q90.jpg_.jpg\" \/>\n\t<meta property=\"og:image:width\" content=\"800\" \/>\n\t<meta property=\"og:image:height\" content=\"800\" \/>\n\t<meta property=\"og:image:type\" content=\"image\/jpeg\" \/>\n<meta name=\"twitter:card\" content=\"summary_large_image\" \/>\n<meta name=\"twitter:label1\" content=\"Gesch\u00e4tzte Lesezeit\" \/>\n\t<meta name=\"twitter:data1\" content=\"2\u00a0Minuten\" \/>\n<script type=\"application\/ld+json\" class=\"yoast-schema-graph\">{\"@context\":\"https:\\\/\\\/schema.org\",\"@graph\":[{\"@type\":\"WebPage\",\"@id\":\"https:\\\/\\\/boutique-one-piece.com\\\/figurines-one-piece\\\/figurines-one-piece-wano-kuni\\\/figurine-one-piece-luffy-samourai-combat-a-l-pee-wano-kuni\\\/\",\"url\":\"https:\\\/\\\/boutique-one-piece.com\\\/figurines-one-piece\\\/figurines-one-piece-wano-kuni\\\/figurine-one-piece-luffy-samourai-combat-a-l-pee-wano-kuni\\\/\",\"name\":\"Figurine One Piece Luffy Samoura\u00ef Combat \u00e0 l'&p\u00e9e Wano Kuni | Figurine One Piece \u2013 Boutique One Piece\",\"isPartOf\":{\"@id\":\"https:\\\/\\\/boutique-one-piece.com\\\/#website\"},\"primaryImageOfPage\":{\"@id\":\"https:\\\/\\\/boutique-one-piece.com\\\/figurines-one-piece\\\/figurines-one-piece-wano-kuni\\\/figurine-one-piece-luffy-samourai-combat-a-l-pee-wano-kuni\\\/#primaryimage\"},\"image\":{\"@id\":\"https:\\\/\\\/boutique-one-piece.com\\\/figurines-one-piece\\\/figurines-one-piece-wano-kuni\\\/figurine-one-piece-luffy-samourai-combat-a-l-pee-wano-kuni\\\/#primaryimage\"},\"thumbnailUrl\":\"https:\\\/\\\/boutique-one-piece.com\\\/wp-content\\\/uploads\\\/2022\\\/09\\\/Banpresto-dessin-anim-japonais-ONE-PIECE-personnage-de-Collection-THE-Monkey-D-Luffy-Wano-kuni.jpg_Q90.jpg_.jpg\",\"datePublished\":\"2022-09-27T20:43:44+00:00\",\"dateModified\":\"2024-10-23T21:36:03+00:00\",\"description\":\"Jeune pirate, le moment est venu pour toi de te procurer cette Figurine One Piece Luffy Samoura\u00ef Combat \u00e0 l'\u00e9p\u00e9e Wano Kuni. M\u00eame si Luffy n'est plus \u00e0 pr\u00e9senter, voici ce que tu dois savoir \u00e0 son sujet ; c'est un pirate et le principal protagoniste du manga et anim\u00e9 One Piece. Son r\u00eave le plus cher est de devenir le Se\",\"breadcrumb\":{\"@id\":\"https:\\\/\\\/boutique-one-piece.com\\\/figurines-one-piece\\\/figurines-one-piece-wano-kuni\\\/figurine-one-piece-luffy-samourai-combat-a-l-pee-wano-kuni\\\/#breadcrumb\"},\"inLanguage\":\"de\",\"potentialAction\":[{\"@type\":\"ReadAction\",\"target\":[\"https:\\\/\\\/boutique-one-piece.com\\\/figurines-one-piece\\\/figurines-one-piece-wano-kuni\\\/figurine-one-piece-luffy-samourai-combat-a-l-pee-wano-kuni\\\/\"]}]},{\"@type\":\"ImageObject\",\"inLanguage\":\"de\",\"@id\":\"https:\\\/\\\/boutique-one-piece.com\\\/figurines-one-piece\\\/figurines-one-piece-wano-kuni\\\/figurine-one-piece-luffy-samourai-combat-a-l-pee-wano-kuni\\\/#primaryimage\",\"url\":\"https:\\\/\\\/boutique-one-piece.com\\\/wp-content\\\/uploads\\\/2022\\\/09\\\/Banpresto-dessin-anim-japonais-ONE-PIECE-personnage-de-Collection-THE-Monkey-D-Luffy-Wano-kuni.jpg_Q90.jpg_.jpg\",\"contentUrl\":\"https:\\\/\\\/boutique-one-piece.com\\\/wp-content\\\/uploads\\\/2022\\\/09\\\/Banpresto-dessin-anim-japonais-ONE-PIECE-personnage-de-Collection-THE-Monkey-D-Luffy-Wano-kuni.jpg_Q90.jpg_.jpg\",\"width\":800,\"height\":800},{\"@type\":\"BreadcrumbList\",\"@id\":\"https:\\\/\\\/boutique-one-piece.com\\\/figurines-one-piece\\\/figurines-one-piece-wano-kuni\\\/figurine-one-piece-luffy-samourai-combat-a-l-pee-wano-kuni\\\/#breadcrumb\",\"itemListElement\":[{\"@type\":\"ListItem\",\"position\":1,\"name\":\"Home\",\"item\":\"https:\\\/\\\/boutique-one-piece.com\\\/\"},{\"@type\":\"ListItem\",\"position\":2,\"name\":\"Shop\",\"item\":\"https:\\\/\\\/boutique-one-piece.com\\\/shop\\\/\"},{\"@type\":\"ListItem\",\"position\":3,\"name\":\"Figurine One Piece Luffy Samoura\u00ef Combat \u00e0 l&#8217;\u00c9p\u00e9e Wano Kuni\"}]},{\"@type\":\"WebSite\",\"@id\":\"https:\\\/\\\/boutique-one-piece.com\\\/#website\",\"url\":\"https:\\\/\\\/boutique-one-piece.com\\\/\",\"name\":\"Boutique One Piece\",\"description\":\"Magasin Sp\u00e9cialis\u00e9 du Manga et l&#039;Anime One Piece\",\"publisher\":{\"@id\":\"https:\\\/\\\/boutique-one-piece.com\\\/#organization\"},\"potentialAction\":[{\"@type\":\"SearchAction\",\"target\":{\"@type\":\"EntryPoint\",\"urlTemplate\":\"https:\\\/\\\/boutique-one-piece.com\\\/?s={search_term_string}\"},\"query-input\":{\"@type\":\"PropertyValueSpecification\",\"valueRequired\":true,\"valueName\":\"search_term_string\"}}],\"inLanguage\":\"de\"},{\"@type\":\"Organization\",\"@id\":\"https:\\\/\\\/boutique-one-piece.com\\\/#organization\",\"name\":\"Boutique One Piece\",\"url\":\"https:\\\/\\\/boutique-one-piece.com\\\/\",\"logo\":{\"@type\":\"ImageObject\",\"inLanguage\":\"de\",\"@id\":\"https:\\\/\\\/boutique-one-piece.com\\\/#\\\/schema\\\/logo\\\/image\\\/\",\"url\":\"https:\\\/\\\/boutique-one-piece.com\\\/wp-content\\\/uploads\\\/2022\\\/09\\\/Logo-01.png\",\"contentUrl\":\"https:\\\/\\\/boutique-one-piece.com\\\/wp-content\\\/uploads\\\/2022\\\/09\\\/Logo-01.png\",\"width\":2318,\"height\":957,\"caption\":\"Boutique One Piece\"},\"image\":{\"@id\":\"https:\\\/\\\/boutique-one-piece.com\\\/#\\\/schema\\\/logo\\\/image\\\/\"}}]}<\/script>\n<!-- \/ Yoast SEO plugin. -->","yoast_head_json":{"title":"One Piece Luffy Samurai Schwertkampf Wano Kuni Figur | One Piece Figur \u2013 One Piece Shop","description":"Junger Pirat, es ist soweit! Schnapp dir diese One Piece Luffy Samurai-Schwertkampf-Figur aus dem Wano-Land. Luffy braucht zwar keine Vorstellung, aber hier ist, was du \u00fcber ihn wissen solltest: Er ist Pirat und der Hauptprotagonist des One Piece Mangas und Animes. Sein gr\u00f6\u00dfter Traum ist es, der Samurai zu werden.","robots":{"index":"index","follow":"follow","max-snippet":"max-snippet:-1","max-image-preview":"max-image-preview:large","max-video-preview":"max-video-preview:-1"},"canonical":"https:\/\/boutique-one-piece.com\/de\/one-piece-figuren\/one-piece-wano-kuni-figuren\/one-piece-figur-ruffy-samurai-fight-al-pee-wano-kuni\/","og_locale":"de_DE","og_type":"article","og_title":"Figurine One Piece Luffy Samoura\u00ef Combat \u00e0 l'&p\u00e9e Wano Kuni | Figurine One Piece \u2013 Boutique One Piece","og_description":"Jeune pirate, le moment est venu pour toi de te procurer cette Figurine One Piece Luffy Samoura\u00ef Combat \u00e0 l'\u00e9p\u00e9e Wano Kuni. M\u00eame si Luffy n'est plus \u00e0 pr\u00e9senter, voici ce que tu dois savoir \u00e0 son sujet ; c'est un pirate et le principal protagoniste du manga et anim\u00e9 One Piece. Son r\u00eave le plus cher est de devenir le Se","og_url":"https:\/\/boutique-one-piece.com\/de\/one-piece-figuren\/one-piece-wano-kuni-figuren\/one-piece-figur-ruffy-samurai-fight-al-pee-wano-kuni\/","og_site_name":"Boutique One Piece","article_modified_time":"2024-10-23T21:36:03+00:00","og_image":[{"width":800,"height":800,"url":"https:\/\/boutique-one-piece.com\/wp-content\/uploads\/2022\/09\/Banpresto-dessin-anim-japonais-ONE-PIECE-personnage-de-Collection-THE-Monkey-D-Luffy-Wano-kuni.jpg_Q90.jpg_.jpg","type":"image\/jpeg"}],"twitter_card":"summary_large_image","twitter_misc":{"Gesch\u00e4tzte Lesezeit":"2\u00a0Minuten"},"schema":{"@context":"https:\/\/schema.org","@graph":[{"@type":"WebPage","@id":"https:\/\/boutique-one-piece.com\/figurines-one-piece\/figurines-one-piece-wano-kuni\/figurine-one-piece-luffy-samourai-combat-a-l-pee-wano-kuni\/","url":"https:\/\/boutique-one-piece.com\/figurines-one-piece\/figurines-one-piece-wano-kuni\/figurine-one-piece-luffy-samourai-combat-a-l-pee-wano-kuni\/","name":"One Piece Luffy Samurai Schwertkampf Wano Kuni Figur | One Piece Figur \u2013 One Piece Shop","isPartOf":{"@id":"https:\/\/boutique-one-piece.com\/#website"},"primaryImageOfPage":{"@id":"https:\/\/boutique-one-piece.com\/figurines-one-piece\/figurines-one-piece-wano-kuni\/figurine-one-piece-luffy-samourai-combat-a-l-pee-wano-kuni\/#primaryimage"},"image":{"@id":"https:\/\/boutique-one-piece.com\/figurines-one-piece\/figurines-one-piece-wano-kuni\/figurine-one-piece-luffy-samourai-combat-a-l-pee-wano-kuni\/#primaryimage"},"thumbnailUrl":"https:\/\/boutique-one-piece.com\/wp-content\/uploads\/2022\/09\/Banpresto-dessin-anim-japonais-ONE-PIECE-personnage-de-Collection-THE-Monkey-D-Luffy-Wano-kuni.jpg_Q90.jpg_.jpg","datePublished":"2022-09-27T20:43:44+00:00","dateModified":"2024-10-23T21:36:03+00:00","description":"Junger Pirat, es ist soweit! Schnapp dir diese One Piece Luffy Samurai-Schwertkampf-Figur aus dem Wano-Land. Luffy braucht zwar keine Vorstellung, aber hier ist, was du \u00fcber ihn wissen solltest: Er ist Pirat und der Hauptprotagonist des One Piece Mangas und Animes. Sein gr\u00f6\u00dfter Traum ist es, der Samurai zu werden.","breadcrumb":{"@id":"https:\/\/boutique-one-piece.com\/figurines-one-piece\/figurines-one-piece-wano-kuni\/figurine-one-piece-luffy-samourai-combat-a-l-pee-wano-kuni\/#breadcrumb"},"inLanguage":"de","potentialAction":[{"@type":"ReadAction","target":["https:\/\/boutique-one-piece.com\/figurines-one-piece\/figurines-one-piece-wano-kuni\/figurine-one-piece-luffy-samourai-combat-a-l-pee-wano-kuni\/"]}]},{"@type":"ImageObject","inLanguage":"de","@id":"https:\/\/boutique-one-piece.com\/figurines-one-piece\/figurines-one-piece-wano-kuni\/figurine-one-piece-luffy-samourai-combat-a-l-pee-wano-kuni\/#primaryimage","url":"https:\/\/boutique-one-piece.com\/wp-content\/uploads\/2022\/09\/Banpresto-dessin-anim-japonais-ONE-PIECE-personnage-de-Collection-THE-Monkey-D-Luffy-Wano-kuni.jpg_Q90.jpg_.jpg","contentUrl":"https:\/\/boutique-one-piece.com\/wp-content\/uploads\/2022\/09\/Banpresto-dessin-anim-japonais-ONE-PIECE-personnage-de-Collection-THE-Monkey-D-Luffy-Wano-kuni.jpg_Q90.jpg_.jpg","width":800,"height":800},{"@type":"BreadcrumbList","@id":"https:\/\/boutique-one-piece.com\/figurines-one-piece\/figurines-one-piece-wano-kuni\/figurine-one-piece-luffy-samourai-combat-a-l-pee-wano-kuni\/#breadcrumb","itemListElement":[{"@type":"ListItem","position":1,"name":"Home","item":"https:\/\/boutique-one-piece.com\/"},{"@type":"ListItem","position":2,"name":"Shop","item":"https:\/\/boutique-one-piece.com\/shop\/"},{"@type":"ListItem","position":3,"name":"Figurine One Piece Luffy Samoura\u00ef Combat \u00e0 l&#8217;\u00c9p\u00e9e Wano Kuni"}]},{"@type":"WebSite","@id":"https:\/\/boutique-one-piece.com\/#website","url":"https:\/\/boutique-one-piece.com\/","name":"One Piece Shop","description":"Fachgesch\u00e4ft f\u00fcr One Piece Manga und Anime","publisher":{"@id":"https:\/\/boutique-one-piece.com\/#organization"},"potentialAction":[{"@type":"SearchAction","target":{"@type":"EntryPoint","urlTemplate":"https:\/\/boutique-one-piece.com\/?s={search_term_string}"},"query-input":{"@type":"PropertyValueSpecification","valueRequired":true,"valueName":"search_term_string"}}],"inLanguage":"de"},{"@type":"Organization","@id":"https:\/\/boutique-one-piece.com\/#organization","name":"One Piece Shop","url":"https:\/\/boutique-one-piece.com\/","logo":{"@type":"ImageObject","inLanguage":"de","@id":"https:\/\/boutique-one-piece.com\/#\/schema\/logo\/image\/","url":"https:\/\/boutique-one-piece.com\/wp-content\/uploads\/2022\/09\/Logo-01.png","contentUrl":"https:\/\/boutique-one-piece.com\/wp-content\/uploads\/2022\/09\/Logo-01.png","width":2318,"height":957,"caption":"Boutique One Piece"},"image":{"@id":"https:\/\/boutique-one-piece.com\/#\/schema\/logo\/image\/"}}]}},"_links":{"self":[{"href":"https:\/\/boutique-one-piece.com\/de\/wp-json\/wp\/v2\/product\/11848","targetHints":{"allow":["GET"]}}],"collection":[{"href":"https:\/\/boutique-one-piece.com\/de\/wp-json\/wp\/v2\/product"}],"about":[{"href":"https:\/\/boutique-one-piece.com\/de\/wp-json\/wp\/v2\/types\/product"}],"replies":[{"embeddable":true,"href":"https:\/\/boutique-one-piece.com\/de\/wp-json\/wp\/v2\/comments?post=11848"}],"wp:featuredmedia":[{"embeddable":true,"href":"https:\/\/boutique-one-piece.com\/de\/wp-json\/wp\/v2\/media\/19221"}],"wp:attachment":[{"href":"https:\/\/boutique-one-piece.com\/de\/wp-json\/wp\/v2\/media?parent=11848"}],"wp:term":[{"taxonomy":"product_brand","embeddable":true,"href":"https:\/\/boutique-one-piece.com\/de\/wp-json\/wp\/v2\/product_brand?post=11848"},{"taxonomy":"product_cat","embeddable":true,"href":"https:\/\/boutique-one-piece.com\/de\/wp-json\/wp\/v2\/product_cat?post=11848"},{"taxonomy":"product_tag","embeddable":true,"href":"https:\/\/boutique-one-piece.com\/de\/wp-json\/wp\/v2\/product_tag?post=11848"}],"curies":[{"name":"wp","href":"https:\/\/api.w.org\/{rel}","templated":true}]}}