{"id":11875,"date":"2022-09-27T20:43:44","date_gmt":"2022-09-27T20:43:44","guid":{"rendered":"https:\/\/boutique-one-piece.com\/uncategorized\/tableau-one-piece-ace-sabo-et-luffy\/"},"modified":"2024-09-16T12:42:19","modified_gmt":"2024-09-16T12:42:19","slug":"one-piece-gemalde-ace-sabo-und-ruffy","status":"publish","type":"product","link":"https:\/\/boutique-one-piece.com\/de\/one-piece-dekorationen\/one-piece-gemalde\/one-piece-gemalde-ace-sabo-und-ruffy\/","title":{"rendered":"One Piece Gem\u00e4lde Ace, Sabo und Ruffy"},"content":{"rendered":"<h2>\u00a0Ausgezeichnete Qualit\u00e4t f\u00fcr einen Piraten wie dich!<\/h2>\n<p>Wenn Sie ein\u00a0<strong>echter Pirat<\/strong>, Du wirst es wissen<span>\u00a0<\/span>anerkennen<span>\u00a0<\/span>Dort\u00a0<strong>Qualit\u00e4t<\/strong>\u00a0Leinwand, Farbe und ein Rahmen f\u00fcr ihre\u00a0<strong>Designs\u00a0<\/strong>Und\u00a0<strong>3D-Leinwanddruck<\/strong>\u00a0davon\u00a0<strong>One Piece 5-teiliges Gem\u00e4lde<\/strong>\u00a0Das Wichtigste an diesem Gem\u00e4lde ist jedoch, dass<span>\u00a0<\/span>Sie werden Teil davon sein\u00a0<strong>die Fan-Crew<\/strong>\u00a0von\u00a0<strong>Piraten-Manga<\/strong>\u00a0und Sie erhalten:<\/p>\n<ul>\n<li>\u00a0<strong>Bewunderung<\/strong>\u00a0aller Fans von\u00a0<strong>Mugiwara<\/strong>\u00a0die Sie zu sich nach Hause einladen werden<\/li>\n<\/ul>\n<ul>\n<li>Ein echter\u00a0<strong>5-teilige gedruckte Tabelle<\/strong>\u00a0mit dem Sie<strong>\u00a0sich vorstellen\u00a0<\/strong>mit\u00a0<strong><\/strong><strong><\/strong>DER\u00a0<strong>Porgas D. Ace<\/strong>,<strong>\u00a0Monkey D. Luffy\u00a0<\/strong>Und <strong>Sabo<\/strong>\n<\/li>\n<\/ul>\n<p>\u00a0Also, bereit, die\u00a0<strong>Farben <\/strong>der<strong>\u00a0drei Br\u00fcder<\/strong>\u00a0?<\/p>\n<h2>Bist du ein Fan des One Piece Mangas oder Animes? Zeig es mit diesem 5-teiligen One Piece Leinwanddruck!<\/h2>\n<p>Wenn du\u00a0<strong>lesen<\/strong>\u00a0oder wo auch immer Sie hinschauen\u00a0<strong>der Anime\u00a0<\/strong><strong>japanisch<\/strong>, Die Wahrscheinlichkeit ist gro\u00df, dass du geworden bist\u00a0<strong>Ich bin total verr\u00fcckt nach One Piece.<\/strong>\u00a0Damit!\u00a0<strong>5-teiliges Gem\u00e4lde von Ace, Sabo und Ruffy<\/strong>, schlie\u00df dich der an\u2019<strong>Eine Gruppe von Fans der Franchise<\/strong><\/p>\n<p>Das\u00a0<strong>Malerei<\/strong>\u00a0ist verf\u00fcgbar mit einem\u00a0<strong>Holzrahmen<\/strong>\u00a0die Variante &quot;\u00ab\u00a0<strong>Mit Rahmen<\/strong>\u00abEs ist auch m\u00f6glich, nur das zu haben\u00a0<strong>Tuch<\/strong>\u00a0mit der Variante &quot;\u00ab\u00a0<strong>Rahmenlos<\/strong>\u00abDie Gr\u00f6\u00dfentabelle finden Sie in der Gr\u00f6\u00dfentabelle.\u201c\u00a0<strong>Wenig<\/strong>,<strong>\u00a0DURCHSCHNITT<\/strong>,<strong>\u00a0Gro\u00df<\/strong>,<strong>\u00a0XL<\/strong>, Es eignet sich f\u00fcr alle Arten von Piraten, auch wenn man keine hat\u00a0<strong>Schwert<\/strong>\u00a0oder\u00a0<strong>Teufelsfrucht<\/strong>\u00a0Man kann es immer noch stolz zu Hause aufh\u00e4ngen<\/p>\n<h2>Informationen zum Gem\u00e4lde:<\/h2>\n<ul>\n<li>\n<strong>Hochwertige bedruckte Leinwand\u00a0<\/strong>: Wandbild aus<span>\u00a0<\/span><strong>Baumwolle<\/strong><span>\u00a0<\/span>Und<span>\u00a0<\/span><strong>Leinen<\/strong>, um ein<span>\u00a0<\/span><strong>Tuch<\/strong><span>\u00a0<\/span>des Namens w\u00fcrdig<\/li>\n<\/ul>\n<ul>\n<li>\n<strong>Ultra Design Malerei<\/strong>\u00a0Die f\u00fcnfteilige Tabelle bietet eine Menge Informationen.<span>\u00a0<\/span><strong>Stil<\/strong><span>\u00a0<\/span>zu einem<span>\u00a0<\/span><strong>St\u00fcck<\/strong>, Die Fans k\u00f6nnen nicht anders, als es zu lieben.<\/li>\n<\/ul>\n<ul>\n<li>\n<strong>Farbe und Druck\u00a0<\/strong>One Piece Gem\u00e4lde mit einem Druck<span>\u00a0<\/span><strong>Canva<\/strong><span>\u00a0<\/span>der Ma\u00dfstab im Leinwanddruck<\/li>\n<\/ul>\n<ul>\n<li>\n<strong>Leichte Wandkunst<\/strong>\u00a0Tolle Lage<span>\u00a0<\/span><strong>Licht,<\/strong><span>\u00a0<\/span>Es braucht nur einen<span>\u00a0<\/span><strong>Nagel<\/strong><span>\u00a0<\/span>oder von<span>\u00a0<\/span><strong>festes Bein<\/strong><span>\u00a0<\/span>f\u00fcr die<span>\u00a0<\/span><strong>pflegen<\/strong><span>\u00a0<\/span>Bei<span>\u00a0<\/span><strong>Wand<\/strong>\n<\/li>\n<\/ul>\n<ul>\n<li>\n<strong>Holzrahmen<\/strong>\u00a0: die Variante &quot;\u00ab\u00a0<strong>Mit Rahmen<\/strong>\u00a0\u00bb wird begleitet von einem<span>\u00a0<\/span><strong>Holzrahmen<\/strong><span>\u00a0<\/span>und die Version &quot;\u00ab\u00a0<strong>Rahmenlos<\/strong>\u00a0\u00bb wird geliefert<span>\u00a0<\/span><strong>ohne den Holzrahmen<\/strong>\n<\/li>\n<\/ul>\n<ul>\n<li>\n<strong>Kostenloser Versand\u00a0<\/strong>f\u00fcr jeden Kauf<strong>\u00a0<\/strong>\n<\/li>\n<\/ul>\n<h3>Vergessen Sie nicht, einen Blick auf die unten stehende Gr\u00f6\u00dfentabelle zu werfen.<\/h3>\n<h2>\n<strong>One Piece 5-teiliges Gem\u00e4lde<\/strong><span>,<\/span><strong><span>\u00a0<\/span><\/strong><span>Gr\u00f6\u00dfe<\/span><strong><span>\u00a0<\/span><\/strong><span>:\u00a0<\/span><strong>Wenig<\/strong><br \/>\n<\/h2>\n<p>\u00a0<img decoding=\"async\" src=\"https:\/\/cdn.shopify.com\/s\/files\/1\/0087\/7556\/5348\/files\/guide_taille_tableau_one_piece_petit_boutique_one_piece_large.jpg?v=1560247451\" alt=\"Gr\u00f6\u00dfenratgeber f\u00fcr 5-teilige Sets (Klein)\"><\/p>\n<p><strong>One Piece 5-teiliges Gem\u00e4lde<\/strong>, Gr\u00f6\u00dfe<strong><span>\u00a0<\/span><\/strong>:<strong><span>\u00a0<\/span>DURCHSCHNITT<\/strong><\/p>\n<p>\u00a0<img decoding=\"async\" src=\"https:\/\/cdn.shopify.com\/s\/files\/1\/0087\/7556\/5348\/files\/guide_taille_tableau_one_piece_moyen_boutique_one_piece_large.jpg?v=1560247519\" alt=\"Gr\u00f6\u00dfentabelle (1 St\u00fcck, 5 St\u00fcck) Medium\"><\/p>\n<p><strong>One Piece 5-teiliges Gem\u00e4lde<\/strong>, Gr\u00f6\u00dfe<strong><span>\u00a0<\/span><\/strong>:<span>\u00a0<\/span><strong>Gro\u00df<\/strong><\/p>\n<p>\u00a0<img decoding=\"async\" src=\"https:\/\/cdn.shopify.com\/s\/files\/1\/0087\/7556\/5348\/files\/guide_taille_tableau_one_piece_grand_boutique_one_piece_large.jpg?v=1560247582\" alt=\"One Piece 5-teilige Gr\u00f6\u00dfentabelle (gro\u00df)\"><\/p>\n<p><strong>One Piece 5-teiliges Gem\u00e4lde<\/strong>, Gr\u00f6\u00dfe:<span>\u00a0<\/span><strong>XL<\/strong><\/p>\n<p><img decoding=\"async\" src=\"https:\/\/cdn.shopify.com\/s\/files\/1\/0087\/7556\/5348\/files\/guide_taille_tableau_one_piece_xl_boutique_one_piece_large.jpg?v=1560247610\" alt=\"One Piece 5-teilige XL Gr\u00f6\u00dfentabelle\"><\/p>","protected":false},"excerpt":{"rendered":"<p>\u00a0Erstklassige Qualit\u00e4t f\u00fcr einen Piraten wie dich! Als echter Pirat wirst du die Qualit\u00e4t der Leinwand, der Farben und des Rahmens sowie den 3D-Druck dieses 5-teiligen One Piece Leinwandbildes zu sch\u00e4tzen wissen! Aber das Wichtigste: Mit diesem Bild geh\u00f6rst du zur Crew der Piraten-Manga-Fans und gewinnst: Die Bewunderung aller Strohhut-Fans, die du einl\u00e4dst; eine echte, 5-teilige Leinwand, mit der du [\u2026]<\/p>","protected":false},"featured_media":11877,"comment_status":"open","ping_status":"open","template":"","meta":[],"product_brand":[],"product_cat":[141],"product_tag":[176,92,180],"class_list":{"0":"post-11875","1":"product","2":"type-product","3":"status-publish","4":"has-post-thumbnail","6":"product_cat-tableaux-one-piece","7":"product_tag-ace","8":"product_tag-luffy","9":"product_tag-sabo","11":"first","12":"instock","13":"purchasable","14":"product-type-variable"},"yoast_head":"<!-- This site is optimized with the Yoast SEO plugin v27.5 - https:\/\/yoast.com\/product\/yoast-seo-wordpress\/ -->\n<title>Tableau One Piece Ace, Sabo et Luffy | Boutique One Piece<\/title>\n<meta name=\"description\" content=\"Tableau 5 Pi\u00e8ces One Piece avec les Trois Fr\u00e8res Luffy, Ace et Sabo de Haute Qualit\u00e9 Fan du Manga de Pirates ce Tableau Imprim\u00e9 5 Panneaux est fait Pour Vous!\" \/>\n<meta name=\"robots\" content=\"index, follow, max-snippet:-1, max-image-preview:large, max-video-preview:-1\" \/>\n<link rel=\"canonical\" href=\"https:\/\/boutique-one-piece.com\/de\/one-piece-dekorationen\/one-piece-gemalde\/one-piece-gemalde-ace-sabo-und-ruffy\/\" \/>\n<meta property=\"og:locale\" content=\"de_DE\" \/>\n<meta property=\"og:type\" content=\"article\" \/>\n<meta property=\"og:title\" content=\"Tableau One Piece Ace, Sabo et Luffy | Boutique One Piece\" \/>\n<meta property=\"og:description\" content=\"Tableau 5 Pi\u00e8ces One Piece avec les Trois Fr\u00e8res Luffy, Ace et Sabo de Haute Qualit\u00e9 Fan du Manga de Pirates ce Tableau Imprim\u00e9 5 Panneaux est fait Pour Vous!\" \/>\n<meta property=\"og:url\" content=\"https:\/\/boutique-one-piece.com\/de\/one-piece-dekorationen\/one-piece-gemalde\/one-piece-gemalde-ace-sabo-und-ruffy\/\" \/>\n<meta property=\"og:site_name\" content=\"Boutique One Piece\" \/>\n<meta property=\"article:modified_time\" content=\"2024-09-16T12:42:19+00:00\" \/>\n<meta property=\"og:image\" content=\"https:\/\/boutique-one-piece.com\/wp-content\/uploads\/2022\/09\/Tableau-One-Piece-Ace-Sabo-et-Luffy.jpg\" \/>\n\t<meta property=\"og:image:width\" content=\"1000\" \/>\n\t<meta property=\"og:image:height\" content=\"980\" \/>\n\t<meta property=\"og:image:type\" content=\"image\/jpeg\" \/>\n<meta name=\"twitter:card\" content=\"summary_large_image\" \/>\n<meta name=\"twitter:label1\" content=\"Gesch\u00e4tzte Lesezeit\" \/>\n\t<meta name=\"twitter:data1\" content=\"4\u00a0Minuten\" \/>\n<script type=\"application\/ld+json\" class=\"yoast-schema-graph\">{\"@context\":\"https:\\\/\\\/schema.org\",\"@graph\":[{\"@type\":\"WebPage\",\"@id\":\"https:\\\/\\\/boutique-one-piece.com\\\/decorations-one-piece\\\/tableaux-one-piece\\\/tableau-one-piece-ace-sabo-et-luffy\\\/\",\"url\":\"https:\\\/\\\/boutique-one-piece.com\\\/decorations-one-piece\\\/tableaux-one-piece\\\/tableau-one-piece-ace-sabo-et-luffy\\\/\",\"name\":\"Tableau One Piece Ace, Sabo et Luffy | Boutique One Piece\",\"isPartOf\":{\"@id\":\"https:\\\/\\\/boutique-one-piece.com\\\/#website\"},\"primaryImageOfPage\":{\"@id\":\"https:\\\/\\\/boutique-one-piece.com\\\/decorations-one-piece\\\/tableaux-one-piece\\\/tableau-one-piece-ace-sabo-et-luffy\\\/#primaryimage\"},\"image\":{\"@id\":\"https:\\\/\\\/boutique-one-piece.com\\\/decorations-one-piece\\\/tableaux-one-piece\\\/tableau-one-piece-ace-sabo-et-luffy\\\/#primaryimage\"},\"thumbnailUrl\":\"https:\\\/\\\/boutique-one-piece.com\\\/wp-content\\\/uploads\\\/2022\\\/09\\\/Tableau-One-Piece-Ace-Sabo-et-Luffy.jpg\",\"datePublished\":\"2022-09-27T20:43:44+00:00\",\"dateModified\":\"2024-09-16T12:42:19+00:00\",\"description\":\"Tableau 5 Pi\u00e8ces One Piece avec les Trois Fr\u00e8res Luffy, Ace et Sabo de Haute Qualit\u00e9 Fan du Manga de Pirates ce Tableau Imprim\u00e9 5 Panneaux est fait Pour Vous!\",\"breadcrumb\":{\"@id\":\"https:\\\/\\\/boutique-one-piece.com\\\/decorations-one-piece\\\/tableaux-one-piece\\\/tableau-one-piece-ace-sabo-et-luffy\\\/#breadcrumb\"},\"inLanguage\":\"de\",\"potentialAction\":[{\"@type\":\"ReadAction\",\"target\":[\"https:\\\/\\\/boutique-one-piece.com\\\/decorations-one-piece\\\/tableaux-one-piece\\\/tableau-one-piece-ace-sabo-et-luffy\\\/\"]}]},{\"@type\":\"ImageObject\",\"inLanguage\":\"de\",\"@id\":\"https:\\\/\\\/boutique-one-piece.com\\\/decorations-one-piece\\\/tableaux-one-piece\\\/tableau-one-piece-ace-sabo-et-luffy\\\/#primaryimage\",\"url\":\"https:\\\/\\\/boutique-one-piece.com\\\/wp-content\\\/uploads\\\/2022\\\/09\\\/Tableau-One-Piece-Ace-Sabo-et-Luffy.jpg\",\"contentUrl\":\"https:\\\/\\\/boutique-one-piece.com\\\/wp-content\\\/uploads\\\/2022\\\/09\\\/Tableau-One-Piece-Ace-Sabo-et-Luffy.jpg\",\"width\":1000,\"height\":980,\"caption\":\"Tableau One Piece Ace\"},{\"@type\":\"BreadcrumbList\",\"@id\":\"https:\\\/\\\/boutique-one-piece.com\\\/decorations-one-piece\\\/tableaux-one-piece\\\/tableau-one-piece-ace-sabo-et-luffy\\\/#breadcrumb\",\"itemListElement\":[{\"@type\":\"ListItem\",\"position\":1,\"name\":\"Home\",\"item\":\"https:\\\/\\\/boutique-one-piece.com\\\/\"},{\"@type\":\"ListItem\",\"position\":2,\"name\":\"Shop\",\"item\":\"https:\\\/\\\/boutique-one-piece.com\\\/shop\\\/\"},{\"@type\":\"ListItem\",\"position\":3,\"name\":\"Tableau One Piece Ace, Sabo et Luffy\"}]},{\"@type\":\"WebSite\",\"@id\":\"https:\\\/\\\/boutique-one-piece.com\\\/#website\",\"url\":\"https:\\\/\\\/boutique-one-piece.com\\\/\",\"name\":\"Boutique One Piece\",\"description\":\"Magasin Sp\u00e9cialis\u00e9 du Manga et l&#039;Anime One Piece\",\"publisher\":{\"@id\":\"https:\\\/\\\/boutique-one-piece.com\\\/#organization\"},\"potentialAction\":[{\"@type\":\"SearchAction\",\"target\":{\"@type\":\"EntryPoint\",\"urlTemplate\":\"https:\\\/\\\/boutique-one-piece.com\\\/?s={search_term_string}\"},\"query-input\":{\"@type\":\"PropertyValueSpecification\",\"valueRequired\":true,\"valueName\":\"search_term_string\"}}],\"inLanguage\":\"de\"},{\"@type\":\"Organization\",\"@id\":\"https:\\\/\\\/boutique-one-piece.com\\\/#organization\",\"name\":\"Boutique One Piece\",\"url\":\"https:\\\/\\\/boutique-one-piece.com\\\/\",\"logo\":{\"@type\":\"ImageObject\",\"inLanguage\":\"de\",\"@id\":\"https:\\\/\\\/boutique-one-piece.com\\\/#\\\/schema\\\/logo\\\/image\\\/\",\"url\":\"https:\\\/\\\/boutique-one-piece.com\\\/wp-content\\\/uploads\\\/2022\\\/09\\\/Logo-01.png\",\"contentUrl\":\"https:\\\/\\\/boutique-one-piece.com\\\/wp-content\\\/uploads\\\/2022\\\/09\\\/Logo-01.png\",\"width\":2318,\"height\":957,\"caption\":\"Boutique One Piece\"},\"image\":{\"@id\":\"https:\\\/\\\/boutique-one-piece.com\\\/#\\\/schema\\\/logo\\\/image\\\/\"}}]}<\/script>\n<!-- \/ Yoast SEO plugin. -->","yoast_head_json":{"title":"One Piece Gem\u00e4lde von Ace, Sabo und Ruffy | One Piece Shop","description":"5-teiliger One Piece Leinwanddruck mit den drei Br\u00fcdern Ruffy, Ace und Sabo \u2013 Hochwertig! Fans des Piraten-Mangas, dieser 5-teilige Leinwanddruck ist genau das Richtige f\u00fcr euch!","robots":{"index":"index","follow":"follow","max-snippet":"max-snippet:-1","max-image-preview":"max-image-preview:large","max-video-preview":"max-video-preview:-1"},"canonical":"https:\/\/boutique-one-piece.com\/de\/one-piece-dekorationen\/one-piece-gemalde\/one-piece-gemalde-ace-sabo-und-ruffy\/","og_locale":"de_DE","og_type":"article","og_title":"Tableau One Piece Ace, Sabo et Luffy | Boutique One Piece","og_description":"Tableau 5 Pi\u00e8ces One Piece avec les Trois Fr\u00e8res Luffy, Ace et Sabo de Haute Qualit\u00e9 Fan du Manga de Pirates ce Tableau Imprim\u00e9 5 Panneaux est fait Pour Vous!","og_url":"https:\/\/boutique-one-piece.com\/de\/one-piece-dekorationen\/one-piece-gemalde\/one-piece-gemalde-ace-sabo-und-ruffy\/","og_site_name":"Boutique One Piece","article_modified_time":"2024-09-16T12:42:19+00:00","og_image":[{"width":1000,"height":980,"url":"https:\/\/boutique-one-piece.com\/wp-content\/uploads\/2022\/09\/Tableau-One-Piece-Ace-Sabo-et-Luffy.jpg","type":"image\/jpeg"}],"twitter_card":"summary_large_image","twitter_misc":{"Gesch\u00e4tzte Lesezeit":"4\u00a0Minuten"},"schema":{"@context":"https:\/\/schema.org","@graph":[{"@type":"WebPage","@id":"https:\/\/boutique-one-piece.com\/decorations-one-piece\/tableaux-one-piece\/tableau-one-piece-ace-sabo-et-luffy\/","url":"https:\/\/boutique-one-piece.com\/decorations-one-piece\/tableaux-one-piece\/tableau-one-piece-ace-sabo-et-luffy\/","name":"One Piece Gem\u00e4lde von Ace, Sabo und Ruffy | One Piece Shop","isPartOf":{"@id":"https:\/\/boutique-one-piece.com\/#website"},"primaryImageOfPage":{"@id":"https:\/\/boutique-one-piece.com\/decorations-one-piece\/tableaux-one-piece\/tableau-one-piece-ace-sabo-et-luffy\/#primaryimage"},"image":{"@id":"https:\/\/boutique-one-piece.com\/decorations-one-piece\/tableaux-one-piece\/tableau-one-piece-ace-sabo-et-luffy\/#primaryimage"},"thumbnailUrl":"https:\/\/boutique-one-piece.com\/wp-content\/uploads\/2022\/09\/Tableau-One-Piece-Ace-Sabo-et-Luffy.jpg","datePublished":"2022-09-27T20:43:44+00:00","dateModified":"2024-09-16T12:42:19+00:00","description":"5-teiliger One Piece Leinwanddruck mit den drei Br\u00fcdern Ruffy, Ace und Sabo \u2013 Hochwertig! Fans des Piraten-Mangas, dieser 5-teilige Leinwanddruck ist genau das Richtige f\u00fcr euch!","breadcrumb":{"@id":"https:\/\/boutique-one-piece.com\/decorations-one-piece\/tableaux-one-piece\/tableau-one-piece-ace-sabo-et-luffy\/#breadcrumb"},"inLanguage":"de","potentialAction":[{"@type":"ReadAction","target":["https:\/\/boutique-one-piece.com\/decorations-one-piece\/tableaux-one-piece\/tableau-one-piece-ace-sabo-et-luffy\/"]}]},{"@type":"ImageObject","inLanguage":"de","@id":"https:\/\/boutique-one-piece.com\/decorations-one-piece\/tableaux-one-piece\/tableau-one-piece-ace-sabo-et-luffy\/#primaryimage","url":"https:\/\/boutique-one-piece.com\/wp-content\/uploads\/2022\/09\/Tableau-One-Piece-Ace-Sabo-et-Luffy.jpg","contentUrl":"https:\/\/boutique-one-piece.com\/wp-content\/uploads\/2022\/09\/Tableau-One-Piece-Ace-Sabo-et-Luffy.jpg","width":1000,"height":980,"caption":"Tableau One Piece Ace"},{"@type":"BreadcrumbList","@id":"https:\/\/boutique-one-piece.com\/decorations-one-piece\/tableaux-one-piece\/tableau-one-piece-ace-sabo-et-luffy\/#breadcrumb","itemListElement":[{"@type":"ListItem","position":1,"name":"Home","item":"https:\/\/boutique-one-piece.com\/"},{"@type":"ListItem","position":2,"name":"Shop","item":"https:\/\/boutique-one-piece.com\/shop\/"},{"@type":"ListItem","position":3,"name":"Tableau One Piece Ace, Sabo et Luffy"}]},{"@type":"WebSite","@id":"https:\/\/boutique-one-piece.com\/#website","url":"https:\/\/boutique-one-piece.com\/","name":"One Piece Shop","description":"Fachgesch\u00e4ft f\u00fcr One Piece Manga und Anime","publisher":{"@id":"https:\/\/boutique-one-piece.com\/#organization"},"potentialAction":[{"@type":"SearchAction","target":{"@type":"EntryPoint","urlTemplate":"https:\/\/boutique-one-piece.com\/?s={search_term_string}"},"query-input":{"@type":"PropertyValueSpecification","valueRequired":true,"valueName":"search_term_string"}}],"inLanguage":"de"},{"@type":"Organization","@id":"https:\/\/boutique-one-piece.com\/#organization","name":"One Piece Shop","url":"https:\/\/boutique-one-piece.com\/","logo":{"@type":"ImageObject","inLanguage":"de","@id":"https:\/\/boutique-one-piece.com\/#\/schema\/logo\/image\/","url":"https:\/\/boutique-one-piece.com\/wp-content\/uploads\/2022\/09\/Logo-01.png","contentUrl":"https:\/\/boutique-one-piece.com\/wp-content\/uploads\/2022\/09\/Logo-01.png","width":2318,"height":957,"caption":"Boutique One Piece"},"image":{"@id":"https:\/\/boutique-one-piece.com\/#\/schema\/logo\/image\/"}}]}},"_links":{"self":[{"href":"https:\/\/boutique-one-piece.com\/de\/wp-json\/wp\/v2\/product\/11875","targetHints":{"allow":["GET"]}}],"collection":[{"href":"https:\/\/boutique-one-piece.com\/de\/wp-json\/wp\/v2\/product"}],"about":[{"href":"https:\/\/boutique-one-piece.com\/de\/wp-json\/wp\/v2\/types\/product"}],"replies":[{"embeddable":true,"href":"https:\/\/boutique-one-piece.com\/de\/wp-json\/wp\/v2\/comments?post=11875"}],"wp:featuredmedia":[{"embeddable":true,"href":"https:\/\/boutique-one-piece.com\/de\/wp-json\/wp\/v2\/media\/11877"}],"wp:attachment":[{"href":"https:\/\/boutique-one-piece.com\/de\/wp-json\/wp\/v2\/media?parent=11875"}],"wp:term":[{"taxonomy":"product_brand","embeddable":true,"href":"https:\/\/boutique-one-piece.com\/de\/wp-json\/wp\/v2\/product_brand?post=11875"},{"taxonomy":"product_cat","embeddable":true,"href":"https:\/\/boutique-one-piece.com\/de\/wp-json\/wp\/v2\/product_cat?post=11875"},{"taxonomy":"product_tag","embeddable":true,"href":"https:\/\/boutique-one-piece.com\/de\/wp-json\/wp\/v2\/product_tag?post=11875"}],"curies":[{"name":"wp","href":"https:\/\/api.w.org\/{rel}","templated":true}]}}