{"id":12232,"date":"2022-09-27T20:54:24","date_gmt":"2022-09-27T20:54:24","guid":{"rendered":"https:\/\/boutique-one-piece.com\/uncategorized\/tableau-one-piece-shanks-et-mihawk\/"},"modified":"2024-09-26T03:33:55","modified_gmt":"2024-09-26T03:33:55","slug":"ein-stuck-gemalde-von-shanks-und-mihawk","status":"publish","type":"product","link":"https:\/\/boutique-one-piece.com\/de\/one-piece-dekorationen\/one-piece-gemalde\/ein-stuck-gemalde-von-shanks-und-mihawk\/","title":{"rendered":"One Piece Gem\u00e4lde von Shanks und Mihawk"},"content":{"rendered":"<h2>One Piece 5-teiliger Leinwanddruck mit Shanks dem Roten und Dracule Mihawk, den beiden uralten Rivalen \u2013 ein hochwertiger Leinwanddruck f\u00fcr einen Piraten wie dich!<\/h2>\n<p>Wenn Sie ein\u00a0<strong>echter Pirat<\/strong>, Sie werden es zu sch\u00e4tzen wissen\u00a0<strong>Qualit\u00e4t<\/strong>\u00a0Leinwand, Farbe und ein Rahmen f\u00fcr ihre\u00a0<strong>Designs\u00a0<\/strong>Und\u00a0<strong>3D-Leinwanddruck<\/strong>\u00a0davon\u00a0<strong>One Piece 5-teiliges Gem\u00e4lde<\/strong>\u00a0Aber am wichtigsten ist, dass Sie mit dieser Grafik Teil davon sein werden\u00a0<strong>die Fan-Crew<\/strong>\u00a0von\u00a0<strong>Piraten-Manga<\/strong>\u00a0und Sie erhalten:<\/p>\n<ul>\n<li>\u00a0<strong>Bewunderung<\/strong>\u00a0aller Fans von\u00a0<strong>Mugiwara<\/strong>\u00a0die Sie zu sich nach Hause einladen werden<\/li>\n<\/ul>\n<ul>\n<li>Ein echter\u00a0<strong>5-teilige gedruckte Tabelle<\/strong>\u00a0mit dem Sie<strong>\u00a0sich vorstellen <\/strong>der Kampf zwischen<b>\u00a0<\/b>diese<b> zwei Power-Uhren<\/b>\n<\/li>\n<\/ul>\n<p>Also, bereit, die\u00a0<strong>Farben <\/strong>von<strong><\/strong>s<strong>\u00a0<\/strong><strong>zwei Br\u00fcder<\/strong>\u00a0?<\/p>\n<h2>Bist du ein Fan des One Piece Mangas oder Animes? Zeig es mit diesem 5-teiligen One Piece Leinwanddruck!<\/h2>\n<p>Wenn du\u00a0<strong>lesen<\/strong>\u00a0oder wo auch immer Sie hinschauen\u00a0<strong>der Anime\u00a0<\/strong><strong>japanisch<\/strong>, Die Wahrscheinlichkeit ist gro\u00df, dass du geworden bist\u00a0<strong>Ich bin total verr\u00fcckt nach One Piece.<\/strong>\u00a0Damit!\u00a0<strong>5-teiliges Gem\u00e4lde von Shanks und Mihawk<\/strong>, schlie\u00df dich der an\u2019<strong>Eine Gruppe von Fans der Franchise<\/strong><\/p>\n<p>Das\u00a0<strong>Malerei<\/strong>\u00a0ist verf\u00fcgbar mit einem\u00a0<strong>Holzrahmen<\/strong>\u00a0die Variante &quot;\u00ab\u00a0<strong>Mit Rahmen<\/strong>\u00abEs ist auch m\u00f6glich, nur das zu haben\u00a0<strong>Tuch<\/strong>\u00a0mit der Variante &quot;\u00ab\u00a0<strong>Rahmenlos<\/strong>\u00abDie Gr\u00f6\u00dfentabelle finden Sie in der Gr\u00f6\u00dfentabelle.\u201c\u00a0<strong>Wenig<\/strong>,<strong>\u00a0DURCHSCHNITT<\/strong>,<strong>\u00a0Gro\u00df<\/strong>,<strong>\u00a0XL<\/strong>, Es eignet sich f\u00fcr alle Arten von Piraten, auch wenn man keine hat\u00a0<strong>Schwert<\/strong>\u00a0oder\u00a0<strong>Teufelsfrucht<\/strong>\u00a0Man kann es immer noch stolz zu Hause aufh\u00e4ngen<\/p>\n<p>Auf dieser <strong>f\u00fcnfteiliges Gem\u00e4lde<\/strong>, <strong>Shanks der Rote<\/strong> Und <strong>Dracule Mihawk<\/strong> Oder <strong>Falkenauge<\/strong> Sie stehen nebeneinander. Die von ihnen ausgehende Kraft ist sp\u00fcrbar. <strong>bester Schwertk\u00e4mpfer<\/strong>\u00a0der Welt und einer der vier <strong>Kaiser<\/strong><\/p>\n<h2>Informationen zum Gem\u00e4lde:<\/h2>\n<ul>\n<li>\n<strong>Hochwertige bedruckte Leinwand\u00a0<\/strong>: Wandbild aus <strong>Baumwolle<\/strong> Und <strong>Leinen<\/strong>, um ein <strong>Tuch<\/strong> des Namens w\u00fcrdig<\/li>\n<\/ul>\n<ul>\n<li>\n<strong>Ultra Design Malerei<\/strong>\u00a0Die f\u00fcnfteilige Tabelle bietet eine Menge Informationen. <strong>Stil<\/strong> zu einem <strong>St\u00fcck<\/strong>, Die Fans k\u00f6nnen nicht anders, als es zu lieben.<\/li>\n<\/ul>\n<ul style=\"font-weight: 400\">\n<li>\n<strong>Farbe und Druck\u00a0<\/strong>One Piece Gem\u00e4lde mit einem Druck <strong>Canva<\/strong> der Ma\u00dfstab im Leinwanddruck<\/li>\n<\/ul>\n<ul style=\"font-weight: 400\">\n<li>\n<strong>Leichte Wandkunst<\/strong>\u00a0Tolle Lage <strong>Licht,<\/strong> Es braucht nur einen <strong>Nagel<\/strong> oder von <strong>festes Bein<\/strong> f\u00fcr die <strong>pflegen<\/strong> Bei <strong>Wand<\/strong>\n<\/li>\n<\/ul>\n<ul style=\"font-weight: 400\">\n<li>\n<strong>Holzrahmen<\/strong>\u00a0: die Variante &quot;\u00ab\u00a0<strong>Mit Rahmen<\/strong>\u00a0\u00bb wird begleitet von einem <strong>Holzrahmen<\/strong> und die Version &quot;\u00ab\u00a0<strong>Rahmenlos<\/strong>\u00a0\u00bb wird geliefert <strong>ohne den Holzrahmen<\/strong>\n<\/li>\n<\/ul>\n<ul style=\"font-weight: 400\">\n<li>\n<strong>Kostenloser Versand\u00a0<\/strong>f\u00fcr jeden Kauf<strong>\u00a0<\/strong>\n<\/li>\n<\/ul>\n<h3>Vergessen Sie nicht, einen Blick auf die unten stehende Gr\u00f6\u00dfentabelle zu werfen.<\/h3>\n<h2>\n<strong style=\"font-size: 15px\">One Piece 5-teiliges Gem\u00e4lde<\/strong><span style=\"font-size: 15px\">,<\/span><strong style=\"font-size: 15px\"> <\/strong><span style=\"font-size: 15px\">Gr\u00f6\u00dfe<\/span><strong style=\"font-size: 15px\"> <\/strong><span style=\"font-size: 15px\">: <\/span><strong style=\"font-size: 15px\">Wenig<\/strong><br \/>\n<\/h2>\n<p>\u00a0<img decoding=\"async\" src=\"https:\/\/cdn.shopify.com\/s\/files\/1\/0087\/7556\/5348\/files\/guide_taille_tableau_one_piece_petit_boutique_one_piece_large.jpg?v=1560247451\" alt=\"Gr\u00f6\u00dfenratgeber f\u00fcr 5-teilige Sets (Klein)\"><\/p>\n<p><strong>One Piece 5-teiliges Gem\u00e4lde<\/strong>, Gr\u00f6\u00dfe<strong> <\/strong>:<strong> DURCHSCHNITT<\/strong><\/p>\n<p>\u00a0<img decoding=\"async\" src=\"https:\/\/cdn.shopify.com\/s\/files\/1\/0087\/7556\/5348\/files\/guide_taille_tableau_one_piece_moyen_boutique_one_piece_large.jpg?v=1560247519\" alt=\"Gr\u00f6\u00dfentabelle (1 St\u00fcck, 5 St\u00fcck) Medium\"><\/p>\n<p><strong>One Piece 5-teiliges Gem\u00e4lde<\/strong>, Gr\u00f6\u00dfe<strong> <\/strong>: <strong>Gro\u00df<\/strong><\/p>\n<p>\u00a0<img decoding=\"async\" src=\"https:\/\/cdn.shopify.com\/s\/files\/1\/0087\/7556\/5348\/files\/guide_taille_tableau_one_piece_grand_boutique_one_piece_large.jpg?v=1560247582\" alt=\"One Piece 5-teilige Gr\u00f6\u00dfentabelle (gro\u00df)\"><\/p>\n<p><strong>One Piece 5-teiliges Gem\u00e4lde<\/strong>, Gr\u00f6\u00dfe: <strong>XL<\/strong><\/p>\n<p><img decoding=\"async\" src=\"https:\/\/cdn.shopify.com\/s\/files\/1\/0087\/7556\/5348\/files\/guide_taille_tableau_one_piece_xl_boutique_one_piece_large.jpg?v=1560247610\" alt=\"One Piece 5-teilige XL Gr\u00f6\u00dfentabelle\"><\/p>","protected":false},"excerpt":{"rendered":"<p>One Piece 5-teiliger Leinwanddruck mit Shanks dem Roten und Dracule Mihawk, den beiden uralten Rivalen. Ein hochwertiger Leinwanddruck f\u00fcr einen echten Piraten wie dich! Als waschechter Pirat wirst du die Qualit\u00e4t der Leinwand, der Farben und des Rahmens sowie den 3D-Druck dieses 5-teiligen One Piece Leinwanddrucks zu sch\u00e4tzen wissen! Aber vor allem wirst du mit diesem Leinwanddruck [\u2026]<\/p>","protected":false},"featured_media":12234,"comment_status":"open","ping_status":"open","template":"","meta":[],"product_brand":[],"product_cat":[141],"product_tag":[272,127,142,143],"class_list":{"0":"post-12232","1":"product","2":"type-product","3":"status-publish","4":"has-post-thumbnail","6":"product_cat-tableaux-one-piece","7":"product_tag-mihawk","8":"product_tag-shanks","9":"product_tag-tableau-5-pieces","10":"product_tag-toile","12":"first","13":"instock","14":"purchasable","15":"product-type-variable"},"yoast_head":"<!-- This site is optimized with the Yoast SEO plugin v27.5 - https:\/\/yoast.com\/product\/yoast-seo-wordpress\/ -->\n<title>Tableau Cinq Pi\u00e8ces Shanks et Mihawk | Boutique One Piece<\/title>\n<meta name=\"description\" content=\"Tableau 5 Pi\u00e8ces avec L&#039;empreur Shanks le Roux et Le Corssaire Dracule Mihawk de Tr\u00e8s Haute Qualit\u00e9 : Fan de One Piece ce Tableau 5 Panneaux est Fait Pour Vous!\" \/>\n<meta name=\"robots\" content=\"index, follow, max-snippet:-1, max-image-preview:large, max-video-preview:-1\" \/>\n<link rel=\"canonical\" href=\"https:\/\/boutique-one-piece.com\/de\/one-piece-dekorationen\/one-piece-gemalde\/ein-stuck-gemalde-von-shanks-und-mihawk\/\" \/>\n<meta property=\"og:locale\" content=\"de_DE\" \/>\n<meta property=\"og:type\" content=\"article\" \/>\n<meta property=\"og:title\" content=\"Tableau Cinq Pi\u00e8ces Shanks et Mihawk | Boutique One Piece\" \/>\n<meta property=\"og:description\" content=\"Tableau 5 Pi\u00e8ces avec L&#039;empreur Shanks le Roux et Le Corssaire Dracule Mihawk de Tr\u00e8s Haute Qualit\u00e9 : Fan de One Piece ce Tableau 5 Panneaux est Fait Pour Vous!\" \/>\n<meta property=\"og:url\" content=\"https:\/\/boutique-one-piece.com\/de\/one-piece-dekorationen\/one-piece-gemalde\/ein-stuck-gemalde-von-shanks-und-mihawk\/\" \/>\n<meta property=\"og:site_name\" content=\"Boutique One Piece\" \/>\n<meta property=\"article:modified_time\" content=\"2024-09-26T03:33:55+00:00\" \/>\n<meta property=\"og:image\" content=\"https:\/\/boutique-one-piece.com\/wp-content\/uploads\/2022\/09\/Tableau-One-Piece-Shanks-et-Mihawk.jpg\" \/>\n\t<meta property=\"og:image:width\" content=\"600\" \/>\n\t<meta property=\"og:image:height\" content=\"600\" \/>\n\t<meta property=\"og:image:type\" content=\"image\/jpeg\" \/>\n<meta name=\"twitter:card\" content=\"summary_large_image\" \/>\n<meta name=\"twitter:label1\" content=\"Gesch\u00e4tzte Lesezeit\" \/>\n\t<meta name=\"twitter:data1\" content=\"4\u00a0Minuten\" \/>\n<script type=\"application\/ld+json\" class=\"yoast-schema-graph\">{\"@context\":\"https:\\\/\\\/schema.org\",\"@graph\":[{\"@type\":\"WebPage\",\"@id\":\"https:\\\/\\\/boutique-one-piece.com\\\/decorations-one-piece\\\/tableaux-one-piece\\\/tableau-one-piece-shanks-et-mihawk\\\/\",\"url\":\"https:\\\/\\\/boutique-one-piece.com\\\/decorations-one-piece\\\/tableaux-one-piece\\\/tableau-one-piece-shanks-et-mihawk\\\/\",\"name\":\"Tableau Cinq Pi\u00e8ces Shanks et Mihawk | Boutique One Piece\",\"isPartOf\":{\"@id\":\"https:\\\/\\\/boutique-one-piece.com\\\/#website\"},\"primaryImageOfPage\":{\"@id\":\"https:\\\/\\\/boutique-one-piece.com\\\/decorations-one-piece\\\/tableaux-one-piece\\\/tableau-one-piece-shanks-et-mihawk\\\/#primaryimage\"},\"image\":{\"@id\":\"https:\\\/\\\/boutique-one-piece.com\\\/decorations-one-piece\\\/tableaux-one-piece\\\/tableau-one-piece-shanks-et-mihawk\\\/#primaryimage\"},\"thumbnailUrl\":\"https:\\\/\\\/boutique-one-piece.com\\\/wp-content\\\/uploads\\\/2022\\\/09\\\/Tableau-One-Piece-Shanks-et-Mihawk.jpg\",\"datePublished\":\"2022-09-27T20:54:24+00:00\",\"dateModified\":\"2024-09-26T03:33:55+00:00\",\"description\":\"Tableau 5 Pi\u00e8ces avec L'empreur Shanks le Roux et Le Corssaire Dracule Mihawk de Tr\u00e8s Haute Qualit\u00e9 : Fan de One Piece ce Tableau 5 Panneaux est Fait Pour Vous!\",\"breadcrumb\":{\"@id\":\"https:\\\/\\\/boutique-one-piece.com\\\/decorations-one-piece\\\/tableaux-one-piece\\\/tableau-one-piece-shanks-et-mihawk\\\/#breadcrumb\"},\"inLanguage\":\"de\",\"potentialAction\":[{\"@type\":\"ReadAction\",\"target\":[\"https:\\\/\\\/boutique-one-piece.com\\\/decorations-one-piece\\\/tableaux-one-piece\\\/tableau-one-piece-shanks-et-mihawk\\\/\"]}]},{\"@type\":\"ImageObject\",\"inLanguage\":\"de\",\"@id\":\"https:\\\/\\\/boutique-one-piece.com\\\/decorations-one-piece\\\/tableaux-one-piece\\\/tableau-one-piece-shanks-et-mihawk\\\/#primaryimage\",\"url\":\"https:\\\/\\\/boutique-one-piece.com\\\/wp-content\\\/uploads\\\/2022\\\/09\\\/Tableau-One-Piece-Shanks-et-Mihawk.jpg\",\"contentUrl\":\"https:\\\/\\\/boutique-one-piece.com\\\/wp-content\\\/uploads\\\/2022\\\/09\\\/Tableau-One-Piece-Shanks-et-Mihawk.jpg\",\"width\":600,\"height\":600,\"caption\":\"Tableau One Piece Shanks et Mihawk XL Avec Cadre\"},{\"@type\":\"BreadcrumbList\",\"@id\":\"https:\\\/\\\/boutique-one-piece.com\\\/decorations-one-piece\\\/tableaux-one-piece\\\/tableau-one-piece-shanks-et-mihawk\\\/#breadcrumb\",\"itemListElement\":[{\"@type\":\"ListItem\",\"position\":1,\"name\":\"Home\",\"item\":\"https:\\\/\\\/boutique-one-piece.com\\\/\"},{\"@type\":\"ListItem\",\"position\":2,\"name\":\"Shop\",\"item\":\"https:\\\/\\\/boutique-one-piece.com\\\/shop\\\/\"},{\"@type\":\"ListItem\",\"position\":3,\"name\":\"Tableau One Piece Shanks et Mihawk\"}]},{\"@type\":\"WebSite\",\"@id\":\"https:\\\/\\\/boutique-one-piece.com\\\/#website\",\"url\":\"https:\\\/\\\/boutique-one-piece.com\\\/\",\"name\":\"Boutique One Piece\",\"description\":\"Magasin Sp\u00e9cialis\u00e9 du Manga et l&#039;Anime One Piece\",\"publisher\":{\"@id\":\"https:\\\/\\\/boutique-one-piece.com\\\/#organization\"},\"potentialAction\":[{\"@type\":\"SearchAction\",\"target\":{\"@type\":\"EntryPoint\",\"urlTemplate\":\"https:\\\/\\\/boutique-one-piece.com\\\/?s={search_term_string}\"},\"query-input\":{\"@type\":\"PropertyValueSpecification\",\"valueRequired\":true,\"valueName\":\"search_term_string\"}}],\"inLanguage\":\"de\"},{\"@type\":\"Organization\",\"@id\":\"https:\\\/\\\/boutique-one-piece.com\\\/#organization\",\"name\":\"Boutique One Piece\",\"url\":\"https:\\\/\\\/boutique-one-piece.com\\\/\",\"logo\":{\"@type\":\"ImageObject\",\"inLanguage\":\"de\",\"@id\":\"https:\\\/\\\/boutique-one-piece.com\\\/#\\\/schema\\\/logo\\\/image\\\/\",\"url\":\"https:\\\/\\\/boutique-one-piece.com\\\/wp-content\\\/uploads\\\/2022\\\/09\\\/Logo-01.png\",\"contentUrl\":\"https:\\\/\\\/boutique-one-piece.com\\\/wp-content\\\/uploads\\\/2022\\\/09\\\/Logo-01.png\",\"width\":2318,\"height\":957,\"caption\":\"Boutique One Piece\"},\"image\":{\"@id\":\"https:\\\/\\\/boutique-one-piece.com\\\/#\\\/schema\\\/logo\\\/image\\\/\"}}]}<\/script>\n<!-- \/ Yoast SEO plugin. -->","yoast_head_json":{"title":"F\u00fcnfteiliges Shanks- und Mihawk-Gem\u00e4lde | One Piece Shop","description":"5-teiliger Leinwanddruck mit Kaiser Shanks dem Roten und Kriegsherr Dracule Mihawk \u2013 Sehr hohe Qualit\u00e4t: One Piece-Fan, dieser 5-teilige Leinwanddruck ist genau das Richtige f\u00fcr Sie!","robots":{"index":"index","follow":"follow","max-snippet":"max-snippet:-1","max-image-preview":"max-image-preview:large","max-video-preview":"max-video-preview:-1"},"canonical":"https:\/\/boutique-one-piece.com\/de\/one-piece-dekorationen\/one-piece-gemalde\/ein-stuck-gemalde-von-shanks-und-mihawk\/","og_locale":"de_DE","og_type":"article","og_title":"Tableau Cinq Pi\u00e8ces Shanks et Mihawk | Boutique One Piece","og_description":"Tableau 5 Pi\u00e8ces avec L'empreur Shanks le Roux et Le Corssaire Dracule Mihawk de Tr\u00e8s Haute Qualit\u00e9 : Fan de One Piece ce Tableau 5 Panneaux est Fait Pour Vous!","og_url":"https:\/\/boutique-one-piece.com\/de\/one-piece-dekorationen\/one-piece-gemalde\/ein-stuck-gemalde-von-shanks-und-mihawk\/","og_site_name":"Boutique One Piece","article_modified_time":"2024-09-26T03:33:55+00:00","og_image":[{"width":600,"height":600,"url":"https:\/\/boutique-one-piece.com\/wp-content\/uploads\/2022\/09\/Tableau-One-Piece-Shanks-et-Mihawk.jpg","type":"image\/jpeg"}],"twitter_card":"summary_large_image","twitter_misc":{"Gesch\u00e4tzte Lesezeit":"4\u00a0Minuten"},"schema":{"@context":"https:\/\/schema.org","@graph":[{"@type":"WebPage","@id":"https:\/\/boutique-one-piece.com\/decorations-one-piece\/tableaux-one-piece\/tableau-one-piece-shanks-et-mihawk\/","url":"https:\/\/boutique-one-piece.com\/decorations-one-piece\/tableaux-one-piece\/tableau-one-piece-shanks-et-mihawk\/","name":"F\u00fcnfteiliges Shanks- und Mihawk-Gem\u00e4lde | One Piece Shop","isPartOf":{"@id":"https:\/\/boutique-one-piece.com\/#website"},"primaryImageOfPage":{"@id":"https:\/\/boutique-one-piece.com\/decorations-one-piece\/tableaux-one-piece\/tableau-one-piece-shanks-et-mihawk\/#primaryimage"},"image":{"@id":"https:\/\/boutique-one-piece.com\/decorations-one-piece\/tableaux-one-piece\/tableau-one-piece-shanks-et-mihawk\/#primaryimage"},"thumbnailUrl":"https:\/\/boutique-one-piece.com\/wp-content\/uploads\/2022\/09\/Tableau-One-Piece-Shanks-et-Mihawk.jpg","datePublished":"2022-09-27T20:54:24+00:00","dateModified":"2024-09-26T03:33:55+00:00","description":"5-teiliger Leinwanddruck mit Kaiser Shanks dem Roten und Kriegsherr Dracule Mihawk \u2013 Sehr hohe Qualit\u00e4t: One Piece-Fan, dieser 5-teilige Leinwanddruck ist genau das Richtige f\u00fcr Sie!","breadcrumb":{"@id":"https:\/\/boutique-one-piece.com\/decorations-one-piece\/tableaux-one-piece\/tableau-one-piece-shanks-et-mihawk\/#breadcrumb"},"inLanguage":"de","potentialAction":[{"@type":"ReadAction","target":["https:\/\/boutique-one-piece.com\/decorations-one-piece\/tableaux-one-piece\/tableau-one-piece-shanks-et-mihawk\/"]}]},{"@type":"ImageObject","inLanguage":"de","@id":"https:\/\/boutique-one-piece.com\/decorations-one-piece\/tableaux-one-piece\/tableau-one-piece-shanks-et-mihawk\/#primaryimage","url":"https:\/\/boutique-one-piece.com\/wp-content\/uploads\/2022\/09\/Tableau-One-Piece-Shanks-et-Mihawk.jpg","contentUrl":"https:\/\/boutique-one-piece.com\/wp-content\/uploads\/2022\/09\/Tableau-One-Piece-Shanks-et-Mihawk.jpg","width":600,"height":600,"caption":"Tableau One Piece Shanks et Mihawk XL Avec Cadre"},{"@type":"BreadcrumbList","@id":"https:\/\/boutique-one-piece.com\/decorations-one-piece\/tableaux-one-piece\/tableau-one-piece-shanks-et-mihawk\/#breadcrumb","itemListElement":[{"@type":"ListItem","position":1,"name":"Home","item":"https:\/\/boutique-one-piece.com\/"},{"@type":"ListItem","position":2,"name":"Shop","item":"https:\/\/boutique-one-piece.com\/shop\/"},{"@type":"ListItem","position":3,"name":"Tableau One Piece Shanks et Mihawk"}]},{"@type":"WebSite","@id":"https:\/\/boutique-one-piece.com\/#website","url":"https:\/\/boutique-one-piece.com\/","name":"One Piece Shop","description":"Fachgesch\u00e4ft f\u00fcr One Piece Manga und Anime","publisher":{"@id":"https:\/\/boutique-one-piece.com\/#organization"},"potentialAction":[{"@type":"SearchAction","target":{"@type":"EntryPoint","urlTemplate":"https:\/\/boutique-one-piece.com\/?s={search_term_string}"},"query-input":{"@type":"PropertyValueSpecification","valueRequired":true,"valueName":"search_term_string"}}],"inLanguage":"de"},{"@type":"Organization","@id":"https:\/\/boutique-one-piece.com\/#organization","name":"One Piece Shop","url":"https:\/\/boutique-one-piece.com\/","logo":{"@type":"ImageObject","inLanguage":"de","@id":"https:\/\/boutique-one-piece.com\/#\/schema\/logo\/image\/","url":"https:\/\/boutique-one-piece.com\/wp-content\/uploads\/2022\/09\/Logo-01.png","contentUrl":"https:\/\/boutique-one-piece.com\/wp-content\/uploads\/2022\/09\/Logo-01.png","width":2318,"height":957,"caption":"Boutique One Piece"},"image":{"@id":"https:\/\/boutique-one-piece.com\/#\/schema\/logo\/image\/"}}]}},"_links":{"self":[{"href":"https:\/\/boutique-one-piece.com\/de\/wp-json\/wp\/v2\/product\/12232","targetHints":{"allow":["GET"]}}],"collection":[{"href":"https:\/\/boutique-one-piece.com\/de\/wp-json\/wp\/v2\/product"}],"about":[{"href":"https:\/\/boutique-one-piece.com\/de\/wp-json\/wp\/v2\/types\/product"}],"replies":[{"embeddable":true,"href":"https:\/\/boutique-one-piece.com\/de\/wp-json\/wp\/v2\/comments?post=12232"}],"wp:featuredmedia":[{"embeddable":true,"href":"https:\/\/boutique-one-piece.com\/de\/wp-json\/wp\/v2\/media\/12234"}],"wp:attachment":[{"href":"https:\/\/boutique-one-piece.com\/de\/wp-json\/wp\/v2\/media?parent=12232"}],"wp:term":[{"taxonomy":"product_brand","embeddable":true,"href":"https:\/\/boutique-one-piece.com\/de\/wp-json\/wp\/v2\/product_brand?post=12232"},{"taxonomy":"product_cat","embeddable":true,"href":"https:\/\/boutique-one-piece.com\/de\/wp-json\/wp\/v2\/product_cat?post=12232"},{"taxonomy":"product_tag","embeddable":true,"href":"https:\/\/boutique-one-piece.com\/de\/wp-json\/wp\/v2\/product_tag?post=12232"}],"curies":[{"name":"wp","href":"https:\/\/api.w.org\/{rel}","templated":true}]}}