{"id":12332,"date":"2022-09-27T20:55:08","date_gmt":"2022-09-27T20:55:08","guid":{"rendered":"https:\/\/boutique-one-piece.com\/uncategorized\/figurine-pop-zoro-bras-droit-de-luffy\/"},"modified":"2026-01-29T07:18:19","modified_gmt":"2026-01-29T07:18:19","slug":"zoro-pop-figur-ruffys-rechter-arm","status":"publish","type":"product","link":"https:\/\/boutique-one-piece.com\/de\/one-piece-figuren\/zoro-pop-figur-ruffys-rechter-arm\/","title":{"rendered":"Pop! Figur Zoro, Ruffys rechter Arm"},"content":{"rendered":"<h2>Junges Mitglied der Strohhutbande, es ist an der Zeit, dass du dir diese Pop-Figur von Zoro Luffys rechtem Arm holst.<\/h2>\n<p>Hier ist, was Sie \u00fcber ihn wissen m\u00fcssen; ; <strong> Zoro<\/strong> war das erste Mitglied, das der Strohhutbande beitrat, er ist der <strong>erster und wichtigster Schwertk\u00e4mpfer<\/strong>. Sein Ziel ist es, der beste Schwertk\u00e4mpfer der Welt zu werden, und er hat einen eisernen Willen bewiesen, um dies zu erreichen.<\/p>\n<p>Er ist ein meisterhafter Schwertk\u00e4mpfer, der verschiedene Kampfstile beherrscht, wobei die Anzahl der Schwerter, die er f\u00fchrt, sein besonderes Merkmal ist. Seine Kampff\u00e4higkeiten sind so beeindruckend, dass Au\u00dfenstehende manchmal den Eindruck gewinnen, er sei der wahre Kapit\u00e4n.<\/p>\n<p>Wenn Sie au\u00dferdem ein besonderer Fan der Figur Zoro sind, <a title=\"ONE PIECE FIGUR ZORO UND SEINE S\u00c4BEL\" href=\"https:\/\/boutique-one-piece.com\/de\/figurine-one-piece-%20zoro-et-ses-sabres\/\" target=\"_blank\" rel=\"noopener\" class=\"broken_link\">Figur, auf der er mit seinen 3 Schwertern dargestellt ist<\/a> Es ist zum Greifen nah. Um auf Zoro und seine Beziehung zu Ruffy zur\u00fcckzukommen: Zoro vertraut Ruffy bedingungslos und folgt dessen Entscheidungen stets, ungeachtet der Konsequenzen. Er erkennt an, dass es sich um Entscheidungen des Kapit\u00e4ns handelt, die die Crew ohne Widerspruch umsetzen muss.<\/p>\n<h3>Also, hat dich die Zoro-Popfigur \u00fcberzeugt? Wenn ja, dann z\u00f6gere nicht l\u00e4nger und nutze die Gelegenheit, der Crew der Thousand Sunny beizutreten.<\/h3>\n<p>Ob langj\u00e4hriger Fan oder erfahrener Sammler \u2013 suchen Sie nicht weiter, diese Artikel sind genau das Richtige f\u00fcr Sie. Sie eignen sich perfekt zum Verschenken, Dekorieren oder f\u00fcr Ihre Sammlung und werden Ihren Stil aufwerten. <strong>dein One Piece Universum<\/strong>. Nimm dein Schicksal selbst in die Hand. <strong>junger Pirat<\/strong> und erlebte viele Abenteuer, jedes aufregender als das vorherige.<\/p>\n<h2>Informationen zur Pop! Zoro-Figur, Luffys rechter Arm\u00a0<\/h2>\n<ul>\n<li><span><b><u>One Piece Figur<\/u><\/b>\u00a0Premium One Piece-Figur f\u00fcr echte Piraten<\/span><\/li>\n<\/ul>\n<ul>\n<li>\n<b>Gegenstand<\/b><span>\u00a0<\/span>PVC<\/li>\n<\/ul>\n<ul>\n<li><span><strong>Dimension<\/strong>\u00a0: 10 cm<\/span><\/li>\n<\/ul>\n<ul>\n<li><span><strong>KOSTENLOSE LIEFERUNG<\/strong><\/span><\/li>\n<\/ul>","protected":false},"excerpt":{"rendered":"<p>Junges Mitglied der Strohhutbande, es ist soweit! Hol dir jetzt diese Zoro Pop!-Figur, Ruffys rechte Hand. Hier sind die wichtigsten Infos zu ihm: Zoro war das erste Mitglied der Strohhutbande und ist ihr erster und wichtigster Schwertk\u00e4mpfer. [\u2026]<\/p>","protected":false},"featured_media":12334,"comment_status":"open","ping_status":"open","template":"","meta":[],"product_brand":[],"product_cat":[76,334,162,151],"product_tag":[335,113],"class_list":{"0":"post-12332","1":"product","2":"type-product","3":"status-publish","4":"has-post-thumbnail","6":"product_cat-figurines-one-piece","7":"product_cat-figurines-pop-one-piece","8":"product_cat-figurines-roronoa-zoro","9":"product_cat-goodies-roronoa-zoro-one-piece","10":"product_tag-figurine-pop","11":"product_tag-zoro","13":"first","14":"instock","15":"purchasable","16":"product-type-simple"},"yoast_head":"<!-- This site is optimized with the Yoast SEO plugin v27.5 - https:\/\/yoast.com\/product\/yoast-seo-wordpress\/ -->\n<title>Figurine Pop Zoro Bras Droit De Luffy | Figurine One Piece \u2013 Boutique One Piece<\/title>\n<meta name=\"description\" content=\"Jeune membre de l&#039;\u00e9quipage de Chapeau de paille, le moment est venu pour toi de te procurer cette Figurine Pop Zoro Bras Droit De Luffy. Voici ce que tu dois savoir \u00e0 son sujet ; Zoro fut le premier membre \u00e0 rejoindre l&#039;\u00c9quipage du Chapeau de Paille, il en est le premier et principal \u00e9p\u00e9iste. Son ambition est de deveni\" \/>\n<meta name=\"robots\" content=\"index, follow, max-snippet:-1, max-image-preview:large, max-video-preview:-1\" \/>\n<link rel=\"canonical\" href=\"https:\/\/boutique-one-piece.com\/de\/one-piece-figuren\/zoro-pop-figur-ruffys-rechter-arm\/\" \/>\n<meta property=\"og:locale\" content=\"de_DE\" \/>\n<meta property=\"og:type\" content=\"article\" \/>\n<meta property=\"og:title\" content=\"Figurine Pop Zoro Bras Droit De Luffy | Figurine One Piece \u2013 Boutique One Piece\" \/>\n<meta property=\"og:description\" content=\"Jeune membre de l&#039;\u00e9quipage de Chapeau de paille, le moment est venu pour toi de te procurer cette Figurine Pop Zoro Bras Droit De Luffy. Voici ce que tu dois savoir \u00e0 son sujet ; Zoro fut le premier membre \u00e0 rejoindre l&#039;\u00c9quipage du Chapeau de Paille, il en est le premier et principal \u00e9p\u00e9iste. Son ambition est de deveni\" \/>\n<meta property=\"og:url\" content=\"https:\/\/boutique-one-piece.com\/de\/one-piece-figuren\/zoro-pop-figur-ruffys-rechter-arm\/\" \/>\n<meta property=\"og:site_name\" content=\"Boutique One Piece\" \/>\n<meta property=\"article:modified_time\" content=\"2026-01-29T07:18:19+00:00\" \/>\n<meta property=\"og:image\" content=\"https:\/\/boutique-one-piece.com\/wp-content\/uploads\/2022\/09\/Figurine-Pop-Zoro-Bras-Droit-De-Luffy.jpg\" \/>\n\t<meta property=\"og:image:width\" content=\"640\" \/>\n\t<meta property=\"og:image:height\" content=\"640\" \/>\n\t<meta property=\"og:image:type\" content=\"image\/jpeg\" \/>\n<meta name=\"twitter:card\" content=\"summary_large_image\" \/>\n<meta name=\"twitter:label1\" content=\"Gesch\u00e4tzte Lesezeit\" \/>\n\t<meta name=\"twitter:data1\" content=\"2\u00a0Minuten\" \/>\n<script type=\"application\/ld+json\" class=\"yoast-schema-graph\">{\"@context\":\"https:\\\/\\\/schema.org\",\"@graph\":[{\"@type\":\"WebPage\",\"@id\":\"https:\\\/\\\/boutique-one-piece.com\\\/figurines-one-piece\\\/figurine-pop-zoro-bras-droit-de-luffy\\\/\",\"url\":\"https:\\\/\\\/boutique-one-piece.com\\\/figurines-one-piece\\\/figurine-pop-zoro-bras-droit-de-luffy\\\/\",\"name\":\"Figurine Pop Zoro Bras Droit De Luffy | Figurine One Piece \u2013 Boutique One Piece\",\"isPartOf\":{\"@id\":\"https:\\\/\\\/boutique-one-piece.com\\\/#website\"},\"primaryImageOfPage\":{\"@id\":\"https:\\\/\\\/boutique-one-piece.com\\\/figurines-one-piece\\\/figurine-pop-zoro-bras-droit-de-luffy\\\/#primaryimage\"},\"image\":{\"@id\":\"https:\\\/\\\/boutique-one-piece.com\\\/figurines-one-piece\\\/figurine-pop-zoro-bras-droit-de-luffy\\\/#primaryimage\"},\"thumbnailUrl\":\"https:\\\/\\\/boutique-one-piece.com\\\/wp-content\\\/uploads\\\/2022\\\/09\\\/Figurine-Pop-Zoro-Bras-Droit-De-Luffy.jpg\",\"datePublished\":\"2022-09-27T20:55:08+00:00\",\"dateModified\":\"2026-01-29T07:18:19+00:00\",\"description\":\"Jeune membre de l'\u00e9quipage de Chapeau de paille, le moment est venu pour toi de te procurer cette Figurine Pop Zoro Bras Droit De Luffy. Voici ce que tu dois savoir \u00e0 son sujet ; Zoro fut le premier membre \u00e0 rejoindre l'\u00c9quipage du Chapeau de Paille, il en est le premier et principal \u00e9p\u00e9iste. Son ambition est de deveni\",\"breadcrumb\":{\"@id\":\"https:\\\/\\\/boutique-one-piece.com\\\/figurines-one-piece\\\/figurine-pop-zoro-bras-droit-de-luffy\\\/#breadcrumb\"},\"inLanguage\":\"de\",\"potentialAction\":[{\"@type\":\"ReadAction\",\"target\":[\"https:\\\/\\\/boutique-one-piece.com\\\/figurines-one-piece\\\/figurine-pop-zoro-bras-droit-de-luffy\\\/\"]}]},{\"@type\":\"ImageObject\",\"inLanguage\":\"de\",\"@id\":\"https:\\\/\\\/boutique-one-piece.com\\\/figurines-one-piece\\\/figurine-pop-zoro-bras-droit-de-luffy\\\/#primaryimage\",\"url\":\"https:\\\/\\\/boutique-one-piece.com\\\/wp-content\\\/uploads\\\/2022\\\/09\\\/Figurine-Pop-Zoro-Bras-Droit-De-Luffy.jpg\",\"contentUrl\":\"https:\\\/\\\/boutique-one-piece.com\\\/wp-content\\\/uploads\\\/2022\\\/09\\\/Figurine-Pop-Zoro-Bras-Droit-De-Luffy.jpg\",\"width\":640,\"height\":640,\"caption\":\"Figurine Pop Zoro Bras Droit De Luffy Default Title\"},{\"@type\":\"BreadcrumbList\",\"@id\":\"https:\\\/\\\/boutique-one-piece.com\\\/figurines-one-piece\\\/figurine-pop-zoro-bras-droit-de-luffy\\\/#breadcrumb\",\"itemListElement\":[{\"@type\":\"ListItem\",\"position\":1,\"name\":\"Home\",\"item\":\"https:\\\/\\\/boutique-one-piece.com\\\/\"},{\"@type\":\"ListItem\",\"position\":2,\"name\":\"Shop\",\"item\":\"https:\\\/\\\/boutique-one-piece.com\\\/shop\\\/\"},{\"@type\":\"ListItem\",\"position\":3,\"name\":\"Figurine Pop Zoro Bras Droit De Luffy\"}]},{\"@type\":\"WebSite\",\"@id\":\"https:\\\/\\\/boutique-one-piece.com\\\/#website\",\"url\":\"https:\\\/\\\/boutique-one-piece.com\\\/\",\"name\":\"Boutique One Piece\",\"description\":\"Magasin Sp\u00e9cialis\u00e9 du Manga et l&#039;Anime One Piece\",\"publisher\":{\"@id\":\"https:\\\/\\\/boutique-one-piece.com\\\/#organization\"},\"potentialAction\":[{\"@type\":\"SearchAction\",\"target\":{\"@type\":\"EntryPoint\",\"urlTemplate\":\"https:\\\/\\\/boutique-one-piece.com\\\/?s={search_term_string}\"},\"query-input\":{\"@type\":\"PropertyValueSpecification\",\"valueRequired\":true,\"valueName\":\"search_term_string\"}}],\"inLanguage\":\"de\"},{\"@type\":\"Organization\",\"@id\":\"https:\\\/\\\/boutique-one-piece.com\\\/#organization\",\"name\":\"Boutique One Piece\",\"url\":\"https:\\\/\\\/boutique-one-piece.com\\\/\",\"logo\":{\"@type\":\"ImageObject\",\"inLanguage\":\"de\",\"@id\":\"https:\\\/\\\/boutique-one-piece.com\\\/#\\\/schema\\\/logo\\\/image\\\/\",\"url\":\"https:\\\/\\\/boutique-one-piece.com\\\/wp-content\\\/uploads\\\/2022\\\/09\\\/Logo-01.png\",\"contentUrl\":\"https:\\\/\\\/boutique-one-piece.com\\\/wp-content\\\/uploads\\\/2022\\\/09\\\/Logo-01.png\",\"width\":2318,\"height\":957,\"caption\":\"Boutique One Piece\"},\"image\":{\"@id\":\"https:\\\/\\\/boutique-one-piece.com\\\/#\\\/schema\\\/logo\\\/image\\\/\"}}]}<\/script>\n<!-- \/ Yoast SEO plugin. -->","yoast_head_json":{"title":"Pop-Figur Zoro \u2013 Rechter Arm von Ruffy | One Piece Figur \u2013 One Piece Shop","description":"Junges Mitglied der Strohhutbande, es ist soweit! Hol dir jetzt diese Zoro Pop!-Figur, Ruffys rechte Hand. Hier sind ein paar Infos zu ihm: Zoro war das erste Mitglied der Strohhutbande und ist ihr erster und wichtigster Schwertk\u00e4mpfer. Sein Ziel ist es, \u2026","robots":{"index":"index","follow":"follow","max-snippet":"max-snippet:-1","max-image-preview":"max-image-preview:large","max-video-preview":"max-video-preview:-1"},"canonical":"https:\/\/boutique-one-piece.com\/de\/one-piece-figuren\/zoro-pop-figur-ruffys-rechter-arm\/","og_locale":"de_DE","og_type":"article","og_title":"Figurine Pop Zoro Bras Droit De Luffy | Figurine One Piece \u2013 Boutique One Piece","og_description":"Jeune membre de l'\u00e9quipage de Chapeau de paille, le moment est venu pour toi de te procurer cette Figurine Pop Zoro Bras Droit De Luffy. Voici ce que tu dois savoir \u00e0 son sujet ; Zoro fut le premier membre \u00e0 rejoindre l'\u00c9quipage du Chapeau de Paille, il en est le premier et principal \u00e9p\u00e9iste. Son ambition est de deveni","og_url":"https:\/\/boutique-one-piece.com\/de\/one-piece-figuren\/zoro-pop-figur-ruffys-rechter-arm\/","og_site_name":"Boutique One Piece","article_modified_time":"2026-01-29T07:18:19+00:00","og_image":[{"width":640,"height":640,"url":"https:\/\/boutique-one-piece.com\/wp-content\/uploads\/2022\/09\/Figurine-Pop-Zoro-Bras-Droit-De-Luffy.jpg","type":"image\/jpeg"}],"twitter_card":"summary_large_image","twitter_misc":{"Gesch\u00e4tzte Lesezeit":"2\u00a0Minuten"},"schema":{"@context":"https:\/\/schema.org","@graph":[{"@type":"WebPage","@id":"https:\/\/boutique-one-piece.com\/figurines-one-piece\/figurine-pop-zoro-bras-droit-de-luffy\/","url":"https:\/\/boutique-one-piece.com\/figurines-one-piece\/figurine-pop-zoro-bras-droit-de-luffy\/","name":"Pop-Figur Zoro \u2013 Rechter Arm von Ruffy | One Piece Figur \u2013 One Piece Shop","isPartOf":{"@id":"https:\/\/boutique-one-piece.com\/#website"},"primaryImageOfPage":{"@id":"https:\/\/boutique-one-piece.com\/figurines-one-piece\/figurine-pop-zoro-bras-droit-de-luffy\/#primaryimage"},"image":{"@id":"https:\/\/boutique-one-piece.com\/figurines-one-piece\/figurine-pop-zoro-bras-droit-de-luffy\/#primaryimage"},"thumbnailUrl":"https:\/\/boutique-one-piece.com\/wp-content\/uploads\/2022\/09\/Figurine-Pop-Zoro-Bras-Droit-De-Luffy.jpg","datePublished":"2022-09-27T20:55:08+00:00","dateModified":"2026-01-29T07:18:19+00:00","description":"Junges Mitglied der Strohhutbande, es ist soweit! Hol dir jetzt diese Zoro Pop!-Figur, Ruffys rechte Hand. Hier sind ein paar Infos zu ihm: Zoro war das erste Mitglied der Strohhutbande und ist ihr erster und wichtigster Schwertk\u00e4mpfer. Sein Ziel ist es, \u2026","breadcrumb":{"@id":"https:\/\/boutique-one-piece.com\/figurines-one-piece\/figurine-pop-zoro-bras-droit-de-luffy\/#breadcrumb"},"inLanguage":"de","potentialAction":[{"@type":"ReadAction","target":["https:\/\/boutique-one-piece.com\/figurines-one-piece\/figurine-pop-zoro-bras-droit-de-luffy\/"]}]},{"@type":"ImageObject","inLanguage":"de","@id":"https:\/\/boutique-one-piece.com\/figurines-one-piece\/figurine-pop-zoro-bras-droit-de-luffy\/#primaryimage","url":"https:\/\/boutique-one-piece.com\/wp-content\/uploads\/2022\/09\/Figurine-Pop-Zoro-Bras-Droit-De-Luffy.jpg","contentUrl":"https:\/\/boutique-one-piece.com\/wp-content\/uploads\/2022\/09\/Figurine-Pop-Zoro-Bras-Droit-De-Luffy.jpg","width":640,"height":640,"caption":"Figurine Pop Zoro Bras Droit De Luffy Default Title"},{"@type":"BreadcrumbList","@id":"https:\/\/boutique-one-piece.com\/figurines-one-piece\/figurine-pop-zoro-bras-droit-de-luffy\/#breadcrumb","itemListElement":[{"@type":"ListItem","position":1,"name":"Home","item":"https:\/\/boutique-one-piece.com\/"},{"@type":"ListItem","position":2,"name":"Shop","item":"https:\/\/boutique-one-piece.com\/shop\/"},{"@type":"ListItem","position":3,"name":"Figurine Pop Zoro Bras Droit De Luffy"}]},{"@type":"WebSite","@id":"https:\/\/boutique-one-piece.com\/#website","url":"https:\/\/boutique-one-piece.com\/","name":"One Piece Shop","description":"Fachgesch\u00e4ft f\u00fcr One Piece Manga und Anime","publisher":{"@id":"https:\/\/boutique-one-piece.com\/#organization"},"potentialAction":[{"@type":"SearchAction","target":{"@type":"EntryPoint","urlTemplate":"https:\/\/boutique-one-piece.com\/?s={search_term_string}"},"query-input":{"@type":"PropertyValueSpecification","valueRequired":true,"valueName":"search_term_string"}}],"inLanguage":"de"},{"@type":"Organization","@id":"https:\/\/boutique-one-piece.com\/#organization","name":"One Piece Shop","url":"https:\/\/boutique-one-piece.com\/","logo":{"@type":"ImageObject","inLanguage":"de","@id":"https:\/\/boutique-one-piece.com\/#\/schema\/logo\/image\/","url":"https:\/\/boutique-one-piece.com\/wp-content\/uploads\/2022\/09\/Logo-01.png","contentUrl":"https:\/\/boutique-one-piece.com\/wp-content\/uploads\/2022\/09\/Logo-01.png","width":2318,"height":957,"caption":"Boutique One Piece"},"image":{"@id":"https:\/\/boutique-one-piece.com\/#\/schema\/logo\/image\/"}}]}},"_links":{"self":[{"href":"https:\/\/boutique-one-piece.com\/de\/wp-json\/wp\/v2\/product\/12332","targetHints":{"allow":["GET"]}}],"collection":[{"href":"https:\/\/boutique-one-piece.com\/de\/wp-json\/wp\/v2\/product"}],"about":[{"href":"https:\/\/boutique-one-piece.com\/de\/wp-json\/wp\/v2\/types\/product"}],"replies":[{"embeddable":true,"href":"https:\/\/boutique-one-piece.com\/de\/wp-json\/wp\/v2\/comments?post=12332"}],"wp:featuredmedia":[{"embeddable":true,"href":"https:\/\/boutique-one-piece.com\/de\/wp-json\/wp\/v2\/media\/12334"}],"wp:attachment":[{"href":"https:\/\/boutique-one-piece.com\/de\/wp-json\/wp\/v2\/media?parent=12332"}],"wp:term":[{"taxonomy":"product_brand","embeddable":true,"href":"https:\/\/boutique-one-piece.com\/de\/wp-json\/wp\/v2\/product_brand?post=12332"},{"taxonomy":"product_cat","embeddable":true,"href":"https:\/\/boutique-one-piece.com\/de\/wp-json\/wp\/v2\/product_cat?post=12332"},{"taxonomy":"product_tag","embeddable":true,"href":"https:\/\/boutique-one-piece.com\/de\/wp-json\/wp\/v2\/product_tag?post=12332"}],"curies":[{"name":"wp","href":"https:\/\/api.w.org\/{rel}","templated":true}]}}