{"id":12391,"date":"2022-09-27T20:55:32","date_gmt":"2022-09-27T20:55:32","guid":{"rendered":"https:\/\/boutique-one-piece.com\/uncategorized\/avis-de-recherche-one-piece-bartolomeo-wanted\/"},"modified":"2024-09-16T12:53:53","modified_gmt":"2024-09-16T12:53:53","slug":"one-piece-steckbrief-gesucht-wird-bartolomeo","status":"publish","type":"product","link":"https:\/\/boutique-one-piece.com\/de\/steckbrief-aus-one-piece\/one-piece-steckbrief-gesucht-wird-bartolomeo\/","title":{"rendered":"Bartolomeo \u2013 Fahndungsaufruf"},"content":{"rendered":"<h2>Tu cherches \u00e0 red\u00e9corer ta chambre ? Dans ce cas, laisse-toi tenter par l\u2019Avis de Recherche Bartolomeo Wanted.<\/h2>\n<p>Wenn dir die Handlung von One Piece in der Neuen Welt und insbesondere in Dressrosa gef\u00e4llt, solltest du Bartolomeo zu sch\u00e4tzen wissen, der ein <strong>Kapit\u00e4n<\/strong> et un rookie d\u2019une g\u00e9n\u00e9ration post\u00e9rieure \u00e0 celle de Luffy. C\u2019est un grand <strong>Luffy-Fan<\/strong> Bartolemeo, der Zeuge des missgl\u00fcckten Hinrichtungsversuchs von Kapit\u00e4n Buggy dem Clown in Loguetown geworden war, glaubte, ein Wunder erlebt zu haben, als Luffy vom Blitz gerettet wurde, und wurde sofort zu Luffys gr\u00f6\u00dftem Fan.<\/p>\n<p>Bartolemo a\u00df die Fr\u00fcchte des <strong>Bari Bari no mi<\/strong>, qui lui permet de cr\u00e9er des barri\u00e8res pour se prot\u00e9ger, mais il s\u2019en sert aussi en en entourant ses mains pour attaquer ses adversaires. Il est le commandant de la seconde flotte de la Grande Flotte de Mugiwara.<\/p>\n<h3>Mit diesem Poster, das den Steckbriefen aus One Piece nachempfunden ist, wird Bartolomeo stolz Ihre Wand schm\u00fccken.<\/h3>\n<p>Dekorieren Sie Ihr Schlafzimmer oder B\u00fcro damit<strong> Steckbrief von Bartolomeo<\/strong> Das Symbol, das die Belohnung von 200 Millionen Berry f\u00fcr die Gefangennahme \u2013 tot oder lebendig \u2013 anzeigt, verleiht Ihrem Lieblingsmanga einen Hauch von Klasse.<\/p>\n<p>Wenn Ihnen unsere Steckbriefe gefallen, dann gef\u00e4llt Ihnen dieser hier bestimmt auch. <a href=\"https:\/\/boutique-one-piece.com\/de\/steckbrief-aus-one-piece\/produkte\/gesucht-wird-ein-one-piece-monkey-d-luffy\/\" target=\"_blank\" title=\"Luffy Steckbrief\" rel=\"noopener noreferrer\">Luffy Steckbrief<\/a>.<\/p>\n<h2>Informations sur l\u2019Affiche One Piece Wanted Bartolomeo<\/h2>\n<ul>\n<li><span><b><u>One Piece Steckbrief<\/u><\/b>\u00a0: v\u00e9ritable Avis De Recherche de l\u2019univers One Piece pour les vrais pirates<\/span><\/li>\n<\/ul>\n<ul>\n<li>\n<b><u>Bartolomeos Bonus<\/u><\/b>\u00a0200.000.000 Beeren<\/li>\n<\/ul>\n<ul>\n<li><span><strong>Hochwertiger Druck<\/strong>\u00a0akkurate Farben<\/span><\/li>\n<\/ul>\n<ul>\n<li>\n<strong>Dimension<\/strong>\u00a0: 51 cm x 36 cm<\/li>\n<\/ul>\n<ul>\n<li><span><strong>KOSTENLOSE LIEFERUNG<\/strong><\/span><\/li>\n<\/ul>","protected":false},"excerpt":{"rendered":"<p>Tu cherches \u00e0 red\u00e9corer ta chambre ? Dans ce cas, laisse-toi tenter par l\u2019Avis de Recherche Bartolomeo Wanted. Si tu aimes ce qui se passe dans One Piece au niveau du Nouveau Monde et plus particuli\u00e8rement \u00e0 Dressrosa, tu dois appr\u00e9cier Bartolomeo qui est un capitaine et un rookie d\u2019une g\u00e9n\u00e9ration post\u00e9rieure \u00e0 celle de [&hellip;]<\/p>","protected":false},"featured_media":12393,"comment_status":"open","ping_status":"open","template":"","meta":[],"product_brand":[],"product_cat":[171],"product_tag":[],"class_list":{"0":"post-12391","1":"product","2":"type-product","3":"status-publish","4":"has-post-thumbnail","6":"product_cat-avis-de-recherche-one-piece","8":"first","9":"instock","10":"purchasable","11":"product-type-simple"},"yoast_head":"<!-- This site is optimized with the Yoast SEO plugin v27.5 - https:\/\/yoast.com\/product\/yoast-seo-wordpress\/ -->\n<title>Avis de Recherche One Piece Bartolomeo Wanted | D\u00e9coration One Piece \u2013 Boutique One Piece<\/title>\n<meta name=\"description\" content=\"Tu cherches \u00e0 red\u00e9corer ta chambre ? Dans ce cas, laisse-toi tenter par l&#039;Avis de Recherche Bartolomeo Wanted. Si tu aimes ce qui se passe dans One Piece au niveau du Nouveau Monde et plus particuli\u00e8rement \u00e0 Dressrosa, tu dois appr\u00e9cier Bartolomeo qui est un capitaine et un rookie d&#039;une g\u00e9n\u00e9ration post\u00e9rieure \u00e0 celle d\" \/>\n<meta name=\"robots\" content=\"index, follow, max-snippet:-1, max-image-preview:large, max-video-preview:-1\" \/>\n<link rel=\"canonical\" href=\"https:\/\/boutique-one-piece.com\/de\/steckbrief-aus-one-piece\/one-piece-steckbrief-gesucht-wird-bartolomeo\/\" \/>\n<meta property=\"og:locale\" content=\"de_DE\" \/>\n<meta property=\"og:type\" content=\"article\" \/>\n<meta property=\"og:title\" content=\"Avis de Recherche One Piece Bartolomeo Wanted | D\u00e9coration One Piece \u2013 Boutique One Piece\" \/>\n<meta property=\"og:description\" content=\"Tu cherches \u00e0 red\u00e9corer ta chambre ? Dans ce cas, laisse-toi tenter par l&#039;Avis de Recherche Bartolomeo Wanted. Si tu aimes ce qui se passe dans One Piece au niveau du Nouveau Monde et plus particuli\u00e8rement \u00e0 Dressrosa, tu dois appr\u00e9cier Bartolomeo qui est un capitaine et un rookie d&#039;une g\u00e9n\u00e9ration post\u00e9rieure \u00e0 celle d\" \/>\n<meta property=\"og:url\" content=\"https:\/\/boutique-one-piece.com\/de\/steckbrief-aus-one-piece\/one-piece-steckbrief-gesucht-wird-bartolomeo\/\" \/>\n<meta property=\"og:site_name\" content=\"Boutique One Piece\" \/>\n<meta property=\"article:modified_time\" content=\"2024-09-16T12:53:53+00:00\" \/>\n<meta property=\"og:image\" content=\"https:\/\/boutique-one-piece.com\/wp-content\/uploads\/2022\/09\/Avis-de-Recherche-Bartolomeo-Wanted-1.jpg\" \/>\n\t<meta property=\"og:image:width\" content=\"800\" \/>\n\t<meta property=\"og:image:height\" content=\"800\" \/>\n\t<meta property=\"og:image:type\" content=\"image\/jpeg\" \/>\n<meta name=\"twitter:card\" content=\"summary_large_image\" \/>\n<meta name=\"twitter:label1\" content=\"Gesch\u00e4tzte Lesezeit\" \/>\n\t<meta name=\"twitter:data1\" content=\"1\u00a0Minute\" \/>\n<script type=\"application\/ld+json\" class=\"yoast-schema-graph\">{\"@context\":\"https:\\\/\\\/schema.org\",\"@graph\":[{\"@type\":\"WebPage\",\"@id\":\"https:\\\/\\\/boutique-one-piece.com\\\/avis-de-recherche-one-piece\\\/avis-de-recherche-one-piece-bartolomeo-wanted\\\/\",\"url\":\"https:\\\/\\\/boutique-one-piece.com\\\/avis-de-recherche-one-piece\\\/avis-de-recherche-one-piece-bartolomeo-wanted\\\/\",\"name\":\"Avis de Recherche One Piece Bartolomeo Wanted | D\u00e9coration One Piece \u2013 Boutique One Piece\",\"isPartOf\":{\"@id\":\"https:\\\/\\\/boutique-one-piece.com\\\/#website\"},\"primaryImageOfPage\":{\"@id\":\"https:\\\/\\\/boutique-one-piece.com\\\/avis-de-recherche-one-piece\\\/avis-de-recherche-one-piece-bartolomeo-wanted\\\/#primaryimage\"},\"image\":{\"@id\":\"https:\\\/\\\/boutique-one-piece.com\\\/avis-de-recherche-one-piece\\\/avis-de-recherche-one-piece-bartolomeo-wanted\\\/#primaryimage\"},\"thumbnailUrl\":\"https:\\\/\\\/boutique-one-piece.com\\\/wp-content\\\/uploads\\\/2022\\\/09\\\/Avis-de-Recherche-Bartolomeo-Wanted-1.jpg\",\"datePublished\":\"2022-09-27T20:55:32+00:00\",\"dateModified\":\"2024-09-16T12:53:53+00:00\",\"description\":\"Tu cherches \u00e0 red\u00e9corer ta chambre ? Dans ce cas, laisse-toi tenter par l'Avis de Recherche Bartolomeo Wanted. Si tu aimes ce qui se passe dans One Piece au niveau du Nouveau Monde et plus particuli\u00e8rement \u00e0 Dressrosa, tu dois appr\u00e9cier Bartolomeo qui est un capitaine et un rookie d'une g\u00e9n\u00e9ration post\u00e9rieure \u00e0 celle d\",\"breadcrumb\":{\"@id\":\"https:\\\/\\\/boutique-one-piece.com\\\/avis-de-recherche-one-piece\\\/avis-de-recherche-one-piece-bartolomeo-wanted\\\/#breadcrumb\"},\"inLanguage\":\"de\",\"potentialAction\":[{\"@type\":\"ReadAction\",\"target\":[\"https:\\\/\\\/boutique-one-piece.com\\\/avis-de-recherche-one-piece\\\/avis-de-recherche-one-piece-bartolomeo-wanted\\\/\"]}]},{\"@type\":\"ImageObject\",\"inLanguage\":\"de\",\"@id\":\"https:\\\/\\\/boutique-one-piece.com\\\/avis-de-recherche-one-piece\\\/avis-de-recherche-one-piece-bartolomeo-wanted\\\/#primaryimage\",\"url\":\"https:\\\/\\\/boutique-one-piece.com\\\/wp-content\\\/uploads\\\/2022\\\/09\\\/Avis-de-Recherche-Bartolomeo-Wanted-1.jpg\",\"contentUrl\":\"https:\\\/\\\/boutique-one-piece.com\\\/wp-content\\\/uploads\\\/2022\\\/09\\\/Avis-de-Recherche-Bartolomeo-Wanted-1.jpg\",\"width\":800,\"height\":800},{\"@type\":\"BreadcrumbList\",\"@id\":\"https:\\\/\\\/boutique-one-piece.com\\\/avis-de-recherche-one-piece\\\/avis-de-recherche-one-piece-bartolomeo-wanted\\\/#breadcrumb\",\"itemListElement\":[{\"@type\":\"ListItem\",\"position\":1,\"name\":\"Home\",\"item\":\"https:\\\/\\\/boutique-one-piece.com\\\/\"},{\"@type\":\"ListItem\",\"position\":2,\"name\":\"Shop\",\"item\":\"https:\\\/\\\/boutique-one-piece.com\\\/shop\\\/\"},{\"@type\":\"ListItem\",\"position\":3,\"name\":\"Avis de Recherche Bartolomeo Wanted\"}]},{\"@type\":\"WebSite\",\"@id\":\"https:\\\/\\\/boutique-one-piece.com\\\/#website\",\"url\":\"https:\\\/\\\/boutique-one-piece.com\\\/\",\"name\":\"Boutique One Piece\",\"description\":\"Magasin Sp\u00e9cialis\u00e9 du Manga et l&#039;Anime One Piece\",\"publisher\":{\"@id\":\"https:\\\/\\\/boutique-one-piece.com\\\/#organization\"},\"potentialAction\":[{\"@type\":\"SearchAction\",\"target\":{\"@type\":\"EntryPoint\",\"urlTemplate\":\"https:\\\/\\\/boutique-one-piece.com\\\/?s={search_term_string}\"},\"query-input\":{\"@type\":\"PropertyValueSpecification\",\"valueRequired\":true,\"valueName\":\"search_term_string\"}}],\"inLanguage\":\"de\"},{\"@type\":\"Organization\",\"@id\":\"https:\\\/\\\/boutique-one-piece.com\\\/#organization\",\"name\":\"Boutique One Piece\",\"url\":\"https:\\\/\\\/boutique-one-piece.com\\\/\",\"logo\":{\"@type\":\"ImageObject\",\"inLanguage\":\"de\",\"@id\":\"https:\\\/\\\/boutique-one-piece.com\\\/#\\\/schema\\\/logo\\\/image\\\/\",\"url\":\"https:\\\/\\\/boutique-one-piece.com\\\/wp-content\\\/uploads\\\/2022\\\/09\\\/Logo-01.png\",\"contentUrl\":\"https:\\\/\\\/boutique-one-piece.com\\\/wp-content\\\/uploads\\\/2022\\\/09\\\/Logo-01.png\",\"width\":2318,\"height\":957,\"caption\":\"Boutique One Piece\"},\"image\":{\"@id\":\"https:\\\/\\\/boutique-one-piece.com\\\/#\\\/schema\\\/logo\\\/image\\\/\"}}]}<\/script>\n<!-- \/ Yoast SEO plugin. -->","yoast_head_json":{"title":"One Piece-Fahndungsaufruf: Bartolomeo gesucht | One Piece-Dekorationen \u2013 One Piece-Shop","description":"M\u00f6chtest du dein Zimmer neu dekorieren? Dann schau dir das Bartolomeo-Steckbriefplakat an. Wenn du ein Fan der New-World-Serie von One Piece bist, insbesondere von Dressrosa, wirst du Bartolomeo lieben \u2013 einen Kapit\u00e4n und Rookie einer sp\u00e4teren Generation.","robots":{"index":"index","follow":"follow","max-snippet":"max-snippet:-1","max-image-preview":"max-image-preview:large","max-video-preview":"max-video-preview:-1"},"canonical":"https:\/\/boutique-one-piece.com\/de\/steckbrief-aus-one-piece\/one-piece-steckbrief-gesucht-wird-bartolomeo\/","og_locale":"de_DE","og_type":"article","og_title":"Avis de Recherche One Piece Bartolomeo Wanted | D\u00e9coration One Piece \u2013 Boutique One Piece","og_description":"Tu cherches \u00e0 red\u00e9corer ta chambre ? Dans ce cas, laisse-toi tenter par l'Avis de Recherche Bartolomeo Wanted. Si tu aimes ce qui se passe dans One Piece au niveau du Nouveau Monde et plus particuli\u00e8rement \u00e0 Dressrosa, tu dois appr\u00e9cier Bartolomeo qui est un capitaine et un rookie d'une g\u00e9n\u00e9ration post\u00e9rieure \u00e0 celle d","og_url":"https:\/\/boutique-one-piece.com\/de\/steckbrief-aus-one-piece\/one-piece-steckbrief-gesucht-wird-bartolomeo\/","og_site_name":"Boutique One Piece","article_modified_time":"2024-09-16T12:53:53+00:00","og_image":[{"width":800,"height":800,"url":"https:\/\/boutique-one-piece.com\/wp-content\/uploads\/2022\/09\/Avis-de-Recherche-Bartolomeo-Wanted-1.jpg","type":"image\/jpeg"}],"twitter_card":"summary_large_image","twitter_misc":{"Gesch\u00e4tzte Lesezeit":"1\u00a0Minute"},"schema":{"@context":"https:\/\/schema.org","@graph":[{"@type":"WebPage","@id":"https:\/\/boutique-one-piece.com\/avis-de-recherche-one-piece\/avis-de-recherche-one-piece-bartolomeo-wanted\/","url":"https:\/\/boutique-one-piece.com\/avis-de-recherche-one-piece\/avis-de-recherche-one-piece-bartolomeo-wanted\/","name":"One Piece-Fahndungsaufruf: Bartolomeo gesucht | One Piece-Dekorationen \u2013 One Piece-Shop","isPartOf":{"@id":"https:\/\/boutique-one-piece.com\/#website"},"primaryImageOfPage":{"@id":"https:\/\/boutique-one-piece.com\/avis-de-recherche-one-piece\/avis-de-recherche-one-piece-bartolomeo-wanted\/#primaryimage"},"image":{"@id":"https:\/\/boutique-one-piece.com\/avis-de-recherche-one-piece\/avis-de-recherche-one-piece-bartolomeo-wanted\/#primaryimage"},"thumbnailUrl":"https:\/\/boutique-one-piece.com\/wp-content\/uploads\/2022\/09\/Avis-de-Recherche-Bartolomeo-Wanted-1.jpg","datePublished":"2022-09-27T20:55:32+00:00","dateModified":"2024-09-16T12:53:53+00:00","description":"M\u00f6chtest du dein Zimmer neu dekorieren? Dann schau dir das Bartolomeo-Steckbriefplakat an. Wenn du ein Fan der New-World-Serie von One Piece bist, insbesondere von Dressrosa, wirst du Bartolomeo lieben \u2013 einen Kapit\u00e4n und Rookie einer sp\u00e4teren Generation.","breadcrumb":{"@id":"https:\/\/boutique-one-piece.com\/avis-de-recherche-one-piece\/avis-de-recherche-one-piece-bartolomeo-wanted\/#breadcrumb"},"inLanguage":"de","potentialAction":[{"@type":"ReadAction","target":["https:\/\/boutique-one-piece.com\/avis-de-recherche-one-piece\/avis-de-recherche-one-piece-bartolomeo-wanted\/"]}]},{"@type":"ImageObject","inLanguage":"de","@id":"https:\/\/boutique-one-piece.com\/avis-de-recherche-one-piece\/avis-de-recherche-one-piece-bartolomeo-wanted\/#primaryimage","url":"https:\/\/boutique-one-piece.com\/wp-content\/uploads\/2022\/09\/Avis-de-Recherche-Bartolomeo-Wanted-1.jpg","contentUrl":"https:\/\/boutique-one-piece.com\/wp-content\/uploads\/2022\/09\/Avis-de-Recherche-Bartolomeo-Wanted-1.jpg","width":800,"height":800},{"@type":"BreadcrumbList","@id":"https:\/\/boutique-one-piece.com\/avis-de-recherche-one-piece\/avis-de-recherche-one-piece-bartolomeo-wanted\/#breadcrumb","itemListElement":[{"@type":"ListItem","position":1,"name":"Home","item":"https:\/\/boutique-one-piece.com\/"},{"@type":"ListItem","position":2,"name":"Shop","item":"https:\/\/boutique-one-piece.com\/shop\/"},{"@type":"ListItem","position":3,"name":"Avis de Recherche Bartolomeo Wanted"}]},{"@type":"WebSite","@id":"https:\/\/boutique-one-piece.com\/#website","url":"https:\/\/boutique-one-piece.com\/","name":"One Piece Shop","description":"Fachgesch\u00e4ft f\u00fcr One Piece Manga und Anime","publisher":{"@id":"https:\/\/boutique-one-piece.com\/#organization"},"potentialAction":[{"@type":"SearchAction","target":{"@type":"EntryPoint","urlTemplate":"https:\/\/boutique-one-piece.com\/?s={search_term_string}"},"query-input":{"@type":"PropertyValueSpecification","valueRequired":true,"valueName":"search_term_string"}}],"inLanguage":"de"},{"@type":"Organization","@id":"https:\/\/boutique-one-piece.com\/#organization","name":"One Piece Shop","url":"https:\/\/boutique-one-piece.com\/","logo":{"@type":"ImageObject","inLanguage":"de","@id":"https:\/\/boutique-one-piece.com\/#\/schema\/logo\/image\/","url":"https:\/\/boutique-one-piece.com\/wp-content\/uploads\/2022\/09\/Logo-01.png","contentUrl":"https:\/\/boutique-one-piece.com\/wp-content\/uploads\/2022\/09\/Logo-01.png","width":2318,"height":957,"caption":"Boutique One Piece"},"image":{"@id":"https:\/\/boutique-one-piece.com\/#\/schema\/logo\/image\/"}}]}},"_links":{"self":[{"href":"https:\/\/boutique-one-piece.com\/de\/wp-json\/wp\/v2\/product\/12391","targetHints":{"allow":["GET"]}}],"collection":[{"href":"https:\/\/boutique-one-piece.com\/de\/wp-json\/wp\/v2\/product"}],"about":[{"href":"https:\/\/boutique-one-piece.com\/de\/wp-json\/wp\/v2\/types\/product"}],"replies":[{"embeddable":true,"href":"https:\/\/boutique-one-piece.com\/de\/wp-json\/wp\/v2\/comments?post=12391"}],"wp:featuredmedia":[{"embeddable":true,"href":"https:\/\/boutique-one-piece.com\/de\/wp-json\/wp\/v2\/media\/12393"}],"wp:attachment":[{"href":"https:\/\/boutique-one-piece.com\/de\/wp-json\/wp\/v2\/media?parent=12391"}],"wp:term":[{"taxonomy":"product_brand","embeddable":true,"href":"https:\/\/boutique-one-piece.com\/de\/wp-json\/wp\/v2\/product_brand?post=12391"},{"taxonomy":"product_cat","embeddable":true,"href":"https:\/\/boutique-one-piece.com\/de\/wp-json\/wp\/v2\/product_cat?post=12391"},{"taxonomy":"product_tag","embeddable":true,"href":"https:\/\/boutique-one-piece.com\/de\/wp-json\/wp\/v2\/product_tag?post=12391"}],"curies":[{"name":"wp","href":"https:\/\/api.w.org\/{rel}","templated":true}]}}