{"id":12428,"date":"2022-09-27T20:55:42","date_gmt":"2022-09-27T20:55:42","guid":{"rendered":"https:\/\/boutique-one-piece.com\/uncategorized\/maillot-imprime-one-piece-barbe-noire-aokiji-luffy\/"},"modified":"2024-09-16T12:54:53","modified_gmt":"2024-09-16T12:54:53","slug":"one-piece-trikot-mit-aufdruck-blackbeard-aokiji-ruffy","status":"publish","type":"product","link":"https:\/\/boutique-one-piece.com\/de\/einteilige-kleidung\/one-piece-t-shirts\/one-piece-trikot-mit-aufdruck-blackbeard-aokiji-ruffy\/","title":{"rendered":"One Piece-T-Shirt mit Aufdruck von Blackbeard, Aokiji und Ruffy"},"content":{"rendered":"<h2>\n<b>One Piece Unterhemd mit Aufdruck von Marshall D. Teach, Kuzan Aokiji und Ruffy, der einen Gomu Gomu No Red Hawk macht.\u00a0<\/b>Ein Trikot von hervorragender Qualit\u00e4t f\u00fcr einen Piraten wie dich!<\/h2>\n<p>Wenn Sie ein\u00a0<strong>echter Pirat<\/strong>, Sie werden es zu sch\u00e4tzen wissen\u00a0<strong>Qualit\u00e4t<\/strong>\u00a0Stoff und\u00a0<strong>3D-Leinwanddruck<\/strong>\u00a0davon\u00a0<strong>One Piece T-Shirt<\/strong>\u00a0Aber am wichtigsten ist, dass\u00a0<strong>schwarzes bedrucktes Trikot<\/strong>\u00a0Das liegt daran, dass du ein Teil davon sein wirst\u00a0<strong>die Fan-Crew<\/strong>\u00a0von\u00a0<strong>Piraten-Manga<\/strong>\u00a0und Sie erhalten:<\/p>\n<ul>\n<li>\u00a0<strong>Bewunderung<\/strong>\u00a0aller Fans von\u00a0<strong>Mugiwara<\/strong>\u00a0dass Sie antreffen werden<\/li>\n<\/ul>\n<ul>\n<li>Ein echter\u00a0<strong>bedrucktes T-Shirt<\/strong>\u00a0mit dem Sie<strong>\u00a0sich vorstellen<\/strong>\u00a0mit\u00a0<strong>Monkey D. Luffy<\/strong>?, <strong>Blackbeard<\/strong> Und <strong>Kuzan Aokiji<\/strong>\n<\/li>\n<\/ul>\n<p>Also, bereit, das zu tragen\u00a0<strong>Farben\u00a0<\/strong>von <strong>Gegessen<\/strong>\u00a0?<\/p>\n<h2>Bist du ein Fan des One Piece Mangas oder Animes? Zeig es mit diesem One Piece T-Shirt mit Aufdruck!<\/h2>\n<p>Wenn du\u00a0<strong>lesen<\/strong>\u00a0oder wo auch immer Sie hinschauen\u00a0<span>\u00a0<\/span><strong>Japanische Anime<\/strong>, Die Wahrscheinlichkeit ist gro\u00df, dass du geworden bist\u00a0<strong>Ich bin total verr\u00fcckt nach One Piece.<\/strong>\u00a0Damit!\u00a0<strong>T-Shirt mit Aufdruck von Blackbeard, Aokiji und Luffy<\/strong>, schlie\u00df dich der an\u2019<strong>Eine Gruppe von Fans der Franchise<\/strong><\/p>\n<p>Das\u00a0<strong>schwarzes Trikot<\/strong>\u00a0ist in folgenden Gr\u00f6\u00dfen erh\u00e4ltlich\u00a0<strong>XS<\/strong>,<strong>\u00a0S<\/strong>,<strong>\u00a0M<\/strong>,<strong>\u00a0L<\/strong>,\u00a0<strong>XL<\/strong>,\u00a0<strong>XXL<\/strong>, Es eignet sich f\u00fcr alle Arten von Piraten, auch wenn man keine hat\u00a0<strong>Schwert<\/strong>\u00a0oder\u00a0<strong>Teufelsfrucht<\/strong>\u00a0Du kannst es immer noch mit Stolz tragen.<\/p>\n<p><strong>Monkey D. Luffy<\/strong>\u00a0bringt sich in eine Position,\u00a0<strong>k\u00e4mpfen<\/strong>, Er ist bereit, seinen\u00a0<strong>Gang<\/strong>. Da ist das\u00a0<strong>Logo<\/strong>\u00a0von\u00a0<strong>Luffy<\/strong>\u00a0im Hintergrund.<\/p>\n<h2>Informationen zum T-Shirt:\u00a0<\/h2>\n<ul>\n<li>\u00a0<strong>Hochwertiges Trikot\u00a0<\/strong>: hat ein\u00a0<strong>hohes Grammatur<\/strong>, mit hochwertigen Materialien<\/li>\n<\/ul>\n<ul>\n<li>\n<strong>Lockere Passform<\/strong>\u00a0:\u00a0\u00a0<strong>T-Shirt<\/strong>\u00a0mit einem\u00a0<strong>breiter Schnitt<\/strong>, f\u00fcr zus\u00e4tzlichen Komfort<\/li>\n<\/ul>\n<ul>\n<li>\n<strong>Sehr komfortabel\u00a0<\/strong>mit diesen\u00a0<strong>Fasern<\/strong>\u00a0von\u00a0<strong>Baumwolle<\/strong>\u00a0Gro\u00dfartig\u00a0<strong>weich<\/strong>, Es gibt keins\u00a0<strong>Reibung<\/strong>\n<\/li>\n<\/ul>\n<ul>\n<li>\n<strong>3D-Digitaldruck<\/strong>\u00a0:\u00a0<strong>bedrucktes T-Shirt<\/strong>\u00a0mit einem originellen Design,\u00a0<strong>Leinwanddruck<\/strong>\n<\/li>\n<\/ul>\n<ul>\n<li>\n<strong>Bio-Baumwolle\u00a0<\/strong>: hochwertige Baumwolle mit\u00a0<strong>extra lange Fasern<\/strong>\n<\/li>\n<\/ul>\n<ul>\n<li>\n<strong>Kostenloser Versand\u00a0<\/strong>f\u00fcr jeden Kauf<\/li>\n<\/ul>\n<h2><strong>Vergessen Sie nicht, einen Blick auf die unten stehende Gr\u00f6\u00dfentabelle zu werfen.<\/strong><\/h2>\n<h2><img decoding=\"async\" src=\"https:\/\/cdn.shopify.com\/s\/files\/1\/0087\/7556\/5348\/files\/boutque_one__piece_tableau_taille_maillot-imprime_large.jpg?v=1560345982\" alt=\"Gr\u00f6\u00dfentabelle f\u00fcr bedruckte Badeanz\u00fcge\"><\/h2>\n<h3>Waschanleitung:<\/h3>\n<ul>\n<li>Maschinenw\u00e4sche bei 30\u00b0C, Schonwaschgang<\/li>\n<\/ul>\n<ul>\n<li>Von der R\u00fcckseite b\u00fcgeln<\/li>\n<\/ul>\n<p>F\u00fcr<span>\u00a0<\/span><strong>die Qualit\u00e4t erhalten<\/strong><span>\u00a0<\/span>davon<span>\u00a0Jersey<\/span><strong>\u00a0Ein St\u00fcck<\/strong>, Wir empfehlen Ihnen<span>\u00a0<\/span><strong>respektieren<\/strong><span>\u00a0<\/span>DER<span>\u00a0<\/span><strong>Waschanleitung<\/strong>.<\/p>","protected":false},"excerpt":{"rendered":"<p>One Piece Unterhemd mit Aufdruck von Marshall D. Teach, Kuzan Aokiji und Ruffy beim Gomu Gomu no Red Hawk. Ein super-hochwertiges Unterhemd f\u00fcr einen Piraten wie dich! Als echter Pirat wirst du die Stoffqualit\u00e4t und den 3D-Canvas-Druck dieses One Piece T-Shirts zu sch\u00e4tzen wissen! Aber am wichtigsten: Mit diesem schwarzen Unterhemd geh\u00f6rst du zur Crew der Piraten!<\/p>","protected":false},"featured_media":12430,"comment_status":"open","ping_status":"open","template":"","meta":[],"product_brand":[],"product_cat":[53],"product_tag":[68,286,92],"class_list":{"0":"post-12428","1":"product","2":"type-product","3":"status-publish","4":"has-post-thumbnail","6":"product_cat-t-shirts-one-piece","7":"product_tag-aokiji","8":"product_tag-barbe-noire","9":"product_tag-luffy","11":"first","12":"instock","13":"purchasable","14":"product-type-variable"},"yoast_head":"<!-- This site is optimized with the Yoast SEO plugin v27.5 - https:\/\/yoast.com\/product\/yoast-seo-wordpress\/ -->\n<title>Maillot Imprim\u00e9 Barbe Noire Aokiji Luffy | Boutique One Piece<\/title>\n<meta name=\"description\" content=\"Maillot de Corps One Piece Imprim\u00e9 avec Marshall D. Teach, Kuzan Aokiji Et Luffy Qui Fait un Gomu Gomu No Red Hawk de Tr\u00e8s Haute Qualit\u00e9 pour les Fans de Manga\" \/>\n<meta name=\"robots\" content=\"index, follow, max-snippet:-1, max-image-preview:large, max-video-preview:-1\" \/>\n<link rel=\"canonical\" href=\"https:\/\/boutique-one-piece.com\/de\/einteilige-kleidung\/one-piece-t-shirts\/one-piece-trikot-mit-aufdruck-blackbeard-aokiji-ruffy\/\" \/>\n<meta property=\"og:locale\" content=\"de_DE\" \/>\n<meta property=\"og:type\" content=\"article\" \/>\n<meta property=\"og:title\" content=\"Maillot Imprim\u00e9 Barbe Noire Aokiji Luffy | Boutique One Piece\" \/>\n<meta property=\"og:description\" content=\"Maillot de Corps One Piece Imprim\u00e9 avec Marshall D. Teach, Kuzan Aokiji Et Luffy Qui Fait un Gomu Gomu No Red Hawk de Tr\u00e8s Haute Qualit\u00e9 pour les Fans de Manga\" \/>\n<meta property=\"og:url\" content=\"https:\/\/boutique-one-piece.com\/de\/einteilige-kleidung\/one-piece-t-shirts\/one-piece-trikot-mit-aufdruck-blackbeard-aokiji-ruffy\/\" \/>\n<meta property=\"og:site_name\" content=\"Boutique One Piece\" \/>\n<meta property=\"article:modified_time\" content=\"2024-09-16T12:54:53+00:00\" \/>\n<meta property=\"og:image\" content=\"https:\/\/boutique-one-piece.com\/wp-content\/uploads\/2022\/09\/Maillot-Imprime-One-Piece-Barbe-Noire-Aokiji-Luffy.jpg\" \/>\n\t<meta property=\"og:image:width\" content=\"552\" \/>\n\t<meta property=\"og:image:height\" content=\"600\" \/>\n\t<meta property=\"og:image:type\" content=\"image\/jpeg\" \/>\n<meta name=\"twitter:card\" content=\"summary_large_image\" \/>\n<meta name=\"twitter:label1\" content=\"Gesch\u00e4tzte Lesezeit\" \/>\n\t<meta name=\"twitter:data1\" content=\"3\u00a0Minuten\" \/>\n<script type=\"application\/ld+json\" class=\"yoast-schema-graph\">{\"@context\":\"https:\\\/\\\/schema.org\",\"@graph\":[{\"@type\":\"WebPage\",\"@id\":\"https:\\\/\\\/boutique-one-piece.com\\\/vetements-one-piece\\\/t-shirts-one-piece\\\/maillot-imprime-one-piece-barbe-noire-aokiji-luffy\\\/\",\"url\":\"https:\\\/\\\/boutique-one-piece.com\\\/vetements-one-piece\\\/t-shirts-one-piece\\\/maillot-imprime-one-piece-barbe-noire-aokiji-luffy\\\/\",\"name\":\"Maillot Imprim\u00e9 Barbe Noire Aokiji Luffy | Boutique One Piece\",\"isPartOf\":{\"@id\":\"https:\\\/\\\/boutique-one-piece.com\\\/#website\"},\"primaryImageOfPage\":{\"@id\":\"https:\\\/\\\/boutique-one-piece.com\\\/vetements-one-piece\\\/t-shirts-one-piece\\\/maillot-imprime-one-piece-barbe-noire-aokiji-luffy\\\/#primaryimage\"},\"image\":{\"@id\":\"https:\\\/\\\/boutique-one-piece.com\\\/vetements-one-piece\\\/t-shirts-one-piece\\\/maillot-imprime-one-piece-barbe-noire-aokiji-luffy\\\/#primaryimage\"},\"thumbnailUrl\":\"https:\\\/\\\/boutique-one-piece.com\\\/wp-content\\\/uploads\\\/2022\\\/09\\\/Maillot-Imprime-One-Piece-Barbe-Noire-Aokiji-Luffy.jpg\",\"datePublished\":\"2022-09-27T20:55:42+00:00\",\"dateModified\":\"2024-09-16T12:54:53+00:00\",\"description\":\"Maillot de Corps One Piece Imprim\u00e9 avec Marshall D. Teach, Kuzan Aokiji Et Luffy Qui Fait un Gomu Gomu No Red Hawk de Tr\u00e8s Haute Qualit\u00e9 pour les Fans de Manga\",\"breadcrumb\":{\"@id\":\"https:\\\/\\\/boutique-one-piece.com\\\/vetements-one-piece\\\/t-shirts-one-piece\\\/maillot-imprime-one-piece-barbe-noire-aokiji-luffy\\\/#breadcrumb\"},\"inLanguage\":\"de\",\"potentialAction\":[{\"@type\":\"ReadAction\",\"target\":[\"https:\\\/\\\/boutique-one-piece.com\\\/vetements-one-piece\\\/t-shirts-one-piece\\\/maillot-imprime-one-piece-barbe-noire-aokiji-luffy\\\/\"]}]},{\"@type\":\"ImageObject\",\"inLanguage\":\"de\",\"@id\":\"https:\\\/\\\/boutique-one-piece.com\\\/vetements-one-piece\\\/t-shirts-one-piece\\\/maillot-imprime-one-piece-barbe-noire-aokiji-luffy\\\/#primaryimage\",\"url\":\"https:\\\/\\\/boutique-one-piece.com\\\/wp-content\\\/uploads\\\/2022\\\/09\\\/Maillot-Imprime-One-Piece-Barbe-Noire-Aokiji-Luffy.jpg\",\"contentUrl\":\"https:\\\/\\\/boutique-one-piece.com\\\/wp-content\\\/uploads\\\/2022\\\/09\\\/Maillot-Imprime-One-Piece-Barbe-Noire-Aokiji-Luffy.jpg\",\"width\":552,\"height\":600,\"caption\":\"Maillot Imprim\u00e9 One Piece Barbe Noire\"},{\"@type\":\"BreadcrumbList\",\"@id\":\"https:\\\/\\\/boutique-one-piece.com\\\/vetements-one-piece\\\/t-shirts-one-piece\\\/maillot-imprime-one-piece-barbe-noire-aokiji-luffy\\\/#breadcrumb\",\"itemListElement\":[{\"@type\":\"ListItem\",\"position\":1,\"name\":\"Home\",\"item\":\"https:\\\/\\\/boutique-one-piece.com\\\/\"},{\"@type\":\"ListItem\",\"position\":2,\"name\":\"Shop\",\"item\":\"https:\\\/\\\/boutique-one-piece.com\\\/shop\\\/\"},{\"@type\":\"ListItem\",\"position\":3,\"name\":\"Maillot Imprim\u00e9 One Piece Barbe Noire, Aokiji, Luffy\"}]},{\"@type\":\"WebSite\",\"@id\":\"https:\\\/\\\/boutique-one-piece.com\\\/#website\",\"url\":\"https:\\\/\\\/boutique-one-piece.com\\\/\",\"name\":\"Boutique One Piece\",\"description\":\"Magasin Sp\u00e9cialis\u00e9 du Manga et l&#039;Anime One Piece\",\"publisher\":{\"@id\":\"https:\\\/\\\/boutique-one-piece.com\\\/#organization\"},\"potentialAction\":[{\"@type\":\"SearchAction\",\"target\":{\"@type\":\"EntryPoint\",\"urlTemplate\":\"https:\\\/\\\/boutique-one-piece.com\\\/?s={search_term_string}\"},\"query-input\":{\"@type\":\"PropertyValueSpecification\",\"valueRequired\":true,\"valueName\":\"search_term_string\"}}],\"inLanguage\":\"de\"},{\"@type\":\"Organization\",\"@id\":\"https:\\\/\\\/boutique-one-piece.com\\\/#organization\",\"name\":\"Boutique One Piece\",\"url\":\"https:\\\/\\\/boutique-one-piece.com\\\/\",\"logo\":{\"@type\":\"ImageObject\",\"inLanguage\":\"de\",\"@id\":\"https:\\\/\\\/boutique-one-piece.com\\\/#\\\/schema\\\/logo\\\/image\\\/\",\"url\":\"https:\\\/\\\/boutique-one-piece.com\\\/wp-content\\\/uploads\\\/2022\\\/09\\\/Logo-01.png\",\"contentUrl\":\"https:\\\/\\\/boutique-one-piece.com\\\/wp-content\\\/uploads\\\/2022\\\/09\\\/Logo-01.png\",\"width\":2318,\"height\":957,\"caption\":\"Boutique One Piece\"},\"image\":{\"@id\":\"https:\\\/\\\/boutique-one-piece.com\\\/#\\\/schema\\\/logo\\\/image\\\/\"}}]}<\/script>\n<!-- \/ Yoast SEO plugin. -->","yoast_head_json":{"title":"Blackbeard Aokiji Luffy T-Shirt mit Aufdruck | One Piece Shop","description":"One Piece-Unterhemd mit Aufdruck von Marshall D. Teach, Kuzan Aokiji und Ruffy beim Gomu Gomu no Red Hawk-Tanz. Hochwertige Qualit\u00e4t f\u00fcr Manga-Fans.","robots":{"index":"index","follow":"follow","max-snippet":"max-snippet:-1","max-image-preview":"max-image-preview:large","max-video-preview":"max-video-preview:-1"},"canonical":"https:\/\/boutique-one-piece.com\/de\/einteilige-kleidung\/one-piece-t-shirts\/one-piece-trikot-mit-aufdruck-blackbeard-aokiji-ruffy\/","og_locale":"de_DE","og_type":"article","og_title":"Maillot Imprim\u00e9 Barbe Noire Aokiji Luffy | Boutique One Piece","og_description":"Maillot de Corps One Piece Imprim\u00e9 avec Marshall D. Teach, Kuzan Aokiji Et Luffy Qui Fait un Gomu Gomu No Red Hawk de Tr\u00e8s Haute Qualit\u00e9 pour les Fans de Manga","og_url":"https:\/\/boutique-one-piece.com\/de\/einteilige-kleidung\/one-piece-t-shirts\/one-piece-trikot-mit-aufdruck-blackbeard-aokiji-ruffy\/","og_site_name":"Boutique One Piece","article_modified_time":"2024-09-16T12:54:53+00:00","og_image":[{"width":552,"height":600,"url":"https:\/\/boutique-one-piece.com\/wp-content\/uploads\/2022\/09\/Maillot-Imprime-One-Piece-Barbe-Noire-Aokiji-Luffy.jpg","type":"image\/jpeg"}],"twitter_card":"summary_large_image","twitter_misc":{"Gesch\u00e4tzte Lesezeit":"3\u00a0Minuten"},"schema":{"@context":"https:\/\/schema.org","@graph":[{"@type":"WebPage","@id":"https:\/\/boutique-one-piece.com\/vetements-one-piece\/t-shirts-one-piece\/maillot-imprime-one-piece-barbe-noire-aokiji-luffy\/","url":"https:\/\/boutique-one-piece.com\/vetements-one-piece\/t-shirts-one-piece\/maillot-imprime-one-piece-barbe-noire-aokiji-luffy\/","name":"Blackbeard Aokiji Luffy T-Shirt mit Aufdruck | One Piece Shop","isPartOf":{"@id":"https:\/\/boutique-one-piece.com\/#website"},"primaryImageOfPage":{"@id":"https:\/\/boutique-one-piece.com\/vetements-one-piece\/t-shirts-one-piece\/maillot-imprime-one-piece-barbe-noire-aokiji-luffy\/#primaryimage"},"image":{"@id":"https:\/\/boutique-one-piece.com\/vetements-one-piece\/t-shirts-one-piece\/maillot-imprime-one-piece-barbe-noire-aokiji-luffy\/#primaryimage"},"thumbnailUrl":"https:\/\/boutique-one-piece.com\/wp-content\/uploads\/2022\/09\/Maillot-Imprime-One-Piece-Barbe-Noire-Aokiji-Luffy.jpg","datePublished":"2022-09-27T20:55:42+00:00","dateModified":"2024-09-16T12:54:53+00:00","description":"One Piece-Unterhemd mit Aufdruck von Marshall D. Teach, Kuzan Aokiji und Ruffy beim Gomu Gomu no Red Hawk-Tanz. Hochwertige Qualit\u00e4t f\u00fcr Manga-Fans.","breadcrumb":{"@id":"https:\/\/boutique-one-piece.com\/vetements-one-piece\/t-shirts-one-piece\/maillot-imprime-one-piece-barbe-noire-aokiji-luffy\/#breadcrumb"},"inLanguage":"de","potentialAction":[{"@type":"ReadAction","target":["https:\/\/boutique-one-piece.com\/vetements-one-piece\/t-shirts-one-piece\/maillot-imprime-one-piece-barbe-noire-aokiji-luffy\/"]}]},{"@type":"ImageObject","inLanguage":"de","@id":"https:\/\/boutique-one-piece.com\/vetements-one-piece\/t-shirts-one-piece\/maillot-imprime-one-piece-barbe-noire-aokiji-luffy\/#primaryimage","url":"https:\/\/boutique-one-piece.com\/wp-content\/uploads\/2022\/09\/Maillot-Imprime-One-Piece-Barbe-Noire-Aokiji-Luffy.jpg","contentUrl":"https:\/\/boutique-one-piece.com\/wp-content\/uploads\/2022\/09\/Maillot-Imprime-One-Piece-Barbe-Noire-Aokiji-Luffy.jpg","width":552,"height":600,"caption":"Maillot Imprim\u00e9 One Piece Barbe Noire"},{"@type":"BreadcrumbList","@id":"https:\/\/boutique-one-piece.com\/vetements-one-piece\/t-shirts-one-piece\/maillot-imprime-one-piece-barbe-noire-aokiji-luffy\/#breadcrumb","itemListElement":[{"@type":"ListItem","position":1,"name":"Home","item":"https:\/\/boutique-one-piece.com\/"},{"@type":"ListItem","position":2,"name":"Shop","item":"https:\/\/boutique-one-piece.com\/shop\/"},{"@type":"ListItem","position":3,"name":"Maillot Imprim\u00e9 One Piece Barbe Noire, Aokiji, Luffy"}]},{"@type":"WebSite","@id":"https:\/\/boutique-one-piece.com\/#website","url":"https:\/\/boutique-one-piece.com\/","name":"One Piece Shop","description":"Fachgesch\u00e4ft f\u00fcr One Piece Manga und Anime","publisher":{"@id":"https:\/\/boutique-one-piece.com\/#organization"},"potentialAction":[{"@type":"SearchAction","target":{"@type":"EntryPoint","urlTemplate":"https:\/\/boutique-one-piece.com\/?s={search_term_string}"},"query-input":{"@type":"PropertyValueSpecification","valueRequired":true,"valueName":"search_term_string"}}],"inLanguage":"de"},{"@type":"Organization","@id":"https:\/\/boutique-one-piece.com\/#organization","name":"One Piece Shop","url":"https:\/\/boutique-one-piece.com\/","logo":{"@type":"ImageObject","inLanguage":"de","@id":"https:\/\/boutique-one-piece.com\/#\/schema\/logo\/image\/","url":"https:\/\/boutique-one-piece.com\/wp-content\/uploads\/2022\/09\/Logo-01.png","contentUrl":"https:\/\/boutique-one-piece.com\/wp-content\/uploads\/2022\/09\/Logo-01.png","width":2318,"height":957,"caption":"Boutique One Piece"},"image":{"@id":"https:\/\/boutique-one-piece.com\/#\/schema\/logo\/image\/"}}]}},"_links":{"self":[{"href":"https:\/\/boutique-one-piece.com\/de\/wp-json\/wp\/v2\/product\/12428","targetHints":{"allow":["GET"]}}],"collection":[{"href":"https:\/\/boutique-one-piece.com\/de\/wp-json\/wp\/v2\/product"}],"about":[{"href":"https:\/\/boutique-one-piece.com\/de\/wp-json\/wp\/v2\/types\/product"}],"replies":[{"embeddable":true,"href":"https:\/\/boutique-one-piece.com\/de\/wp-json\/wp\/v2\/comments?post=12428"}],"wp:featuredmedia":[{"embeddable":true,"href":"https:\/\/boutique-one-piece.com\/de\/wp-json\/wp\/v2\/media\/12430"}],"wp:attachment":[{"href":"https:\/\/boutique-one-piece.com\/de\/wp-json\/wp\/v2\/media?parent=12428"}],"wp:term":[{"taxonomy":"product_brand","embeddable":true,"href":"https:\/\/boutique-one-piece.com\/de\/wp-json\/wp\/v2\/product_brand?post=12428"},{"taxonomy":"product_cat","embeddable":true,"href":"https:\/\/boutique-one-piece.com\/de\/wp-json\/wp\/v2\/product_cat?post=12428"},{"taxonomy":"product_tag","embeddable":true,"href":"https:\/\/boutique-one-piece.com\/de\/wp-json\/wp\/v2\/product_tag?post=12428"}],"curies":[{"name":"wp","href":"https:\/\/api.w.org\/{rel}","templated":true}]}}