{"id":12459,"date":"2022-09-27T20:55:55","date_gmt":"2022-09-27T20:55:55","guid":{"rendered":"https:\/\/boutique-one-piece.com\/uncategorized\/figurine-one-piece-zoro-fluides-offensif\/"},"modified":"2024-09-16T12:55:24","modified_gmt":"2024-09-16T12:55:24","slug":"one-piece-zoro-figur-mit-anstosigen-flussigkeiten","status":"publish","type":"product","link":"https:\/\/boutique-one-piece.com\/de\/one-piece-figuren\/one-piece-zoro-figur-mit-anstosigen-flussigkeiten\/","title":{"rendered":"One Piece Zoro Liquids Offensive Figur"},"content":{"rendered":"<h2>Junger Pirat, es ist an der Zeit, dass du dir diese One Piece Zoro Offensivfl\u00fcssigkeitsfigur sicherst.<\/h2>\n<p>Zur Erinnerung: Zoro oder <strong>Lorenor Zorro<\/strong>, Er war das erste Mitglied der Strohhutbande. Er ist ihr erster und wichtigster Schwertk\u00e4mpfer. Sein Ziel ist es, \u2026 <strong>der beste Schwertk\u00e4mpfer<\/strong> Er hat der Welt gezeigt, was er kann, und er hat einen eisernen Willen bewiesen, dieses Ziel zu erreichen. Er ist ein meisterhafter Schwertk\u00e4mpfer, der verschiedene Kampfstile beherrscht; seine Besonderheit liegt in der Anzahl der Schwerter, die er f\u00fchrt.<\/p>\n<p>Seine Kampff\u00e4higkeiten sind so ausgepr\u00e4gt, dass er bei Au\u00dfenstehenden manchmal den Eindruck erweckt, er sei der wahre Kapit\u00e4n. <strong>die offensive Fl\u00fcssigkeit<\/strong>, Sie wissen wahrscheinlich bereits, dass diese Fl\u00fcssigkeit, im Land Wano auch als Strom bekannt, ihrem Benutzer die F\u00e4higkeit verleiht, seine eigene spirituelle Energie zu nutzen, um im Wesentlichen eine unsichtbare R\u00fcstung um sich herum zu erschaffen, die unglaubliche offensive und defensive F\u00e4higkeiten bietet. Wenn Sie au\u00dferdem ein Fan dieser Figur sind, <a title=\"ONE PIECE FIGUR ZORO UND SEINE S\u00c4BEL\" href=\"https:\/\/boutique-one-piece.com\/de\/figurine-one-piece-%20zoro-et-ses-sabres\/\" target=\"_blank\" rel=\"noopener\">Zoro-Figur mit seinen Schwertern<\/a> ist in Ihrer Reichweite.<\/p>\n<h3>Begeistert dich diese Figur eines ber\u00fchmten Schwertk\u00e4mpfers? Dann z\u00f6gere nicht l\u00e4nger und schlie\u00df dich der Crew an. Viele Abenteuer erwarten dich.<\/h3>\n<p>Ob du nun Fan der Originalserie oder passionierter Sammler bist, diese One Piece-Artikel sind genau das Richtige f\u00fcr dich. Sie eignen sich perfekt zum Verschenken, Dekorieren oder Sammeln und werden deine Sammlung bereichern.<strong> dein Lieblings-Animationsuniversum<\/strong>. Tauche ein \u2013 oder tauche wieder ein \u2013 in diesen Manga voller spannender Abenteuer. Das Abenteuer hat gerade erst begonnen. <strong>junger Pirat<\/strong> !<\/p>\n<h2>Informationen zur Zoro Offensive Fluid Figur&nbsp;<\/h2>\n<ul>\n<li><span><b><u>One Piece Figur<\/u><\/b>&nbsp;Premium One Piece-Figur f\u00fcr echte Piraten<\/span><\/li>\n<\/ul>\n<ul>\n<li>\n<b>Gegenstand<\/b><span>&nbsp;<\/span>PVC<\/li>\n<\/ul>\n<ul>\n<li><span><strong>Dimension<\/strong>&nbsp;20 cm<\/span><\/li>\n<\/ul>\n<ul>\n<li><span><strong>KOSTENLOSE LIEFERUNG<\/strong><\/span><\/li>\n<\/ul>","protected":false},"excerpt":{"rendered":"<p>Junger Pirat, es ist an der Zeit, dir diese One Piece Zoro-Figur in seiner offensiven Fluid-Form zu sichern. Zur Erinnerung: Zoro, oder Roronoa Zoro, war das erste Mitglied der Strohhutbande. Er ist ihr erster und wichtigster Schwertk\u00e4mpfer. Sein Ziel ist es, der gr\u00f6\u00dfte Schwertk\u00e4mpfer der Welt zu werden, und er hat in der Tat [\u2026]<\/p>","protected":false},"featured_media":12461,"comment_status":"open","ping_status":"open","template":"","meta":[],"product_brand":[],"product_cat":[76,162,151],"product_tag":[113],"class_list":{"0":"post-12459","1":"product","2":"type-product","3":"status-publish","4":"has-post-thumbnail","6":"product_cat-figurines-one-piece","7":"product_cat-figurines-roronoa-zoro","8":"product_cat-goodies-roronoa-zoro-one-piece","9":"product_tag-zoro","11":"first","12":"instock","13":"purchasable","14":"product-type-simple"},"yoast_head":"<!-- This site is optimized with the Yoast SEO plugin v27.5 - https:\/\/yoast.com\/product\/yoast-seo-wordpress\/ -->\n<title>Figurine One Piece Zoro Fluides Offensif | Figurine One Piece \u2013 Boutique One Piece<\/title>\n<meta name=\"description\" content=\"Jeune pirate, le moment est venu pour toi d&#039;acqu\u00e9rir cette Figurine one piece zoro fluide offensif. Pour rappel, Zoro ou Roronoa Zoro, fut le premier membre \u00e0 rejoindre l&#039;\u00c9quipage du Chapeau de Paille. Il en est le premier et principal \u00e9p\u00e9iste. Son ambition est de devenir le meilleur sabreur au monde et il a d&#039;ailleurs\" \/>\n<meta name=\"robots\" content=\"index, follow, max-snippet:-1, max-image-preview:large, max-video-preview:-1\" \/>\n<link rel=\"canonical\" href=\"https:\/\/boutique-one-piece.com\/de\/one-piece-figuren\/one-piece-zoro-figur-mit-anstosigen-flussigkeiten\/\" \/>\n<meta property=\"og:locale\" content=\"de_DE\" \/>\n<meta property=\"og:type\" content=\"article\" \/>\n<meta property=\"og:title\" content=\"Figurine One Piece Zoro Fluides Offensif | Figurine One Piece \u2013 Boutique One Piece\" \/>\n<meta property=\"og:description\" content=\"Jeune pirate, le moment est venu pour toi d&#039;acqu\u00e9rir cette Figurine one piece zoro fluide offensif. Pour rappel, Zoro ou Roronoa Zoro, fut le premier membre \u00e0 rejoindre l&#039;\u00c9quipage du Chapeau de Paille. Il en est le premier et principal \u00e9p\u00e9iste. Son ambition est de devenir le meilleur sabreur au monde et il a d&#039;ailleurs\" \/>\n<meta property=\"og:url\" content=\"https:\/\/boutique-one-piece.com\/de\/one-piece-figuren\/one-piece-zoro-figur-mit-anstosigen-flussigkeiten\/\" \/>\n<meta property=\"og:site_name\" content=\"Boutique One Piece\" \/>\n<meta property=\"article:modified_time\" content=\"2024-09-16T12:55:24+00:00\" \/>\n<meta property=\"og:image\" content=\"https:\/\/boutique-one-piece.com\/wp-content\/uploads\/2022\/09\/Figurine-One-Piece-Zoro-Fluides-Offensif-1.jpg\" \/>\n\t<meta property=\"og:image:width\" content=\"1000\" \/>\n\t<meta property=\"og:image:height\" content=\"1000\" \/>\n\t<meta property=\"og:image:type\" content=\"image\/jpeg\" \/>\n<meta name=\"twitter:card\" content=\"summary_large_image\" \/>\n<meta name=\"twitter:label1\" content=\"Gesch\u00e4tzte Lesezeit\" \/>\n\t<meta name=\"twitter:data1\" content=\"2\u00a0Minuten\" \/>\n<script type=\"application\/ld+json\" class=\"yoast-schema-graph\">{\"@context\":\"https:\\\/\\\/schema.org\",\"@graph\":[{\"@type\":\"WebPage\",\"@id\":\"https:\\\/\\\/boutique-one-piece.com\\\/figurines-one-piece\\\/figurine-one-piece-zoro-fluides-offensif\\\/\",\"url\":\"https:\\\/\\\/boutique-one-piece.com\\\/figurines-one-piece\\\/figurine-one-piece-zoro-fluides-offensif\\\/\",\"name\":\"Figurine One Piece Zoro Fluides Offensif | Figurine One Piece \u2013 Boutique One Piece\",\"isPartOf\":{\"@id\":\"https:\\\/\\\/boutique-one-piece.com\\\/#website\"},\"primaryImageOfPage\":{\"@id\":\"https:\\\/\\\/boutique-one-piece.com\\\/figurines-one-piece\\\/figurine-one-piece-zoro-fluides-offensif\\\/#primaryimage\"},\"image\":{\"@id\":\"https:\\\/\\\/boutique-one-piece.com\\\/figurines-one-piece\\\/figurine-one-piece-zoro-fluides-offensif\\\/#primaryimage\"},\"thumbnailUrl\":\"https:\\\/\\\/boutique-one-piece.com\\\/wp-content\\\/uploads\\\/2022\\\/09\\\/Figurine-One-Piece-Zoro-Fluides-Offensif-1.jpg\",\"datePublished\":\"2022-09-27T20:55:55+00:00\",\"dateModified\":\"2024-09-16T12:55:24+00:00\",\"description\":\"Jeune pirate, le moment est venu pour toi d'acqu\u00e9rir cette Figurine one piece zoro fluide offensif. Pour rappel, Zoro ou Roronoa Zoro, fut le premier membre \u00e0 rejoindre l'\u00c9quipage du Chapeau de Paille. Il en est le premier et principal \u00e9p\u00e9iste. Son ambition est de devenir le meilleur sabreur au monde et il a d'ailleurs\",\"breadcrumb\":{\"@id\":\"https:\\\/\\\/boutique-one-piece.com\\\/figurines-one-piece\\\/figurine-one-piece-zoro-fluides-offensif\\\/#breadcrumb\"},\"inLanguage\":\"de\",\"potentialAction\":[{\"@type\":\"ReadAction\",\"target\":[\"https:\\\/\\\/boutique-one-piece.com\\\/figurines-one-piece\\\/figurine-one-piece-zoro-fluides-offensif\\\/\"]}]},{\"@type\":\"ImageObject\",\"inLanguage\":\"de\",\"@id\":\"https:\\\/\\\/boutique-one-piece.com\\\/figurines-one-piece\\\/figurine-one-piece-zoro-fluides-offensif\\\/#primaryimage\",\"url\":\"https:\\\/\\\/boutique-one-piece.com\\\/wp-content\\\/uploads\\\/2022\\\/09\\\/Figurine-One-Piece-Zoro-Fluides-Offensif-1.jpg\",\"contentUrl\":\"https:\\\/\\\/boutique-one-piece.com\\\/wp-content\\\/uploads\\\/2022\\\/09\\\/Figurine-One-Piece-Zoro-Fluides-Offensif-1.jpg\",\"width\":1000,\"height\":1000},{\"@type\":\"BreadcrumbList\",\"@id\":\"https:\\\/\\\/boutique-one-piece.com\\\/figurines-one-piece\\\/figurine-one-piece-zoro-fluides-offensif\\\/#breadcrumb\",\"itemListElement\":[{\"@type\":\"ListItem\",\"position\":1,\"name\":\"Home\",\"item\":\"https:\\\/\\\/boutique-one-piece.com\\\/\"},{\"@type\":\"ListItem\",\"position\":2,\"name\":\"Shop\",\"item\":\"https:\\\/\\\/boutique-one-piece.com\\\/shop\\\/\"},{\"@type\":\"ListItem\",\"position\":3,\"name\":\"Figurine One Piece Zoro Fluides Offensif\"}]},{\"@type\":\"WebSite\",\"@id\":\"https:\\\/\\\/boutique-one-piece.com\\\/#website\",\"url\":\"https:\\\/\\\/boutique-one-piece.com\\\/\",\"name\":\"Boutique One Piece\",\"description\":\"Magasin Sp\u00e9cialis\u00e9 du Manga et l&#039;Anime One Piece\",\"publisher\":{\"@id\":\"https:\\\/\\\/boutique-one-piece.com\\\/#organization\"},\"potentialAction\":[{\"@type\":\"SearchAction\",\"target\":{\"@type\":\"EntryPoint\",\"urlTemplate\":\"https:\\\/\\\/boutique-one-piece.com\\\/?s={search_term_string}\"},\"query-input\":{\"@type\":\"PropertyValueSpecification\",\"valueRequired\":true,\"valueName\":\"search_term_string\"}}],\"inLanguage\":\"de\"},{\"@type\":\"Organization\",\"@id\":\"https:\\\/\\\/boutique-one-piece.com\\\/#organization\",\"name\":\"Boutique One Piece\",\"url\":\"https:\\\/\\\/boutique-one-piece.com\\\/\",\"logo\":{\"@type\":\"ImageObject\",\"inLanguage\":\"de\",\"@id\":\"https:\\\/\\\/boutique-one-piece.com\\\/#\\\/schema\\\/logo\\\/image\\\/\",\"url\":\"https:\\\/\\\/boutique-one-piece.com\\\/wp-content\\\/uploads\\\/2022\\\/09\\\/Logo-01.png\",\"contentUrl\":\"https:\\\/\\\/boutique-one-piece.com\\\/wp-content\\\/uploads\\\/2022\\\/09\\\/Logo-01.png\",\"width\":2318,\"height\":957,\"caption\":\"Boutique One Piece\"},\"image\":{\"@id\":\"https:\\\/\\\/boutique-one-piece.com\\\/#\\\/schema\\\/logo\\\/image\\\/\"}}]}<\/script>\n<!-- \/ Yoast SEO plugin. -->","yoast_head_json":{"title":"One Piece Zoro Offensive Fluids Figur | One Piece Figur \u2013 One Piece Shop","description":"Junger Pirat, es ist an der Zeit, dir diese One Piece Zoro-Figur in seiner offensiven Fluid-Form zu sichern. Zur Erinnerung: Zoro, oder Roronoa Zoro, war das erste Mitglied der Strohhutbande. Er ist ihr erster und wichtigster Schwertk\u00e4mpfer. Sein Ziel ist es, der gr\u00f6\u00dfte Schwertk\u00e4mpfer der Welt zu werden, und er hat...","robots":{"index":"index","follow":"follow","max-snippet":"max-snippet:-1","max-image-preview":"max-image-preview:large","max-video-preview":"max-video-preview:-1"},"canonical":"https:\/\/boutique-one-piece.com\/de\/one-piece-figuren\/one-piece-zoro-figur-mit-anstosigen-flussigkeiten\/","og_locale":"de_DE","og_type":"article","og_title":"Figurine One Piece Zoro Fluides Offensif | Figurine One Piece \u2013 Boutique One Piece","og_description":"Jeune pirate, le moment est venu pour toi d'acqu\u00e9rir cette Figurine one piece zoro fluide offensif. Pour rappel, Zoro ou Roronoa Zoro, fut le premier membre \u00e0 rejoindre l'\u00c9quipage du Chapeau de Paille. Il en est le premier et principal \u00e9p\u00e9iste. Son ambition est de devenir le meilleur sabreur au monde et il a d'ailleurs","og_url":"https:\/\/boutique-one-piece.com\/de\/one-piece-figuren\/one-piece-zoro-figur-mit-anstosigen-flussigkeiten\/","og_site_name":"Boutique One Piece","article_modified_time":"2024-09-16T12:55:24+00:00","og_image":[{"width":1000,"height":1000,"url":"https:\/\/boutique-one-piece.com\/wp-content\/uploads\/2022\/09\/Figurine-One-Piece-Zoro-Fluides-Offensif-1.jpg","type":"image\/jpeg"}],"twitter_card":"summary_large_image","twitter_misc":{"Gesch\u00e4tzte Lesezeit":"2\u00a0Minuten"},"schema":{"@context":"https:\/\/schema.org","@graph":[{"@type":"WebPage","@id":"https:\/\/boutique-one-piece.com\/figurines-one-piece\/figurine-one-piece-zoro-fluides-offensif\/","url":"https:\/\/boutique-one-piece.com\/figurines-one-piece\/figurine-one-piece-zoro-fluides-offensif\/","name":"One Piece Zoro Offensive Fluids Figur | One Piece Figur \u2013 One Piece Shop","isPartOf":{"@id":"https:\/\/boutique-one-piece.com\/#website"},"primaryImageOfPage":{"@id":"https:\/\/boutique-one-piece.com\/figurines-one-piece\/figurine-one-piece-zoro-fluides-offensif\/#primaryimage"},"image":{"@id":"https:\/\/boutique-one-piece.com\/figurines-one-piece\/figurine-one-piece-zoro-fluides-offensif\/#primaryimage"},"thumbnailUrl":"https:\/\/boutique-one-piece.com\/wp-content\/uploads\/2022\/09\/Figurine-One-Piece-Zoro-Fluides-Offensif-1.jpg","datePublished":"2022-09-27T20:55:55+00:00","dateModified":"2024-09-16T12:55:24+00:00","description":"Junger Pirat, es ist an der Zeit, dir diese One Piece Zoro-Figur in seiner offensiven Fluid-Form zu sichern. Zur Erinnerung: Zoro, oder Roronoa Zoro, war das erste Mitglied der Strohhutbande. Er ist ihr erster und wichtigster Schwertk\u00e4mpfer. Sein Ziel ist es, der gr\u00f6\u00dfte Schwertk\u00e4mpfer der Welt zu werden, und er hat...","breadcrumb":{"@id":"https:\/\/boutique-one-piece.com\/figurines-one-piece\/figurine-one-piece-zoro-fluides-offensif\/#breadcrumb"},"inLanguage":"de","potentialAction":[{"@type":"ReadAction","target":["https:\/\/boutique-one-piece.com\/figurines-one-piece\/figurine-one-piece-zoro-fluides-offensif\/"]}]},{"@type":"ImageObject","inLanguage":"de","@id":"https:\/\/boutique-one-piece.com\/figurines-one-piece\/figurine-one-piece-zoro-fluides-offensif\/#primaryimage","url":"https:\/\/boutique-one-piece.com\/wp-content\/uploads\/2022\/09\/Figurine-One-Piece-Zoro-Fluides-Offensif-1.jpg","contentUrl":"https:\/\/boutique-one-piece.com\/wp-content\/uploads\/2022\/09\/Figurine-One-Piece-Zoro-Fluides-Offensif-1.jpg","width":1000,"height":1000},{"@type":"BreadcrumbList","@id":"https:\/\/boutique-one-piece.com\/figurines-one-piece\/figurine-one-piece-zoro-fluides-offensif\/#breadcrumb","itemListElement":[{"@type":"ListItem","position":1,"name":"Home","item":"https:\/\/boutique-one-piece.com\/"},{"@type":"ListItem","position":2,"name":"Shop","item":"https:\/\/boutique-one-piece.com\/shop\/"},{"@type":"ListItem","position":3,"name":"Figurine One Piece Zoro Fluides Offensif"}]},{"@type":"WebSite","@id":"https:\/\/boutique-one-piece.com\/#website","url":"https:\/\/boutique-one-piece.com\/","name":"One Piece Shop","description":"Fachgesch\u00e4ft f\u00fcr One Piece Manga und Anime","publisher":{"@id":"https:\/\/boutique-one-piece.com\/#organization"},"potentialAction":[{"@type":"SearchAction","target":{"@type":"EntryPoint","urlTemplate":"https:\/\/boutique-one-piece.com\/?s={search_term_string}"},"query-input":{"@type":"PropertyValueSpecification","valueRequired":true,"valueName":"search_term_string"}}],"inLanguage":"de"},{"@type":"Organization","@id":"https:\/\/boutique-one-piece.com\/#organization","name":"One Piece Shop","url":"https:\/\/boutique-one-piece.com\/","logo":{"@type":"ImageObject","inLanguage":"de","@id":"https:\/\/boutique-one-piece.com\/#\/schema\/logo\/image\/","url":"https:\/\/boutique-one-piece.com\/wp-content\/uploads\/2022\/09\/Logo-01.png","contentUrl":"https:\/\/boutique-one-piece.com\/wp-content\/uploads\/2022\/09\/Logo-01.png","width":2318,"height":957,"caption":"Boutique One Piece"},"image":{"@id":"https:\/\/boutique-one-piece.com\/#\/schema\/logo\/image\/"}}]}},"_links":{"self":[{"href":"https:\/\/boutique-one-piece.com\/de\/wp-json\/wp\/v2\/product\/12459","targetHints":{"allow":["GET"]}}],"collection":[{"href":"https:\/\/boutique-one-piece.com\/de\/wp-json\/wp\/v2\/product"}],"about":[{"href":"https:\/\/boutique-one-piece.com\/de\/wp-json\/wp\/v2\/types\/product"}],"replies":[{"embeddable":true,"href":"https:\/\/boutique-one-piece.com\/de\/wp-json\/wp\/v2\/comments?post=12459"}],"wp:featuredmedia":[{"embeddable":true,"href":"https:\/\/boutique-one-piece.com\/de\/wp-json\/wp\/v2\/media\/12461"}],"wp:attachment":[{"href":"https:\/\/boutique-one-piece.com\/de\/wp-json\/wp\/v2\/media?parent=12459"}],"wp:term":[{"taxonomy":"product_brand","embeddable":true,"href":"https:\/\/boutique-one-piece.com\/de\/wp-json\/wp\/v2\/product_brand?post=12459"},{"taxonomy":"product_cat","embeddable":true,"href":"https:\/\/boutique-one-piece.com\/de\/wp-json\/wp\/v2\/product_cat?post=12459"},{"taxonomy":"product_tag","embeddable":true,"href":"https:\/\/boutique-one-piece.com\/de\/wp-json\/wp\/v2\/product_tag?post=12459"}],"curies":[{"name":"wp","href":"https:\/\/api.w.org\/{rel}","templated":true}]}}