{"id":12496,"date":"2022-09-27T20:56:13","date_gmt":"2022-09-27T20:56:13","guid":{"rendered":"https:\/\/boutique-one-piece.com\/uncategorized\/avis-de-recherche-one-piece-edward-newgate-wanted\/"},"modified":"2024-12-12T13:44:13","modified_gmt":"2024-12-12T13:44:13","slug":"gesucht-edward-newgate","status":"publish","type":"product","link":"https:\/\/boutique-one-piece.com\/de\/one-piece-dekorationen\/gesucht-edward-newgate\/","title":{"rendered":"Edward Newgate gesucht"},"content":{"rendered":"<h2>Wenn du dich f\u00fcr One Piece-Kopfgeldjagden und die m\u00e4chtigsten Piraten begeisterst, was h\u00e4ltst du von diesem Steckbrief von Edward Newgate?<\/h2>\n<p>Edward Newgate, auch bekannt als Whitebeard, gilt als der st\u00e4rkste Mann der Welt. Angesichts der vielen m\u00e4chtigen Piraten im One Piece-Universum ist Edward Newgates Kampfkraft umso beeindruckender. Er ist einer der vier <strong>Yonko<\/strong> der Neuen Welt.<\/p>\n<p>Im Gegensatz zur neuen Generation, die nach dem One Piece sucht, war er nie daran interessiert, sondern wurde nur von seinem Ziel angetrieben. <strong>eine gro\u00dfe Familie gr\u00fcnden<\/strong> von Piraten und der Seefahrt von Meer zu Meer in v\u00f6lliger Freiheit. Mit seiner gro\u00dfen Mannschaft, die er um sich scharte und die er allesamt als seine eigenen S\u00f6hne betrachtete, erreichte er sein Ziel.<\/p>\n<h3>Erg\u00e4nzen Sie Ihre Dekoration mit diesem Poster des st\u00e4rksten Mannes der Welt aus One Piece.<\/h3>\n<p>Edward Newgate a\u00df die Teufelsfrucht. <strong>Gura Gura no mi<\/strong>, Dadurch kann er Erdbeben ausl\u00f6sen, wenn er mit den F\u00e4usten auf etwas schl\u00e4gt. Man glaubt, dass er mit seiner Kraft ganze Inseln zerst\u00f6ren k\u00f6nnte.<\/p>\n<p>Newgates Hingabe zu seinen Untergebenen kennt keine Grenzen; um Ace, einen der Kommandanten seiner Crew, zu retten, k\u00e4mpft er Seite an Seite mit seiner gesamten Crew gegen die Weltregierung, die ihn gefangen h\u00e4lt, und geht sogar so weit, auf dem Schlachtfeld zu sterben. <strong>Marineford<\/strong> Um Ace zu r\u00e4chen, der in der Schlacht fallen wird, ist Edward Newgate auf ein Kopfgeld von 5 Milliarden und 46 Millionen Berry ausgesetzt.<\/p>\n<p>Wenn Sie eine Leidenschaft f\u00fcr Boni haben, dann ist dies<a href=\"https:\/\/boutique-one-piece.com\/de\/krokodil-steckbrief\/\" target=\"_blank\" title=\"Krokodil-Fahndungsaufruf\" rel=\"noopener noreferrer\"> Krokodil-Steckbrief<\/a> ist wie f\u00fcr Sie gemacht.<\/p>\n<h2>Informationen zum One Piece Wanted Whitebeard-Poster<\/h2>\n<ul>\n<li><span><b><u>One Piece Steckbrief<\/u><\/b>\u00a0Ein originaler One Piece Steckbrief f\u00fcr echte Piraten.<\/span><\/li>\n<\/ul>\n<ul>\n<li>\n<b><u>Edward Newgates Kopfgeld<\/u><\/b>\u00a05.046.000.000 Beeren<\/li>\n<\/ul>\n<ul>\n<li><span><strong>Hochwertiger Druck<\/strong>\u00a0akkurate Farben<\/span><\/li>\n<\/ul>\n<ul>\n<li>\n<strong>Dimension<\/strong>\u00a0: 30 cm x 21 cm und 42 cm x 30 cm<\/li>\n<\/ul>\n<ul>\n<li><span><strong>KOSTENLOSE LIEFERUNG<\/strong><\/span><\/li>\n<\/ul>","protected":false},"excerpt":{"rendered":"<p>Wenn du dich f\u00fcr One Piece-Kopfgeldjagden und die m\u00e4chtigsten Piraten begeisterst, was h\u00e4ltst du von diesem Steckbrief von Edward Newgate? Edward Newgate, auch bekannt als Whitebeard, gilt als der st\u00e4rkste Mann der Welt. Angesichts der vielen m\u00e4chtigen Piraten, die das One Piece-Universum bev\u00f6lkern\u2026<\/p>","protected":false},"featured_media":12498,"comment_status":"open","ping_status":"open","template":"","meta":[],"product_brand":[],"product_cat":[171,150],"product_tag":[],"class_list":{"0":"post-12496","1":"product","2":"type-product","3":"status-publish","4":"has-post-thumbnail","6":"product_cat-avis-de-recherche-one-piece","7":"product_cat-decorations-one-piece","9":"first","10":"instock","11":"purchasable","12":"product-type-variable"},"yoast_head":"<!-- This site is optimized with the Yoast SEO plugin v27.5 - https:\/\/yoast.com\/product\/yoast-seo-wordpress\/ -->\n<title>Avis de Recherche One Piece Edward Newgate Wanted | D\u00e9coration One Piece \u2013 Boutique One Piece<\/title>\n<meta name=\"description\" content=\"Si tu es passionn\u00e9 par les primes de One Piece et les pirates les plus puissants, que penses-tu de cet Avis de Recherche Edward Newgate Wanted ? Edward Newgate, alias Barbe Blanche est r\u00e9put\u00e9 pour \u00eatre l&#039;homme le plus fort au monde. Quand on connait les nombreux pirates tr\u00e8s puissants qui peuplent l&#039;univers de One Piec\" \/>\n<meta name=\"robots\" content=\"index, follow, max-snippet:-1, max-image-preview:large, max-video-preview:-1\" \/>\n<link rel=\"canonical\" href=\"https:\/\/boutique-one-piece.com\/de\/steckbrief-aus-one-piece\/gesucht-edward-newgate\/\" \/>\n<meta property=\"og:locale\" content=\"de_DE\" \/>\n<meta property=\"og:type\" content=\"article\" \/>\n<meta property=\"og:title\" content=\"Avis de Recherche One Piece Edward Newgate Wanted | D\u00e9coration One Piece \u2013 Boutique One Piece\" \/>\n<meta property=\"og:description\" content=\"Si tu es passionn\u00e9 par les primes de One Piece et les pirates les plus puissants, que penses-tu de cet Avis de Recherche Edward Newgate Wanted ? Edward Newgate, alias Barbe Blanche est r\u00e9put\u00e9 pour \u00eatre l&#039;homme le plus fort au monde. Quand on connait les nombreux pirates tr\u00e8s puissants qui peuplent l&#039;univers de One Piec\" \/>\n<meta property=\"og:url\" content=\"https:\/\/boutique-one-piece.com\/de\/steckbrief-aus-one-piece\/gesucht-edward-newgate\/\" \/>\n<meta property=\"og:site_name\" content=\"Boutique One Piece\" \/>\n<meta property=\"article:modified_time\" content=\"2024-12-12T13:44:13+00:00\" \/>\n<meta property=\"og:image\" content=\"https:\/\/boutique-one-piece.com\/wp-content\/uploads\/2022\/09\/Avis-de-Recherche-Edward-Newgate-Wanted.jpg\" \/>\n\t<meta property=\"og:image:width\" content=\"800\" \/>\n\t<meta property=\"og:image:height\" content=\"800\" \/>\n\t<meta property=\"og:image:type\" content=\"image\/jpeg\" \/>\n<meta name=\"twitter:card\" content=\"summary_large_image\" \/>\n<meta name=\"twitter:label1\" content=\"Gesch\u00e4tzte Lesezeit\" \/>\n\t<meta name=\"twitter:data1\" content=\"2\u00a0Minuten\" \/>\n<script type=\"application\/ld+json\" class=\"yoast-schema-graph\">{\"@context\":\"https:\\\/\\\/schema.org\",\"@graph\":[{\"@type\":\"WebPage\",\"@id\":\"https:\\\/\\\/boutique-one-piece.com\\\/avis-de-recherche-one-piece\\\/avis-de-recherche-one-piece-edward-newgate-wanted\\\/\",\"url\":\"https:\\\/\\\/boutique-one-piece.com\\\/avis-de-recherche-one-piece\\\/avis-de-recherche-one-piece-edward-newgate-wanted\\\/\",\"name\":\"Avis de Recherche One Piece Edward Newgate Wanted | D\u00e9coration One Piece \u2013 Boutique One Piece\",\"isPartOf\":{\"@id\":\"https:\\\/\\\/boutique-one-piece.com\\\/#website\"},\"primaryImageOfPage\":{\"@id\":\"https:\\\/\\\/boutique-one-piece.com\\\/avis-de-recherche-one-piece\\\/avis-de-recherche-one-piece-edward-newgate-wanted\\\/#primaryimage\"},\"image\":{\"@id\":\"https:\\\/\\\/boutique-one-piece.com\\\/avis-de-recherche-one-piece\\\/avis-de-recherche-one-piece-edward-newgate-wanted\\\/#primaryimage\"},\"thumbnailUrl\":\"https:\\\/\\\/boutique-one-piece.com\\\/wp-content\\\/uploads\\\/2022\\\/09\\\/Avis-de-Recherche-Edward-Newgate-Wanted.jpg\",\"datePublished\":\"2022-09-27T20:56:13+00:00\",\"dateModified\":\"2024-12-12T13:44:13+00:00\",\"description\":\"Si tu es passionn\u00e9 par les primes de One Piece et les pirates les plus puissants, que penses-tu de cet Avis de Recherche Edward Newgate Wanted ? Edward Newgate, alias Barbe Blanche est r\u00e9put\u00e9 pour \u00eatre l'homme le plus fort au monde. Quand on connait les nombreux pirates tr\u00e8s puissants qui peuplent l'univers de One Piec\",\"breadcrumb\":{\"@id\":\"https:\\\/\\\/boutique-one-piece.com\\\/avis-de-recherche-one-piece\\\/avis-de-recherche-one-piece-edward-newgate-wanted\\\/#breadcrumb\"},\"inLanguage\":\"de\",\"potentialAction\":[{\"@type\":\"ReadAction\",\"target\":[\"https:\\\/\\\/boutique-one-piece.com\\\/avis-de-recherche-one-piece\\\/avis-de-recherche-one-piece-edward-newgate-wanted\\\/\"]}]},{\"@type\":\"ImageObject\",\"inLanguage\":\"de\",\"@id\":\"https:\\\/\\\/boutique-one-piece.com\\\/avis-de-recherche-one-piece\\\/avis-de-recherche-one-piece-edward-newgate-wanted\\\/#primaryimage\",\"url\":\"https:\\\/\\\/boutique-one-piece.com\\\/wp-content\\\/uploads\\\/2022\\\/09\\\/Avis-de-Recherche-Edward-Newgate-Wanted.jpg\",\"contentUrl\":\"https:\\\/\\\/boutique-one-piece.com\\\/wp-content\\\/uploads\\\/2022\\\/09\\\/Avis-de-Recherche-Edward-Newgate-Wanted.jpg\",\"width\":800,\"height\":800,\"caption\":\"Avis de Recherche Edward Newgate Wanted 42 X 30 cm\"},{\"@type\":\"BreadcrumbList\",\"@id\":\"https:\\\/\\\/boutique-one-piece.com\\\/avis-de-recherche-one-piece\\\/avis-de-recherche-one-piece-edward-newgate-wanted\\\/#breadcrumb\",\"itemListElement\":[{\"@type\":\"ListItem\",\"position\":1,\"name\":\"Home\",\"item\":\"https:\\\/\\\/boutique-one-piece.com\\\/\"},{\"@type\":\"ListItem\",\"position\":2,\"name\":\"Shop\",\"item\":\"https:\\\/\\\/boutique-one-piece.com\\\/shop\\\/\"},{\"@type\":\"ListItem\",\"position\":3,\"name\":\"Avis de Recherche Edward Newgate Wanted\"}]},{\"@type\":\"WebSite\",\"@id\":\"https:\\\/\\\/boutique-one-piece.com\\\/#website\",\"url\":\"https:\\\/\\\/boutique-one-piece.com\\\/\",\"name\":\"Boutique One Piece\",\"description\":\"Magasin Sp\u00e9cialis\u00e9 du Manga et l&#039;Anime One Piece\",\"publisher\":{\"@id\":\"https:\\\/\\\/boutique-one-piece.com\\\/#organization\"},\"potentialAction\":[{\"@type\":\"SearchAction\",\"target\":{\"@type\":\"EntryPoint\",\"urlTemplate\":\"https:\\\/\\\/boutique-one-piece.com\\\/?s={search_term_string}\"},\"query-input\":{\"@type\":\"PropertyValueSpecification\",\"valueRequired\":true,\"valueName\":\"search_term_string\"}}],\"inLanguage\":\"de\"},{\"@type\":\"Organization\",\"@id\":\"https:\\\/\\\/boutique-one-piece.com\\\/#organization\",\"name\":\"Boutique One Piece\",\"url\":\"https:\\\/\\\/boutique-one-piece.com\\\/\",\"logo\":{\"@type\":\"ImageObject\",\"inLanguage\":\"de\",\"@id\":\"https:\\\/\\\/boutique-one-piece.com\\\/#\\\/schema\\\/logo\\\/image\\\/\",\"url\":\"https:\\\/\\\/boutique-one-piece.com\\\/wp-content\\\/uploads\\\/2022\\\/09\\\/Logo-01.png\",\"contentUrl\":\"https:\\\/\\\/boutique-one-piece.com\\\/wp-content\\\/uploads\\\/2022\\\/09\\\/Logo-01.png\",\"width\":2318,\"height\":957,\"caption\":\"Boutique One Piece\"},\"image\":{\"@id\":\"https:\\\/\\\/boutique-one-piece.com\\\/#\\\/schema\\\/logo\\\/image\\\/\"}}]}<\/script>\n<!-- \/ Yoast SEO plugin. -->","yoast_head_json":{"title":"One Piece Steckbrief: Edward Newgate | One Piece Dekorationen \u2013 One Piece Shop","description":"Wenn du dich f\u00fcr One Piece-Kopfgeldjagden und die m\u00e4chtigsten Piraten begeisterst, was h\u00e4ltst du von diesem Steckbrief f\u00fcr Edward Newgate? Edward Newgate, auch bekannt als Whitebeard, ist ber\u00fchmt daf\u00fcr, der st\u00e4rkste Mann der Welt zu sein. Angesichts der vielen unglaublich starken Piraten, die das One Piece-Universum bev\u00f6lkern \u2026","robots":{"index":"index","follow":"follow","max-snippet":"max-snippet:-1","max-image-preview":"max-image-preview:large","max-video-preview":"max-video-preview:-1"},"canonical":"https:\/\/boutique-one-piece.com\/de\/steckbrief-aus-one-piece\/gesucht-edward-newgate\/","og_locale":"de_DE","og_type":"article","og_title":"Avis de Recherche One Piece Edward Newgate Wanted | D\u00e9coration One Piece \u2013 Boutique One Piece","og_description":"Si tu es passionn\u00e9 par les primes de One Piece et les pirates les plus puissants, que penses-tu de cet Avis de Recherche Edward Newgate Wanted ? Edward Newgate, alias Barbe Blanche est r\u00e9put\u00e9 pour \u00eatre l'homme le plus fort au monde. Quand on connait les nombreux pirates tr\u00e8s puissants qui peuplent l'univers de One Piec","og_url":"https:\/\/boutique-one-piece.com\/de\/steckbrief-aus-one-piece\/gesucht-edward-newgate\/","og_site_name":"Boutique One Piece","article_modified_time":"2024-12-12T13:44:13+00:00","og_image":[{"width":800,"height":800,"url":"https:\/\/boutique-one-piece.com\/wp-content\/uploads\/2022\/09\/Avis-de-Recherche-Edward-Newgate-Wanted.jpg","type":"image\/jpeg"}],"twitter_card":"summary_large_image","twitter_misc":{"Gesch\u00e4tzte Lesezeit":"2\u00a0Minuten"},"schema":{"@context":"https:\/\/schema.org","@graph":[{"@type":"WebPage","@id":"https:\/\/boutique-one-piece.com\/avis-de-recherche-one-piece\/avis-de-recherche-one-piece-edward-newgate-wanted\/","url":"https:\/\/boutique-one-piece.com\/avis-de-recherche-one-piece\/avis-de-recherche-one-piece-edward-newgate-wanted\/","name":"One Piece Steckbrief: Edward Newgate | One Piece Dekorationen \u2013 One Piece Shop","isPartOf":{"@id":"https:\/\/boutique-one-piece.com\/#website"},"primaryImageOfPage":{"@id":"https:\/\/boutique-one-piece.com\/avis-de-recherche-one-piece\/avis-de-recherche-one-piece-edward-newgate-wanted\/#primaryimage"},"image":{"@id":"https:\/\/boutique-one-piece.com\/avis-de-recherche-one-piece\/avis-de-recherche-one-piece-edward-newgate-wanted\/#primaryimage"},"thumbnailUrl":"https:\/\/boutique-one-piece.com\/wp-content\/uploads\/2022\/09\/Avis-de-Recherche-Edward-Newgate-Wanted.jpg","datePublished":"2022-09-27T20:56:13+00:00","dateModified":"2024-12-12T13:44:13+00:00","description":"Wenn du dich f\u00fcr One Piece-Kopfgeldjagden und die m\u00e4chtigsten Piraten begeisterst, was h\u00e4ltst du von diesem Steckbrief f\u00fcr Edward Newgate? Edward Newgate, auch bekannt als Whitebeard, ist ber\u00fchmt daf\u00fcr, der st\u00e4rkste Mann der Welt zu sein. Angesichts der vielen unglaublich starken Piraten, die das One Piece-Universum bev\u00f6lkern \u2026","breadcrumb":{"@id":"https:\/\/boutique-one-piece.com\/avis-de-recherche-one-piece\/avis-de-recherche-one-piece-edward-newgate-wanted\/#breadcrumb"},"inLanguage":"de","potentialAction":[{"@type":"ReadAction","target":["https:\/\/boutique-one-piece.com\/avis-de-recherche-one-piece\/avis-de-recherche-one-piece-edward-newgate-wanted\/"]}]},{"@type":"ImageObject","inLanguage":"de","@id":"https:\/\/boutique-one-piece.com\/avis-de-recherche-one-piece\/avis-de-recherche-one-piece-edward-newgate-wanted\/#primaryimage","url":"https:\/\/boutique-one-piece.com\/wp-content\/uploads\/2022\/09\/Avis-de-Recherche-Edward-Newgate-Wanted.jpg","contentUrl":"https:\/\/boutique-one-piece.com\/wp-content\/uploads\/2022\/09\/Avis-de-Recherche-Edward-Newgate-Wanted.jpg","width":800,"height":800,"caption":"Avis de Recherche Edward Newgate Wanted 42 X 30 cm"},{"@type":"BreadcrumbList","@id":"https:\/\/boutique-one-piece.com\/avis-de-recherche-one-piece\/avis-de-recherche-one-piece-edward-newgate-wanted\/#breadcrumb","itemListElement":[{"@type":"ListItem","position":1,"name":"Home","item":"https:\/\/boutique-one-piece.com\/"},{"@type":"ListItem","position":2,"name":"Shop","item":"https:\/\/boutique-one-piece.com\/shop\/"},{"@type":"ListItem","position":3,"name":"Avis de Recherche Edward Newgate Wanted"}]},{"@type":"WebSite","@id":"https:\/\/boutique-one-piece.com\/#website","url":"https:\/\/boutique-one-piece.com\/","name":"One Piece Shop","description":"Fachgesch\u00e4ft f\u00fcr One Piece Manga und Anime","publisher":{"@id":"https:\/\/boutique-one-piece.com\/#organization"},"potentialAction":[{"@type":"SearchAction","target":{"@type":"EntryPoint","urlTemplate":"https:\/\/boutique-one-piece.com\/?s={search_term_string}"},"query-input":{"@type":"PropertyValueSpecification","valueRequired":true,"valueName":"search_term_string"}}],"inLanguage":"de"},{"@type":"Organization","@id":"https:\/\/boutique-one-piece.com\/#organization","name":"One Piece Shop","url":"https:\/\/boutique-one-piece.com\/","logo":{"@type":"ImageObject","inLanguage":"de","@id":"https:\/\/boutique-one-piece.com\/#\/schema\/logo\/image\/","url":"https:\/\/boutique-one-piece.com\/wp-content\/uploads\/2022\/09\/Logo-01.png","contentUrl":"https:\/\/boutique-one-piece.com\/wp-content\/uploads\/2022\/09\/Logo-01.png","width":2318,"height":957,"caption":"Boutique One Piece"},"image":{"@id":"https:\/\/boutique-one-piece.com\/#\/schema\/logo\/image\/"}}]}},"_links":{"self":[{"href":"https:\/\/boutique-one-piece.com\/de\/wp-json\/wp\/v2\/product\/12496","targetHints":{"allow":["GET"]}}],"collection":[{"href":"https:\/\/boutique-one-piece.com\/de\/wp-json\/wp\/v2\/product"}],"about":[{"href":"https:\/\/boutique-one-piece.com\/de\/wp-json\/wp\/v2\/types\/product"}],"replies":[{"embeddable":true,"href":"https:\/\/boutique-one-piece.com\/de\/wp-json\/wp\/v2\/comments?post=12496"}],"wp:featuredmedia":[{"embeddable":true,"href":"https:\/\/boutique-one-piece.com\/de\/wp-json\/wp\/v2\/media\/12498"}],"wp:attachment":[{"href":"https:\/\/boutique-one-piece.com\/de\/wp-json\/wp\/v2\/media?parent=12496"}],"wp:term":[{"taxonomy":"product_brand","embeddable":true,"href":"https:\/\/boutique-one-piece.com\/de\/wp-json\/wp\/v2\/product_brand?post=12496"},{"taxonomy":"product_cat","embeddable":true,"href":"https:\/\/boutique-one-piece.com\/de\/wp-json\/wp\/v2\/product_cat?post=12496"},{"taxonomy":"product_tag","embeddable":true,"href":"https:\/\/boutique-one-piece.com\/de\/wp-json\/wp\/v2\/product_tag?post=12496"}],"curies":[{"name":"wp","href":"https:\/\/api.w.org\/{rel}","templated":true}]}}