{"id":12569,"date":"2022-09-27T20:56:38","date_gmt":"2022-09-27T20:56:38","guid":{"rendered":"https:\/\/boutique-one-piece.com\/uncategorized\/figurine-one-piece-lempereur-edward-newgate-sur-son-trone\/"},"modified":"2024-09-16T12:57:53","modified_gmt":"2024-09-16T12:57:53","slug":"one-piece-figur-von-kaiser-edward-newgate-auf-seinem-thron","status":"publish","type":"product","link":"https:\/\/boutique-one-piece.com\/de\/one-piece-figuren\/edward-newgate-figuren\/one-piece-figur-von-kaiser-edward-newgate-auf-seinem-thron\/","title":{"rendered":"One Piece Kaiser Edward Newgate auf seinem Thron Figur"},"content":{"rendered":"<h2>Jeune pirate, le moment est venu pour toi de te procurer cette Figurine One Piece L\u2019Empereur Edward Newgate Sur Son Tr\u00f4ne.<\/h2>\n<p>Tu n\u2019es pas sans savoir que l\u2019<strong>Kaiser Edward Newgate<\/strong> aussi appel\u00e9 Barbe Blanche ou encore \u00ab\u00a0L\u2019Homme le Plus Fort au Monde\u00a0\u00bb, est \u00e9galement consid\u00e9r\u00e9 comme \u00e9tant l\u2019homme \u00ab\u00a0le plus proche du <strong>Ein St\u00fcck<\/strong>. Il \u00e9tait le capitaine de l\u2019\u00c9quipage de Barbe Blanche et faisait partie des Quatre Empereurs de son vivant. Il a \u00e9t\u00e9 tu\u00e9 dans la Bataille de Marine Ford par son ancien subordonn\u00e9 Marshall D. Teach (et son \u00e9quipage).<\/p>\n<p>Enfin, il connaissait la signification de la volont\u00e9 du D. Ses derni\u00e8res paroles furent de pr\u00e9dire qu\u2019une personne d\u00e9fiera le monde entier, une guerre plus importante encore que celle de Marineford viendra et de d\u00e9clarer pour finir que le One Piece existait vraiment. Il est le premier protagoniste de l\u2019Arc Marineford avant Luffy en deuxi\u00e8me et Ace en troisi\u00e8me. D\u2019ailleurs, la <a href=\"https:\/\/boutique-one-piece.com\/de\/one-piece-ace-ignites-figur\/\" title=\"ONE PIECE FIGUR ACE ON FIRE\" target=\"_blank\" rel=\"noopener\">figurine d\u2019Ace enflamm\u00e9<\/a> ist in Ihrer Reichweite.<\/p>\n<h3>Alors, conquis par l\u2019Empereur Edward Newgate ? Si tel est le cas, n\u2019h\u00e9site plus et saute sur l\u2019occasion de devenir \u00e0 ses c\u00f4t\u00e9s, un des protagonistes de l\u2019Arc Marineford.<\/h3>\n<p><strong>Ein St\u00fcck<\/strong> One Piece ist der weltweit meistverkaufte Manga. Sei stolz darauf, Teil dieses Abenteuers zu sein und dein One Piece-Universum mit diesen legend\u00e4ren Gegenst\u00e4nden zu erweitern. Eines ist sicher: Dein Schicksal liegt in deinen H\u00e4nden, junger Pirat. <strong>Der Schatz von One Piece<\/strong> n\u2019a toujours pas \u00e9t\u00e9 trouv\u00e9 !<\/p>\n<h2>Information sur Figurine L\u2019Empereur Edward Newgate Sur Son Tr\u00f4ne\u00a0<\/h2>\n<ul>\n<li><span><b><u>One Piece Figur<\/u><\/b>\u00a0: Figurine\u00a0 premium de l\u2019univers One Piece pour les vrais pirates<\/span><\/li>\n<\/ul>\n<ul>\n<li>\n<b>Gegenstand<\/b><span>\u00a0<\/span>PVC<\/li>\n<\/ul>\n<ul>\n<li><span><strong>Dimension<\/strong>\u00a024 cm<\/span><\/li>\n<\/ul>\n<ul>\n<li><span><strong>KOSTENLOSE LIEFERUNG<\/strong><\/span><\/li>\n<\/ul>","protected":false},"excerpt":{"rendered":"<p>Jeune pirate, le moment est venu pour toi de te procurer cette Figurine One Piece L\u2019Empereur Edward Newgate Sur Son Tr\u00f4ne. Tu n\u2019es pas sans savoir que l\u2019Empereur Edward Newgate aussi appel\u00e9 Barbe Blanche ou encore \u00ab\u00a0L\u2019Homme le Plus Fort au Monde\u00a0\u00bb, est \u00e9galement consid\u00e9r\u00e9 comme \u00e9tant l\u2019homme \u00ab\u00a0le plus proche du One Piece. Il [&hellip;]<\/p>","protected":false},"featured_media":12571,"comment_status":"open","ping_status":"open","template":"","meta":[],"product_brand":[],"product_cat":[310,76],"product_tag":[199],"class_list":{"0":"post-12569","1":"product","2":"type-product","3":"status-publish","4":"has-post-thumbnail","6":"product_cat-figurines-edward-newgate","7":"product_cat-figurines-one-piece","8":"product_tag-barbe-blanche","10":"first","11":"instock","12":"purchasable","13":"product-type-simple"},"yoast_head":"<!-- This site is optimized with the Yoast SEO plugin v27.5 - https:\/\/yoast.com\/product\/yoast-seo-wordpress\/ -->\n<title>Figurine One Piece L&#039;Empereur Edward Newgate Sur Son Trone | Figurine One Piece \u2013 Boutique One Piece<\/title>\n<meta name=\"description\" content=\"Jeune pirate, le moment est venu pour toi de te procurer cette Figurine One Piece L&#039;Empereur Edward Newgate Sur Son Tr\u00f4ne. Tu n&#039;es pas sans savoir que l&#039;Empereur Edward Newgate aussi appel\u00e9 Barbe Blanche ou encore &quot;L&#039;Homme le Plus Fort au Monde&quot;, est \u00e9galement consid\u00e9r\u00e9 comme \u00e9tant l&#039;homme &quot;le plus proche du One Piece.\" \/>\n<meta name=\"robots\" content=\"index, follow, max-snippet:-1, max-image-preview:large, max-video-preview:-1\" \/>\n<link rel=\"canonical\" href=\"https:\/\/boutique-one-piece.com\/de\/one-piece-figuren\/edward-newgate-figuren\/one-piece-figur-von-kaiser-edward-newgate-auf-seinem-thron\/\" \/>\n<meta property=\"og:locale\" content=\"de_DE\" \/>\n<meta property=\"og:type\" content=\"article\" \/>\n<meta property=\"og:title\" content=\"Figurine One Piece L&#039;Empereur Edward Newgate Sur Son Trone | Figurine One Piece \u2013 Boutique One Piece\" \/>\n<meta property=\"og:description\" content=\"Jeune pirate, le moment est venu pour toi de te procurer cette Figurine One Piece L&#039;Empereur Edward Newgate Sur Son Tr\u00f4ne. Tu n&#039;es pas sans savoir que l&#039;Empereur Edward Newgate aussi appel\u00e9 Barbe Blanche ou encore &quot;L&#039;Homme le Plus Fort au Monde&quot;, est \u00e9galement consid\u00e9r\u00e9 comme \u00e9tant l&#039;homme &quot;le plus proche du One Piece.\" \/>\n<meta property=\"og:url\" content=\"https:\/\/boutique-one-piece.com\/de\/one-piece-figuren\/edward-newgate-figuren\/one-piece-figur-von-kaiser-edward-newgate-auf-seinem-thron\/\" \/>\n<meta property=\"og:site_name\" content=\"Boutique One Piece\" \/>\n<meta property=\"article:modified_time\" content=\"2024-09-16T12:57:53+00:00\" \/>\n<meta property=\"og:image\" content=\"https:\/\/boutique-one-piece.com\/wp-content\/uploads\/2022\/09\/Figurine-One-Piece-LEmpereur-Edward-Newgate-Sur-Son-Trone.jpg\" \/>\n\t<meta property=\"og:image:width\" content=\"640\" \/>\n\t<meta property=\"og:image:height\" content=\"640\" \/>\n\t<meta property=\"og:image:type\" content=\"image\/jpeg\" \/>\n<meta name=\"twitter:card\" content=\"summary_large_image\" \/>\n<meta name=\"twitter:label1\" content=\"Gesch\u00e4tzte Lesezeit\" \/>\n\t<meta name=\"twitter:data1\" content=\"1\u00a0Minute\" \/>\n<script type=\"application\/ld+json\" class=\"yoast-schema-graph\">{\"@context\":\"https:\\\/\\\/schema.org\",\"@graph\":[{\"@type\":\"WebPage\",\"@id\":\"https:\\\/\\\/boutique-one-piece.com\\\/figurines-one-piece\\\/figurines-edward-newgate\\\/figurine-one-piece-lempereur-edward-newgate-sur-son-trone\\\/\",\"url\":\"https:\\\/\\\/boutique-one-piece.com\\\/figurines-one-piece\\\/figurines-edward-newgate\\\/figurine-one-piece-lempereur-edward-newgate-sur-son-trone\\\/\",\"name\":\"Figurine One Piece L'Empereur Edward Newgate Sur Son Trone | Figurine One Piece \u2013 Boutique One Piece\",\"isPartOf\":{\"@id\":\"https:\\\/\\\/boutique-one-piece.com\\\/#website\"},\"primaryImageOfPage\":{\"@id\":\"https:\\\/\\\/boutique-one-piece.com\\\/figurines-one-piece\\\/figurines-edward-newgate\\\/figurine-one-piece-lempereur-edward-newgate-sur-son-trone\\\/#primaryimage\"},\"image\":{\"@id\":\"https:\\\/\\\/boutique-one-piece.com\\\/figurines-one-piece\\\/figurines-edward-newgate\\\/figurine-one-piece-lempereur-edward-newgate-sur-son-trone\\\/#primaryimage\"},\"thumbnailUrl\":\"https:\\\/\\\/boutique-one-piece.com\\\/wp-content\\\/uploads\\\/2022\\\/09\\\/Figurine-One-Piece-LEmpereur-Edward-Newgate-Sur-Son-Trone.jpg\",\"datePublished\":\"2022-09-27T20:56:38+00:00\",\"dateModified\":\"2024-09-16T12:57:53+00:00\",\"description\":\"Jeune pirate, le moment est venu pour toi de te procurer cette Figurine One Piece L'Empereur Edward Newgate Sur Son Tr\u00f4ne. Tu n'es pas sans savoir que l'Empereur Edward Newgate aussi appel\u00e9 Barbe Blanche ou encore \\\"L'Homme le Plus Fort au Monde\\\", est \u00e9galement consid\u00e9r\u00e9 comme \u00e9tant l'homme \\\"le plus proche du One Piece.\",\"breadcrumb\":{\"@id\":\"https:\\\/\\\/boutique-one-piece.com\\\/figurines-one-piece\\\/figurines-edward-newgate\\\/figurine-one-piece-lempereur-edward-newgate-sur-son-trone\\\/#breadcrumb\"},\"inLanguage\":\"de\",\"potentialAction\":[{\"@type\":\"ReadAction\",\"target\":[\"https:\\\/\\\/boutique-one-piece.com\\\/figurines-one-piece\\\/figurines-edward-newgate\\\/figurine-one-piece-lempereur-edward-newgate-sur-son-trone\\\/\"]}]},{\"@type\":\"ImageObject\",\"inLanguage\":\"de\",\"@id\":\"https:\\\/\\\/boutique-one-piece.com\\\/figurines-one-piece\\\/figurines-edward-newgate\\\/figurine-one-piece-lempereur-edward-newgate-sur-son-trone\\\/#primaryimage\",\"url\":\"https:\\\/\\\/boutique-one-piece.com\\\/wp-content\\\/uploads\\\/2022\\\/09\\\/Figurine-One-Piece-LEmpereur-Edward-Newgate-Sur-Son-Trone.jpg\",\"contentUrl\":\"https:\\\/\\\/boutique-one-piece.com\\\/wp-content\\\/uploads\\\/2022\\\/09\\\/Figurine-One-Piece-LEmpereur-Edward-Newgate-Sur-Son-Trone.jpg\",\"width\":640,\"height\":640,\"caption\":\"Figurine One Piece L'Empereur Edward Newgate Sur Son Tr\u00f4ne Default Title\"},{\"@type\":\"BreadcrumbList\",\"@id\":\"https:\\\/\\\/boutique-one-piece.com\\\/figurines-one-piece\\\/figurines-edward-newgate\\\/figurine-one-piece-lempereur-edward-newgate-sur-son-trone\\\/#breadcrumb\",\"itemListElement\":[{\"@type\":\"ListItem\",\"position\":1,\"name\":\"Home\",\"item\":\"https:\\\/\\\/boutique-one-piece.com\\\/\"},{\"@type\":\"ListItem\",\"position\":2,\"name\":\"Shop\",\"item\":\"https:\\\/\\\/boutique-one-piece.com\\\/shop\\\/\"},{\"@type\":\"ListItem\",\"position\":3,\"name\":\"Figurine One Piece L&#8217;Empereur Edward Newgate Sur Son Tr\u00f4ne\"}]},{\"@type\":\"WebSite\",\"@id\":\"https:\\\/\\\/boutique-one-piece.com\\\/#website\",\"url\":\"https:\\\/\\\/boutique-one-piece.com\\\/\",\"name\":\"Boutique One Piece\",\"description\":\"Magasin Sp\u00e9cialis\u00e9 du Manga et l&#039;Anime One Piece\",\"publisher\":{\"@id\":\"https:\\\/\\\/boutique-one-piece.com\\\/#organization\"},\"potentialAction\":[{\"@type\":\"SearchAction\",\"target\":{\"@type\":\"EntryPoint\",\"urlTemplate\":\"https:\\\/\\\/boutique-one-piece.com\\\/?s={search_term_string}\"},\"query-input\":{\"@type\":\"PropertyValueSpecification\",\"valueRequired\":true,\"valueName\":\"search_term_string\"}}],\"inLanguage\":\"de\"},{\"@type\":\"Organization\",\"@id\":\"https:\\\/\\\/boutique-one-piece.com\\\/#organization\",\"name\":\"Boutique One Piece\",\"url\":\"https:\\\/\\\/boutique-one-piece.com\\\/\",\"logo\":{\"@type\":\"ImageObject\",\"inLanguage\":\"de\",\"@id\":\"https:\\\/\\\/boutique-one-piece.com\\\/#\\\/schema\\\/logo\\\/image\\\/\",\"url\":\"https:\\\/\\\/boutique-one-piece.com\\\/wp-content\\\/uploads\\\/2022\\\/09\\\/Logo-01.png\",\"contentUrl\":\"https:\\\/\\\/boutique-one-piece.com\\\/wp-content\\\/uploads\\\/2022\\\/09\\\/Logo-01.png\",\"width\":2318,\"height\":957,\"caption\":\"Boutique One Piece\"},\"image\":{\"@id\":\"https:\\\/\\\/boutique-one-piece.com\\\/#\\\/schema\\\/logo\\\/image\\\/\"}}]}<\/script>\n<!-- \/ Yoast SEO plugin. -->","yoast_head_json":{"title":"One Piece Figur: Kaiser Edward Newgate auf seinem Thron | One Piece Figur \u2013 One Piece Shop","description":"Junger Pirat, es ist an der Zeit, dass du dir diese One Piece Kaiser Edward Newgate auf seinem Thron-Figur sicherst. Du wei\u00dft sicherlich, dass Kaiser Edward Newgate, auch bekannt als Whitebeard oder \"Der st\u00e4rkste Mann der Welt\", als der Mann gilt, der dem One Piece am n\u00e4chsten steht.","robots":{"index":"index","follow":"follow","max-snippet":"max-snippet:-1","max-image-preview":"max-image-preview:large","max-video-preview":"max-video-preview:-1"},"canonical":"https:\/\/boutique-one-piece.com\/de\/one-piece-figuren\/edward-newgate-figuren\/one-piece-figur-von-kaiser-edward-newgate-auf-seinem-thron\/","og_locale":"de_DE","og_type":"article","og_title":"Figurine One Piece L'Empereur Edward Newgate Sur Son Trone | Figurine One Piece \u2013 Boutique One Piece","og_description":"Jeune pirate, le moment est venu pour toi de te procurer cette Figurine One Piece L'Empereur Edward Newgate Sur Son Tr\u00f4ne. Tu n'es pas sans savoir que l'Empereur Edward Newgate aussi appel\u00e9 Barbe Blanche ou encore \"L'Homme le Plus Fort au Monde\", est \u00e9galement consid\u00e9r\u00e9 comme \u00e9tant l'homme \"le plus proche du One Piece.","og_url":"https:\/\/boutique-one-piece.com\/de\/one-piece-figuren\/edward-newgate-figuren\/one-piece-figur-von-kaiser-edward-newgate-auf-seinem-thron\/","og_site_name":"Boutique One Piece","article_modified_time":"2024-09-16T12:57:53+00:00","og_image":[{"width":640,"height":640,"url":"https:\/\/boutique-one-piece.com\/wp-content\/uploads\/2022\/09\/Figurine-One-Piece-LEmpereur-Edward-Newgate-Sur-Son-Trone.jpg","type":"image\/jpeg"}],"twitter_card":"summary_large_image","twitter_misc":{"Gesch\u00e4tzte Lesezeit":"1\u00a0Minute"},"schema":{"@context":"https:\/\/schema.org","@graph":[{"@type":"WebPage","@id":"https:\/\/boutique-one-piece.com\/figurines-one-piece\/figurines-edward-newgate\/figurine-one-piece-lempereur-edward-newgate-sur-son-trone\/","url":"https:\/\/boutique-one-piece.com\/figurines-one-piece\/figurines-edward-newgate\/figurine-one-piece-lempereur-edward-newgate-sur-son-trone\/","name":"One Piece Figur: Kaiser Edward Newgate auf seinem Thron | One Piece Figur \u2013 One Piece Shop","isPartOf":{"@id":"https:\/\/boutique-one-piece.com\/#website"},"primaryImageOfPage":{"@id":"https:\/\/boutique-one-piece.com\/figurines-one-piece\/figurines-edward-newgate\/figurine-one-piece-lempereur-edward-newgate-sur-son-trone\/#primaryimage"},"image":{"@id":"https:\/\/boutique-one-piece.com\/figurines-one-piece\/figurines-edward-newgate\/figurine-one-piece-lempereur-edward-newgate-sur-son-trone\/#primaryimage"},"thumbnailUrl":"https:\/\/boutique-one-piece.com\/wp-content\/uploads\/2022\/09\/Figurine-One-Piece-LEmpereur-Edward-Newgate-Sur-Son-Trone.jpg","datePublished":"2022-09-27T20:56:38+00:00","dateModified":"2024-09-16T12:57:53+00:00","description":"Junger Pirat, es ist an der Zeit, dass du dir diese One Piece Kaiser Edward Newgate auf seinem Thron-Figur sicherst. Du wei\u00dft sicherlich, dass Kaiser Edward Newgate, auch bekannt als Whitebeard oder \"Der st\u00e4rkste Mann der Welt\", als der Mann gilt, der dem One Piece am n\u00e4chsten steht.","breadcrumb":{"@id":"https:\/\/boutique-one-piece.com\/figurines-one-piece\/figurines-edward-newgate\/figurine-one-piece-lempereur-edward-newgate-sur-son-trone\/#breadcrumb"},"inLanguage":"de","potentialAction":[{"@type":"ReadAction","target":["https:\/\/boutique-one-piece.com\/figurines-one-piece\/figurines-edward-newgate\/figurine-one-piece-lempereur-edward-newgate-sur-son-trone\/"]}]},{"@type":"ImageObject","inLanguage":"de","@id":"https:\/\/boutique-one-piece.com\/figurines-one-piece\/figurines-edward-newgate\/figurine-one-piece-lempereur-edward-newgate-sur-son-trone\/#primaryimage","url":"https:\/\/boutique-one-piece.com\/wp-content\/uploads\/2022\/09\/Figurine-One-Piece-LEmpereur-Edward-Newgate-Sur-Son-Trone.jpg","contentUrl":"https:\/\/boutique-one-piece.com\/wp-content\/uploads\/2022\/09\/Figurine-One-Piece-LEmpereur-Edward-Newgate-Sur-Son-Trone.jpg","width":640,"height":640,"caption":"Figurine One Piece L'Empereur Edward Newgate Sur Son Tr\u00f4ne Default Title"},{"@type":"BreadcrumbList","@id":"https:\/\/boutique-one-piece.com\/figurines-one-piece\/figurines-edward-newgate\/figurine-one-piece-lempereur-edward-newgate-sur-son-trone\/#breadcrumb","itemListElement":[{"@type":"ListItem","position":1,"name":"Home","item":"https:\/\/boutique-one-piece.com\/"},{"@type":"ListItem","position":2,"name":"Shop","item":"https:\/\/boutique-one-piece.com\/shop\/"},{"@type":"ListItem","position":3,"name":"Figurine One Piece L&#8217;Empereur Edward Newgate Sur Son Tr\u00f4ne"}]},{"@type":"WebSite","@id":"https:\/\/boutique-one-piece.com\/#website","url":"https:\/\/boutique-one-piece.com\/","name":"One Piece Shop","description":"Fachgesch\u00e4ft f\u00fcr One Piece Manga und Anime","publisher":{"@id":"https:\/\/boutique-one-piece.com\/#organization"},"potentialAction":[{"@type":"SearchAction","target":{"@type":"EntryPoint","urlTemplate":"https:\/\/boutique-one-piece.com\/?s={search_term_string}"},"query-input":{"@type":"PropertyValueSpecification","valueRequired":true,"valueName":"search_term_string"}}],"inLanguage":"de"},{"@type":"Organization","@id":"https:\/\/boutique-one-piece.com\/#organization","name":"One Piece Shop","url":"https:\/\/boutique-one-piece.com\/","logo":{"@type":"ImageObject","inLanguage":"de","@id":"https:\/\/boutique-one-piece.com\/#\/schema\/logo\/image\/","url":"https:\/\/boutique-one-piece.com\/wp-content\/uploads\/2022\/09\/Logo-01.png","contentUrl":"https:\/\/boutique-one-piece.com\/wp-content\/uploads\/2022\/09\/Logo-01.png","width":2318,"height":957,"caption":"Boutique One Piece"},"image":{"@id":"https:\/\/boutique-one-piece.com\/#\/schema\/logo\/image\/"}}]}},"_links":{"self":[{"href":"https:\/\/boutique-one-piece.com\/de\/wp-json\/wp\/v2\/product\/12569","targetHints":{"allow":["GET"]}}],"collection":[{"href":"https:\/\/boutique-one-piece.com\/de\/wp-json\/wp\/v2\/product"}],"about":[{"href":"https:\/\/boutique-one-piece.com\/de\/wp-json\/wp\/v2\/types\/product"}],"replies":[{"embeddable":true,"href":"https:\/\/boutique-one-piece.com\/de\/wp-json\/wp\/v2\/comments?post=12569"}],"wp:featuredmedia":[{"embeddable":true,"href":"https:\/\/boutique-one-piece.com\/de\/wp-json\/wp\/v2\/media\/12571"}],"wp:attachment":[{"href":"https:\/\/boutique-one-piece.com\/de\/wp-json\/wp\/v2\/media?parent=12569"}],"wp:term":[{"taxonomy":"product_brand","embeddable":true,"href":"https:\/\/boutique-one-piece.com\/de\/wp-json\/wp\/v2\/product_brand?post=12569"},{"taxonomy":"product_cat","embeddable":true,"href":"https:\/\/boutique-one-piece.com\/de\/wp-json\/wp\/v2\/product_cat?post=12569"},{"taxonomy":"product_tag","embeddable":true,"href":"https:\/\/boutique-one-piece.com\/de\/wp-json\/wp\/v2\/product_tag?post=12569"}],"curies":[{"name":"wp","href":"https:\/\/api.w.org\/{rel}","templated":true}]}}