{"id":12638,"date":"2022-09-27T20:57:05","date_gmt":"2022-09-27T20:57:05","guid":{"rendered":"https:\/\/boutique-one-piece.com\/uncategorized\/veste-one-piece-mini-zoro\/"},"modified":"2025-09-26T09:55:32","modified_gmt":"2025-09-26T09:55:32","slug":"mini-zoro-jacke","status":"publish","type":"product","link":"https:\/\/boutique-one-piece.com\/de\/einteilige-kleidung\/einteilige-jacken\/mini-zoro-jacke\/","title":{"rendered":"Mini Zoro Jacke"},"content":{"rendered":"<h2>\n<b>Graue One Piece Kapuzenjacke mit Roronoa Zoro, dem gr\u00f6\u00dften Schwertk\u00e4mpfer der Zukunft, Zoro dem Piratenj\u00e4ger\u00a0<\/b><b>und Ruffys Flagge<\/b><br \/>\n<\/h2>\n<p>Wenn Sie ein\u00a0<strong>echter Pirat<\/strong>, Sie werden es zu sch\u00e4tzen wissen\u00a0<strong>Qualit\u00e4t<\/strong>\u00a0Stoff und\u00a0<strong>l\u2019impression 3D Canvas<\/strong>\u00a0davon\u00a0<strong>Einteilige Jacke<\/strong>\u00a0Aber am wichtigsten ist, dass\u00a0<strong>bedruckte Jacke<\/strong>\u00a0Das liegt daran, dass du ein Teil davon sein wirst\u00a0<strong>l\u2019\u00e9quipage\u00a0des fans<\/strong>\u00a0von\u00a0<strong>Piraten-Manga<\/strong>\u00a0und Sie erhalten:<\/p>\n<ul>\n<li>\u00a0<strong>L\u2019admiration<\/strong>\u00a0aller Fans von\u00a0<strong>l\u2019univers<\/strong>\u00a0der\u00a0<strong>Lizenz<\/strong>\u00a0von\u00a0<strong>Manga<\/strong>\u00a0dass Sie antreffen werden<\/li>\n<\/ul>\n<ul>\n<li>Ein echter\u00a0<strong>Kapuzenjacke<\/strong>\u00a0mit dem Sie\u00a0<strong>Aktie<\/strong>\u00a0dein\u00a0<strong>Hingabe<\/strong>\u00a0F\u00fcr\u00a0<strong>Ein St\u00fcck<\/strong>\n<\/li>\n<\/ul>\n<p>Also, bereit, das zu tragen\u00a0<strong>Farben\u00a0<\/strong>von<strong>\u00a0<\/strong>dein<strong>\u00a0Lieblingsmanga<\/strong>\u00a0?<\/p>\n<h2>Es-tu un fan du manga ou de l\u2019anim\u00e9 One Piece ? Montre le avec cette veste One Piece !<\/h2>\n<p>Wenn du\u00a0<strong>lesen<\/strong>\u00a0oder wo auch immer Sie hinschauen\u00a0\u00a0<strong>l\u2019anim\u00e9\u00a0japonais<\/strong>, Die Wahrscheinlichkeit ist gro\u00df, dass du geworden bist\u00a0<strong>Ich bin total verr\u00fcckt nach One Piece.<\/strong>\u00a0Damit\u00a0<strong>Mini Zoro Jacke (einteilig)<\/strong>, rejoins\u00a0l\u2019<strong>Eine Gruppe von Fans der Franchise<\/strong><\/p>\n<p>Das\u00a0<strong>graue Joggingjacke<\/strong>\u00a0ist in folgenden Gr\u00f6\u00dfen erh\u00e4ltlich\u00a0<strong>S<\/strong>,<strong>\u00a0M<\/strong>,<strong>\u00a0L<\/strong>,\u00a0<strong>XL<\/strong>,\u00a0<strong>XXL<\/strong>, Es eignet sich f\u00fcr alle Arten von Piraten.,\u00a0<strong>Mann<\/strong>\u00a0Oder\u00a0<strong>Frauen<\/strong>, m\u00eame si tu n\u2019as pas\u00a0<strong>d\u2019\u00e9p\u00e9e<\/strong>\u00a0oder\u00a0<strong>Teufelsfrucht<\/strong>\u00a0Du kannst es immer noch mit Stolz tragen.<\/p>\n<h2>Jackeninformationen:\u00a0<\/h2>\n<ul>\n<li>\u00a0<strong>Hochwertige Kapuzenjacke\u00a0<\/strong>: hat ein\u00a0<strong>hohes Grammatur<\/strong>, mit hochwertigen Materialien<\/li>\n<\/ul>\n<ul>\n<li>\n<strong>Fleecefutter<\/strong>\u00a0: mit seinem\u00a0<strong>Innenfutter<\/strong>\u00a0In\u00a0<strong>Polar-<\/strong>, Diese Jacke bietet eine perfekte\u00a0<strong>Isolierung<\/strong>\u00a0gegen die\u00a0<strong>kalt<\/strong>.\u00a0<\/li>\n<\/ul>\n<ul>\n<li>\n<strong>Sehr komfortabel\u00a0<\/strong>: mit<span>\u00a0<\/span>sein\u00a0<strong>Fasern<\/strong>\u00a0von\u00a0<strong>Baumwolle<\/strong>\u00a0Gro\u00dfartig\u00a0<strong>weich<\/strong>, il n\u2019y a pas\u00a0de\u00a0<strong>Reibung<\/strong>\n<\/li>\n<\/ul>\n<ul>\n<li>\n<strong>3D-Digitaldruck<\/strong>\u00a0:\u00a0<strong>bedruckte Jacke<\/strong>\u00a0mit einem originellen Design,\u00a0<strong>Leinwanddruck<\/strong>\n<\/li>\n<\/ul>\n<ul>\n<li>\n<strong>Bio-Baumwolle\u00a0<\/strong>: hochwertige Baumwolle mit\u00a0<strong>extra lange Fasern<\/strong>\n<\/li>\n<\/ul>\n<ul>\n<li>\n<strong>Kostenloser Versand\u00a0<\/strong>f\u00fcr jeden Kauf<\/li>\n<\/ul>\n<h2>\n<strong>N\u2019oubliez pas de jeter\u00a0un oeil au guide des tailles ci-dessous.<\/strong>\u00a0<\/h2>\n<p><img decoding=\"async\" src=\"https:\/\/cdn.shopify.com\/s\/files\/1\/0087\/7556\/5348\/files\/boutque_one__piece__tableau__taille__veste-capuche_dd43e497-5488-4b5e-b6dc-182a264e1217_large.jpg?v=1559823789\" alt=\"Gr\u00f6\u00dfentabelle f\u00fcr Jacken von One Piece Shop\"><\/p>\n<h3>Waschanleitung:<\/h3>\n<ul>\n<li>Maschinenw\u00e4sche bei 30\u00b0C, Schonwaschgang<\/li>\n<\/ul>\n<ul>\n<li>Von der R\u00fcckseite b\u00fcgeln<\/li>\n<\/ul>\n<p>F\u00fcr<span>\u00a0<\/span><strong>die Qualit\u00e4t erhalten<\/strong><span>\u00a0<\/span>davon<span>\u00a0<\/span><strong>One Piece Hoodie<\/strong>, Wir empfehlen Ihnen<span>\u00a0<\/span><strong>respektieren<\/strong><span>\u00a0<\/span>DER<span>\u00a0<\/span><strong>Waschanleitung<\/strong>.<\/p>","protected":false},"excerpt":{"rendered":"<p>Veste \u00e0 Capuche Grise One Piece avec Roronoa Zoro, Le Futur Meilleur \u00c9p\u00e9iste au Monde zoro le Chasseur de Pirates\u00a0et le drapeau de Luffy Si tu es un\u00a0v\u00e9ritable pirate, tu sauras appr\u00e9cier la\u00a0qualit\u00e9\u00a0du tissu et de\u00a0l\u2019impression 3D Canvas\u00a0de cette\u00a0veste One Piece\u00a0!\u00a0Mais le plus important, avec cette\u00a0veste\u00a0imprim\u00e9e\u00a0c\u0092est que tu\u00a0feras partie de\u00a0l\u2019\u00e9quipage\u00a0des fans\u00a0du\u00a0manga de pirates\u00a0et tu obtiendras\u00a0: [&hellip;]<\/p>","protected":false},"featured_media":12640,"comment_status":"open","ping_status":"open","template":"","meta":[],"product_brand":[],"product_cat":[183],"product_tag":[113],"class_list":{"0":"post-12638","1":"product","2":"type-product","3":"status-publish","4":"has-post-thumbnail","6":"product_cat-vestes-one-piece","7":"product_tag-zoro","9":"first","10":"instock","11":"purchasable","12":"product-type-variable"},"yoast_head":"<!-- This site is optimized with the Yoast SEO plugin v27.5 - https:\/\/yoast.com\/product\/yoast-seo-wordpress\/ -->\n<title>Veste One Piece Mini Roronoa Zoro | Boutique One Piece<\/title>\n<meta name=\"description\" content=\"Veste \u00e0 Capuche Grise One Piece avec Roronoa Zoro en Petit et le drapeau de Luffy Haute Qualit\u00e9 : Le Futur Meilleur \u00c9p\u00e9iste au Monde zoro le Chasseur de Pirates\" \/>\n<meta name=\"robots\" content=\"index, follow, max-snippet:-1, max-image-preview:large, max-video-preview:-1\" \/>\n<link rel=\"canonical\" href=\"https:\/\/boutique-one-piece.com\/de\/einteilige-kleidung\/einteilige-jacken\/mini-zoro-jacke\/\" \/>\n<meta property=\"og:locale\" content=\"de_DE\" \/>\n<meta property=\"og:type\" content=\"article\" \/>\n<meta property=\"og:title\" content=\"Veste One Piece Mini Roronoa Zoro | Boutique One Piece\" \/>\n<meta property=\"og:description\" content=\"Veste \u00e0 Capuche Grise One Piece avec Roronoa Zoro en Petit et le drapeau de Luffy Haute Qualit\u00e9 : Le Futur Meilleur \u00c9p\u00e9iste au Monde zoro le Chasseur de Pirates\" \/>\n<meta property=\"og:url\" content=\"https:\/\/boutique-one-piece.com\/de\/einteilige-kleidung\/einteilige-jacken\/mini-zoro-jacke\/\" \/>\n<meta property=\"og:site_name\" content=\"Boutique One Piece\" \/>\n<meta property=\"article:modified_time\" content=\"2025-09-26T09:55:32+00:00\" \/>\n<meta property=\"og:image\" content=\"https:\/\/boutique-one-piece.com\/wp-content\/uploads\/2022\/09\/Veste-One-Piece-Mini-Zoro.jpg\" \/>\n\t<meta property=\"og:image:width\" content=\"600\" \/>\n\t<meta property=\"og:image:height\" content=\"600\" \/>\n\t<meta property=\"og:image:type\" content=\"image\/jpeg\" \/>\n<meta name=\"twitter:card\" content=\"summary_large_image\" \/>\n<meta name=\"twitter:label1\" content=\"Gesch\u00e4tzte Lesezeit\" \/>\n\t<meta name=\"twitter:data1\" content=\"2\u00a0Minuten\" \/>\n<script type=\"application\/ld+json\" class=\"yoast-schema-graph\">{\"@context\":\"https:\\\/\\\/schema.org\",\"@graph\":[{\"@type\":\"WebPage\",\"@id\":\"https:\\\/\\\/boutique-one-piece.com\\\/vetements-one-piece\\\/vestes-one-piece\\\/veste-one-piece-mini-zoro\\\/\",\"url\":\"https:\\\/\\\/boutique-one-piece.com\\\/vetements-one-piece\\\/vestes-one-piece\\\/veste-one-piece-mini-zoro\\\/\",\"name\":\"Veste One Piece Mini Roronoa Zoro | Boutique One Piece\",\"isPartOf\":{\"@id\":\"https:\\\/\\\/boutique-one-piece.com\\\/#website\"},\"primaryImageOfPage\":{\"@id\":\"https:\\\/\\\/boutique-one-piece.com\\\/vetements-one-piece\\\/vestes-one-piece\\\/veste-one-piece-mini-zoro\\\/#primaryimage\"},\"image\":{\"@id\":\"https:\\\/\\\/boutique-one-piece.com\\\/vetements-one-piece\\\/vestes-one-piece\\\/veste-one-piece-mini-zoro\\\/#primaryimage\"},\"thumbnailUrl\":\"https:\\\/\\\/boutique-one-piece.com\\\/wp-content\\\/uploads\\\/2022\\\/09\\\/Veste-One-Piece-Mini-Zoro.jpg\",\"datePublished\":\"2022-09-27T20:57:05+00:00\",\"dateModified\":\"2025-09-26T09:55:32+00:00\",\"description\":\"Veste \u00e0 Capuche Grise One Piece avec Roronoa Zoro en Petit et le drapeau de Luffy Haute Qualit\u00e9 : Le Futur Meilleur \u00c9p\u00e9iste au Monde zoro le Chasseur de Pirates\",\"breadcrumb\":{\"@id\":\"https:\\\/\\\/boutique-one-piece.com\\\/vetements-one-piece\\\/vestes-one-piece\\\/veste-one-piece-mini-zoro\\\/#breadcrumb\"},\"inLanguage\":\"de\",\"potentialAction\":[{\"@type\":\"ReadAction\",\"target\":[\"https:\\\/\\\/boutique-one-piece.com\\\/vetements-one-piece\\\/vestes-one-piece\\\/veste-one-piece-mini-zoro\\\/\"]}]},{\"@type\":\"ImageObject\",\"inLanguage\":\"de\",\"@id\":\"https:\\\/\\\/boutique-one-piece.com\\\/vetements-one-piece\\\/vestes-one-piece\\\/veste-one-piece-mini-zoro\\\/#primaryimage\",\"url\":\"https:\\\/\\\/boutique-one-piece.com\\\/wp-content\\\/uploads\\\/2022\\\/09\\\/Veste-One-Piece-Mini-Zoro.jpg\",\"contentUrl\":\"https:\\\/\\\/boutique-one-piece.com\\\/wp-content\\\/uploads\\\/2022\\\/09\\\/Veste-One-Piece-Mini-Zoro.jpg\",\"width\":600,\"height\":600,\"caption\":\"Veste One Piece Mini Zoro xxl\"},{\"@type\":\"BreadcrumbList\",\"@id\":\"https:\\\/\\\/boutique-one-piece.com\\\/vetements-one-piece\\\/vestes-one-piece\\\/veste-one-piece-mini-zoro\\\/#breadcrumb\",\"itemListElement\":[{\"@type\":\"ListItem\",\"position\":1,\"name\":\"Home\",\"item\":\"https:\\\/\\\/boutique-one-piece.com\\\/\"},{\"@type\":\"ListItem\",\"position\":2,\"name\":\"Shop\",\"item\":\"https:\\\/\\\/boutique-one-piece.com\\\/shop\\\/\"},{\"@type\":\"ListItem\",\"position\":3,\"name\":\"Veste One Piece Mini Zoro\"}]},{\"@type\":\"WebSite\",\"@id\":\"https:\\\/\\\/boutique-one-piece.com\\\/#website\",\"url\":\"https:\\\/\\\/boutique-one-piece.com\\\/\",\"name\":\"Boutique One Piece\",\"description\":\"Magasin Sp\u00e9cialis\u00e9 du Manga et l&#039;Anime One Piece\",\"publisher\":{\"@id\":\"https:\\\/\\\/boutique-one-piece.com\\\/#organization\"},\"potentialAction\":[{\"@type\":\"SearchAction\",\"target\":{\"@type\":\"EntryPoint\",\"urlTemplate\":\"https:\\\/\\\/boutique-one-piece.com\\\/?s={search_term_string}\"},\"query-input\":{\"@type\":\"PropertyValueSpecification\",\"valueRequired\":true,\"valueName\":\"search_term_string\"}}],\"inLanguage\":\"de\"},{\"@type\":\"Organization\",\"@id\":\"https:\\\/\\\/boutique-one-piece.com\\\/#organization\",\"name\":\"Boutique One Piece\",\"url\":\"https:\\\/\\\/boutique-one-piece.com\\\/\",\"logo\":{\"@type\":\"ImageObject\",\"inLanguage\":\"de\",\"@id\":\"https:\\\/\\\/boutique-one-piece.com\\\/#\\\/schema\\\/logo\\\/image\\\/\",\"url\":\"https:\\\/\\\/boutique-one-piece.com\\\/wp-content\\\/uploads\\\/2022\\\/09\\\/Logo-01.png\",\"contentUrl\":\"https:\\\/\\\/boutique-one-piece.com\\\/wp-content\\\/uploads\\\/2022\\\/09\\\/Logo-01.png\",\"width\":2318,\"height\":957,\"caption\":\"Boutique One Piece\"},\"image\":{\"@id\":\"https:\\\/\\\/boutique-one-piece.com\\\/#\\\/schema\\\/logo\\\/image\\\/\"}}]}<\/script>\n<!-- \/ Yoast SEO plugin. -->","yoast_head_json":{"title":"One Piece Mini Roronoa Zoro Jacke | One Piece Shop","description":"One Piece graue Kapuzenjacke mit Roronoa Zoro (Gr\u00f6\u00dfe S) und Ruffys Flagge \u2013 Hohe Qualit\u00e4t: Zoro, der Piratenj\u00e4ger, der gr\u00f6\u00dfte Schwertk\u00e4mpfer der Zukunftswelt","robots":{"index":"index","follow":"follow","max-snippet":"max-snippet:-1","max-image-preview":"max-image-preview:large","max-video-preview":"max-video-preview:-1"},"canonical":"https:\/\/boutique-one-piece.com\/de\/einteilige-kleidung\/einteilige-jacken\/mini-zoro-jacke\/","og_locale":"de_DE","og_type":"article","og_title":"Veste One Piece Mini Roronoa Zoro | Boutique One Piece","og_description":"Veste \u00e0 Capuche Grise One Piece avec Roronoa Zoro en Petit et le drapeau de Luffy Haute Qualit\u00e9 : Le Futur Meilleur \u00c9p\u00e9iste au Monde zoro le Chasseur de Pirates","og_url":"https:\/\/boutique-one-piece.com\/de\/einteilige-kleidung\/einteilige-jacken\/mini-zoro-jacke\/","og_site_name":"Boutique One Piece","article_modified_time":"2025-09-26T09:55:32+00:00","og_image":[{"width":600,"height":600,"url":"https:\/\/boutique-one-piece.com\/wp-content\/uploads\/2022\/09\/Veste-One-Piece-Mini-Zoro.jpg","type":"image\/jpeg"}],"twitter_card":"summary_large_image","twitter_misc":{"Gesch\u00e4tzte Lesezeit":"2\u00a0Minuten"},"schema":{"@context":"https:\/\/schema.org","@graph":[{"@type":"WebPage","@id":"https:\/\/boutique-one-piece.com\/vetements-one-piece\/vestes-one-piece\/veste-one-piece-mini-zoro\/","url":"https:\/\/boutique-one-piece.com\/vetements-one-piece\/vestes-one-piece\/veste-one-piece-mini-zoro\/","name":"One Piece Mini Roronoa Zoro Jacke | One Piece Shop","isPartOf":{"@id":"https:\/\/boutique-one-piece.com\/#website"},"primaryImageOfPage":{"@id":"https:\/\/boutique-one-piece.com\/vetements-one-piece\/vestes-one-piece\/veste-one-piece-mini-zoro\/#primaryimage"},"image":{"@id":"https:\/\/boutique-one-piece.com\/vetements-one-piece\/vestes-one-piece\/veste-one-piece-mini-zoro\/#primaryimage"},"thumbnailUrl":"https:\/\/boutique-one-piece.com\/wp-content\/uploads\/2022\/09\/Veste-One-Piece-Mini-Zoro.jpg","datePublished":"2022-09-27T20:57:05+00:00","dateModified":"2025-09-26T09:55:32+00:00","description":"One Piece graue Kapuzenjacke mit Roronoa Zoro (Gr\u00f6\u00dfe S) und Ruffys Flagge \u2013 Hohe Qualit\u00e4t: Zoro, der Piratenj\u00e4ger, der gr\u00f6\u00dfte Schwertk\u00e4mpfer der Zukunftswelt","breadcrumb":{"@id":"https:\/\/boutique-one-piece.com\/vetements-one-piece\/vestes-one-piece\/veste-one-piece-mini-zoro\/#breadcrumb"},"inLanguage":"de","potentialAction":[{"@type":"ReadAction","target":["https:\/\/boutique-one-piece.com\/vetements-one-piece\/vestes-one-piece\/veste-one-piece-mini-zoro\/"]}]},{"@type":"ImageObject","inLanguage":"de","@id":"https:\/\/boutique-one-piece.com\/vetements-one-piece\/vestes-one-piece\/veste-one-piece-mini-zoro\/#primaryimage","url":"https:\/\/boutique-one-piece.com\/wp-content\/uploads\/2022\/09\/Veste-One-Piece-Mini-Zoro.jpg","contentUrl":"https:\/\/boutique-one-piece.com\/wp-content\/uploads\/2022\/09\/Veste-One-Piece-Mini-Zoro.jpg","width":600,"height":600,"caption":"Veste One Piece Mini Zoro xxl"},{"@type":"BreadcrumbList","@id":"https:\/\/boutique-one-piece.com\/vetements-one-piece\/vestes-one-piece\/veste-one-piece-mini-zoro\/#breadcrumb","itemListElement":[{"@type":"ListItem","position":1,"name":"Home","item":"https:\/\/boutique-one-piece.com\/"},{"@type":"ListItem","position":2,"name":"Shop","item":"https:\/\/boutique-one-piece.com\/shop\/"},{"@type":"ListItem","position":3,"name":"Veste One Piece Mini Zoro"}]},{"@type":"WebSite","@id":"https:\/\/boutique-one-piece.com\/#website","url":"https:\/\/boutique-one-piece.com\/","name":"One Piece Shop","description":"Fachgesch\u00e4ft f\u00fcr One Piece Manga und Anime","publisher":{"@id":"https:\/\/boutique-one-piece.com\/#organization"},"potentialAction":[{"@type":"SearchAction","target":{"@type":"EntryPoint","urlTemplate":"https:\/\/boutique-one-piece.com\/?s={search_term_string}"},"query-input":{"@type":"PropertyValueSpecification","valueRequired":true,"valueName":"search_term_string"}}],"inLanguage":"de"},{"@type":"Organization","@id":"https:\/\/boutique-one-piece.com\/#organization","name":"One Piece Shop","url":"https:\/\/boutique-one-piece.com\/","logo":{"@type":"ImageObject","inLanguage":"de","@id":"https:\/\/boutique-one-piece.com\/#\/schema\/logo\/image\/","url":"https:\/\/boutique-one-piece.com\/wp-content\/uploads\/2022\/09\/Logo-01.png","contentUrl":"https:\/\/boutique-one-piece.com\/wp-content\/uploads\/2022\/09\/Logo-01.png","width":2318,"height":957,"caption":"Boutique One Piece"},"image":{"@id":"https:\/\/boutique-one-piece.com\/#\/schema\/logo\/image\/"}}]}},"_links":{"self":[{"href":"https:\/\/boutique-one-piece.com\/de\/wp-json\/wp\/v2\/product\/12638","targetHints":{"allow":["GET"]}}],"collection":[{"href":"https:\/\/boutique-one-piece.com\/de\/wp-json\/wp\/v2\/product"}],"about":[{"href":"https:\/\/boutique-one-piece.com\/de\/wp-json\/wp\/v2\/types\/product"}],"replies":[{"embeddable":true,"href":"https:\/\/boutique-one-piece.com\/de\/wp-json\/wp\/v2\/comments?post=12638"}],"wp:featuredmedia":[{"embeddable":true,"href":"https:\/\/boutique-one-piece.com\/de\/wp-json\/wp\/v2\/media\/12640"}],"wp:attachment":[{"href":"https:\/\/boutique-one-piece.com\/de\/wp-json\/wp\/v2\/media?parent=12638"}],"wp:term":[{"taxonomy":"product_brand","embeddable":true,"href":"https:\/\/boutique-one-piece.com\/de\/wp-json\/wp\/v2\/product_brand?post=12638"},{"taxonomy":"product_cat","embeddable":true,"href":"https:\/\/boutique-one-piece.com\/de\/wp-json\/wp\/v2\/product_cat?post=12638"},{"taxonomy":"product_tag","embeddable":true,"href":"https:\/\/boutique-one-piece.com\/de\/wp-json\/wp\/v2\/product_tag?post=12638"}],"curies":[{"name":"wp","href":"https:\/\/api.w.org\/{rel}","templated":true}]}}