{"id":12678,"date":"2022-09-27T20:57:23","date_gmt":"2022-09-27T20:57:23","guid":{"rendered":"https:\/\/boutique-one-piece.com\/uncategorized\/short-de-bain-luffy-gear-2\/"},"modified":"2024-09-16T13:00:35","modified_gmt":"2024-09-16T13:00:35","slug":"luffy-gear-2-badehose","status":"publish","type":"product","link":"https:\/\/boutique-one-piece.com\/de\/einteilige-kleidung\/einteiliger-badeshorts\/luffy-gear-2-badehose\/","title":{"rendered":"One Piece Luffy Gear 2 Badehose"},"content":{"rendered":"<h2>One Piece Badehose mit Ruffy der Strohhutbande im Gear Second-Modus \u2013 eine hochwertige Badehose f\u00fcr einen Piraten wie dich!<\/h2>\n<p>Wenn Sie ein <strong>echter Pirat<\/strong>, Man wird es Ihnen danken. <strong>Materialqualit\u00e4t,<\/strong>&nbsp;der <strong>Design <\/strong>Und<strong> 3D-Druck<\/strong>&nbsp;davon <strong>Einteilige Badehose<\/strong> Aber am wichtigsten ist, dass du mit diesen Shorts Teil von <strong>die Fan-Crew<\/strong> von <strong>Piraten-Manga<\/strong> und Sie erhalten:<\/p>\n<ul>\n<li>&nbsp;<strong>Bewunderung<\/strong> aller Fans von <strong>Mugiwara<\/strong> dass Sie treffen werden<\/li>\n<\/ul>\n<ul>\n<li>Ein echter <strong>bedruckte Badeshorts<\/strong> mit dem man schwimmen kann <strong>Grand Line<\/strong>, Aber Vorsicht, es wird nicht empfohlen, ins Meer zu gehen, wenn man eines gegessen hat. <strong>Teufelsfrucht<\/strong><\/li>\n<\/ul>\n<p>Also, bereit, das anzuziehen <strong>Farben von Strohhut-Luffy<\/strong>&nbsp;?<\/p>\n<h2>Bist du ein Fan des One Piece Mangas oder Animes? Zeig es mit diesen Badeshorts!<\/h2>\n<p>Wenn du <strong>lesen<\/strong> oder wo auch immer Sie hinschauen&nbsp;<strong>Japanische Anime<\/strong>, Die Wahrscheinlichkeit ist gro\u00df, dass du geworden bist <strong>Ich bin total verr\u00fcckt nach One Piece.<\/strong> Damit! <strong>Badehose<\/strong> <strong>Luffy Gear 2<\/strong>, schlie\u00dfen Sie sich ihm an <strong>Crew<\/strong><\/p>\n<p>Diese Shorts sind in folgenden Gr\u00f6\u00dfen erh\u00e4ltlich:<span>&nbsp;<\/span><strong>XXS, XS, S, M, L, XL<\/strong>, Es eignet sich f\u00fcr alle Arten von Piraten, auch wenn man keine hat <strong>Schwert<\/strong>&nbsp;oder <strong>Teufelsfrucht<\/strong> Du kannst es immer noch tragen&nbsp;<\/p>\n<p><strong>Mugiwara Nein Ruffy<\/strong> verwendet die Technik <strong>zweiter Gang<\/strong> f\u00fcr viele verbesserte es <strong>Geschwindigkeit<\/strong> und seine <strong>St\u00e4rke<\/strong>. Er beschleunigt seinen <strong>Blutkreislauf<\/strong> und der <strong>Dampf<\/strong> entkommt seinem K\u00f6rper<\/p>\n<h3>Vergessen Sie nicht, einen Blick auf die unten stehende Gr\u00f6\u00dfentabelle zu werfen.<\/h3>\n<p style=\"text-align: left\"><span><img decoding=\"async\" alt=\"Gr\u00f6\u00dfentabelle f\u00fcr Baim Einteiler-Shorts: XXS, XS, S, M, L, XL\" src=\"\/\/cdn.shopify.com\/s\/files\/1\/0087\/7556\/5348\/files\/boutque_one__piece_tableau_taille_short_de_bain_large.jpg?v=1560446518\" style=\"float: none\"><\/span><\/p>\n<h3>Waschanleitung:<\/h3>\n<ul>\n<li>Maschinenw\u00e4sche bei 30\u00b0C, Schonwaschgang<\/li>\n<\/ul>\n<ul>\n<li>Von der R\u00fcckseite b\u00fcgeln<\/li>\n<\/ul>\n<p>F\u00fcr <strong>die Qualit\u00e4t erhalten<\/strong> davon&nbsp;<strong>Einteilige Badehose<\/strong>, Wir empfehlen Ihnen <strong>respektieren<\/strong> DER <strong>Waschanleitung<\/strong>.<\/p>","protected":false},"excerpt":{"rendered":"<p>One Piece Badehose mit Strohhut-Luffy in Gear Second: Hochwertige Badehose f\u00fcr einen Piraten wie dich! Als echter Pirat wirst du die Qualit\u00e4t der Materialien, das Design und den 3D-Druck dieser One Piece Badehose zu sch\u00e4tzen wissen! Aber vor allem: Diese Hose [\u2026]<\/p>","protected":false},"featured_media":19281,"comment_status":"open","ping_status":"open","template":"","meta":[],"product_brand":[],"product_cat":[66],"product_tag":[92],"class_list":{"0":"post-12678","1":"product","2":"type-product","3":"status-publish","4":"has-post-thumbnail","6":"product_cat-shorts-de-bain-one-piece","7":"product_tag-luffy","9":"first","10":"instock","11":"purchasable","12":"product-type-variable"},"yoast_head":"<!-- This site is optimized with the Yoast SEO plugin v27.5 - https:\/\/yoast.com\/product\/yoast-seo-wordpress\/ -->\n<title>Short de Bain Luffy Gear 2 | Boutique One Piece<\/title>\n<meta name=\"description\" content=\"Maillot de Bain du Manga One Piece de Haute Qualit\u00e9 avec Monkey D. Luffy en Gear Second le Short parfait pour Tous les Pirates qui vont \u00e0 la Mer ou \u00e0 la Piscine\" \/>\n<meta name=\"robots\" content=\"index, follow, max-snippet:-1, max-image-preview:large, max-video-preview:-1\" \/>\n<link rel=\"canonical\" href=\"https:\/\/boutique-one-piece.com\/de\/einteilige-kleidung\/einteiliger-badeshorts\/luffy-gear-2-badehose\/\" \/>\n<meta property=\"og:locale\" content=\"de_DE\" \/>\n<meta property=\"og:type\" content=\"article\" \/>\n<meta property=\"og:title\" content=\"Short de Bain Luffy Gear 2 | Boutique One Piece\" \/>\n<meta property=\"og:description\" content=\"Maillot de Bain du Manga One Piece de Haute Qualit\u00e9 avec Monkey D. Luffy en Gear Second le Short parfait pour Tous les Pirates qui vont \u00e0 la Mer ou \u00e0 la Piscine\" \/>\n<meta property=\"og:url\" content=\"https:\/\/boutique-one-piece.com\/de\/einteilige-kleidung\/einteiliger-badeshorts\/luffy-gear-2-badehose\/\" \/>\n<meta property=\"og:site_name\" content=\"Boutique One Piece\" \/>\n<meta property=\"article:modified_time\" content=\"2024-09-16T13:00:35+00:00\" \/>\n<meta property=\"og:image\" content=\"https:\/\/boutique-one-piece.com\/wp-content\/uploads\/2022\/09\/Pantalon-court-Anime-One-Piece-pour-homme-short-d-t-Monkey-D-Luffy-Portgas-D-ZanZoro.jpg_640x640.jpg\" \/>\n\t<meta property=\"og:image:width\" content=\"640\" \/>\n\t<meta property=\"og:image:height\" content=\"640\" \/>\n\t<meta property=\"og:image:type\" content=\"image\/jpeg\" \/>\n<meta name=\"twitter:card\" content=\"summary_large_image\" \/>\n<meta name=\"twitter:label1\" content=\"Gesch\u00e4tzte Lesezeit\" \/>\n\t<meta name=\"twitter:data1\" content=\"2\u00a0Minuten\" \/>\n<script type=\"application\/ld+json\" class=\"yoast-schema-graph\">{\"@context\":\"https:\\\/\\\/schema.org\",\"@graph\":[{\"@type\":\"WebPage\",\"@id\":\"https:\\\/\\\/boutique-one-piece.com\\\/vetements-one-piece\\\/shorts-de-bain-one-piece\\\/short-de-bain-luffy-gear-2\\\/\",\"url\":\"https:\\\/\\\/boutique-one-piece.com\\\/vetements-one-piece\\\/shorts-de-bain-one-piece\\\/short-de-bain-luffy-gear-2\\\/\",\"name\":\"Short de Bain Luffy Gear 2 | Boutique One Piece\",\"isPartOf\":{\"@id\":\"https:\\\/\\\/boutique-one-piece.com\\\/#website\"},\"primaryImageOfPage\":{\"@id\":\"https:\\\/\\\/boutique-one-piece.com\\\/vetements-one-piece\\\/shorts-de-bain-one-piece\\\/short-de-bain-luffy-gear-2\\\/#primaryimage\"},\"image\":{\"@id\":\"https:\\\/\\\/boutique-one-piece.com\\\/vetements-one-piece\\\/shorts-de-bain-one-piece\\\/short-de-bain-luffy-gear-2\\\/#primaryimage\"},\"thumbnailUrl\":\"https:\\\/\\\/boutique-one-piece.com\\\/wp-content\\\/uploads\\\/2022\\\/09\\\/Pantalon-court-Anime-One-Piece-pour-homme-short-d-t-Monkey-D-Luffy-Portgas-D-ZanZoro.jpg_640x640.jpg\",\"datePublished\":\"2022-09-27T20:57:23+00:00\",\"dateModified\":\"2024-09-16T13:00:35+00:00\",\"description\":\"Maillot de Bain du Manga One Piece de Haute Qualit\u00e9 avec Monkey D. Luffy en Gear Second le Short parfait pour Tous les Pirates qui vont \u00e0 la Mer ou \u00e0 la Piscine\",\"breadcrumb\":{\"@id\":\"https:\\\/\\\/boutique-one-piece.com\\\/vetements-one-piece\\\/shorts-de-bain-one-piece\\\/short-de-bain-luffy-gear-2\\\/#breadcrumb\"},\"inLanguage\":\"de\",\"potentialAction\":[{\"@type\":\"ReadAction\",\"target\":[\"https:\\\/\\\/boutique-one-piece.com\\\/vetements-one-piece\\\/shorts-de-bain-one-piece\\\/short-de-bain-luffy-gear-2\\\/\"]}]},{\"@type\":\"ImageObject\",\"inLanguage\":\"de\",\"@id\":\"https:\\\/\\\/boutique-one-piece.com\\\/vetements-one-piece\\\/shorts-de-bain-one-piece\\\/short-de-bain-luffy-gear-2\\\/#primaryimage\",\"url\":\"https:\\\/\\\/boutique-one-piece.com\\\/wp-content\\\/uploads\\\/2022\\\/09\\\/Pantalon-court-Anime-One-Piece-pour-homme-short-d-t-Monkey-D-Luffy-Portgas-D-ZanZoro.jpg_640x640.jpg\",\"contentUrl\":\"https:\\\/\\\/boutique-one-piece.com\\\/wp-content\\\/uploads\\\/2022\\\/09\\\/Pantalon-court-Anime-One-Piece-pour-homme-short-d-t-Monkey-D-Luffy-Portgas-D-ZanZoro.jpg_640x640.jpg\",\"width\":640,\"height\":640},{\"@type\":\"BreadcrumbList\",\"@id\":\"https:\\\/\\\/boutique-one-piece.com\\\/vetements-one-piece\\\/shorts-de-bain-one-piece\\\/short-de-bain-luffy-gear-2\\\/#breadcrumb\",\"itemListElement\":[{\"@type\":\"ListItem\",\"position\":1,\"name\":\"Home\",\"item\":\"https:\\\/\\\/boutique-one-piece.com\\\/\"},{\"@type\":\"ListItem\",\"position\":2,\"name\":\"Shop\",\"item\":\"https:\\\/\\\/boutique-one-piece.com\\\/shop\\\/\"},{\"@type\":\"ListItem\",\"position\":3,\"name\":\"Short de Bain One Piece Luffy Gear 2\"}]},{\"@type\":\"WebSite\",\"@id\":\"https:\\\/\\\/boutique-one-piece.com\\\/#website\",\"url\":\"https:\\\/\\\/boutique-one-piece.com\\\/\",\"name\":\"Boutique One Piece\",\"description\":\"Magasin Sp\u00e9cialis\u00e9 du Manga et l&#039;Anime One Piece\",\"publisher\":{\"@id\":\"https:\\\/\\\/boutique-one-piece.com\\\/#organization\"},\"potentialAction\":[{\"@type\":\"SearchAction\",\"target\":{\"@type\":\"EntryPoint\",\"urlTemplate\":\"https:\\\/\\\/boutique-one-piece.com\\\/?s={search_term_string}\"},\"query-input\":{\"@type\":\"PropertyValueSpecification\",\"valueRequired\":true,\"valueName\":\"search_term_string\"}}],\"inLanguage\":\"de\"},{\"@type\":\"Organization\",\"@id\":\"https:\\\/\\\/boutique-one-piece.com\\\/#organization\",\"name\":\"Boutique One Piece\",\"url\":\"https:\\\/\\\/boutique-one-piece.com\\\/\",\"logo\":{\"@type\":\"ImageObject\",\"inLanguage\":\"de\",\"@id\":\"https:\\\/\\\/boutique-one-piece.com\\\/#\\\/schema\\\/logo\\\/image\\\/\",\"url\":\"https:\\\/\\\/boutique-one-piece.com\\\/wp-content\\\/uploads\\\/2022\\\/09\\\/Logo-01.png\",\"contentUrl\":\"https:\\\/\\\/boutique-one-piece.com\\\/wp-content\\\/uploads\\\/2022\\\/09\\\/Logo-01.png\",\"width\":2318,\"height\":957,\"caption\":\"Boutique One Piece\"},\"image\":{\"@id\":\"https:\\\/\\\/boutique-one-piece.com\\\/#\\\/schema\\\/logo\\\/image\\\/\"}}]}<\/script>\n<!-- \/ Yoast SEO plugin. -->","yoast_head_json":{"title":"Luffy Gear 2 Badehose | One Piece Shop","description":"Hochwertige One Piece Manga-Badehose mit Monkey D. Luffy im Gear Second-Modus. Die perfekte Shorts f\u00fcr alle Piraten, egal ob auf See oder im Schwimmbad.","robots":{"index":"index","follow":"follow","max-snippet":"max-snippet:-1","max-image-preview":"max-image-preview:large","max-video-preview":"max-video-preview:-1"},"canonical":"https:\/\/boutique-one-piece.com\/de\/einteilige-kleidung\/einteiliger-badeshorts\/luffy-gear-2-badehose\/","og_locale":"de_DE","og_type":"article","og_title":"Short de Bain Luffy Gear 2 | Boutique One Piece","og_description":"Maillot de Bain du Manga One Piece de Haute Qualit\u00e9 avec Monkey D. Luffy en Gear Second le Short parfait pour Tous les Pirates qui vont \u00e0 la Mer ou \u00e0 la Piscine","og_url":"https:\/\/boutique-one-piece.com\/de\/einteilige-kleidung\/einteiliger-badeshorts\/luffy-gear-2-badehose\/","og_site_name":"Boutique One Piece","article_modified_time":"2024-09-16T13:00:35+00:00","og_image":[{"width":640,"height":640,"url":"https:\/\/boutique-one-piece.com\/wp-content\/uploads\/2022\/09\/Pantalon-court-Anime-One-Piece-pour-homme-short-d-t-Monkey-D-Luffy-Portgas-D-ZanZoro.jpg_640x640.jpg","type":"image\/jpeg"}],"twitter_card":"summary_large_image","twitter_misc":{"Gesch\u00e4tzte Lesezeit":"2\u00a0Minuten"},"schema":{"@context":"https:\/\/schema.org","@graph":[{"@type":"WebPage","@id":"https:\/\/boutique-one-piece.com\/vetements-one-piece\/shorts-de-bain-one-piece\/short-de-bain-luffy-gear-2\/","url":"https:\/\/boutique-one-piece.com\/vetements-one-piece\/shorts-de-bain-one-piece\/short-de-bain-luffy-gear-2\/","name":"Luffy Gear 2 Badehose | One Piece Shop","isPartOf":{"@id":"https:\/\/boutique-one-piece.com\/#website"},"primaryImageOfPage":{"@id":"https:\/\/boutique-one-piece.com\/vetements-one-piece\/shorts-de-bain-one-piece\/short-de-bain-luffy-gear-2\/#primaryimage"},"image":{"@id":"https:\/\/boutique-one-piece.com\/vetements-one-piece\/shorts-de-bain-one-piece\/short-de-bain-luffy-gear-2\/#primaryimage"},"thumbnailUrl":"https:\/\/boutique-one-piece.com\/wp-content\/uploads\/2022\/09\/Pantalon-court-Anime-One-Piece-pour-homme-short-d-t-Monkey-D-Luffy-Portgas-D-ZanZoro.jpg_640x640.jpg","datePublished":"2022-09-27T20:57:23+00:00","dateModified":"2024-09-16T13:00:35+00:00","description":"Hochwertige One Piece Manga-Badehose mit Monkey D. Luffy im Gear Second-Modus. Die perfekte Shorts f\u00fcr alle Piraten, egal ob auf See oder im Schwimmbad.","breadcrumb":{"@id":"https:\/\/boutique-one-piece.com\/vetements-one-piece\/shorts-de-bain-one-piece\/short-de-bain-luffy-gear-2\/#breadcrumb"},"inLanguage":"de","potentialAction":[{"@type":"ReadAction","target":["https:\/\/boutique-one-piece.com\/vetements-one-piece\/shorts-de-bain-one-piece\/short-de-bain-luffy-gear-2\/"]}]},{"@type":"ImageObject","inLanguage":"de","@id":"https:\/\/boutique-one-piece.com\/vetements-one-piece\/shorts-de-bain-one-piece\/short-de-bain-luffy-gear-2\/#primaryimage","url":"https:\/\/boutique-one-piece.com\/wp-content\/uploads\/2022\/09\/Pantalon-court-Anime-One-Piece-pour-homme-short-d-t-Monkey-D-Luffy-Portgas-D-ZanZoro.jpg_640x640.jpg","contentUrl":"https:\/\/boutique-one-piece.com\/wp-content\/uploads\/2022\/09\/Pantalon-court-Anime-One-Piece-pour-homme-short-d-t-Monkey-D-Luffy-Portgas-D-ZanZoro.jpg_640x640.jpg","width":640,"height":640},{"@type":"BreadcrumbList","@id":"https:\/\/boutique-one-piece.com\/vetements-one-piece\/shorts-de-bain-one-piece\/short-de-bain-luffy-gear-2\/#breadcrumb","itemListElement":[{"@type":"ListItem","position":1,"name":"Home","item":"https:\/\/boutique-one-piece.com\/"},{"@type":"ListItem","position":2,"name":"Shop","item":"https:\/\/boutique-one-piece.com\/shop\/"},{"@type":"ListItem","position":3,"name":"Short de Bain One Piece Luffy Gear 2"}]},{"@type":"WebSite","@id":"https:\/\/boutique-one-piece.com\/#website","url":"https:\/\/boutique-one-piece.com\/","name":"One Piece Shop","description":"Fachgesch\u00e4ft f\u00fcr One Piece Manga und Anime","publisher":{"@id":"https:\/\/boutique-one-piece.com\/#organization"},"potentialAction":[{"@type":"SearchAction","target":{"@type":"EntryPoint","urlTemplate":"https:\/\/boutique-one-piece.com\/?s={search_term_string}"},"query-input":{"@type":"PropertyValueSpecification","valueRequired":true,"valueName":"search_term_string"}}],"inLanguage":"de"},{"@type":"Organization","@id":"https:\/\/boutique-one-piece.com\/#organization","name":"One Piece Shop","url":"https:\/\/boutique-one-piece.com\/","logo":{"@type":"ImageObject","inLanguage":"de","@id":"https:\/\/boutique-one-piece.com\/#\/schema\/logo\/image\/","url":"https:\/\/boutique-one-piece.com\/wp-content\/uploads\/2022\/09\/Logo-01.png","contentUrl":"https:\/\/boutique-one-piece.com\/wp-content\/uploads\/2022\/09\/Logo-01.png","width":2318,"height":957,"caption":"Boutique One Piece"},"image":{"@id":"https:\/\/boutique-one-piece.com\/#\/schema\/logo\/image\/"}}]}},"_links":{"self":[{"href":"https:\/\/boutique-one-piece.com\/de\/wp-json\/wp\/v2\/product\/12678","targetHints":{"allow":["GET"]}}],"collection":[{"href":"https:\/\/boutique-one-piece.com\/de\/wp-json\/wp\/v2\/product"}],"about":[{"href":"https:\/\/boutique-one-piece.com\/de\/wp-json\/wp\/v2\/types\/product"}],"replies":[{"embeddable":true,"href":"https:\/\/boutique-one-piece.com\/de\/wp-json\/wp\/v2\/comments?post=12678"}],"wp:featuredmedia":[{"embeddable":true,"href":"https:\/\/boutique-one-piece.com\/de\/wp-json\/wp\/v2\/media\/19281"}],"wp:attachment":[{"href":"https:\/\/boutique-one-piece.com\/de\/wp-json\/wp\/v2\/media?parent=12678"}],"wp:term":[{"taxonomy":"product_brand","embeddable":true,"href":"https:\/\/boutique-one-piece.com\/de\/wp-json\/wp\/v2\/product_brand?post=12678"},{"taxonomy":"product_cat","embeddable":true,"href":"https:\/\/boutique-one-piece.com\/de\/wp-json\/wp\/v2\/product_cat?post=12678"},{"taxonomy":"product_tag","embeddable":true,"href":"https:\/\/boutique-one-piece.com\/de\/wp-json\/wp\/v2\/product_tag?post=12678"}],"curies":[{"name":"wp","href":"https:\/\/api.w.org\/{rel}","templated":true}]}}