{"id":12706,"date":"2022-09-27T20:57:40","date_gmt":"2022-09-27T20:57:40","guid":{"rendered":"https:\/\/boutique-one-piece.com\/uncategorized\/drapeau-nico-robin\/"},"modified":"2024-09-16T13:01:14","modified_gmt":"2024-09-16T13:01:14","slug":"nico-robin-flagge","status":"publish","type":"product","link":"https:\/\/boutique-one-piece.com\/de\/one-piece-fanartikel\/nico-robin-one-piece-merchandise\/nico-robin-flagge\/","title":{"rendered":"Nico Robin Flagge"},"content":{"rendered":"<h2>Junger Matrose, besorg dir jetzt diese Nico-Robin-Flagge.<\/h2>\n<p>Diese Flagge repr\u00e4sentiert Nico Robin vor dem Zeitsprung. Du wei\u00dft wahrscheinlich, dass Nico Robin, auch bekannt als das D\u00e4monenkind, \u2026<strong> Der Arch\u00e4ologe der Strohhutbande<\/strong>. Sie wird seit ihrem achten Lebensjahr gesucht, dem Alter, in dem sie als letzte D\u00e4monin von Ohara anerkannt wurde und deshalb ein Kopfgeld von 79.000.000 Berry erhielt. Sie ist au\u00dferdem das siebte Mitglied der Strohhutbande.<\/p>\n<p>Wenn Sie au\u00dferdem Ihre Flaggensammlung erweitern m\u00f6chten, <a title=\"NAMI-FLAGGE\" href=\"https:\/\/boutique-one-piece.com\/de\/nami-flagge\/\" target=\"_blank\" rel=\"noopener\">Namis Flagge<\/a>, Der Navigator der Strohhutbande ist in Reichweite. Schlie\u00dflich sollten Sie wissen, dass von der gesamten Crew,<strong> Robin ist das gelassenste Mitglied<\/strong>, Sie zeigt selten starke Gef\u00fchle. Au\u00dferdem ist sie das intelligenteste Mitglied und verf\u00fcgt \u00fcber beachtliches Wissen in vielen Bereichen, das sie oft mit der Crew teilt. Aus diesem Grund wendet sich Ruffy haupts\u00e4chlich an sie, wenn er eine Erkl\u00e4rung braucht.<\/p>\n<h3>Na, Kumpel, hat dich Nico Robins Flagge \u00fcberzeugt? Wenn ja, dann musst du sie nur noch stolz pr\u00e4sentieren.<\/h3>\n<p><strong>Ein St\u00fcck<\/strong> One Piece ist ein Manga, der in den Weiten der Ozeane spielt, wo Piraten sich nach einer \u00c4ra der Freiheit und des Abenteuers sehnen, dem sogenannten \u00abGoldenen Zeitalter der Piraterie\u00bb. Wenn dich diese Welt fasziniert, kannst du viele spannende Abenteuer erleben. Tauche dazu mit diesen Ressourcen in die Welt von One Piece ein oder entdecke sie neu.<strong> mythische Objekte<\/strong>. Diese Artikel eignen sich perfekt zum Verschenken, Dekorieren oder Sammeln und sind mit Sicherheit genau das, wonach Sie suchen!<\/p>\n<h2>Informationen zu Nico Robins Flagge:<\/h2>\n<ul>\n<li>\n<strong><u>One Piece Flagge<\/u><\/strong>\u00a0Eine originale One Piece Piratenflagge f\u00fcr wahre Fans<\/li>\n<\/ul>\n<ul>\n<li>\n<strong>Hochwertiger Druck<\/strong>\u00a0akkurate Farben<\/li>\n<\/ul>\n<ul>\n<li>\n<strong>Gegenstand<\/strong>\u00a0Polyester<\/li>\n<\/ul>\n<ul>\n<li>\n<strong>Dimension<\/strong>\u00a0: 100 cm x 100 cm oder 90 cm x 150 cm<\/li>\n<\/ul>\n<ul>\n<li><strong>KOSTENLOSE LIEFERUNG<\/strong><\/li>\n<\/ul>","protected":false},"excerpt":{"rendered":"<p>Junger Seemann, schnapp dir jetzt diese Nico-Robin-Flagge! Sie zeigt Nico Robin vor dem Zeitsprung. Du wei\u00dft sicher, dass Nico Robin, auch bekannt als das D\u00e4monenkind, die Arch\u00e4ologin der Strohhutbande ist. Sie wird gesucht, seit sie acht Jahre alt war \u2013 dem Alter, in dem sie als letzte D\u00e4monin von Ohara anerkannt wurde und [\u2026]<\/p>","protected":false},"featured_media":12708,"comment_status":"open","ping_status":"open","template":"","meta":[],"product_brand":[],"product_cat":[212,198],"product_tag":[205],"class_list":{"0":"post-12706","1":"product","2":"type-product","3":"status-publish","4":"has-post-thumbnail","6":"product_cat-drapeaux-one-piece","7":"product_cat-goodies-nico-robin-one-piece","8":"product_tag-robin","10":"first","11":"instock","12":"purchasable","13":"product-type-variable","14":"has-default-attributes"},"yoast_head":"<!-- This site is optimized with the Yoast SEO plugin v27.5 - https:\/\/yoast.com\/product\/yoast-seo-wordpress\/ -->\n<title>Drapeau Nico Robin | Boutique One Piece<\/title>\n<meta name=\"description\" content=\"D\u00e9couvrez le Drapeau One Piece Nico Robin, d\u00e9corez votre pi\u00e8ce en rejoignant la flotte de Nico Robin ! Commencez votre aventure recherche du One Piece dans l&#039;\u00e9quipage du Chapeau de Paille\" \/>\n<meta name=\"robots\" content=\"index, follow, max-snippet:-1, max-image-preview:large, max-video-preview:-1\" \/>\n<link rel=\"canonical\" href=\"https:\/\/boutique-one-piece.com\/de\/one-piece-dekorationen\/one-piece-flaggen\/nico-robin-flagge\/\" \/>\n<meta property=\"og:locale\" content=\"de_DE\" \/>\n<meta property=\"og:type\" content=\"article\" \/>\n<meta property=\"og:title\" content=\"Drapeau Nico Robin | Boutique One Piece\" \/>\n<meta property=\"og:description\" content=\"D\u00e9couvrez le Drapeau One Piece Nico Robin, d\u00e9corez votre pi\u00e8ce en rejoignant la flotte de Nico Robin ! Commencez votre aventure recherche du One Piece dans l&#039;\u00e9quipage du Chapeau de Paille\" \/>\n<meta property=\"og:url\" content=\"https:\/\/boutique-one-piece.com\/de\/one-piece-dekorationen\/one-piece-flaggen\/nico-robin-flagge\/\" \/>\n<meta property=\"og:site_name\" content=\"Boutique One Piece\" \/>\n<meta property=\"article:modified_time\" content=\"2024-09-16T13:01:14+00:00\" \/>\n<meta property=\"og:image\" content=\"https:\/\/boutique-one-piece.com\/wp-content\/uploads\/2022\/09\/Drapeau-Nico-Robin.jpg\" \/>\n\t<meta property=\"og:image:width\" content=\"800\" \/>\n\t<meta property=\"og:image:height\" content=\"667\" \/>\n\t<meta property=\"og:image:type\" content=\"image\/jpeg\" \/>\n<meta name=\"twitter:card\" content=\"summary_large_image\" \/>\n<meta name=\"twitter:label1\" content=\"Gesch\u00e4tzte Lesezeit\" \/>\n\t<meta name=\"twitter:data1\" content=\"2\u00a0Minuten\" \/>\n<script type=\"application\/ld+json\" class=\"yoast-schema-graph\">{\"@context\":\"https:\\\/\\\/schema.org\",\"@graph\":[{\"@type\":\"WebPage\",\"@id\":\"https:\\\/\\\/boutique-one-piece.com\\\/decorations-one-piece\\\/drapeaux-one-piece\\\/drapeau-nico-robin\\\/\",\"url\":\"https:\\\/\\\/boutique-one-piece.com\\\/decorations-one-piece\\\/drapeaux-one-piece\\\/drapeau-nico-robin\\\/\",\"name\":\"Drapeau Nico Robin | Boutique One Piece\",\"isPartOf\":{\"@id\":\"https:\\\/\\\/boutique-one-piece.com\\\/#website\"},\"primaryImageOfPage\":{\"@id\":\"https:\\\/\\\/boutique-one-piece.com\\\/decorations-one-piece\\\/drapeaux-one-piece\\\/drapeau-nico-robin\\\/#primaryimage\"},\"image\":{\"@id\":\"https:\\\/\\\/boutique-one-piece.com\\\/decorations-one-piece\\\/drapeaux-one-piece\\\/drapeau-nico-robin\\\/#primaryimage\"},\"thumbnailUrl\":\"https:\\\/\\\/boutique-one-piece.com\\\/wp-content\\\/uploads\\\/2022\\\/09\\\/Drapeau-Nico-Robin.jpg\",\"datePublished\":\"2022-09-27T20:57:40+00:00\",\"dateModified\":\"2024-09-16T13:01:14+00:00\",\"description\":\"D\u00e9couvrez le Drapeau One Piece Nico Robin, d\u00e9corez votre pi\u00e8ce en rejoignant la flotte de Nico Robin ! Commencez votre aventure recherche du One Piece dans l'\u00e9quipage du Chapeau de Paille\",\"breadcrumb\":{\"@id\":\"https:\\\/\\\/boutique-one-piece.com\\\/decorations-one-piece\\\/drapeaux-one-piece\\\/drapeau-nico-robin\\\/#breadcrumb\"},\"inLanguage\":\"de\",\"potentialAction\":[{\"@type\":\"ReadAction\",\"target\":[\"https:\\\/\\\/boutique-one-piece.com\\\/decorations-one-piece\\\/drapeaux-one-piece\\\/drapeau-nico-robin\\\/\"]}]},{\"@type\":\"ImageObject\",\"inLanguage\":\"de\",\"@id\":\"https:\\\/\\\/boutique-one-piece.com\\\/decorations-one-piece\\\/drapeaux-one-piece\\\/drapeau-nico-robin\\\/#primaryimage\",\"url\":\"https:\\\/\\\/boutique-one-piece.com\\\/wp-content\\\/uploads\\\/2022\\\/09\\\/Drapeau-Nico-Robin.jpg\",\"contentUrl\":\"https:\\\/\\\/boutique-one-piece.com\\\/wp-content\\\/uploads\\\/2022\\\/09\\\/Drapeau-Nico-Robin.jpg\",\"width\":800,\"height\":667,\"caption\":\"Drapeau Nico Robin 90x150cm\"},{\"@type\":\"BreadcrumbList\",\"@id\":\"https:\\\/\\\/boutique-one-piece.com\\\/decorations-one-piece\\\/drapeaux-one-piece\\\/drapeau-nico-robin\\\/#breadcrumb\",\"itemListElement\":[{\"@type\":\"ListItem\",\"position\":1,\"name\":\"Home\",\"item\":\"https:\\\/\\\/boutique-one-piece.com\\\/\"},{\"@type\":\"ListItem\",\"position\":2,\"name\":\"Shop\",\"item\":\"https:\\\/\\\/boutique-one-piece.com\\\/shop\\\/\"},{\"@type\":\"ListItem\",\"position\":3,\"name\":\"Drapeau Nico Robin\"}]},{\"@type\":\"WebSite\",\"@id\":\"https:\\\/\\\/boutique-one-piece.com\\\/#website\",\"url\":\"https:\\\/\\\/boutique-one-piece.com\\\/\",\"name\":\"Boutique One Piece\",\"description\":\"Magasin Sp\u00e9cialis\u00e9 du Manga et l&#039;Anime One Piece\",\"publisher\":{\"@id\":\"https:\\\/\\\/boutique-one-piece.com\\\/#organization\"},\"potentialAction\":[{\"@type\":\"SearchAction\",\"target\":{\"@type\":\"EntryPoint\",\"urlTemplate\":\"https:\\\/\\\/boutique-one-piece.com\\\/?s={search_term_string}\"},\"query-input\":{\"@type\":\"PropertyValueSpecification\",\"valueRequired\":true,\"valueName\":\"search_term_string\"}}],\"inLanguage\":\"de\"},{\"@type\":\"Organization\",\"@id\":\"https:\\\/\\\/boutique-one-piece.com\\\/#organization\",\"name\":\"Boutique One Piece\",\"url\":\"https:\\\/\\\/boutique-one-piece.com\\\/\",\"logo\":{\"@type\":\"ImageObject\",\"inLanguage\":\"de\",\"@id\":\"https:\\\/\\\/boutique-one-piece.com\\\/#\\\/schema\\\/logo\\\/image\\\/\",\"url\":\"https:\\\/\\\/boutique-one-piece.com\\\/wp-content\\\/uploads\\\/2022\\\/09\\\/Logo-01.png\",\"contentUrl\":\"https:\\\/\\\/boutique-one-piece.com\\\/wp-content\\\/uploads\\\/2022\\\/09\\\/Logo-01.png\",\"width\":2318,\"height\":957,\"caption\":\"Boutique One Piece\"},\"image\":{\"@id\":\"https:\\\/\\\/boutique-one-piece.com\\\/#\\\/schema\\\/logo\\\/image\\\/\"}}]}<\/script>\n<!-- \/ Yoast SEO plugin. -->","yoast_head_json":{"title":"Nico Robin Flagge | One Piece Shop","description":"Entdecke die One Piece Nico Robin Flagge, dekoriere dein Zimmer und schlie\u00dfe dich Nico Robins Flotte an! Starte dein Abenteuer auf der Suche nach dem One Piece mit der Strohhutbande.","robots":{"index":"index","follow":"follow","max-snippet":"max-snippet:-1","max-image-preview":"max-image-preview:large","max-video-preview":"max-video-preview:-1"},"canonical":"https:\/\/boutique-one-piece.com\/de\/one-piece-dekorationen\/one-piece-flaggen\/nico-robin-flagge\/","og_locale":"de_DE","og_type":"article","og_title":"Drapeau Nico Robin | Boutique One Piece","og_description":"D\u00e9couvrez le Drapeau One Piece Nico Robin, d\u00e9corez votre pi\u00e8ce en rejoignant la flotte de Nico Robin ! Commencez votre aventure recherche du One Piece dans l'\u00e9quipage du Chapeau de Paille","og_url":"https:\/\/boutique-one-piece.com\/de\/one-piece-dekorationen\/one-piece-flaggen\/nico-robin-flagge\/","og_site_name":"Boutique One Piece","article_modified_time":"2024-09-16T13:01:14+00:00","og_image":[{"width":800,"height":667,"url":"https:\/\/boutique-one-piece.com\/wp-content\/uploads\/2022\/09\/Drapeau-Nico-Robin.jpg","type":"image\/jpeg"}],"twitter_card":"summary_large_image","twitter_misc":{"Gesch\u00e4tzte Lesezeit":"2\u00a0Minuten"},"schema":{"@context":"https:\/\/schema.org","@graph":[{"@type":"WebPage","@id":"https:\/\/boutique-one-piece.com\/decorations-one-piece\/drapeaux-one-piece\/drapeau-nico-robin\/","url":"https:\/\/boutique-one-piece.com\/decorations-one-piece\/drapeaux-one-piece\/drapeau-nico-robin\/","name":"Nico Robin Flagge | One Piece Shop","isPartOf":{"@id":"https:\/\/boutique-one-piece.com\/#website"},"primaryImageOfPage":{"@id":"https:\/\/boutique-one-piece.com\/decorations-one-piece\/drapeaux-one-piece\/drapeau-nico-robin\/#primaryimage"},"image":{"@id":"https:\/\/boutique-one-piece.com\/decorations-one-piece\/drapeaux-one-piece\/drapeau-nico-robin\/#primaryimage"},"thumbnailUrl":"https:\/\/boutique-one-piece.com\/wp-content\/uploads\/2022\/09\/Drapeau-Nico-Robin.jpg","datePublished":"2022-09-27T20:57:40+00:00","dateModified":"2024-09-16T13:01:14+00:00","description":"Entdecke die One Piece Nico Robin Flagge, dekoriere dein Zimmer und schlie\u00dfe dich Nico Robins Flotte an! Starte dein Abenteuer auf der Suche nach dem One Piece mit der Strohhutbande.","breadcrumb":{"@id":"https:\/\/boutique-one-piece.com\/decorations-one-piece\/drapeaux-one-piece\/drapeau-nico-robin\/#breadcrumb"},"inLanguage":"de","potentialAction":[{"@type":"ReadAction","target":["https:\/\/boutique-one-piece.com\/decorations-one-piece\/drapeaux-one-piece\/drapeau-nico-robin\/"]}]},{"@type":"ImageObject","inLanguage":"de","@id":"https:\/\/boutique-one-piece.com\/decorations-one-piece\/drapeaux-one-piece\/drapeau-nico-robin\/#primaryimage","url":"https:\/\/boutique-one-piece.com\/wp-content\/uploads\/2022\/09\/Drapeau-Nico-Robin.jpg","contentUrl":"https:\/\/boutique-one-piece.com\/wp-content\/uploads\/2022\/09\/Drapeau-Nico-Robin.jpg","width":800,"height":667,"caption":"Drapeau Nico Robin 90x150cm"},{"@type":"BreadcrumbList","@id":"https:\/\/boutique-one-piece.com\/decorations-one-piece\/drapeaux-one-piece\/drapeau-nico-robin\/#breadcrumb","itemListElement":[{"@type":"ListItem","position":1,"name":"Home","item":"https:\/\/boutique-one-piece.com\/"},{"@type":"ListItem","position":2,"name":"Shop","item":"https:\/\/boutique-one-piece.com\/shop\/"},{"@type":"ListItem","position":3,"name":"Drapeau Nico Robin"}]},{"@type":"WebSite","@id":"https:\/\/boutique-one-piece.com\/#website","url":"https:\/\/boutique-one-piece.com\/","name":"One Piece Shop","description":"Fachgesch\u00e4ft f\u00fcr One Piece Manga und Anime","publisher":{"@id":"https:\/\/boutique-one-piece.com\/#organization"},"potentialAction":[{"@type":"SearchAction","target":{"@type":"EntryPoint","urlTemplate":"https:\/\/boutique-one-piece.com\/?s={search_term_string}"},"query-input":{"@type":"PropertyValueSpecification","valueRequired":true,"valueName":"search_term_string"}}],"inLanguage":"de"},{"@type":"Organization","@id":"https:\/\/boutique-one-piece.com\/#organization","name":"One Piece Shop","url":"https:\/\/boutique-one-piece.com\/","logo":{"@type":"ImageObject","inLanguage":"de","@id":"https:\/\/boutique-one-piece.com\/#\/schema\/logo\/image\/","url":"https:\/\/boutique-one-piece.com\/wp-content\/uploads\/2022\/09\/Logo-01.png","contentUrl":"https:\/\/boutique-one-piece.com\/wp-content\/uploads\/2022\/09\/Logo-01.png","width":2318,"height":957,"caption":"Boutique One Piece"},"image":{"@id":"https:\/\/boutique-one-piece.com\/#\/schema\/logo\/image\/"}}]}},"_links":{"self":[{"href":"https:\/\/boutique-one-piece.com\/de\/wp-json\/wp\/v2\/product\/12706","targetHints":{"allow":["GET"]}}],"collection":[{"href":"https:\/\/boutique-one-piece.com\/de\/wp-json\/wp\/v2\/product"}],"about":[{"href":"https:\/\/boutique-one-piece.com\/de\/wp-json\/wp\/v2\/types\/product"}],"replies":[{"embeddable":true,"href":"https:\/\/boutique-one-piece.com\/de\/wp-json\/wp\/v2\/comments?post=12706"}],"wp:featuredmedia":[{"embeddable":true,"href":"https:\/\/boutique-one-piece.com\/de\/wp-json\/wp\/v2\/media\/12708"}],"wp:attachment":[{"href":"https:\/\/boutique-one-piece.com\/de\/wp-json\/wp\/v2\/media?parent=12706"}],"wp:term":[{"taxonomy":"product_brand","embeddable":true,"href":"https:\/\/boutique-one-piece.com\/de\/wp-json\/wp\/v2\/product_brand?post=12706"},{"taxonomy":"product_cat","embeddable":true,"href":"https:\/\/boutique-one-piece.com\/de\/wp-json\/wp\/v2\/product_cat?post=12706"},{"taxonomy":"product_tag","embeddable":true,"href":"https:\/\/boutique-one-piece.com\/de\/wp-json\/wp\/v2\/product_tag?post=12706"}],"curies":[{"name":"wp","href":"https:\/\/api.w.org\/{rel}","templated":true}]}}