{"id":12825,"date":"2022-09-27T20:58:24","date_gmt":"2022-09-27T20:58:24","guid":{"rendered":"https:\/\/boutique-one-piece.com\/uncategorized\/serviette-one-piece-zoro-l-epeiste\/"},"modified":"2024-09-16T13:03:45","modified_gmt":"2024-09-16T13:03:45","slug":"one-piece-zoro-der-schwertkampfer-handtuch","status":"publish","type":"product","link":"https:\/\/boutique-one-piece.com\/de\/one-piece-accessoires\/einteiliges-strandtuch-und-badetuch\/one-piece-zoro-der-schwertkampfer-handtuch\/","title":{"rendered":"One Piece Zoro der Schwertk\u00e4mpfer Handtuch"},"content":{"rendered":"<ul>\n<li><span><b><u>Einteiliges Handtuch<\/u><\/b>\u00a0One Piece Universum-Handtuch f\u00fcr echte Piraten<\/span><\/li>\n<\/ul>\n<ul>\n<li>\n<b>Materialien<\/b><span>\u00a0<\/span>: Baumwolle\u00a0<\/li>\n<\/ul>\n<ul>\n<li><span><strong>Dimension<\/strong>\u00a0: 50x100cm 70x150cm 80x160cm<\/span><\/li>\n<\/ul>\n<ul>\n<li><span><strong>KOSTENLOSE LIEFERUNG<\/strong><\/span><\/li>\n<\/ul>","protected":false},"excerpt":{"rendered":"<p>One Piece Handtuch: Ein Handtuch aus dem One Piece Universum f\u00fcr echte Piraten. Material: Baumwolle. Gr\u00f6\u00dfen: 50 x 100 cm, 70 x 150 cm, 80 x 160 cm. Kostenloser Versand.<\/p>","protected":false},"featured_media":12827,"comment_status":"open","ping_status":"open","template":"","meta":[],"product_brand":[],"product_cat":[160],"product_tag":[],"class_list":{"0":"post-12825","1":"product","2":"type-product","3":"status-publish","4":"has-post-thumbnail","6":"product_cat-serviette-de-plage-et-serviette-de-bain-one-piece","8":"first","9":"instock","10":"purchasable","11":"product-type-variable","12":"has-default-attributes"},"yoast_head":"<!-- This site is optimized with the Yoast SEO plugin v27.5 - https:\/\/yoast.com\/product\/yoast-seo-wordpress\/ -->\n<title>Serviette One Piece Zoro L&#039; \u00c9p\u00e9iste | Serviette One Piece \u2013 Boutique One Piece<\/title>\n<meta name=\"description\" content=\"Serviette One Piece\u00a0: serviette de l&#039;univers One Piece pour les vrais pirates Mati\u00e8res\u00a0: Coton\u00a0 Dimension\u00a0:\u00a050x100cm\u00a070x150cm 80x160cm LIVRAISON OFFERTE\" \/>\n<meta name=\"robots\" content=\"index, follow, max-snippet:-1, max-image-preview:large, max-video-preview:-1\" \/>\n<link rel=\"canonical\" href=\"https:\/\/boutique-one-piece.com\/de\/one-piece-accessoires\/einteiliges-strandtuch-und-badetuch\/one-piece-zoro-der-schwertkampfer-handtuch\/\" \/>\n<meta property=\"og:locale\" content=\"de_DE\" \/>\n<meta property=\"og:type\" content=\"article\" \/>\n<meta property=\"og:title\" content=\"Serviette One Piece Zoro L&#039; \u00c9p\u00e9iste | Serviette One Piece \u2013 Boutique One Piece\" \/>\n<meta property=\"og:description\" content=\"Serviette One Piece\u00a0: serviette de l&#039;univers One Piece pour les vrais pirates Mati\u00e8res\u00a0: Coton\u00a0 Dimension\u00a0:\u00a050x100cm\u00a070x150cm 80x160cm LIVRAISON OFFERTE\" \/>\n<meta property=\"og:url\" content=\"https:\/\/boutique-one-piece.com\/de\/one-piece-accessoires\/einteiliges-strandtuch-und-badetuch\/one-piece-zoro-der-schwertkampfer-handtuch\/\" \/>\n<meta property=\"og:site_name\" content=\"Boutique One Piece\" \/>\n<meta property=\"article:modified_time\" content=\"2024-09-16T13:03:45+00:00\" \/>\n<meta property=\"og:image\" content=\"https:\/\/boutique-one-piece.com\/wp-content\/uploads\/2022\/09\/Serviette-One-Piece-Zoro-L-Epeiste.jpg\" \/>\n\t<meta property=\"og:image:width\" content=\"400\" \/>\n\t<meta property=\"og:image:height\" content=\"400\" \/>\n\t<meta property=\"og:image:type\" content=\"image\/jpeg\" \/>\n<meta name=\"twitter:card\" content=\"summary_large_image\" \/>\n<script type=\"application\/ld+json\" class=\"yoast-schema-graph\">{\"@context\":\"https:\\\/\\\/schema.org\",\"@graph\":[{\"@type\":\"WebPage\",\"@id\":\"https:\\\/\\\/boutique-one-piece.com\\\/accessoires-one-piece\\\/serviette-de-plage-et-serviette-de-bain-one-piece\\\/serviette-one-piece-zoro-l-epeiste\\\/\",\"url\":\"https:\\\/\\\/boutique-one-piece.com\\\/accessoires-one-piece\\\/serviette-de-plage-et-serviette-de-bain-one-piece\\\/serviette-one-piece-zoro-l-epeiste\\\/\",\"name\":\"Serviette One Piece Zoro L' \u00c9p\u00e9iste | Serviette One Piece \u2013 Boutique One Piece\",\"isPartOf\":{\"@id\":\"https:\\\/\\\/boutique-one-piece.com\\\/#website\"},\"primaryImageOfPage\":{\"@id\":\"https:\\\/\\\/boutique-one-piece.com\\\/accessoires-one-piece\\\/serviette-de-plage-et-serviette-de-bain-one-piece\\\/serviette-one-piece-zoro-l-epeiste\\\/#primaryimage\"},\"image\":{\"@id\":\"https:\\\/\\\/boutique-one-piece.com\\\/accessoires-one-piece\\\/serviette-de-plage-et-serviette-de-bain-one-piece\\\/serviette-one-piece-zoro-l-epeiste\\\/#primaryimage\"},\"thumbnailUrl\":\"https:\\\/\\\/boutique-one-piece.com\\\/wp-content\\\/uploads\\\/2022\\\/09\\\/Serviette-One-Piece-Zoro-L-Epeiste.jpg\",\"datePublished\":\"2022-09-27T20:58:24+00:00\",\"dateModified\":\"2024-09-16T13:03:45+00:00\",\"description\":\"Serviette One Piece\u00a0: serviette de l'univers One Piece pour les vrais pirates Mati\u00e8res\u00a0: Coton\u00a0 Dimension\u00a0:\u00a050x100cm\u00a070x150cm 80x160cm LIVRAISON OFFERTE\",\"breadcrumb\":{\"@id\":\"https:\\\/\\\/boutique-one-piece.com\\\/accessoires-one-piece\\\/serviette-de-plage-et-serviette-de-bain-one-piece\\\/serviette-one-piece-zoro-l-epeiste\\\/#breadcrumb\"},\"inLanguage\":\"de\",\"potentialAction\":[{\"@type\":\"ReadAction\",\"target\":[\"https:\\\/\\\/boutique-one-piece.com\\\/accessoires-one-piece\\\/serviette-de-plage-et-serviette-de-bain-one-piece\\\/serviette-one-piece-zoro-l-epeiste\\\/\"]}]},{\"@type\":\"ImageObject\",\"inLanguage\":\"de\",\"@id\":\"https:\\\/\\\/boutique-one-piece.com\\\/accessoires-one-piece\\\/serviette-de-plage-et-serviette-de-bain-one-piece\\\/serviette-one-piece-zoro-l-epeiste\\\/#primaryimage\",\"url\":\"https:\\\/\\\/boutique-one-piece.com\\\/wp-content\\\/uploads\\\/2022\\\/09\\\/Serviette-One-Piece-Zoro-L-Epeiste.jpg\",\"contentUrl\":\"https:\\\/\\\/boutique-one-piece.com\\\/wp-content\\\/uploads\\\/2022\\\/09\\\/Serviette-One-Piece-Zoro-L-Epeiste.jpg\",\"width\":400,\"height\":400,\"caption\":\"Serviette One Piece Zoro L' \u00c9p\u00e9iste 80x160cm\"},{\"@type\":\"BreadcrumbList\",\"@id\":\"https:\\\/\\\/boutique-one-piece.com\\\/accessoires-one-piece\\\/serviette-de-plage-et-serviette-de-bain-one-piece\\\/serviette-one-piece-zoro-l-epeiste\\\/#breadcrumb\",\"itemListElement\":[{\"@type\":\"ListItem\",\"position\":1,\"name\":\"Home\",\"item\":\"https:\\\/\\\/boutique-one-piece.com\\\/\"},{\"@type\":\"ListItem\",\"position\":2,\"name\":\"Shop\",\"item\":\"https:\\\/\\\/boutique-one-piece.com\\\/shop\\\/\"},{\"@type\":\"ListItem\",\"position\":3,\"name\":\"Serviette One Piece Zoro L&#8217; \u00c9p\u00e9iste\"}]},{\"@type\":\"WebSite\",\"@id\":\"https:\\\/\\\/boutique-one-piece.com\\\/#website\",\"url\":\"https:\\\/\\\/boutique-one-piece.com\\\/\",\"name\":\"Boutique One Piece\",\"description\":\"Magasin Sp\u00e9cialis\u00e9 du Manga et l&#039;Anime One Piece\",\"publisher\":{\"@id\":\"https:\\\/\\\/boutique-one-piece.com\\\/#organization\"},\"potentialAction\":[{\"@type\":\"SearchAction\",\"target\":{\"@type\":\"EntryPoint\",\"urlTemplate\":\"https:\\\/\\\/boutique-one-piece.com\\\/?s={search_term_string}\"},\"query-input\":{\"@type\":\"PropertyValueSpecification\",\"valueRequired\":true,\"valueName\":\"search_term_string\"}}],\"inLanguage\":\"de\"},{\"@type\":\"Organization\",\"@id\":\"https:\\\/\\\/boutique-one-piece.com\\\/#organization\",\"name\":\"Boutique One Piece\",\"url\":\"https:\\\/\\\/boutique-one-piece.com\\\/\",\"logo\":{\"@type\":\"ImageObject\",\"inLanguage\":\"de\",\"@id\":\"https:\\\/\\\/boutique-one-piece.com\\\/#\\\/schema\\\/logo\\\/image\\\/\",\"url\":\"https:\\\/\\\/boutique-one-piece.com\\\/wp-content\\\/uploads\\\/2022\\\/09\\\/Logo-01.png\",\"contentUrl\":\"https:\\\/\\\/boutique-one-piece.com\\\/wp-content\\\/uploads\\\/2022\\\/09\\\/Logo-01.png\",\"width\":2318,\"height\":957,\"caption\":\"Boutique One Piece\"},\"image\":{\"@id\":\"https:\\\/\\\/boutique-one-piece.com\\\/#\\\/schema\\\/logo\\\/image\\\/\"}}]}<\/script>\n<!-- \/ Yoast SEO plugin. -->","yoast_head_json":{"title":"One Piece Zoro der Schwertk\u00e4mpfer Handtuch | One Piece Handtuch \u2013 One Piece Shop","description":"One Piece Handtuch: Ein Handtuch aus dem One Piece Universum f\u00fcr echte Piraten. Material: Baumwolle. Gr\u00f6\u00dfen: 50 x 100 cm, 70 x 150 cm, 80 x 160 cm. Kostenloser Versand.","robots":{"index":"index","follow":"follow","max-snippet":"max-snippet:-1","max-image-preview":"max-image-preview:large","max-video-preview":"max-video-preview:-1"},"canonical":"https:\/\/boutique-one-piece.com\/de\/one-piece-accessoires\/einteiliges-strandtuch-und-badetuch\/one-piece-zoro-der-schwertkampfer-handtuch\/","og_locale":"de_DE","og_type":"article","og_title":"Serviette One Piece Zoro L' \u00c9p\u00e9iste | Serviette One Piece \u2013 Boutique One Piece","og_description":"Serviette One Piece\u00a0: serviette de l'univers One Piece pour les vrais pirates Mati\u00e8res\u00a0: Coton\u00a0 Dimension\u00a0:\u00a050x100cm\u00a070x150cm 80x160cm LIVRAISON OFFERTE","og_url":"https:\/\/boutique-one-piece.com\/de\/one-piece-accessoires\/einteiliges-strandtuch-und-badetuch\/one-piece-zoro-der-schwertkampfer-handtuch\/","og_site_name":"Boutique One Piece","article_modified_time":"2024-09-16T13:03:45+00:00","og_image":[{"width":400,"height":400,"url":"https:\/\/boutique-one-piece.com\/wp-content\/uploads\/2022\/09\/Serviette-One-Piece-Zoro-L-Epeiste.jpg","type":"image\/jpeg"}],"twitter_card":"summary_large_image","schema":{"@context":"https:\/\/schema.org","@graph":[{"@type":"WebPage","@id":"https:\/\/boutique-one-piece.com\/accessoires-one-piece\/serviette-de-plage-et-serviette-de-bain-one-piece\/serviette-one-piece-zoro-l-epeiste\/","url":"https:\/\/boutique-one-piece.com\/accessoires-one-piece\/serviette-de-plage-et-serviette-de-bain-one-piece\/serviette-one-piece-zoro-l-epeiste\/","name":"One Piece Zoro der Schwertk\u00e4mpfer Handtuch | One Piece Handtuch \u2013 One Piece Shop","isPartOf":{"@id":"https:\/\/boutique-one-piece.com\/#website"},"primaryImageOfPage":{"@id":"https:\/\/boutique-one-piece.com\/accessoires-one-piece\/serviette-de-plage-et-serviette-de-bain-one-piece\/serviette-one-piece-zoro-l-epeiste\/#primaryimage"},"image":{"@id":"https:\/\/boutique-one-piece.com\/accessoires-one-piece\/serviette-de-plage-et-serviette-de-bain-one-piece\/serviette-one-piece-zoro-l-epeiste\/#primaryimage"},"thumbnailUrl":"https:\/\/boutique-one-piece.com\/wp-content\/uploads\/2022\/09\/Serviette-One-Piece-Zoro-L-Epeiste.jpg","datePublished":"2022-09-27T20:58:24+00:00","dateModified":"2024-09-16T13:03:45+00:00","description":"One Piece Handtuch: Ein Handtuch aus dem One Piece Universum f\u00fcr echte Piraten. Material: Baumwolle. Gr\u00f6\u00dfen: 50 x 100 cm, 70 x 150 cm, 80 x 160 cm. Kostenloser Versand.","breadcrumb":{"@id":"https:\/\/boutique-one-piece.com\/accessoires-one-piece\/serviette-de-plage-et-serviette-de-bain-one-piece\/serviette-one-piece-zoro-l-epeiste\/#breadcrumb"},"inLanguage":"de","potentialAction":[{"@type":"ReadAction","target":["https:\/\/boutique-one-piece.com\/accessoires-one-piece\/serviette-de-plage-et-serviette-de-bain-one-piece\/serviette-one-piece-zoro-l-epeiste\/"]}]},{"@type":"ImageObject","inLanguage":"de","@id":"https:\/\/boutique-one-piece.com\/accessoires-one-piece\/serviette-de-plage-et-serviette-de-bain-one-piece\/serviette-one-piece-zoro-l-epeiste\/#primaryimage","url":"https:\/\/boutique-one-piece.com\/wp-content\/uploads\/2022\/09\/Serviette-One-Piece-Zoro-L-Epeiste.jpg","contentUrl":"https:\/\/boutique-one-piece.com\/wp-content\/uploads\/2022\/09\/Serviette-One-Piece-Zoro-L-Epeiste.jpg","width":400,"height":400,"caption":"Serviette One Piece Zoro L' \u00c9p\u00e9iste 80x160cm"},{"@type":"BreadcrumbList","@id":"https:\/\/boutique-one-piece.com\/accessoires-one-piece\/serviette-de-plage-et-serviette-de-bain-one-piece\/serviette-one-piece-zoro-l-epeiste\/#breadcrumb","itemListElement":[{"@type":"ListItem","position":1,"name":"Home","item":"https:\/\/boutique-one-piece.com\/"},{"@type":"ListItem","position":2,"name":"Shop","item":"https:\/\/boutique-one-piece.com\/shop\/"},{"@type":"ListItem","position":3,"name":"Serviette One Piece Zoro L&#8217; \u00c9p\u00e9iste"}]},{"@type":"WebSite","@id":"https:\/\/boutique-one-piece.com\/#website","url":"https:\/\/boutique-one-piece.com\/","name":"One Piece Shop","description":"Fachgesch\u00e4ft f\u00fcr One Piece Manga und Anime","publisher":{"@id":"https:\/\/boutique-one-piece.com\/#organization"},"potentialAction":[{"@type":"SearchAction","target":{"@type":"EntryPoint","urlTemplate":"https:\/\/boutique-one-piece.com\/?s={search_term_string}"},"query-input":{"@type":"PropertyValueSpecification","valueRequired":true,"valueName":"search_term_string"}}],"inLanguage":"de"},{"@type":"Organization","@id":"https:\/\/boutique-one-piece.com\/#organization","name":"One Piece Shop","url":"https:\/\/boutique-one-piece.com\/","logo":{"@type":"ImageObject","inLanguage":"de","@id":"https:\/\/boutique-one-piece.com\/#\/schema\/logo\/image\/","url":"https:\/\/boutique-one-piece.com\/wp-content\/uploads\/2022\/09\/Logo-01.png","contentUrl":"https:\/\/boutique-one-piece.com\/wp-content\/uploads\/2022\/09\/Logo-01.png","width":2318,"height":957,"caption":"Boutique One Piece"},"image":{"@id":"https:\/\/boutique-one-piece.com\/#\/schema\/logo\/image\/"}}]}},"_links":{"self":[{"href":"https:\/\/boutique-one-piece.com\/de\/wp-json\/wp\/v2\/product\/12825","targetHints":{"allow":["GET"]}}],"collection":[{"href":"https:\/\/boutique-one-piece.com\/de\/wp-json\/wp\/v2\/product"}],"about":[{"href":"https:\/\/boutique-one-piece.com\/de\/wp-json\/wp\/v2\/types\/product"}],"replies":[{"embeddable":true,"href":"https:\/\/boutique-one-piece.com\/de\/wp-json\/wp\/v2\/comments?post=12825"}],"wp:featuredmedia":[{"embeddable":true,"href":"https:\/\/boutique-one-piece.com\/de\/wp-json\/wp\/v2\/media\/12827"}],"wp:attachment":[{"href":"https:\/\/boutique-one-piece.com\/de\/wp-json\/wp\/v2\/media?parent=12825"}],"wp:term":[{"taxonomy":"product_brand","embeddable":true,"href":"https:\/\/boutique-one-piece.com\/de\/wp-json\/wp\/v2\/product_brand?post=12825"},{"taxonomy":"product_cat","embeddable":true,"href":"https:\/\/boutique-one-piece.com\/de\/wp-json\/wp\/v2\/product_cat?post=12825"},{"taxonomy":"product_tag","embeddable":true,"href":"https:\/\/boutique-one-piece.com\/de\/wp-json\/wp\/v2\/product_tag?post=12825"}],"curies":[{"name":"wp","href":"https:\/\/api.w.org\/{rel}","templated":true}]}}