{"id":12839,"date":"2022-09-27T20:58:41","date_gmt":"2022-09-27T20:58:41","guid":{"rendered":"https:\/\/boutique-one-piece.com\/uncategorized\/figurine-one-piece-chopper-transforme\/"},"modified":"2024-09-16T13:03:50","modified_gmt":"2024-09-16T13:03:50","slug":"one-piece-figur-chopper-verwandelt-sich","status":"publish","type":"product","link":"https:\/\/boutique-one-piece.com\/de\/one-piece-fanartikel\/tony-goodies-tony-chopper-one-piece\/one-piece-figur-chopper-verwandelt-sich\/","title":{"rendered":"One Piece Transformed Chopper Figur"},"content":{"rendered":"<h2>Junger Pirat, es ist an der Zeit, dass du dir diese One Piece Chopper Transformed Figur jetzt sicherst.<\/h2>\n<p>Hier ist, was Sie \u00fcber ihn wissen m\u00fcssen; ; <strong>Chopper oder Tony Tony Chopper<\/strong> Er ist der Arzt der Strohhutbande. Er ist ein Rentier, das die Hito-Hito-Frucht gegessen hat. <strong>Der Hito Hito no Mi<\/strong>, Die Mensch-Mensch-Frucht, auch Teufelsfrucht genannt, ist eine Zoan-Teufelsfrucht, die es ihrem Nutzer erm\u00f6glicht, sich in einen Mensch-Hybriden oder einen vollst\u00e4ndig menschlichen K\u00f6rper zu verwandeln. Hier seht ihr Chopper in seiner \u00abMonster Point\u00bb-Form.<\/p>\n<p><strong>Monster Point<\/strong>, \u00abMonsterverst\u00e4rkung\u00bb, w\u00f6rtlich \u00fcbersetzt \u201eMonsterverst\u00e4rkung\u201c, ist Choppers st\u00e4rkste und unkontrollierbarste Form. In brenzligen Situationen riskiert er, innerhalb von sechs Stunden drei Rumble Balls zu verschlucken und verwandelt sich in ein gigantisches Monster. \u00dcbrigens, falls du deine Figurensammlung erweitern m\u00f6chtest: <a title=\"ONE PIECE CHOPPER NEUE WELT-TRANSFORMATION\" href=\"https:\/\/boutique-one-piece.com\/de\/one-piece-chopper-transformation-der-neuen-welt\/\" target=\"_blank\" rel=\"noopener\">Chopper-Figur in der Horn-Point-Form<\/a> ist in Ihrer Reichweite.<\/p>\n<h3>Sind Sie also von der Chopper-Figur in seiner Monster-Point-Form fasziniert? Wenn ja, begleiten Sie ihn an Bord der Thousand Sunny.<\/h3>\n<p>Egal, ob Sie ein eingefleischter Fan oder ein ernsthafter Sammler sind, zeigen Sie weiterhin Ihre Begeisterung daf\u00fcr. <strong>Manga<\/strong>. Diese legend\u00e4ren Artikel entf\u00fchren dich zur\u00fcck in die Welt des One Piece-Animes. Sie eignen sich perfekt zum Verschenken, Dekorieren oder Sammeln und bereichern jede Sammlung. <strong>dein One Piece Universum<\/strong>.<\/p>\n<h2>Informationen zur Transformed Chopper-Figur\u00a0<\/h2>\n<ul>\n<li><span><b><u>One Piece Figur<\/u><\/b>\u00a0Premium One Piece-Figur f\u00fcr echte Piraten<\/span><\/li>\n<\/ul>\n<ul>\n<li>\n<b>Gegenstand<\/b><span>\u00a0<\/span>PVC<\/li>\n<\/ul>\n<ul>\n<li><span><strong>Dimension<\/strong>\u00a0: 10 cm<\/span><\/li>\n<\/ul>\n<ul>\n<li><span><strong>KOSTENLOSE LIEFERUNG<\/strong><\/span><\/li>\n<\/ul>","protected":false},"excerpt":{"rendered":"<p>Junger Pirat, es ist soweit! Schnapp dir diese One Piece Transformed Chopper Figur. Hier ist alles, was du \u00fcber ihn wissen musst: Chopper, oder Tony Tony Chopper, ist der Arzt der Strohhutbande. Er ist ein Rentier, das die Hito Hito no Mi gegessen hat \u2013 [\u2026]<\/p>","protected":false},"featured_media":12841,"comment_status":"open","ping_status":"open","template":"","meta":[],"product_brand":[],"product_cat":[76,333,163],"product_tag":[165],"class_list":{"0":"post-12839","1":"product","2":"type-product","3":"status-publish","4":"has-post-thumbnail","6":"product_cat-figurines-one-piece","7":"product_cat-figurines-tony-chopper","8":"product_cat-goodies-tony-tony-chopper-one-piece","9":"product_tag-chopper","11":"first","12":"instock","13":"purchasable","14":"product-type-simple"},"yoast_head":"<!-- This site is optimized with the Yoast SEO plugin v27.5 - https:\/\/yoast.com\/product\/yoast-seo-wordpress\/ -->\n<title>Figurine One Piece Chopper Transform\u00e9 | Figurine One Piece \u2013 Boutique One Piece<\/title>\n<meta name=\"description\" content=\"Jeune pirate, le moment est venu pour toi de te procurer d\u00e8s maintenant cette Figurine One Piece Chopper Transform\u00e9. Voici ce que tu dois savoir \u00e0 son sujet ; Chopper ou Tony Tony Chopper est le docteur de l&#039;\u00c9quipage du Chapeau de Paille. C&#039;est un renne qui a mang\u00e9 le Hito Hito no Mi - Le Hito Hito no Mi, ou Fruit de l\" \/>\n<meta name=\"robots\" content=\"index, follow, max-snippet:-1, max-image-preview:large, max-video-preview:-1\" \/>\n<link rel=\"canonical\" href=\"https:\/\/boutique-one-piece.com\/de\/one-piece-figuren\/tony-chopper-figuren\/one-piece-figur-chopper-verwandelt-sich\/\" \/>\n<meta property=\"og:locale\" content=\"de_DE\" \/>\n<meta property=\"og:type\" content=\"article\" \/>\n<meta property=\"og:title\" content=\"Figurine One Piece Chopper Transform\u00e9 | Figurine One Piece \u2013 Boutique One Piece\" \/>\n<meta property=\"og:description\" content=\"Jeune pirate, le moment est venu pour toi de te procurer d\u00e8s maintenant cette Figurine One Piece Chopper Transform\u00e9. Voici ce que tu dois savoir \u00e0 son sujet ; Chopper ou Tony Tony Chopper est le docteur de l&#039;\u00c9quipage du Chapeau de Paille. C&#039;est un renne qui a mang\u00e9 le Hito Hito no Mi - Le Hito Hito no Mi, ou Fruit de l\" \/>\n<meta property=\"og:url\" content=\"https:\/\/boutique-one-piece.com\/de\/one-piece-figuren\/tony-chopper-figuren\/one-piece-figur-chopper-verwandelt-sich\/\" \/>\n<meta property=\"og:site_name\" content=\"Boutique One Piece\" \/>\n<meta property=\"article:modified_time\" content=\"2024-09-16T13:03:50+00:00\" \/>\n<meta property=\"og:image\" content=\"https:\/\/boutique-one-piece.com\/wp-content\/uploads\/2022\/09\/Figurine-One-Piece-Chopper-Transforme.jpg\" \/>\n\t<meta property=\"og:image:width\" content=\"640\" \/>\n\t<meta property=\"og:image:height\" content=\"640\" \/>\n\t<meta property=\"og:image:type\" content=\"image\/jpeg\" \/>\n<meta name=\"twitter:card\" content=\"summary_large_image\" \/>\n<meta name=\"twitter:label1\" content=\"Gesch\u00e4tzte Lesezeit\" \/>\n\t<meta name=\"twitter:data1\" content=\"1\u00a0Minute\" \/>\n<script type=\"application\/ld+json\" class=\"yoast-schema-graph\">{\"@context\":\"https:\\\/\\\/schema.org\",\"@graph\":[{\"@type\":\"WebPage\",\"@id\":\"https:\\\/\\\/boutique-one-piece.com\\\/figurines-one-piece\\\/figurines-tony-chopper\\\/figurine-one-piece-chopper-transforme\\\/\",\"url\":\"https:\\\/\\\/boutique-one-piece.com\\\/figurines-one-piece\\\/figurines-tony-chopper\\\/figurine-one-piece-chopper-transforme\\\/\",\"name\":\"Figurine One Piece Chopper Transform\u00e9 | Figurine One Piece \u2013 Boutique One Piece\",\"isPartOf\":{\"@id\":\"https:\\\/\\\/boutique-one-piece.com\\\/#website\"},\"primaryImageOfPage\":{\"@id\":\"https:\\\/\\\/boutique-one-piece.com\\\/figurines-one-piece\\\/figurines-tony-chopper\\\/figurine-one-piece-chopper-transforme\\\/#primaryimage\"},\"image\":{\"@id\":\"https:\\\/\\\/boutique-one-piece.com\\\/figurines-one-piece\\\/figurines-tony-chopper\\\/figurine-one-piece-chopper-transforme\\\/#primaryimage\"},\"thumbnailUrl\":\"https:\\\/\\\/boutique-one-piece.com\\\/wp-content\\\/uploads\\\/2022\\\/09\\\/Figurine-One-Piece-Chopper-Transforme.jpg\",\"datePublished\":\"2022-09-27T20:58:41+00:00\",\"dateModified\":\"2024-09-16T13:03:50+00:00\",\"description\":\"Jeune pirate, le moment est venu pour toi de te procurer d\u00e8s maintenant cette Figurine One Piece Chopper Transform\u00e9. Voici ce que tu dois savoir \u00e0 son sujet ; Chopper ou Tony Tony Chopper est le docteur de l'\u00c9quipage du Chapeau de Paille. C'est un renne qui a mang\u00e9 le Hito Hito no Mi - Le Hito Hito no Mi, ou Fruit de l\",\"breadcrumb\":{\"@id\":\"https:\\\/\\\/boutique-one-piece.com\\\/figurines-one-piece\\\/figurines-tony-chopper\\\/figurine-one-piece-chopper-transforme\\\/#breadcrumb\"},\"inLanguage\":\"de\",\"potentialAction\":[{\"@type\":\"ReadAction\",\"target\":[\"https:\\\/\\\/boutique-one-piece.com\\\/figurines-one-piece\\\/figurines-tony-chopper\\\/figurine-one-piece-chopper-transforme\\\/\"]}]},{\"@type\":\"ImageObject\",\"inLanguage\":\"de\",\"@id\":\"https:\\\/\\\/boutique-one-piece.com\\\/figurines-one-piece\\\/figurines-tony-chopper\\\/figurine-one-piece-chopper-transforme\\\/#primaryimage\",\"url\":\"https:\\\/\\\/boutique-one-piece.com\\\/wp-content\\\/uploads\\\/2022\\\/09\\\/Figurine-One-Piece-Chopper-Transforme.jpg\",\"contentUrl\":\"https:\\\/\\\/boutique-one-piece.com\\\/wp-content\\\/uploads\\\/2022\\\/09\\\/Figurine-One-Piece-Chopper-Transforme.jpg\",\"width\":640,\"height\":640,\"caption\":\"Figurine One Piece Chopper Transform\u00e9 Default Title\"},{\"@type\":\"BreadcrumbList\",\"@id\":\"https:\\\/\\\/boutique-one-piece.com\\\/figurines-one-piece\\\/figurines-tony-chopper\\\/figurine-one-piece-chopper-transforme\\\/#breadcrumb\",\"itemListElement\":[{\"@type\":\"ListItem\",\"position\":1,\"name\":\"Home\",\"item\":\"https:\\\/\\\/boutique-one-piece.com\\\/\"},{\"@type\":\"ListItem\",\"position\":2,\"name\":\"Shop\",\"item\":\"https:\\\/\\\/boutique-one-piece.com\\\/shop\\\/\"},{\"@type\":\"ListItem\",\"position\":3,\"name\":\"Figurine One Piece Chopper Transform\u00e9\"}]},{\"@type\":\"WebSite\",\"@id\":\"https:\\\/\\\/boutique-one-piece.com\\\/#website\",\"url\":\"https:\\\/\\\/boutique-one-piece.com\\\/\",\"name\":\"Boutique One Piece\",\"description\":\"Magasin Sp\u00e9cialis\u00e9 du Manga et l&#039;Anime One Piece\",\"publisher\":{\"@id\":\"https:\\\/\\\/boutique-one-piece.com\\\/#organization\"},\"potentialAction\":[{\"@type\":\"SearchAction\",\"target\":{\"@type\":\"EntryPoint\",\"urlTemplate\":\"https:\\\/\\\/boutique-one-piece.com\\\/?s={search_term_string}\"},\"query-input\":{\"@type\":\"PropertyValueSpecification\",\"valueRequired\":true,\"valueName\":\"search_term_string\"}}],\"inLanguage\":\"de\"},{\"@type\":\"Organization\",\"@id\":\"https:\\\/\\\/boutique-one-piece.com\\\/#organization\",\"name\":\"Boutique One Piece\",\"url\":\"https:\\\/\\\/boutique-one-piece.com\\\/\",\"logo\":{\"@type\":\"ImageObject\",\"inLanguage\":\"de\",\"@id\":\"https:\\\/\\\/boutique-one-piece.com\\\/#\\\/schema\\\/logo\\\/image\\\/\",\"url\":\"https:\\\/\\\/boutique-one-piece.com\\\/wp-content\\\/uploads\\\/2022\\\/09\\\/Logo-01.png\",\"contentUrl\":\"https:\\\/\\\/boutique-one-piece.com\\\/wp-content\\\/uploads\\\/2022\\\/09\\\/Logo-01.png\",\"width\":2318,\"height\":957,\"caption\":\"Boutique One Piece\"},\"image\":{\"@id\":\"https:\\\/\\\/boutique-one-piece.com\\\/#\\\/schema\\\/logo\\\/image\\\/\"}}]}<\/script>\n<!-- \/ Yoast SEO plugin. -->","yoast_head_json":{"title":"One Piece Transformed Chopper Figur | One Piece Figur \u2013 One Piece Shop","description":"Junger Pirat, es ist soweit! Schnapp dir diese One Piece Transformed Chopper Figur. Hier sind alle Infos zu ihm: Chopper, oder Tony Tony Chopper, ist der Arzt der Strohhutbande. Er ist ein Rentier, das die Hito Hito no Mi \u2013 die Teufelsfrucht \u2013 gegessen hat.","robots":{"index":"index","follow":"follow","max-snippet":"max-snippet:-1","max-image-preview":"max-image-preview:large","max-video-preview":"max-video-preview:-1"},"canonical":"https:\/\/boutique-one-piece.com\/de\/one-piece-figuren\/tony-chopper-figuren\/one-piece-figur-chopper-verwandelt-sich\/","og_locale":"de_DE","og_type":"article","og_title":"Figurine One Piece Chopper Transform\u00e9 | Figurine One Piece \u2013 Boutique One Piece","og_description":"Jeune pirate, le moment est venu pour toi de te procurer d\u00e8s maintenant cette Figurine One Piece Chopper Transform\u00e9. Voici ce que tu dois savoir \u00e0 son sujet ; Chopper ou Tony Tony Chopper est le docteur de l'\u00c9quipage du Chapeau de Paille. C'est un renne qui a mang\u00e9 le Hito Hito no Mi - Le Hito Hito no Mi, ou Fruit de l","og_url":"https:\/\/boutique-one-piece.com\/de\/one-piece-figuren\/tony-chopper-figuren\/one-piece-figur-chopper-verwandelt-sich\/","og_site_name":"Boutique One Piece","article_modified_time":"2024-09-16T13:03:50+00:00","og_image":[{"width":640,"height":640,"url":"https:\/\/boutique-one-piece.com\/wp-content\/uploads\/2022\/09\/Figurine-One-Piece-Chopper-Transforme.jpg","type":"image\/jpeg"}],"twitter_card":"summary_large_image","twitter_misc":{"Gesch\u00e4tzte Lesezeit":"1\u00a0Minute"},"schema":{"@context":"https:\/\/schema.org","@graph":[{"@type":"WebPage","@id":"https:\/\/boutique-one-piece.com\/figurines-one-piece\/figurines-tony-chopper\/figurine-one-piece-chopper-transforme\/","url":"https:\/\/boutique-one-piece.com\/figurines-one-piece\/figurines-tony-chopper\/figurine-one-piece-chopper-transforme\/","name":"One Piece Transformed Chopper Figur | One Piece Figur \u2013 One Piece Shop","isPartOf":{"@id":"https:\/\/boutique-one-piece.com\/#website"},"primaryImageOfPage":{"@id":"https:\/\/boutique-one-piece.com\/figurines-one-piece\/figurines-tony-chopper\/figurine-one-piece-chopper-transforme\/#primaryimage"},"image":{"@id":"https:\/\/boutique-one-piece.com\/figurines-one-piece\/figurines-tony-chopper\/figurine-one-piece-chopper-transforme\/#primaryimage"},"thumbnailUrl":"https:\/\/boutique-one-piece.com\/wp-content\/uploads\/2022\/09\/Figurine-One-Piece-Chopper-Transforme.jpg","datePublished":"2022-09-27T20:58:41+00:00","dateModified":"2024-09-16T13:03:50+00:00","description":"Junger Pirat, es ist soweit! Schnapp dir diese One Piece Transformed Chopper Figur. Hier sind alle Infos zu ihm: Chopper, oder Tony Tony Chopper, ist der Arzt der Strohhutbande. Er ist ein Rentier, das die Hito Hito no Mi \u2013 die Teufelsfrucht \u2013 gegessen hat.","breadcrumb":{"@id":"https:\/\/boutique-one-piece.com\/figurines-one-piece\/figurines-tony-chopper\/figurine-one-piece-chopper-transforme\/#breadcrumb"},"inLanguage":"de","potentialAction":[{"@type":"ReadAction","target":["https:\/\/boutique-one-piece.com\/figurines-one-piece\/figurines-tony-chopper\/figurine-one-piece-chopper-transforme\/"]}]},{"@type":"ImageObject","inLanguage":"de","@id":"https:\/\/boutique-one-piece.com\/figurines-one-piece\/figurines-tony-chopper\/figurine-one-piece-chopper-transforme\/#primaryimage","url":"https:\/\/boutique-one-piece.com\/wp-content\/uploads\/2022\/09\/Figurine-One-Piece-Chopper-Transforme.jpg","contentUrl":"https:\/\/boutique-one-piece.com\/wp-content\/uploads\/2022\/09\/Figurine-One-Piece-Chopper-Transforme.jpg","width":640,"height":640,"caption":"Figurine One Piece Chopper Transform\u00e9 Default Title"},{"@type":"BreadcrumbList","@id":"https:\/\/boutique-one-piece.com\/figurines-one-piece\/figurines-tony-chopper\/figurine-one-piece-chopper-transforme\/#breadcrumb","itemListElement":[{"@type":"ListItem","position":1,"name":"Home","item":"https:\/\/boutique-one-piece.com\/"},{"@type":"ListItem","position":2,"name":"Shop","item":"https:\/\/boutique-one-piece.com\/shop\/"},{"@type":"ListItem","position":3,"name":"Figurine One Piece Chopper Transform\u00e9"}]},{"@type":"WebSite","@id":"https:\/\/boutique-one-piece.com\/#website","url":"https:\/\/boutique-one-piece.com\/","name":"One Piece Shop","description":"Fachgesch\u00e4ft f\u00fcr One Piece Manga und Anime","publisher":{"@id":"https:\/\/boutique-one-piece.com\/#organization"},"potentialAction":[{"@type":"SearchAction","target":{"@type":"EntryPoint","urlTemplate":"https:\/\/boutique-one-piece.com\/?s={search_term_string}"},"query-input":{"@type":"PropertyValueSpecification","valueRequired":true,"valueName":"search_term_string"}}],"inLanguage":"de"},{"@type":"Organization","@id":"https:\/\/boutique-one-piece.com\/#organization","name":"One Piece Shop","url":"https:\/\/boutique-one-piece.com\/","logo":{"@type":"ImageObject","inLanguage":"de","@id":"https:\/\/boutique-one-piece.com\/#\/schema\/logo\/image\/","url":"https:\/\/boutique-one-piece.com\/wp-content\/uploads\/2022\/09\/Logo-01.png","contentUrl":"https:\/\/boutique-one-piece.com\/wp-content\/uploads\/2022\/09\/Logo-01.png","width":2318,"height":957,"caption":"Boutique One Piece"},"image":{"@id":"https:\/\/boutique-one-piece.com\/#\/schema\/logo\/image\/"}}]}},"_links":{"self":[{"href":"https:\/\/boutique-one-piece.com\/de\/wp-json\/wp\/v2\/product\/12839","targetHints":{"allow":["GET"]}}],"collection":[{"href":"https:\/\/boutique-one-piece.com\/de\/wp-json\/wp\/v2\/product"}],"about":[{"href":"https:\/\/boutique-one-piece.com\/de\/wp-json\/wp\/v2\/types\/product"}],"replies":[{"embeddable":true,"href":"https:\/\/boutique-one-piece.com\/de\/wp-json\/wp\/v2\/comments?post=12839"}],"wp:featuredmedia":[{"embeddable":true,"href":"https:\/\/boutique-one-piece.com\/de\/wp-json\/wp\/v2\/media\/12841"}],"wp:attachment":[{"href":"https:\/\/boutique-one-piece.com\/de\/wp-json\/wp\/v2\/media?parent=12839"}],"wp:term":[{"taxonomy":"product_brand","embeddable":true,"href":"https:\/\/boutique-one-piece.com\/de\/wp-json\/wp\/v2\/product_brand?post=12839"},{"taxonomy":"product_cat","embeddable":true,"href":"https:\/\/boutique-one-piece.com\/de\/wp-json\/wp\/v2\/product_cat?post=12839"},{"taxonomy":"product_tag","embeddable":true,"href":"https:\/\/boutique-one-piece.com\/de\/wp-json\/wp\/v2\/product_tag?post=12839"}],"curies":[{"name":"wp","href":"https:\/\/api.w.org\/{rel}","templated":true}]}}