{"id":12850,"date":"2022-09-27T20:58:41","date_gmt":"2022-09-27T20:58:41","guid":{"rendered":"https:\/\/boutique-one-piece.com\/uncategorized\/pull-one-piece-heart-et-mugiwara-reuni\/"},"modified":"2024-09-16T13:04:22","modified_gmt":"2024-09-16T13:04:22","slug":"one-piece-herz-und-mugiwara-pullover-wiedervereint","status":"publish","type":"product","link":"https:\/\/boutique-one-piece.com\/de\/einteilige-kleidung\/einteilige-pullover\/one-piece-herz-und-mugiwara-pullover-wiedervereint\/","title":{"rendered":"One Piece Herz und Mugiwara Pullover wiedervereint"},"content":{"rendered":"<h2>Informationen zum Pullover:<\/h2>\n<ul>\n<li>\n<strong>Hochwertiger Einteiler\u00a0<\/strong><span>:\u00a0<\/span>Es hat ein hohes Gewicht und ist aus hochwertigen Materialien gefertigt.<\/li>\n<\/ul>\n<ul>\n<li>\n<strong>Hohe Flexibilit\u00e4t\u00a0<\/strong>Dank seiner Elastizit\u00e4t wirft es keine Falten.<\/li>\n<\/ul>\n<ul>\n<li>\n<strong>Sehr komfortabel <\/strong>Dank dieser superweichen Fasern entsteht keine Reibung.<\/li>\n<\/ul>\n<ul>\n<li>3D-Digitaldruck, Originaldesign<\/li>\n<\/ul>\n<ul>\n<li>\n<strong>Kostenloser Versand\u00a0<\/strong>f\u00fcr jeden Kauf<strong>\u00a0<\/strong>\n<\/li>\n<\/ul>\n<p>Vergessen Sie nicht, einen Blick auf die unten stehende Gr\u00f6\u00dfentabelle zu werfen.<\/p>\n<p><meta charset=\"utf-8\"><\/p>\n<h2>Jackeninformationen:\u00a0<\/h2>\n<ul>\n<li>\u00a0<strong>Jacke in Premiumqualit\u00e4t\u00a0<\/strong>Hergestellt aus hochwertigen Materialien<\/li>\n<\/ul>\n<ul>\n<li>\n<strong>Sehr komfortabel\u00a0<\/strong>: mit<span>\u00a0<\/span>sein\u00a0<strong>Fasern<\/strong>\u00a0von\u00a0<strong>Polyester<\/strong>\u00a0Gro\u00dfartig\u00a0<strong>weich<\/strong>, Es gibt keins\u00a0<strong>Reibung<\/strong>\n<\/li>\n<\/ul>\n<ul>\n<li>\n<strong>3D-Digitaldruck<\/strong>\u00a0:\u00a0<strong>bedruckte Jacke<\/strong>\u00a0mit einem originellen Design,\u00a0<strong>Leinwanddruck<\/strong>\n<\/li>\n<\/ul>\n<ul>\n<li>\n<strong>Kostenloser Versand\u00a0<\/strong>f\u00fcr jeden Kauf<\/li>\n<\/ul>\n<h2><strong>Vergessen Sie nicht, einen Blick auf die unten stehende Gr\u00f6\u00dfentabelle zu werfen.<\/strong><\/h2>\n<style><!--\n.content-table {\n  border-collapse: collapse;\n  margin: 25px 0;\n  font-size: 0.9em;\n  min-width: 400px;\n  border-radius: 5px 5px 0 0;\n  overflow: hidden;\n  box-shadow: 0 0 20px rgba(0, 0, 0, 0.15);\n  text-align: center;\n}\n.content-table thead tr {\n  background-color: #E6B96E;\n  color: #ffffff;\n  text-align: left;\n  font-weight: bold;\n}\n.content-table th,\n.content-table td {\n  padding: 12px 15px;\n}\n.content-table tbody tr {\n  border-bottom: 1px solid #dddddd;\n}\n.content-table tbody tr:nth-of-type(even) {\n  background-color: #f3f3f3;\n}\n.content-table tbody tr:last-of-type {\n  border-bottom: 2px solid #E6B96E;\n}\n--><\/style>\n<table class=\"content-table\">\n<thead>\n<tr>\n<th colspan=\"4\">GR\u00d6SSENTABELLE \u2013 W\u00c4HLEN SIE IHRE GR\u00d6SSE<\/th>\n<\/tr>\n<tr>\n<th style=\"text-align: center;\">Gr\u00f6\u00dfe<\/th>\n<th style=\"text-align: center;\">B\u00fcste<\/th>\n<th style=\"text-align: center;\">L\u00e4nge<\/th>\n<th style=\"text-align: center;\">\u00c4rmel<\/th>\n<\/tr>\n<\/thead>\n<tbody>\n<tr>\n<td style=\"text-align: center;\"><strong>S<\/strong><\/td>\n<td style=\"text-align: center;\">92<\/td>\n<td style=\"text-align: center;\">63\n<\/td>\n<td style=\"text-align: center;\">63<\/td>\n<\/tr>\n<tr class=\"active-row\">\n<td style=\"text-align: center;\"><strong>M<\/strong><\/td>\n<td style=\"text-align: center;\">96\n<\/td>\n<td style=\"text-align: center;\">65\n<\/td>\n<td style=\"text-align: center;\">65<\/td>\n<\/tr>\n<tr>\n<td style=\"text-align: center;\"><strong>L<\/strong><\/td>\n<td style=\"text-align: center;\">100\n<\/td>\n<td style=\"text-align: center;\">67\n<\/td>\n<td style=\"text-align: center;\">67<\/td>\n<\/tr>\n<tr class=\"active-row\">\n<td style=\"text-align: center;\"><strong>XL<\/strong><\/td>\n<td style=\"text-align: center;\">104<\/td>\n<td style=\"text-align: center;\">69\n<\/td>\n<td style=\"text-align: center;\">69\n<\/td>\n<\/tr>\n<tr>\n<td style=\"text-align: center;\"><strong>XXL<\/strong><\/td>\n<td style=\"text-align: center;\">108<\/td>\n<td style=\"text-align: center;\">71\n<\/td>\n<td style=\"text-align: center;\">71\n<\/td>\n<\/tr>\n<tr class=\"active-row\">\n<td style=\"text-align: center;\"><strong>3XL<\/strong><\/td>\n<td style=\"text-align: center;\">112\n<\/td>\n<td style=\"text-align: center;\">73<\/td>\n<td style=\"text-align: center;\">73\n<\/td>\n<\/tr>\n<tr>\n<td style=\"text-align: center;\"><strong>4XL<\/strong><\/td>\n<td style=\"text-align: center;\">116<\/td>\n<td style=\"text-align: center;\">75<\/td>\n<td style=\"text-align: center;\">75<\/td>\n<\/tr>\n<tr class=\"active-row\">\n<td style=\"text-align: center;\"><strong>5XL<\/strong><\/td>\n<td style=\"text-align: center;\">120\n<\/td>\n<td style=\"text-align: center;\">77<\/td>\n<td style=\"text-align: center;\">77\n<\/td>\n<\/tr>\n<\/tbody>\n<\/table>\n<p><\/p>\n<h3>Waschanleitung:<\/h3>\n<ul>\n<li>Maschinenw\u00e4sche bei 30\u00b0C, Schonwaschgang<\/li>\n<\/ul>\n<ul>\n<li>Von der R\u00fcckseite b\u00fcgeln<\/li>\n<\/ul>\n<p>Um die Qualit\u00e4t dieses Produkts zu erhalten <strong>Pullover<\/strong><strong>\u00a0Ein St\u00fcck<\/strong>, Wir empfehlen Ihnen, die Waschanleitung zu beachten.<\/p>","protected":false},"excerpt":{"rendered":"<p>Pullover-Informationen: Premium-Einteiler: Hochwertiger, schwerer Stoff. Besonders flexibel: Dank seiner Elastizit\u00e4t knittert er nicht. Sehr komfortabel: Die superweichen Fasern verhindern Reibung und Druckstellen. 3D-Digitaldruck, originelles Design. Kostenloser Versand f\u00fcr alle Bestellungen. Schauen Sie sich auch unsere weiteren Produkte an!<\/p>","protected":false},"featured_media":12852,"comment_status":"open","ping_status":"open","template":"","meta":[],"product_brand":[],"product_cat":[81],"product_tag":[],"class_list":{"0":"post-12850","1":"product","2":"type-product","3":"status-publish","4":"has-post-thumbnail","6":"product_cat-pulls-one-piece","8":"first","9":"instock","10":"purchasable","11":"product-type-variable","12":"has-default-attributes"},"yoast_head":"<!-- This site is optimized with the Yoast SEO plugin v27.5 - https:\/\/yoast.com\/product\/yoast-seo-wordpress\/ -->\n<title>Pull One Piece Heart Et Mugiwara R\u00e9uni | V\u00eatement One Piece \u2013 Boutique One Piece<\/title>\n<meta name=\"description\" content=\"Informations sur le Pull : Pull\u00a0One Piece\u00a0de qualit\u00e9 sup\u00e9rieur\u00a0:\u00a0poc\u00e8de un grammage \u00e9lev\u00e9 avec des mat\u00e9riaux de qualit\u00e9s Grande souplesse\u00a0: gr\u00e2ce \u00e0 son \u00e9lasticit\u00e9, il ne se froisse pas Tr\u00e8s confortable : avec ces fibres super douces, il n&#039;y a pas\u00a0de frottements Impression digitale 3D, design original Livraison\u00a0Offerte\u00a0\" \/>\n<meta name=\"robots\" content=\"index, follow, max-snippet:-1, max-image-preview:large, max-video-preview:-1\" \/>\n<link rel=\"canonical\" href=\"https:\/\/boutique-one-piece.com\/de\/einteilige-kleidung\/einteilige-pullover\/one-piece-herz-und-mugiwara-pullover-wiedervereint\/\" \/>\n<meta property=\"og:locale\" content=\"de_DE\" \/>\n<meta property=\"og:type\" content=\"article\" \/>\n<meta property=\"og:title\" content=\"Pull One Piece Heart Et Mugiwara R\u00e9uni | V\u00eatement One Piece \u2013 Boutique One Piece\" \/>\n<meta property=\"og:description\" content=\"Informations sur le Pull : Pull\u00a0One Piece\u00a0de qualit\u00e9 sup\u00e9rieur\u00a0:\u00a0poc\u00e8de un grammage \u00e9lev\u00e9 avec des mat\u00e9riaux de qualit\u00e9s Grande souplesse\u00a0: gr\u00e2ce \u00e0 son \u00e9lasticit\u00e9, il ne se froisse pas Tr\u00e8s confortable : avec ces fibres super douces, il n&#039;y a pas\u00a0de frottements Impression digitale 3D, design original Livraison\u00a0Offerte\u00a0\" \/>\n<meta property=\"og:url\" content=\"https:\/\/boutique-one-piece.com\/de\/einteilige-kleidung\/einteilige-pullover\/one-piece-herz-und-mugiwara-pullover-wiedervereint\/\" \/>\n<meta property=\"og:site_name\" content=\"Boutique One Piece\" \/>\n<meta property=\"article:modified_time\" content=\"2024-09-16T13:04:22+00:00\" \/>\n<meta property=\"og:image\" content=\"https:\/\/boutique-one-piece.com\/wp-content\/uploads\/2022\/09\/Pull-One-Piece-Heart-Et-Mugiwara-Reuni.jpg\" \/>\n\t<meta property=\"og:image:width\" content=\"640\" \/>\n\t<meta property=\"og:image:height\" content=\"640\" \/>\n\t<meta property=\"og:image:type\" content=\"image\/jpeg\" \/>\n<meta name=\"twitter:card\" content=\"summary_large_image\" \/>\n<meta name=\"twitter:label1\" content=\"Gesch\u00e4tzte Lesezeit\" \/>\n\t<meta name=\"twitter:data1\" content=\"1\u00a0Minute\" \/>\n<script type=\"application\/ld+json\" class=\"yoast-schema-graph\">{\"@context\":\"https:\\\/\\\/schema.org\",\"@graph\":[{\"@type\":\"WebPage\",\"@id\":\"https:\\\/\\\/boutique-one-piece.com\\\/vetements-one-piece\\\/pulls-one-piece\\\/pull-one-piece-heart-et-mugiwara-reuni\\\/\",\"url\":\"https:\\\/\\\/boutique-one-piece.com\\\/vetements-one-piece\\\/pulls-one-piece\\\/pull-one-piece-heart-et-mugiwara-reuni\\\/\",\"name\":\"Pull One Piece Heart Et Mugiwara R\u00e9uni | V\u00eatement One Piece \u2013 Boutique One Piece\",\"isPartOf\":{\"@id\":\"https:\\\/\\\/boutique-one-piece.com\\\/#website\"},\"primaryImageOfPage\":{\"@id\":\"https:\\\/\\\/boutique-one-piece.com\\\/vetements-one-piece\\\/pulls-one-piece\\\/pull-one-piece-heart-et-mugiwara-reuni\\\/#primaryimage\"},\"image\":{\"@id\":\"https:\\\/\\\/boutique-one-piece.com\\\/vetements-one-piece\\\/pulls-one-piece\\\/pull-one-piece-heart-et-mugiwara-reuni\\\/#primaryimage\"},\"thumbnailUrl\":\"https:\\\/\\\/boutique-one-piece.com\\\/wp-content\\\/uploads\\\/2022\\\/09\\\/Pull-One-Piece-Heart-Et-Mugiwara-Reuni.jpg\",\"datePublished\":\"2022-09-27T20:58:41+00:00\",\"dateModified\":\"2024-09-16T13:04:22+00:00\",\"description\":\"Informations sur le Pull : Pull\u00a0One Piece\u00a0de qualit\u00e9 sup\u00e9rieur\u00a0:\u00a0poc\u00e8de un grammage \u00e9lev\u00e9 avec des mat\u00e9riaux de qualit\u00e9s Grande souplesse\u00a0: gr\u00e2ce \u00e0 son \u00e9lasticit\u00e9, il ne se froisse pas Tr\u00e8s confortable : avec ces fibres super douces, il n'y a pas\u00a0de frottements Impression digitale 3D, design original Livraison\u00a0Offerte\u00a0\",\"breadcrumb\":{\"@id\":\"https:\\\/\\\/boutique-one-piece.com\\\/vetements-one-piece\\\/pulls-one-piece\\\/pull-one-piece-heart-et-mugiwara-reuni\\\/#breadcrumb\"},\"inLanguage\":\"de\",\"potentialAction\":[{\"@type\":\"ReadAction\",\"target\":[\"https:\\\/\\\/boutique-one-piece.com\\\/vetements-one-piece\\\/pulls-one-piece\\\/pull-one-piece-heart-et-mugiwara-reuni\\\/\"]}]},{\"@type\":\"ImageObject\",\"inLanguage\":\"de\",\"@id\":\"https:\\\/\\\/boutique-one-piece.com\\\/vetements-one-piece\\\/pulls-one-piece\\\/pull-one-piece-heart-et-mugiwara-reuni\\\/#primaryimage\",\"url\":\"https:\\\/\\\/boutique-one-piece.com\\\/wp-content\\\/uploads\\\/2022\\\/09\\\/Pull-One-Piece-Heart-Et-Mugiwara-Reuni.jpg\",\"contentUrl\":\"https:\\\/\\\/boutique-one-piece.com\\\/wp-content\\\/uploads\\\/2022\\\/09\\\/Pull-One-Piece-Heart-Et-Mugiwara-Reuni.jpg\",\"width\":640,\"height\":640,\"caption\":\"Pull One Piece Heart Et Mugiwara R\u00e9uni 5XL\"},{\"@type\":\"BreadcrumbList\",\"@id\":\"https:\\\/\\\/boutique-one-piece.com\\\/vetements-one-piece\\\/pulls-one-piece\\\/pull-one-piece-heart-et-mugiwara-reuni\\\/#breadcrumb\",\"itemListElement\":[{\"@type\":\"ListItem\",\"position\":1,\"name\":\"Home\",\"item\":\"https:\\\/\\\/boutique-one-piece.com\\\/\"},{\"@type\":\"ListItem\",\"position\":2,\"name\":\"Shop\",\"item\":\"https:\\\/\\\/boutique-one-piece.com\\\/shop\\\/\"},{\"@type\":\"ListItem\",\"position\":3,\"name\":\"Pull One Piece Heart Et Mugiwara R\u00e9uni\"}]},{\"@type\":\"WebSite\",\"@id\":\"https:\\\/\\\/boutique-one-piece.com\\\/#website\",\"url\":\"https:\\\/\\\/boutique-one-piece.com\\\/\",\"name\":\"Boutique One Piece\",\"description\":\"Magasin Sp\u00e9cialis\u00e9 du Manga et l&#039;Anime One Piece\",\"publisher\":{\"@id\":\"https:\\\/\\\/boutique-one-piece.com\\\/#organization\"},\"potentialAction\":[{\"@type\":\"SearchAction\",\"target\":{\"@type\":\"EntryPoint\",\"urlTemplate\":\"https:\\\/\\\/boutique-one-piece.com\\\/?s={search_term_string}\"},\"query-input\":{\"@type\":\"PropertyValueSpecification\",\"valueRequired\":true,\"valueName\":\"search_term_string\"}}],\"inLanguage\":\"de\"},{\"@type\":\"Organization\",\"@id\":\"https:\\\/\\\/boutique-one-piece.com\\\/#organization\",\"name\":\"Boutique One Piece\",\"url\":\"https:\\\/\\\/boutique-one-piece.com\\\/\",\"logo\":{\"@type\":\"ImageObject\",\"inLanguage\":\"de\",\"@id\":\"https:\\\/\\\/boutique-one-piece.com\\\/#\\\/schema\\\/logo\\\/image\\\/\",\"url\":\"https:\\\/\\\/boutique-one-piece.com\\\/wp-content\\\/uploads\\\/2022\\\/09\\\/Logo-01.png\",\"contentUrl\":\"https:\\\/\\\/boutique-one-piece.com\\\/wp-content\\\/uploads\\\/2022\\\/09\\\/Logo-01.png\",\"width\":2318,\"height\":957,\"caption\":\"Boutique One Piece\"},\"image\":{\"@id\":\"https:\\\/\\\/boutique-one-piece.com\\\/#\\\/schema\\\/logo\\\/image\\\/\"}}]}<\/script>\n<!-- \/ Yoast SEO plugin. -->","yoast_head_json":{"title":"One Piece Pullover mit Herz- und Strohhutmotiv | One Piece Kleidung \u2013 One Piece Shop","description":"Pullover-Informationen: Premium-Einteiler: Hochwertiger, schwerer Stoff. Besonders flexibel: Dank seiner Elastizit\u00e4t knittert er nicht. Sehr komfortabel: Die superweichen Fasern verhindern Reibung und Druckstellen. 3D-Digitaldruck, originelles Design. Kostenloser Versand.\u00a0","robots":{"index":"index","follow":"follow","max-snippet":"max-snippet:-1","max-image-preview":"max-image-preview:large","max-video-preview":"max-video-preview:-1"},"canonical":"https:\/\/boutique-one-piece.com\/de\/einteilige-kleidung\/einteilige-pullover\/one-piece-herz-und-mugiwara-pullover-wiedervereint\/","og_locale":"de_DE","og_type":"article","og_title":"Pull One Piece Heart Et Mugiwara R\u00e9uni | V\u00eatement One Piece \u2013 Boutique One Piece","og_description":"Informations sur le Pull : Pull\u00a0One Piece\u00a0de qualit\u00e9 sup\u00e9rieur\u00a0:\u00a0poc\u00e8de un grammage \u00e9lev\u00e9 avec des mat\u00e9riaux de qualit\u00e9s Grande souplesse\u00a0: gr\u00e2ce \u00e0 son \u00e9lasticit\u00e9, il ne se froisse pas Tr\u00e8s confortable : avec ces fibres super douces, il n'y a pas\u00a0de frottements Impression digitale 3D, design original Livraison\u00a0Offerte\u00a0","og_url":"https:\/\/boutique-one-piece.com\/de\/einteilige-kleidung\/einteilige-pullover\/one-piece-herz-und-mugiwara-pullover-wiedervereint\/","og_site_name":"Boutique One Piece","article_modified_time":"2024-09-16T13:04:22+00:00","og_image":[{"width":640,"height":640,"url":"https:\/\/boutique-one-piece.com\/wp-content\/uploads\/2022\/09\/Pull-One-Piece-Heart-Et-Mugiwara-Reuni.jpg","type":"image\/jpeg"}],"twitter_card":"summary_large_image","twitter_misc":{"Gesch\u00e4tzte Lesezeit":"1\u00a0Minute"},"schema":{"@context":"https:\/\/schema.org","@graph":[{"@type":"WebPage","@id":"https:\/\/boutique-one-piece.com\/vetements-one-piece\/pulls-one-piece\/pull-one-piece-heart-et-mugiwara-reuni\/","url":"https:\/\/boutique-one-piece.com\/vetements-one-piece\/pulls-one-piece\/pull-one-piece-heart-et-mugiwara-reuni\/","name":"One Piece Pullover mit Herz- und Strohhutmotiv | One Piece Kleidung \u2013 One Piece Shop","isPartOf":{"@id":"https:\/\/boutique-one-piece.com\/#website"},"primaryImageOfPage":{"@id":"https:\/\/boutique-one-piece.com\/vetements-one-piece\/pulls-one-piece\/pull-one-piece-heart-et-mugiwara-reuni\/#primaryimage"},"image":{"@id":"https:\/\/boutique-one-piece.com\/vetements-one-piece\/pulls-one-piece\/pull-one-piece-heart-et-mugiwara-reuni\/#primaryimage"},"thumbnailUrl":"https:\/\/boutique-one-piece.com\/wp-content\/uploads\/2022\/09\/Pull-One-Piece-Heart-Et-Mugiwara-Reuni.jpg","datePublished":"2022-09-27T20:58:41+00:00","dateModified":"2024-09-16T13:04:22+00:00","description":"Pullover-Informationen: Premium-Einteiler: Hochwertiger, schwerer Stoff. Besonders flexibel: Dank seiner Elastizit\u00e4t knittert er nicht. Sehr komfortabel: Die superweichen Fasern verhindern Reibung und Druckstellen. 3D-Digitaldruck, originelles Design. Kostenloser Versand.\u00a0","breadcrumb":{"@id":"https:\/\/boutique-one-piece.com\/vetements-one-piece\/pulls-one-piece\/pull-one-piece-heart-et-mugiwara-reuni\/#breadcrumb"},"inLanguage":"de","potentialAction":[{"@type":"ReadAction","target":["https:\/\/boutique-one-piece.com\/vetements-one-piece\/pulls-one-piece\/pull-one-piece-heart-et-mugiwara-reuni\/"]}]},{"@type":"ImageObject","inLanguage":"de","@id":"https:\/\/boutique-one-piece.com\/vetements-one-piece\/pulls-one-piece\/pull-one-piece-heart-et-mugiwara-reuni\/#primaryimage","url":"https:\/\/boutique-one-piece.com\/wp-content\/uploads\/2022\/09\/Pull-One-Piece-Heart-Et-Mugiwara-Reuni.jpg","contentUrl":"https:\/\/boutique-one-piece.com\/wp-content\/uploads\/2022\/09\/Pull-One-Piece-Heart-Et-Mugiwara-Reuni.jpg","width":640,"height":640,"caption":"Pull One Piece Heart Et Mugiwara R\u00e9uni 5XL"},{"@type":"BreadcrumbList","@id":"https:\/\/boutique-one-piece.com\/vetements-one-piece\/pulls-one-piece\/pull-one-piece-heart-et-mugiwara-reuni\/#breadcrumb","itemListElement":[{"@type":"ListItem","position":1,"name":"Home","item":"https:\/\/boutique-one-piece.com\/"},{"@type":"ListItem","position":2,"name":"Shop","item":"https:\/\/boutique-one-piece.com\/shop\/"},{"@type":"ListItem","position":3,"name":"Pull One Piece Heart Et Mugiwara R\u00e9uni"}]},{"@type":"WebSite","@id":"https:\/\/boutique-one-piece.com\/#website","url":"https:\/\/boutique-one-piece.com\/","name":"One Piece Shop","description":"Fachgesch\u00e4ft f\u00fcr One Piece Manga und Anime","publisher":{"@id":"https:\/\/boutique-one-piece.com\/#organization"},"potentialAction":[{"@type":"SearchAction","target":{"@type":"EntryPoint","urlTemplate":"https:\/\/boutique-one-piece.com\/?s={search_term_string}"},"query-input":{"@type":"PropertyValueSpecification","valueRequired":true,"valueName":"search_term_string"}}],"inLanguage":"de"},{"@type":"Organization","@id":"https:\/\/boutique-one-piece.com\/#organization","name":"One Piece Shop","url":"https:\/\/boutique-one-piece.com\/","logo":{"@type":"ImageObject","inLanguage":"de","@id":"https:\/\/boutique-one-piece.com\/#\/schema\/logo\/image\/","url":"https:\/\/boutique-one-piece.com\/wp-content\/uploads\/2022\/09\/Logo-01.png","contentUrl":"https:\/\/boutique-one-piece.com\/wp-content\/uploads\/2022\/09\/Logo-01.png","width":2318,"height":957,"caption":"Boutique One Piece"},"image":{"@id":"https:\/\/boutique-one-piece.com\/#\/schema\/logo\/image\/"}}]}},"_links":{"self":[{"href":"https:\/\/boutique-one-piece.com\/de\/wp-json\/wp\/v2\/product\/12850","targetHints":{"allow":["GET"]}}],"collection":[{"href":"https:\/\/boutique-one-piece.com\/de\/wp-json\/wp\/v2\/product"}],"about":[{"href":"https:\/\/boutique-one-piece.com\/de\/wp-json\/wp\/v2\/types\/product"}],"replies":[{"embeddable":true,"href":"https:\/\/boutique-one-piece.com\/de\/wp-json\/wp\/v2\/comments?post=12850"}],"wp:featuredmedia":[{"embeddable":true,"href":"https:\/\/boutique-one-piece.com\/de\/wp-json\/wp\/v2\/media\/12852"}],"wp:attachment":[{"href":"https:\/\/boutique-one-piece.com\/de\/wp-json\/wp\/v2\/media?parent=12850"}],"wp:term":[{"taxonomy":"product_brand","embeddable":true,"href":"https:\/\/boutique-one-piece.com\/de\/wp-json\/wp\/v2\/product_brand?post=12850"},{"taxonomy":"product_cat","embeddable":true,"href":"https:\/\/boutique-one-piece.com\/de\/wp-json\/wp\/v2\/product_cat?post=12850"},{"taxonomy":"product_tag","embeddable":true,"href":"https:\/\/boutique-one-piece.com\/de\/wp-json\/wp\/v2\/product_tag?post=12850"}],"curies":[{"name":"wp","href":"https:\/\/api.w.org\/{rel}","templated":true}]}}