{"id":13014,"date":"2022-09-27T20:59:43","date_gmt":"2022-09-27T20:59:43","guid":{"rendered":"https:\/\/boutique-one-piece.com\/uncategorized\/coussin-one-piece-ace-commandant-de-barbe-blanche\/"},"modified":"2024-09-16T13:07:25","modified_gmt":"2024-09-16T13:07:25","slug":"one-piece-kissen-mit-ace-whitebeards-kommandant","status":"publish","type":"product","link":"https:\/\/boutique-one-piece.com\/de\/one-piece-dekorationen\/kissen-und-polster-einteilig\/one-piece-kissen-mit-ace-whitebeards-kommandant\/","title":{"rendered":"One Piece Ace Whitebeard Kommandantenkissen"},"content":{"rendered":"<p><meta charset=\"utf-8\"><\/p>\n<ul>\n<li><span><b><u>Ace-Kissenbezug, Zweiter Kapit\u00e4n der Whitebeard-Flotte, One Piece<\/u><\/b>\u00a0Hervorragender One Piece Manga-Kissenbezug f\u00fcr echte Piraten<\/span><\/li>\n<\/ul>\n<ul>\n<li><span><strong>Hochwertiger Kissenbezug<\/strong>\u00a0Hergestellt aus guten Materialien<\/span><\/li>\n<\/ul>\n<ul>\n<li><span><strong>Dimension<\/strong>\u00a0: 45 cm x 45 cm<\/span><\/li>\n<\/ul>\n<ul>\n<li><span><strong>KOSTENLOSE LIEFERUNG<\/strong><\/span><\/li>\n<\/ul>","protected":false},"excerpt":{"rendered":"<p>Ace, Zweiter Kapit\u00e4n der Whitebeard-Flotte, One Piece Kissenbezug: Fantastischer One Piece Manga-Kissenbezug f\u00fcr echte Piraten. Hochwertiger Kissenbezug aus erstklassigen Materialien. Ma\u00dfe: 45 cm x 45 cm. Kostenloser Versand.<\/p>","protected":false},"featured_media":13016,"comment_status":"open","ping_status":"open","template":"","meta":[],"product_brand":[],"product_cat":[300],"product_tag":[176],"class_list":{"0":"post-13014","1":"product","2":"type-product","3":"status-publish","4":"has-post-thumbnail","6":"product_cat-coussins-et-oreiller-one-piece","7":"product_tag-ace","9":"first","10":"instock","11":"purchasable","12":"product-type-simple"},"yoast_head":"<!-- This site is optimized with the Yoast SEO plugin v27.5 - https:\/\/yoast.com\/product\/yoast-seo-wordpress\/ -->\n<title>Coussin One Piece Ace Commandant De Barbe Blanche | Boutique One Piece<\/title>\n<meta name=\"description\" content=\"Housse de Coussin Ace Second Capitane de la Flotte de Barbe Blanche One Piece\u00a0:\u00a0Superbe taie d&#039;oreiller\u00a0du manga One Piece pour les vrais pirates Taie d&#039;Oreiller\u00a0de Haute Qualit\u00e9\u00a0:\u00a0fabriqu\u00e9 avec de bon mat\u00e9riaux Dimension\u00a0:\u00a045 cm X\u00a045 cm LIVRAISON OFFERTE\" \/>\n<meta name=\"robots\" content=\"index, follow, max-snippet:-1, max-image-preview:large, max-video-preview:-1\" \/>\n<link rel=\"canonical\" href=\"https:\/\/boutique-one-piece.com\/de\/one-piece-dekorationen\/kissen-und-polster-einteilig\/one-piece-kissen-mit-ace-whitebeards-kommandant\/\" \/>\n<meta property=\"og:locale\" content=\"de_DE\" \/>\n<meta property=\"og:type\" content=\"article\" \/>\n<meta property=\"og:title\" content=\"Coussin One Piece Ace Commandant De Barbe Blanche | Boutique One Piece\" \/>\n<meta property=\"og:description\" content=\"Housse de Coussin Ace Second Capitane de la Flotte de Barbe Blanche One Piece\u00a0:\u00a0Superbe taie d&#039;oreiller\u00a0du manga One Piece pour les vrais pirates Taie d&#039;Oreiller\u00a0de Haute Qualit\u00e9\u00a0:\u00a0fabriqu\u00e9 avec de bon mat\u00e9riaux Dimension\u00a0:\u00a045 cm X\u00a045 cm LIVRAISON OFFERTE\" \/>\n<meta property=\"og:url\" content=\"https:\/\/boutique-one-piece.com\/de\/one-piece-dekorationen\/kissen-und-polster-einteilig\/one-piece-kissen-mit-ace-whitebeards-kommandant\/\" \/>\n<meta property=\"og:site_name\" content=\"Boutique One Piece\" \/>\n<meta property=\"article:modified_time\" content=\"2024-09-16T13:07:25+00:00\" \/>\n<meta property=\"og:image\" content=\"https:\/\/boutique-one-piece.com\/wp-content\/uploads\/2022\/09\/Coussin-One-Piece-Ace-Commandant-De-Barbe-Blanche.jpg\" \/>\n\t<meta property=\"og:image:width\" content=\"640\" \/>\n\t<meta property=\"og:image:height\" content=\"640\" \/>\n\t<meta property=\"og:image:type\" content=\"image\/jpeg\" \/>\n<meta name=\"twitter:card\" content=\"summary_large_image\" \/>\n<script type=\"application\/ld+json\" class=\"yoast-schema-graph\">{\"@context\":\"https:\\\/\\\/schema.org\",\"@graph\":[{\"@type\":\"WebPage\",\"@id\":\"https:\\\/\\\/boutique-one-piece.com\\\/decorations-one-piece\\\/coussins-et-oreiller-one-piece\\\/coussin-one-piece-ace-commandant-de-barbe-blanche\\\/\",\"url\":\"https:\\\/\\\/boutique-one-piece.com\\\/decorations-one-piece\\\/coussins-et-oreiller-one-piece\\\/coussin-one-piece-ace-commandant-de-barbe-blanche\\\/\",\"name\":\"Coussin One Piece Ace Commandant De Barbe Blanche | Boutique One Piece\",\"isPartOf\":{\"@id\":\"https:\\\/\\\/boutique-one-piece.com\\\/#website\"},\"primaryImageOfPage\":{\"@id\":\"https:\\\/\\\/boutique-one-piece.com\\\/decorations-one-piece\\\/coussins-et-oreiller-one-piece\\\/coussin-one-piece-ace-commandant-de-barbe-blanche\\\/#primaryimage\"},\"image\":{\"@id\":\"https:\\\/\\\/boutique-one-piece.com\\\/decorations-one-piece\\\/coussins-et-oreiller-one-piece\\\/coussin-one-piece-ace-commandant-de-barbe-blanche\\\/#primaryimage\"},\"thumbnailUrl\":\"https:\\\/\\\/boutique-one-piece.com\\\/wp-content\\\/uploads\\\/2022\\\/09\\\/Coussin-One-Piece-Ace-Commandant-De-Barbe-Blanche.jpg\",\"datePublished\":\"2022-09-27T20:59:43+00:00\",\"dateModified\":\"2024-09-16T13:07:25+00:00\",\"description\":\"Housse de Coussin Ace Second Capitane de la Flotte de Barbe Blanche One Piece\u00a0:\u00a0Superbe taie d'oreiller\u00a0du manga One Piece pour les vrais pirates Taie d'Oreiller\u00a0de Haute Qualit\u00e9\u00a0:\u00a0fabriqu\u00e9 avec de bon mat\u00e9riaux Dimension\u00a0:\u00a045 cm X\u00a045 cm LIVRAISON OFFERTE\",\"breadcrumb\":{\"@id\":\"https:\\\/\\\/boutique-one-piece.com\\\/decorations-one-piece\\\/coussins-et-oreiller-one-piece\\\/coussin-one-piece-ace-commandant-de-barbe-blanche\\\/#breadcrumb\"},\"inLanguage\":\"de\",\"potentialAction\":[{\"@type\":\"ReadAction\",\"target\":[\"https:\\\/\\\/boutique-one-piece.com\\\/decorations-one-piece\\\/coussins-et-oreiller-one-piece\\\/coussin-one-piece-ace-commandant-de-barbe-blanche\\\/\"]}]},{\"@type\":\"ImageObject\",\"inLanguage\":\"de\",\"@id\":\"https:\\\/\\\/boutique-one-piece.com\\\/decorations-one-piece\\\/coussins-et-oreiller-one-piece\\\/coussin-one-piece-ace-commandant-de-barbe-blanche\\\/#primaryimage\",\"url\":\"https:\\\/\\\/boutique-one-piece.com\\\/wp-content\\\/uploads\\\/2022\\\/09\\\/Coussin-One-Piece-Ace-Commandant-De-Barbe-Blanche.jpg\",\"contentUrl\":\"https:\\\/\\\/boutique-one-piece.com\\\/wp-content\\\/uploads\\\/2022\\\/09\\\/Coussin-One-Piece-Ace-Commandant-De-Barbe-Blanche.jpg\",\"width\":640,\"height\":640,\"caption\":\"Coussin One Piece Ace Commandant De Barbe Blanche Default Title\"},{\"@type\":\"BreadcrumbList\",\"@id\":\"https:\\\/\\\/boutique-one-piece.com\\\/decorations-one-piece\\\/coussins-et-oreiller-one-piece\\\/coussin-one-piece-ace-commandant-de-barbe-blanche\\\/#breadcrumb\",\"itemListElement\":[{\"@type\":\"ListItem\",\"position\":1,\"name\":\"Home\",\"item\":\"https:\\\/\\\/boutique-one-piece.com\\\/\"},{\"@type\":\"ListItem\",\"position\":2,\"name\":\"Shop\",\"item\":\"https:\\\/\\\/boutique-one-piece.com\\\/shop\\\/\"},{\"@type\":\"ListItem\",\"position\":3,\"name\":\"Coussin One Piece Ace Commandant De Barbe Blanche\"}]},{\"@type\":\"WebSite\",\"@id\":\"https:\\\/\\\/boutique-one-piece.com\\\/#website\",\"url\":\"https:\\\/\\\/boutique-one-piece.com\\\/\",\"name\":\"Boutique One Piece\",\"description\":\"Magasin Sp\u00e9cialis\u00e9 du Manga et l&#039;Anime One Piece\",\"publisher\":{\"@id\":\"https:\\\/\\\/boutique-one-piece.com\\\/#organization\"},\"potentialAction\":[{\"@type\":\"SearchAction\",\"target\":{\"@type\":\"EntryPoint\",\"urlTemplate\":\"https:\\\/\\\/boutique-one-piece.com\\\/?s={search_term_string}\"},\"query-input\":{\"@type\":\"PropertyValueSpecification\",\"valueRequired\":true,\"valueName\":\"search_term_string\"}}],\"inLanguage\":\"de\"},{\"@type\":\"Organization\",\"@id\":\"https:\\\/\\\/boutique-one-piece.com\\\/#organization\",\"name\":\"Boutique One Piece\",\"url\":\"https:\\\/\\\/boutique-one-piece.com\\\/\",\"logo\":{\"@type\":\"ImageObject\",\"inLanguage\":\"de\",\"@id\":\"https:\\\/\\\/boutique-one-piece.com\\\/#\\\/schema\\\/logo\\\/image\\\/\",\"url\":\"https:\\\/\\\/boutique-one-piece.com\\\/wp-content\\\/uploads\\\/2022\\\/09\\\/Logo-01.png\",\"contentUrl\":\"https:\\\/\\\/boutique-one-piece.com\\\/wp-content\\\/uploads\\\/2022\\\/09\\\/Logo-01.png\",\"width\":2318,\"height\":957,\"caption\":\"Boutique One Piece\"},\"image\":{\"@id\":\"https:\\\/\\\/boutique-one-piece.com\\\/#\\\/schema\\\/logo\\\/image\\\/\"}}]}<\/script>\n<!-- \/ Yoast SEO plugin. -->","yoast_head_json":{"title":"One Piece Ace Whitebeard Kommandantenkissen | One Piece Shop","description":"Ace, Zweiter Kapit\u00e4n der Whitebeard-Flotte, One Piece Kissenbezug: Fantastischer One Piece Manga-Kissenbezug f\u00fcr echte Piraten. Hochwertiger Kissenbezug aus erstklassigen Materialien. Ma\u00dfe: 45 cm x 45 cm. Kostenloser Versand.","robots":{"index":"index","follow":"follow","max-snippet":"max-snippet:-1","max-image-preview":"max-image-preview:large","max-video-preview":"max-video-preview:-1"},"canonical":"https:\/\/boutique-one-piece.com\/de\/one-piece-dekorationen\/kissen-und-polster-einteilig\/one-piece-kissen-mit-ace-whitebeards-kommandant\/","og_locale":"de_DE","og_type":"article","og_title":"Coussin One Piece Ace Commandant De Barbe Blanche | Boutique One Piece","og_description":"Housse de Coussin Ace Second Capitane de la Flotte de Barbe Blanche One Piece\u00a0:\u00a0Superbe taie d'oreiller\u00a0du manga One Piece pour les vrais pirates Taie d'Oreiller\u00a0de Haute Qualit\u00e9\u00a0:\u00a0fabriqu\u00e9 avec de bon mat\u00e9riaux Dimension\u00a0:\u00a045 cm X\u00a045 cm LIVRAISON OFFERTE","og_url":"https:\/\/boutique-one-piece.com\/de\/one-piece-dekorationen\/kissen-und-polster-einteilig\/one-piece-kissen-mit-ace-whitebeards-kommandant\/","og_site_name":"Boutique One Piece","article_modified_time":"2024-09-16T13:07:25+00:00","og_image":[{"width":640,"height":640,"url":"https:\/\/boutique-one-piece.com\/wp-content\/uploads\/2022\/09\/Coussin-One-Piece-Ace-Commandant-De-Barbe-Blanche.jpg","type":"image\/jpeg"}],"twitter_card":"summary_large_image","schema":{"@context":"https:\/\/schema.org","@graph":[{"@type":"WebPage","@id":"https:\/\/boutique-one-piece.com\/decorations-one-piece\/coussins-et-oreiller-one-piece\/coussin-one-piece-ace-commandant-de-barbe-blanche\/","url":"https:\/\/boutique-one-piece.com\/decorations-one-piece\/coussins-et-oreiller-one-piece\/coussin-one-piece-ace-commandant-de-barbe-blanche\/","name":"One Piece Ace Whitebeard Kommandantenkissen | One Piece Shop","isPartOf":{"@id":"https:\/\/boutique-one-piece.com\/#website"},"primaryImageOfPage":{"@id":"https:\/\/boutique-one-piece.com\/decorations-one-piece\/coussins-et-oreiller-one-piece\/coussin-one-piece-ace-commandant-de-barbe-blanche\/#primaryimage"},"image":{"@id":"https:\/\/boutique-one-piece.com\/decorations-one-piece\/coussins-et-oreiller-one-piece\/coussin-one-piece-ace-commandant-de-barbe-blanche\/#primaryimage"},"thumbnailUrl":"https:\/\/boutique-one-piece.com\/wp-content\/uploads\/2022\/09\/Coussin-One-Piece-Ace-Commandant-De-Barbe-Blanche.jpg","datePublished":"2022-09-27T20:59:43+00:00","dateModified":"2024-09-16T13:07:25+00:00","description":"Ace, Zweiter Kapit\u00e4n der Whitebeard-Flotte, One Piece Kissenbezug: Fantastischer One Piece Manga-Kissenbezug f\u00fcr echte Piraten. Hochwertiger Kissenbezug aus erstklassigen Materialien. Ma\u00dfe: 45 cm x 45 cm. Kostenloser Versand.","breadcrumb":{"@id":"https:\/\/boutique-one-piece.com\/decorations-one-piece\/coussins-et-oreiller-one-piece\/coussin-one-piece-ace-commandant-de-barbe-blanche\/#breadcrumb"},"inLanguage":"de","potentialAction":[{"@type":"ReadAction","target":["https:\/\/boutique-one-piece.com\/decorations-one-piece\/coussins-et-oreiller-one-piece\/coussin-one-piece-ace-commandant-de-barbe-blanche\/"]}]},{"@type":"ImageObject","inLanguage":"de","@id":"https:\/\/boutique-one-piece.com\/decorations-one-piece\/coussins-et-oreiller-one-piece\/coussin-one-piece-ace-commandant-de-barbe-blanche\/#primaryimage","url":"https:\/\/boutique-one-piece.com\/wp-content\/uploads\/2022\/09\/Coussin-One-Piece-Ace-Commandant-De-Barbe-Blanche.jpg","contentUrl":"https:\/\/boutique-one-piece.com\/wp-content\/uploads\/2022\/09\/Coussin-One-Piece-Ace-Commandant-De-Barbe-Blanche.jpg","width":640,"height":640,"caption":"Coussin One Piece Ace Commandant De Barbe Blanche Default Title"},{"@type":"BreadcrumbList","@id":"https:\/\/boutique-one-piece.com\/decorations-one-piece\/coussins-et-oreiller-one-piece\/coussin-one-piece-ace-commandant-de-barbe-blanche\/#breadcrumb","itemListElement":[{"@type":"ListItem","position":1,"name":"Home","item":"https:\/\/boutique-one-piece.com\/"},{"@type":"ListItem","position":2,"name":"Shop","item":"https:\/\/boutique-one-piece.com\/shop\/"},{"@type":"ListItem","position":3,"name":"Coussin One Piece Ace Commandant De Barbe Blanche"}]},{"@type":"WebSite","@id":"https:\/\/boutique-one-piece.com\/#website","url":"https:\/\/boutique-one-piece.com\/","name":"One Piece Shop","description":"Fachgesch\u00e4ft f\u00fcr One Piece Manga und Anime","publisher":{"@id":"https:\/\/boutique-one-piece.com\/#organization"},"potentialAction":[{"@type":"SearchAction","target":{"@type":"EntryPoint","urlTemplate":"https:\/\/boutique-one-piece.com\/?s={search_term_string}"},"query-input":{"@type":"PropertyValueSpecification","valueRequired":true,"valueName":"search_term_string"}}],"inLanguage":"de"},{"@type":"Organization","@id":"https:\/\/boutique-one-piece.com\/#organization","name":"One Piece Shop","url":"https:\/\/boutique-one-piece.com\/","logo":{"@type":"ImageObject","inLanguage":"de","@id":"https:\/\/boutique-one-piece.com\/#\/schema\/logo\/image\/","url":"https:\/\/boutique-one-piece.com\/wp-content\/uploads\/2022\/09\/Logo-01.png","contentUrl":"https:\/\/boutique-one-piece.com\/wp-content\/uploads\/2022\/09\/Logo-01.png","width":2318,"height":957,"caption":"Boutique One Piece"},"image":{"@id":"https:\/\/boutique-one-piece.com\/#\/schema\/logo\/image\/"}}]}},"_links":{"self":[{"href":"https:\/\/boutique-one-piece.com\/de\/wp-json\/wp\/v2\/product\/13014","targetHints":{"allow":["GET"]}}],"collection":[{"href":"https:\/\/boutique-one-piece.com\/de\/wp-json\/wp\/v2\/product"}],"about":[{"href":"https:\/\/boutique-one-piece.com\/de\/wp-json\/wp\/v2\/types\/product"}],"replies":[{"embeddable":true,"href":"https:\/\/boutique-one-piece.com\/de\/wp-json\/wp\/v2\/comments?post=13014"}],"wp:featuredmedia":[{"embeddable":true,"href":"https:\/\/boutique-one-piece.com\/de\/wp-json\/wp\/v2\/media\/13016"}],"wp:attachment":[{"href":"https:\/\/boutique-one-piece.com\/de\/wp-json\/wp\/v2\/media?parent=13014"}],"wp:term":[{"taxonomy":"product_brand","embeddable":true,"href":"https:\/\/boutique-one-piece.com\/de\/wp-json\/wp\/v2\/product_brand?post=13014"},{"taxonomy":"product_cat","embeddable":true,"href":"https:\/\/boutique-one-piece.com\/de\/wp-json\/wp\/v2\/product_cat?post=13014"},{"taxonomy":"product_tag","embeddable":true,"href":"https:\/\/boutique-one-piece.com\/de\/wp-json\/wp\/v2\/product_tag?post=13014"}],"curies":[{"name":"wp","href":"https:\/\/api.w.org\/{rel}","templated":true}]}}