{"id":13251,"date":"2022-09-27T21:01:48","date_gmt":"2022-09-27T21:01:48","guid":{"rendered":"https:\/\/boutique-one-piece.com\/uncategorized\/sweat-one-piece-ace-sabo-et-luffy\/"},"modified":"2025-09-11T01:30:15","modified_gmt":"2025-09-11T01:30:15","slug":"one-piece-sweatshirt-ace-sabo-und-ruffy","status":"publish","type":"product","link":"https:\/\/boutique-one-piece.com\/de\/einteilige-kleidung\/einteilige-sweatshirts\/one-piece-sweatshirt-ace-sabo-und-ruffy\/","title":{"rendered":"One Piece Ace, Sabo und Luffy Sweatshirt"},"content":{"rendered":"<p><meta charset=\"utf-8\"><\/p>\n<h2>One Piece Langarm-Hoodie mit den drei Br\u00fcdern! Ein hochwertiger Hoodie f\u00fcr einen Piraten wie dich!<\/h2>\n<p>Wenn Sie ein\u00a0<strong>echter Pirat<\/strong>, Sie werden es zu sch\u00e4tzen wissen\u00a0<strong>Qualit\u00e4t<\/strong>\u00a0Stoff und\u00a0<strong>l\u2019impression 3D Canvas<\/strong>\u00a0davon<span>\u00a0<\/span><strong>Einteiliges Sweatshirt<\/strong>\u00a0Aber am wichtigsten ist, dass\u00a0<strong>bedrucktes Sweatshirt<\/strong>\u00a0Das liegt daran, dass du ein Teil davon sein wirst\u00a0<strong>l\u2019\u00e9quipage\u00a0des fans<\/strong>\u00a0von\u00a0<strong>Piraten-Manga<\/strong>\u00a0und Sie erhalten:<\/p>\n<ul>\n<li>\u00a0<strong>L\u2019admiration<\/strong>\u00a0aller Fans von\u00a0<strong>l\u2019univers<\/strong>\u00a0der\u00a0<strong>Lizenz<\/strong>\u00a0von\u00a0<strong>Manga<\/strong>\u00a0dass Sie antreffen werden<\/li>\n<\/ul>\n<ul>\n<li>Ein echter\u00a0<strong>Kapuzenpullover<\/strong>\u00a0mit dem Sie\u00a0<strong>Aktie<\/strong>\u00a0dein\u00a0<strong>Hingabe<\/strong>\u00a0F\u00fcr\u00a0<strong>Ein St\u00fcck<\/strong>\n<\/li>\n<\/ul>\n<p>Also, bereit, das zu tragen\u00a0<strong>Farben\u00a0<\/strong>von<strong>\u00a0<\/strong>dein<strong>\u00a0Lieblingsmanga<\/strong>\u00a0?<\/p>\n<h2>Es-tu un fan du manga ou de l\u2019anim\u00e9 One Piece ? Montre le avec ce Sweat One Piece !<\/h2>\n<p>Wenn du\u00a0<strong>lesen<\/strong>\u00a0oder wo auch immer Sie hinschauen\u00a0\u00a0<strong>l\u2019anim\u00e9\u00a0japonais<\/strong>, Die Wahrscheinlichkeit ist gro\u00df, dass du geworden bist\u00a0<strong>Ich bin total verr\u00fcckt nach One Piece.<\/strong>\u00a0Damit!\u00a0<strong>One Piece Ace, Sabo und Luffy Sweatshirt<\/strong>, rejoins\u00a0l\u2019<strong>Eine Gruppe von Fans der Franchise<\/strong><\/p>\n<p>Das\u00a0<strong>Sweatshirt im Cosplay-Stil\u00a0<\/strong>\u00a0ist in folgenden Gr\u00f6\u00dfen erh\u00e4ltlich\u00a0<strong>XXS<\/strong>,\u00a0<strong>XS<\/strong>,\u00a0<strong>S<\/strong>,<strong>\u00a0M<\/strong>,<strong>\u00a0L<\/strong>,\u00a0<strong>XL<\/strong>,\u00a0<strong>XXL<\/strong>,\u00a0<strong>3XL<\/strong>,\u00a0<strong>4XL<\/strong>\u00a0Es eignet sich f\u00fcr alle Arten von Piraten.,\u00a0<strong>Mann<\/strong>\u00a0Oder\u00a0<strong>Frauen<\/strong>, m\u00eame si tu n\u2019as pas\u00a0<strong>d\u2019\u00e9p\u00e9e<\/strong>\u00a0oder\u00a0<strong>Teufelsfrucht<\/strong>\u00a0Du kannst es immer noch mit Stolz tragen.<\/p>\n<h2>Informationen zum Sweatshirt:\u00a0<\/h2>\n<ul>\n<li>\n<strong>Hochwertiges einteiliges Sweatshirt\u00a0<\/strong>: hat ein<span>\u00a0<\/span><strong>hohes Grammatur<\/strong><span>\u00a0<\/span>mit hochwertigen Materialien<\/li>\n<\/ul>\n<ul>\n<li>\n<strong>Hohe Flexibilit\u00e4t\u00a0<\/strong>Dank seiner Zusammensetzung ist es nicht<span>\u00a0<\/span><strong>zerknittert<\/strong><span>\u00a0<\/span>nicht<\/li>\n<\/ul>\n<ul>\n<li>\n<strong>Sehr komfortabel\u00a0<\/strong>: mit<span>\u00a0<\/span>sein<span>\u00a0<\/span><strong>Fasern<\/strong><span>\u00a0<\/span>von<span>\u00a0<\/span><strong>Baumwolle<\/strong><span>\u00a0<\/span>Gro\u00dfartig<span>\u00a0<\/span><strong>weich<\/strong>, il n\u2019y a pas\u00a0de<span>\u00a0<\/span><strong>Reibung<\/strong>\n<\/li>\n<\/ul>\n<ul>\n<li>3D-Digitaldruck, Originaldesign<\/li>\n<\/ul>\n<ul>\n<li>\n<strong>Bio-Baumwolle\u00a0<\/strong>Baumwolle<span>\u00a0<\/span><strong>hohe Qualit\u00e4t<\/strong>\u00a0mit<span>\u00a0<\/span><strong>Fasern<\/strong><span>\u00a0<\/span>Extra<span>\u00a0<\/span><strong>lang<\/strong>\n<\/li>\n<\/ul>\n<ul>\n<li>\n<strong>Kostenloser Versand\u00a0<\/strong>f\u00fcr jeden Kauf<strong>\u00a0<\/strong>\n<\/li>\n<\/ul>\n<p><strong>N\u2019oubliez pas de jeter\u00a0un oeil au guide des tailles ci-dessous.<\/strong><\/p>\n<h2><img decoding=\"async\" src=\"https:\/\/cdn.shopify.com\/s\/files\/1\/0087\/7556\/5348\/files\/boutque_one_piece_tableau__taille_sweat_large.jpg?v=1559846386\" alt=\"Gr\u00f6\u00dfentabelle f\u00fcr One Piece Sweatshirts\"><\/h2>\n<h3>Waschanleitung:<\/h3>\n<ul>\n<li>Maschinenw\u00e4sche bei 30\u00b0C, Schonwaschgang<\/li>\n<\/ul>\n<ul>\n<li>Von der R\u00fcckseite b\u00fcgeln<\/li>\n<\/ul>\n<p>F\u00fcr<span>\u00a0<\/span><strong>die Qualit\u00e4t erhalten<\/strong><span>\u00a0<\/span>davon<span>\u00a0<strong>Sweatshirt<\/strong><\/span><strong>\u00a0Ein St\u00fcck<\/strong>, Wir empfehlen Ihnen<span>\u00a0<\/span><strong>respektieren<\/strong><span>\u00a0<\/span>DER<span>\u00a0<\/span><strong>Waschanleitung<\/strong>.<\/p>","protected":false},"excerpt":{"rendered":"<p>Sweat\u00a0\u00e0 Capuche \u00e0 Manches Longues One Piece avec Les Trois Fr\u00e8res ! Un Sweat\u00a0de Qualit\u00e9 pour un Pirate Comme Toi\u00a0! Si tu es un\u00a0v\u00e9ritable pirate, tu sauras appr\u00e9cier la\u00a0qualit\u00e9\u00a0du tissu et de\u00a0l\u2019impression 3D Canvas\u00a0de ce\u00a0sweat\u00a0One Piece\u00a0!\u00a0Mais le plus important, avec ce\u00a0sweat\u00a0imprim\u00e9\u00a0c\u0092est que tu\u00a0feras partie de\u00a0l\u2019\u00e9quipage\u00a0des fans\u00a0du\u00a0manga de pirates\u00a0et tu obtiendras\u00a0: \u00a0L\u2019admiration\u00a0de tous les fans de\u00a0l\u2019univers\u00a0de [&hellip;]<\/p>","protected":false},"featured_media":13253,"comment_status":"open","ping_status":"open","template":"","meta":[],"product_brand":[],"product_cat":[149],"product_tag":[176,92,180],"class_list":{"0":"post-13251","1":"product","2":"type-product","3":"status-publish","4":"has-post-thumbnail","6":"product_cat-sweats-one-piece","7":"product_tag-ace","8":"product_tag-luffy","9":"product_tag-sabo","11":"first","12":"instock","13":"purchasable","14":"product-type-variable"},"yoast_head":"<!-- This site is optimized with the Yoast SEO plugin v27.5 - https:\/\/yoast.com\/product\/yoast-seo-wordpress\/ -->\n<title>Sweat One Piece Ace, Sabo et Luffy | Boutique One Piece<\/title>\n<meta name=\"description\" content=\"Sweat \u00e0 Capuche \u00e0 Manches Longues One Piece avec le Trio de Fr\u00e8res Sabo, Ace et Luffy, Partage ta Passion pour L&#039;univers du Manga de Pirates avec Style\" \/>\n<meta name=\"robots\" content=\"index, follow, max-snippet:-1, max-image-preview:large, max-video-preview:-1\" \/>\n<link rel=\"canonical\" href=\"https:\/\/boutique-one-piece.com\/de\/einteilige-kleidung\/einteilige-sweatshirts\/one-piece-sweatshirt-ace-sabo-und-ruffy\/\" \/>\n<meta property=\"og:locale\" content=\"de_DE\" \/>\n<meta property=\"og:type\" content=\"article\" \/>\n<meta property=\"og:title\" content=\"Sweat One Piece Ace, Sabo et Luffy | Boutique One Piece\" \/>\n<meta property=\"og:description\" content=\"Sweat \u00e0 Capuche \u00e0 Manches Longues One Piece avec le Trio de Fr\u00e8res Sabo, Ace et Luffy, Partage ta Passion pour L&#039;univers du Manga de Pirates avec Style\" \/>\n<meta property=\"og:url\" content=\"https:\/\/boutique-one-piece.com\/de\/einteilige-kleidung\/einteilige-sweatshirts\/one-piece-sweatshirt-ace-sabo-und-ruffy\/\" \/>\n<meta property=\"og:site_name\" content=\"Boutique One Piece\" \/>\n<meta property=\"article:modified_time\" content=\"2025-09-11T01:30:15+00:00\" \/>\n<meta property=\"og:image\" content=\"https:\/\/boutique-one-piece.com\/wp-content\/uploads\/2022\/09\/Sweat-One-Piece-Ace-Sabo-et-Luffy.jpg\" \/>\n\t<meta property=\"og:image:width\" content=\"640\" \/>\n\t<meta property=\"og:image:height\" content=\"640\" \/>\n\t<meta property=\"og:image:type\" content=\"image\/jpeg\" \/>\n<meta name=\"twitter:card\" content=\"summary_large_image\" \/>\n<meta name=\"twitter:label1\" content=\"Gesch\u00e4tzte Lesezeit\" \/>\n\t<meta name=\"twitter:data1\" content=\"2\u00a0Minuten\" \/>\n<script type=\"application\/ld+json\" class=\"yoast-schema-graph\">{\"@context\":\"https:\\\/\\\/schema.org\",\"@graph\":[{\"@type\":\"WebPage\",\"@id\":\"https:\\\/\\\/boutique-one-piece.com\\\/vetements-one-piece\\\/sweats-one-piece\\\/sweat-one-piece-ace-sabo-et-luffy\\\/\",\"url\":\"https:\\\/\\\/boutique-one-piece.com\\\/vetements-one-piece\\\/sweats-one-piece\\\/sweat-one-piece-ace-sabo-et-luffy\\\/\",\"name\":\"Sweat One Piece Ace, Sabo et Luffy | Boutique One Piece\",\"isPartOf\":{\"@id\":\"https:\\\/\\\/boutique-one-piece.com\\\/#website\"},\"primaryImageOfPage\":{\"@id\":\"https:\\\/\\\/boutique-one-piece.com\\\/vetements-one-piece\\\/sweats-one-piece\\\/sweat-one-piece-ace-sabo-et-luffy\\\/#primaryimage\"},\"image\":{\"@id\":\"https:\\\/\\\/boutique-one-piece.com\\\/vetements-one-piece\\\/sweats-one-piece\\\/sweat-one-piece-ace-sabo-et-luffy\\\/#primaryimage\"},\"thumbnailUrl\":\"https:\\\/\\\/boutique-one-piece.com\\\/wp-content\\\/uploads\\\/2022\\\/09\\\/Sweat-One-Piece-Ace-Sabo-et-Luffy.jpg\",\"datePublished\":\"2022-09-27T21:01:48+00:00\",\"dateModified\":\"2025-09-11T01:30:15+00:00\",\"description\":\"Sweat \u00e0 Capuche \u00e0 Manches Longues One Piece avec le Trio de Fr\u00e8res Sabo, Ace et Luffy, Partage ta Passion pour L'univers du Manga de Pirates avec Style\",\"breadcrumb\":{\"@id\":\"https:\\\/\\\/boutique-one-piece.com\\\/vetements-one-piece\\\/sweats-one-piece\\\/sweat-one-piece-ace-sabo-et-luffy\\\/#breadcrumb\"},\"inLanguage\":\"de\",\"potentialAction\":[{\"@type\":\"ReadAction\",\"target\":[\"https:\\\/\\\/boutique-one-piece.com\\\/vetements-one-piece\\\/sweats-one-piece\\\/sweat-one-piece-ace-sabo-et-luffy\\\/\"]}]},{\"@type\":\"ImageObject\",\"inLanguage\":\"de\",\"@id\":\"https:\\\/\\\/boutique-one-piece.com\\\/vetements-one-piece\\\/sweats-one-piece\\\/sweat-one-piece-ace-sabo-et-luffy\\\/#primaryimage\",\"url\":\"https:\\\/\\\/boutique-one-piece.com\\\/wp-content\\\/uploads\\\/2022\\\/09\\\/Sweat-One-Piece-Ace-Sabo-et-Luffy.jpg\",\"contentUrl\":\"https:\\\/\\\/boutique-one-piece.com\\\/wp-content\\\/uploads\\\/2022\\\/09\\\/Sweat-One-Piece-Ace-Sabo-et-Luffy.jpg\",\"width\":640,\"height\":640,\"caption\":\"Sweat One Piece Ace\"},{\"@type\":\"BreadcrumbList\",\"@id\":\"https:\\\/\\\/boutique-one-piece.com\\\/vetements-one-piece\\\/sweats-one-piece\\\/sweat-one-piece-ace-sabo-et-luffy\\\/#breadcrumb\",\"itemListElement\":[{\"@type\":\"ListItem\",\"position\":1,\"name\":\"Home\",\"item\":\"https:\\\/\\\/boutique-one-piece.com\\\/\"},{\"@type\":\"ListItem\",\"position\":2,\"name\":\"Shop\",\"item\":\"https:\\\/\\\/boutique-one-piece.com\\\/shop\\\/\"},{\"@type\":\"ListItem\",\"position\":3,\"name\":\"Sweat One Piece Ace, Sabo et Luffy\"}]},{\"@type\":\"WebSite\",\"@id\":\"https:\\\/\\\/boutique-one-piece.com\\\/#website\",\"url\":\"https:\\\/\\\/boutique-one-piece.com\\\/\",\"name\":\"Boutique One Piece\",\"description\":\"Magasin Sp\u00e9cialis\u00e9 du Manga et l&#039;Anime One Piece\",\"publisher\":{\"@id\":\"https:\\\/\\\/boutique-one-piece.com\\\/#organization\"},\"potentialAction\":[{\"@type\":\"SearchAction\",\"target\":{\"@type\":\"EntryPoint\",\"urlTemplate\":\"https:\\\/\\\/boutique-one-piece.com\\\/?s={search_term_string}\"},\"query-input\":{\"@type\":\"PropertyValueSpecification\",\"valueRequired\":true,\"valueName\":\"search_term_string\"}}],\"inLanguage\":\"de\"},{\"@type\":\"Organization\",\"@id\":\"https:\\\/\\\/boutique-one-piece.com\\\/#organization\",\"name\":\"Boutique One Piece\",\"url\":\"https:\\\/\\\/boutique-one-piece.com\\\/\",\"logo\":{\"@type\":\"ImageObject\",\"inLanguage\":\"de\",\"@id\":\"https:\\\/\\\/boutique-one-piece.com\\\/#\\\/schema\\\/logo\\\/image\\\/\",\"url\":\"https:\\\/\\\/boutique-one-piece.com\\\/wp-content\\\/uploads\\\/2022\\\/09\\\/Logo-01.png\",\"contentUrl\":\"https:\\\/\\\/boutique-one-piece.com\\\/wp-content\\\/uploads\\\/2022\\\/09\\\/Logo-01.png\",\"width\":2318,\"height\":957,\"caption\":\"Boutique One Piece\"},\"image\":{\"@id\":\"https:\\\/\\\/boutique-one-piece.com\\\/#\\\/schema\\\/logo\\\/image\\\/\"}}]}<\/script>\n<!-- \/ Yoast SEO plugin. -->","yoast_head_json":{"title":"One Piece Ace, Sabo und Ruffy Sweatshirt | One Piece Shop","description":"One Piece Langarm-Hoodie mit den drei Br\u00fcdern Sabo, Ace und Ruffy. Zeig deine Leidenschaft f\u00fcr die Welt der Piraten-Manga mit Stil.","robots":{"index":"index","follow":"follow","max-snippet":"max-snippet:-1","max-image-preview":"max-image-preview:large","max-video-preview":"max-video-preview:-1"},"canonical":"https:\/\/boutique-one-piece.com\/de\/einteilige-kleidung\/einteilige-sweatshirts\/one-piece-sweatshirt-ace-sabo-und-ruffy\/","og_locale":"de_DE","og_type":"article","og_title":"Sweat One Piece Ace, Sabo et Luffy | Boutique One Piece","og_description":"Sweat \u00e0 Capuche \u00e0 Manches Longues One Piece avec le Trio de Fr\u00e8res Sabo, Ace et Luffy, Partage ta Passion pour L'univers du Manga de Pirates avec Style","og_url":"https:\/\/boutique-one-piece.com\/de\/einteilige-kleidung\/einteilige-sweatshirts\/one-piece-sweatshirt-ace-sabo-und-ruffy\/","og_site_name":"Boutique One Piece","article_modified_time":"2025-09-11T01:30:15+00:00","og_image":[{"width":640,"height":640,"url":"https:\/\/boutique-one-piece.com\/wp-content\/uploads\/2022\/09\/Sweat-One-Piece-Ace-Sabo-et-Luffy.jpg","type":"image\/jpeg"}],"twitter_card":"summary_large_image","twitter_misc":{"Gesch\u00e4tzte Lesezeit":"2\u00a0Minuten"},"schema":{"@context":"https:\/\/schema.org","@graph":[{"@type":"WebPage","@id":"https:\/\/boutique-one-piece.com\/vetements-one-piece\/sweats-one-piece\/sweat-one-piece-ace-sabo-et-luffy\/","url":"https:\/\/boutique-one-piece.com\/vetements-one-piece\/sweats-one-piece\/sweat-one-piece-ace-sabo-et-luffy\/","name":"One Piece Ace, Sabo und Ruffy Sweatshirt | One Piece Shop","isPartOf":{"@id":"https:\/\/boutique-one-piece.com\/#website"},"primaryImageOfPage":{"@id":"https:\/\/boutique-one-piece.com\/vetements-one-piece\/sweats-one-piece\/sweat-one-piece-ace-sabo-et-luffy\/#primaryimage"},"image":{"@id":"https:\/\/boutique-one-piece.com\/vetements-one-piece\/sweats-one-piece\/sweat-one-piece-ace-sabo-et-luffy\/#primaryimage"},"thumbnailUrl":"https:\/\/boutique-one-piece.com\/wp-content\/uploads\/2022\/09\/Sweat-One-Piece-Ace-Sabo-et-Luffy.jpg","datePublished":"2022-09-27T21:01:48+00:00","dateModified":"2025-09-11T01:30:15+00:00","description":"One Piece Langarm-Hoodie mit den drei Br\u00fcdern Sabo, Ace und Ruffy. Zeig deine Leidenschaft f\u00fcr die Welt der Piraten-Manga mit Stil.","breadcrumb":{"@id":"https:\/\/boutique-one-piece.com\/vetements-one-piece\/sweats-one-piece\/sweat-one-piece-ace-sabo-et-luffy\/#breadcrumb"},"inLanguage":"de","potentialAction":[{"@type":"ReadAction","target":["https:\/\/boutique-one-piece.com\/vetements-one-piece\/sweats-one-piece\/sweat-one-piece-ace-sabo-et-luffy\/"]}]},{"@type":"ImageObject","inLanguage":"de","@id":"https:\/\/boutique-one-piece.com\/vetements-one-piece\/sweats-one-piece\/sweat-one-piece-ace-sabo-et-luffy\/#primaryimage","url":"https:\/\/boutique-one-piece.com\/wp-content\/uploads\/2022\/09\/Sweat-One-Piece-Ace-Sabo-et-Luffy.jpg","contentUrl":"https:\/\/boutique-one-piece.com\/wp-content\/uploads\/2022\/09\/Sweat-One-Piece-Ace-Sabo-et-Luffy.jpg","width":640,"height":640,"caption":"Sweat One Piece Ace"},{"@type":"BreadcrumbList","@id":"https:\/\/boutique-one-piece.com\/vetements-one-piece\/sweats-one-piece\/sweat-one-piece-ace-sabo-et-luffy\/#breadcrumb","itemListElement":[{"@type":"ListItem","position":1,"name":"Home","item":"https:\/\/boutique-one-piece.com\/"},{"@type":"ListItem","position":2,"name":"Shop","item":"https:\/\/boutique-one-piece.com\/shop\/"},{"@type":"ListItem","position":3,"name":"Sweat One Piece Ace, Sabo et Luffy"}]},{"@type":"WebSite","@id":"https:\/\/boutique-one-piece.com\/#website","url":"https:\/\/boutique-one-piece.com\/","name":"One Piece Shop","description":"Fachgesch\u00e4ft f\u00fcr One Piece Manga und Anime","publisher":{"@id":"https:\/\/boutique-one-piece.com\/#organization"},"potentialAction":[{"@type":"SearchAction","target":{"@type":"EntryPoint","urlTemplate":"https:\/\/boutique-one-piece.com\/?s={search_term_string}"},"query-input":{"@type":"PropertyValueSpecification","valueRequired":true,"valueName":"search_term_string"}}],"inLanguage":"de"},{"@type":"Organization","@id":"https:\/\/boutique-one-piece.com\/#organization","name":"One Piece Shop","url":"https:\/\/boutique-one-piece.com\/","logo":{"@type":"ImageObject","inLanguage":"de","@id":"https:\/\/boutique-one-piece.com\/#\/schema\/logo\/image\/","url":"https:\/\/boutique-one-piece.com\/wp-content\/uploads\/2022\/09\/Logo-01.png","contentUrl":"https:\/\/boutique-one-piece.com\/wp-content\/uploads\/2022\/09\/Logo-01.png","width":2318,"height":957,"caption":"Boutique One Piece"},"image":{"@id":"https:\/\/boutique-one-piece.com\/#\/schema\/logo\/image\/"}}]}},"_links":{"self":[{"href":"https:\/\/boutique-one-piece.com\/de\/wp-json\/wp\/v2\/product\/13251","targetHints":{"allow":["GET"]}}],"collection":[{"href":"https:\/\/boutique-one-piece.com\/de\/wp-json\/wp\/v2\/product"}],"about":[{"href":"https:\/\/boutique-one-piece.com\/de\/wp-json\/wp\/v2\/types\/product"}],"replies":[{"embeddable":true,"href":"https:\/\/boutique-one-piece.com\/de\/wp-json\/wp\/v2\/comments?post=13251"}],"wp:featuredmedia":[{"embeddable":true,"href":"https:\/\/boutique-one-piece.com\/de\/wp-json\/wp\/v2\/media\/13253"}],"wp:attachment":[{"href":"https:\/\/boutique-one-piece.com\/de\/wp-json\/wp\/v2\/media?parent=13251"}],"wp:term":[{"taxonomy":"product_brand","embeddable":true,"href":"https:\/\/boutique-one-piece.com\/de\/wp-json\/wp\/v2\/product_brand?post=13251"},{"taxonomy":"product_cat","embeddable":true,"href":"https:\/\/boutique-one-piece.com\/de\/wp-json\/wp\/v2\/product_cat?post=13251"},{"taxonomy":"product_tag","embeddable":true,"href":"https:\/\/boutique-one-piece.com\/de\/wp-json\/wp\/v2\/product_tag?post=13251"}],"curies":[{"name":"wp","href":"https:\/\/api.w.org\/{rel}","templated":true}]}}