{"id":13340,"date":"2022-09-27T21:02:29","date_gmt":"2022-09-27T21:02:29","guid":{"rendered":"https:\/\/boutique-one-piece.com\/uncategorized\/avis-de-recherche-gekko-moria-wanted\/"},"modified":"2024-09-16T13:14:34","modified_gmt":"2024-09-16T13:14:34","slug":"gesucht-gekko-moria","status":"publish","type":"product","link":"https:\/\/boutique-one-piece.com\/de\/steckbrief-aus-one-piece\/gesucht-gekko-moria\/","title":{"rendered":"Gesucht: Gekko Moria"},"content":{"rendered":"<h2>M\u00f6chtest du deinem Zimmer eine d\u00fcstere und stimmungsvolle Atmosph\u00e4re verleihen und gleichzeitig deiner Leidenschaft f\u00fcr Manga treu bleiben? Dann ist dieses Gekko Moria Wanted Poster genau das Richtige f\u00fcr dich.<\/h2>\n<p>Gekko Moria (je nach \u00dcbersetzung auch Gecko Moria genannt) ist ein <strong>ehemaliger Shichibukai<\/strong>, qui sont des pirates ayant choisis de se rallier \u00e0 la Marine pour leur fournir de l\u2019aide, tout en pouvant continuer de faire leurs activit\u00e9s. C\u2019est l\u2019antagoniste principal de l\u2019arc <strong>Thriller Bark<\/strong>. Dieser Handlungsbogen war bei den Fans aufgrund seines d\u00fcsteren Universums und der an Halloween erinnernden Thematik mit Skeletten und Zombies einer der beliebtesten.<\/p>\n<p>Moria a\u00df die Frucht des<strong> Kage Kage no mi<\/strong>, qui lui permet de voler des ombres et de les attribuer \u00e0 d\u2019autres personnes, ou de les absorber directement pour grandir et devenir plus puissant. Il est \u00e0 noter qu\u2019une personne sans ombre ne peut directement aller \u00e0 la lumi\u00e8re du soleil, sinon elle est dissoute, comme le serait un vampire.<\/p>\n<h3>Donne un air myst\u00e9rieux \u00e0 ta chambre en d\u00e9corant ses murs \u00e0 l\u2019aide d\u2019un avis de recherche d\u2019un pirate \u00e0 l\u2019allure tr\u00e8s originale.<\/h3>\n<p>Gekko Moria est un personnage attachant malgr\u00e9 sa m\u00e9chancet\u00e9 apparente. Quand son \u00e9quipage f\u00fbt tu\u00e9 par Kaido, Moria d\u00e9cide de se faire une arm\u00e9e de zombie car ils sont immortels. Il fait ce choix parce qu\u2019il ne veut plus perdre ses subordonn\u00e9s.<\/p>\n<p>Dort <strong>Haupt<\/strong> Gekko Morias Kopfgeld betr\u00e4gt 320 Millionen Berry.<\/p>\n<p>Wenn Ihnen unsere Boni gefallen, sollte Ihnen das hier auch gefallen. <a href=\"https:\/\/boutique-one-piece.com\/de\/steckbrief-aus-one-piece\/produkte\/one-piece-gold-roger-steckbrief\/\" target=\"_blank\" title=\"Steckbrief von Gold Roger\" rel=\"noopener noreferrer\">Steckbrief von Gold Roger<\/a>.<\/p>\n<h2>Informations sur l\u2019Affiche One Piece Wanted Gekko Moria<\/h2>\n<ul>\n<li><span><b><u>One Piece Steckbrief<\/u><\/b>\u00a0: v\u00e9ritable Avis De Recherche de l\u2019univers One Piece pour les vrais pirates<\/span><\/li>\n<\/ul>\n<ul>\n<li>\n<b><u>Gekko Morias Kopfgeld<\/u><\/b>\u00a0320.000.000 Beeren<\/li>\n<\/ul>\n<ul>\n<li><span><strong>Hochwertiger Druck<\/strong>\u00a0akkurate Farben<\/span><\/li>\n<\/ul>\n<ul>\n<li>\n<strong>Dimension<\/strong>\u00a0: 51 cm x 36 cm<\/li>\n<\/ul>\n<ul>\n<li><span><strong>KOSTENLOSE LIEFERUNG<\/strong><\/span><\/li>\n<\/ul>","protected":false},"excerpt":{"rendered":"<p>M\u00f6chtest du deinem Zimmer eine d\u00fcstere, kantige Atmosph\u00e4re verleihen und gleichzeitig deine Leidenschaft f\u00fcr Manga ausleben? Dann ist dieses Gekko Moria Steckbrief-Poster genau das Richtige f\u00fcr dich. Gekko Moria (in manchen \u00dcbersetzungen auch Gecko Moria genannt) ist ein ehemaliges Mitglied der Samurai der Meere, einer Piratenbande, die sich entschied, [\u2026]<\/p>","protected":false},"featured_media":13342,"comment_status":"open","ping_status":"open","template":"","meta":[],"product_brand":[],"product_cat":[171],"product_tag":[],"class_list":{"0":"post-13340","1":"product","2":"type-product","3":"status-publish","4":"has-post-thumbnail","6":"product_cat-avis-de-recherche-one-piece","8":"first","9":"instock","10":"purchasable","11":"product-type-simple"},"yoast_head":"<!-- This site is optimized with the Yoast SEO plugin v27.5 - https:\/\/yoast.com\/product\/yoast-seo-wordpress\/ -->\n<title>Avis De Recherche Gekko Moria Wanted | D\u00e9coration One Piece \u2013 Boutique One Piece<\/title>\n<meta name=\"description\" content=\"Tu veux donner un allant sombre \u00e0 ta chambre tout en restant dans ta passion du manga ? Dans ce cas, cet Avis de Recherche Gekko Moria Wanted est fait sur mesure pour toi. Gekko Moria (\u00e9galement appel\u00e9 Gecko Moria selon les traductions) est un ancien Shichibukai, qui sont des pirates ayant choisis de se rallier \u00e0 la Ma\" \/>\n<meta name=\"robots\" content=\"index, follow, max-snippet:-1, max-image-preview:large, max-video-preview:-1\" \/>\n<link rel=\"canonical\" href=\"https:\/\/boutique-one-piece.com\/de\/steckbrief-aus-one-piece\/gesucht-gekko-moria\/\" \/>\n<meta property=\"og:locale\" content=\"de_DE\" \/>\n<meta property=\"og:type\" content=\"article\" \/>\n<meta property=\"og:title\" content=\"Avis De Recherche Gekko Moria Wanted | D\u00e9coration One Piece \u2013 Boutique One Piece\" \/>\n<meta property=\"og:description\" content=\"Tu veux donner un allant sombre \u00e0 ta chambre tout en restant dans ta passion du manga ? Dans ce cas, cet Avis de Recherche Gekko Moria Wanted est fait sur mesure pour toi. Gekko Moria (\u00e9galement appel\u00e9 Gecko Moria selon les traductions) est un ancien Shichibukai, qui sont des pirates ayant choisis de se rallier \u00e0 la Ma\" \/>\n<meta property=\"og:url\" content=\"https:\/\/boutique-one-piece.com\/de\/steckbrief-aus-one-piece\/gesucht-gekko-moria\/\" \/>\n<meta property=\"og:site_name\" content=\"Boutique One Piece\" \/>\n<meta property=\"article:modified_time\" content=\"2024-09-16T13:14:34+00:00\" \/>\n<meta property=\"og:image\" content=\"https:\/\/boutique-one-piece.com\/wp-content\/uploads\/2022\/09\/Avis-De-Recherche-Gekko-Moria-Wanted-1.jpg\" \/>\n\t<meta property=\"og:image:width\" content=\"800\" \/>\n\t<meta property=\"og:image:height\" content=\"800\" \/>\n\t<meta property=\"og:image:type\" content=\"image\/jpeg\" \/>\n<meta name=\"twitter:card\" content=\"summary_large_image\" \/>\n<meta name=\"twitter:label1\" content=\"Gesch\u00e4tzte Lesezeit\" \/>\n\t<meta name=\"twitter:data1\" content=\"2\u00a0Minuten\" \/>\n<script type=\"application\/ld+json\" class=\"yoast-schema-graph\">{\"@context\":\"https:\\\/\\\/schema.org\",\"@graph\":[{\"@type\":\"WebPage\",\"@id\":\"https:\\\/\\\/boutique-one-piece.com\\\/avis-de-recherche-one-piece\\\/avis-de-recherche-gekko-moria-wanted\\\/\",\"url\":\"https:\\\/\\\/boutique-one-piece.com\\\/avis-de-recherche-one-piece\\\/avis-de-recherche-gekko-moria-wanted\\\/\",\"name\":\"Avis De Recherche Gekko Moria Wanted | D\u00e9coration One Piece \u2013 Boutique One Piece\",\"isPartOf\":{\"@id\":\"https:\\\/\\\/boutique-one-piece.com\\\/#website\"},\"primaryImageOfPage\":{\"@id\":\"https:\\\/\\\/boutique-one-piece.com\\\/avis-de-recherche-one-piece\\\/avis-de-recherche-gekko-moria-wanted\\\/#primaryimage\"},\"image\":{\"@id\":\"https:\\\/\\\/boutique-one-piece.com\\\/avis-de-recherche-one-piece\\\/avis-de-recherche-gekko-moria-wanted\\\/#primaryimage\"},\"thumbnailUrl\":\"https:\\\/\\\/boutique-one-piece.com\\\/wp-content\\\/uploads\\\/2022\\\/09\\\/Avis-De-Recherche-Gekko-Moria-Wanted-1.jpg\",\"datePublished\":\"2022-09-27T21:02:29+00:00\",\"dateModified\":\"2024-09-16T13:14:34+00:00\",\"description\":\"Tu veux donner un allant sombre \u00e0 ta chambre tout en restant dans ta passion du manga ? Dans ce cas, cet Avis de Recherche Gekko Moria Wanted est fait sur mesure pour toi. Gekko Moria (\u00e9galement appel\u00e9 Gecko Moria selon les traductions) est un ancien Shichibukai, qui sont des pirates ayant choisis de se rallier \u00e0 la Ma\",\"breadcrumb\":{\"@id\":\"https:\\\/\\\/boutique-one-piece.com\\\/avis-de-recherche-one-piece\\\/avis-de-recherche-gekko-moria-wanted\\\/#breadcrumb\"},\"inLanguage\":\"de\",\"potentialAction\":[{\"@type\":\"ReadAction\",\"target\":[\"https:\\\/\\\/boutique-one-piece.com\\\/avis-de-recherche-one-piece\\\/avis-de-recherche-gekko-moria-wanted\\\/\"]}]},{\"@type\":\"ImageObject\",\"inLanguage\":\"de\",\"@id\":\"https:\\\/\\\/boutique-one-piece.com\\\/avis-de-recherche-one-piece\\\/avis-de-recherche-gekko-moria-wanted\\\/#primaryimage\",\"url\":\"https:\\\/\\\/boutique-one-piece.com\\\/wp-content\\\/uploads\\\/2022\\\/09\\\/Avis-De-Recherche-Gekko-Moria-Wanted-1.jpg\",\"contentUrl\":\"https:\\\/\\\/boutique-one-piece.com\\\/wp-content\\\/uploads\\\/2022\\\/09\\\/Avis-De-Recherche-Gekko-Moria-Wanted-1.jpg\",\"width\":800,\"height\":800},{\"@type\":\"BreadcrumbList\",\"@id\":\"https:\\\/\\\/boutique-one-piece.com\\\/avis-de-recherche-one-piece\\\/avis-de-recherche-gekko-moria-wanted\\\/#breadcrumb\",\"itemListElement\":[{\"@type\":\"ListItem\",\"position\":1,\"name\":\"Home\",\"item\":\"https:\\\/\\\/boutique-one-piece.com\\\/\"},{\"@type\":\"ListItem\",\"position\":2,\"name\":\"Shop\",\"item\":\"https:\\\/\\\/boutique-one-piece.com\\\/shop\\\/\"},{\"@type\":\"ListItem\",\"position\":3,\"name\":\"Avis De Recherche Gekko Moria Wanted\"}]},{\"@type\":\"WebSite\",\"@id\":\"https:\\\/\\\/boutique-one-piece.com\\\/#website\",\"url\":\"https:\\\/\\\/boutique-one-piece.com\\\/\",\"name\":\"Boutique One Piece\",\"description\":\"Magasin Sp\u00e9cialis\u00e9 du Manga et l&#039;Anime One Piece\",\"publisher\":{\"@id\":\"https:\\\/\\\/boutique-one-piece.com\\\/#organization\"},\"potentialAction\":[{\"@type\":\"SearchAction\",\"target\":{\"@type\":\"EntryPoint\",\"urlTemplate\":\"https:\\\/\\\/boutique-one-piece.com\\\/?s={search_term_string}\"},\"query-input\":{\"@type\":\"PropertyValueSpecification\",\"valueRequired\":true,\"valueName\":\"search_term_string\"}}],\"inLanguage\":\"de\"},{\"@type\":\"Organization\",\"@id\":\"https:\\\/\\\/boutique-one-piece.com\\\/#organization\",\"name\":\"Boutique One Piece\",\"url\":\"https:\\\/\\\/boutique-one-piece.com\\\/\",\"logo\":{\"@type\":\"ImageObject\",\"inLanguage\":\"de\",\"@id\":\"https:\\\/\\\/boutique-one-piece.com\\\/#\\\/schema\\\/logo\\\/image\\\/\",\"url\":\"https:\\\/\\\/boutique-one-piece.com\\\/wp-content\\\/uploads\\\/2022\\\/09\\\/Logo-01.png\",\"contentUrl\":\"https:\\\/\\\/boutique-one-piece.com\\\/wp-content\\\/uploads\\\/2022\\\/09\\\/Logo-01.png\",\"width\":2318,\"height\":957,\"caption\":\"Boutique One Piece\"},\"image\":{\"@id\":\"https:\\\/\\\/boutique-one-piece.com\\\/#\\\/schema\\\/logo\\\/image\\\/\"}}]}<\/script>\n<!-- \/ Yoast SEO plugin. -->","yoast_head_json":{"title":"Gekko Moria Steckbrief | One Piece Dekoration \u2013 One Piece Shop","description":"M\u00f6chtest du deinem Zimmer eine d\u00fcstere, kantige Atmosph\u00e4re verleihen und gleichzeitig deine Leidenschaft f\u00fcr Manga ausleben? Dann ist dieses Gekko Moria Steckbrief-Poster genau das Richtige f\u00fcr dich. Gekko Moria (in manchen \u00dcbersetzungen auch Gecko Moria genannt) ist ein ehemaliges Mitglied der Samurai der Meere, einer Piratenbande, die sich den Ma&#039;ami anschloss.","robots":{"index":"index","follow":"follow","max-snippet":"max-snippet:-1","max-image-preview":"max-image-preview:large","max-video-preview":"max-video-preview:-1"},"canonical":"https:\/\/boutique-one-piece.com\/de\/steckbrief-aus-one-piece\/gesucht-gekko-moria\/","og_locale":"de_DE","og_type":"article","og_title":"Avis De Recherche Gekko Moria Wanted | D\u00e9coration One Piece \u2013 Boutique One Piece","og_description":"Tu veux donner un allant sombre \u00e0 ta chambre tout en restant dans ta passion du manga ? Dans ce cas, cet Avis de Recherche Gekko Moria Wanted est fait sur mesure pour toi. Gekko Moria (\u00e9galement appel\u00e9 Gecko Moria selon les traductions) est un ancien Shichibukai, qui sont des pirates ayant choisis de se rallier \u00e0 la Ma","og_url":"https:\/\/boutique-one-piece.com\/de\/steckbrief-aus-one-piece\/gesucht-gekko-moria\/","og_site_name":"Boutique One Piece","article_modified_time":"2024-09-16T13:14:34+00:00","og_image":[{"width":800,"height":800,"url":"https:\/\/boutique-one-piece.com\/wp-content\/uploads\/2022\/09\/Avis-De-Recherche-Gekko-Moria-Wanted-1.jpg","type":"image\/jpeg"}],"twitter_card":"summary_large_image","twitter_misc":{"Gesch\u00e4tzte Lesezeit":"2\u00a0Minuten"},"schema":{"@context":"https:\/\/schema.org","@graph":[{"@type":"WebPage","@id":"https:\/\/boutique-one-piece.com\/avis-de-recherche-one-piece\/avis-de-recherche-gekko-moria-wanted\/","url":"https:\/\/boutique-one-piece.com\/avis-de-recherche-one-piece\/avis-de-recherche-gekko-moria-wanted\/","name":"Gekko Moria Steckbrief | One Piece Dekoration \u2013 One Piece Shop","isPartOf":{"@id":"https:\/\/boutique-one-piece.com\/#website"},"primaryImageOfPage":{"@id":"https:\/\/boutique-one-piece.com\/avis-de-recherche-one-piece\/avis-de-recherche-gekko-moria-wanted\/#primaryimage"},"image":{"@id":"https:\/\/boutique-one-piece.com\/avis-de-recherche-one-piece\/avis-de-recherche-gekko-moria-wanted\/#primaryimage"},"thumbnailUrl":"https:\/\/boutique-one-piece.com\/wp-content\/uploads\/2022\/09\/Avis-De-Recherche-Gekko-Moria-Wanted-1.jpg","datePublished":"2022-09-27T21:02:29+00:00","dateModified":"2024-09-16T13:14:34+00:00","description":"M\u00f6chtest du deinem Zimmer eine d\u00fcstere, kantige Atmosph\u00e4re verleihen und gleichzeitig deine Leidenschaft f\u00fcr Manga ausleben? Dann ist dieses Gekko Moria Steckbrief-Poster genau das Richtige f\u00fcr dich. Gekko Moria (in manchen \u00dcbersetzungen auch Gecko Moria genannt) ist ein ehemaliges Mitglied der Samurai der Meere, einer Piratenbande, die sich den Ma&#039;ami anschloss.","breadcrumb":{"@id":"https:\/\/boutique-one-piece.com\/avis-de-recherche-one-piece\/avis-de-recherche-gekko-moria-wanted\/#breadcrumb"},"inLanguage":"de","potentialAction":[{"@type":"ReadAction","target":["https:\/\/boutique-one-piece.com\/avis-de-recherche-one-piece\/avis-de-recherche-gekko-moria-wanted\/"]}]},{"@type":"ImageObject","inLanguage":"de","@id":"https:\/\/boutique-one-piece.com\/avis-de-recherche-one-piece\/avis-de-recherche-gekko-moria-wanted\/#primaryimage","url":"https:\/\/boutique-one-piece.com\/wp-content\/uploads\/2022\/09\/Avis-De-Recherche-Gekko-Moria-Wanted-1.jpg","contentUrl":"https:\/\/boutique-one-piece.com\/wp-content\/uploads\/2022\/09\/Avis-De-Recherche-Gekko-Moria-Wanted-1.jpg","width":800,"height":800},{"@type":"BreadcrumbList","@id":"https:\/\/boutique-one-piece.com\/avis-de-recherche-one-piece\/avis-de-recherche-gekko-moria-wanted\/#breadcrumb","itemListElement":[{"@type":"ListItem","position":1,"name":"Home","item":"https:\/\/boutique-one-piece.com\/"},{"@type":"ListItem","position":2,"name":"Shop","item":"https:\/\/boutique-one-piece.com\/shop\/"},{"@type":"ListItem","position":3,"name":"Avis De Recherche Gekko Moria Wanted"}]},{"@type":"WebSite","@id":"https:\/\/boutique-one-piece.com\/#website","url":"https:\/\/boutique-one-piece.com\/","name":"One Piece Shop","description":"Fachgesch\u00e4ft f\u00fcr One Piece Manga und Anime","publisher":{"@id":"https:\/\/boutique-one-piece.com\/#organization"},"potentialAction":[{"@type":"SearchAction","target":{"@type":"EntryPoint","urlTemplate":"https:\/\/boutique-one-piece.com\/?s={search_term_string}"},"query-input":{"@type":"PropertyValueSpecification","valueRequired":true,"valueName":"search_term_string"}}],"inLanguage":"de"},{"@type":"Organization","@id":"https:\/\/boutique-one-piece.com\/#organization","name":"One Piece Shop","url":"https:\/\/boutique-one-piece.com\/","logo":{"@type":"ImageObject","inLanguage":"de","@id":"https:\/\/boutique-one-piece.com\/#\/schema\/logo\/image\/","url":"https:\/\/boutique-one-piece.com\/wp-content\/uploads\/2022\/09\/Logo-01.png","contentUrl":"https:\/\/boutique-one-piece.com\/wp-content\/uploads\/2022\/09\/Logo-01.png","width":2318,"height":957,"caption":"Boutique One Piece"},"image":{"@id":"https:\/\/boutique-one-piece.com\/#\/schema\/logo\/image\/"}}]}},"_links":{"self":[{"href":"https:\/\/boutique-one-piece.com\/de\/wp-json\/wp\/v2\/product\/13340","targetHints":{"allow":["GET"]}}],"collection":[{"href":"https:\/\/boutique-one-piece.com\/de\/wp-json\/wp\/v2\/product"}],"about":[{"href":"https:\/\/boutique-one-piece.com\/de\/wp-json\/wp\/v2\/types\/product"}],"replies":[{"embeddable":true,"href":"https:\/\/boutique-one-piece.com\/de\/wp-json\/wp\/v2\/comments?post=13340"}],"wp:featuredmedia":[{"embeddable":true,"href":"https:\/\/boutique-one-piece.com\/de\/wp-json\/wp\/v2\/media\/13342"}],"wp:attachment":[{"href":"https:\/\/boutique-one-piece.com\/de\/wp-json\/wp\/v2\/media?parent=13340"}],"wp:term":[{"taxonomy":"product_brand","embeddable":true,"href":"https:\/\/boutique-one-piece.com\/de\/wp-json\/wp\/v2\/product_brand?post=13340"},{"taxonomy":"product_cat","embeddable":true,"href":"https:\/\/boutique-one-piece.com\/de\/wp-json\/wp\/v2\/product_cat?post=13340"},{"taxonomy":"product_tag","embeddable":true,"href":"https:\/\/boutique-one-piece.com\/de\/wp-json\/wp\/v2\/product_tag?post=13340"}],"curies":[{"name":"wp","href":"https:\/\/api.w.org\/{rel}","templated":true}]}}